{"id":35729,"date":"2021-10-29T20:50:15","date_gmt":"2021-10-29T18:50:15","guid":{"rendered":"https:\/\/waterair-preprod2.adipso.fr\/boden"},"modified":"2022-06-27T11:13:55","modified_gmt":"2022-06-27T09:13:55","slug":"boden","status":"publish","type":"page","link":"https:\/\/www.waterair.com\/at\/tipps\/boden","title":{"rendered":"Pool-Gel\u00e4nde: Ein Waterair-Pool f\u00fcr jedes Terrain"},"content":{"rendered":"<div class=\"container block--core-paragraph\"><div class=\"row\"><div class=\"col-12 \">\n<p>Dank seiner patentierten <a href=\"https:\/\/www.waterair.com\/at\/das-unternehmen\/beckenwand-waterair\">Wells<\/a><a href=\"https:\/\/www.waterair.com\/at\/das-unternehmen\/beckenwand-waterair\">tahl-Platten<\/a>-Technologie eignen sich die Waterair Pools f\u00fcr alle Gel\u00e4ndearten. Ob linear oder steil, flach, eben, terrassenartig abfallend oder stark absch\u00fcssig, unter unseren Modellen finden Sie den Pool, der sich den Formen Ihres Gartens anpasst. Nach Ma\u00df &#8211; Ihr Pool l\u00e4sst sich nach Ihren W\u00fcnschen individuell gestalten. Sie k\u00f6nnen alles w\u00e4hlen: die Form, den Boden, die Treppe und die Ausstattung. Wie auch immer Ihr Garten strukturiert ist, unsere Pools eignen sich f\u00fcr jedes Gel\u00e4nde!<\/p>\n<\/div><\/div><\/div>\n\n<div  class=\"block-links  content-block\">\n\t\t\t\t\t\t\t\t<div data-wa=\"fade-up\" data-wa-delay=\"300\" class=\"content-block__slider splide\" data-splide>\n\t\t\t\t<div class=\"splide__track\">\n\t\t\t\t\t<div class=\"splide__list\">\n\t\t\t\t\t\t\t\t\t\t\t\t\t\t\t\t\t\t\t\t\t<a data-wa=\"fade-up\" href=\"https:\/\/www.waterair.com\/at\/tipps\/boden\/pool-fur-den-kleinen-garten\" class=\"item-card is-size-card splide__slide \">\n\t<div class=\"item-card__infos item-card__infos--simple\">\n\t\t<h3 class=\"item-card__title mb-0 c-white\">Pool f\u00fcr den kleinen Garten<\/h3>\n\t\t\t<\/div>\n\t\t<img loading=\"lazy\" decoding=\"async\" width=\"540\" height=\"540\" src=\"https:\/\/www.waterair.com\/wp-content\/uploads\/2023\/06\/header-lp-basse-conso-offerte-540x540.webp\" class=\"attachment-card size-card\" alt=\"piscine rectangle enterr\u00e9e\" srcset=\"https:\/\/www.waterair.com\/wp-content\/uploads\/2023\/06\/header-lp-basse-conso-offerte-540x540.webp 540w, https:\/\/www.waterair.com\/wp-content\/uploads\/2023\/06\/header-lp-basse-conso-offerte-1080x1080.webp 1080w, https:\/\/www.waterair.com\/wp-content\/uploads\/2023\/06\/header-lp-basse-conso-offerte-480x480.webp 480w, https:\/\/www.waterair.com\/wp-content\/uploads\/2023\/06\/header-lp-basse-conso-offerte-240x240.webp 240w, https:\/\/www.waterair.com\/wp-content\/uploads\/2023\/06\/header-lp-basse-conso-offerte-150x150.webp 150w, https:\/\/www.waterair.com\/wp-content\/uploads\/2023\/06\/header-lp-basse-conso-offerte-75x75.webp 75w, https:\/\/www.waterair.com\/wp-content\/uploads\/2023\/06\/header-lp-basse-conso-offerte-780x780.webp 780w, https:\/\/www.waterair.com\/wp-content\/uploads\/2023\/06\/header-lp-basse-conso-offerte-390x390.webp 390w, https:\/\/www.waterair.com\/wp-content\/uploads\/2023\/06\/header-lp-basse-conso-offerte-320x320.webp 320w, https:\/\/www.waterair.com\/wp-content\/uploads\/2023\/06\/header-lp-basse-conso-offerte-160x160.webp 160w\" sizes=\"auto, (max-width: 540px) 100vw, 540px\" \/><\/a>\t\t\t\t\t\t\t\t\t\t\t\t\t\t\t\t\t\t\t\t\t\t\t\t\t\t\t\t<a data-wa=\"fade-up\" href=\"https:\/\/www.waterair.com\/at\/tipps\/boden\/bau-eines-pools-hanglage\" class=\"item-card is-size-card splide__slide \">\n\t<div class=\"item-card__infos item-card__infos--simple\">\n\t\t<h3 class=\"item-card__title mb-0 c-white\">Pool in Hanglage<\/h3>\n\t\t\t<\/div>\n\t\t<img loading=\"lazy\" decoding=\"async\" width=\"540\" height=\"540\" src=\"https:\/\/www.waterair.com\/wp-content\/uploads\/2025\/12\/rectangle-pente-plage-bois-540x540.webp\" class=\"attachment-card size-card\" alt=\"piscine rectangle pente plage bois\" srcset=\"https:\/\/www.waterair.com\/wp-content\/uploads\/2025\/12\/rectangle-pente-plage-bois-540x540.webp 540w, https:\/\/www.waterair.com\/wp-content\/uploads\/2025\/12\/rectangle-pente-plage-bois-1080x1080.webp 1080w, https:\/\/www.waterair.com\/wp-content\/uploads\/2025\/12\/rectangle-pente-plage-bois-480x480.webp 480w, https:\/\/www.waterair.com\/wp-content\/uploads\/2025\/12\/rectangle-pente-plage-bois-240x240.webp 240w, https:\/\/www.waterair.com\/wp-content\/uploads\/2025\/12\/rectangle-pente-plage-bois-150x150.webp 150w, https:\/\/www.waterair.com\/wp-content\/uploads\/2025\/12\/rectangle-pente-plage-bois-75x75.webp 75w, https:\/\/www.waterair.com\/wp-content\/uploads\/2025\/12\/rectangle-pente-plage-bois-780x780.webp 780w, https:\/\/www.waterair.com\/wp-content\/uploads\/2025\/12\/rectangle-pente-plage-bois-390x390.webp 390w, https:\/\/www.waterair.com\/wp-content\/uploads\/2025\/12\/rectangle-pente-plage-bois-320x320.webp 320w, https:\/\/www.waterair.com\/wp-content\/uploads\/2025\/12\/rectangle-pente-plage-bois-160x160.webp 160w\" sizes=\"auto, (max-width: 540px) 100vw, 540px\" \/><\/a>\t\t\t\t\t\t\t\t\t\t\t\t\t\t\t\t\t\t<\/div>\n\t\t\t\t<\/div>\n\t\t\t<\/div>\n\t\t\t\t\t<\/div>\n\n<div  class=\"block-links  content-block\">\n\t\t\t\t\t\t\t\t<div data-wa=\"fade-up\" data-wa-delay=\"300\" class=\"content-block__slider splide\" data-splide>\n\t\t\t\t<div class=\"splide__track\">\n\t\t\t\t\t<div class=\"splide__list\">\n\t\t\t\t\t\t\t\t\t\t\t\t\t\t\t\t\t\t\t\t\t<a data-wa=\"fade-up\" href=\"https:\/\/www.waterair.com\/at\/tipps\/pool-ausstattung\" class=\"item-card is-size-card splide__slide has-description\">\n\t<div class=\"item-card__infos item-card__infos--simple\">\n\t\t<h3 class=\"item-card__title mb-0 c-white\">Inspiration zur Gestaltung des Poolbereichs<\/h3>\n\t\t\t\t\t\t\t\t\t<div class=\"item-card__description mb-0\">Der Garten erh\u00e4lt einen ganz besonderen Charakter. Sie k\u00f6nnen spielen, sich entspannen oder einfach das Zusammensein mit der Familie genie\u00dfen. Mit der Installation eines Pools bringen Sie mehr Komfort und Wohlbefinden in Ihren Alltag. Genau deshalb sollte die Gestaltung Ihrer Poollandschaft sorgf\u00e4ltig durchdacht werden. Die Form Ihres Pools, seine Gr\u00f6\u00dfe, das Dekor: Sie haben freie Auswahl.<\/div>\n\t\t\t\t\t\t<\/div>\n\t\t<img loading=\"lazy\" decoding=\"async\" width=\"540\" height=\"540\" src=\"https:\/\/www.waterair.com\/wp-content\/uploads\/2021\/11\/deco-piscine-540x540.jpg\" class=\"attachment-card size-card\" alt=\"Qu\u00e9 dise\u00f1o para mi piscina\" srcset=\"https:\/\/www.waterair.com\/wp-content\/uploads\/2021\/11\/deco-piscine-540x540.jpg 540w, https:\/\/www.waterair.com\/wp-content\/uploads\/2021\/11\/deco-piscine-1080x1080.jpg 1080w, https:\/\/www.waterair.com\/wp-content\/uploads\/2021\/11\/deco-piscine-480x480.jpg 480w, https:\/\/www.waterair.com\/wp-content\/uploads\/2021\/11\/deco-piscine-240x240.jpg 240w, https:\/\/www.waterair.com\/wp-content\/uploads\/2021\/11\/deco-piscine-150x150.jpg 150w, https:\/\/www.waterair.com\/wp-content\/uploads\/2021\/11\/deco-piscine-75x75.jpg 75w, https:\/\/www.waterair.com\/wp-content\/uploads\/2021\/11\/deco-piscine-780x780.jpg 780w, https:\/\/www.waterair.com\/wp-content\/uploads\/2021\/11\/deco-piscine-390x390.jpg 390w, https:\/\/www.waterair.com\/wp-content\/uploads\/2021\/11\/deco-piscine-320x320.jpg 320w, https:\/\/www.waterair.com\/wp-content\/uploads\/2021\/11\/deco-piscine-160x160.jpg 160w\" sizes=\"auto, (max-width: 540px) 100vw, 540px\" \/><\/a>\t\t\t\t\t\t\t\t\t\t\t\t\t\t\t\t\t\t<\/div>\n\t\t\t\t<\/div>\n\t\t\t<\/div>\n\t\t\t\t\t<\/div>","protected":false},"excerpt":{"rendered":"<p>Dank seiner patentierten Wellstahl-Platten-Technologie eignen sich die Waterair Pools f\u00fcr alle Gel\u00e4ndearten. Ob linear oder steil, flach, eben, terrassenartig abfallend oder stark absch\u00fcssig, unter unseren Modellen finden Sie den Pool, der sich den Formen Ihres Gartens anpasst. Nach Ma\u00df &#8211; Ihr Pool l\u00e4sst sich nach Ihren W\u00fcnschen individuell gestalten. Sie k\u00f6nnen alles w\u00e4hlen: die Form, [&hellip;]<\/p>\n","protected":false},"author":1,"featured_media":54794,"parent":33258,"menu_order":0,"comment_status":"closed","ping_status":"closed","template":"","meta":{"_acf_changed":false,"om_disable_all_campaigns":false,"footnotes":""},"class_list":["post-35729","page","type-page","status-publish","has-post-thumbnail","hentry"],"acf":[],"yoast_head":"<!-- This site is optimized with the Yoast SEO Premium plugin v25.4 (Yoast SEO v27.2) - https:\/\/yoast.com\/product\/yoast-seo-premium-wordpress\/ -->\n<title>Pool-Gel\u00e4nde - Ihr Pool f\u00fcr jedes Gel\u00e4nde | Waterair Pools<\/title>\n<meta name=\"description\" content=\"Ihr Gel\u00e4nde ist absch\u00fcssig, stark absch\u00fcssig oder terrassenartig abfallend? Geben Sie Ihr Poolprojekt nicht auf! Entdecken Sie die L\u00f6sungen von Schwimmb\u00e4der Waterair f\u00fcr alle Gel\u00e4ndearten.\" \/>\n<meta name=\"robots\" content=\"index, follow, max-snippet:-1, max-image-preview:large, max-video-preview:-1\" \/>\n<link rel=\"canonical\" href=\"https:\/\/www.waterair.com\/at\/tipps\/boden\" \/>\n<meta property=\"og:locale\" content=\"de_DE\" \/>\n<meta property=\"og:type\" content=\"article\" \/>\n<meta property=\"og:title\" content=\"Pool-Gel\u00e4nde: Ein Waterair-Pool f\u00fcr jedes Terrain\" \/>\n<meta property=\"og:description\" content=\"Ihr Gel\u00e4nde ist absch\u00fcssig, stark absch\u00fcssig oder terrassenartig abfallend? Geben Sie Ihr Poolprojekt nicht auf! Entdecken Sie die L\u00f6sungen von Schwimmb\u00e4der Waterair f\u00fcr alle Gel\u00e4ndearten.\" \/>\n<meta property=\"og:url\" content=\"https:\/\/www.waterair.com\/at\/tipps\/boden\" \/>\n<meta property=\"og:site_name\" content=\"Waterair Pools\" \/>\n<meta property=\"article:modified_time\" content=\"2022-06-27T09:13:55+00:00\" \/>\n<meta property=\"og:image\" content=\"https:\/\/www.waterair.com\/wp-content\/uploads\/2021\/11\/terrain.jpg\" \/>\n\t<meta property=\"og:image:width\" content=\"1920\" \/>\n\t<meta property=\"og:image:height\" content=\"1440\" \/>\n\t<meta property=\"og:image:type\" content=\"image\/jpeg\" \/>\n<meta name=\"twitter:card\" content=\"summary_large_image\" \/>\n<meta name=\"twitter:label1\" content=\"Gesch\u00e4tzte Lesezeit\" \/>\n\t<meta name=\"twitter:data1\" content=\"1 Minute\" \/>\n<script type=\"application\/ld+json\" class=\"yoast-schema-graph\">{\"@context\":\"https:\/\/schema.org\",\"@graph\":[{\"@type\":\"WebPage\",\"@id\":\"https:\/\/www.waterair.com\/at\/tipps\/boden\",\"url\":\"https:\/\/www.waterair.com\/at\/tipps\/boden\",\"name\":\"Pool-Gel\u00e4nde - Ihr Pool f\u00fcr jedes Gel\u00e4nde | Waterair Pools\",\"isPartOf\":{\"@id\":\"https:\/\/www.waterair.com\/at\/#website\"},\"primaryImageOfPage\":{\"@id\":\"https:\/\/www.waterair.com\/at\/tipps\/boden#primaryimage\"},\"image\":{\"@id\":\"https:\/\/www.waterair.com\/at\/tipps\/boden#primaryimage\"},\"thumbnailUrl\":\"https:\/\/www.waterair.com\/wp-content\/uploads\/2021\/11\/terrain.jpg\",\"datePublished\":\"2021-10-29T18:50:15+00:00\",\"dateModified\":\"2022-06-27T09:13:55+00:00\",\"description\":\"Ihr Gel\u00e4nde ist absch\u00fcssig, stark absch\u00fcssig oder terrassenartig abfallend? Geben Sie Ihr Poolprojekt nicht auf! Entdecken Sie die L\u00f6sungen von Schwimmb\u00e4der Waterair f\u00fcr alle Gel\u00e4ndearten.\",\"breadcrumb\":{\"@id\":\"https:\/\/www.waterair.com\/at\/tipps\/boden#breadcrumb\"},\"inLanguage\":\"de-AT\",\"potentialAction\":[{\"@type\":\"ReadAction\",\"target\":[\"https:\/\/www.waterair.com\/at\/tipps\/boden\"]}]},{\"@type\":\"ImageObject\",\"inLanguage\":\"de-AT\",\"@id\":\"https:\/\/www.waterair.com\/at\/tipps\/boden#primaryimage\",\"url\":\"https:\/\/www.waterair.com\/wp-content\/uploads\/2021\/11\/terrain.jpg\",\"contentUrl\":\"https:\/\/www.waterair.com\/wp-content\/uploads\/2021\/11\/terrain.jpg\",\"width\":1920,\"height\":1440},{\"@type\":\"BreadcrumbList\",\"@id\":\"https:\/\/www.waterair.com\/at\/tipps\/boden#breadcrumb\",\"itemListElement\":[{\"@type\":\"ListItem\",\"position\":1,\"name\":\"Startseite\",\"item\":\"https:\/\/www.waterair.com\/at\"},{\"@type\":\"ListItem\",\"position\":2,\"name\":\"Tipps, Inspirationen und Beratung von Waterair Pools\",\"item\":\"https:\/\/www.waterair.com\/at\/tipps\"},{\"@type\":\"ListItem\",\"position\":3,\"name\":\"Pool-Gel\u00e4nde: Ein Waterair-Pool f\u00fcr jedes Terrain\"}]},{\"@type\":\"WebSite\",\"@id\":\"https:\/\/www.waterair.com\/at\/#website\",\"url\":\"https:\/\/www.waterair.com\/at\/\",\"name\":\"Waterair Pools\",\"description\":\"\",\"potentialAction\":[{\"@type\":\"SearchAction\",\"target\":{\"@type\":\"EntryPoint\",\"urlTemplate\":\"https:\/\/www.waterair.com\/at\/?s={search_term_string}\"},\"query-input\":{\"@type\":\"PropertyValueSpecification\",\"valueRequired\":true,\"valueName\":\"search_term_string\"}}],\"inLanguage\":\"de-AT\"}]}<\/script>\n<!-- \/ Yoast SEO Premium plugin. -->","yoast_head_json":{"title":"Pool-Gel\u00e4nde - Ihr Pool f\u00fcr jedes Gel\u00e4nde | Waterair Pools","description":"Ihr Gel\u00e4nde ist absch\u00fcssig, stark absch\u00fcssig oder terrassenartig abfallend? Geben Sie Ihr Poolprojekt nicht auf! Entdecken Sie die L\u00f6sungen von Schwimmb\u00e4der Waterair f\u00fcr alle Gel\u00e4ndearten.","robots":{"index":"index","follow":"follow","max-snippet":"max-snippet:-1","max-image-preview":"max-image-preview:large","max-video-preview":"max-video-preview:-1"},"canonical":"https:\/\/www.waterair.com\/at\/tipps\/boden","og_locale":"de_DE","og_type":"article","og_title":"Pool-Gel\u00e4nde: Ein Waterair-Pool f\u00fcr jedes Terrain","og_description":"Ihr Gel\u00e4nde ist absch\u00fcssig, stark absch\u00fcssig oder terrassenartig abfallend? Geben Sie Ihr Poolprojekt nicht auf! Entdecken Sie die L\u00f6sungen von Schwimmb\u00e4der Waterair f\u00fcr alle Gel\u00e4ndearten.","og_url":"https:\/\/www.waterair.com\/at\/tipps\/boden","og_site_name":"Waterair Pools","article_modified_time":"2022-06-27T09:13:55+00:00","og_image":[{"width":1920,"height":1440,"url":"https:\/\/www.waterair.com\/wp-content\/uploads\/2021\/11\/terrain.jpg","type":"image\/jpeg"}],"twitter_card":"summary_large_image","twitter_misc":{"Gesch\u00e4tzte Lesezeit":"1 Minute"},"schema":{"@context":"https:\/\/schema.org","@graph":[{"@type":"WebPage","@id":"https:\/\/www.waterair.com\/at\/tipps\/boden","url":"https:\/\/www.waterair.com\/at\/tipps\/boden","name":"Pool-Gel\u00e4nde - Ihr Pool f\u00fcr jedes Gel\u00e4nde | Waterair Pools","isPartOf":{"@id":"https:\/\/www.waterair.com\/at\/#website"},"primaryImageOfPage":{"@id":"https:\/\/www.waterair.com\/at\/tipps\/boden#primaryimage"},"image":{"@id":"https:\/\/www.waterair.com\/at\/tipps\/boden#primaryimage"},"thumbnailUrl":"https:\/\/www.waterair.com\/wp-content\/uploads\/2021\/11\/terrain.jpg","datePublished":"2021-10-29T18:50:15+00:00","dateModified":"2022-06-27T09:13:55+00:00","description":"Ihr Gel\u00e4nde ist absch\u00fcssig, stark absch\u00fcssig oder terrassenartig abfallend? Geben Sie Ihr Poolprojekt nicht auf! Entdecken Sie die L\u00f6sungen von Schwimmb\u00e4der Waterair f\u00fcr alle Gel\u00e4ndearten.","breadcrumb":{"@id":"https:\/\/www.waterair.com\/at\/tipps\/boden#breadcrumb"},"inLanguage":"de-AT","potentialAction":[{"@type":"ReadAction","target":["https:\/\/www.waterair.com\/at\/tipps\/boden"]}]},{"@type":"ImageObject","inLanguage":"de-AT","@id":"https:\/\/www.waterair.com\/at\/tipps\/boden#primaryimage","url":"https:\/\/www.waterair.com\/wp-content\/uploads\/2021\/11\/terrain.jpg","contentUrl":"https:\/\/www.waterair.com\/wp-content\/uploads\/2021\/11\/terrain.jpg","width":1920,"height":1440},{"@type":"BreadcrumbList","@id":"https:\/\/www.waterair.com\/at\/tipps\/boden#breadcrumb","itemListElement":[{"@type":"ListItem","position":1,"name":"Startseite","item":"https:\/\/www.waterair.com\/at"},{"@type":"ListItem","position":2,"name":"Tipps, Inspirationen und Beratung von Waterair Pools","item":"https:\/\/www.waterair.com\/at\/tipps"},{"@type":"ListItem","position":3,"name":"Pool-Gel\u00e4nde: Ein Waterair-Pool f\u00fcr jedes Terrain"}]},{"@type":"WebSite","@id":"https:\/\/www.waterair.com\/at\/#website","url":"https:\/\/www.waterair.com\/at\/","name":"Waterair Pools","description":"","potentialAction":[{"@type":"SearchAction","target":{"@type":"EntryPoint","urlTemplate":"https:\/\/www.waterair.com\/at\/?s={search_term_string}"},"query-input":{"@type":"PropertyValueSpecification","valueRequired":true,"valueName":"search_term_string"}}],"inLanguage":"de-AT"}]}},"_links":{"self":[{"href":"https:\/\/www.waterair.com\/at\/wp-json\/wp\/v2\/pages\/35729","targetHints":{"allow":["GET"]}}],"collection":[{"href":"https:\/\/www.waterair.com\/at\/wp-json\/wp\/v2\/pages"}],"about":[{"href":"https:\/\/www.waterair.com\/at\/wp-json\/wp\/v2\/types\/page"}],"author":[{"embeddable":true,"href":"https:\/\/www.waterair.com\/at\/wp-json\/wp\/v2\/users\/1"}],"replies":[{"embeddable":true,"href":"https:\/\/www.waterair.com\/at\/wp-json\/wp\/v2\/comments?post=35729"}],"version-history":[{"count":5,"href":"https:\/\/www.waterair.com\/at\/wp-json\/wp\/v2\/pages\/35729\/revisions"}],"predecessor-version":[{"id":582144,"href":"https:\/\/www.waterair.com\/at\/wp-json\/wp\/v2\/pages\/35729\/revisions\/582144"}],"up":[{"embeddable":true,"href":"https:\/\/www.waterair.com\/at\/wp-json\/wp\/v2\/pages\/33258"}],"wp:featuredmedia":[{"embeddable":true,"href":"https:\/\/www.waterair.com\/at\/wp-json\/wp\/v2\/media\/54794"}],"wp:attachment":[{"href":"https:\/\/www.waterair.com\/at\/wp-json\/wp\/v2\/media?parent=35729"}],"curies":[{"name":"wp","href":"https:\/\/api.w.org\/{rel}","templated":true}]}}