{"id":521744,"date":"2023-10-05T14:43:57","date_gmt":"2023-10-05T12:43:57","guid":{"rendered":"https:\/\/www.waterair.com\/poolausstattung-und-zubehor"},"modified":"2023-10-05T15:39:29","modified_gmt":"2023-10-05T13:39:29","slug":"poolausstattung-und-zubehor","status":"publish","type":"page","link":"https:\/\/www.waterair.com\/at\/poolausstattung-und-zubehoer","title":{"rendered":"Poolausstattung und Zubeh\u00f6r"},"content":{"rendered":"<div class=\"container block--core-paragraph\"><div class=\"row\"><div class=\"col-12 \">\n<p><\/p>\n<\/div><\/div><\/div>\n\n<div class=\"container block--core-paragraph\"><div class=\"row\"><div class=\"col-12 \">\n<p>Mit der umfangreichen Auswahl an Ausstattungsoptionen und Zubeh\u00f6r von Waterair k\u00f6nnen Sie Ihren Swimmingpool ganz nach Ihren W\u00fcnschen gestalten und Ihren Komfort sowie Ihr Wohlbefinden steigern.<\/p>\n<\/div><\/div><\/div>\n\n<div class=\"container block--core-paragraph\"><div class=\"row\"><div class=\"col-12 \">\n<p>Die Poolausstattung wie zum Beispiel der Boden, die Folie, die Beleuchtung und die Beckenrandsteine wird bereits bei der Poolplanung definiert, da diese Komponenten direkt in den Pool integriert werden.<\/p>\n<\/div><\/div><\/div>\n\n<div class=\"container block--core-paragraph\"><div class=\"row\"><div class=\"col-12 \">\n<p>Durch die sp\u00e4tere Erg\u00e4nzung von weiterem Zubeh\u00f6r k\u00f6nnen Sie den Komfort und die Pflege zus\u00e4tzlich verbessern. Dazu geh\u00f6ren Produkte zur Abdeckung, Heizung, Reinigung und Wartung des Pools.<\/p>\n<\/div><\/div><\/div>\n\n<div class=\"container block--core-paragraph\"><div class=\"row\"><div class=\"col-12 \">\n<p>Entdecken Sie die Vielfalt der Optionen und verwandeln Sie Ihren Pool in eine wahre Oase der Erholung.<\/p>\n<\/div><\/div><\/div>\n\n<div class=\"container block--core-paragraph\"><div class=\"row\"><div class=\"col-12 \">\n<p><\/p>\n<\/div><\/div><\/div>\n\n<div  class=\"block-content-media  content-block   \">\n            <div class=\"container\">\n            <div class=\"row\">\n                <div class=\"col\">\n                    <div class=\"row flex-column flex-md-row \">\n                        <div class=\"content-block__col col-12 d-flex flex-column align-items-md-start order-lg-2\">\n                                                            <h2 data-wa=\"fade-up\" class=\"content-block__title h2 mb-3 \">W\u00e4hlen Sie die Ausstattung f\u00fcr Ihren Pool<\/h2>\n                                                                                                                                                <div data-wa=\"fade-up\" data-wa-delay=\"400\" class=\"content-block__description text--sm text-weight--300 mb-0\">\n                                    <p>Mit unserer gro\u00dfen Auswahl an Treppen, Folien, Filtern, B\u00f6den und vielem mehr k\u00f6nnen Sie Ihren Pool ganz nach Ihren W\u00fcnschen ausstatten!<\/p>\n                                <\/div>\n                                                                                        <div data-wa=\"fade-up\" data-wa-delay=\"500\">\n                                    <a\tdata-wa=\"button\" data-wa-wave=\"secondary\"\n\tclass=\"btn btn--secondary mt-3\"\n\t\t\thref=\"https:\/\/www.waterair.com\/at\/poolausstattung-und-zubehoer\/poolausstattung\"\n\t\t>\n\t\tMehr erfahren    <\/a>\n                                <\/div>\n                                                    <\/div>\n                                            <\/div>\n                <\/div>\n            <\/div>\n        <\/div>\n    <\/div>\n\n<div  class=\"block-content-media  content-block   \">\n            <div class=\"container\">\n            <div class=\"row\">\n                <div class=\"col\">\n                    <div class=\"row flex-column flex-md-row \">\n                        <div class=\"content-block__col col-12 d-flex flex-column align-items-md-start order-lg-2\">\n                                                            <h2 data-wa=\"fade-up\" class=\"content-block__title h2 mb-3 \">Perfektes Zubeh\u00f6r f\u00fcr Ihren Swimmingpol<\/h2>\n                                                                                                                                                <div data-wa=\"fade-up\" data-wa-delay=\"400\" class=\"content-block__description text--sm text-weight--300 mb-0\">\n                                    <p>Runden Sie Ihren perfekten Pool mit unserem umfangreichen Zubeh\u00f6r ab und steigern Sie so Ihren Badespa\u00df!<\/p>\n                                <\/div>\n                                                                                        <div data-wa=\"fade-up\" data-wa-delay=\"500\">\n                                    <a\tdata-wa=\"button\" data-wa-wave=\"secondary\"\n\tclass=\"btn btn--secondary mt-3\"\n\t\t\thref=\"https:\/\/www.waterair.com\/at\/poolausstattung-und-zubehoer\/poolzubehoer\"\n\t\t>\n\t\tMehr erfahren    <\/a>\n                                <\/div>\n                                                    <\/div>\n                                            <\/div>\n                <\/div>\n            <\/div>\n        <\/div>\n    <\/div>\n\n<div  class=\"block-content-media  content-block   \">\n            <div class=\"container\">\n            <div class=\"row\">\n                <div class=\"col\">\n                    <div class=\"row flex-column flex-md-row \">\n                        <div class=\"content-block__col col-12 d-flex flex-column align-items-md-start order-lg-2\">\n                                                            <h2 data-wa=\"fade-up\" class=\"content-block__title h2 mb-3 \">Venetzte Wartung mit easy\u00b7care by Waterair<\/h2>\n                                                                                                                                                <div data-wa=\"fade-up\" data-wa-delay=\"400\" class=\"content-block__description text--sm text-weight--300 mb-0\">\n                                    <p>easy\u00b7care by Waterair ist die perfekte L\u00f6sung f\u00fcr eine m\u00fchelose Pflege und Wartung Ihres Swimmingpools. Mit Easy\u00b7care wird die Poolpflege zum Kinderspiel! Smarter geht es nicht!<\/p>\n                                <\/div>\n                                                                                        <div data-wa=\"fade-up\" data-wa-delay=\"500\">\n                                    <a\tdata-wa=\"button\" data-wa-wave=\"secondary\"\n\tclass=\"btn btn--secondary mt-3\"\n\t\t\thref=\"https:\/\/www.waterair.com\/at\/vernetzter-pool\"\n\t\t>\n\t\tMehr erfahren    <\/a>\n                                <\/div>\n                                                    <\/div>\n                                            <\/div>\n                <\/div>\n            <\/div>\n        <\/div>\n    <\/div>\n\n<div  class=\"block-content-media  content-block   \">\n            <div class=\"container\">\n            <div class=\"row\">\n                <div class=\"col\">\n                    <div class=\"row flex-column flex-md-row \">\n                        <div class=\"content-block__col col-12 d-flex flex-column align-items-md-start order-lg-2\">\n                                                            <h2 data-wa=\"fade-up\" class=\"content-block__title h2 mb-3 \">Poolreinigung und Poolpflege<\/h2>\n                                                                                                                                                <div data-wa=\"fade-up\" data-wa-delay=\"400\" class=\"content-block__description text--sm text-weight--300 mb-0\">\n                                    <p>Regelm\u00e4\u00dfige Wartung und Reinigung h\u00e4lt Ihren Pool nicht nur sauber, sondern verl\u00e4ngert auch seine Lebensdauer. Waterair bietet Ihnen alles, was Sie daf\u00fcr ben\u00f6tigen.<\/p>\n                                <\/div>\n                                                                                        <div data-wa=\"fade-up\" data-wa-delay=\"500\">\n                                    <a\tdata-wa=\"button\" data-wa-wave=\"secondary\"\n\tclass=\"btn btn--secondary mt-3\"\n\t\t\thref=\"https:\/\/www.waterair.com\/at\/pools-und-ausstattung\/ausstattung\/instandhaltung-und-reinigung\"\n\t\t>\n\t\tMehr erfahren    <\/a>\n                                <\/div>\n                                                    <\/div>\n                                            <\/div>\n                <\/div>\n            <\/div>\n        <\/div>\n    <\/div>","protected":false},"excerpt":{"rendered":"<p>Mit der umfangreichen Auswahl an Ausstattungsoptionen und Zubeh\u00f6r von Waterair k\u00f6nnen Sie Ihren Swimmingpool ganz nach Ihren W\u00fcnschen gestalten und Ihren Komfort sowie Ihr Wohlbefinden steigern. Die Poolausstattung wie zum Beispiel der Boden, die Folie, die Beleuchtung und die Beckenrandsteine wird bereits bei der Poolplanung definiert, da diese Komponenten direkt in den Pool integriert werden. [&hellip;]<\/p>\n","protected":false},"author":0,"featured_media":0,"parent":0,"menu_order":0,"comment_status":"closed","ping_status":"closed","template":"","meta":{"_acf_changed":false,"om_disable_all_campaigns":false,"footnotes":""},"class_list":["post-521744","page","type-page","status-publish","hentry"],"acf":[],"yoast_head":"<!-- This site is optimized with the Yoast SEO Premium plugin v25.4 (Yoast SEO v27.2) - https:\/\/yoast.com\/product\/yoast-seo-premium-wordpress\/ -->\n<title>Ausstattung und Zubeh\u00f6r f\u00fcr Ihren perfekten Pool | Waterair Pools<\/title>\n<meta name=\"description\" content=\"Entdecken Sie unser komplettes Sortiment an Poolausstattungen und Zubeh\u00f6r, die f\u00fcr Ihren Komfort entwickelt wurden \u2013 von der Treppe bis zum Pflegeset.\" \/>\n<meta name=\"robots\" content=\"index, follow, max-snippet:-1, max-image-preview:large, max-video-preview:-1\" \/>\n<link rel=\"canonical\" href=\"https:\/\/www.waterair.com\/at\/poolausstattung-und-zubehoer\" \/>\n<meta property=\"og:locale\" content=\"de_DE\" \/>\n<meta property=\"og:type\" content=\"article\" \/>\n<meta property=\"og:title\" content=\"Poolausstattung und Zubeh\u00f6r\" \/>\n<meta property=\"og:description\" content=\"Entdecken Sie unser komplettes Sortiment an Poolausstattungen und Zubeh\u00f6r, die f\u00fcr Ihren Komfort entwickelt wurden \u2013 von der Treppe bis zum Pflegeset.\" \/>\n<meta property=\"og:url\" content=\"https:\/\/www.waterair.com\/at\/poolausstattung-und-zubehoer\" \/>\n<meta property=\"og:site_name\" content=\"Waterair Pools\" \/>\n<meta property=\"article:modified_time\" content=\"2023-10-05T13:39:29+00:00\" \/>\n<meta name=\"twitter:card\" content=\"summary_large_image\" \/>\n<meta name=\"twitter:label1\" content=\"Gesch\u00e4tzte Lesezeit\" \/>\n\t<meta name=\"twitter:data1\" content=\"1 Minute\" \/>\n<script type=\"application\/ld+json\" class=\"yoast-schema-graph\">{\"@context\":\"https:\/\/schema.org\",\"@graph\":[{\"@type\":\"WebPage\",\"@id\":\"https:\/\/www.waterair.com\/at\/poolausstattung-und-zubehoer\",\"url\":\"https:\/\/www.waterair.com\/at\/poolausstattung-und-zubehoer\",\"name\":\"Ausstattung und Zubeh\u00f6r f\u00fcr Ihren perfekten Pool | Waterair Pools\",\"isPartOf\":{\"@id\":\"https:\/\/www.waterair.com\/at\/#website\"},\"datePublished\":\"2023-10-05T12:43:57+00:00\",\"dateModified\":\"2023-10-05T13:39:29+00:00\",\"description\":\"Entdecken Sie unser komplettes Sortiment an Poolausstattungen und Zubeh\u00f6r, die f\u00fcr Ihren Komfort entwickelt wurden \u2013 von der Treppe bis zum Pflegeset.\",\"breadcrumb\":{\"@id\":\"https:\/\/www.waterair.com\/at\/poolausstattung-und-zubehoer#breadcrumb\"},\"inLanguage\":\"de-AT\",\"potentialAction\":[{\"@type\":\"ReadAction\",\"target\":[\"https:\/\/www.waterair.com\/at\/poolausstattung-und-zubehoer\"]}]},{\"@type\":\"BreadcrumbList\",\"@id\":\"https:\/\/www.waterair.com\/at\/poolausstattung-und-zubehoer#breadcrumb\",\"itemListElement\":[{\"@type\":\"ListItem\",\"position\":1,\"name\":\"Startseite\",\"item\":\"https:\/\/www.waterair.com\/at\"},{\"@type\":\"ListItem\",\"position\":2,\"name\":\"Poolausstattung und Zubeh\u00f6r\"}]},{\"@type\":\"WebSite\",\"@id\":\"https:\/\/www.waterair.com\/at\/#website\",\"url\":\"https:\/\/www.waterair.com\/at\/\",\"name\":\"Waterair Pools\",\"description\":\"\",\"potentialAction\":[{\"@type\":\"SearchAction\",\"target\":{\"@type\":\"EntryPoint\",\"urlTemplate\":\"https:\/\/www.waterair.com\/at\/?s={search_term_string}\"},\"query-input\":{\"@type\":\"PropertyValueSpecification\",\"valueRequired\":true,\"valueName\":\"search_term_string\"}}],\"inLanguage\":\"de-AT\"}]}<\/script>\n<!-- \/ Yoast SEO Premium plugin. -->","yoast_head_json":{"title":"Ausstattung und Zubeh\u00f6r f\u00fcr Ihren perfekten Pool | Waterair Pools","description":"Entdecken Sie unser komplettes Sortiment an Poolausstattungen und Zubeh\u00f6r, die f\u00fcr Ihren Komfort entwickelt wurden \u2013 von der Treppe bis zum Pflegeset.","robots":{"index":"index","follow":"follow","max-snippet":"max-snippet:-1","max-image-preview":"max-image-preview:large","max-video-preview":"max-video-preview:-1"},"canonical":"https:\/\/www.waterair.com\/at\/poolausstattung-und-zubehoer","og_locale":"de_DE","og_type":"article","og_title":"Poolausstattung und Zubeh\u00f6r","og_description":"Entdecken Sie unser komplettes Sortiment an Poolausstattungen und Zubeh\u00f6r, die f\u00fcr Ihren Komfort entwickelt wurden \u2013 von der Treppe bis zum Pflegeset.","og_url":"https:\/\/www.waterair.com\/at\/poolausstattung-und-zubehoer","og_site_name":"Waterair Pools","article_modified_time":"2023-10-05T13:39:29+00:00","twitter_card":"summary_large_image","twitter_misc":{"Gesch\u00e4tzte Lesezeit":"1 Minute"},"schema":{"@context":"https:\/\/schema.org","@graph":[{"@type":"WebPage","@id":"https:\/\/www.waterair.com\/at\/poolausstattung-und-zubehoer","url":"https:\/\/www.waterair.com\/at\/poolausstattung-und-zubehoer","name":"Ausstattung und Zubeh\u00f6r f\u00fcr Ihren perfekten Pool | Waterair Pools","isPartOf":{"@id":"https:\/\/www.waterair.com\/at\/#website"},"datePublished":"2023-10-05T12:43:57+00:00","dateModified":"2023-10-05T13:39:29+00:00","description":"Entdecken Sie unser komplettes Sortiment an Poolausstattungen und Zubeh\u00f6r, die f\u00fcr Ihren Komfort entwickelt wurden \u2013 von der Treppe bis zum Pflegeset.","breadcrumb":{"@id":"https:\/\/www.waterair.com\/at\/poolausstattung-und-zubehoer#breadcrumb"},"inLanguage":"de-AT","potentialAction":[{"@type":"ReadAction","target":["https:\/\/www.waterair.com\/at\/poolausstattung-und-zubehoer"]}]},{"@type":"BreadcrumbList","@id":"https:\/\/www.waterair.com\/at\/poolausstattung-und-zubehoer#breadcrumb","itemListElement":[{"@type":"ListItem","position":1,"name":"Startseite","item":"https:\/\/www.waterair.com\/at"},{"@type":"ListItem","position":2,"name":"Poolausstattung und Zubeh\u00f6r"}]},{"@type":"WebSite","@id":"https:\/\/www.waterair.com\/at\/#website","url":"https:\/\/www.waterair.com\/at\/","name":"Waterair Pools","description":"","potentialAction":[{"@type":"SearchAction","target":{"@type":"EntryPoint","urlTemplate":"https:\/\/www.waterair.com\/at\/?s={search_term_string}"},"query-input":{"@type":"PropertyValueSpecification","valueRequired":true,"valueName":"search_term_string"}}],"inLanguage":"de-AT"}]}},"_links":{"self":[{"href":"https:\/\/www.waterair.com\/at\/wp-json\/wp\/v2\/pages\/521744","targetHints":{"allow":["GET"]}}],"collection":[{"href":"https:\/\/www.waterair.com\/at\/wp-json\/wp\/v2\/pages"}],"about":[{"href":"https:\/\/www.waterair.com\/at\/wp-json\/wp\/v2\/types\/page"}],"replies":[{"embeddable":true,"href":"https:\/\/www.waterair.com\/at\/wp-json\/wp\/v2\/comments?post=521744"}],"version-history":[{"count":2,"href":"https:\/\/www.waterair.com\/at\/wp-json\/wp\/v2\/pages\/521744\/revisions"}],"predecessor-version":[{"id":581905,"href":"https:\/\/www.waterair.com\/at\/wp-json\/wp\/v2\/pages\/521744\/revisions\/581905"}],"wp:attachment":[{"href":"https:\/\/www.waterair.com\/at\/wp-json\/wp\/v2\/media?parent=521744"}],"curies":[{"name":"wp","href":"https:\/\/api.w.org\/{rel}","templated":true}]}}