{"id":521789,"date":"2023-08-09T09:29:51","date_gmt":"2023-08-09T07:29:51","guid":{"rendered":"https:\/\/www.waterair.com\/installationsstudie"},"modified":"2023-09-11T15:58:46","modified_gmt":"2023-09-11T13:58:46","slug":"installationsstudie","status":"publish","type":"page","link":"https:\/\/www.waterair.com\/at\/projekt-pool\/installationsstudie","title":{"rendered":"Installationsstudie"},"content":{"rendered":"<div class=\"container block--core-paragraph\"><div class=\"row\"><div class=\"col-12 \">\n<p><\/p>\n<\/div><\/div><\/div>\n\n<div class=\"container block--core-paragraph\"><div class=\"row\"><div class=\"col-12 \">\n<p>Wenn Sie Ihr Poolprojekt starten, ist es wichtig, eine gute Unterst\u00fctzung und Beratung zu erhalten. &nbsp;Dazu kommt ein Berater von Waterair zu Ihnen, um eine umfassende und personalisierte Installationsstudie durchzuf\u00fchren. Er wird Ihnen bei der Gestaltung Ihrer Poolanlage nach Ihren W\u00fcnschen und den M\u00f6glichkeiten Ihres Grundst\u00fccks mit Rat und Tat zur Seite stehen. Sein Ziel ist es, gemeinsam mit Ihnen den Pool zu definieren, der am besten zu Ihrem Garten und Ihren Bed\u00fcrfnissen passt.<\/p>\n<\/div><\/div><\/div>\n\n<div class=\"container block--core-paragraph\"><div class=\"row\"><div class=\"col-12 \">\n<p>Die Form und Gr\u00f6\u00dfe Ihres Pools werden an die Gegebenheiten angepasst, abh\u00e4ngig von der Lage Ihres Hauses, dem verf\u00fcgbaren Platz und der vorhandenen Vegetation. Ihr Berater wird Ihnen helfen, die ideale Lage und Ausrichtung Ihres Pools zu w\u00e4hlen, um gemeinsam mit Ihnen den f\u00fcr Sie passenden Poolbereich zu schaffen.<\/p>\n<\/div><\/div><\/div>\n\n<div class=\"container block--core-paragraph\"><div class=\"row\"><div class=\"col-12 \">\n<p>Am Ende dieses Prozesses und nachdem Sie Ihre Entscheidung getroffen haben, erhalten Sie eine vollst\u00e4ndig ausgearbeitete Installationsstudie<\/p>\n<\/div><\/div><\/div>","protected":false},"excerpt":{"rendered":"<p>Wenn Sie Ihr Poolprojekt starten, ist es wichtig, eine gute Unterst\u00fctzung und Beratung zu erhalten. &nbsp;Dazu kommt ein Berater von Waterair zu Ihnen, um eine umfassende und personalisierte Installationsstudie durchzuf\u00fchren. Er wird Ihnen bei der Gestaltung Ihrer Poolanlage nach Ihren W\u00fcnschen und den M\u00f6glichkeiten Ihres Grundst\u00fccks mit Rat und Tat zur Seite stehen. Sein Ziel [&hellip;]<\/p>\n","protected":false},"author":0,"featured_media":167132,"parent":32135,"menu_order":0,"comment_status":"closed","ping_status":"closed","template":"","meta":{"_acf_changed":false,"om_disable_all_campaigns":false,"footnotes":""},"class_list":["post-521789","page","type-page","status-publish","has-post-thumbnail","hentry"],"acf":[],"yoast_head":"<!-- This site is optimized with the Yoast SEO Premium plugin v25.4 (Yoast SEO v27.2) - https:\/\/yoast.com\/product\/yoast-seo-premium-wordpress\/ -->\n<title>Installationsstudie | Waterair Pools<\/title>\n<meta name=\"robots\" content=\"index, follow, max-snippet:-1, max-image-preview:large, max-video-preview:-1\" \/>\n<link rel=\"canonical\" href=\"https:\/\/www.waterair.com\/at\/projekt-pool\/installationsstudie\" \/>\n<meta property=\"og:locale\" content=\"de_DE\" \/>\n<meta property=\"og:type\" content=\"article\" \/>\n<meta property=\"og:title\" content=\"Installationsstudie\" \/>\n<meta property=\"og:description\" content=\"Wenn Sie Ihr Poolprojekt starten, ist es wichtig, eine gute Unterst\u00fctzung und Beratung zu erhalten. &nbsp;Dazu kommt ein Berater von Waterair zu Ihnen, um eine umfassende und personalisierte Installationsstudie durchzuf\u00fchren. Er wird Ihnen bei der Gestaltung Ihrer Poolanlage nach Ihren W\u00fcnschen und den M\u00f6glichkeiten Ihres Grundst\u00fccks mit Rat und Tat zur Seite stehen. Sein Ziel [&hellip;]\" \/>\n<meta property=\"og:url\" content=\"https:\/\/www.waterair.com\/at\/projekt-pool\/installationsstudie\" \/>\n<meta property=\"og:site_name\" content=\"Waterair Pools\" \/>\n<meta property=\"article:modified_time\" content=\"2023-09-11T13:58:46+00:00\" \/>\n<meta property=\"og:image\" content=\"https:\/\/www.waterair.com\/wp-content\/uploads\/2021\/12\/piscine-rectangle-barbara-avec-escalier.jpg\" \/>\n\t<meta property=\"og:image:width\" content=\"1920\" \/>\n\t<meta property=\"og:image:height\" content=\"1280\" \/>\n\t<meta property=\"og:image:type\" content=\"image\/jpeg\" \/>\n<meta name=\"twitter:card\" content=\"summary_large_image\" \/>\n<meta name=\"twitter:label1\" content=\"Gesch\u00e4tzte Lesezeit\" \/>\n\t<meta name=\"twitter:data1\" content=\"1 Minute\" \/>\n<script type=\"application\/ld+json\" class=\"yoast-schema-graph\">{\"@context\":\"https:\/\/schema.org\",\"@graph\":[{\"@type\":\"WebPage\",\"@id\":\"https:\/\/www.waterair.com\/at\/projekt-pool\/installationsstudie\",\"url\":\"https:\/\/www.waterair.com\/at\/projekt-pool\/installationsstudie\",\"name\":\"Installationsstudie | Waterair Pools\",\"isPartOf\":{\"@id\":\"https:\/\/www.waterair.com\/at\/#website\"},\"primaryImageOfPage\":{\"@id\":\"https:\/\/www.waterair.com\/at\/projekt-pool\/installationsstudie#primaryimage\"},\"image\":{\"@id\":\"https:\/\/www.waterair.com\/at\/projekt-pool\/installationsstudie#primaryimage\"},\"thumbnailUrl\":\"https:\/\/www.waterair.com\/wp-content\/uploads\/2021\/12\/piscine-rectangle-barbara-avec-escalier.jpg\",\"datePublished\":\"2023-08-09T07:29:51+00:00\",\"dateModified\":\"2023-09-11T13:58:46+00:00\",\"breadcrumb\":{\"@id\":\"https:\/\/www.waterair.com\/at\/projekt-pool\/installationsstudie#breadcrumb\"},\"inLanguage\":\"de-AT\",\"potentialAction\":[{\"@type\":\"ReadAction\",\"target\":[\"https:\/\/www.waterair.com\/at\/projekt-pool\/installationsstudie\"]}]},{\"@type\":\"ImageObject\",\"inLanguage\":\"de-AT\",\"@id\":\"https:\/\/www.waterair.com\/at\/projekt-pool\/installationsstudie#primaryimage\",\"url\":\"https:\/\/www.waterair.com\/wp-content\/uploads\/2021\/12\/piscine-rectangle-barbara-avec-escalier.jpg\",\"contentUrl\":\"https:\/\/www.waterair.com\/wp-content\/uploads\/2021\/12\/piscine-rectangle-barbara-avec-escalier.jpg\",\"width\":1920,\"height\":1280,\"caption\":\"Rechteckiger Pool Barbara\"},{\"@type\":\"BreadcrumbList\",\"@id\":\"https:\/\/www.waterair.com\/at\/projekt-pool\/installationsstudie#breadcrumb\",\"itemListElement\":[{\"@type\":\"ListItem\",\"position\":1,\"name\":\"Startseite\",\"item\":\"https:\/\/www.waterair.com\/at\"},{\"@type\":\"ListItem\",\"position\":2,\"name\":\"Ihr Poolprojekt\",\"item\":\"https:\/\/www.waterair.com\/at\/projekt-pool\"},{\"@type\":\"ListItem\",\"position\":3,\"name\":\"Installationsstudie\"}]},{\"@type\":\"WebSite\",\"@id\":\"https:\/\/www.waterair.com\/at\/#website\",\"url\":\"https:\/\/www.waterair.com\/at\/\",\"name\":\"Waterair Pools\",\"description\":\"\",\"potentialAction\":[{\"@type\":\"SearchAction\",\"target\":{\"@type\":\"EntryPoint\",\"urlTemplate\":\"https:\/\/www.waterair.com\/at\/?s={search_term_string}\"},\"query-input\":{\"@type\":\"PropertyValueSpecification\",\"valueRequired\":true,\"valueName\":\"search_term_string\"}}],\"inLanguage\":\"de-AT\"}]}<\/script>\n<!-- \/ Yoast SEO Premium plugin. -->","yoast_head_json":{"title":"Installationsstudie | Waterair Pools","robots":{"index":"index","follow":"follow","max-snippet":"max-snippet:-1","max-image-preview":"max-image-preview:large","max-video-preview":"max-video-preview:-1"},"canonical":"https:\/\/www.waterair.com\/at\/projekt-pool\/installationsstudie","og_locale":"de_DE","og_type":"article","og_title":"Installationsstudie","og_description":"Wenn Sie Ihr Poolprojekt starten, ist es wichtig, eine gute Unterst\u00fctzung und Beratung zu erhalten. &nbsp;Dazu kommt ein Berater von Waterair zu Ihnen, um eine umfassende und personalisierte Installationsstudie durchzuf\u00fchren. Er wird Ihnen bei der Gestaltung Ihrer Poolanlage nach Ihren W\u00fcnschen und den M\u00f6glichkeiten Ihres Grundst\u00fccks mit Rat und Tat zur Seite stehen. Sein Ziel [&hellip;]","og_url":"https:\/\/www.waterair.com\/at\/projekt-pool\/installationsstudie","og_site_name":"Waterair Pools","article_modified_time":"2023-09-11T13:58:46+00:00","og_image":[{"width":1920,"height":1280,"url":"https:\/\/www.waterair.com\/wp-content\/uploads\/2021\/12\/piscine-rectangle-barbara-avec-escalier.jpg","type":"image\/jpeg"}],"twitter_card":"summary_large_image","twitter_misc":{"Gesch\u00e4tzte Lesezeit":"1 Minute"},"schema":{"@context":"https:\/\/schema.org","@graph":[{"@type":"WebPage","@id":"https:\/\/www.waterair.com\/at\/projekt-pool\/installationsstudie","url":"https:\/\/www.waterair.com\/at\/projekt-pool\/installationsstudie","name":"Installationsstudie | Waterair Pools","isPartOf":{"@id":"https:\/\/www.waterair.com\/at\/#website"},"primaryImageOfPage":{"@id":"https:\/\/www.waterair.com\/at\/projekt-pool\/installationsstudie#primaryimage"},"image":{"@id":"https:\/\/www.waterair.com\/at\/projekt-pool\/installationsstudie#primaryimage"},"thumbnailUrl":"https:\/\/www.waterair.com\/wp-content\/uploads\/2021\/12\/piscine-rectangle-barbara-avec-escalier.jpg","datePublished":"2023-08-09T07:29:51+00:00","dateModified":"2023-09-11T13:58:46+00:00","breadcrumb":{"@id":"https:\/\/www.waterair.com\/at\/projekt-pool\/installationsstudie#breadcrumb"},"inLanguage":"de-AT","potentialAction":[{"@type":"ReadAction","target":["https:\/\/www.waterair.com\/at\/projekt-pool\/installationsstudie"]}]},{"@type":"ImageObject","inLanguage":"de-AT","@id":"https:\/\/www.waterair.com\/at\/projekt-pool\/installationsstudie#primaryimage","url":"https:\/\/www.waterair.com\/wp-content\/uploads\/2021\/12\/piscine-rectangle-barbara-avec-escalier.jpg","contentUrl":"https:\/\/www.waterair.com\/wp-content\/uploads\/2021\/12\/piscine-rectangle-barbara-avec-escalier.jpg","width":1920,"height":1280,"caption":"Rechteckiger Pool Barbara"},{"@type":"BreadcrumbList","@id":"https:\/\/www.waterair.com\/at\/projekt-pool\/installationsstudie#breadcrumb","itemListElement":[{"@type":"ListItem","position":1,"name":"Startseite","item":"https:\/\/www.waterair.com\/at"},{"@type":"ListItem","position":2,"name":"Ihr Poolprojekt","item":"https:\/\/www.waterair.com\/at\/projekt-pool"},{"@type":"ListItem","position":3,"name":"Installationsstudie"}]},{"@type":"WebSite","@id":"https:\/\/www.waterair.com\/at\/#website","url":"https:\/\/www.waterair.com\/at\/","name":"Waterair Pools","description":"","potentialAction":[{"@type":"SearchAction","target":{"@type":"EntryPoint","urlTemplate":"https:\/\/www.waterair.com\/at\/?s={search_term_string}"},"query-input":{"@type":"PropertyValueSpecification","valueRequired":true,"valueName":"search_term_string"}}],"inLanguage":"de-AT"}]}},"_links":{"self":[{"href":"https:\/\/www.waterair.com\/at\/wp-json\/wp\/v2\/pages\/521789","targetHints":{"allow":["GET"]}}],"collection":[{"href":"https:\/\/www.waterair.com\/at\/wp-json\/wp\/v2\/pages"}],"about":[{"href":"https:\/\/www.waterair.com\/at\/wp-json\/wp\/v2\/types\/page"}],"replies":[{"embeddable":true,"href":"https:\/\/www.waterair.com\/at\/wp-json\/wp\/v2\/comments?post=521789"}],"version-history":[{"count":2,"href":"https:\/\/www.waterair.com\/at\/wp-json\/wp\/v2\/pages\/521789\/revisions"}],"predecessor-version":[{"id":581934,"href":"https:\/\/www.waterair.com\/at\/wp-json\/wp\/v2\/pages\/521789\/revisions\/581934"}],"up":[{"embeddable":true,"href":"https:\/\/www.waterair.com\/at\/wp-json\/wp\/v2\/pages\/32135"}],"wp:featuredmedia":[{"embeddable":true,"href":"https:\/\/www.waterair.com\/at\/wp-json\/wp\/v2\/media\/167132"}],"wp:attachment":[{"href":"https:\/\/www.waterair.com\/at\/wp-json\/wp\/v2\/media?parent=521789"}],"curies":[{"name":"wp","href":"https:\/\/api.w.org\/{rel}","templated":true}]}}