{"id":521894,"date":"2022-08-18T15:03:31","date_gmt":"2022-08-18T13:03:31","guid":{"rendered":"https:\/\/www.waterair.com\/erfahrungsbericht-familie-stonner"},"modified":"2023-07-28T11:18:54","modified_gmt":"2023-07-28T09:18:54","slug":"erfahrungsbericht-familie-stonner","status":"publish","type":"page","link":"https:\/\/www.waterair.com\/at\/tipps\/kunden-waterair\/familie-stonner","title":{"rendered":"Erfahrungsbericht Familie St\u00f6nner"},"content":{"rendered":"<div class=\"container block--core-paragraph\"><div class=\"row\"><div class=\"col-12 \">\n<p><\/p>\n<\/div><\/div><\/div>\n\n<div class=\"container block--core-heading\"><div class=\"row\"><div class=\"col-12 \">\n<h2 class=\"wp-block-heading\"><strong>Unser Traumpool<\/strong><\/h2>\n<\/div><\/div><\/div>\n\n<div class=\"container block--core-heading\"><div class=\"row\"><div class=\"col-12 \">\n<h3 class=\"wp-block-heading\"><strong>Chronologischer Ablauf<\/strong><\/h3>\n<\/div><\/div><\/div>\n\n<div class=\"container block--core-paragraph\"><div class=\"row\"><div class=\"col-12 \">\n<p>Unser Poolbau-Abenteuer begann mit dem ersten Beratungsgespr\u00e4ch bei Herrn Neumann von der Firma Schwimmbad Henne in Pforzheim. Aufgrund der durchgehend guten Beratung und der M\u00f6glichkeit, selbst mit anzupacken, haben wir uns f\u00fcr das Modell Sara von Waterair entschieden.<\/p>\n<\/div><\/div><\/div>\n\n<div class=\"container block--core-paragraph\"><div class=\"row\"><div class=\"col-12 \">\n<p>Am 5. Februar 2018 wurde der erste Baggerhub gemacht und es gab kein Zur\u00fcck mehr. Einige Tage sp\u00e4ter erfolgte die Lieferung des Pools. Dank der detaillierten und gut strukturierten Ablaufbeschreibung konnten wir bereits am 3. April 2018 die Verrohrung durch den Facharbeiter der Firma Henne vornehmen lassen.<\/p>\n<\/div><\/div><\/div>\n\n<div class=\"container block--core-paragraph\"><div class=\"row\"><div class=\"col-12 \">\n<p>Die Endmontage sowie das Einbringen der Folie wurden ebenfalls von der Firma Henne durchgef\u00fchrt. Ende April, p\u00fcnktlich zum Beginn des tollen Sommers 2018, konnten wir den Pool in Betrieb nehmen.<\/p>\n<\/div><\/div><\/div>\n\n<div class=\"container block--core-paragraph\"><div class=\"row\"><div class=\"col-12 \">\n<p>Ein besonderer Dank gilt der Firma Waterair sowie Schwimmbad Henne. Durch die Kombination von Do-it-yourself-Arbeiten und Facharbeiten konnten wir den finanziellen Rahmen einhalten.<\/p>\n<\/div><\/div><\/div>\n\n<div class=\"container block--core-paragraph\"><div class=\"row\"><div class=\"col-12 \">\n<p>Freundliche Gr\u00fc\u00dfe aus Ro\u00dfwag<br>Familie St\u00f6nner<\/p>\n<\/div><\/div><\/div>\n\n<div data-wa=\"fade-up\"  class=\"block-slider  dots-absolute content-block\">\n    \n                <div class=\"container\">\n            <div class=\"row\">\n                <div class=\"col-12\">\n                            <div\n                            class=\"js-slider\"\n                            data-infinite=\"true\"\n                            data-slides-to-show=\"1\"\n                            data-slides-to-scroll=\"1\"\n                            data-fade=\"true\"\n                            data-adaptive-height=\"true\"\n                            data-dots=\"true\"\n                            data-arrows=\"true\"\n                    >\n                                                    <div class=\"block-slider__image\">\n                                \t\t\t<img loading=\"lazy\" decoding=\"async\" width=\"1360\" height=\"765\" src=\"https:\/\/www.waterair.com\/wp-content\/uploads\/2022\/08\/unadjustednonraw-thumb-6131-1360x765.jpg\" class=\"item-slide__image item-slide\" alt=\"\" loading=\"1\" srcset=\"https:\/\/www.waterair.com\/wp-content\/uploads\/2022\/08\/unadjustednonraw-thumb-6131-1360x765.jpg 1360w, https:\/\/www.waterair.com\/wp-content\/uploads\/2022\/08\/unadjustednonraw-thumb-6131-440x248.jpg 440w, https:\/\/www.waterair.com\/wp-content\/uploads\/2022\/08\/unadjustednonraw-thumb-6131.jpg 768w\" sizes=\"auto, (max-width: 1360px) 100vw, 1360px\" \/>\t                            <\/div>\n                                                    <div class=\"block-slider__image\">\n                                \t\t\t<img loading=\"lazy\" decoding=\"async\" width=\"1360\" height=\"765\" src=\"https:\/\/www.waterair.com\/wp-content\/uploads\/2022\/08\/unadjustednonraw-thumb-5a95-1360x765.jpg\" class=\"item-slide__image item-slide\" alt=\"\" loading=\"1\" srcset=\"https:\/\/www.waterair.com\/wp-content\/uploads\/2022\/08\/unadjustednonraw-thumb-5a95-1360x765.jpg 1360w, https:\/\/www.waterair.com\/wp-content\/uploads\/2022\/08\/unadjustednonraw-thumb-5a95-440x248.jpg 440w, https:\/\/www.waterair.com\/wp-content\/uploads\/2022\/08\/unadjustednonraw-thumb-5a95.jpg 768w\" sizes=\"auto, (max-width: 1360px) 100vw, 1360px\" \/>\t                            <\/div>\n                                                    <div class=\"block-slider__image\">\n                                \t\t\t<img loading=\"lazy\" decoding=\"async\" width=\"1360\" height=\"765\" src=\"https:\/\/www.waterair.com\/wp-content\/uploads\/2022\/08\/unadjustednonraw-thumb-590e-1360x765.jpg\" class=\"item-slide__image item-slide\" alt=\"\" loading=\"1\" srcset=\"https:\/\/www.waterair.com\/wp-content\/uploads\/2022\/08\/unadjustednonraw-thumb-590e-1360x765.jpg 1360w, https:\/\/www.waterair.com\/wp-content\/uploads\/2022\/08\/unadjustednonraw-thumb-590e-440x248.jpg 440w, https:\/\/www.waterair.com\/wp-content\/uploads\/2022\/08\/unadjustednonraw-thumb-590e.jpg 768w\" sizes=\"auto, (max-width: 1360px) 100vw, 1360px\" \/>\t                            <\/div>\n                                            <\/div>\n                            <\/div>\n                <\/div>\n            <\/div>\n        \n    <\/div>\n","protected":false},"excerpt":{"rendered":"<p>Unser Traumpool Chronologischer Ablauf Unser Poolbau-Abenteuer begann mit dem ersten Beratungsgespr\u00e4ch bei Herrn Neumann von der Firma Schwimmbad Henne in Pforzheim. Aufgrund der durchgehend guten Beratung und der M\u00f6glichkeit, selbst mit anzupacken, haben wir uns f\u00fcr das Modell Sara von Waterair entschieden. Am 5. Februar 2018 wurde der erste Baggerhub gemacht und es gab kein [&hellip;]<\/p>\n","protected":false},"author":0,"featured_media":229946,"parent":521999,"menu_order":0,"comment_status":"closed","ping_status":"closed","template":"","meta":{"_acf_changed":false,"om_disable_all_campaigns":false,"footnotes":""},"class_list":["post-521894","page","type-page","status-publish","has-post-thumbnail","hentry"],"acf":[],"yoast_head":"<!-- This site is optimized with the Yoast SEO Premium plugin v25.4 (Yoast SEO v27.2) - https:\/\/yoast.com\/product\/yoast-seo-premium-wordpress\/ -->\n<title>Erfahrungsbericht Familie St\u00f6nner | Waterair Pools<\/title>\n<meta name=\"description\" content=\"Erfahren Sie, wie Familie St\u00f6nner ihren Traumpool mit Hilfe von Waterair realisiert hat. Von der ersten Beratung bis hin zum Poolbau \u2013 und alles zu einem g\u00fcnstigen Preis.\" \/>\n<meta name=\"robots\" content=\"index, follow, max-snippet:-1, max-image-preview:large, max-video-preview:-1\" \/>\n<link rel=\"canonical\" href=\"https:\/\/www.waterair.com\/at\/tipps\/kunden-waterair\/familie-stonner\" \/>\n<meta property=\"og:locale\" content=\"de_DE\" \/>\n<meta property=\"og:type\" content=\"article\" \/>\n<meta property=\"og:title\" content=\"Erfahrungsbericht Familie St\u00f6nner\" \/>\n<meta property=\"og:description\" content=\"Erfahren Sie, wie Familie St\u00f6nner ihren Traumpool mit Hilfe von Waterair realisiert hat. Von der ersten Beratung bis hin zum Poolbau \u2013 und alles zu einem g\u00fcnstigen Preis.\" \/>\n<meta property=\"og:url\" content=\"https:\/\/www.waterair.com\/at\/tipps\/kunden-waterair\/familie-stonner\" \/>\n<meta property=\"og:site_name\" content=\"Waterair Pools\" \/>\n<meta property=\"article:modified_time\" content=\"2023-07-28T09:18:54+00:00\" \/>\n<meta property=\"og:image\" content=\"https:\/\/www.waterair.com\/wp-content\/uploads\/2022\/08\/unadjustednonraw-thumb-6131.jpg\" \/>\n\t<meta property=\"og:image:width\" content=\"768\" \/>\n\t<meta property=\"og:image:height\" content=\"432\" \/>\n\t<meta property=\"og:image:type\" content=\"image\/jpeg\" \/>\n<meta name=\"twitter:card\" content=\"summary_large_image\" \/>\n<meta name=\"twitter:label1\" content=\"Gesch\u00e4tzte Lesezeit\" \/>\n\t<meta name=\"twitter:data1\" content=\"1 Minute\" \/>\n<script type=\"application\/ld+json\" class=\"yoast-schema-graph\">{\"@context\":\"https:\/\/schema.org\",\"@graph\":[{\"@type\":\"WebPage\",\"@id\":\"https:\/\/www.waterair.com\/at\/tipps\/kunden-waterair\/familie-stonner\",\"url\":\"https:\/\/www.waterair.com\/at\/tipps\/kunden-waterair\/familie-stonner\",\"name\":\"Erfahrungsbericht Familie St\u00f6nner | Waterair Pools\",\"isPartOf\":{\"@id\":\"https:\/\/www.waterair.com\/at\/#website\"},\"primaryImageOfPage\":{\"@id\":\"https:\/\/www.waterair.com\/at\/tipps\/kunden-waterair\/familie-stonner#primaryimage\"},\"image\":{\"@id\":\"https:\/\/www.waterair.com\/at\/tipps\/kunden-waterair\/familie-stonner#primaryimage\"},\"thumbnailUrl\":\"https:\/\/www.waterair.com\/wp-content\/uploads\/2022\/08\/unadjustednonraw-thumb-6131.jpg\",\"datePublished\":\"2022-08-18T13:03:31+00:00\",\"dateModified\":\"2023-07-28T09:18:54+00:00\",\"description\":\"Erfahren Sie, wie Familie St\u00f6nner ihren Traumpool mit Hilfe von Waterair realisiert hat. Von der ersten Beratung bis hin zum Poolbau \u2013 und alles zu einem g\u00fcnstigen Preis.\",\"breadcrumb\":{\"@id\":\"https:\/\/www.waterair.com\/at\/tipps\/kunden-waterair\/familie-stonner#breadcrumb\"},\"inLanguage\":\"de-AT\",\"potentialAction\":[{\"@type\":\"ReadAction\",\"target\":[\"https:\/\/www.waterair.com\/at\/tipps\/kunden-waterair\/familie-stonner\"]}]},{\"@type\":\"ImageObject\",\"inLanguage\":\"de-AT\",\"@id\":\"https:\/\/www.waterair.com\/at\/tipps\/kunden-waterair\/familie-stonner#primaryimage\",\"url\":\"https:\/\/www.waterair.com\/wp-content\/uploads\/2022\/08\/unadjustednonraw-thumb-6131.jpg\",\"contentUrl\":\"https:\/\/www.waterair.com\/wp-content\/uploads\/2022\/08\/unadjustednonraw-thumb-6131.jpg\",\"width\":768,\"height\":432},{\"@type\":\"BreadcrumbList\",\"@id\":\"https:\/\/www.waterair.com\/at\/tipps\/kunden-waterair\/familie-stonner#breadcrumb\",\"itemListElement\":[{\"@type\":\"ListItem\",\"position\":1,\"name\":\"Startseite\",\"item\":\"https:\/\/www.waterair.com\/at\"},{\"@type\":\"ListItem\",\"position\":2,\"name\":\"Erfahrungsberichte unserer Kunden\",\"item\":\"https:\/\/www.waterair.com\/at\/tipps\/kunden-waterair\"},{\"@type\":\"ListItem\",\"position\":3,\"name\":\"Erfahrungsbericht Familie St\u00f6nner\"}]},{\"@type\":\"WebSite\",\"@id\":\"https:\/\/www.waterair.com\/at\/#website\",\"url\":\"https:\/\/www.waterair.com\/at\/\",\"name\":\"Waterair Pools\",\"description\":\"\",\"potentialAction\":[{\"@type\":\"SearchAction\",\"target\":{\"@type\":\"EntryPoint\",\"urlTemplate\":\"https:\/\/www.waterair.com\/at\/?s={search_term_string}\"},\"query-input\":{\"@type\":\"PropertyValueSpecification\",\"valueRequired\":true,\"valueName\":\"search_term_string\"}}],\"inLanguage\":\"de-AT\"}]}<\/script>\n<!-- \/ Yoast SEO Premium plugin. -->","yoast_head_json":{"title":"Erfahrungsbericht Familie St\u00f6nner | Waterair Pools","description":"Erfahren Sie, wie Familie St\u00f6nner ihren Traumpool mit Hilfe von Waterair realisiert hat. Von der ersten Beratung bis hin zum Poolbau \u2013 und alles zu einem g\u00fcnstigen Preis.","robots":{"index":"index","follow":"follow","max-snippet":"max-snippet:-1","max-image-preview":"max-image-preview:large","max-video-preview":"max-video-preview:-1"},"canonical":"https:\/\/www.waterair.com\/at\/tipps\/kunden-waterair\/familie-stonner","og_locale":"de_DE","og_type":"article","og_title":"Erfahrungsbericht Familie St\u00f6nner","og_description":"Erfahren Sie, wie Familie St\u00f6nner ihren Traumpool mit Hilfe von Waterair realisiert hat. Von der ersten Beratung bis hin zum Poolbau \u2013 und alles zu einem g\u00fcnstigen Preis.","og_url":"https:\/\/www.waterair.com\/at\/tipps\/kunden-waterair\/familie-stonner","og_site_name":"Waterair Pools","article_modified_time":"2023-07-28T09:18:54+00:00","og_image":[{"width":768,"height":432,"url":"https:\/\/www.waterair.com\/wp-content\/uploads\/2022\/08\/unadjustednonraw-thumb-6131.jpg","type":"image\/jpeg"}],"twitter_card":"summary_large_image","twitter_misc":{"Gesch\u00e4tzte Lesezeit":"1 Minute"},"schema":{"@context":"https:\/\/schema.org","@graph":[{"@type":"WebPage","@id":"https:\/\/www.waterair.com\/at\/tipps\/kunden-waterair\/familie-stonner","url":"https:\/\/www.waterair.com\/at\/tipps\/kunden-waterair\/familie-stonner","name":"Erfahrungsbericht Familie St\u00f6nner | Waterair Pools","isPartOf":{"@id":"https:\/\/www.waterair.com\/at\/#website"},"primaryImageOfPage":{"@id":"https:\/\/www.waterair.com\/at\/tipps\/kunden-waterair\/familie-stonner#primaryimage"},"image":{"@id":"https:\/\/www.waterair.com\/at\/tipps\/kunden-waterair\/familie-stonner#primaryimage"},"thumbnailUrl":"https:\/\/www.waterair.com\/wp-content\/uploads\/2022\/08\/unadjustednonraw-thumb-6131.jpg","datePublished":"2022-08-18T13:03:31+00:00","dateModified":"2023-07-28T09:18:54+00:00","description":"Erfahren Sie, wie Familie St\u00f6nner ihren Traumpool mit Hilfe von Waterair realisiert hat. Von der ersten Beratung bis hin zum Poolbau \u2013 und alles zu einem g\u00fcnstigen Preis.","breadcrumb":{"@id":"https:\/\/www.waterair.com\/at\/tipps\/kunden-waterair\/familie-stonner#breadcrumb"},"inLanguage":"de-AT","potentialAction":[{"@type":"ReadAction","target":["https:\/\/www.waterair.com\/at\/tipps\/kunden-waterair\/familie-stonner"]}]},{"@type":"ImageObject","inLanguage":"de-AT","@id":"https:\/\/www.waterair.com\/at\/tipps\/kunden-waterair\/familie-stonner#primaryimage","url":"https:\/\/www.waterair.com\/wp-content\/uploads\/2022\/08\/unadjustednonraw-thumb-6131.jpg","contentUrl":"https:\/\/www.waterair.com\/wp-content\/uploads\/2022\/08\/unadjustednonraw-thumb-6131.jpg","width":768,"height":432},{"@type":"BreadcrumbList","@id":"https:\/\/www.waterair.com\/at\/tipps\/kunden-waterair\/familie-stonner#breadcrumb","itemListElement":[{"@type":"ListItem","position":1,"name":"Startseite","item":"https:\/\/www.waterair.com\/at"},{"@type":"ListItem","position":2,"name":"Erfahrungsberichte unserer Kunden","item":"https:\/\/www.waterair.com\/at\/tipps\/kunden-waterair"},{"@type":"ListItem","position":3,"name":"Erfahrungsbericht Familie St\u00f6nner"}]},{"@type":"WebSite","@id":"https:\/\/www.waterair.com\/at\/#website","url":"https:\/\/www.waterair.com\/at\/","name":"Waterair Pools","description":"","potentialAction":[{"@type":"SearchAction","target":{"@type":"EntryPoint","urlTemplate":"https:\/\/www.waterair.com\/at\/?s={search_term_string}"},"query-input":{"@type":"PropertyValueSpecification","valueRequired":true,"valueName":"search_term_string"}}],"inLanguage":"de-AT"}]}},"_links":{"self":[{"href":"https:\/\/www.waterair.com\/at\/wp-json\/wp\/v2\/pages\/521894","targetHints":{"allow":["GET"]}}],"collection":[{"href":"https:\/\/www.waterair.com\/at\/wp-json\/wp\/v2\/pages"}],"about":[{"href":"https:\/\/www.waterair.com\/at\/wp-json\/wp\/v2\/types\/page"}],"replies":[{"embeddable":true,"href":"https:\/\/www.waterair.com\/at\/wp-json\/wp\/v2\/comments?post=521894"}],"version-history":[{"count":2,"href":"https:\/\/www.waterair.com\/at\/wp-json\/wp\/v2\/pages\/521894\/revisions"}],"predecessor-version":[{"id":581997,"href":"https:\/\/www.waterair.com\/at\/wp-json\/wp\/v2\/pages\/521894\/revisions\/581997"}],"up":[{"embeddable":true,"href":"https:\/\/www.waterair.com\/at\/wp-json\/wp\/v2\/pages\/521999"}],"wp:featuredmedia":[{"embeddable":true,"href":"https:\/\/www.waterair.com\/at\/wp-json\/wp\/v2\/media\/229946"}],"wp:attachment":[{"href":"https:\/\/www.waterair.com\/at\/wp-json\/wp\/v2\/media?parent=521894"}],"curies":[{"name":"wp","href":"https:\/\/api.w.org\/{rel}","templated":true}]}}