{"id":64244,"date":"2021-11-04T10:11:59","date_gmt":"2021-11-04T09:11:59","guid":{"rendered":"https:\/\/waterair-preprod2.adipso.fr\/schwimmbad-renovierung"},"modified":"2022-06-27T11:24:26","modified_gmt":"2022-06-27T09:24:26","slug":"pool-renovierung","status":"publish","type":"page","link":"https:\/\/www.waterair.com\/at\/tipps\/schwimmbad-renovierung","title":{"rendered":"Renovieren Sie Ihren Waterair-Pool"},"content":{"rendered":"<div class=\"container block--core-paragraph\"><div class=\"row\"><div class=\"col-12 \">\n<p>Vor einiger Zeit haben Sie bei der Neuanschaffung Ihres Pools auf unsere Kompetenz vertraut. Heute suchen Sie einen Ansprechpartner f\u00fcr die Durchf\u00fchrung von Reparaturen und wir stehen Ihnen gerne weiterhin mit kompetentem Rat und Fachkenntnis zur Seite. M\u00f6chten Sie diese auch nutzen, um Ihren Pool&nbsp;noch komfortabler und sch\u00f6ner zu gestalten oder um seine Gestaltung an neue Erfordernisse anzupassen?<\/p>\n<\/div><\/div><\/div>\n\n<div  class=\"block-content-media  content-block   has-no-title\">\n            <div class=\"container\">\n            <div class=\"row\">\n                <div class=\"col\">\n                    <div class=\"row flex-column flex-md-row \">\n                        <div class=\"content-block__col col-12 d-flex flex-column align-items-md-start order-lg-2\">\n                                                                                                                                                <div data-wa=\"fade-up\" data-wa-delay=\"400\" class=\"content-block__description text--sm text-weight--300 mb-0\">\n                                    <p>Das Renovierungsangebot richtet sich an Kunden von Waterair Pools, die ihrem Pool nach jahrelanger Nutzung neuen Glanz verleihen m\u00f6chten:<\/p>\n<ul>\n<li>Anbau einer <a href=\"https:\/\/www.waterair.com\/at\/pools-und-ausstattung\/ausstattung\/treppen\">Treppe<\/a> f\u00fcr erh\u00f6hten Komfort<\/li>\n<li>Austausch der alten <a href=\"https:\/\/www.waterair.com\/at\/pools-und-ausstattung\/ausstattung\/beckenrandsteine\">Beckenrandsteine<\/a> durch neuere Modelle<\/li>\n<li>Austausch Ihrer <a href=\"https:\/\/www.waterair.com\/at\/pools-und-ausstattung\/ausstattung\/poolfolie\">Folie<\/a>, welche die Farbe des Wassers \u00e4ndern kann<\/li>\n<li>Erg\u00e4nzung einer <a href=\"https:\/\/www.waterair.com\/at\/pools-und-ausstattung\/ausstattung\/heizung\">Heizanlage<\/a><\/li>\n<li>Austausch eines flachen <a href=\"https:\/\/www.waterair.com\/at\/pools-und-ausstattung\/ausstattung\/boeden\">Beckenbodens<\/a> durch einen Mini-Graben<\/li>\n<li>Installation eines <a href=\"https:\/\/www.waterair.com\/at\/pools-und-ausstattung\/ausstattung\/beleuchtung\">Farbscheinwerfers<\/a> f\u00fcr angenehme Lichtverh\u00e4ltnisse beim abendlichen Schwimmen<\/li>\n<li>Erg\u00e4nzung von Isoplan-Isolationsmaterial f\u00fcr eine verbesserte Isolation des Pools und die profitable Einsparung von W\u00e4rmeverlusten<\/li>\n<\/ul>\n<p>&nbsp;<\/p>\n                                <\/div>\n                                                                                        <div data-wa=\"fade-up\" data-wa-delay=\"500\">\n                                                                    <\/div>\n                                                    <\/div>\n                                            <\/div>\n                <\/div>\n            <\/div>\n        <\/div>\n    <\/div>\n\n<div class=\"container block--core-columns\"><div class=\"row\"><div class=\"col-12 \">\n<div class=\"wp-block-columns is-layout-flex wp-container-core-columns-is-layout-9d6595d7 wp-block-columns-is-layout-flex\">\n<div class=\"wp-block-column is-layout-flow wp-block-column-is-layout-flow\"><div data-wa=\"fade-up\"  class=\"block-slider  dots-absolute content-block\">\n    \n                <div class=\"container\">\n            <div class=\"row\">\n                <div class=\"col-12\">\n                            <div\n                            class=\"js-slider\"\n                            data-infinite=\"true\"\n                            data-slides-to-show=\"1\"\n                            data-slides-to-scroll=\"1\"\n                            data-fade=\"true\"\n                            data-adaptive-height=\"true\"\n                            data-dots=\"false\"\n                            data-arrows=\"true\"\n                    >\n                                                    <div class=\"block-slider__image\">\n                                \t\t\t<img loading=\"lazy\" decoding=\"async\" width=\"1360\" height=\"765\" src=\"https:\/\/www.waterair.com\/wp-content\/uploads\/2021\/11\/renovation-piscine-3-1360x765.jpg\" class=\"item-slide__image item-slide\" alt=\"\" loading=\"1\" srcset=\"https:\/\/www.waterair.com\/wp-content\/uploads\/2021\/11\/renovation-piscine-3-1360x765.jpg 1360w, https:\/\/www.waterair.com\/wp-content\/uploads\/2021\/11\/renovation-piscine-3-1440x810.jpg 1440w, https:\/\/www.waterair.com\/wp-content\/uploads\/2021\/11\/renovation-piscine-3-768x432.jpg 768w, https:\/\/www.waterair.com\/wp-content\/uploads\/2021\/11\/renovation-piscine-3-1536x864.jpg 1536w, https:\/\/www.waterair.com\/wp-content\/uploads\/2021\/11\/renovation-piscine-3-880x495.jpg 880w, https:\/\/www.waterair.com\/wp-content\/uploads\/2021\/11\/renovation-piscine-3-440x248.jpg 440w, https:\/\/www.waterair.com\/wp-content\/uploads\/2021\/11\/renovation-piscine-3-1840x1035.jpg 1840w, https:\/\/www.waterair.com\/wp-content\/uploads\/2021\/11\/renovation-piscine-3-920x518.jpg 920w, https:\/\/www.waterair.com\/wp-content\/uploads\/2021\/11\/renovation-piscine-3.jpg 1920w\" sizes=\"auto, (max-width: 1360px) 100vw, 1360px\" \/>\t                            <\/div>\n                                                    <div class=\"block-slider__image\">\n                                \t\t\t<img loading=\"lazy\" decoding=\"async\" width=\"1360\" height=\"765\" src=\"https:\/\/www.waterair.com\/wp-content\/uploads\/2021\/10\/renovation-piscine-4-1360x765.jpg\" class=\"item-slide__image item-slide\" alt=\"\" loading=\"1\" srcset=\"https:\/\/www.waterair.com\/wp-content\/uploads\/2021\/10\/renovation-piscine-4-1360x765.jpg 1360w, https:\/\/www.waterair.com\/wp-content\/uploads\/2021\/10\/renovation-piscine-4-1440x810.jpg 1440w, https:\/\/www.waterair.com\/wp-content\/uploads\/2021\/10\/renovation-piscine-4-768x432.jpg 768w, https:\/\/www.waterair.com\/wp-content\/uploads\/2021\/10\/renovation-piscine-4-1536x864.jpg 1536w, https:\/\/www.waterair.com\/wp-content\/uploads\/2021\/10\/renovation-piscine-4-880x495.jpg 880w, https:\/\/www.waterair.com\/wp-content\/uploads\/2021\/10\/renovation-piscine-4-440x248.jpg 440w, https:\/\/www.waterair.com\/wp-content\/uploads\/2021\/10\/renovation-piscine-4-1840x1035.jpg 1840w, https:\/\/www.waterair.com\/wp-content\/uploads\/2021\/10\/renovation-piscine-4-920x518.jpg 920w, https:\/\/www.waterair.com\/wp-content\/uploads\/2021\/10\/renovation-piscine-4.jpg 1920w\" sizes=\"auto, (max-width: 1360px) 100vw, 1360px\" \/>\t                            <\/div>\n                                            <\/div>\n                            <\/div>\n                <\/div>\n            <\/div>\n        \n    <\/div>\n<\/div>\n\n\n\n<div class=\"wp-block-column is-layout-flow wp-block-column-is-layout-flow\"><div class=\"container block--core-heading\"><div class=\"row\"><div class=\"col-12 \">\n<h2 class=\"wp-block-heading\">Die Renovierung eines Pools kann vielf\u00e4ltig sein.<\/h2>\n<\/div><\/div><\/div>\n\n<div class=\"container block--core-paragraph\"><div class=\"row\"><div class=\"col-12 \">\n<p>Ganz gleich, wie gro\u00df oder klein Ihr Projekt ausf\u00e4llt &#8211; unsere Verkaufsberater und Techniker unterst\u00fctzen Sie bei der Modernisierung und Neugestaltung Ihres Schwimmbereichs, damit Sie von erh\u00f6htem Komfort profitieren k\u00f6nnen und Ihren Pool stets eine Wohlf\u00fchl-Oase bleibt.<\/p>\n<\/div><\/div><\/div><\/div>\n<\/div>\n<\/div><\/div><\/div>\n\n<div class=\"container block--core-columns\"><div class=\"row\"><div class=\"col-12 \">\n<div class=\"wp-block-columns is-layout-flex wp-container-core-columns-is-layout-9d6595d7 wp-block-columns-is-layout-flex\">\n<div class=\"wp-block-column is-layout-flow wp-block-column-is-layout-flow\"><div class=\"container block--core-heading\"><div class=\"row\"><div class=\"col-12 \">\n<h2 class=\"wp-block-heading\">Wir beraten und unterst\u00fctzen Sie<\/h2>\n<\/div><\/div><\/div>\n\n<div class=\"container block--core-paragraph\"><div class=\"row\"><div class=\"col-12 \">\n<p>W\u00fcnschen Sie Beratung und Unterst\u00fctzung f\u00fcr die Renovierung Ihres Waterair-Pools? Ein Waterair-Partner aus Ihrer N\u00e4he wird sich schnellstm\u00f6glich mit Ihnen in Verbindung setzen. Unter Ber\u00fccksichtigung Ihres Terminplans unterst\u00fctzt er Sie mit fachkundiger Beratung bei der effizienten Neugestaltung Ihres Swimmingpools.<\/p>\n<\/div><\/div><\/div><\/div>\n\n\n\n<div class=\"wp-block-column is-layout-flow wp-block-column-is-layout-flow\"><div data-wa=\"fade-up\"  class=\"block-slider  dots-absolute content-block\">\n    \n                <div class=\"container\">\n            <div class=\"row\">\n                <div class=\"col-12\">\n                            <div\n                            class=\"js-slider\"\n                            data-infinite=\"true\"\n                            data-slides-to-show=\"1\"\n                            data-slides-to-scroll=\"1\"\n                            data-fade=\"true\"\n                            data-adaptive-height=\"true\"\n                            data-dots=\"false\"\n                            data-arrows=\"true\"\n                    >\n                                                    <div class=\"block-slider__image\">\n                                \t\t\t<img loading=\"lazy\" decoding=\"async\" width=\"1360\" height=\"765\" src=\"https:\/\/www.waterair.com\/wp-content\/uploads\/2021\/10\/renovation-piscine-1_0-1360x765.jpg\" class=\"item-slide__image item-slide\" alt=\"\" loading=\"1\" srcset=\"https:\/\/www.waterair.com\/wp-content\/uploads\/2021\/10\/renovation-piscine-1_0-1360x765.jpg 1360w, https:\/\/www.waterair.com\/wp-content\/uploads\/2021\/10\/renovation-piscine-1_0-1440x810.jpg 1440w, https:\/\/www.waterair.com\/wp-content\/uploads\/2021\/10\/renovation-piscine-1_0-768x432.jpg 768w, https:\/\/www.waterair.com\/wp-content\/uploads\/2021\/10\/renovation-piscine-1_0-1536x864.jpg 1536w, https:\/\/www.waterair.com\/wp-content\/uploads\/2021\/10\/renovation-piscine-1_0-880x495.jpg 880w, https:\/\/www.waterair.com\/wp-content\/uploads\/2021\/10\/renovation-piscine-1_0-440x248.jpg 440w, https:\/\/www.waterair.com\/wp-content\/uploads\/2021\/10\/renovation-piscine-1_0-1840x1035.jpg 1840w, https:\/\/www.waterair.com\/wp-content\/uploads\/2021\/10\/renovation-piscine-1_0-920x518.jpg 920w, https:\/\/www.waterair.com\/wp-content\/uploads\/2021\/10\/renovation-piscine-1_0.jpg 1920w\" sizes=\"auto, (max-width: 1360px) 100vw, 1360px\" \/>\t                            <\/div>\n                                                    <div class=\"block-slider__image\">\n                                \t\t\t<img loading=\"lazy\" decoding=\"async\" width=\"1360\" height=\"765\" src=\"https:\/\/www.waterair.com\/wp-content\/uploads\/2021\/10\/renovation-piscine-2-1360x765.jpg\" class=\"item-slide__image item-slide\" alt=\"\" loading=\"1\" srcset=\"https:\/\/www.waterair.com\/wp-content\/uploads\/2021\/10\/renovation-piscine-2-1360x765.jpg 1360w, https:\/\/www.waterair.com\/wp-content\/uploads\/2021\/10\/renovation-piscine-2-1440x810.jpg 1440w, https:\/\/www.waterair.com\/wp-content\/uploads\/2021\/10\/renovation-piscine-2-768x432.jpg 768w, https:\/\/www.waterair.com\/wp-content\/uploads\/2021\/10\/renovation-piscine-2-1536x864.jpg 1536w, https:\/\/www.waterair.com\/wp-content\/uploads\/2021\/10\/renovation-piscine-2-880x495.jpg 880w, https:\/\/www.waterair.com\/wp-content\/uploads\/2021\/10\/renovation-piscine-2-440x248.jpg 440w, https:\/\/www.waterair.com\/wp-content\/uploads\/2021\/10\/renovation-piscine-2-1840x1035.jpg 1840w, https:\/\/www.waterair.com\/wp-content\/uploads\/2021\/10\/renovation-piscine-2-920x518.jpg 920w, https:\/\/www.waterair.com\/wp-content\/uploads\/2021\/10\/renovation-piscine-2.jpg 1920w\" sizes=\"auto, (max-width: 1360px) 100vw, 1360px\" \/>\t                            <\/div>\n                                            <\/div>\n                            <\/div>\n                <\/div>\n            <\/div>\n        \n    <\/div>\n<\/div>\n<\/div>\n<\/div><\/div><\/div>\n\n    <div  class=\"block-button content-block mb-0 mt-2\" data-tab-section>\n        <div class=\"container\">\n            <div class=\"row\">\n                <div class=\"col-12 col-md-10 offset-md-1\">\n                    <div class=\"d-flex flex-wrap flex-column flex-md-row justify-content-center spaced-md-4 mt-6 mb-5 mb-md-0\">\n                                                        <a\tdata-wa=\"button\" data-wa-wave=\"primary\"\n\tclass=\"btn btn--primary mb-0 mb-md-5\"\n\t\t\thref=\"https:\/\/www.waterair.com\/at\/poolrenovierung\"\n\t\ttarget=\"_blank\">\n\t\tZum Formular f\u00fcr die Pool-Renovierung    <\/a>\n                                                                    <\/div>\n                <\/div>\n            <\/div>\n        <\/div>\n    <\/div>\n\n\n<div  class=\"block-chiffres  content-block\">\n\t\t\t<svg class=\"content-block__wave\" xmlns=\"http:\/\/www.w3.org\/2000\/svg\" preserveAspectRatio=\"none\" width=\"792\" height=\"113\" viewBox=\"0 0 792 113\">\n\t\t\t<path fill=\"#0080C8\" d=\"M431.725539,-340.566487 C409.271632,-304.562081 392.525634,-252.714767 387.640542,-179.798441 C369.042596,122.812782 497.396885,38.5205026 497.396885,452.206968 C497.55866,212.705563 497.186394,-340.754832 497.396885,-340.566487 C497.607458,-340.372208 431.896885,-340.551731 431.725539,-340.566487 Z\" transform=\"matrix(0 1 1 0 340.564 -384.897)\"\/>\n\t\t<\/svg>\n\t\t<div class=\"content-block__wrapper\">\n\t\t\t<div class=\"container\">\n\t\t\t\t<div class=\"row justify-content-center\">\n\t\t\t\t\t\t\t\t\t\t\t<div class=\"col-lg-7\">\n\t\t\t\t\t\t\t<h2 data-wa=\"fade-up\" class=\"content-block__title h1 text-inherit mb-0\">Europ\u00e4ischer Marktf\u00fchrer im Bereich Swimmingpool-Baus\u00e4tze<\/h2>\n\t\t\t\t\t\t<\/div>\n\t\t\t\t\t\t\t\t\t\t\t\t\t\t\t\t<div class=\"col-lg-11\">\n\t\t\t\t\t\t\t<p data-wa=\"fade-up\" data-wa-delay=\"100\" class=\"content-block__description text--lg mt-4 mb-0\">Wir sind in mehr als 29 L\u00e4ndern pr\u00e4sent und nicht nur bekannt f\u00fcr die Qualit\u00e4t unserer Produkte und unsere zuverl\u00e4ssigen Services, sondern auch f\u00fcr unsere au\u00dfergew\u00f6hnlich wettbewerbsf\u00e4higen Preise<\/p>\n\t\t\t\t\t\t<\/div>\n\t\t\t\t\t\t\t\t\t<\/div>\n\t\t\t\t\t\t\t\t\t<div data-wa=\"fade-up\" data-wa-delay=\"200\" class=\"row justify-content-center\">\n\t\t\t\t\t\t\t\t\t\t\t\t\t<div class=\"content-block__number col-md-6 col-lg-3\">\n\t\t\t\t\t\t\t\t<p class=\"content-block__number__value\"><span data-wa=\"counter\">30<\/span> Jahre<\/p>\n\t\t\t\t\t\t\t\t<p class=\"content-block__number__label\">Garantie auf die Stahl-Struktur*<\/p>\n\t\t\t\t\t\t\t<\/div>\n\t\t\t\t\t\t\t\t\t\t\t\t\t<div class=\"content-block__number col-md-6 col-lg-3\">\n\t\t\t\t\t\t\t\t<p class=\"content-block__number__value\">+<span data-wa=\"counter\">50<\/span> Jahre<\/p>\n\t\t\t\t\t\t\t\t<p class=\"content-block__number__label\">Hersteller-Erfahrung<\/p>\n\t\t\t\t\t\t\t<\/div>\n\t\t\t\t\t\t\t\t\t\t\t\t\t<div class=\"content-block__number col-md-6 col-lg-3\">\n\t\t\t\t\t\t\t\t<p class=\"content-block__number__value\">+<span data-wa=\"counter\">20<\/span>%<\/p>\n\t\t\t\t\t\t\t\t<p class=\"content-block__number__label\">Wertsteigerung f\u00fcr Ihre Immobilie<\/p>\n\t\t\t\t\t\t\t<\/div>\n\t\t\t\t\t\t\t\t\t\t\t\t\t<div class=\"content-block__number col-md-6 col-lg-3\">\n\t\t\t\t\t\t\t\t<p class=\"content-block__number__value\"><span data-wa=\"counter\">139 000<\/span><\/p>\n\t\t\t\t\t\t\t\t<p class=\"content-block__number__label\">zufriedene Kunden<\/p>\n\t\t\t\t\t\t\t<\/div>\n\t\t\t\t\t\t\t\t\t\t\t<\/div>\n\t\t\t\t\t\t\t\t\t\t\t\t\t\t\t\t\t<div class=\"row justify-content-center\">\n\t\t\t\t\t\t<div class=\"col-md-10\">\n\t\t\t\t\t\t\t<div data-wa=\"fade-up\" data-wa-delay=\"400\" class=\"content-block__legal wysiwyg mt-8\"><\/div>\n\t\t\t\t\t\t<\/div>\n\t\t\t\t\t<\/div>\n\t\t\t\t\t\t\t\t\t\t\t\t\t<img loading=\"lazy\" decoding=\"async\" src=\"https:\/\/www.waterair.com\/wp-content\/uploads\/2021\/08\/made-in-france.svg\" width=\"120\" height=\"120\" class=\"content-block__picto\" alt=\"\">\n\t\t\t\t\t\t\t<\/div>\n\t\t\t\t\t<\/div>\n\t\t<div class=\"content-block__wave-outline-1\">\n\t\t\t<svg width=\"678\" height=\"589\" viewBox=\"0 0 1000 1000\">\n\t\t\t\t<path fill=\"none\" stroke=\"#FFF\" stroke-width=\"2\" opacity=\".2\" data-blob='{\"minRadius\": \"430\",\"maxRadius\":\"490\", \"numPoints\": \"16\"}'><\/path>\n\t\t\t<\/svg>\n\t\t<\/div>\n\t\t<div class=\"content-block__wave-outline-2\">\n\t\t\t<svg width=\"678\" height=\"589\" viewBox=\"0 0 1000 1000\">\n\t\t\t\t<path fill=\"none\" stroke=\"#FFF\" stroke-width=\"2\" opacity=\".2\" data-blob='{\"minRadius\": \"430\",\"maxRadius\":\"490\", \"numPoints\": \"16\"}'><\/path>\n\t\t\t<\/svg>\n\t\t<\/div>\n\t<\/div>","protected":false},"excerpt":{"rendered":"<p>Vor einiger Zeit haben Sie bei der Neuanschaffung Ihres Pools auf unsere Kompetenz vertraut. Heute suchen Sie einen Ansprechpartner f\u00fcr die Durchf\u00fchrung von Reparaturen und wir stehen Ihnen gerne weiterhin mit kompetentem Rat und Fachkenntnis zur Seite. M\u00f6chten Sie diese auch nutzen, um Ihren Pool&nbsp;noch komfortabler und sch\u00f6ner zu gestalten oder um seine Gestaltung an [&hellip;]<\/p>\n","protected":false},"author":1,"featured_media":64219,"parent":0,"menu_order":0,"comment_status":"closed","ping_status":"closed","template":"","meta":{"_acf_changed":false,"om_disable_all_campaigns":false,"footnotes":""},"class_list":["post-64244","page","type-page","status-publish","has-post-thumbnail","hentry"],"acf":[],"yoast_head":"<!-- This site is optimized with the Yoast SEO Premium plugin v25.4 (Yoast SEO v27.2) - https:\/\/yoast.com\/product\/yoast-seo-premium-wordpress\/ -->\n<title>Renovieren Sie Ihren ma\u00dfgeschneiderten Pool | Waterair Pools<\/title>\n<meta name=\"description\" content=\"Waterair Pools \u00fcbernimmt die fachgerechte Renovierung Ihres Pools. Auswechseln der wasserundurchl\u00e4ssigen Schwimmbeckenbeschichtung (Folie), Anbau einer Treppe, Auswechseln der Beckenrandsteine: Unser erfahrenes Team steht Ihnen mit Rat und Tat zur Seite.\" \/>\n<meta name=\"robots\" content=\"index, follow, max-snippet:-1, max-image-preview:large, max-video-preview:-1\" \/>\n<link rel=\"canonical\" href=\"https:\/\/www.waterair.com\/at\/tipps\/schwimmbad-renovierung\" \/>\n<meta property=\"og:locale\" content=\"de_DE\" \/>\n<meta property=\"og:type\" content=\"article\" \/>\n<meta property=\"og:title\" content=\"Renovieren Sie Ihren Waterair-Pool\" \/>\n<meta property=\"og:description\" content=\"Waterair Pools \u00fcbernimmt die fachgerechte Renovierung Ihres Pools. Auswechseln der wasserundurchl\u00e4ssigen Schwimmbeckenbeschichtung (Folie), Anbau einer Treppe, Auswechseln der Beckenrandsteine: Unser erfahrenes Team steht Ihnen mit Rat und Tat zur Seite.\" \/>\n<meta property=\"og:url\" content=\"https:\/\/www.waterair.com\/at\/tipps\/schwimmbad-renovierung\" \/>\n<meta property=\"og:site_name\" content=\"Waterair Pools\" \/>\n<meta property=\"article:modified_time\" content=\"2022-06-27T09:24:26+00:00\" \/>\n<meta property=\"og:image\" content=\"https:\/\/www.waterair.com\/wp-content\/uploads\/2021\/11\/renovation-piscine-3.jpg\" \/>\n\t<meta property=\"og:image:width\" content=\"1920\" \/>\n\t<meta property=\"og:image:height\" content=\"1080\" \/>\n\t<meta property=\"og:image:type\" content=\"image\/jpeg\" \/>\n<meta name=\"twitter:card\" content=\"summary_large_image\" \/>\n<meta name=\"twitter:label1\" content=\"Gesch\u00e4tzte Lesezeit\" \/>\n\t<meta name=\"twitter:data1\" content=\"1 Minute\" \/>\n<script type=\"application\/ld+json\" class=\"yoast-schema-graph\">{\"@context\":\"https:\/\/schema.org\",\"@graph\":[{\"@type\":\"WebPage\",\"@id\":\"https:\/\/www.waterair.com\/at\/tipps\/schwimmbad-renovierung\",\"url\":\"https:\/\/www.waterair.com\/at\/tipps\/schwimmbad-renovierung\",\"name\":\"Renovieren Sie Ihren ma\u00dfgeschneiderten Pool | Waterair Pools\",\"isPartOf\":{\"@id\":\"https:\/\/www.waterair.com\/at\/#website\"},\"primaryImageOfPage\":{\"@id\":\"https:\/\/www.waterair.com\/at\/tipps\/schwimmbad-renovierung#primaryimage\"},\"image\":{\"@id\":\"https:\/\/www.waterair.com\/at\/tipps\/schwimmbad-renovierung#primaryimage\"},\"thumbnailUrl\":\"https:\/\/www.waterair.com\/wp-content\/uploads\/2021\/11\/renovation-piscine-3.jpg\",\"datePublished\":\"2021-11-04T09:11:59+00:00\",\"dateModified\":\"2022-06-27T09:24:26+00:00\",\"description\":\"Waterair Pools \u00fcbernimmt die fachgerechte Renovierung Ihres Pools. Auswechseln der wasserundurchl\u00e4ssigen Schwimmbeckenbeschichtung (Folie), Anbau einer Treppe, Auswechseln der Beckenrandsteine: Unser erfahrenes Team steht Ihnen mit Rat und Tat zur Seite.\",\"breadcrumb\":{\"@id\":\"https:\/\/www.waterair.com\/at\/tipps\/schwimmbad-renovierung#breadcrumb\"},\"inLanguage\":\"de-AT\",\"potentialAction\":[{\"@type\":\"ReadAction\",\"target\":[\"https:\/\/www.waterair.com\/at\/tipps\/schwimmbad-renovierung\"]}]},{\"@type\":\"ImageObject\",\"inLanguage\":\"de-AT\",\"@id\":\"https:\/\/www.waterair.com\/at\/tipps\/schwimmbad-renovierung#primaryimage\",\"url\":\"https:\/\/www.waterair.com\/wp-content\/uploads\/2021\/11\/renovation-piscine-3.jpg\",\"contentUrl\":\"https:\/\/www.waterair.com\/wp-content\/uploads\/2021\/11\/renovation-piscine-3.jpg\",\"width\":1920,\"height\":1080},{\"@type\":\"BreadcrumbList\",\"@id\":\"https:\/\/www.waterair.com\/at\/tipps\/schwimmbad-renovierung#breadcrumb\",\"itemListElement\":[{\"@type\":\"ListItem\",\"position\":1,\"name\":\"Startseite\",\"item\":\"https:\/\/www.waterair.com\/at\"},{\"@type\":\"ListItem\",\"position\":2,\"name\":\"Renovieren Sie Ihren Waterair-Pool\"}]},{\"@type\":\"WebSite\",\"@id\":\"https:\/\/www.waterair.com\/at\/#website\",\"url\":\"https:\/\/www.waterair.com\/at\/\",\"name\":\"Waterair Pools\",\"description\":\"\",\"potentialAction\":[{\"@type\":\"SearchAction\",\"target\":{\"@type\":\"EntryPoint\",\"urlTemplate\":\"https:\/\/www.waterair.com\/at\/?s={search_term_string}\"},\"query-input\":{\"@type\":\"PropertyValueSpecification\",\"valueRequired\":true,\"valueName\":\"search_term_string\"}}],\"inLanguage\":\"de-AT\"}]}<\/script>\n<!-- \/ Yoast SEO Premium plugin. -->","yoast_head_json":{"title":"Renovieren Sie Ihren ma\u00dfgeschneiderten Pool | Waterair Pools","description":"Waterair Pools \u00fcbernimmt die fachgerechte Renovierung Ihres Pools. Auswechseln der wasserundurchl\u00e4ssigen Schwimmbeckenbeschichtung (Folie), Anbau einer Treppe, Auswechseln der Beckenrandsteine: Unser erfahrenes Team steht Ihnen mit Rat und Tat zur Seite.","robots":{"index":"index","follow":"follow","max-snippet":"max-snippet:-1","max-image-preview":"max-image-preview:large","max-video-preview":"max-video-preview:-1"},"canonical":"https:\/\/www.waterair.com\/at\/tipps\/schwimmbad-renovierung","og_locale":"de_DE","og_type":"article","og_title":"Renovieren Sie Ihren Waterair-Pool","og_description":"Waterair Pools \u00fcbernimmt die fachgerechte Renovierung Ihres Pools. Auswechseln der wasserundurchl\u00e4ssigen Schwimmbeckenbeschichtung (Folie), Anbau einer Treppe, Auswechseln der Beckenrandsteine: Unser erfahrenes Team steht Ihnen mit Rat und Tat zur Seite.","og_url":"https:\/\/www.waterair.com\/at\/tipps\/schwimmbad-renovierung","og_site_name":"Waterair Pools","article_modified_time":"2022-06-27T09:24:26+00:00","og_image":[{"width":1920,"height":1080,"url":"https:\/\/www.waterair.com\/wp-content\/uploads\/2021\/11\/renovation-piscine-3.jpg","type":"image\/jpeg"}],"twitter_card":"summary_large_image","twitter_misc":{"Gesch\u00e4tzte Lesezeit":"1 Minute"},"schema":{"@context":"https:\/\/schema.org","@graph":[{"@type":"WebPage","@id":"https:\/\/www.waterair.com\/at\/tipps\/schwimmbad-renovierung","url":"https:\/\/www.waterair.com\/at\/tipps\/schwimmbad-renovierung","name":"Renovieren Sie Ihren ma\u00dfgeschneiderten Pool | Waterair Pools","isPartOf":{"@id":"https:\/\/www.waterair.com\/at\/#website"},"primaryImageOfPage":{"@id":"https:\/\/www.waterair.com\/at\/tipps\/schwimmbad-renovierung#primaryimage"},"image":{"@id":"https:\/\/www.waterair.com\/at\/tipps\/schwimmbad-renovierung#primaryimage"},"thumbnailUrl":"https:\/\/www.waterair.com\/wp-content\/uploads\/2021\/11\/renovation-piscine-3.jpg","datePublished":"2021-11-04T09:11:59+00:00","dateModified":"2022-06-27T09:24:26+00:00","description":"Waterair Pools \u00fcbernimmt die fachgerechte Renovierung Ihres Pools. Auswechseln der wasserundurchl\u00e4ssigen Schwimmbeckenbeschichtung (Folie), Anbau einer Treppe, Auswechseln der Beckenrandsteine: Unser erfahrenes Team steht Ihnen mit Rat und Tat zur Seite.","breadcrumb":{"@id":"https:\/\/www.waterair.com\/at\/tipps\/schwimmbad-renovierung#breadcrumb"},"inLanguage":"de-AT","potentialAction":[{"@type":"ReadAction","target":["https:\/\/www.waterair.com\/at\/tipps\/schwimmbad-renovierung"]}]},{"@type":"ImageObject","inLanguage":"de-AT","@id":"https:\/\/www.waterair.com\/at\/tipps\/schwimmbad-renovierung#primaryimage","url":"https:\/\/www.waterair.com\/wp-content\/uploads\/2021\/11\/renovation-piscine-3.jpg","contentUrl":"https:\/\/www.waterair.com\/wp-content\/uploads\/2021\/11\/renovation-piscine-3.jpg","width":1920,"height":1080},{"@type":"BreadcrumbList","@id":"https:\/\/www.waterair.com\/at\/tipps\/schwimmbad-renovierung#breadcrumb","itemListElement":[{"@type":"ListItem","position":1,"name":"Startseite","item":"https:\/\/www.waterair.com\/at"},{"@type":"ListItem","position":2,"name":"Renovieren Sie Ihren Waterair-Pool"}]},{"@type":"WebSite","@id":"https:\/\/www.waterair.com\/at\/#website","url":"https:\/\/www.waterair.com\/at\/","name":"Waterair Pools","description":"","potentialAction":[{"@type":"SearchAction","target":{"@type":"EntryPoint","urlTemplate":"https:\/\/www.waterair.com\/at\/?s={search_term_string}"},"query-input":{"@type":"PropertyValueSpecification","valueRequired":true,"valueName":"search_term_string"}}],"inLanguage":"de-AT"}]}},"_links":{"self":[{"href":"https:\/\/www.waterair.com\/at\/wp-json\/wp\/v2\/pages\/64244","targetHints":{"allow":["GET"]}}],"collection":[{"href":"https:\/\/www.waterair.com\/at\/wp-json\/wp\/v2\/pages"}],"about":[{"href":"https:\/\/www.waterair.com\/at\/wp-json\/wp\/v2\/types\/page"}],"author":[{"embeddable":true,"href":"https:\/\/www.waterair.com\/at\/wp-json\/wp\/v2\/users\/1"}],"replies":[{"embeddable":true,"href":"https:\/\/www.waterair.com\/at\/wp-json\/wp\/v2\/comments?post=64244"}],"version-history":[{"count":5,"href":"https:\/\/www.waterair.com\/at\/wp-json\/wp\/v2\/pages\/64244\/revisions"}],"predecessor-version":[{"id":582060,"href":"https:\/\/www.waterair.com\/at\/wp-json\/wp\/v2\/pages\/64244\/revisions\/582060"}],"wp:featuredmedia":[{"embeddable":true,"href":"https:\/\/www.waterair.com\/at\/wp-json\/wp\/v2\/media\/64219"}],"wp:attachment":[{"href":"https:\/\/www.waterair.com\/at\/wp-json\/wp\/v2\/media?parent=64244"}],"curies":[{"name":"wp","href":"https:\/\/api.w.org\/{rel}","templated":true}]}}