{"id":333293,"date":"2023-08-02T16:32:36","date_gmt":"2023-08-02T14:32:36","guid":{"rendered":"https:\/\/www.waterair.com\/?page_id=333293"},"modified":"2023-08-02T16:37:30","modified_gmt":"2023-08-02T14:37:30","slug":"entretien-et-piscine-eco-responsable-quels-liens","status":"publish","type":"page","link":"https:\/\/www.waterair.com\/be-fr\/conseils-assistance-temoignages\/entretien-piscine\/piscine-eco-responsables-quels-liens","title":{"rendered":"Entretien et piscine \u00e9co-responsable : quels liens ?"},"content":{"rendered":"<div class=\"container block--core-paragraph\"><div class=\"row\"><div class=\"col-12 \">\n<p><em>Comment profiter des joies de la baignade tout en restant respectueux de l\u2019environnement et en r\u00e9alisant des \u00e9conomies ? C\u2019est possible gr\u00e2ce \u00e0 plusieurs astuces pour \u00e9quiper et entretenir votre piscine. R\u00e9duction du chlore, filtration durable, bloc filtrant, panneaux photovolta\u00efques, couverture solaire, analyseur d\u2019eau connect\u00e9 : retrouvez tous les produits et \u00e9quipements n\u00e9cessaires pour entretenir votre piscine \u00e9co-responsable.<\/em><\/p>\n<\/div><\/div><\/div>\n\n<div class=\"container block--core-paragraph\"><div class=\"row\"><div class=\"col-12 \">\n<p><\/p>\n<\/div><\/div><\/div>\n\n<div  class=\"block-content-media  content-block   has-no-title\">\n            <div class=\"container\">\n            <div class=\"row\">\n                <div class=\"col\">\n                    <div class=\"row flex-column flex-md-row \">\n                        <div class=\"content-block__col col-12 d-flex flex-column align-items-md-start order-lg-2\">\n                                                                                                                                                <div data-wa=\"fade-up\" data-wa-delay=\"400\" class=\"content-block__description text--sm text-weight--300 mb-0\">\n                                    <h2>Quels \u00e9quipements pour sa piscine \u00e9co-responsable ?<\/h2>\n<p>Pour contribuer \u00e0 rendre votre piscine \u00e9co-responsable, plusieurs \u00e9quipements existent afin de profiter de vos moments de baignade tout en respectant l\u2019environnement.<\/p>\n<h3>Le bloc filtrant<\/h3>\n<p>Pour votre piscine \u00e9co-responsable, le <a href=\"https:\/\/www.waterair.com\/be-fr\/piscines-et-equipements\/equipements\/filtration-de-piscine\/bloc-filtrant-filwat-compact-systemr-ecor\">bloc filtrant Filwat Compact System\u00ae eco\u00b7r<\/a> permet de <strong>r\u00e9duire significativement vos d\u00e9penses \u00e9nerg\u00e9tiques<\/strong> par rapport \u00e0 un syst\u00e8me de filtration traditionnel.<\/p>\n<p>Ce bloc filtrant int\u00e9gr\u00e9 est muni d\u2019une pompe qui consomme <strong>5 fois moins d\u2019\u00e9nergie qu\u2019une installation classique<\/strong>.<\/p>\n<p>Ce syst\u00e8me de filtration sera rentabilis\u00e9 en quelques ann\u00e9es seulement (moins de 5 ans en moyenne).<br \/>\nMieux, le bloc filtrant se pr\u00e9sente comme un \u00e9quipement au design discret et esth\u00e9tique. Surtout, pour votre confort, il se montre <strong>ultra silencieux<\/strong>.<\/p>\n<h3>La couverture de piscine solaire<\/h3>\n<p>Pour votre piscine \u00e9co-responsable, la <a href=\"https:\/\/www.mysolae.com\/fr\/\">couverture solaire multi-usages Solae Waterair<\/a> pr\u00e9sente de nombreux avantages. Au-del\u00e0 de sa fonction premi\u00e8re de protection et de s\u00e9curit\u00e9, cet \u00e9quipement se montre tr\u00e8s simple d\u2019utilisation gr\u00e2ce \u00e0 son enrouleur \u00e9lectrique fourni.<\/p>\n<p>Mais, surtout, la couverture solaire contribue au <strong>chauffage naturel de votre piscine<\/strong> gr\u00e2ce \u00e0 l\u2019\u00e9nergie solaire par effet de serre. Vous pouvez ainsi gagner <strong>jusqu\u2019\u00e0 9 \u00b0C, gratuitement<\/strong>, afin de prolonger un peu la saison de la baignade.<\/p>\n<h3>Les panneaux photovolta\u00efques<\/h3>\n<p>De leur c\u00f4t\u00e9, les <a href=\"https:\/\/www.waterair.com\/be-fr\/piscines-et-equipements\/equipements\/accessoires-piscine\/panneaux-photovoltaiques-ecor\">panneaux photovolta\u00efques eco\u00b7r<\/a> sont parfaitement compl\u00e9mentaires au bloc filtrant. En effet, en produisant de l\u2019\u00e9lectricit\u00e9 naturellement gr\u00e2ce aux rayons du soleil, ils permettent de <strong>compenser la consommation d\u2019\u00e9nergie des \u00e9quipements de la piscine<\/strong>.<\/p>\n<p>Les panneaux photovolta\u00efques sont relativement simples d\u2019utilisation : il suffit de les positionner dans votre jardin afin qu\u2019ils captent les rayons du soleil de mani\u00e8re optimale, et de les raccorder tr\u00e8s simplement via une prise. Et si vous n\u2019utilisez pas la pompe et le syst\u00e8me de filtration de votre piscine, <strong>l\u2019\u00e9lectricit\u00e9 produite peut \u00eatre utilis\u00e9e pour tous vos appareils \u00e9lectrom\u00e9nagers<\/strong>, chez vous. \u00c9co-responsable pour votre piscine mais aussi pour votre maison tout enti\u00e8re.<\/p>\n<p>&nbsp;<\/p>\n<h2>Choisir des produits \u00e9co-responsables pour sa piscine<\/h2>\n<p>Plusieurs solutions s\u2019offrent \u00e0 vous afin de limiter l\u2019usage excessif de chlore et d\u2019utiliser des moyens plus respectueux de l\u2019environnement pour votre piscine.<\/p>\n<h3>Comment apporter la juste quantit\u00e9 de produit de traitement dans une piscine ?<\/h3>\n<p>Qui dit <a href=\"https:\/\/www.waterair.com\/be-fr\/piscine-eco-responsable\">piscine \u00e9co-responsable<\/a> dit aussi consommation responsable de produit de traitement, en \u00e9vitant tout surdosage.. Pour vous aider dans cette d\u00e9marche, Waterair vous propose des produits de traitement tels qu\u2019Easy Pool 2, dos\u00e9 au plus juste par rapport au volume de votre piscine. Ainsi, tous les 15 jours, la quantit\u00e9 d\u00e9livr\u00e9e se limite au minimum n\u00e9cessaire.<\/p>\n<p>Autre solution : opter pour un \u00e9lectrolyseur. Cet appareil transforme le sel pr\u00e9sent dans la piscine en chlore pour traiter l\u2019eau instantan\u00e9ment.<\/p>\n<p>Quant \u00e0 lui, l\u2019analyseur connect\u00e9 easy\u00b7care se pr\u00e9sente comme un <strong>assistant personnalis\u00e9 pour votre piscine<\/strong>. Il mesure plusieurs param\u00e8tres importants comme la temp\u00e9rature de l\u2019eau, le pH mais aussi le chlore. Via une application mobile, apr\u00e8s avoir analys\u00e9 les propri\u00e9t\u00e9s de l\u2019eau, easy\u00b7care vous <strong>recommande la juste dose de produit \u00e0 utiliser<\/strong>.<\/p>\n<p>Si vous souhaitez vous engager dans une d\u00e9marche plus \u00e9co-responsable pour votre piscine, certains gestes simples sont \u00e0 adopter. Vous pouvez par exemple enlever ou arr\u00eater les sources de chlore, en fonction de votre type de piscine.<\/p>\n<h3>Une filtration durable pour sa piscine \u00e9co-responsable<\/h3>\n<p>L\u2019entretien d\u2019une piscine \u00e9co-responsable passe n\u00e9cessairement par un filtrage optimis\u00e9 de l\u2019eau. Mais, plut\u00f4t que d\u2019utiliser des syst\u00e8mes \u00e9nergivores, il est possible d\u2019opter pour des m\u00e9thodes plus respectueuses de l\u2019environnement.<\/p>\n<p>La <a href=\"https:\/\/www.waterair.com\/be-fr\/piscines-et-equipements\/equipements\/filtration-de-piscine\/filtre-a-cartouche\">filtration \u00e0 cartouche<\/a> se pr\u00e9sente comme une <strong>solution simple, particuli\u00e8rement \u00e9conomique, tr\u00e8s facile d\u2019utilisation et adapt\u00e9e \u00e0 tous les styles de piscines<\/strong>. Ce syst\u00e8me s\u2019installe dans un local \u00e0 proximit\u00e9 de la piscine ou dans le sous-sol de votre maison, et fonctionne en circuit ferm\u00e9. Cette solution d\u2019entretien \u00e9cologique permet de filtrer efficacement les virus, les bact\u00e9ries et toutes les salet\u00e9s pr\u00e9sentes dans l\u2019eau, avec des consommations limit\u00e9es.<\/p>\n<p>En compl\u00e9ment de la filtration de l\u2019eau, il est \u00e9galement primordial de <strong>proc\u00e9der \u00e0 un nettoyage r\u00e9gulier du fond et des parois de la piscine<\/strong>. Pour vous \u00e9pauler dans cette t\u00e2che, vous pouvez miser sur le traditionnel robot nettoyeur. Une filtration efficace, le juste dosage des produits de traitement et de l\u2019intensit\u00e9 de la pompe vous assurent un entretien plus \u00e9conomique et respectueux de l\u2019environnement.<\/p>\n                                <\/div>\n                                                                                        <div data-wa=\"fade-up\" data-wa-delay=\"500\">\n                                                                    <\/div>\n                                                    <\/div>\n                                            <\/div>\n                <\/div>\n            <\/div>\n        <\/div>\n    <\/div>\n\n<div  class=\"block-links  content-block\">\n\t\t\t\t\t\t<div class=\"container mb-md-8 mb-4\">\n\t\t\t\t<div class=\"row align-items-end\">\n\t\t\t\t\t<div class=\"col-12\">\n\t\t\t\t\t\t\t\t\t\t\t\t\t<h2 data-wa=\"fade-up\" class=\"content-block__title mb-0\">Pour aller plus loin<\/h2>\n\t\t\t\t\t\t\t\t\t\t\t\t\t\t\t\t\t<\/div>\n\t\t\t\t\t\t\t\t\t<\/div>\n\t\t\t<\/div>\n\t\t\t\t\t\t\t<div data-wa=\"fade-up\" data-wa-delay=\"300\" class=\"content-block__slider splide\" data-splide>\n\t\t\t\t<div class=\"splide__track\">\n\t\t\t\t\t<div class=\"splide__list\">\n\t\t\t\t\t\t\t\t\t\t\t\t\t\t\t\t\t\t\t\t\t<a data-wa=\"fade-up\" href=\"https:\/\/www.waterair.com\/be-fr\/conseils-piscine\/choisir-sa-piscine\/choisir-son-fond-et-sa-profondeur\" class=\"item-card is-size-card splide__slide \">\n\t<div class=\"item-card__infos item-card__infos--simple\">\n\t\t<h3 class=\"item-card__title mb-0 c-white\">Choisir son fond et sa profondeur<\/h3>\n\t\t\t<\/div>\n\t\t<img loading=\"lazy\" decoding=\"async\" width=\"540\" height=\"540\" src=\"https:\/\/www.waterair.com\/wp-content\/uploads\/2025\/11\/piscine-rectangle-escalier-angle-540x540.webp\" class=\"attachment-card size-card\" alt=\"piscine rectangle escalier angle gris\" srcset=\"https:\/\/www.waterair.com\/wp-content\/uploads\/2025\/11\/piscine-rectangle-escalier-angle-540x540.webp 540w, https:\/\/www.waterair.com\/wp-content\/uploads\/2025\/11\/piscine-rectangle-escalier-angle-1080x1080.webp 1080w, https:\/\/www.waterair.com\/wp-content\/uploads\/2025\/11\/piscine-rectangle-escalier-angle-480x480.webp 480w, https:\/\/www.waterair.com\/wp-content\/uploads\/2025\/11\/piscine-rectangle-escalier-angle-240x240.webp 240w, https:\/\/www.waterair.com\/wp-content\/uploads\/2025\/11\/piscine-rectangle-escalier-angle-150x150.webp 150w, https:\/\/www.waterair.com\/wp-content\/uploads\/2025\/11\/piscine-rectangle-escalier-angle-75x75.webp 75w, https:\/\/www.waterair.com\/wp-content\/uploads\/2025\/11\/piscine-rectangle-escalier-angle-780x780.webp 780w, https:\/\/www.waterair.com\/wp-content\/uploads\/2025\/11\/piscine-rectangle-escalier-angle-390x390.webp 390w, https:\/\/www.waterair.com\/wp-content\/uploads\/2025\/11\/piscine-rectangle-escalier-angle-320x320.webp 320w, https:\/\/www.waterair.com\/wp-content\/uploads\/2025\/11\/piscine-rectangle-escalier-angle-160x160.webp 160w\" sizes=\"auto, (max-width: 540px) 100vw, 540px\" \/><\/a>\t\t\t\t\t\t\t\t\t\t\t\t\t\t\t\t\t\t\t\t\t\t\t\t\t\t\t\t<a data-wa=\"fade-up\" href=\"https:\/\/www.waterair.com\/be-fr\/conseils-piscine\/choisir-sa-piscine\/choisir-sa-securite\" class=\"item-card is-size-card splide__slide \">\n\t<div class=\"item-card__infos item-card__infos--simple\">\n\t\t<h3 class=\"item-card__title mb-0 c-white\">Dispositifs de s\u00e9curit\u00e9<\/h3>\n\t\t\t<\/div>\n\t\t<img loading=\"lazy\" decoding=\"async\" width=\"540\" height=\"540\" src=\"https:\/\/www.waterair.com\/wp-content\/uploads\/2024\/12\/q-waterair-4323-sofia-solae-540x540.webp\" class=\"attachment-card size-card\" alt=\"\" srcset=\"https:\/\/www.waterair.com\/wp-content\/uploads\/2024\/12\/q-waterair-4323-sofia-solae-540x540.webp 540w, https:\/\/www.waterair.com\/wp-content\/uploads\/2024\/12\/q-waterair-4323-sofia-solae-1080x1080.webp 1080w, https:\/\/www.waterair.com\/wp-content\/uploads\/2024\/12\/q-waterair-4323-sofia-solae-480x480.webp 480w, https:\/\/www.waterair.com\/wp-content\/uploads\/2024\/12\/q-waterair-4323-sofia-solae-240x240.webp 240w, https:\/\/www.waterair.com\/wp-content\/uploads\/2024\/12\/q-waterair-4323-sofia-solae-150x150.webp 150w, https:\/\/www.waterair.com\/wp-content\/uploads\/2024\/12\/q-waterair-4323-sofia-solae-75x75.webp 75w, https:\/\/www.waterair.com\/wp-content\/uploads\/2024\/12\/q-waterair-4323-sofia-solae-780x780.webp 780w, https:\/\/www.waterair.com\/wp-content\/uploads\/2024\/12\/q-waterair-4323-sofia-solae-390x390.webp 390w, https:\/\/www.waterair.com\/wp-content\/uploads\/2024\/12\/q-waterair-4323-sofia-solae-320x320.webp 320w, https:\/\/www.waterair.com\/wp-content\/uploads\/2024\/12\/q-waterair-4323-sofia-solae-160x160.webp 160w\" sizes=\"auto, (max-width: 540px) 100vw, 540px\" \/><\/a>\t\t\t\t\t\t\t\t\t\t\t\t\t\t\t\t\t\t\t\t\t\t\t\t\t\t\t\t<a data-wa=\"fade-up\" href=\"https:\/\/www.waterair.com\/be-fr\/conseils-piscine\/choisir-sa-piscine\/choisir-son-chauffage\" class=\"item-card is-size-card splide__slide \">\n\t<div class=\"item-card__infos item-card__infos--simple\">\n\t\t<h3 class=\"item-card__title mb-0 c-white\">Choisir son chauffage<\/h3>\n\t\t\t<\/div>\n\t\t<img loading=\"lazy\" decoding=\"async\" width=\"540\" height=\"540\" src=\"https:\/\/www.waterair.com\/wp-content\/uploads\/2021\/10\/solae-nuit-540x540.jpg\" class=\"attachment-card size-card\" alt=\"Syst\u00e8me chauffage couverture Solae\" srcset=\"https:\/\/www.waterair.com\/wp-content\/uploads\/2021\/10\/solae-nuit-540x540.jpg 540w, https:\/\/www.waterair.com\/wp-content\/uploads\/2021\/10\/solae-nuit-1080x1080.jpg 1080w, https:\/\/www.waterair.com\/wp-content\/uploads\/2021\/10\/solae-nuit-480x480.jpg 480w, https:\/\/www.waterair.com\/wp-content\/uploads\/2021\/10\/solae-nuit-240x240.jpg 240w, https:\/\/www.waterair.com\/wp-content\/uploads\/2021\/10\/solae-nuit-150x150.jpg 150w, https:\/\/www.waterair.com\/wp-content\/uploads\/2021\/10\/solae-nuit-75x75.jpg 75w, https:\/\/www.waterair.com\/wp-content\/uploads\/2021\/10\/solae-nuit-780x780.jpg 780w, https:\/\/www.waterair.com\/wp-content\/uploads\/2021\/10\/solae-nuit-390x390.jpg 390w, https:\/\/www.waterair.com\/wp-content\/uploads\/2021\/10\/solae-nuit-320x320.jpg 320w, https:\/\/www.waterair.com\/wp-content\/uploads\/2021\/10\/solae-nuit-160x160.jpg 160w\" sizes=\"auto, (max-width: 540px) 100vw, 540px\" \/><\/a>\t\t\t\t\t\t\t\t\t\t\t\t\t\t\t\t\t\t<\/div>\n\t\t\t\t<\/div>\n\t\t\t<\/div>\n\t\t\t\t\t<\/div>\n\n<div  class=\"block-content-media  content-block   has-no-title\">\n            <div class=\"container\">\n            <div class=\"row\">\n                <div class=\"col\">\n                    <div class=\"row flex-column flex-md-row \">\n                        <div class=\"content-block__col col-12 d-flex flex-column align-items-md-start order-lg-2\">\n                                                                                                                                                <div data-wa=\"fade-up\" data-wa-delay=\"400\" class=\"content-block__description text--sm text-weight--300 mb-0\">\n                                    <p><a href=\"https:\/\/www.waterair.com\/be-fr\/conseils-assistance-temoignages\/choisir-sa-piscine\/choisir-sa-filtration\">Nos conseils pour bien choisir son syst\u00e8me de filtration pour piscine<\/a><\/p>\n                                <\/div>\n                                                                                        <div data-wa=\"fade-up\" data-wa-delay=\"500\">\n                                                                    <\/div>\n                                                    <\/div>\n                                            <\/div>\n                <\/div>\n            <\/div>\n        <\/div>\n    <\/div>","protected":false},"excerpt":{"rendered":"<p>Comment profiter des joies de la baignade tout en restant respectueux de l\u2019environnement et en r\u00e9alisant des \u00e9conomies ? C\u2019est possible gr\u00e2ce \u00e0 plusieurs astuces pour \u00e9quiper et entretenir votre piscine. R\u00e9duction du chlore, filtration durable, bloc filtrant, panneaux photovolta\u00efques, couverture solaire, analyseur d\u2019eau connect\u00e9 : retrouvez tous les produits et \u00e9quipements n\u00e9cessaires pour entretenir [&hellip;]<\/p>\n","protected":false},"author":10,"featured_media":0,"parent":0,"menu_order":0,"comment_status":"closed","ping_status":"closed","template":"","meta":{"_acf_changed":false,"om_disable_all_campaigns":false,"footnotes":""},"class_list":["post-333293","page","type-page","status-publish","hentry"],"acf":[],"yoast_head":"<!-- This site is optimized with the Yoast SEO Premium plugin v25.4 (Yoast SEO v27.2) - https:\/\/yoast.com\/product\/yoast-seo-premium-wordpress\/ -->\n<title>Entretien et piscine \u00e9co-responsable | Piscines Waterair<\/title>\n<meta name=\"description\" content=\"Bloc filtrant, panneaux photovolta\u00efques, couverture solaire : retrouvez tous les produits et \u00e9quipements pour entretenir votre piscine \u00e9co-responsable.\" \/>\n<meta name=\"robots\" content=\"index, follow, max-snippet:-1, max-image-preview:large, max-video-preview:-1\" \/>\n<link rel=\"canonical\" href=\"https:\/\/www.waterair.com\/be-fr\/conseils-assistance-temoignages\/entretien-piscine\/piscine-eco-responsables-quels-liens\" \/>\n<meta property=\"og:locale\" content=\"fr_FR\" \/>\n<meta property=\"og:type\" content=\"article\" \/>\n<meta property=\"og:title\" content=\"Entretien et piscine \u00e9co-responsable : quels liens ?\" \/>\n<meta property=\"og:description\" content=\"Bloc filtrant, panneaux photovolta\u00efques, couverture solaire : retrouvez tous les produits et \u00e9quipements pour entretenir votre piscine \u00e9co-responsable.\" \/>\n<meta property=\"og:url\" content=\"https:\/\/www.waterair.com\/be-fr\/conseils-assistance-temoignages\/entretien-piscine\/piscine-eco-responsables-quels-liens\" \/>\n<meta property=\"og:site_name\" content=\"Piscines Waterair\" \/>\n<meta property=\"article:modified_time\" content=\"2023-08-02T14:37:30+00:00\" \/>\n<meta name=\"twitter:card\" content=\"summary_large_image\" \/>\n<meta name=\"twitter:label1\" content=\"Dur\u00e9e de lecture est.\" \/>\n\t<meta name=\"twitter:data1\" content=\"1 minute\" \/>\n<script type=\"application\/ld+json\" class=\"yoast-schema-graph\">{\"@context\":\"https:\/\/schema.org\",\"@graph\":[{\"@type\":\"WebPage\",\"@id\":\"https:\/\/www.waterair.com\/be-fr\/conseils-assistance-temoignages\/entretien-piscine\/piscine-eco-responsables-quels-liens\",\"url\":\"https:\/\/www.waterair.com\/be-fr\/conseils-assistance-temoignages\/entretien-piscine\/piscine-eco-responsables-quels-liens\",\"name\":\"Entretien et piscine \u00e9co-responsable | Piscines Waterair\",\"isPartOf\":{\"@id\":\"https:\/\/www.waterair.com\/be-fr\/#website\"},\"datePublished\":\"2023-08-02T14:32:36+00:00\",\"dateModified\":\"2023-08-02T14:37:30+00:00\",\"description\":\"Bloc filtrant, panneaux photovolta\u00efques, couverture solaire : retrouvez tous les produits et \u00e9quipements pour entretenir votre piscine \u00e9co-responsable.\",\"breadcrumb\":{\"@id\":\"https:\/\/www.waterair.com\/be-fr\/conseils-assistance-temoignages\/entretien-piscine\/piscine-eco-responsables-quels-liens#breadcrumb\"},\"inLanguage\":\"fr-BE\",\"potentialAction\":[{\"@type\":\"ReadAction\",\"target\":[\"https:\/\/www.waterair.com\/be-fr\/conseils-assistance-temoignages\/entretien-piscine\/piscine-eco-responsables-quels-liens\"]}]},{\"@type\":\"BreadcrumbList\",\"@id\":\"https:\/\/www.waterair.com\/be-fr\/conseils-assistance-temoignages\/entretien-piscine\/piscine-eco-responsables-quels-liens#breadcrumb\",\"itemListElement\":[{\"@type\":\"ListItem\",\"position\":1,\"name\":\"Accueil\",\"item\":\"https:\/\/www.waterair.com\/be-fr\"},{\"@type\":\"ListItem\",\"position\":2,\"name\":\"Entretien et piscine \u00e9co-responsable : quels liens ?\"}]},{\"@type\":\"WebSite\",\"@id\":\"https:\/\/www.waterair.com\/be-fr\/#website\",\"url\":\"https:\/\/www.waterair.com\/be-fr\/\",\"name\":\"Piscines Waterair\",\"description\":\"\",\"potentialAction\":[{\"@type\":\"SearchAction\",\"target\":{\"@type\":\"EntryPoint\",\"urlTemplate\":\"https:\/\/www.waterair.com\/be-fr\/?s={search_term_string}\"},\"query-input\":{\"@type\":\"PropertyValueSpecification\",\"valueRequired\":true,\"valueName\":\"search_term_string\"}}],\"inLanguage\":\"fr-BE\"}]}<\/script>\n<!-- \/ Yoast SEO Premium plugin. -->","yoast_head_json":{"title":"Entretien et piscine \u00e9co-responsable | Piscines Waterair","description":"Bloc filtrant, panneaux photovolta\u00efques, couverture solaire : retrouvez tous les produits et \u00e9quipements pour entretenir votre piscine \u00e9co-responsable.","robots":{"index":"index","follow":"follow","max-snippet":"max-snippet:-1","max-image-preview":"max-image-preview:large","max-video-preview":"max-video-preview:-1"},"canonical":"https:\/\/www.waterair.com\/be-fr\/conseils-assistance-temoignages\/entretien-piscine\/piscine-eco-responsables-quels-liens","og_locale":"fr_FR","og_type":"article","og_title":"Entretien et piscine \u00e9co-responsable : quels liens ?","og_description":"Bloc filtrant, panneaux photovolta\u00efques, couverture solaire : retrouvez tous les produits et \u00e9quipements pour entretenir votre piscine \u00e9co-responsable.","og_url":"https:\/\/www.waterair.com\/be-fr\/conseils-assistance-temoignages\/entretien-piscine\/piscine-eco-responsables-quels-liens","og_site_name":"Piscines Waterair","article_modified_time":"2023-08-02T14:37:30+00:00","twitter_card":"summary_large_image","twitter_misc":{"Dur\u00e9e de lecture est.":"1 minute"},"schema":{"@context":"https:\/\/schema.org","@graph":[{"@type":"WebPage","@id":"https:\/\/www.waterair.com\/be-fr\/conseils-assistance-temoignages\/entretien-piscine\/piscine-eco-responsables-quels-liens","url":"https:\/\/www.waterair.com\/be-fr\/conseils-assistance-temoignages\/entretien-piscine\/piscine-eco-responsables-quels-liens","name":"Entretien et piscine \u00e9co-responsable | Piscines Waterair","isPartOf":{"@id":"https:\/\/www.waterair.com\/be-fr\/#website"},"datePublished":"2023-08-02T14:32:36+00:00","dateModified":"2023-08-02T14:37:30+00:00","description":"Bloc filtrant, panneaux photovolta\u00efques, couverture solaire : retrouvez tous les produits et \u00e9quipements pour entretenir votre piscine \u00e9co-responsable.","breadcrumb":{"@id":"https:\/\/www.waterair.com\/be-fr\/conseils-assistance-temoignages\/entretien-piscine\/piscine-eco-responsables-quels-liens#breadcrumb"},"inLanguage":"fr-BE","potentialAction":[{"@type":"ReadAction","target":["https:\/\/www.waterair.com\/be-fr\/conseils-assistance-temoignages\/entretien-piscine\/piscine-eco-responsables-quels-liens"]}]},{"@type":"BreadcrumbList","@id":"https:\/\/www.waterair.com\/be-fr\/conseils-assistance-temoignages\/entretien-piscine\/piscine-eco-responsables-quels-liens#breadcrumb","itemListElement":[{"@type":"ListItem","position":1,"name":"Accueil","item":"https:\/\/www.waterair.com\/be-fr"},{"@type":"ListItem","position":2,"name":"Entretien et piscine \u00e9co-responsable : quels liens ?"}]},{"@type":"WebSite","@id":"https:\/\/www.waterair.com\/be-fr\/#website","url":"https:\/\/www.waterair.com\/be-fr\/","name":"Piscines Waterair","description":"","potentialAction":[{"@type":"SearchAction","target":{"@type":"EntryPoint","urlTemplate":"https:\/\/www.waterair.com\/be-fr\/?s={search_term_string}"},"query-input":{"@type":"PropertyValueSpecification","valueRequired":true,"valueName":"search_term_string"}}],"inLanguage":"fr-BE"}]}},"_links":{"self":[{"href":"https:\/\/www.waterair.com\/be-fr\/wp-json\/wp\/v2\/pages\/333293","targetHints":{"allow":["GET"]}}],"collection":[{"href":"https:\/\/www.waterair.com\/be-fr\/wp-json\/wp\/v2\/pages"}],"about":[{"href":"https:\/\/www.waterair.com\/be-fr\/wp-json\/wp\/v2\/types\/page"}],"author":[{"embeddable":true,"href":"https:\/\/www.waterair.com\/be-fr\/wp-json\/wp\/v2\/users\/10"}],"replies":[{"embeddable":true,"href":"https:\/\/www.waterair.com\/be-fr\/wp-json\/wp\/v2\/comments?post=333293"}],"version-history":[{"count":5,"href":"https:\/\/www.waterair.com\/be-fr\/wp-json\/wp\/v2\/pages\/333293\/revisions"}],"predecessor-version":[{"id":333318,"href":"https:\/\/www.waterair.com\/be-fr\/wp-json\/wp\/v2\/pages\/333293\/revisions\/333318"}],"wp:attachment":[{"href":"https:\/\/www.waterair.com\/be-fr\/wp-json\/wp\/v2\/media?parent=333293"}],"curies":[{"name":"wp","href":"https:\/\/api.w.org\/{rel}","templated":true}]}}