{"id":383655,"date":"2024-02-23T14:06:27","date_gmt":"2024-02-23T13:06:27","guid":{"rendered":"https:\/\/www.waterair.com\/?page_id=383655"},"modified":"2024-09-06T09:12:45","modified_gmt":"2024-09-06T07:12:45","slug":"lp-portes-ouvertes","status":"publish","type":"page","link":"https:\/\/www.waterair.com\/be-fr\/lp-portes-ouvertes","title":{"rendered":"LP Portes ouvertes"},"content":{"rendered":"<div class=\"container block--core-heading\"><div class=\"row\"><div class=\"col-12 \">\n<h1 class=\"wp-block-heading has-text-align-center has-secondary-color has-text-color\">C&rsquo;est les waterdays!<\/h1>\n<\/div><\/div><\/div>\n\n<div class=\"container block--core-heading\"><div class=\"row\"><div class=\"col-12 \">\n<h2 class=\"wp-block-heading has-text-align-center has-primary-color has-text-color\">Profitez d&rsquo;offres exceptionnelles pendant nos portes ouvertes<\/h2>\n<\/div><\/div><\/div>\n\n\n<div style=\"height:100px\" aria-hidden=\"true\" class=\"wp-block-spacer\"><\/div>\n\n\n<div  class=\"block-content-media  content-block   has-no-title\">\n            <div class=\"container\">\n            <div class=\"row\">\n                <div class=\"col\">\n                    <div class=\"row flex-column flex-md-row align-items-center\">\n                        <div class=\"content-block__col col-lg-6 col-xl-7 d-flex flex-column align-items-md-start order-lg-2\">\n                                                                                        <h3 data-wa=\"fade-up\" data-wa-delay=\"200\" class=\"content-block__subtitle text--lg mt-6 mb-3\">Venez rencontrer votre future piscine !<\/h3>\n                                                                                                                    <div data-wa=\"fade-up\" data-wa-delay=\"400\" class=\"content-block__description text--sm text-weight--300 mb-0\">\n                                    <p>Profitez de nos weekends\u00a0<strong>Portes Ouvertes<\/strong> pour faire votre choix !\u00a0Venez d\u00e9couvrir\u00a0nos diff\u00e9rents mod\u00e8les de piscines, nos\u00a0\u00e9quipements et\u00a0profitez\u00a0de conseils personnalis\u00e9s sur place. N&rsquo;h\u00e9sitez pas \u00e0 prendre rendez-vous pour d\u00e9couvrir nos offres exceptionnelles!<\/p>\n                                <\/div>\n                                                                                        <div data-wa=\"fade-up\" data-wa-delay=\"500\">\n                                    <a\tdata-wa=\"button\" data-wa-wave=\"secondary\"\n\tclass=\"btn btn--secondary mt-3\"\n\t\t\thref=\"#contact-form\"\n\t\t>\n\t\tJe prends rendez-vous     <\/a>\n                                <\/div>\n                                                    <\/div>\n                                                                                <div class=\"content-block__col content-block__col--media col-lg-6 col-xl-5 order-lg-1  \">\n                                <div class=\"content-block__media is-left  is-not-absolute\">\n                                    \n                                                                            <span data-wa=\"image\">\n                                                                                            <img loading=\"lazy\" decoding=\"async\" width=\"880\" height=\"872\" src=\"https:\/\/www.waterair.com\/wp-content\/uploads\/2023\/02\/waterdays-fr-2023ok-880x872.png\" class=\"attachment-content_media_2x size-content_media_2x\" alt=\"\" srcset=\"https:\/\/www.waterair.com\/wp-content\/uploads\/2023\/02\/waterdays-fr-2023ok-880x872.png 880w, https:\/\/www.waterair.com\/wp-content\/uploads\/2023\/02\/waterdays-fr-2023ok-1440x1427.png 1440w, https:\/\/www.waterair.com\/wp-content\/uploads\/2023\/02\/waterdays-fr-2023ok-1453x1440.png 1453w, https:\/\/www.waterair.com\/wp-content\/uploads\/2023\/02\/waterdays-fr-2023ok-768x761.png 768w, https:\/\/www.waterair.com\/wp-content\/uploads\/2023\/02\/waterdays-fr-2023ok-1536x1522.png 1536w, https:\/\/www.waterair.com\/wp-content\/uploads\/2023\/02\/waterdays-fr-2023ok-150x150.png 150w, https:\/\/www.waterair.com\/wp-content\/uploads\/2023\/02\/waterdays-fr-2023ok-75x75.png 75w, https:\/\/www.waterair.com\/wp-content\/uploads\/2023\/02\/waterdays-fr-2023ok-160x160.png 160w, https:\/\/www.waterair.com\/wp-content\/uploads\/2023\/02\/waterdays-fr-2023ok-440x436.png 440w, https:\/\/www.waterair.com\/wp-content\/uploads\/2023\/02\/waterdays-fr-2023ok-920x911.png 920w, https:\/\/www.waterair.com\/wp-content\/uploads\/2023\/02\/waterdays-fr-2023ok.png 1623w\" sizes=\"auto, (max-width: 880px) 100vw, 880px\" \/>                                                                                    <\/span>\n                                                                        \n                                <\/div>\n                            <\/div>\n                                            <\/div>\n                <\/div>\n            <\/div>\n        <\/div>\n    <\/div>\n\n<div class=\"container block--core-heading\"><div class=\"row\"><div class=\"col-12 \">\n<h3 class=\"wp-block-heading has-text-align-center\">Deux weekends de portes ouvertes en septembre<\/h3>\n<\/div><\/div><\/div>\n\n<div class=\"container block--core-columns\"><div class=\"row\"><div class=\"col-12 \">\n<div class=\"wp-block-columns is-layout-flex wp-container-core-columns-is-layout-9d6595d7 wp-block-columns-is-layout-flex\">\n<div class=\"wp-block-column is-layout-flow wp-block-column-is-layout-flow\"><div class=\"container block--core-paragraph\"><div class=\"row\"><div class=\"col-12 \">\n<p class=\"has-text-align-center has-secondary-color has-text-color\"><strong>Les 21 et 22 septembre<\/strong><\/p>\n<\/div><\/div><\/div>\n\n<div class=\"container block--core-paragraph\"><div class=\"row\"><div class=\"col-12 \">\n<p class=\"has-text-align-center\">Kapellestraat 46<\/p>\n<\/div><\/div><\/div>\n\n<div class=\"container block--core-paragraph\"><div class=\"row\"><div class=\"col-12 \">\n<p class=\"has-text-align-center has-primary-color has-text-color\">1602 Vlezenbeek, Belgique<\/p>\n<\/div><\/div><\/div><\/div>\n\n\n\n<div class=\"wp-block-column is-layout-flow wp-block-column-is-layout-flow\"><div class=\"container block--core-paragraph\"><div class=\"row\"><div class=\"col-12 \">\n<p class=\"has-text-align-center has-secondary-color has-text-color\"><strong>Les 28 et 29 septembre<\/strong><\/p>\n<\/div><\/div><\/div>\n\n<div class=\"container block--core-paragraph\"><div class=\"row\"><div class=\"col-12 \">\n<p class=\"has-text-align-center\">Ch\u00e9e. de Charleroi 184B<\/p>\n<\/div><\/div><\/div>\n\n<div class=\"container block--core-paragraph\"><div class=\"row\"><div class=\"col-12 \">\n<p class=\"has-text-align-center has-primary-color has-text-color\">5070 Fosses-la-Ville, Belgique<\/p>\n<\/div><\/div><\/div><\/div>\n<\/div>\n<\/div><\/div><\/div>\n\n    <div  class=\"block-contact content-block mt-2\" data-tab-section>\n        <div class=\"container\">\n                            <div class=\"row\">\n                    <div data-wa=\"fade-up\" class=\"block-contact__intro text-center h6 col-12 col-md-10 offset-md-1\">\n                        <h4 style=\"text-align: center;\"><strong>Prenez rendez-vous avec notre partenaire de confiance en Belgique<\/strong><\/h4>\n                    <\/div>\n                <\/div>\n                                        <div data-wa=\"fade-up\" data-wa-delay=\"100\" class=\"tabs js-tabs pt-3\">\n                                        <div class=\"tabs__blocks js-tabs-blocs\">\n                                                    <div class=\"tabs__block js-tabs-bloc pb-8\" style=\"display:block\">\n                                <div class=\"row pt-7\">\n    <div data-wa=\"fade-up\" class=\"col-12 col-lg-8 offset-lg-2\">\n        <form id=\"contact-form\" action=\"#contact-form\" method=\"post\" class=\"adipso-form js-validation-form text-left\" enctype=\"multipart\/form-data\">\n\t\n\t<input type=\"hidden\" id=\"adipso_form_nonce\" name=\"adipso_form_nonce\" value=\"9eb99c9383\" \/><input type=\"hidden\" name=\"_wp_http_referer\" value=\"\/be-fr\/wp-json\/wp\/v2\/pages\/383655\" \/>\t<input type=\"hidden\" name=\"action\" value=\"adipso-form-contact-form\" \/>\n\n\t\t\t<div class=\"adipso-form__pot\">\n\t\t\t<label for=\"username\"><\/label><input type=\"text\" id=\"username\" name=\"username\" autocomplete=\"off\" tabindex=\"-1\" \/><label for=\"email\"><\/label><input type=\"email\" id=\"email\" name=\"email\" autocomplete=\"off\" tabindex=\"-1\" value=\"leave@thisemail.com\" \/>\t\t<\/div>\n\t\n\t\n\t<div class=\"adipso-form__fields\">\n\t\t<div class=\"adipso-form__layout adipso-form__layout-html \">\n\t<div class=\"adipso-form__layout-label adipso-form__layout-html-label\">\n\t\t\t<\/div>\n\n\t\t\t<small class=\"adipso-form__layout-instructions adipso-form__layout-html-instructions\">\n\t\t\t<div class=\"form-title h7\">\u00cates-vous client ?<\/div>\t\t<\/small>\n\t<\/div>\n<div class=\"adipso-form__layout adipso-form__layout-container row mt-3 js-display-field js-display-field--client_id\">\n\t<div class=\"input-radio-wrapper adipso-form__field adipso-form__field-radios col\">\n\n    \n    \n    <div class=\"adipso-form__field-choices adipso-form__field-radios-choices\">\n                            <label for=\"contact-form_is_customer_oui\" class=\"adipso-form__field-choice adipso-form__field-radios-choice \">\n                <input\n                    type=\"radio\"\n                    id=\"contact-form_is_customer_oui\"\n                    name=\"contact-form[is_customer]\"\n                    value=\"oui\"\n                                    \/>\n                <span class=\"input-label\">Oui<\/span>\n            <\/label>\n                                <label for=\"contact-form_is_customer_non\" class=\"adipso-form__field-choice adipso-form__field-radios-choice ml-3\">\n                <input\n                    type=\"radio\"\n                    id=\"contact-form_is_customer_non\"\n                    name=\"contact-form[is_customer]\"\n                    value=\"non\"\n                     checked='checked'                \/>\n                <span class=\"input-label\">Non<\/span>\n            <\/label>\n                                <\/div>\n\n    <\/div>\n<div class=\"adipso-form__field adipso-form__field-text col is-hide client_id_wrapper\">\n    <div class=\"input-wrapper\">\n        <label for=\"contact-form_client_id\" class=\"adipso-form__field-label adipso-form__field-text-label\">\n            Num\u00e9ro client                    <\/label>\n        <input\n                        type=\"text\"\n            id=\"contact-form_client_id\"\n            name=\"contact-form[client_id]\"\n            placeholder=\"\"\n            autocomplete=\"\"\n            value=\"\"\n                                                maxlength=\"\"\n                    \/>\n\n            <\/div>\n\n    <\/div>\n<\/div>\n<div class=\"adipso-form__layout adipso-form__layout-html \">\n\t<div class=\"adipso-form__layout-label adipso-form__layout-html-label\">\n\t\t\t<\/div>\n\n\t\t\t<small class=\"adipso-form__layout-instructions adipso-form__layout-html-instructions\">\n\t\t\t<div class=\"mt-6 form-title h7\">Informations personnelles ?<\/div>\t\t<\/small>\n\t<\/div>\n<div class=\"adipso-form__layout adipso-form__layout-container row\">\n\t<div class=\"adipso-form__field adipso-form__field-text adipso-form__field--required adipso-form__field-text--required col-12 col-sm-6 mt-3\">\n    <div class=\"input-wrapper\">\n        <label for=\"contact-form_name\" class=\"adipso-form__field-label adipso-form__field-text-label adipso-form__field-label--required adipso-form__field-text-label--required\">\n            Nom                            <span class=\"required\">*<\/span>\n                    <\/label>\n        <input\n            autocomplete=\"family-name\"            type=\"text\"\n            id=\"contact-form_name\"\n            name=\"contact-form[name]\"\n            placeholder=\"\"\n            autocomplete=\"family-name\"\n            value=\"\"\n             required='required'                                    maxlength=\"\"\n                    \/>\n\n            <\/div>\n\n    <\/div>\n<div class=\"adipso-form__field adipso-form__field-text col-12 col-sm-6 mt-3\">\n    <div class=\"input-wrapper\">\n        <label for=\"contact-form_firstname\" class=\"adipso-form__field-label adipso-form__field-text-label\">\n            Pr\u00e9nom                    <\/label>\n        <input\n            autocomplete=\"given-name\"            type=\"text\"\n            id=\"contact-form_firstname\"\n            name=\"contact-form[firstname]\"\n            placeholder=\"\"\n            autocomplete=\"given-name\"\n            value=\"\"\n                                                maxlength=\"\"\n                    \/>\n\n            <\/div>\n\n    <\/div>\n<\/div>\n<div class=\"adipso-form__layout adipso-form__layout-container row three-cols\">\n\t<div class=\"adipso-form__field adipso-form__field-text adipso-form__field--required adipso-form__field-text--required col mt-4\">\n    <div class=\"input-wrapper\">\n        <label for=\"contact-form_street_address\" class=\"adipso-form__field-label adipso-form__field-text-label adipso-form__field-label--required adipso-form__field-text-label--required\">\n            Num\u00e9ro et rue                            <span class=\"required\">*<\/span>\n                    <\/label>\n        <input\n            autocomplete=\"off506729\"            type=\"text\"\n            id=\"contact-form_street_address\"\n            name=\"contact-form[street_address]\"\n            placeholder=\"\"\n            autocomplete=\"off111566\"\n            value=\"\"\n             required='required'                                    maxlength=\"\"\n                    \/>\n\n            <\/div>\n\n    <\/div>\n<div class=\"adipso-form__field adipso-form__field-text adipso-form__field--required adipso-form__field-text--required col mt-4\">\n    <div class=\"input-wrapper\">\n        <label for=\"contact-form_zip_code\" class=\"adipso-form__field-label adipso-form__field-text-label adipso-form__field-label--required adipso-form__field-text-label--required\">\n            Code postal                            <span class=\"required\">*<\/span>\n                    <\/label>\n        <input\n            autocomplete=\"off137144\"            type=\"text\"\n            id=\"contact-form_zip_code\"\n            name=\"contact-form[zip_code]\"\n            placeholder=\"\"\n            autocomplete=\"off487803\"\n            value=\"\"\n             required='required'                                    maxlength=\"\"\n                    \/>\n\n            <\/div>\n\n    <\/div>\n<div class=\"adipso-form__field adipso-form__field-text adipso-form__field--required adipso-form__field-text--required col mt-4\">\n    <div class=\"input-wrapper\">\n        <label for=\"contact-form_city\" class=\"adipso-form__field-label adipso-form__field-text-label adipso-form__field-label--required adipso-form__field-text-label--required\">\n            Ville                            <span class=\"required\">*<\/span>\n                    <\/label>\n        <input\n            autocomplete=\"off624131\"            type=\"text\"\n            id=\"contact-form_city\"\n            name=\"contact-form[city]\"\n            placeholder=\"\"\n            autocomplete=\"off871547\"\n            value=\"\"\n             required='required'                                    maxlength=\"\"\n                    \/>\n\n            <\/div>\n\n    <\/div>\n<\/div>\n<div class=\"adipso-form__layout adipso-form__layout-container row\">\n\t<div class=\"adipso-form__field adipso-form__field-tel adipso-form__field--required adipso-form__field-tel--required col-12 col-sm-6 mt-4\">\n\n    <div class=\"input-wrapper\">\n        <label for=\"contact-form_phone\" class=\"adipso-form__field-label adipso-form__field-tel-label adipso-form__field-label--required adipso-form__field-tel-label--required\">\n            T\u00e9l\u00e9phone                            <span class=\"required\">*<\/span>\n                    <\/label>\n        <input\n            type=\"tel\"\n            id=\"contact-form_phone\"\n            name=\"contact-form[phone]\"\n            placeholder=\"\"\n            value=\"\"\n             required='required'                                    maxlength=\"\"\n            pattern=\"[0-9\\(\\)\\s+\\-]{6,}\"    \t\tdata-invalid-message=\"Le num\u00e9ro de t\u00e9l\u00e9phone doit contenir au minimum 6 caract\u00e8res.\"\n        \/>\n\n            <\/div>\n\n    <\/div>\n<div class=\"adipso-form__field adipso-form__field-email adipso-form__field--required adipso-form__field-email--required col-12 col-sm-6 mt-4\">\n\n\n    <div class=\"input-wrapper\">\n        <label for=\"contact-form_email\" class=\"adipso-form__field-label adipso-form__field-email-label adipso-form__field-label--required adipso-form__field-email-label--required\">\n            E-mail                            <span class=\"required\">*<\/span>\n                    <\/label>\n        <input\n            type=\"email\"\n            id=\"contact-form_email\"\n            name=\"contact-form[email]\"\n            placeholder=\"\"\n            value=\"\"\n             required='required'                                    maxlength=\"\"\n                    \/>\n\n            <\/div>\n\n    <\/div>\n<\/div>\n<div class=\"adipso-form__layout adipso-form__layout-html \">\n\t<div class=\"adipso-form__layout-label adipso-form__layout-html-label\">\n\t\t\t<\/div>\n\n\t\t\t<small class=\"adipso-form__layout-instructions adipso-form__layout-html-instructions\">\n\t\t\t<div class=\"mt-6 form-title h7\">Votre demande<\/div>\t\t<\/small>\n\t<\/div>\n<div class=\"adipso-form__layout adipso-form__layout-container row\">\n\t<\/div>\n<div class=\"adipso-form__layout adipso-form__layout-container row mt-4\">\n\t<div class=\"adipso-form__field adipso-form__field-textarea adipso-form__field--required adipso-form__field-textarea--required col\">\n    <div class=\"input-wrapper input-textarea-wrapper\">\n        <label for=\"contact-form_message\" class=\"adipso-form__field-label adipso-form__field-textarea-label adipso-form__field-label--required adipso-form__field-textarea-label--required\">\n            Demande                            <span class=\"required\">*<\/span>\n                    <\/label>\n        <textarea\n            id=\"contact-form_message\"\n            name=\"contact-form[message]\"\n            placeholder=\"\"\n             required='required'                                    maxlength=\"\"\n        ><\/textarea>\n\n            <\/div>\n\n    \n    \n<\/div>\n<\/div>\n<div class=\"adipso-form__layout adipso-form__layout-html \">\n\t<div class=\"adipso-form__layout-label adipso-form__layout-html-label\">\n\t\t\t<\/div>\n\n\t\t\t<small class=\"adipso-form__layout-instructions adipso-form__layout-html-instructions\">\n\t\t\t<div class=\"form-note mt-1\">Les champs marqu\u00e9s d&rsquo;un * sont obligatoires<\/div>\t\t<\/small>\n\t<\/div>\n<input\n\ttype=\"hidden\"\n\tname=\"contact-form[lang]\"\n\tvalue=\"be-fr\"\n\/>\n<input\n\ttype=\"hidden\"\n\tname=\"contact-form[form]\"\n\tvalue=\"contact\"\n\/>\n<input\n\ttype=\"hidden\"\n\tname=\"contact-form[recipients]\"\n\tvalue=\"\"\n\/>\n\t<\/div>\n\n\t<div class=\"adipso-form__submit text-center mt-6\">\n\t\t\t\t<button class=\"btn btn--secondary\" type=\"submit\">Envoyer la demande<\/button>\n\t\t\t<\/div>\n\n\t\t\t<div class=\"form-note mt-6\">\n\t\t\t<span style=\"font-size:13px;\">Les champs marqu\u00e9s d&rsquo;un * sont obligatoires<\/span>\t\t<\/div>\n\t\n\t\n\t<\/form>\n    <\/div>\n<\/div>\n                            <\/div>\n                                            <\/div>\n                <\/div>\n                    <\/div>\n    <\/div>\n","protected":false},"excerpt":{"rendered":"<p>C&rsquo;est les waterdays! Profitez d&rsquo;offres exceptionnelles pendant nos portes ouvertes Deux weekends de portes ouvertes en septembre Les 21 et 22 septembre Kapellestraat 46 1602 Vlezenbeek, Belgique Les 28 et 29 septembre Ch\u00e9e. de Charleroi 184B 5070 Fosses-la-Ville, Belgique<\/p>\n","protected":false},"author":29,"featured_media":0,"parent":0,"menu_order":0,"comment_status":"closed","ping_status":"closed","template":"models\/landing.php","meta":{"_acf_changed":false,"om_disable_all_campaigns":false,"footnotes":""},"class_list":["post-383655","page","type-page","status-publish","hentry"],"acf":[],"yoast_head":"<!-- This site is optimized with the Yoast SEO Premium plugin v25.4 (Yoast SEO v27.2) - https:\/\/yoast.com\/product\/yoast-seo-premium-wordpress\/ -->\n<title>LP Portes ouvertes | Piscines Waterair<\/title>\n<meta name=\"robots\" content=\"noindex, nofollow\" \/>\n<meta property=\"og:locale\" content=\"fr_FR\" \/>\n<meta property=\"og:type\" content=\"article\" \/>\n<meta property=\"og:title\" content=\"LP Portes ouvertes\" \/>\n<meta property=\"og:description\" content=\"C&rsquo;est les waterdays! Profitez d&rsquo;offres exceptionnelles pendant nos portes ouvertes Deux weekends de portes ouvertes en septembre Les 21 et 22 septembre Kapellestraat 46 1602 Vlezenbeek, Belgique Les 28 et 29 septembre Ch\u00e9e. de Charleroi 184B 5070 Fosses-la-Ville, Belgique\" \/>\n<meta property=\"og:url\" content=\"https:\/\/www.waterair.com\/be-fr\/lp-portes-ouvertes\" \/>\n<meta property=\"og:site_name\" content=\"Piscines Waterair\" \/>\n<meta property=\"article:modified_time\" content=\"2024-09-06T07:12:45+00:00\" \/>\n<meta name=\"twitter:card\" content=\"summary_large_image\" \/>\n<meta name=\"twitter:label1\" content=\"Dur\u00e9e de lecture est.\" \/>\n\t<meta name=\"twitter:data1\" content=\"1 minute\" \/>\n<script type=\"application\/ld+json\" class=\"yoast-schema-graph\">{\"@context\":\"https:\/\/schema.org\",\"@graph\":[{\"@type\":\"WebPage\",\"@id\":\"https:\/\/www.waterair.com\/be-fr\/lp-portes-ouvertes\",\"url\":\"https:\/\/www.waterair.com\/be-fr\/lp-portes-ouvertes\",\"name\":\"LP Portes ouvertes | Piscines Waterair\",\"isPartOf\":{\"@id\":\"https:\/\/www.waterair.com\/be-fr\/#website\"},\"datePublished\":\"2024-02-23T13:06:27+00:00\",\"dateModified\":\"2024-09-06T07:12:45+00:00\",\"breadcrumb\":{\"@id\":\"https:\/\/www.waterair.com\/be-fr\/lp-portes-ouvertes#breadcrumb\"},\"inLanguage\":\"fr-BE\",\"potentialAction\":[{\"@type\":\"ReadAction\",\"target\":[\"https:\/\/www.waterair.com\/be-fr\/lp-portes-ouvertes\"]}]},{\"@type\":\"BreadcrumbList\",\"@id\":\"https:\/\/www.waterair.com\/be-fr\/lp-portes-ouvertes#breadcrumb\",\"itemListElement\":[{\"@type\":\"ListItem\",\"position\":1,\"name\":\"Accueil\",\"item\":\"https:\/\/www.waterair.com\/be-fr\"},{\"@type\":\"ListItem\",\"position\":2,\"name\":\"LP Portes ouvertes\"}]},{\"@type\":\"WebSite\",\"@id\":\"https:\/\/www.waterair.com\/be-fr\/#website\",\"url\":\"https:\/\/www.waterair.com\/be-fr\/\",\"name\":\"Piscines Waterair\",\"description\":\"\",\"potentialAction\":[{\"@type\":\"SearchAction\",\"target\":{\"@type\":\"EntryPoint\",\"urlTemplate\":\"https:\/\/www.waterair.com\/be-fr\/?s={search_term_string}\"},\"query-input\":{\"@type\":\"PropertyValueSpecification\",\"valueRequired\":true,\"valueName\":\"search_term_string\"}}],\"inLanguage\":\"fr-BE\"}]}<\/script>\n<!-- \/ Yoast SEO Premium plugin. -->","yoast_head_json":{"title":"LP Portes ouvertes | Piscines Waterair","robots":{"index":"noindex","follow":"nofollow"},"og_locale":"fr_FR","og_type":"article","og_title":"LP Portes ouvertes","og_description":"C&rsquo;est les waterdays! Profitez d&rsquo;offres exceptionnelles pendant nos portes ouvertes Deux weekends de portes ouvertes en septembre Les 21 et 22 septembre Kapellestraat 46 1602 Vlezenbeek, Belgique Les 28 et 29 septembre Ch\u00e9e. de Charleroi 184B 5070 Fosses-la-Ville, Belgique","og_url":"https:\/\/www.waterair.com\/be-fr\/lp-portes-ouvertes","og_site_name":"Piscines Waterair","article_modified_time":"2024-09-06T07:12:45+00:00","twitter_card":"summary_large_image","twitter_misc":{"Dur\u00e9e de lecture est.":"1 minute"},"schema":{"@context":"https:\/\/schema.org","@graph":[{"@type":"WebPage","@id":"https:\/\/www.waterair.com\/be-fr\/lp-portes-ouvertes","url":"https:\/\/www.waterair.com\/be-fr\/lp-portes-ouvertes","name":"LP Portes ouvertes | Piscines Waterair","isPartOf":{"@id":"https:\/\/www.waterair.com\/be-fr\/#website"},"datePublished":"2024-02-23T13:06:27+00:00","dateModified":"2024-09-06T07:12:45+00:00","breadcrumb":{"@id":"https:\/\/www.waterair.com\/be-fr\/lp-portes-ouvertes#breadcrumb"},"inLanguage":"fr-BE","potentialAction":[{"@type":"ReadAction","target":["https:\/\/www.waterair.com\/be-fr\/lp-portes-ouvertes"]}]},{"@type":"BreadcrumbList","@id":"https:\/\/www.waterair.com\/be-fr\/lp-portes-ouvertes#breadcrumb","itemListElement":[{"@type":"ListItem","position":1,"name":"Accueil","item":"https:\/\/www.waterair.com\/be-fr"},{"@type":"ListItem","position":2,"name":"LP Portes ouvertes"}]},{"@type":"WebSite","@id":"https:\/\/www.waterair.com\/be-fr\/#website","url":"https:\/\/www.waterair.com\/be-fr\/","name":"Piscines Waterair","description":"","potentialAction":[{"@type":"SearchAction","target":{"@type":"EntryPoint","urlTemplate":"https:\/\/www.waterair.com\/be-fr\/?s={search_term_string}"},"query-input":{"@type":"PropertyValueSpecification","valueRequired":true,"valueName":"search_term_string"}}],"inLanguage":"fr-BE"}]}},"_links":{"self":[{"href":"https:\/\/www.waterair.com\/be-fr\/wp-json\/wp\/v2\/pages\/383655","targetHints":{"allow":["GET"]}}],"collection":[{"href":"https:\/\/www.waterair.com\/be-fr\/wp-json\/wp\/v2\/pages"}],"about":[{"href":"https:\/\/www.waterair.com\/be-fr\/wp-json\/wp\/v2\/types\/page"}],"author":[{"embeddable":true,"href":"https:\/\/www.waterair.com\/be-fr\/wp-json\/wp\/v2\/users\/29"}],"replies":[{"embeddable":true,"href":"https:\/\/www.waterair.com\/be-fr\/wp-json\/wp\/v2\/comments?post=383655"}],"version-history":[{"count":4,"href":"https:\/\/www.waterair.com\/be-fr\/wp-json\/wp\/v2\/pages\/383655\/revisions"}],"predecessor-version":[{"id":461966,"href":"https:\/\/www.waterair.com\/be-fr\/wp-json\/wp\/v2\/pages\/383655\/revisions\/461966"}],"wp:attachment":[{"href":"https:\/\/www.waterair.com\/be-fr\/wp-json\/wp\/v2\/media?parent=383655"}],"curies":[{"name":"wp","href":"https:\/\/api.w.org\/{rel}","templated":true}]}}