{"id":64260,"date":"2021-11-04T10:11:42","date_gmt":"2021-11-04T09:11:42","guid":{"rendered":"https:\/\/waterair-preprod2.adipso.fr\/renovation-piscine"},"modified":"2021-12-01T09:51:50","modified_gmt":"2021-12-01T08:51:50","slug":"renovation-piscine","status":"publish","type":"page","link":"https:\/\/www.waterair.com\/be-fr\/conseils-piscine\/renovation-piscine","title":{"rendered":"R\u00e9novation : Piscines Waterair vous accompagne"},"content":{"rendered":"<div class=\"container block--core-paragraph\"><div class=\"row\"><div class=\"col-12 \">\n<p>Il y a bien longtemps, vous nous avez fait confiance pour l\u2019achat de votre piscine. Aujourd\u2019hui, vous avez besoin d\u2019effectuer des travaux, quelques r\u00e9parations et nous sommes toujours \u00e0 vos c\u00f4t\u00e9s pour vous conseiller. Et si vous en profitiez pour rendre votre piscine plus confortable, plus belle, plus adapt\u00e9e \u00e0 vos besoins actuels ?<\/p>\n<\/div><\/div><\/div>\n\n<div  class=\"block-content-media  content-block   has-no-title\">\n            <div class=\"container\">\n            <div class=\"row\">\n                <div class=\"col\">\n                    <div class=\"row flex-column flex-md-row \">\n                        <div class=\"content-block__col col-12 d-flex flex-column align-items-md-start order-lg-2\">\n                                                                                                                                                <div data-wa=\"fade-up\" data-wa-delay=\"400\" class=\"content-block__description text--sm text-weight--300 mb-0\">\n                                    <p>Les services de r\u00e9novation de piscines&nbsp;s\u2019adressent aux clients Piscines Waterair souhaitant <strong>donner une nouvelle jeunesse<\/strong> \u00e0 leur piscine, apr\u00e8s des ann\u00e9es d\u2019utilisation :<\/p>\n<ul>\n<li>installer un escalier pour pour plus de confort<\/li>\n<li>changer d\u2019anciennes margelles par des mod\u00e8les plus actuels ;<\/li>\n<li>remplacer votre liner et en profiter pour donner une couleur plus tendance \u00e0 votre espace de baignade<\/li>\n<li>ajouter un syst\u00e8me de chauffage ;<\/li>\n<li>\u00e9changer un fond de piscine plat contre une mini-fosse ;<\/li>\n<li>installer un projecteur pour pouvoir vous baigner le soir&#8230;<\/li>\n<li>ajout de l\u2019isoplan pour une meilleure isolation de la piscine et ainsi gagner quelques pr\u00e9cieux degr\u00e9s.<\/li>\n<\/ul>\n                                <\/div>\n                                                                                        <div data-wa=\"fade-up\" data-wa-delay=\"500\">\n                                                                    <\/div>\n                                                    <\/div>\n                                            <\/div>\n                <\/div>\n            <\/div>\n        <\/div>\n    <\/div>\n\n<div class=\"container block--core-columns\"><div class=\"row\"><div class=\"col-12 \">\n<div class=\"wp-block-columns is-layout-flex wp-container-core-columns-is-layout-9d6595d7 wp-block-columns-is-layout-flex\">\n<div class=\"wp-block-column is-layout-flow wp-block-column-is-layout-flow\"><div data-wa=\"fade-up\"  class=\"block-slider  dots-absolute content-block\">\n    \n                <div class=\"container\">\n            <div class=\"row\">\n                <div class=\"col-12\">\n                            <div\n                            class=\"js-slider\"\n                            data-infinite=\"true\"\n                            data-slides-to-show=\"1\"\n                            data-slides-to-scroll=\"1\"\n                            data-fade=\"true\"\n                            data-adaptive-height=\"true\"\n                            data-dots=\"false\"\n                            data-arrows=\"true\"\n                    >\n                                                    <div class=\"block-slider__image\">\n                                \t\t\t<img loading=\"lazy\" decoding=\"async\" width=\"1360\" height=\"765\" src=\"https:\/\/www.waterair.com\/wp-content\/uploads\/2021\/11\/renovation-piscine-3-1360x765.jpg\" class=\"item-slide__image item-slide\" alt=\"\" loading=\"1\" srcset=\"https:\/\/www.waterair.com\/wp-content\/uploads\/2021\/11\/renovation-piscine-3-1360x765.jpg 1360w, https:\/\/www.waterair.com\/wp-content\/uploads\/2021\/11\/renovation-piscine-3-1440x810.jpg 1440w, https:\/\/www.waterair.com\/wp-content\/uploads\/2021\/11\/renovation-piscine-3-768x432.jpg 768w, https:\/\/www.waterair.com\/wp-content\/uploads\/2021\/11\/renovation-piscine-3-1536x864.jpg 1536w, https:\/\/www.waterair.com\/wp-content\/uploads\/2021\/11\/renovation-piscine-3-880x495.jpg 880w, https:\/\/www.waterair.com\/wp-content\/uploads\/2021\/11\/renovation-piscine-3-440x248.jpg 440w, https:\/\/www.waterair.com\/wp-content\/uploads\/2021\/11\/renovation-piscine-3-1840x1035.jpg 1840w, https:\/\/www.waterair.com\/wp-content\/uploads\/2021\/11\/renovation-piscine-3-920x518.jpg 920w, https:\/\/www.waterair.com\/wp-content\/uploads\/2021\/11\/renovation-piscine-3.jpg 1920w\" sizes=\"auto, (max-width: 1360px) 100vw, 1360px\" \/>\t                            <\/div>\n                                                    <div class=\"block-slider__image\">\n                                \t\t\t<img loading=\"lazy\" decoding=\"async\" width=\"1360\" height=\"765\" src=\"https:\/\/www.waterair.com\/wp-content\/uploads\/2021\/10\/renovation-piscine-4-1360x765.jpg\" class=\"item-slide__image item-slide\" alt=\"\" loading=\"1\" srcset=\"https:\/\/www.waterair.com\/wp-content\/uploads\/2021\/10\/renovation-piscine-4-1360x765.jpg 1360w, https:\/\/www.waterair.com\/wp-content\/uploads\/2021\/10\/renovation-piscine-4-1440x810.jpg 1440w, https:\/\/www.waterair.com\/wp-content\/uploads\/2021\/10\/renovation-piscine-4-768x432.jpg 768w, https:\/\/www.waterair.com\/wp-content\/uploads\/2021\/10\/renovation-piscine-4-1536x864.jpg 1536w, https:\/\/www.waterair.com\/wp-content\/uploads\/2021\/10\/renovation-piscine-4-880x495.jpg 880w, https:\/\/www.waterair.com\/wp-content\/uploads\/2021\/10\/renovation-piscine-4-440x248.jpg 440w, https:\/\/www.waterair.com\/wp-content\/uploads\/2021\/10\/renovation-piscine-4-1840x1035.jpg 1840w, https:\/\/www.waterair.com\/wp-content\/uploads\/2021\/10\/renovation-piscine-4-920x518.jpg 920w, https:\/\/www.waterair.com\/wp-content\/uploads\/2021\/10\/renovation-piscine-4.jpg 1920w\" sizes=\"auto, (max-width: 1360px) 100vw, 1360px\" \/>\t                            <\/div>\n                                            <\/div>\n                            <\/div>\n                <\/div>\n            <\/div>\n        \n    <\/div>\n<\/div>\n\n\n\n<div class=\"wp-block-column is-layout-flow wp-block-column-is-layout-flow\"><div class=\"container block--core-heading\"><div class=\"row\"><div class=\"col-12 \">\n<h2 class=\"wp-block-heading\">La r\u00e9novation d\u2019une piscine peut prendre diff\u00e9rents aspects.<\/h2>\n<\/div><\/div><\/div>\n\n<div class=\"container block--core-paragraph\"><div class=\"row\"><div class=\"col-12 \">\n<p>Quel que soit votre projet, nos 130 conseillers commerciaux et techniciens, vous aident \u00e0 remettre votre espace de baignade au go\u00fbt du jour et \u00e0 am\u00e9liorer votre confort pour des baignades toujours plus agr\u00e9ables.<\/p>\n<\/div><\/div><\/div><\/div>\n<\/div>\n<\/div><\/div><\/div>\n\n<div class=\"container block--core-columns\"><div class=\"row\"><div class=\"col-12 \">\n<div class=\"wp-block-columns is-layout-flex wp-container-core-columns-is-layout-9d6595d7 wp-block-columns-is-layout-flex\">\n<div class=\"wp-block-column is-layout-flow wp-block-column-is-layout-flow\"><div class=\"container block--core-heading\"><div class=\"row\"><div class=\"col-12 \">\n<h2 class=\"wp-block-heading\">Vous souhaitez \u00eatre accompagn\u00e9 lors de la r\u00e9novation de votre piscine Waterair ?<\/h2>\n<\/div><\/div><\/div>\n\n<div class=\"container block--core-paragraph\"><div class=\"row\"><div class=\"col-12 \">\n<p>Notre partenaire de proximit\u00e9 vous recontactera dans les plus brefs d\u00e9lais, en fonction de vos disponibilit\u00e9s. Il saura vous donner tous les conseils utiles pour donner une nouvelle jeunesse \u00e0 votre piscine.<\/p>\n<\/div><\/div><\/div><\/div>\n\n\n\n<div class=\"wp-block-column is-layout-flow wp-block-column-is-layout-flow\"><div data-wa=\"fade-up\"  class=\"block-slider  dots-absolute content-block\">\n    \n                <div class=\"container\">\n            <div class=\"row\">\n                <div class=\"col-12\">\n                            <div\n                            class=\"js-slider\"\n                            data-infinite=\"true\"\n                            data-slides-to-show=\"1\"\n                            data-slides-to-scroll=\"1\"\n                            data-fade=\"true\"\n                            data-adaptive-height=\"true\"\n                            data-dots=\"false\"\n                            data-arrows=\"true\"\n                    >\n                                                    <div class=\"block-slider__image\">\n                                \t\t\t<img loading=\"lazy\" decoding=\"async\" width=\"1360\" height=\"765\" src=\"https:\/\/www.waterair.com\/wp-content\/uploads\/2021\/10\/renovation-piscine-1_0-1360x765.jpg\" class=\"item-slide__image item-slide\" alt=\"\" loading=\"1\" srcset=\"https:\/\/www.waterair.com\/wp-content\/uploads\/2021\/10\/renovation-piscine-1_0-1360x765.jpg 1360w, https:\/\/www.waterair.com\/wp-content\/uploads\/2021\/10\/renovation-piscine-1_0-1440x810.jpg 1440w, https:\/\/www.waterair.com\/wp-content\/uploads\/2021\/10\/renovation-piscine-1_0-768x432.jpg 768w, https:\/\/www.waterair.com\/wp-content\/uploads\/2021\/10\/renovation-piscine-1_0-1536x864.jpg 1536w, https:\/\/www.waterair.com\/wp-content\/uploads\/2021\/10\/renovation-piscine-1_0-880x495.jpg 880w, https:\/\/www.waterair.com\/wp-content\/uploads\/2021\/10\/renovation-piscine-1_0-440x248.jpg 440w, https:\/\/www.waterair.com\/wp-content\/uploads\/2021\/10\/renovation-piscine-1_0-1840x1035.jpg 1840w, https:\/\/www.waterair.com\/wp-content\/uploads\/2021\/10\/renovation-piscine-1_0-920x518.jpg 920w, https:\/\/www.waterair.com\/wp-content\/uploads\/2021\/10\/renovation-piscine-1_0.jpg 1920w\" sizes=\"auto, (max-width: 1360px) 100vw, 1360px\" \/>\t                            <\/div>\n                                                    <div class=\"block-slider__image\">\n                                \t\t\t<img loading=\"lazy\" decoding=\"async\" width=\"1360\" height=\"765\" src=\"https:\/\/www.waterair.com\/wp-content\/uploads\/2021\/10\/renovation-piscine-2-1360x765.jpg\" class=\"item-slide__image item-slide\" alt=\"\" loading=\"1\" srcset=\"https:\/\/www.waterair.com\/wp-content\/uploads\/2021\/10\/renovation-piscine-2-1360x765.jpg 1360w, https:\/\/www.waterair.com\/wp-content\/uploads\/2021\/10\/renovation-piscine-2-1440x810.jpg 1440w, https:\/\/www.waterair.com\/wp-content\/uploads\/2021\/10\/renovation-piscine-2-768x432.jpg 768w, https:\/\/www.waterair.com\/wp-content\/uploads\/2021\/10\/renovation-piscine-2-1536x864.jpg 1536w, https:\/\/www.waterair.com\/wp-content\/uploads\/2021\/10\/renovation-piscine-2-880x495.jpg 880w, https:\/\/www.waterair.com\/wp-content\/uploads\/2021\/10\/renovation-piscine-2-440x248.jpg 440w, https:\/\/www.waterair.com\/wp-content\/uploads\/2021\/10\/renovation-piscine-2-1840x1035.jpg 1840w, https:\/\/www.waterair.com\/wp-content\/uploads\/2021\/10\/renovation-piscine-2-920x518.jpg 920w, https:\/\/www.waterair.com\/wp-content\/uploads\/2021\/10\/renovation-piscine-2.jpg 1920w\" sizes=\"auto, (max-width: 1360px) 100vw, 1360px\" \/>\t                            <\/div>\n                                            <\/div>\n                            <\/div>\n                <\/div>\n            <\/div>\n        \n    <\/div>\n<\/div>\n<\/div>\n<\/div><\/div><\/div>\n\n    <div  class=\"block-button content-block mb-0 mt-2\" data-tab-section>\n        <div class=\"container\">\n            <div class=\"row\">\n                <div class=\"col-12 col-md-10 offset-md-1\">\n                    <div class=\"d-flex flex-wrap flex-column flex-md-row justify-content-center spaced-md-4 mt-6 mb-5 mb-md-0\">\n                                                        <a\tdata-wa=\"button\" data-wa-wave=\"primary\"\n\tclass=\"btn btn--primary mb-0 mb-md-5\"\n\t\t\thref=\"https:\/\/www.waterair.com\/be-fr\/renovation-de-piscine\"\n\t\t>\n\t\tAcc\u00e9der au formulaire de r\u00e9novation piscine    <\/a>\n                                                                    <\/div>\n                <\/div>\n            <\/div>\n        <\/div>\n    <\/div>\n\n\n<div  class=\"block-chiffres  content-block\">\n\t\t\t<svg class=\"content-block__wave\" xmlns=\"http:\/\/www.w3.org\/2000\/svg\" preserveAspectRatio=\"none\" width=\"792\" height=\"113\" viewBox=\"0 0 792 113\">\n\t\t\t<path fill=\"#0080C8\" d=\"M431.725539,-340.566487 C409.271632,-304.562081 392.525634,-252.714767 387.640542,-179.798441 C369.042596,122.812782 497.396885,38.5205026 497.396885,452.206968 C497.55866,212.705563 497.186394,-340.754832 497.396885,-340.566487 C497.607458,-340.372208 431.896885,-340.551731 431.725539,-340.566487 Z\" transform=\"matrix(0 1 1 0 340.564 -384.897)\"\/>\n\t\t<\/svg>\n\t\t<div class=\"content-block__wrapper\">\n\t\t\t<div class=\"container\">\n\t\t\t\t<div class=\"row justify-content-center\">\n\t\t\t\t\t\t\t\t\t\t\t<div class=\"col-lg-7\">\n\t\t\t\t\t\t\t<h2 data-wa=\"fade-up\" class=\"content-block__title h1 text-inherit mb-0\">leader europ\u00e9en des piscines en kit<\/h2>\n\t\t\t\t\t\t<\/div>\n\t\t\t\t\t\t\t\t\t\t\t\t\t\t\t\t<div class=\"col-lg-11\">\n\t\t\t\t\t\t\t<p data-wa=\"fade-up\" data-wa-delay=\"100\" class=\"content-block__description text--lg mt-4 mb-0\">Nous sommes pr\u00e9sents dans plus de 29 pays \u00e0 travers le monde et reconnus pour la qualit\u00e9 de nos produits, la fiabilit\u00e9 de nos services, mais aussi pour notre comp\u00e9titivit\u00e9 exceptionnelle<\/p>\n\t\t\t\t\t\t<\/div>\n\t\t\t\t\t\t\t\t\t<\/div>\n\t\t\t\t\t\t\t\t\t<div data-wa=\"fade-up\" data-wa-delay=\"200\" class=\"row justify-content-center\">\n\t\t\t\t\t\t\t\t\t\t\t\t\t<div class=\"content-block__number col-md-6 col-lg-3\">\n\t\t\t\t\t\t\t\t<p class=\"content-block__number__value\"><span data-wa=\"counter\">30<\/span> ans<\/p>\n\t\t\t\t\t\t\t\t<p class=\"content-block__number__label\">de garantie de la structure*<\/p>\n\t\t\t\t\t\t\t<\/div>\n\t\t\t\t\t\t\t\t\t\t\t\t\t<div class=\"content-block__number col-md-6 col-lg-3\">\n\t\t\t\t\t\t\t\t<p class=\"content-block__number__value\"><span data-wa=\"counter\">50<\/span> ans<\/p>\n\t\t\t\t\t\t\t\t<p class=\"content-block__number__label\">d&rsquo;exp\u00e9rience de fabricant<\/p>\n\t\t\t\t\t\t\t<\/div>\n\t\t\t\t\t\t\t\t\t\t\t\t\t<div class=\"content-block__number col-md-6 col-lg-3\">\n\t\t\t\t\t\t\t\t<p class=\"content-block__number__value\">+<span data-wa=\"counter\">20<\/span>%<\/p>\n\t\t\t\t\t\t\t\t<p class=\"content-block__number__label\">de valeur de patrimoine<\/p>\n\t\t\t\t\t\t\t<\/div>\n\t\t\t\t\t\t\t\t\t\t\t\t\t<div class=\"content-block__number col-md-6 col-lg-3\">\n\t\t\t\t\t\t\t\t<p class=\"content-block__number__value\"><span data-wa=\"counter\">139 000<\/span><\/p>\n\t\t\t\t\t\t\t\t<p class=\"content-block__number__label\">clients heureux<\/p>\n\t\t\t\t\t\t\t<\/div>\n\t\t\t\t\t\t\t\t\t\t\t<\/div>\n\t\t\t\t\t\t\t\t\t\t\t\t\t\t\t\t\t<div class=\"row justify-content-center\">\n\t\t\t\t\t\t<div class=\"col-md-10\">\n\t\t\t\t\t\t\t<div data-wa=\"fade-up\" data-wa-delay=\"400\" class=\"content-block__legal wysiwyg mt-8\"><\/div>\n\t\t\t\t\t\t<\/div>\n\t\t\t\t\t<\/div>\n\t\t\t\t\t\t\t\t\t\t\t\t\t<img loading=\"lazy\" decoding=\"async\" src=\"https:\/\/www.waterair.com\/wp-content\/uploads\/2021\/08\/made-in-france.svg\" width=\"120\" height=\"120\" class=\"content-block__picto\" alt=\"\">\n\t\t\t\t\t\t\t<\/div>\n\t\t\t\t\t<\/div>\n\t\t<div class=\"content-block__wave-outline-1\">\n\t\t\t<svg width=\"678\" height=\"589\" viewBox=\"0 0 1000 1000\">\n\t\t\t\t<path fill=\"none\" stroke=\"#FFF\" stroke-width=\"2\" opacity=\".2\" data-blob='{\"minRadius\": \"430\",\"maxRadius\":\"490\", \"numPoints\": \"16\"}'><\/path>\n\t\t\t<\/svg>\n\t\t<\/div>\n\t\t<div class=\"content-block__wave-outline-2\">\n\t\t\t<svg width=\"678\" height=\"589\" viewBox=\"0 0 1000 1000\">\n\t\t\t\t<path fill=\"none\" stroke=\"#FFF\" stroke-width=\"2\" opacity=\".2\" data-blob='{\"minRadius\": \"430\",\"maxRadius\":\"490\", \"numPoints\": \"16\"}'><\/path>\n\t\t\t<\/svg>\n\t\t<\/div>\n\t<\/div>","protected":false},"excerpt":{"rendered":"<p>Il y a bien longtemps, vous nous avez fait confiance pour l\u2019achat de votre piscine. Aujourd\u2019hui, vous avez besoin d\u2019effectuer des travaux, quelques r\u00e9parations et nous sommes toujours \u00e0 vos c\u00f4t\u00e9s pour vous conseiller. Et si vous en profitiez pour rendre votre piscine plus confortable, plus belle, plus adapt\u00e9e \u00e0 vos besoins actuels ? La [&hellip;]<\/p>\n","protected":false},"author":1,"featured_media":64210,"parent":0,"menu_order":0,"comment_status":"closed","ping_status":"closed","template":"","meta":{"_acf_changed":false,"om_disable_all_campaigns":false,"footnotes":""},"class_list":["post-64260","page","type-page","status-publish","has-post-thumbnail","hentry"],"acf":[],"yoast_head":"<!-- This site is optimized with the Yoast SEO Premium plugin v25.4 (Yoast SEO v27.2) - https:\/\/yoast.com\/product\/yoast-seo-premium-wordpress\/ -->\n<title>R\u00e9novation piscine - donnez une nouvelle jeunesse \u00e0 votre piscine | Piscines Waterair<\/title>\n<meta name=\"description\" content=\"Piscines Waterair vous accompagne lors de la r\u00e9novation de votre piscine. Changement de liner, ajout d\u2019un escalier, changement de margelles : notre \u00e9quipe r\u00e9pond \u00e0 vos besoins.\" \/>\n<meta name=\"robots\" content=\"index, follow, max-snippet:-1, max-image-preview:large, max-video-preview:-1\" \/>\n<link rel=\"canonical\" href=\"https:\/\/www.waterair.com\/be-fr\/conseils-piscine\/renovation-piscine\" \/>\n<meta property=\"og:locale\" content=\"fr_FR\" \/>\n<meta property=\"og:type\" content=\"article\" \/>\n<meta property=\"og:title\" content=\"R\u00e9novation : Piscines Waterair vous accompagne\" \/>\n<meta property=\"og:description\" content=\"Piscines Waterair vous accompagne lors de la r\u00e9novation de votre piscine. Changement de liner, ajout d\u2019un escalier, changement de margelles : notre \u00e9quipe r\u00e9pond \u00e0 vos besoins.\" \/>\n<meta property=\"og:url\" content=\"https:\/\/www.waterair.com\/be-fr\/conseils-piscine\/renovation-piscine\" \/>\n<meta property=\"og:site_name\" content=\"Piscines Waterair\" \/>\n<meta property=\"article:modified_time\" content=\"2021-12-01T08:51:50+00:00\" \/>\n<meta property=\"og:image\" content=\"https:\/\/www.waterair.com\/wp-content\/uploads\/2021\/11\/renovation-piscine-3.jpg\" \/>\n\t<meta property=\"og:image:width\" content=\"1920\" \/>\n\t<meta property=\"og:image:height\" content=\"1080\" \/>\n\t<meta property=\"og:image:type\" content=\"image\/jpeg\" \/>\n<meta name=\"twitter:card\" content=\"summary_large_image\" \/>\n<meta name=\"twitter:label1\" content=\"Dur\u00e9e de lecture est.\" \/>\n\t<meta name=\"twitter:data1\" content=\"1 minute\" \/>\n<script type=\"application\/ld+json\" class=\"yoast-schema-graph\">{\"@context\":\"https:\/\/schema.org\",\"@graph\":[{\"@type\":\"WebPage\",\"@id\":\"https:\/\/www.waterair.com\/be-fr\/conseils-piscine\/renovation-piscine\",\"url\":\"https:\/\/www.waterair.com\/be-fr\/conseils-piscine\/renovation-piscine\",\"name\":\"R\u00e9novation piscine - donnez une nouvelle jeunesse \u00e0 votre piscine | Piscines Waterair\",\"isPartOf\":{\"@id\":\"https:\/\/www.waterair.com\/be-fr\/#website\"},\"primaryImageOfPage\":{\"@id\":\"https:\/\/www.waterair.com\/be-fr\/conseils-piscine\/renovation-piscine#primaryimage\"},\"image\":{\"@id\":\"https:\/\/www.waterair.com\/be-fr\/conseils-piscine\/renovation-piscine#primaryimage\"},\"thumbnailUrl\":\"https:\/\/www.waterair.com\/wp-content\/uploads\/2021\/11\/renovation-piscine-3.jpg\",\"datePublished\":\"2021-11-04T09:11:42+00:00\",\"dateModified\":\"2021-12-01T08:51:50+00:00\",\"description\":\"Piscines Waterair vous accompagne lors de la r\u00e9novation de votre piscine. Changement de liner, ajout d\u2019un escalier, changement de margelles : notre \u00e9quipe r\u00e9pond \u00e0 vos besoins.\",\"breadcrumb\":{\"@id\":\"https:\/\/www.waterair.com\/be-fr\/conseils-piscine\/renovation-piscine#breadcrumb\"},\"inLanguage\":\"fr-BE\",\"potentialAction\":[{\"@type\":\"ReadAction\",\"target\":[\"https:\/\/www.waterair.com\/be-fr\/conseils-piscine\/renovation-piscine\"]}]},{\"@type\":\"ImageObject\",\"inLanguage\":\"fr-BE\",\"@id\":\"https:\/\/www.waterair.com\/be-fr\/conseils-piscine\/renovation-piscine#primaryimage\",\"url\":\"https:\/\/www.waterair.com\/wp-content\/uploads\/2021\/11\/renovation-piscine-3.jpg\",\"contentUrl\":\"https:\/\/www.waterair.com\/wp-content\/uploads\/2021\/11\/renovation-piscine-3.jpg\",\"width\":1920,\"height\":1080,\"caption\":\"Piscine haricot avec margelles et escalier sortant\"},{\"@type\":\"BreadcrumbList\",\"@id\":\"https:\/\/www.waterair.com\/be-fr\/conseils-piscine\/renovation-piscine#breadcrumb\",\"itemListElement\":[{\"@type\":\"ListItem\",\"position\":1,\"name\":\"Accueil\",\"item\":\"https:\/\/www.waterair.com\/be-fr\"},{\"@type\":\"ListItem\",\"position\":2,\"name\":\"R\u00e9novation : Piscines Waterair vous accompagne\"}]},{\"@type\":\"WebSite\",\"@id\":\"https:\/\/www.waterair.com\/be-fr\/#website\",\"url\":\"https:\/\/www.waterair.com\/be-fr\/\",\"name\":\"Piscines Waterair\",\"description\":\"\",\"potentialAction\":[{\"@type\":\"SearchAction\",\"target\":{\"@type\":\"EntryPoint\",\"urlTemplate\":\"https:\/\/www.waterair.com\/be-fr\/?s={search_term_string}\"},\"query-input\":{\"@type\":\"PropertyValueSpecification\",\"valueRequired\":true,\"valueName\":\"search_term_string\"}}],\"inLanguage\":\"fr-BE\"}]}<\/script>\n<!-- \/ Yoast SEO Premium plugin. -->","yoast_head_json":{"title":"R\u00e9novation piscine - donnez une nouvelle jeunesse \u00e0 votre piscine | Piscines Waterair","description":"Piscines Waterair vous accompagne lors de la r\u00e9novation de votre piscine. Changement de liner, ajout d\u2019un escalier, changement de margelles : notre \u00e9quipe r\u00e9pond \u00e0 vos besoins.","robots":{"index":"index","follow":"follow","max-snippet":"max-snippet:-1","max-image-preview":"max-image-preview:large","max-video-preview":"max-video-preview:-1"},"canonical":"https:\/\/www.waterair.com\/be-fr\/conseils-piscine\/renovation-piscine","og_locale":"fr_FR","og_type":"article","og_title":"R\u00e9novation : Piscines Waterair vous accompagne","og_description":"Piscines Waterair vous accompagne lors de la r\u00e9novation de votre piscine. Changement de liner, ajout d\u2019un escalier, changement de margelles : notre \u00e9quipe r\u00e9pond \u00e0 vos besoins.","og_url":"https:\/\/www.waterair.com\/be-fr\/conseils-piscine\/renovation-piscine","og_site_name":"Piscines Waterair","article_modified_time":"2021-12-01T08:51:50+00:00","og_image":[{"width":1920,"height":1080,"url":"https:\/\/www.waterair.com\/wp-content\/uploads\/2021\/11\/renovation-piscine-3.jpg","type":"image\/jpeg"}],"twitter_card":"summary_large_image","twitter_misc":{"Dur\u00e9e de lecture est.":"1 minute"},"schema":{"@context":"https:\/\/schema.org","@graph":[{"@type":"WebPage","@id":"https:\/\/www.waterair.com\/be-fr\/conseils-piscine\/renovation-piscine","url":"https:\/\/www.waterair.com\/be-fr\/conseils-piscine\/renovation-piscine","name":"R\u00e9novation piscine - donnez une nouvelle jeunesse \u00e0 votre piscine | Piscines Waterair","isPartOf":{"@id":"https:\/\/www.waterair.com\/be-fr\/#website"},"primaryImageOfPage":{"@id":"https:\/\/www.waterair.com\/be-fr\/conseils-piscine\/renovation-piscine#primaryimage"},"image":{"@id":"https:\/\/www.waterair.com\/be-fr\/conseils-piscine\/renovation-piscine#primaryimage"},"thumbnailUrl":"https:\/\/www.waterair.com\/wp-content\/uploads\/2021\/11\/renovation-piscine-3.jpg","datePublished":"2021-11-04T09:11:42+00:00","dateModified":"2021-12-01T08:51:50+00:00","description":"Piscines Waterair vous accompagne lors de la r\u00e9novation de votre piscine. Changement de liner, ajout d\u2019un escalier, changement de margelles : notre \u00e9quipe r\u00e9pond \u00e0 vos besoins.","breadcrumb":{"@id":"https:\/\/www.waterair.com\/be-fr\/conseils-piscine\/renovation-piscine#breadcrumb"},"inLanguage":"fr-BE","potentialAction":[{"@type":"ReadAction","target":["https:\/\/www.waterair.com\/be-fr\/conseils-piscine\/renovation-piscine"]}]},{"@type":"ImageObject","inLanguage":"fr-BE","@id":"https:\/\/www.waterair.com\/be-fr\/conseils-piscine\/renovation-piscine#primaryimage","url":"https:\/\/www.waterair.com\/wp-content\/uploads\/2021\/11\/renovation-piscine-3.jpg","contentUrl":"https:\/\/www.waterair.com\/wp-content\/uploads\/2021\/11\/renovation-piscine-3.jpg","width":1920,"height":1080,"caption":"Piscine haricot avec margelles et escalier sortant"},{"@type":"BreadcrumbList","@id":"https:\/\/www.waterair.com\/be-fr\/conseils-piscine\/renovation-piscine#breadcrumb","itemListElement":[{"@type":"ListItem","position":1,"name":"Accueil","item":"https:\/\/www.waterair.com\/be-fr"},{"@type":"ListItem","position":2,"name":"R\u00e9novation : Piscines Waterair vous accompagne"}]},{"@type":"WebSite","@id":"https:\/\/www.waterair.com\/be-fr\/#website","url":"https:\/\/www.waterair.com\/be-fr\/","name":"Piscines Waterair","description":"","potentialAction":[{"@type":"SearchAction","target":{"@type":"EntryPoint","urlTemplate":"https:\/\/www.waterair.com\/be-fr\/?s={search_term_string}"},"query-input":{"@type":"PropertyValueSpecification","valueRequired":true,"valueName":"search_term_string"}}],"inLanguage":"fr-BE"}]}},"_links":{"self":[{"href":"https:\/\/www.waterair.com\/be-fr\/wp-json\/wp\/v2\/pages\/64260","targetHints":{"allow":["GET"]}}],"collection":[{"href":"https:\/\/www.waterair.com\/be-fr\/wp-json\/wp\/v2\/pages"}],"about":[{"href":"https:\/\/www.waterair.com\/be-fr\/wp-json\/wp\/v2\/types\/page"}],"author":[{"embeddable":true,"href":"https:\/\/www.waterair.com\/be-fr\/wp-json\/wp\/v2\/users\/1"}],"replies":[{"embeddable":true,"href":"https:\/\/www.waterair.com\/be-fr\/wp-json\/wp\/v2\/comments?post=64260"}],"version-history":[{"count":5,"href":"https:\/\/www.waterair.com\/be-fr\/wp-json\/wp\/v2\/pages\/64260\/revisions"}],"predecessor-version":[{"id":97999,"href":"https:\/\/www.waterair.com\/be-fr\/wp-json\/wp\/v2\/pages\/64260\/revisions\/97999"}],"wp:featuredmedia":[{"embeddable":true,"href":"https:\/\/www.waterair.com\/be-fr\/wp-json\/wp\/v2\/media\/64210"}],"wp:attachment":[{"href":"https:\/\/www.waterair.com\/be-fr\/wp-json\/wp\/v2\/media?parent=64260"}],"curies":[{"name":"wp","href":"https:\/\/api.w.org\/{rel}","templated":true}]}}