{"id":230080,"date":"2022-08-18T15:25:02","date_gmt":"2022-08-18T13:25:02","guid":{"rendered":"https:\/\/www.waterair.com\/?page_id=230080"},"modified":"2022-08-18T15:26:13","modified_gmt":"2022-08-18T13:26:13","slug":"christine-und-dr-gerhard-h-oberwil","status":"publish","type":"page","link":"https:\/\/www.waterair.com\/ch-de\/tipps\/kunden-waterair\/christine-und-dr-gerhard-h-oberwil","title":{"rendered":"Christine und Dr. Gerhard H., Oberwil"},"content":{"rendered":"<div class=\"container block--core-paragraph\"><div class=\"row\"><div class=\"col-12 \">\n<p><\/p>\n<\/div><\/div><\/div>\n\n<div class=\"container block--core-paragraph\"><div class=\"row\"><div class=\"col-12 \">\n<p>Vor 11 Jahren haben wir uns nach intensiver Suche nach einem Schwimmbad an Messen und Ausstellungen schliesslich im els\u00e4ssischen S\u00e9ppois le Bas unseren Traum gefunden.<\/p>\n<\/div><\/div><\/div>\n\n<div class=\"container block--core-paragraph\"><div class=\"row\"><div class=\"col-12 \">\n<p>CELINE ist ein wundersch\u00f6n in Nierenform geschwungenes Becken mit einer r\u00f6mischen Treppe \u2013 auch zum bequemen Einsteigen oder Sitzen f\u00fcr kleine Kinder und \u00e4ltere Personen.<\/p>\n<\/div><\/div><\/div>\n\n<div class=\"container block--core-paragraph\"><div class=\"row\"><div class=\"col-12 \">\n<p>Gegen S\u00fcden gerichtet haben wir im Sommer von 8 Uhr morgens bis 19 abends Sonnenschein. Die gesamte Technik ist 2 Meter entfernt im LOCAROC h\u00e4lftig in die Erde eingebaut und daneben steht seit 2 Jahren die leise W\u00e4rmepumpe, die in wenigen Stunden \u00fcber Nacht das Wasser auf angenehmen 27 Grad h\u00e4lt. Porphyrplatten randen das Becken ein und sind ideale W\u00e4rmetr\u00e4ger zum Trocknen und den K\u00f6rper erw\u00e4rmen.<\/p>\n<\/div><\/div><\/div>\n\n<div class=\"container block--core-paragraph\"><div class=\"row\"><div class=\"col-12 \">\n<p>Der Service ist einfach und zweckm\u00e4ssig, und die Bademittel sind auch f\u00fcr B\u00e9b\u00e9s hautvertr\u00e4glich. F\u00fcr unsere Enkel ist ein Sommertag das Paradies auf Erden.<\/p>\n<\/div><\/div><\/div>\n\n<div class=\"container block--core-paragraph\"><div class=\"row\"><div class=\"col-12 \">\n<p>Herr Neidl und sein Team bei Magicpool sind sehr freundlich und immer zur Stelle, falls einmal etwas zu kaufen vergessen wurde.<\/p>\n<\/div><\/div><\/div>\n\n<div class=\"container block--core-paragraph\"><div class=\"row\"><div class=\"col-12 \">\n<p>Von Mai bis Oktober ist der Spass gross, ab November decken wir CELINE mit einer massgefertigten leichten Decke zu und freuen uns auf die n\u00e4chste private Badesaison.<\/p>\n<\/div><\/div><\/div>\n\n<div class=\"container block--core-paragraph\"><div class=\"row\"><div class=\"col-12 \">\n<p>Christine und Dr. Gerhard H\u00e4nggi, Oberwil<\/p>\n<\/div><\/div><\/div>\n\n<div data-wa=\"fade-up\"  class=\"block-media  content-block\">\n\t\t\t<div class=\"container\">\n\t\t\t<div class=\"row\">\n\t\t\t\t<div class=\"col-12 col-md-10 offset-md-1\">\n                                            <div class=\"content-block__media\">\n                                                            \n                                <img decoding=\"async\"\n                                        src=\"https:\/\/www.waterair.com\/wp-content\/uploads\/2022\/08\/schwimmbad-waterair-celine.jpg\"\n                                        srcset=\"https:\/\/www.waterair.com\/wp-content\/uploads\/2022\/08\/schwimmbad-waterair-celine.jpg 2x\"\n                                        alt=\"\"\n                                >\n                                                    <\/div>\n                                    <\/div>\n\t\t\t<\/div>\n\t\t<\/div>\n        \t<\/div>\n","protected":false},"excerpt":{"rendered":"<p>Vor 11 Jahren haben wir uns nach intensiver Suche nach einem Schwimmbad an Messen und Ausstellungen schliesslich im els\u00e4ssischen S\u00e9ppois le Bas unseren Traum gefunden. CELINE ist ein wundersch\u00f6n in Nierenform geschwungenes Becken mit einer r\u00f6mischen Treppe \u2013 auch zum bequemen Einsteigen oder Sitzen f\u00fcr kleine Kinder und \u00e4ltere Personen. Gegen S\u00fcden gerichtet haben wir [&hellip;]<\/p>\n","protected":false},"author":10,"featured_media":230081,"parent":33246,"menu_order":0,"comment_status":"closed","ping_status":"closed","template":"","meta":{"_acf_changed":false,"om_disable_all_campaigns":false,"footnotes":""},"class_list":["post-230080","page","type-page","status-publish","has-post-thumbnail","hentry"],"acf":[],"yoast_head":"<!-- This site is optimized with the Yoast SEO Premium plugin v25.4 (Yoast SEO v27.2) - https:\/\/yoast.com\/product\/yoast-seo-premium-wordpress\/ -->\n<title>Christine und Dr. Gerhard H., Oberwil | Waterair Pools<\/title>\n<meta name=\"robots\" content=\"index, follow, max-snippet:-1, max-image-preview:large, max-video-preview:-1\" \/>\n<link rel=\"canonical\" href=\"https:\/\/www.waterair.com\/ch-de\/tipps\/kunden-waterair\/christine-und-dr-gerhard-h-oberwil\" \/>\n<meta property=\"og:locale\" content=\"de_DE\" \/>\n<meta property=\"og:type\" content=\"article\" \/>\n<meta property=\"og:title\" content=\"Christine und Dr. Gerhard H., Oberwil\" \/>\n<meta property=\"og:description\" content=\"Vor 11 Jahren haben wir uns nach intensiver Suche nach einem Schwimmbad an Messen und Ausstellungen schliesslich im els\u00e4ssischen S\u00e9ppois le Bas unseren Traum gefunden. CELINE ist ein wundersch\u00f6n in Nierenform geschwungenes Becken mit einer r\u00f6mischen Treppe \u2013 auch zum bequemen Einsteigen oder Sitzen f\u00fcr kleine Kinder und \u00e4ltere Personen. Gegen S\u00fcden gerichtet haben wir [&hellip;]\" \/>\n<meta property=\"og:url\" content=\"https:\/\/www.waterair.com\/ch-de\/tipps\/kunden-waterair\/christine-und-dr-gerhard-h-oberwil\" \/>\n<meta property=\"og:site_name\" content=\"Waterair Pools\" \/>\n<meta property=\"article:modified_time\" content=\"2022-08-18T13:26:13+00:00\" \/>\n<meta property=\"og:image\" content=\"https:\/\/www.waterair.com\/wp-content\/uploads\/2022\/08\/schwimmbad-waterair-celine.jpg\" \/>\n\t<meta property=\"og:image:width\" content=\"768\" \/>\n\t<meta property=\"og:image:height\" content=\"432\" \/>\n\t<meta property=\"og:image:type\" content=\"image\/jpeg\" \/>\n<meta name=\"twitter:card\" content=\"summary_large_image\" \/>\n<meta name=\"twitter:label1\" content=\"Gesch\u00e4tzte Lesezeit\" \/>\n\t<meta name=\"twitter:data1\" content=\"1\u00a0Minute\" \/>\n<script type=\"application\/ld+json\" class=\"yoast-schema-graph\">{\"@context\":\"https:\/\/schema.org\",\"@graph\":[{\"@type\":\"WebPage\",\"@id\":\"https:\/\/www.waterair.com\/ch-de\/tipps\/kunden-waterair\/christine-und-dr-gerhard-h-oberwil\",\"url\":\"https:\/\/www.waterair.com\/ch-de\/tipps\/kunden-waterair\/christine-und-dr-gerhard-h-oberwil\",\"name\":\"Christine und Dr. Gerhard H., Oberwil | Waterair Pools\",\"isPartOf\":{\"@id\":\"https:\/\/www.waterair.com\/ch-de\/#website\"},\"primaryImageOfPage\":{\"@id\":\"https:\/\/www.waterair.com\/ch-de\/tipps\/kunden-waterair\/christine-und-dr-gerhard-h-oberwil#primaryimage\"},\"image\":{\"@id\":\"https:\/\/www.waterair.com\/ch-de\/tipps\/kunden-waterair\/christine-und-dr-gerhard-h-oberwil#primaryimage\"},\"thumbnailUrl\":\"https:\/\/www.waterair.com\/wp-content\/uploads\/2022\/08\/schwimmbad-waterair-celine.jpg\",\"datePublished\":\"2022-08-18T13:25:02+00:00\",\"dateModified\":\"2022-08-18T13:26:13+00:00\",\"breadcrumb\":{\"@id\":\"https:\/\/www.waterair.com\/ch-de\/tipps\/kunden-waterair\/christine-und-dr-gerhard-h-oberwil#breadcrumb\"},\"inLanguage\":\"de-CH\",\"potentialAction\":[{\"@type\":\"ReadAction\",\"target\":[\"https:\/\/www.waterair.com\/ch-de\/tipps\/kunden-waterair\/christine-und-dr-gerhard-h-oberwil\"]}]},{\"@type\":\"ImageObject\",\"inLanguage\":\"de-CH\",\"@id\":\"https:\/\/www.waterair.com\/ch-de\/tipps\/kunden-waterair\/christine-und-dr-gerhard-h-oberwil#primaryimage\",\"url\":\"https:\/\/www.waterair.com\/wp-content\/uploads\/2022\/08\/schwimmbad-waterair-celine.jpg\",\"contentUrl\":\"https:\/\/www.waterair.com\/wp-content\/uploads\/2022\/08\/schwimmbad-waterair-celine.jpg\",\"width\":768,\"height\":432},{\"@type\":\"BreadcrumbList\",\"@id\":\"https:\/\/www.waterair.com\/ch-de\/tipps\/kunden-waterair\/christine-und-dr-gerhard-h-oberwil#breadcrumb\",\"itemListElement\":[{\"@type\":\"ListItem\",\"position\":1,\"name\":\"Startseite\",\"item\":\"https:\/\/www.waterair.com\/ch-de\"},{\"@type\":\"ListItem\",\"position\":2,\"name\":\"Erfahrungsberichte unserer Kunden\",\"item\":\"https:\/\/www.waterair.com\/ch-de\/tipps\/kunden-waterair\"},{\"@type\":\"ListItem\",\"position\":3,\"name\":\"Christine und Dr. Gerhard H., Oberwil\"}]},{\"@type\":\"WebSite\",\"@id\":\"https:\/\/www.waterair.com\/ch-de\/#website\",\"url\":\"https:\/\/www.waterair.com\/ch-de\/\",\"name\":\"Waterair Pools\",\"description\":\"\",\"potentialAction\":[{\"@type\":\"SearchAction\",\"target\":{\"@type\":\"EntryPoint\",\"urlTemplate\":\"https:\/\/www.waterair.com\/ch-de\/?s={search_term_string}\"},\"query-input\":{\"@type\":\"PropertyValueSpecification\",\"valueRequired\":true,\"valueName\":\"search_term_string\"}}],\"inLanguage\":\"de-CH\"}]}<\/script>\n<!-- \/ Yoast SEO Premium plugin. -->","yoast_head_json":{"title":"Christine und Dr. Gerhard H., Oberwil | Waterair Pools","robots":{"index":"index","follow":"follow","max-snippet":"max-snippet:-1","max-image-preview":"max-image-preview:large","max-video-preview":"max-video-preview:-1"},"canonical":"https:\/\/www.waterair.com\/ch-de\/tipps\/kunden-waterair\/christine-und-dr-gerhard-h-oberwil","og_locale":"de_DE","og_type":"article","og_title":"Christine und Dr. Gerhard H., Oberwil","og_description":"Vor 11 Jahren haben wir uns nach intensiver Suche nach einem Schwimmbad an Messen und Ausstellungen schliesslich im els\u00e4ssischen S\u00e9ppois le Bas unseren Traum gefunden. CELINE ist ein wundersch\u00f6n in Nierenform geschwungenes Becken mit einer r\u00f6mischen Treppe \u2013 auch zum bequemen Einsteigen oder Sitzen f\u00fcr kleine Kinder und \u00e4ltere Personen. Gegen S\u00fcden gerichtet haben wir [&hellip;]","og_url":"https:\/\/www.waterair.com\/ch-de\/tipps\/kunden-waterair\/christine-und-dr-gerhard-h-oberwil","og_site_name":"Waterair Pools","article_modified_time":"2022-08-18T13:26:13+00:00","og_image":[{"width":768,"height":432,"url":"https:\/\/www.waterair.com\/wp-content\/uploads\/2022\/08\/schwimmbad-waterair-celine.jpg","type":"image\/jpeg"}],"twitter_card":"summary_large_image","twitter_misc":{"Gesch\u00e4tzte Lesezeit":"1\u00a0Minute"},"schema":{"@context":"https:\/\/schema.org","@graph":[{"@type":"WebPage","@id":"https:\/\/www.waterair.com\/ch-de\/tipps\/kunden-waterair\/christine-und-dr-gerhard-h-oberwil","url":"https:\/\/www.waterair.com\/ch-de\/tipps\/kunden-waterair\/christine-und-dr-gerhard-h-oberwil","name":"Christine und Dr. Gerhard H., Oberwil | Waterair Pools","isPartOf":{"@id":"https:\/\/www.waterair.com\/ch-de\/#website"},"primaryImageOfPage":{"@id":"https:\/\/www.waterair.com\/ch-de\/tipps\/kunden-waterair\/christine-und-dr-gerhard-h-oberwil#primaryimage"},"image":{"@id":"https:\/\/www.waterair.com\/ch-de\/tipps\/kunden-waterair\/christine-und-dr-gerhard-h-oberwil#primaryimage"},"thumbnailUrl":"https:\/\/www.waterair.com\/wp-content\/uploads\/2022\/08\/schwimmbad-waterair-celine.jpg","datePublished":"2022-08-18T13:25:02+00:00","dateModified":"2022-08-18T13:26:13+00:00","breadcrumb":{"@id":"https:\/\/www.waterair.com\/ch-de\/tipps\/kunden-waterair\/christine-und-dr-gerhard-h-oberwil#breadcrumb"},"inLanguage":"de-CH","potentialAction":[{"@type":"ReadAction","target":["https:\/\/www.waterair.com\/ch-de\/tipps\/kunden-waterair\/christine-und-dr-gerhard-h-oberwil"]}]},{"@type":"ImageObject","inLanguage":"de-CH","@id":"https:\/\/www.waterair.com\/ch-de\/tipps\/kunden-waterair\/christine-und-dr-gerhard-h-oberwil#primaryimage","url":"https:\/\/www.waterair.com\/wp-content\/uploads\/2022\/08\/schwimmbad-waterair-celine.jpg","contentUrl":"https:\/\/www.waterair.com\/wp-content\/uploads\/2022\/08\/schwimmbad-waterair-celine.jpg","width":768,"height":432},{"@type":"BreadcrumbList","@id":"https:\/\/www.waterair.com\/ch-de\/tipps\/kunden-waterair\/christine-und-dr-gerhard-h-oberwil#breadcrumb","itemListElement":[{"@type":"ListItem","position":1,"name":"Startseite","item":"https:\/\/www.waterair.com\/ch-de"},{"@type":"ListItem","position":2,"name":"Erfahrungsberichte unserer Kunden","item":"https:\/\/www.waterair.com\/ch-de\/tipps\/kunden-waterair"},{"@type":"ListItem","position":3,"name":"Christine und Dr. Gerhard H., Oberwil"}]},{"@type":"WebSite","@id":"https:\/\/www.waterair.com\/ch-de\/#website","url":"https:\/\/www.waterair.com\/ch-de\/","name":"Waterair Pools","description":"","potentialAction":[{"@type":"SearchAction","target":{"@type":"EntryPoint","urlTemplate":"https:\/\/www.waterair.com\/ch-de\/?s={search_term_string}"},"query-input":{"@type":"PropertyValueSpecification","valueRequired":true,"valueName":"search_term_string"}}],"inLanguage":"de-CH"}]}},"_links":{"self":[{"href":"https:\/\/www.waterair.com\/ch-de\/wp-json\/wp\/v2\/pages\/230080","targetHints":{"allow":["GET"]}}],"collection":[{"href":"https:\/\/www.waterair.com\/ch-de\/wp-json\/wp\/v2\/pages"}],"about":[{"href":"https:\/\/www.waterair.com\/ch-de\/wp-json\/wp\/v2\/types\/page"}],"author":[{"embeddable":true,"href":"https:\/\/www.waterair.com\/ch-de\/wp-json\/wp\/v2\/users\/10"}],"replies":[{"embeddable":true,"href":"https:\/\/www.waterair.com\/ch-de\/wp-json\/wp\/v2\/comments?post=230080"}],"version-history":[{"count":5,"href":"https:\/\/www.waterair.com\/ch-de\/wp-json\/wp\/v2\/pages\/230080\/revisions"}],"predecessor-version":[{"id":230120,"href":"https:\/\/www.waterair.com\/ch-de\/wp-json\/wp\/v2\/pages\/230080\/revisions\/230120"}],"up":[{"embeddable":true,"href":"https:\/\/www.waterair.com\/ch-de\/wp-json\/wp\/v2\/pages\/33246"}],"wp:featuredmedia":[{"embeddable":true,"href":"https:\/\/www.waterair.com\/ch-de\/wp-json\/wp\/v2\/media\/230081"}],"wp:attachment":[{"href":"https:\/\/www.waterair.com\/ch-de\/wp-json\/wp\/v2\/media?parent=230080"}],"curies":[{"name":"wp","href":"https:\/\/api.w.org\/{rel}","templated":true}]}}