{"id":37754,"date":"2021-10-29T21:22:41","date_gmt":"2021-10-29T19:22:41","guid":{"rendered":"https:\/\/waterair-preprod2.adipso.fr\/impressum"},"modified":"2025-07-09T14:44:34","modified_gmt":"2025-07-09T12:44:34","slug":"impressum","status":"publish","type":"page","link":"https:\/\/www.waterair.com\/ch-de\/impressum","title":{"rendered":"Impressum"},"content":{"rendered":"<div  class=\"block-content-media  content-block   has-no-title\">\n            <div class=\"container\">\n            <div class=\"row\">\n                <div class=\"col\">\n                    <div class=\"row flex-column flex-md-row \">\n                        <div class=\"content-block__col col-12 d-flex flex-column align-items-md-start order-lg-2\">\n                                                                                                                                                <div data-wa=\"fade-up\" data-wa-delay=\"400\" class=\"content-block__description text--sm text-weight--300 mb-0\">\n                                    <p><strong>Identifizierung des Websitenverwalters<\/strong><\/p>\n<p>Waterair.com\/de ist eine von der WATERAIR Gruppe herausgegebene Website<br \/>\nVereinfachte Aktiengesellschaft mit einem Kapital von 10.000.000 Euro.<br \/>\nInnergemeinschaftliche Umsatzsteuernummer: FR 71 440 123 487<br \/>\nHandels- und Gesellschaftsregister von Mulhouse B 440 123 487 mit folgender Sitzadresse:<br \/>\nZone Artisanale<br \/>\n6 Rue de la Largue<br \/>\n68580 Seppois le Bas<br \/>\nE-Mail: info@waterair.com<br \/>\nBeratung und Pool-Planung: 0 800 50 70 40<br \/>\nVerwaltungstelefon: +33 3 89 07 45 45<br \/>\nKundenservice: +33 3 89 07 45 55 (kostenloser Service, Anrufspreis)<br \/>\nVerantwortliche f\u00fcr die Ver\u00f6ffentlichung: Jacques Braun<\/p>\n<p><strong>Zugang zur Website<\/strong><\/p>\n<p>Der Zugang zur Website Waterair.com\/de ist kostenlos. Die Kosten f\u00fcr den Zugang und die Nutzung des Telekommunikationsnetzes gehen nach den Modalit\u00e4ten, die von seinem Zugangsprovider und seinem Telekommunikationsanbieter vorgegeben sind, zu Lasten des Internetnutzers. Der Nutzer dieser Website erkl\u00e4rt, \u00fcber die notwendigen Kompetenzen und Mittel zu verf\u00fcgen, um auf diese Webseite zuzugreifen und sie zu nutzen.<br \/>\nTechnische Informationen<br \/>\nEs wird darauf hingewiesen, dass das Briefgeheimnis im Internet nicht garantiert wird. Der Internetnutzer wird erst bei seinem Zugang auf die Website dar\u00fcber informiert, dass Cookies verwendet werden k\u00f6nnen, um seine Identifizierung zu erm\u00f6glichen und die erhobenen Daten w\u00e4hrend der gesamten Dauer seines Websitebesuchs zu speichern.<br \/>\nDie Website Waterair.com\/de verwendet Google Analytics, einen von Google Inc. (&#171;Google&#187;) bereitgestellten Website-Analyse-Service. Google Analytics verwendet Cookies, Textdateien, die auf Ihrem Computer gespeichert werden, um Waterair.com\/de bei der Analyse der Nutzung seiner Website durch deren Nutzer zu helfen. Die durch die Cookies erzeugten Informationen in Bezug auf Ihre Website-Nutzung (einschlie\u00dflich Ihrer IP-Adresse) werden von Google \u00fcbertragen und gespeichert. Google verwendet diese Daten, um Ihre Nutzung der Website auszuwerten, Berichte \u00fcber die Website-Aktivit\u00e4t f\u00fcr den Website-Betreiber zusammenzustellen und weitere Services bereitzustellen, die die Aktivit\u00e4t der Website und die Internetnutzung betreffen. Google kann diese Daten an Dritte weitergeben, wenn dies gesetzlich vorgeschrieben ist oder sofern Dritte diese Daten im Auftrag von Google verarbeiten. Google wird Ihre IP-Adresse nicht mit anderen von Google erfassten Daten abgleichen. Sie k\u00f6nnen die Verwendung von Cookies deaktivieren, indem Sie die entsprechenden Einstellungen Ihres Browsers ausw\u00e4hlen.<\/p>\n<p>Wenn Sie diese Website nutzen, stimmen Sie ausdr\u00fccklich der Weiterverarbeitung Ihrer pers\u00f6nlichen Daten durch Google unter den oben genannten Bedingungen und f\u00fcr die oben genannten Zwecke zu.<\/p>\n<p><strong>Hyperlinks<\/strong><\/p>\n<p>Die Erstellung von Hyperlinks zur Waterair.com\/de Website unterliegt der vorherigen Zustimmung des Ver\u00f6ffentlichungsdirektors. WATERAIR Pools \u00fcbernimmt in keinem Fall die Verantwortung f\u00fcr die von Waterair.com\/de aus in Richtung anderer Internetseiten gestellten Hyperlinks.<\/p>\n<p><strong>Urheberrecht<\/strong><\/p>\n<p>Die vollst\u00e4ndige oder teilweise Vervielf\u00e4ltigung oder Abbildung der Seiten, Daten und jeglicher anderer Bestandteile dieser Seite, in welchem Verfahren und auf welchem Tr\u00e4ger auch immer, ist untersagt und stellt ohne die Erlaubnis des Herausgebers eine F\u00e4lschung dar.<\/p>\n<p><strong>Identifizierung des Betreibers der Website<\/strong><\/p>\n<p>Waterair.com\/de wird von Ikoula mit Sitz in 2 Cit\u00e9 Paradis, 75010 Paris, Frankreich, gehostet.<\/p>\n<p>\u00a9 Foto Credits<br \/>\nEstelle Hoffert<\/p>\n                                <\/div>\n                                                                                        <div data-wa=\"fade-up\" data-wa-delay=\"500\">\n                                                                    <\/div>\n                                                    <\/div>\n                                            <\/div>\n                <\/div>\n            <\/div>\n        <\/div>\n    <\/div>","protected":false},"excerpt":{"rendered":"","protected":false},"author":1,"featured_media":0,"parent":0,"menu_order":0,"comment_status":"closed","ping_status":"closed","template":"","meta":{"_acf_changed":false,"om_disable_all_campaigns":false,"footnotes":""},"class_list":["post-37754","page","type-page","status-publish","hentry"],"acf":[],"yoast_head":"<!-- This site is optimized with the Yoast SEO Premium plugin v25.4 (Yoast SEO v27.2) - https:\/\/yoast.com\/product\/yoast-seo-premium-wordpress\/ -->\n<title>Impressum | Waterair Pools<\/title>\n<meta name=\"robots\" content=\"index, follow, max-snippet:-1, max-image-preview:large, max-video-preview:-1\" \/>\n<link rel=\"canonical\" href=\"https:\/\/www.waterair.com\/ch-de\/impressum\" \/>\n<meta property=\"og:locale\" content=\"de_DE\" \/>\n<meta property=\"og:type\" content=\"article\" \/>\n<meta property=\"og:title\" content=\"Impressum\" \/>\n<meta property=\"og:url\" content=\"https:\/\/www.waterair.com\/ch-de\/impressum\" \/>\n<meta property=\"og:site_name\" content=\"Waterair Pools\" \/>\n<meta property=\"article:modified_time\" content=\"2025-07-09T12:44:34+00:00\" \/>\n<meta name=\"twitter:card\" content=\"summary_large_image\" \/>\n<meta name=\"twitter:label1\" content=\"Gesch\u00e4tzte Lesezeit\" \/>\n\t<meta name=\"twitter:data1\" content=\"3\u00a0Minuten\" \/>\n<script type=\"application\/ld+json\" class=\"yoast-schema-graph\">{\"@context\":\"https:\/\/schema.org\",\"@graph\":[{\"@type\":\"WebPage\",\"@id\":\"https:\/\/www.waterair.com\/ch-de\/impressum\",\"url\":\"https:\/\/www.waterair.com\/ch-de\/impressum\",\"name\":\"Impressum | Waterair Pools\",\"isPartOf\":{\"@id\":\"https:\/\/www.waterair.com\/ch-de\/#website\"},\"datePublished\":\"2021-10-29T19:22:41+00:00\",\"dateModified\":\"2025-07-09T12:44:34+00:00\",\"breadcrumb\":{\"@id\":\"https:\/\/www.waterair.com\/ch-de\/impressum#breadcrumb\"},\"inLanguage\":\"de-CH\",\"potentialAction\":[{\"@type\":\"ReadAction\",\"target\":[\"https:\/\/www.waterair.com\/ch-de\/impressum\"]}]},{\"@type\":\"BreadcrumbList\",\"@id\":\"https:\/\/www.waterair.com\/ch-de\/impressum#breadcrumb\",\"itemListElement\":[{\"@type\":\"ListItem\",\"position\":1,\"name\":\"Startseite\",\"item\":\"https:\/\/www.waterair.com\/ch-de\"},{\"@type\":\"ListItem\",\"position\":2,\"name\":\"Impressum\"}]},{\"@type\":\"WebSite\",\"@id\":\"https:\/\/www.waterair.com\/ch-de\/#website\",\"url\":\"https:\/\/www.waterair.com\/ch-de\/\",\"name\":\"Waterair Pools\",\"description\":\"\",\"potentialAction\":[{\"@type\":\"SearchAction\",\"target\":{\"@type\":\"EntryPoint\",\"urlTemplate\":\"https:\/\/www.waterair.com\/ch-de\/?s={search_term_string}\"},\"query-input\":{\"@type\":\"PropertyValueSpecification\",\"valueRequired\":true,\"valueName\":\"search_term_string\"}}],\"inLanguage\":\"de-CH\"}]}<\/script>\n<!-- \/ Yoast SEO Premium plugin. -->","yoast_head_json":{"title":"Impressum | Waterair Pools","robots":{"index":"index","follow":"follow","max-snippet":"max-snippet:-1","max-image-preview":"max-image-preview:large","max-video-preview":"max-video-preview:-1"},"canonical":"https:\/\/www.waterair.com\/ch-de\/impressum","og_locale":"de_DE","og_type":"article","og_title":"Impressum","og_url":"https:\/\/www.waterair.com\/ch-de\/impressum","og_site_name":"Waterair Pools","article_modified_time":"2025-07-09T12:44:34+00:00","twitter_card":"summary_large_image","twitter_misc":{"Gesch\u00e4tzte Lesezeit":"3\u00a0Minuten"},"schema":{"@context":"https:\/\/schema.org","@graph":[{"@type":"WebPage","@id":"https:\/\/www.waterair.com\/ch-de\/impressum","url":"https:\/\/www.waterair.com\/ch-de\/impressum","name":"Impressum | Waterair Pools","isPartOf":{"@id":"https:\/\/www.waterair.com\/ch-de\/#website"},"datePublished":"2021-10-29T19:22:41+00:00","dateModified":"2025-07-09T12:44:34+00:00","breadcrumb":{"@id":"https:\/\/www.waterair.com\/ch-de\/impressum#breadcrumb"},"inLanguage":"de-CH","potentialAction":[{"@type":"ReadAction","target":["https:\/\/www.waterair.com\/ch-de\/impressum"]}]},{"@type":"BreadcrumbList","@id":"https:\/\/www.waterair.com\/ch-de\/impressum#breadcrumb","itemListElement":[{"@type":"ListItem","position":1,"name":"Startseite","item":"https:\/\/www.waterair.com\/ch-de"},{"@type":"ListItem","position":2,"name":"Impressum"}]},{"@type":"WebSite","@id":"https:\/\/www.waterair.com\/ch-de\/#website","url":"https:\/\/www.waterair.com\/ch-de\/","name":"Waterair Pools","description":"","potentialAction":[{"@type":"SearchAction","target":{"@type":"EntryPoint","urlTemplate":"https:\/\/www.waterair.com\/ch-de\/?s={search_term_string}"},"query-input":{"@type":"PropertyValueSpecification","valueRequired":true,"valueName":"search_term_string"}}],"inLanguage":"de-CH"}]}},"_links":{"self":[{"href":"https:\/\/www.waterair.com\/ch-de\/wp-json\/wp\/v2\/pages\/37754","targetHints":{"allow":["GET"]}}],"collection":[{"href":"https:\/\/www.waterair.com\/ch-de\/wp-json\/wp\/v2\/pages"}],"about":[{"href":"https:\/\/www.waterair.com\/ch-de\/wp-json\/wp\/v2\/types\/page"}],"author":[{"embeddable":true,"href":"https:\/\/www.waterair.com\/ch-de\/wp-json\/wp\/v2\/users\/1"}],"replies":[{"embeddable":true,"href":"https:\/\/www.waterair.com\/ch-de\/wp-json\/wp\/v2\/comments?post=37754"}],"version-history":[{"count":5,"href":"https:\/\/www.waterair.com\/ch-de\/wp-json\/wp\/v2\/pages\/37754\/revisions"}],"predecessor-version":[{"id":523720,"href":"https:\/\/www.waterair.com\/ch-de\/wp-json\/wp\/v2\/pages\/37754\/revisions\/523720"}],"wp:attachment":[{"href":"https:\/\/www.waterair.com\/ch-de\/wp-json\/wp\/v2\/media?parent=37754"}],"curies":[{"name":"wp","href":"https:\/\/api.w.org\/{rel}","templated":true}]}}