{"id":521793,"date":"2023-08-08T08:23:43","date_gmt":"2023-08-08T06:23:43","guid":{"rendered":"https:\/\/www.waterair.com\/die-waterair-zero-impact-strategie"},"modified":"2023-08-08T08:23:46","modified_gmt":"2023-08-08T06:23:46","slug":"die-waterair-zero-impact-strategie","status":"publish","type":"page","link":"https:\/\/www.waterair.com\/ch-de\/nachhaltiger-pool\/die-waterair-zero-impact-strategie","title":{"rendered":"Die Waterair Zero-Impact-Strategie"},"content":{"rendered":"<div  class=\"block-content-media  content-block   has-no-title\">\n            <div class=\"container\">\n            <div class=\"row\">\n                <div class=\"col\">\n                    <div class=\"row flex-column flex-md-row \">\n                        <div class=\"content-block__col col-12 d-flex flex-column align-items-md-start order-lg-2\">\n                                                                                                                                                <div data-wa=\"fade-up\" data-wa-delay=\"400\" class=\"content-block__description text--sm text-weight--300 mb-0\">\n                                    <p>Als f\u00fchrender Anbieter von hochwertigen und ma\u00dfgeschneiderten Swimmingpools haben wir uns der Zero-Impact-Strategie verschrieben. Diese Strategie zielt darauf ab, negative Auswirkungen auf die Umwelt zu minimieren und nachhaltige L\u00f6sungen anzubieten, die die Umwelt wenig belasten.<\/p>\n<p>Wir setzen auf Materialien, die umweltfreundlich und langlebig sind, und verwenden erneuerbare Energien in unserem Produktionsprozess. Aber unsere Verantwortung f\u00fcr die Umwelt endet nicht mit der Produktion. Wir haben uns auch darauf konzentriert, den Energie- und Wasserverbrauch im Betrieb unserer Pools zu minimieren. Durch innovative Technologien und intelligente Systeme haben wir es geschafft, den Verbrauch von Energie und Wasser auf ein Minimum zu reduzieren. Dies spart unseren Kunden nicht nur Kosten, sondern tr\u00e4gt auch dazu bei, den Wasserverbrauch und die CO<sub>2<\/sub>-Emissionen zu reduzieren.<\/p>\n<p>Mit dem Waterair <a href=\"https:\/\/www.waterair.com\/ch-de\/nachhaltiger-pool\"><strong>ECO Pool<\/strong><\/a>\u00a0bieten wir unseren Kunden nicht nur einen hochwertigen Pool, sondern auch ein umweltfreundliches Produkt, das zum Schutz unseres Planeten beitr\u00e4gt. Wir sind stolz darauf, ein Unternehmen zu sein, das sich f\u00fcr Nachhaltigkeit und Umweltschutz einsetzt, und werden weiterhin innovative L\u00f6sungen entwickeln, um unseren \u00f6kologischen Fu\u00dfabdruck weiter zu minimieren.<\/p>\n<p>&nbsp;<\/p>\n<h2><strong>Nachhaltigkeit als Unternehmensprinzip<\/strong><\/h2>\n<p>Waterair produziert Pools mit einem minimalen \u00f6kologischen Fu\u00dfabdruck und setzt sich daf\u00fcr ein, das Verpackungsmaterial zu reduzieren. Unser Anspruch lautet: Die CO<sub>2<\/sub>-Emissionen jedes neuen Produkts m\u00fcssen geringer sein als die des Vorg\u00e4ngerprodukts.<\/p>\n<ul>\n<li>Unsere Poolstrukturen bestehen aus recyceltem und wiederverwertbarem Stahl mit einer Garantie von 20 Jahren.<\/li>\n<li>Wir verwenden nur hochwertige Materialien, um sicherzustellen, dass Ihr Pool Ihnen viele Jahrzehnte Freude bereitet.<\/li>\n<li>Wir arbeiten st\u00e4ndig daran, unsere Pools noch umweltschonender und mit immer weniger Energieverbrauch zu produzieren<\/li>\n<\/ul>\n<p>&nbsp;<\/p>\n<h2><strong>Auszeichnung f\u00fcr den Waterair Zero-Impact-Pool<\/strong><\/h2>\n<p>Unser \u201eZero Impact\u201c-Pool wurde 2021 mit dem \u201dSolar Impulse Efficient Solution\u201d-Label ausgezeichnet.<\/p>\n<p>Dieses von der Solar Impulse Foundation und der #1000Solutions Challenge f\u00fcr Umwelt und Wirtschaftlichkeit verliehene Siegel zeichnet Unternehmen f\u00fcr die Konzeption und Entwicklung von L\u00f6sungen aus, die sowohl \u00f6kologischen als auch \u00f6konomischen Belangen Rechnung tragen.<\/p>\n<p>Um dieses Siegel zu erhalten, wurden unsere Technologien von einer unabh\u00e4ngigen Expertengruppe sorgf\u00e4ltig anhand von f\u00fcnf Kriterien bewertet, welche Machbarkeit, Nachhaltigkeit und Kosteneffizienz ber\u00fccksichtigen.<\/p>\n                                <\/div>\n                                                                                        <div data-wa=\"fade-up\" data-wa-delay=\"500\">\n                                                                    <\/div>\n                                                    <\/div>\n                                            <\/div>\n                <\/div>\n            <\/div>\n        <\/div>\n    <\/div>","protected":false},"excerpt":{"rendered":"","protected":false},"author":0,"featured_media":0,"parent":31889,"menu_order":0,"comment_status":"closed","ping_status":"closed","template":"","meta":{"_acf_changed":false,"om_disable_all_campaigns":false,"footnotes":""},"class_list":["post-521793","page","type-page","status-publish","hentry"],"acf":[],"yoast_head":"<!-- This site is optimized with the Yoast SEO Premium plugin v25.4 (Yoast SEO v27.2) - https:\/\/yoast.com\/product\/yoast-seo-premium-wordpress\/ -->\n<title>Zero-Impact-Strategie | Waterair Pools<\/title>\n<meta name=\"description\" content=\"Nachhaltiger Badespa\u00df: \u00f6kologischer Herstellungsprozess und niedrigster Verbrauch im Betrieb sch\u00fctzen die Umwelt.\" \/>\n<meta name=\"robots\" content=\"index, follow, max-snippet:-1, max-image-preview:large, max-video-preview:-1\" \/>\n<link rel=\"canonical\" href=\"https:\/\/www.waterair.com\/ch-de\/nachhaltiger-pool\/die-waterair-zero-impact-strategie\" \/>\n<meta property=\"og:locale\" content=\"de_DE\" \/>\n<meta property=\"og:type\" content=\"article\" \/>\n<meta property=\"og:title\" content=\"Die Waterair Zero-Impact-Strategie\" \/>\n<meta property=\"og:description\" content=\"Nachhaltiger Badespa\u00df: \u00f6kologischer Herstellungsprozess und niedrigster Verbrauch im Betrieb sch\u00fctzen die Umwelt.\" \/>\n<meta property=\"og:url\" content=\"https:\/\/www.waterair.com\/ch-de\/nachhaltiger-pool\/die-waterair-zero-impact-strategie\" \/>\n<meta property=\"og:site_name\" content=\"Waterair Pools\" \/>\n<meta property=\"article:modified_time\" content=\"2023-08-08T06:23:46+00:00\" \/>\n<meta name=\"twitter:card\" content=\"summary_large_image\" \/>\n<script type=\"application\/ld+json\" class=\"yoast-schema-graph\">{\"@context\":\"https:\/\/schema.org\",\"@graph\":[{\"@type\":\"WebPage\",\"@id\":\"https:\/\/www.waterair.com\/ch-de\/nachhaltiger-pool\/die-waterair-zero-impact-strategie\",\"url\":\"https:\/\/www.waterair.com\/ch-de\/nachhaltiger-pool\/die-waterair-zero-impact-strategie\",\"name\":\"Zero-Impact-Strategie | Waterair Pools\",\"isPartOf\":{\"@id\":\"https:\/\/www.waterair.com\/ch-de\/#website\"},\"datePublished\":\"2023-08-08T06:23:43+00:00\",\"dateModified\":\"2023-08-08T06:23:46+00:00\",\"description\":\"Nachhaltiger Badespa\u00df: \u00f6kologischer Herstellungsprozess und niedrigster Verbrauch im Betrieb sch\u00fctzen die Umwelt.\",\"breadcrumb\":{\"@id\":\"https:\/\/www.waterair.com\/ch-de\/nachhaltiger-pool\/die-waterair-zero-impact-strategie#breadcrumb\"},\"inLanguage\":\"de-CH\",\"potentialAction\":[{\"@type\":\"ReadAction\",\"target\":[\"https:\/\/www.waterair.com\/ch-de\/nachhaltiger-pool\/die-waterair-zero-impact-strategie\"]}]},{\"@type\":\"BreadcrumbList\",\"@id\":\"https:\/\/www.waterair.com\/ch-de\/nachhaltiger-pool\/die-waterair-zero-impact-strategie#breadcrumb\",\"itemListElement\":[{\"@type\":\"ListItem\",\"position\":1,\"name\":\"Startseite\",\"item\":\"https:\/\/www.waterair.com\/ch-de\"},{\"@type\":\"ListItem\",\"position\":2,\"name\":\"Nachhaltiger ECO Pool\",\"item\":\"https:\/\/www.waterair.com\/ch-de\/nachhaltiger-pool\"},{\"@type\":\"ListItem\",\"position\":3,\"name\":\"Die Waterair Zero-Impact-Strategie\"}]},{\"@type\":\"WebSite\",\"@id\":\"https:\/\/www.waterair.com\/ch-de\/#website\",\"url\":\"https:\/\/www.waterair.com\/ch-de\/\",\"name\":\"Waterair Pools\",\"description\":\"\",\"potentialAction\":[{\"@type\":\"SearchAction\",\"target\":{\"@type\":\"EntryPoint\",\"urlTemplate\":\"https:\/\/www.waterair.com\/ch-de\/?s={search_term_string}\"},\"query-input\":{\"@type\":\"PropertyValueSpecification\",\"valueRequired\":true,\"valueName\":\"search_term_string\"}}],\"inLanguage\":\"de-CH\"}]}<\/script>\n<!-- \/ Yoast SEO Premium plugin. -->","yoast_head_json":{"title":"Zero-Impact-Strategie | Waterair Pools","description":"Nachhaltiger Badespa\u00df: \u00f6kologischer Herstellungsprozess und niedrigster Verbrauch im Betrieb sch\u00fctzen die Umwelt.","robots":{"index":"index","follow":"follow","max-snippet":"max-snippet:-1","max-image-preview":"max-image-preview:large","max-video-preview":"max-video-preview:-1"},"canonical":"https:\/\/www.waterair.com\/ch-de\/nachhaltiger-pool\/die-waterair-zero-impact-strategie","og_locale":"de_DE","og_type":"article","og_title":"Die Waterair Zero-Impact-Strategie","og_description":"Nachhaltiger Badespa\u00df: \u00f6kologischer Herstellungsprozess und niedrigster Verbrauch im Betrieb sch\u00fctzen die Umwelt.","og_url":"https:\/\/www.waterair.com\/ch-de\/nachhaltiger-pool\/die-waterair-zero-impact-strategie","og_site_name":"Waterair Pools","article_modified_time":"2023-08-08T06:23:46+00:00","twitter_card":"summary_large_image","schema":{"@context":"https:\/\/schema.org","@graph":[{"@type":"WebPage","@id":"https:\/\/www.waterair.com\/ch-de\/nachhaltiger-pool\/die-waterair-zero-impact-strategie","url":"https:\/\/www.waterair.com\/ch-de\/nachhaltiger-pool\/die-waterair-zero-impact-strategie","name":"Zero-Impact-Strategie | Waterair Pools","isPartOf":{"@id":"https:\/\/www.waterair.com\/ch-de\/#website"},"datePublished":"2023-08-08T06:23:43+00:00","dateModified":"2023-08-08T06:23:46+00:00","description":"Nachhaltiger Badespa\u00df: \u00f6kologischer Herstellungsprozess und niedrigster Verbrauch im Betrieb sch\u00fctzen die Umwelt.","breadcrumb":{"@id":"https:\/\/www.waterair.com\/ch-de\/nachhaltiger-pool\/die-waterair-zero-impact-strategie#breadcrumb"},"inLanguage":"de-CH","potentialAction":[{"@type":"ReadAction","target":["https:\/\/www.waterair.com\/ch-de\/nachhaltiger-pool\/die-waterair-zero-impact-strategie"]}]},{"@type":"BreadcrumbList","@id":"https:\/\/www.waterair.com\/ch-de\/nachhaltiger-pool\/die-waterair-zero-impact-strategie#breadcrumb","itemListElement":[{"@type":"ListItem","position":1,"name":"Startseite","item":"https:\/\/www.waterair.com\/ch-de"},{"@type":"ListItem","position":2,"name":"Nachhaltiger ECO Pool","item":"https:\/\/www.waterair.com\/ch-de\/nachhaltiger-pool"},{"@type":"ListItem","position":3,"name":"Die Waterair Zero-Impact-Strategie"}]},{"@type":"WebSite","@id":"https:\/\/www.waterair.com\/ch-de\/#website","url":"https:\/\/www.waterair.com\/ch-de\/","name":"Waterair Pools","description":"","potentialAction":[{"@type":"SearchAction","target":{"@type":"EntryPoint","urlTemplate":"https:\/\/www.waterair.com\/ch-de\/?s={search_term_string}"},"query-input":{"@type":"PropertyValueSpecification","valueRequired":true,"valueName":"search_term_string"}}],"inLanguage":"de-CH"}]}},"_links":{"self":[{"href":"https:\/\/www.waterair.com\/ch-de\/wp-json\/wp\/v2\/pages\/521793","targetHints":{"allow":["GET"]}}],"collection":[{"href":"https:\/\/www.waterair.com\/ch-de\/wp-json\/wp\/v2\/pages"}],"about":[{"href":"https:\/\/www.waterair.com\/ch-de\/wp-json\/wp\/v2\/types\/page"}],"replies":[{"embeddable":true,"href":"https:\/\/www.waterair.com\/ch-de\/wp-json\/wp\/v2\/comments?post=521793"}],"version-history":[{"count":2,"href":"https:\/\/www.waterair.com\/ch-de\/wp-json\/wp\/v2\/pages\/521793\/revisions"}],"predecessor-version":[{"id":581936,"href":"https:\/\/www.waterair.com\/ch-de\/wp-json\/wp\/v2\/pages\/521793\/revisions\/581936"}],"up":[{"embeddable":true,"href":"https:\/\/www.waterair.com\/ch-de\/wp-json\/wp\/v2\/pages\/31889"}],"wp:attachment":[{"href":"https:\/\/www.waterair.com\/ch-de\/wp-json\/wp\/v2\/media?parent=521793"}],"curies":[{"name":"wp","href":"https:\/\/api.w.org\/{rel}","templated":true}]}}