{"id":91051,"date":"2021-11-25T14:13:16","date_gmt":"2021-11-25T13:13:16","guid":{"rendered":"https:\/\/waterair-nvme.adipso.fr\/?page_id=91051"},"modified":"2026-01-21T10:30:58","modified_gmt":"2026-01-21T09:30:58","slug":"pools-und-ausruestung","status":"publish","type":"page","link":"https:\/\/www.waterair.com\/ch-de\/pools-und-ausstattung","title":{"rendered":"F\u00fcr jeden Geschmack der richtige Pool"},"content":{"rendered":"<div class=\"container block--core-heading\"><div class=\"row\"><div class=\"col-12 \">\n<h2 class=\"wp-block-heading\"><strong>G\u00f6nnen Sie sich Ihren Traumpool!<\/strong><\/h2>\n<\/div><\/div><\/div>\n\n<div class=\"container block--core-paragraph\"><div class=\"row\"><div class=\"col-12 \">\n<p>W\u00e4hlen Sie Form und Ausstattungselemente Ihres Pools ganz nach Belieben aus und passen Sie sie an die Gr\u00f6\u00dfe Ihres Grundst\u00fccks sowie die gew\u00fcnschte Nutzung des Pools an. Dank unserer Augmented-Reality-Software k\u00f6nnen Sie den Pool in Ihrem Garten sogar vorab visualisieren. Vereinbaren Sie einfach einen Termin f\u00fcr eine pers\u00f6nliche und kostenlose Beratung! Unser lokaler Partner verwirklicht Ihren Traum von einem eigenen Pool und begleitet Sie von Anfang bis Ende Ihres Poolprojekts.<\/p>\n<\/div><\/div><\/div>","protected":false},"excerpt":{"rendered":"<p>G\u00f6nnen Sie sich Ihren Traumpool! W\u00e4hlen Sie Form und Ausstattungselemente Ihres Pools ganz nach Belieben aus und passen Sie sie an die Gr\u00f6\u00dfe Ihres Grundst\u00fccks sowie die gew\u00fcnschte Nutzung des Pools an. Dank unserer Augmented-Reality-Software k\u00f6nnen Sie den Pool in Ihrem Garten sogar vorab visualisieren. Vereinbaren Sie einfach einen Termin f\u00fcr eine pers\u00f6nliche und kostenlose [&hellip;]<\/p>\n","protected":false},"author":11,"featured_media":0,"parent":0,"menu_order":0,"comment_status":"closed","ping_status":"closed","template":"archive-pool.php","meta":{"_acf_changed":false,"om_disable_all_campaigns":false,"footnotes":""},"class_list":["post-91051","page","type-page","status-publish","hentry"],"acf":[],"yoast_head":"<!-- This site is optimized with the Yoast SEO Premium plugin v25.4 (Yoast SEO v27.2) - https:\/\/yoast.com\/product\/yoast-seo-premium-wordpress\/ -->\n<title>Der passende Pool f\u00fcr jeden Geschmack | Waterair Pools<\/title>\n<meta name=\"description\" content=\"Selbstbau-Pools vom Marktf\u00fchrer: Entdecken Sie unser gro\u00dfes Sortiment f\u00fcr Ihren Traumpool. Passend f\u00fcr alle Gel\u00e4ndearten und jedes Budget. Mehr erfahren.\" \/>\n<meta name=\"robots\" content=\"index, follow, max-snippet:-1, max-image-preview:large, max-video-preview:-1\" \/>\n<link rel=\"canonical\" href=\"https:\/\/www.waterair.com\/ch-de\/pools-und-ausstattung\" \/>\n<meta property=\"og:locale\" content=\"de_DE\" \/>\n<meta property=\"og:type\" content=\"article\" \/>\n<meta property=\"og:title\" content=\"F\u00fcr jeden Geschmack der richtige Pool\" \/>\n<meta property=\"og:description\" content=\"Selbstbau-Pools vom Marktf\u00fchrer: Entdecken Sie unser gro\u00dfes Sortiment f\u00fcr Ihren Traumpool. Passend f\u00fcr alle Gel\u00e4ndearten und jedes Budget. Mehr erfahren.\" \/>\n<meta property=\"og:url\" content=\"https:\/\/www.waterair.com\/ch-de\/pools-und-ausstattung\" \/>\n<meta property=\"og:site_name\" content=\"Waterair Pools\" \/>\n<meta property=\"article:modified_time\" content=\"2026-01-21T09:30:58+00:00\" \/>\n<meta name=\"twitter:card\" content=\"summary_large_image\" \/>\n<meta name=\"twitter:label1\" content=\"Gesch\u00e4tzte Lesezeit\" \/>\n\t<meta name=\"twitter:data1\" content=\"2\u00a0Minuten\" \/>\n<script type=\"application\/ld+json\" class=\"yoast-schema-graph\">{\"@context\":\"https:\/\/schema.org\",\"@graph\":[{\"@type\":\"WebPage\",\"@id\":\"https:\/\/www.waterair.com\/ch-de\/pools-und-ausstattung\",\"url\":\"https:\/\/www.waterair.com\/ch-de\/pools-und-ausstattung\",\"name\":\"Der passende Pool f\u00fcr jeden Geschmack | Waterair Pools\",\"isPartOf\":{\"@id\":\"https:\/\/www.waterair.com\/ch-de\/#website\"},\"datePublished\":\"2021-11-25T13:13:16+00:00\",\"dateModified\":\"2026-01-21T09:30:58+00:00\",\"description\":\"Selbstbau-Pools vom Marktf\u00fchrer: Entdecken Sie unser gro\u00dfes Sortiment f\u00fcr Ihren Traumpool. Passend f\u00fcr alle Gel\u00e4ndearten und jedes Budget. Mehr erfahren.\",\"breadcrumb\":{\"@id\":\"https:\/\/www.waterair.com\/ch-de\/pools-und-ausstattung#breadcrumb\"},\"inLanguage\":\"de-CH\",\"potentialAction\":[{\"@type\":\"ReadAction\",\"target\":[\"https:\/\/www.waterair.com\/ch-de\/pools-und-ausstattung\"]}]},{\"@type\":\"BreadcrumbList\",\"@id\":\"https:\/\/www.waterair.com\/ch-de\/pools-und-ausstattung#breadcrumb\",\"itemListElement\":[{\"@type\":\"ListItem\",\"position\":1,\"name\":\"Startseite\",\"item\":\"https:\/\/www.waterair.com\/ch-de\"},{\"@type\":\"ListItem\",\"position\":2,\"name\":\"F\u00fcr jeden Geschmack der richtige Pool\"}]},{\"@type\":\"WebSite\",\"@id\":\"https:\/\/www.waterair.com\/ch-de\/#website\",\"url\":\"https:\/\/www.waterair.com\/ch-de\/\",\"name\":\"Waterair Pools\",\"description\":\"\",\"potentialAction\":[{\"@type\":\"SearchAction\",\"target\":{\"@type\":\"EntryPoint\",\"urlTemplate\":\"https:\/\/www.waterair.com\/ch-de\/?s={search_term_string}\"},\"query-input\":{\"@type\":\"PropertyValueSpecification\",\"valueRequired\":true,\"valueName\":\"search_term_string\"}}],\"inLanguage\":\"de-CH\"}]}<\/script>\n<!-- \/ Yoast SEO Premium plugin. -->","yoast_head_json":{"title":"Der passende Pool f\u00fcr jeden Geschmack | Waterair Pools","description":"Selbstbau-Pools vom Marktf\u00fchrer: Entdecken Sie unser gro\u00dfes Sortiment f\u00fcr Ihren Traumpool. Passend f\u00fcr alle Gel\u00e4ndearten und jedes Budget. Mehr erfahren.","robots":{"index":"index","follow":"follow","max-snippet":"max-snippet:-1","max-image-preview":"max-image-preview:large","max-video-preview":"max-video-preview:-1"},"canonical":"https:\/\/www.waterair.com\/ch-de\/pools-und-ausstattung","og_locale":"de_DE","og_type":"article","og_title":"F\u00fcr jeden Geschmack der richtige Pool","og_description":"Selbstbau-Pools vom Marktf\u00fchrer: Entdecken Sie unser gro\u00dfes Sortiment f\u00fcr Ihren Traumpool. Passend f\u00fcr alle Gel\u00e4ndearten und jedes Budget. Mehr erfahren.","og_url":"https:\/\/www.waterair.com\/ch-de\/pools-und-ausstattung","og_site_name":"Waterair Pools","article_modified_time":"2026-01-21T09:30:58+00:00","twitter_card":"summary_large_image","twitter_misc":{"Gesch\u00e4tzte Lesezeit":"2\u00a0Minuten"},"schema":{"@context":"https:\/\/schema.org","@graph":[{"@type":"WebPage","@id":"https:\/\/www.waterair.com\/ch-de\/pools-und-ausstattung","url":"https:\/\/www.waterair.com\/ch-de\/pools-und-ausstattung","name":"Der passende Pool f\u00fcr jeden Geschmack | Waterair Pools","isPartOf":{"@id":"https:\/\/www.waterair.com\/ch-de\/#website"},"datePublished":"2021-11-25T13:13:16+00:00","dateModified":"2026-01-21T09:30:58+00:00","description":"Selbstbau-Pools vom Marktf\u00fchrer: Entdecken Sie unser gro\u00dfes Sortiment f\u00fcr Ihren Traumpool. Passend f\u00fcr alle Gel\u00e4ndearten und jedes Budget. Mehr erfahren.","breadcrumb":{"@id":"https:\/\/www.waterair.com\/ch-de\/pools-und-ausstattung#breadcrumb"},"inLanguage":"de-CH","potentialAction":[{"@type":"ReadAction","target":["https:\/\/www.waterair.com\/ch-de\/pools-und-ausstattung"]}]},{"@type":"BreadcrumbList","@id":"https:\/\/www.waterair.com\/ch-de\/pools-und-ausstattung#breadcrumb","itemListElement":[{"@type":"ListItem","position":1,"name":"Startseite","item":"https:\/\/www.waterair.com\/ch-de"},{"@type":"ListItem","position":2,"name":"F\u00fcr jeden Geschmack der richtige Pool"}]},{"@type":"WebSite","@id":"https:\/\/www.waterair.com\/ch-de\/#website","url":"https:\/\/www.waterair.com\/ch-de\/","name":"Waterair Pools","description":"","potentialAction":[{"@type":"SearchAction","target":{"@type":"EntryPoint","urlTemplate":"https:\/\/www.waterair.com\/ch-de\/?s={search_term_string}"},"query-input":{"@type":"PropertyValueSpecification","valueRequired":true,"valueName":"search_term_string"}}],"inLanguage":"de-CH"}]}},"_links":{"self":[{"href":"https:\/\/www.waterair.com\/ch-de\/wp-json\/wp\/v2\/pages\/91051","targetHints":{"allow":["GET"]}}],"collection":[{"href":"https:\/\/www.waterair.com\/ch-de\/wp-json\/wp\/v2\/pages"}],"about":[{"href":"https:\/\/www.waterair.com\/ch-de\/wp-json\/wp\/v2\/types\/page"}],"author":[{"embeddable":true,"href":"https:\/\/www.waterair.com\/ch-de\/wp-json\/wp\/v2\/users\/11"}],"replies":[{"embeddable":true,"href":"https:\/\/www.waterair.com\/ch-de\/wp-json\/wp\/v2\/comments?post=91051"}],"version-history":[{"count":5,"href":"https:\/\/www.waterair.com\/ch-de\/wp-json\/wp\/v2\/pages\/91051\/revisions"}],"predecessor-version":[{"id":582044,"href":"https:\/\/www.waterair.com\/ch-de\/wp-json\/wp\/v2\/pages\/91051\/revisions\/582044"}],"wp:attachment":[{"href":"https:\/\/www.waterair.com\/ch-de\/wp-json\/wp\/v2\/media?parent=91051"}],"curies":[{"name":"wp","href":"https:\/\/api.w.org\/{rel}","templated":true}]}}