{"id":230126,"date":"2022-08-18T15:46:13","date_gmt":"2022-08-18T13:46:13","guid":{"rendered":"https:\/\/www.waterair.com\/?page_id=230126"},"modified":"2022-08-18T15:46:50","modified_gmt":"2022-08-18T13:46:50","slug":"e-olivier","status":"publish","type":"page","link":"https:\/\/www.waterair.com\/ch-fr\/conseils-assistance-temoignages\/avis-clients\/e-olivier","title":{"rendered":"E. Olivier"},"content":{"rendered":"<div class=\"container block--core-paragraph\"><div class=\"row\"><div class=\"col-12 \">\n<p><\/p>\n<\/div><\/div><\/div>\n\n<div class=\"container block--core-paragraph\"><div class=\"row\"><div class=\"col-12 \">\n<p>Un grand merci \u00e0 l&#8217;\u00e9quipe Magicpool pour avoir su nous convaincre d&#8217;investir dans la marque Waterair. Nous allions partir sur un mod\u00e8le tr\u00e8s basique de piscine ronde et enterr\u00e9e et gr\u00e2ce \u00e0 Michel de Magicpool nous nous sommes d\u00e9cid\u00e9s pour le kit Rosalie 475 en autoconstruction de Waterair.<br>Apr\u00e8s quelques mois de travaux, l&#8217;aventure touche \u00e0 sa fin pour le plus grand plaisir de toute la famille avec la pose liner et mise en eau par Philippe de Magicpool. 24 heures apr\u00e8s l&#8217;eau est cristalline et couleur cara\u00efbe au soleil d\u00fb au choix de la couleur du liner. Les finitions sont encore en cours mais la baignade a d\u00e9j\u00e0 commenc\u00e9.<br>Rapport qualit\u00e9\/co\u00fbt tr\u00e8s int\u00e9ressant du produit Waterair.<\/p>\n<\/div><\/div><\/div>\n\n<div class=\"container block--core-paragraph\"><div class=\"row\"><div class=\"col-12 \">\n<p>Un grand merci encore \u00e0 l&#8217;\u00e9quipe Magicpool pour le coaching durant les travaux.<\/p>\n<\/div><\/div><\/div>\n\n<div class=\"container block--core-paragraph\"><div class=\"row\"><div class=\"col-12 \">\n<p>Olivier<\/p>\n<\/div><\/div><\/div>\n\n<div data-wa=\"fade-up\"  class=\"block-slider  dots-absolute content-block\">\n    \n                <div class=\"container\">\n            <div class=\"row\">\n                <div class=\"col-12\">\n                            <div\n                            class=\"js-slider\"\n                            data-infinite=\"true\"\n                            data-slides-to-show=\"1\"\n                            data-slides-to-scroll=\"1\"\n                            data-fade=\"true\"\n                            data-adaptive-height=\"true\"\n                            data-dots=\"false\"\n                            data-arrows=\"true\"\n                    >\n                                                    <div class=\"block-slider__image\">\n                                \t\t\t<img loading=\"lazy\" decoding=\"async\" width=\"1360\" height=\"765\" src=\"https:\/\/www.waterair.com\/wp-content\/uploads\/2022\/08\/2019-07-23-161504-1360x765.jpg\" class=\"item-slide__image item-slide\" alt=\"\" loading=\"1\" srcset=\"https:\/\/www.waterair.com\/wp-content\/uploads\/2022\/08\/2019-07-23-161504-1360x765.jpg 1360w, https:\/\/www.waterair.com\/wp-content\/uploads\/2022\/08\/2019-07-23-161504-440x248.jpg 440w, https:\/\/www.waterair.com\/wp-content\/uploads\/2022\/08\/2019-07-23-161504.jpg 768w\" sizes=\"auto, (max-width: 1360px) 100vw, 1360px\" \/>\t                            <\/div>\n                                                    <div class=\"block-slider__image\">\n                                \t\t\t<img loading=\"lazy\" decoding=\"async\" width=\"1360\" height=\"765\" src=\"https:\/\/www.waterair.com\/wp-content\/uploads\/2022\/08\/2019-07-21-172646-1360x765.jpg\" class=\"item-slide__image item-slide\" alt=\"\" loading=\"1\" srcset=\"https:\/\/www.waterair.com\/wp-content\/uploads\/2022\/08\/2019-07-21-172646-1360x765.jpg 1360w, https:\/\/www.waterair.com\/wp-content\/uploads\/2022\/08\/2019-07-21-172646-440x248.jpg 440w, https:\/\/www.waterair.com\/wp-content\/uploads\/2022\/08\/2019-07-21-172646.jpg 768w\" sizes=\"auto, (max-width: 1360px) 100vw, 1360px\" \/>\t                            <\/div>\n                                                    <div class=\"block-slider__image\">\n                                \t\t\t<img loading=\"lazy\" decoding=\"async\" width=\"1360\" height=\"765\" src=\"https:\/\/www.waterair.com\/wp-content\/uploads\/2022\/08\/2019-07-23-134804-1360x765.jpg\" class=\"item-slide__image item-slide\" alt=\"\" loading=\"1\" srcset=\"https:\/\/www.waterair.com\/wp-content\/uploads\/2022\/08\/2019-07-23-134804-1360x765.jpg 1360w, https:\/\/www.waterair.com\/wp-content\/uploads\/2022\/08\/2019-07-23-134804-440x248.jpg 440w, https:\/\/www.waterair.com\/wp-content\/uploads\/2022\/08\/2019-07-23-134804.jpg 768w\" sizes=\"auto, (max-width: 1360px) 100vw, 1360px\" \/>\t                            <\/div>\n                                                    <div class=\"block-slider__image\">\n                                \t\t\t<img loading=\"lazy\" decoding=\"async\" width=\"1360\" height=\"765\" src=\"https:\/\/www.waterair.com\/wp-content\/uploads\/2022\/08\/2019-08-01-113959-1360x765.jpg\" class=\"item-slide__image item-slide\" alt=\"\" loading=\"1\" srcset=\"https:\/\/www.waterair.com\/wp-content\/uploads\/2022\/08\/2019-08-01-113959-1360x765.jpg 1360w, https:\/\/www.waterair.com\/wp-content\/uploads\/2022\/08\/2019-08-01-113959-440x248.jpg 440w, https:\/\/www.waterair.com\/wp-content\/uploads\/2022\/08\/2019-08-01-113959.jpg 768w\" sizes=\"auto, (max-width: 1360px) 100vw, 1360px\" \/>\t                            <\/div>\n                                                    <div class=\"block-slider__image\">\n                                \t\t\t<img loading=\"lazy\" decoding=\"async\" width=\"1360\" height=\"765\" src=\"https:\/\/www.waterair.com\/wp-content\/uploads\/2022\/08\/2019-08-01-113935-1360x765.jpg\" class=\"item-slide__image item-slide\" alt=\"\" loading=\"1\" srcset=\"https:\/\/www.waterair.com\/wp-content\/uploads\/2022\/08\/2019-08-01-113935-1360x765.jpg 1360w, https:\/\/www.waterair.com\/wp-content\/uploads\/2022\/08\/2019-08-01-113935-440x248.jpg 440w, https:\/\/www.waterair.com\/wp-content\/uploads\/2022\/08\/2019-08-01-113935.jpg 768w\" sizes=\"auto, (max-width: 1360px) 100vw, 1360px\" \/>\t                            <\/div>\n                                            <\/div>\n                            <\/div>\n                <\/div>\n            <\/div>\n        \n    <\/div>\n","protected":false},"excerpt":{"rendered":"<p>Un grand merci \u00e0 l&#8217;\u00e9quipe Magicpool pour avoir su nous convaincre d&#8217;investir dans la marque Waterair. Nous allions partir sur un mod\u00e8le tr\u00e8s basique de piscine ronde et enterr\u00e9e et gr\u00e2ce \u00e0 Michel de Magicpool nous nous sommes d\u00e9cid\u00e9s pour le kit Rosalie 475 en autoconstruction de Waterair.Apr\u00e8s quelques mois de travaux, l&#8217;aventure touche \u00e0 [&hellip;]<\/p>\n","protected":false},"author":10,"featured_media":230222,"parent":33248,"menu_order":0,"comment_status":"closed","ping_status":"closed","template":"","meta":{"_acf_changed":false,"om_disable_all_campaigns":false,"footnotes":""},"class_list":["post-230126","page","type-page","status-publish","has-post-thumbnail","hentry"],"acf":[],"yoast_head":"<!-- This site is optimized with the Yoast SEO Premium plugin v25.4 (Yoast SEO v27.2) - https:\/\/yoast.com\/product\/yoast-seo-premium-wordpress\/ -->\n<title>E. Olivier | Piscines Waterair<\/title>\n<meta name=\"robots\" content=\"index, follow, max-snippet:-1, max-image-preview:large, max-video-preview:-1\" \/>\n<link rel=\"canonical\" href=\"https:\/\/www.waterair.com\/ch-fr\/conseils-assistance-temoignages\/avis-clients\/e-olivier\" \/>\n<meta property=\"og:locale\" content=\"fr_FR\" \/>\n<meta property=\"og:type\" content=\"article\" \/>\n<meta property=\"og:title\" content=\"E. Olivier\" \/>\n<meta property=\"og:description\" content=\"Un grand merci \u00e0 l&#8217;\u00e9quipe Magicpool pour avoir su nous convaincre d&#8217;investir dans la marque Waterair. Nous allions partir sur un mod\u00e8le tr\u00e8s basique de piscine ronde et enterr\u00e9e et gr\u00e2ce \u00e0 Michel de Magicpool nous nous sommes d\u00e9cid\u00e9s pour le kit Rosalie 475 en autoconstruction de Waterair.Apr\u00e8s quelques mois de travaux, l&#8217;aventure touche \u00e0 [&hellip;]\" \/>\n<meta property=\"og:url\" content=\"https:\/\/www.waterair.com\/ch-fr\/conseils-assistance-temoignages\/avis-clients\/e-olivier\" \/>\n<meta property=\"og:site_name\" content=\"Piscines Waterair\" \/>\n<meta property=\"article:modified_time\" content=\"2022-08-18T13:46:50+00:00\" \/>\n<meta property=\"og:image\" content=\"https:\/\/www.waterair.com\/wp-content\/uploads\/2022\/08\/2019-07-23-161504.jpg\" \/>\n\t<meta property=\"og:image:width\" content=\"768\" \/>\n\t<meta property=\"og:image:height\" content=\"432\" \/>\n\t<meta property=\"og:image:type\" content=\"image\/jpeg\" \/>\n<meta name=\"twitter:card\" content=\"summary_large_image\" \/>\n<meta name=\"twitter:label1\" content=\"Est. reading time\" \/>\n\t<meta name=\"twitter:data1\" content=\"1 minute\" \/>\n<script type=\"application\/ld+json\" class=\"yoast-schema-graph\">{\"@context\":\"https:\/\/schema.org\",\"@graph\":[{\"@type\":\"WebPage\",\"@id\":\"https:\/\/www.waterair.com\/ch-fr\/conseils-assistance-temoignages\/avis-clients\/e-olivier\",\"url\":\"https:\/\/www.waterair.com\/ch-fr\/conseils-assistance-temoignages\/avis-clients\/e-olivier\",\"name\":\"E. Olivier | Piscines Waterair\",\"isPartOf\":{\"@id\":\"https:\/\/www.waterair.com\/ch-fr\/#website\"},\"primaryImageOfPage\":{\"@id\":\"https:\/\/www.waterair.com\/ch-fr\/conseils-assistance-temoignages\/avis-clients\/e-olivier#primaryimage\"},\"image\":{\"@id\":\"https:\/\/www.waterair.com\/ch-fr\/conseils-assistance-temoignages\/avis-clients\/e-olivier#primaryimage\"},\"thumbnailUrl\":\"https:\/\/www.waterair.com\/wp-content\/uploads\/2022\/08\/2019-07-23-161504.jpg\",\"datePublished\":\"2022-08-18T13:46:13+00:00\",\"dateModified\":\"2022-08-18T13:46:50+00:00\",\"breadcrumb\":{\"@id\":\"https:\/\/www.waterair.com\/ch-fr\/conseils-assistance-temoignages\/avis-clients\/e-olivier#breadcrumb\"},\"inLanguage\":\"fr-CH\",\"potentialAction\":[{\"@type\":\"ReadAction\",\"target\":[\"https:\/\/www.waterair.com\/ch-fr\/conseils-assistance-temoignages\/avis-clients\/e-olivier\"]}]},{\"@type\":\"ImageObject\",\"inLanguage\":\"fr-CH\",\"@id\":\"https:\/\/www.waterair.com\/ch-fr\/conseils-assistance-temoignages\/avis-clients\/e-olivier#primaryimage\",\"url\":\"https:\/\/www.waterair.com\/wp-content\/uploads\/2022\/08\/2019-07-23-161504.jpg\",\"contentUrl\":\"https:\/\/www.waterair.com\/wp-content\/uploads\/2022\/08\/2019-07-23-161504.jpg\",\"width\":768,\"height\":432},{\"@type\":\"BreadcrumbList\",\"@id\":\"https:\/\/www.waterair.com\/ch-fr\/conseils-assistance-temoignages\/avis-clients\/e-olivier#breadcrumb\",\"itemListElement\":[{\"@type\":\"ListItem\",\"position\":1,\"name\":\"Accueil\",\"item\":\"https:\/\/www.waterair.com\/ch-fr\"},{\"@type\":\"ListItem\",\"position\":2,\"name\":\"Construction de piscine : nos clients t\u00e9moignent\",\"item\":\"https:\/\/www.waterair.com\/ch-fr\/temoignages\"},{\"@type\":\"ListItem\",\"position\":3,\"name\":\"E. Olivier\"}]},{\"@type\":\"WebSite\",\"@id\":\"https:\/\/www.waterair.com\/ch-fr\/#website\",\"url\":\"https:\/\/www.waterair.com\/ch-fr\/\",\"name\":\"Piscines Waterair\",\"description\":\"\",\"potentialAction\":[{\"@type\":\"SearchAction\",\"target\":{\"@type\":\"EntryPoint\",\"urlTemplate\":\"https:\/\/www.waterair.com\/ch-fr\/?s={search_term_string}\"},\"query-input\":{\"@type\":\"PropertyValueSpecification\",\"valueRequired\":true,\"valueName\":\"search_term_string\"}}],\"inLanguage\":\"fr-CH\"}]}<\/script>\n<!-- \/ Yoast SEO Premium plugin. -->","yoast_head_json":{"title":"E. Olivier | Piscines Waterair","robots":{"index":"index","follow":"follow","max-snippet":"max-snippet:-1","max-image-preview":"max-image-preview:large","max-video-preview":"max-video-preview:-1"},"canonical":"https:\/\/www.waterair.com\/ch-fr\/conseils-assistance-temoignages\/avis-clients\/e-olivier","og_locale":"fr_FR","og_type":"article","og_title":"E. Olivier","og_description":"Un grand merci \u00e0 l&#8217;\u00e9quipe Magicpool pour avoir su nous convaincre d&#8217;investir dans la marque Waterair. Nous allions partir sur un mod\u00e8le tr\u00e8s basique de piscine ronde et enterr\u00e9e et gr\u00e2ce \u00e0 Michel de Magicpool nous nous sommes d\u00e9cid\u00e9s pour le kit Rosalie 475 en autoconstruction de Waterair.Apr\u00e8s quelques mois de travaux, l&#8217;aventure touche \u00e0 [&hellip;]","og_url":"https:\/\/www.waterair.com\/ch-fr\/conseils-assistance-temoignages\/avis-clients\/e-olivier","og_site_name":"Piscines Waterair","article_modified_time":"2022-08-18T13:46:50+00:00","og_image":[{"width":768,"height":432,"url":"https:\/\/www.waterair.com\/wp-content\/uploads\/2022\/08\/2019-07-23-161504.jpg","type":"image\/jpeg"}],"twitter_card":"summary_large_image","twitter_misc":{"Est. reading time":"1 minute"},"schema":{"@context":"https:\/\/schema.org","@graph":[{"@type":"WebPage","@id":"https:\/\/www.waterair.com\/ch-fr\/conseils-assistance-temoignages\/avis-clients\/e-olivier","url":"https:\/\/www.waterair.com\/ch-fr\/conseils-assistance-temoignages\/avis-clients\/e-olivier","name":"E. Olivier | Piscines Waterair","isPartOf":{"@id":"https:\/\/www.waterair.com\/ch-fr\/#website"},"primaryImageOfPage":{"@id":"https:\/\/www.waterair.com\/ch-fr\/conseils-assistance-temoignages\/avis-clients\/e-olivier#primaryimage"},"image":{"@id":"https:\/\/www.waterair.com\/ch-fr\/conseils-assistance-temoignages\/avis-clients\/e-olivier#primaryimage"},"thumbnailUrl":"https:\/\/www.waterair.com\/wp-content\/uploads\/2022\/08\/2019-07-23-161504.jpg","datePublished":"2022-08-18T13:46:13+00:00","dateModified":"2022-08-18T13:46:50+00:00","breadcrumb":{"@id":"https:\/\/www.waterair.com\/ch-fr\/conseils-assistance-temoignages\/avis-clients\/e-olivier#breadcrumb"},"inLanguage":"fr-CH","potentialAction":[{"@type":"ReadAction","target":["https:\/\/www.waterair.com\/ch-fr\/conseils-assistance-temoignages\/avis-clients\/e-olivier"]}]},{"@type":"ImageObject","inLanguage":"fr-CH","@id":"https:\/\/www.waterair.com\/ch-fr\/conseils-assistance-temoignages\/avis-clients\/e-olivier#primaryimage","url":"https:\/\/www.waterair.com\/wp-content\/uploads\/2022\/08\/2019-07-23-161504.jpg","contentUrl":"https:\/\/www.waterair.com\/wp-content\/uploads\/2022\/08\/2019-07-23-161504.jpg","width":768,"height":432},{"@type":"BreadcrumbList","@id":"https:\/\/www.waterair.com\/ch-fr\/conseils-assistance-temoignages\/avis-clients\/e-olivier#breadcrumb","itemListElement":[{"@type":"ListItem","position":1,"name":"Accueil","item":"https:\/\/www.waterair.com\/ch-fr"},{"@type":"ListItem","position":2,"name":"Construction de piscine : nos clients t\u00e9moignent","item":"https:\/\/www.waterair.com\/ch-fr\/temoignages"},{"@type":"ListItem","position":3,"name":"E. Olivier"}]},{"@type":"WebSite","@id":"https:\/\/www.waterair.com\/ch-fr\/#website","url":"https:\/\/www.waterair.com\/ch-fr\/","name":"Piscines Waterair","description":"","potentialAction":[{"@type":"SearchAction","target":{"@type":"EntryPoint","urlTemplate":"https:\/\/www.waterair.com\/ch-fr\/?s={search_term_string}"},"query-input":{"@type":"PropertyValueSpecification","valueRequired":true,"valueName":"search_term_string"}}],"inLanguage":"fr-CH"}]}},"_links":{"self":[{"href":"https:\/\/www.waterair.com\/ch-fr\/wp-json\/wp\/v2\/pages\/230126","targetHints":{"allow":["GET"]}}],"collection":[{"href":"https:\/\/www.waterair.com\/ch-fr\/wp-json\/wp\/v2\/pages"}],"about":[{"href":"https:\/\/www.waterair.com\/ch-fr\/wp-json\/wp\/v2\/types\/page"}],"author":[{"embeddable":true,"href":"https:\/\/www.waterair.com\/ch-fr\/wp-json\/wp\/v2\/users\/10"}],"replies":[{"embeddable":true,"href":"https:\/\/www.waterair.com\/ch-fr\/wp-json\/wp\/v2\/comments?post=230126"}],"version-history":[{"count":5,"href":"https:\/\/www.waterair.com\/ch-fr\/wp-json\/wp\/v2\/pages\/230126\/revisions"}],"predecessor-version":[{"id":230288,"href":"https:\/\/www.waterair.com\/ch-fr\/wp-json\/wp\/v2\/pages\/230126\/revisions\/230288"}],"up":[{"embeddable":true,"href":"https:\/\/www.waterair.com\/ch-fr\/wp-json\/wp\/v2\/pages\/33248"}],"wp:featuredmedia":[{"embeddable":true,"href":"https:\/\/www.waterair.com\/ch-fr\/wp-json\/wp\/v2\/media\/230222"}],"wp:attachment":[{"href":"https:\/\/www.waterair.com\/ch-fr\/wp-json\/wp\/v2\/media?parent=230126"}],"curies":[{"name":"wp","href":"https:\/\/api.w.org\/{rel}","templated":true}]}}