{"id":37766,"date":"2021-10-29T21:22:33","date_gmt":"2021-10-29T19:22:33","guid":{"rendered":"https:\/\/waterair-preprod2.adipso.fr\/note-legali"},"modified":"2025-07-09T14:48:16","modified_gmt":"2025-07-09T12:48:16","slug":"note-legali","status":"publish","type":"page","link":"https:\/\/www.waterair.com\/ch-it\/contatto\/note-legali","title":{"rendered":"Note legali"},"content":{"rendered":"<div  class=\"block-content-media  content-block   has-no-title\">\n            <div class=\"container\">\n            <div class=\"row\">\n                <div class=\"col\">\n                    <div class=\"row flex-column flex-md-row \">\n                        <div class=\"content-block__col col-12 d-flex flex-column align-items-md-start order-lg-2\">\n                                                                                                                                                <div data-wa=\"fade-up\" data-wa-delay=\"400\" class=\"content-block__description text--sm text-weight--300 mb-0\">\n                                    <p><strong>Identificazione del responsabile del sito<\/strong><\/p>\n<p>Waterair.com\/it \u00e8 un sito pubblicato dal Gruppo WATERAIR<br \/>\nS.A.S con capitale sociale di 10.000.000 di euro.<br \/>\nPartita IVA intercomunitaria: FR 71 440 123 487<br \/>\nRCS Mulhouse B 440 123 487 dcon sede legale a:<br \/>\nZone Artisanale<br \/>\n6 Rue de la Largue<br \/>\n68580 Seppois le Bas<br \/>\nIndirizzo di posta elettronica: info@waterair.com<br \/>\nConsulenze e progettazione: 0 800 50 70 40<br \/>\nTelefono amministrazione standard: +33 3 89 07 45 45<br \/>\nServizio clienti: +33 3 89 07 45 55 (servizio gratuito, tariffa di una chiamata)<br \/>\nResponsabile della pubblicazione: Jacques Braun<\/p>\n<p><strong>Accesso al sito<\/strong><\/p>\n<p>L&#8217;accesso al sito Waterair.com\/it \u00e8 gratuito. I costi di accesso e di utilizzo della rete di telecomunicazione sono a carico dell&#8217;utente di Internet, secondo le modalit\u00e0 stabilite dal suo fornitore di accesso e dal suo operatore di telefonico. L&#8217;utente di questo sito riconosce di avere le competenze e i mezzi necessari per accedere e utilizzare questo sito.<br \/>\nInformazioni tecniche<br \/>\nSi ricorda che la segretezza della corrispondenza non \u00e8 garantita sulla rete Internet. Si informa l&#8217;utente che, accedendo al sito, possono essere utilizzati &#8220;cookie&#8221; per identificarlo e per memorizzare le informazioni inserite per tutta la durata dell&#8217;accesso.<br \/>\nIl sito Waterair.com\/it utilizza Google Analytics, un servizio di analisi di siti internet fornito da Google Inc. (&#8220;Google&#8221;). Google Analytics utilizza i cookie, che sono file di testo posizionati sul suo computer, per aiutare Waterair.com\/it ad analizzare come i nostri utenti utilizzano il nostro sito. I dati generati dal cookie sull&#8217;utilizzo del sito web da parte sua (compreso il suo indirizzo IP) vengono trasmesse e memorizzate da Google. Google utilizzer\u00e0 queste informazioni allo scopo di valutare il suo utilizzo del sito, compilare report sulle attivit\u00e0 del sito per il suo editor e fornire altri servizi relativi alle attivit\u00e0 del sito e all&#8217;utilizzo di Internet. Google pu\u00f2 comunicare questi dati a terzi nel caso di obbligazione legale o quando i terzi trattano questi dati per conto di Google. Google non assocer\u00e0 il suo indirizzo IP a nessun altro dato in suo possesso. Pu\u00f2 disattivare l&#8217;uso dei cookie selezionando le impostazioni adeguate del suo browser.<\/p>\n<p>Utilizzando questo sito web, acconsente al trattamento dei suoi dati da parte di Google per le modalit\u00e0 e i fini sopraindicati.<\/p>\n<p><strong>Collegamenti ipertestuali<\/strong><\/p>\n<p>La creazione di collegamenti ipertestuali al sito Waterair.com\/it \u00e8 soggetta all&#8217;approvazione preventiva del Direttore della pubblicazione. I collegamenti ipertestuali da Waterair.com\/it ad altri siti non possono in nessun caso coinvolgere la responsabilit\u00e0 di Piscines WATERAIR.<\/p>\n<p><strong>Diritti di autore<\/strong><\/p>\n<p>La riproduzione o la rappresentazione, totale o parziale, delle pagine, dei dati o di qualsiasi altro elemento del sito, attraverso qualsiasi processo o mezzo, \u00e8 vietata e costituisce, senza l&#8217;autorizzazione dell&#8217;editor, una violazione.<\/p>\n<p><strong>Identificazione dell&#8217;host del sito<\/strong><\/p>\n<p>Waterair.com\/it \u00e8 allocata presso Ikoula. la cui sede legale \u00e8 situata a 2 Cit\u00e9 Paradis, 75010 Paris, Francia.<\/p>\n<p>\u00a9 Crediti foto<br \/>\nEstelle Hoffert<\/p>\n                                <\/div>\n                                                                                        <div data-wa=\"fade-up\" data-wa-delay=\"500\">\n                                                                    <\/div>\n                                                    <\/div>\n                                            <\/div>\n                <\/div>\n            <\/div>\n        <\/div>\n    <\/div>","protected":false},"excerpt":{"rendered":"","protected":false},"author":1,"featured_media":0,"parent":0,"menu_order":0,"comment_status":"closed","ping_status":"closed","template":"","meta":{"_acf_changed":false,"om_disable_all_campaigns":false,"footnotes":""},"class_list":["post-37766","page","type-page","status-publish","hentry"],"acf":[],"yoast_head":"<!-- This site is optimized with the Yoast SEO Premium plugin v25.4 (Yoast SEO v27.2) - https:\/\/yoast.com\/product\/yoast-seo-premium-wordpress\/ -->\n<title>Note legali | Waterair Piscine<\/title>\n<meta name=\"robots\" content=\"index, follow, max-snippet:-1, max-image-preview:large, max-video-preview:-1\" \/>\n<link rel=\"canonical\" href=\"https:\/\/www.waterair.com\/ch-it\/contatto\/note-legali\" \/>\n<meta property=\"og:locale\" content=\"it_IT\" \/>\n<meta property=\"og:type\" content=\"article\" \/>\n<meta property=\"og:title\" content=\"Note legali\" \/>\n<meta property=\"og:url\" content=\"https:\/\/www.waterair.com\/ch-it\/contatto\/note-legali\" \/>\n<meta property=\"og:site_name\" content=\"Waterair Piscine\" \/>\n<meta property=\"article:modified_time\" content=\"2025-07-09T12:48:16+00:00\" \/>\n<meta name=\"twitter:card\" content=\"summary_large_image\" \/>\n<meta name=\"twitter:label1\" content=\"Est. reading time\" \/>\n\t<meta name=\"twitter:data1\" content=\"3 minutes\" \/>\n<script type=\"application\/ld+json\" class=\"yoast-schema-graph\">{\"@context\":\"https:\/\/schema.org\",\"@graph\":[{\"@type\":\"WebPage\",\"@id\":\"https:\/\/www.waterair.com\/ch-it\/contatto\/note-legali\",\"url\":\"https:\/\/www.waterair.com\/ch-it\/contatto\/note-legali\",\"name\":\"Note legali | Waterair Piscine\",\"isPartOf\":{\"@id\":\"https:\/\/www.waterair.com\/ch-it\/#website\"},\"datePublished\":\"2021-10-29T19:22:33+00:00\",\"dateModified\":\"2025-07-09T12:48:16+00:00\",\"breadcrumb\":{\"@id\":\"https:\/\/www.waterair.com\/ch-it\/contatto\/note-legali#breadcrumb\"},\"inLanguage\":\"it-CH\",\"potentialAction\":[{\"@type\":\"ReadAction\",\"target\":[\"https:\/\/www.waterair.com\/ch-it\/contatto\/note-legali\"]}]},{\"@type\":\"BreadcrumbList\",\"@id\":\"https:\/\/www.waterair.com\/ch-it\/contatto\/note-legali#breadcrumb\",\"itemListElement\":[{\"@type\":\"ListItem\",\"position\":1,\"name\":\"Home\",\"item\":\"https:\/\/www.waterair.com\/ch-it\"},{\"@type\":\"ListItem\",\"position\":2,\"name\":\"Note legali\"}]},{\"@type\":\"WebSite\",\"@id\":\"https:\/\/www.waterair.com\/ch-it\/#website\",\"url\":\"https:\/\/www.waterair.com\/ch-it\/\",\"name\":\"Waterair Piscine\",\"description\":\"\",\"potentialAction\":[{\"@type\":\"SearchAction\",\"target\":{\"@type\":\"EntryPoint\",\"urlTemplate\":\"https:\/\/www.waterair.com\/ch-it\/?s={search_term_string}\"},\"query-input\":{\"@type\":\"PropertyValueSpecification\",\"valueRequired\":true,\"valueName\":\"search_term_string\"}}],\"inLanguage\":\"it-CH\"}]}<\/script>\n<!-- \/ Yoast SEO Premium plugin. -->","yoast_head_json":{"title":"Note legali | Waterair Piscine","robots":{"index":"index","follow":"follow","max-snippet":"max-snippet:-1","max-image-preview":"max-image-preview:large","max-video-preview":"max-video-preview:-1"},"canonical":"https:\/\/www.waterair.com\/ch-it\/contatto\/note-legali","og_locale":"it_IT","og_type":"article","og_title":"Note legali","og_url":"https:\/\/www.waterair.com\/ch-it\/contatto\/note-legali","og_site_name":"Waterair Piscine","article_modified_time":"2025-07-09T12:48:16+00:00","twitter_card":"summary_large_image","twitter_misc":{"Est. reading time":"3 minutes"},"schema":{"@context":"https:\/\/schema.org","@graph":[{"@type":"WebPage","@id":"https:\/\/www.waterair.com\/ch-it\/contatto\/note-legali","url":"https:\/\/www.waterair.com\/ch-it\/contatto\/note-legali","name":"Note legali | Waterair Piscine","isPartOf":{"@id":"https:\/\/www.waterair.com\/ch-it\/#website"},"datePublished":"2021-10-29T19:22:33+00:00","dateModified":"2025-07-09T12:48:16+00:00","breadcrumb":{"@id":"https:\/\/www.waterair.com\/ch-it\/contatto\/note-legali#breadcrumb"},"inLanguage":"it-CH","potentialAction":[{"@type":"ReadAction","target":["https:\/\/www.waterair.com\/ch-it\/contatto\/note-legali"]}]},{"@type":"BreadcrumbList","@id":"https:\/\/www.waterair.com\/ch-it\/contatto\/note-legali#breadcrumb","itemListElement":[{"@type":"ListItem","position":1,"name":"Home","item":"https:\/\/www.waterair.com\/ch-it"},{"@type":"ListItem","position":2,"name":"Note legali"}]},{"@type":"WebSite","@id":"https:\/\/www.waterair.com\/ch-it\/#website","url":"https:\/\/www.waterair.com\/ch-it\/","name":"Waterair Piscine","description":"","potentialAction":[{"@type":"SearchAction","target":{"@type":"EntryPoint","urlTemplate":"https:\/\/www.waterair.com\/ch-it\/?s={search_term_string}"},"query-input":{"@type":"PropertyValueSpecification","valueRequired":true,"valueName":"search_term_string"}}],"inLanguage":"it-CH"}]}},"_links":{"self":[{"href":"https:\/\/www.waterair.com\/ch-it\/wp-json\/wp\/v2\/pages\/37766","targetHints":{"allow":["GET"]}}],"collection":[{"href":"https:\/\/www.waterair.com\/ch-it\/wp-json\/wp\/v2\/pages"}],"about":[{"href":"https:\/\/www.waterair.com\/ch-it\/wp-json\/wp\/v2\/types\/page"}],"author":[{"embeddable":true,"href":"https:\/\/www.waterair.com\/ch-it\/wp-json\/wp\/v2\/users\/1"}],"replies":[{"embeddable":true,"href":"https:\/\/www.waterair.com\/ch-it\/wp-json\/wp\/v2\/comments?post=37766"}],"version-history":[{"count":5,"href":"https:\/\/www.waterair.com\/ch-it\/wp-json\/wp\/v2\/pages\/37766\/revisions"}],"predecessor-version":[{"id":581414,"href":"https:\/\/www.waterair.com\/ch-it\/wp-json\/wp\/v2\/pages\/37766\/revisions\/581414"}],"wp:attachment":[{"href":"https:\/\/www.waterair.com\/ch-it\/wp-json\/wp\/v2\/media?parent=37766"}],"curies":[{"name":"wp","href":"https:\/\/api.w.org\/{rel}","templated":true}]}}