{"id":37890,"date":"2021-10-29T21:23:48","date_gmt":"2021-10-29T19:23:48","guid":{"rendered":"https:\/\/waterair-preprod2.adipso.fr\/informativa-sulla-privacy"},"modified":"2021-11-11T11:25:44","modified_gmt":"2021-11-11T10:25:44","slug":"informativa-sulla-privacy","status":"publish","type":"page","link":"https:\/\/www.waterair.com\/ch-it\/informativa-sulla-privacy","title":{"rendered":"Informativa sulla privacy"},"content":{"rendered":"<div  class=\"block-content-media  content-block   has-no-title\">\n            <div class=\"container\">\n            <div class=\"row\">\n                <div class=\"col\">\n                    <div class=\"row flex-column flex-md-row \">\n                        <div class=\"content-block__col col-12 d-flex flex-column align-items-md-start order-lg-2\">\n                                                                                                                                                <div data-wa=\"fade-up\" data-wa-delay=\"400\" class=\"content-block__description text--sm text-weight--300 mb-0\">\n                                    <p>Informiamo che WATERAIR, societ\u00e0 per azioni semplificata, con sede legale in Zone artisanale, 68580 \u00e0 SEPPOIS-LE-BAS, iscritta nel Registro delle Imprese di Mulhouse con il numero 440 123 487 (di seguito &#8220;noi&#8221;), desidera raccogliere i dati personali che riguardano l&#8217;utente (di seguito i &#8220;Dati&#8221;).<\/p>\n<p>I Dati sono raccolti per le seguenti finalit\u00e0:<\/p>\n<ul>\n<li>prospezione commerciale;<\/li>\n<li>gestione delle newsletter;<\/li>\n<li>gestione delle offerte promozionali personalizzate;<\/li>\n<li>rilevamento del pubblico e delle statistiche;<\/li>\n<li>geolocalizzazione, per mostrare il paese corretto nell&#8217;elenco a discesa;<\/li>\n<li>retargeting\/remarketing;<\/li>\n<li>esecuzione del contratto;<\/li>\n<li>sondaggi di soddisfazione;<\/li>\n<li>trasferimento a subappaltatori nei seguenti settori di attivit\u00e0: informatica, commercio, finanza, marketing, comunicazione, logistica e industria per la corretta esecuzione del contratto e il monitoraggio del rapporto con il cliente.<\/li>\n<\/ul>\n<p>I Dati dell&#8217;utente sono conservati per il periodo strettamente necessario all&#8217;esercizio di tali finalit\u00e0 e sono destinati a essere consultati dai nostri servizi interni e dai nostri fornitori di servizi.<\/p>\n<p>Tenendo conto del livello di conoscenza, dei costi di attuazione e della natura, della portata, del contesto e delle finalit\u00e0 del trattamento effettuato, nonch\u00e9 dei rischi per i diritti e la libert\u00e0 dell&#8217;utente, ci impegniamo a porre in essere misure tecniche e organizzative adeguate per garantire la protezione dei suoi Dati.<\/p>\n<p>Ai sensi del Regolamento europeo n\u00b0 2018\/679 del 27 aprile 2016 e della Legge n\u00b078-17 del 6 gennaio 1978 e successive modifiche, informiamo che l&#8217;utente ha diritto di:<\/p>\n<ul>\n<li>accedere e rettificare i suoi Dati.<\/li>\n<li>opporsi al trattamento dei suoi Dati per motivi legittimi.<\/li>\n<li>chiedere, nei limiti previsti dai testi, che il trattamento dei Dati sia limitato o che i Dati siano cancellati.<\/li>\n<li>revocare il suo consenso in qualsiasi momento.<\/li>\n<li>ricevere i suoi Dati in un formato strutturato, di uso comune e leggibile per trasmetterli a un altro responsabile del trattamento (diritto alla portabilit\u00e0).<\/li>\n<li>definire le linee guida relative alla conservazione, cancellazione e comunicazione dei suoi Dati dopo il suo decesso.<\/li>\n<\/ul>\n<p>Informiamo inoltre che l&#8217;utente ha diritto di opposizione nell&#8217;ambito della profilazione che effettuiamo annualmente per proporgli offerte personalizzate.<\/p>\n<p>Per esercitare i suoi diritti, invitiamo pertanto l&#8217;utente a inviare la sua richiesta, accompagnata da un documento di identit\u00e0, per e-mail al seguente indirizzo: rgpd@waterair.com.<\/p>\n<p>Inoltre, informiamo che l&#8217;utente ha il diritto di presentare un reclamo presso un&#8217;autorit\u00e0 di controllo.<\/p>\n<p>Accettando le informazioni sul banner dei cookie in fondo alla pagina, l&#8217;utente accetta di comunicare i propri Dati all&#8217;azienda WATERAIR nell&#8217;ambito delle finalit\u00e0 descritte in precedenza.<\/p>\n                                <\/div>\n                                                                                        <div data-wa=\"fade-up\" data-wa-delay=\"500\">\n                                                                    <\/div>\n                                                    <\/div>\n                                            <\/div>\n                <\/div>\n            <\/div>\n        <\/div>\n    <\/div>","protected":false},"excerpt":{"rendered":"","protected":false},"author":1,"featured_media":0,"parent":0,"menu_order":0,"comment_status":"closed","ping_status":"closed","template":"","meta":{"_acf_changed":false,"om_disable_all_campaigns":false,"footnotes":""},"class_list":["post-37890","page","type-page","status-publish","hentry"],"acf":[],"yoast_head":"<!-- This site is optimized with the Yoast SEO Premium plugin v25.4 (Yoast SEO v27.2) - https:\/\/yoast.com\/product\/yoast-seo-premium-wordpress\/ -->\n<title>Informativa sulla privacy | Waterair Piscine<\/title>\n<meta name=\"robots\" content=\"index, follow, max-snippet:-1, max-image-preview:large, max-video-preview:-1\" \/>\n<link rel=\"canonical\" href=\"https:\/\/www.waterair.com\/ch-it\/informativa-sulla-privacy\" \/>\n<meta property=\"og:locale\" content=\"it_IT\" \/>\n<meta property=\"og:type\" content=\"article\" \/>\n<meta property=\"og:title\" content=\"Informativa sulla privacy\" \/>\n<meta property=\"og:url\" content=\"https:\/\/www.waterair.com\/ch-it\/informativa-sulla-privacy\" \/>\n<meta property=\"og:site_name\" content=\"Waterair Piscine\" \/>\n<meta property=\"article:modified_time\" content=\"2021-11-11T10:25:44+00:00\" \/>\n<meta name=\"twitter:card\" content=\"summary_large_image\" \/>\n<script type=\"application\/ld+json\" class=\"yoast-schema-graph\">{\"@context\":\"https:\/\/schema.org\",\"@graph\":[{\"@type\":\"WebPage\",\"@id\":\"https:\/\/www.waterair.com\/ch-it\/informativa-sulla-privacy\",\"url\":\"https:\/\/www.waterair.com\/ch-it\/informativa-sulla-privacy\",\"name\":\"Informativa sulla privacy | Waterair Piscine\",\"isPartOf\":{\"@id\":\"https:\/\/www.waterair.com\/ch-it\/#website\"},\"datePublished\":\"2021-10-29T19:23:48+00:00\",\"dateModified\":\"2021-11-11T10:25:44+00:00\",\"breadcrumb\":{\"@id\":\"https:\/\/www.waterair.com\/ch-it\/informativa-sulla-privacy#breadcrumb\"},\"inLanguage\":\"it-CH\",\"potentialAction\":[{\"@type\":\"ReadAction\",\"target\":[\"https:\/\/www.waterair.com\/ch-it\/informativa-sulla-privacy\"]}]},{\"@type\":\"BreadcrumbList\",\"@id\":\"https:\/\/www.waterair.com\/ch-it\/informativa-sulla-privacy#breadcrumb\",\"itemListElement\":[{\"@type\":\"ListItem\",\"position\":1,\"name\":\"Home\",\"item\":\"https:\/\/www.waterair.com\/ch-it\"},{\"@type\":\"ListItem\",\"position\":2,\"name\":\"Informativa sulla privacy\"}]},{\"@type\":\"WebSite\",\"@id\":\"https:\/\/www.waterair.com\/ch-it\/#website\",\"url\":\"https:\/\/www.waterair.com\/ch-it\/\",\"name\":\"Waterair Piscine\",\"description\":\"\",\"potentialAction\":[{\"@type\":\"SearchAction\",\"target\":{\"@type\":\"EntryPoint\",\"urlTemplate\":\"https:\/\/www.waterair.com\/ch-it\/?s={search_term_string}\"},\"query-input\":{\"@type\":\"PropertyValueSpecification\",\"valueRequired\":true,\"valueName\":\"search_term_string\"}}],\"inLanguage\":\"it-CH\"}]}<\/script>\n<!-- \/ Yoast SEO Premium plugin. -->","yoast_head_json":{"title":"Informativa sulla privacy | Waterair Piscine","robots":{"index":"index","follow":"follow","max-snippet":"max-snippet:-1","max-image-preview":"max-image-preview:large","max-video-preview":"max-video-preview:-1"},"canonical":"https:\/\/www.waterair.com\/ch-it\/informativa-sulla-privacy","og_locale":"it_IT","og_type":"article","og_title":"Informativa sulla privacy","og_url":"https:\/\/www.waterair.com\/ch-it\/informativa-sulla-privacy","og_site_name":"Waterair Piscine","article_modified_time":"2021-11-11T10:25:44+00:00","twitter_card":"summary_large_image","schema":{"@context":"https:\/\/schema.org","@graph":[{"@type":"WebPage","@id":"https:\/\/www.waterair.com\/ch-it\/informativa-sulla-privacy","url":"https:\/\/www.waterair.com\/ch-it\/informativa-sulla-privacy","name":"Informativa sulla privacy | Waterair Piscine","isPartOf":{"@id":"https:\/\/www.waterair.com\/ch-it\/#website"},"datePublished":"2021-10-29T19:23:48+00:00","dateModified":"2021-11-11T10:25:44+00:00","breadcrumb":{"@id":"https:\/\/www.waterair.com\/ch-it\/informativa-sulla-privacy#breadcrumb"},"inLanguage":"it-CH","potentialAction":[{"@type":"ReadAction","target":["https:\/\/www.waterair.com\/ch-it\/informativa-sulla-privacy"]}]},{"@type":"BreadcrumbList","@id":"https:\/\/www.waterair.com\/ch-it\/informativa-sulla-privacy#breadcrumb","itemListElement":[{"@type":"ListItem","position":1,"name":"Home","item":"https:\/\/www.waterair.com\/ch-it"},{"@type":"ListItem","position":2,"name":"Informativa sulla privacy"}]},{"@type":"WebSite","@id":"https:\/\/www.waterair.com\/ch-it\/#website","url":"https:\/\/www.waterair.com\/ch-it\/","name":"Waterair Piscine","description":"","potentialAction":[{"@type":"SearchAction","target":{"@type":"EntryPoint","urlTemplate":"https:\/\/www.waterair.com\/ch-it\/?s={search_term_string}"},"query-input":{"@type":"PropertyValueSpecification","valueRequired":true,"valueName":"search_term_string"}}],"inLanguage":"it-CH"}]}},"_links":{"self":[{"href":"https:\/\/www.waterair.com\/ch-it\/wp-json\/wp\/v2\/pages\/37890","targetHints":{"allow":["GET"]}}],"collection":[{"href":"https:\/\/www.waterair.com\/ch-it\/wp-json\/wp\/v2\/pages"}],"about":[{"href":"https:\/\/www.waterair.com\/ch-it\/wp-json\/wp\/v2\/types\/page"}],"author":[{"embeddable":true,"href":"https:\/\/www.waterair.com\/ch-it\/wp-json\/wp\/v2\/users\/1"}],"replies":[{"embeddable":true,"href":"https:\/\/www.waterair.com\/ch-it\/wp-json\/wp\/v2\/comments?post=37890"}],"version-history":[{"count":5,"href":"https:\/\/www.waterair.com\/ch-it\/wp-json\/wp\/v2\/pages\/37890\/revisions"}],"predecessor-version":[{"id":581413,"href":"https:\/\/www.waterair.com\/ch-it\/wp-json\/wp\/v2\/pages\/37890\/revisions\/581413"}],"wp:attachment":[{"href":"https:\/\/www.waterair.com\/ch-it\/wp-json\/wp\/v2\/media?parent=37890"}],"curies":[{"name":"wp","href":"https:\/\/api.w.org\/{rel}","templated":true}]}}