{"id":581399,"date":"2021-11-04T10:11:11","date_gmt":"2021-11-04T09:11:11","guid":{"rendered":"https:\/\/www.waterair2026.com\/ristrutturazione-piscines-waterair-ti-accompagna"},"modified":"2025-12-16T07:14:54","modified_gmt":"2025-12-16T06:14:54","slug":"ristrutturazione-piscines-waterair-ti-accompagna","status":"publish","type":"page","link":"https:\/\/www.waterair.com\/ch-it\/consigli\/ristrutturazione-piscina","title":{"rendered":"Ristrutturazione: Piscines Waterair ti accompagna"},"content":{"rendered":"<div class=\"container block--core-paragraph\"><div class=\"row\"><div class=\"col-12 \">\n<p>Tempo fa, ci hai dato fiducia acquistando una nostra piscina. Oggi, hai bisogno di effettuare dei lavori, qualche riparazione e noi siamo ancora una volta al tuo fianco per consigliarti al meglio. E se ne approfittassi per rendere la tua piscina pi\u00f9 confortevole, pi\u00f9 bella e pi\u00f9 adatta ai tuoi attuali bisogni?<\/p>\n<\/div><\/div><\/div>\n\n<div  class=\"block-content-media  content-block   has-no-title\">\n            <div class=\"container\">\n            <div class=\"row\">\n                <div class=\"col\">\n                    <div class=\"row flex-column flex-md-row \">\n                        <div class=\"content-block__col col-12 d-flex flex-column align-items-md-start order-lg-2\">\n                                                                                                                                                <div data-wa=\"fade-up\" data-wa-delay=\"400\" class=\"content-block__description text--sm text-weight--300 mb-0\">\n                                    <p>I servizi di ristrutturazione per piscine sono dedicati ai clienti Piscines Waterair che desiderano regalare una nuova giovinezza alla loro piscina, dopo alcuni anni di utilizzo:<\/p>\n<ul>\n<li>Installare una scala per maggior comfort<\/li>\n<li>Cambiare i bordi vasca con modelli pi\u00f9 attuali<\/li>\n<li>Sostituire il liner e approfittarne per abbellire con un colore pi\u00f9 trendy l&#8217;area a bordo vasca<\/li>\n<li>Aggiungere un sistema di riscaldamento<\/li>\n<li>Modificare un fondo piatto con uno leggermente infossato<\/li>\n<li>Installare un proiettore per fare il bagno la sera e nelle ore notturne<\/li>\n<li>Aggiungere un sistema termoisolante e impermeabilizzante ISOPLAN per un isolamento migliore della piscina e guadagnare quindi qualche grado prezioso<\/li>\n<\/ul>\n<p>&nbsp;<\/p>\n                                <\/div>\n                                                                                        <div data-wa=\"fade-up\" data-wa-delay=\"500\">\n                                                                    <\/div>\n                                                    <\/div>\n                                            <\/div>\n                <\/div>\n            <\/div>\n        <\/div>\n    <\/div>\n\n<div class=\"container block--core-columns\"><div class=\"row\"><div class=\"col-12 \">\n<div class=\"wp-block-columns is-layout-flex wp-container-core-columns-is-layout-9d6595d7 wp-block-columns-is-layout-flex\">\n<div class=\"wp-block-column is-layout-flow wp-block-column-is-layout-flow\"><div data-wa=\"fade-up\"  class=\"block-slider  dots-absolute content-block\">\n    \n                <div class=\"container\">\n            <div class=\"row\">\n                <div class=\"col-12\">\n                            <div\n                            class=\"js-slider\"\n                            data-infinite=\"true\"\n                            data-slides-to-show=\"1\"\n                            data-slides-to-scroll=\"1\"\n                            data-fade=\"true\"\n                            data-adaptive-height=\"true\"\n                            data-dots=\"false\"\n                            data-arrows=\"true\"\n                    >\n                                                    <div class=\"block-slider__image\">\n                                \t\t\t<img loading=\"lazy\" decoding=\"async\" width=\"1360\" height=\"765\" src=\"https:\/\/www.waterair.com\/wp-content\/uploads\/2021\/11\/renovation-piscine-3-1360x765.jpg\" class=\"item-slide__image item-slide\" alt=\"\" loading=\"1\" srcset=\"https:\/\/www.waterair.com\/wp-content\/uploads\/2021\/11\/renovation-piscine-3-1360x765.jpg 1360w, https:\/\/www.waterair.com\/wp-content\/uploads\/2021\/11\/renovation-piscine-3-1440x810.jpg 1440w, https:\/\/www.waterair.com\/wp-content\/uploads\/2021\/11\/renovation-piscine-3-768x432.jpg 768w, https:\/\/www.waterair.com\/wp-content\/uploads\/2021\/11\/renovation-piscine-3-1536x864.jpg 1536w, https:\/\/www.waterair.com\/wp-content\/uploads\/2021\/11\/renovation-piscine-3-880x495.jpg 880w, https:\/\/www.waterair.com\/wp-content\/uploads\/2021\/11\/renovation-piscine-3-440x248.jpg 440w, https:\/\/www.waterair.com\/wp-content\/uploads\/2021\/11\/renovation-piscine-3-1840x1035.jpg 1840w, https:\/\/www.waterair.com\/wp-content\/uploads\/2021\/11\/renovation-piscine-3-920x518.jpg 920w, https:\/\/www.waterair.com\/wp-content\/uploads\/2021\/11\/renovation-piscine-3.jpg 1920w\" sizes=\"auto, (max-width: 1360px) 100vw, 1360px\" \/>\t                            <\/div>\n                                                    <div class=\"block-slider__image\">\n                                \t\t\t<img loading=\"lazy\" decoding=\"async\" width=\"1360\" height=\"765\" src=\"https:\/\/www.waterair.com\/wp-content\/uploads\/2021\/10\/renovation-piscine-4-1360x765.jpg\" class=\"item-slide__image item-slide\" alt=\"\" loading=\"1\" srcset=\"https:\/\/www.waterair.com\/wp-content\/uploads\/2021\/10\/renovation-piscine-4-1360x765.jpg 1360w, https:\/\/www.waterair.com\/wp-content\/uploads\/2021\/10\/renovation-piscine-4-1440x810.jpg 1440w, https:\/\/www.waterair.com\/wp-content\/uploads\/2021\/10\/renovation-piscine-4-768x432.jpg 768w, https:\/\/www.waterair.com\/wp-content\/uploads\/2021\/10\/renovation-piscine-4-1536x864.jpg 1536w, https:\/\/www.waterair.com\/wp-content\/uploads\/2021\/10\/renovation-piscine-4-880x495.jpg 880w, https:\/\/www.waterair.com\/wp-content\/uploads\/2021\/10\/renovation-piscine-4-440x248.jpg 440w, https:\/\/www.waterair.com\/wp-content\/uploads\/2021\/10\/renovation-piscine-4-1840x1035.jpg 1840w, https:\/\/www.waterair.com\/wp-content\/uploads\/2021\/10\/renovation-piscine-4-920x518.jpg 920w, https:\/\/www.waterair.com\/wp-content\/uploads\/2021\/10\/renovation-piscine-4.jpg 1920w\" sizes=\"auto, (max-width: 1360px) 100vw, 1360px\" \/>\t                            <\/div>\n                                            <\/div>\n                            <\/div>\n                <\/div>\n            <\/div>\n        \n    <\/div>\n<\/div>\n\n\n\n<div class=\"wp-block-column is-layout-flow wp-block-column-is-layout-flow\"><div class=\"container block--core-heading\"><div class=\"row\"><div class=\"col-12 \">\n<h2 class=\"wp-block-heading\" id=\"h-la-ristrutturazione-di-una-piscina-puo-riguardare-diversi-aspetti\">La ristrutturazione di una piscina pu\u00f2 riguardare diversi aspetti.<\/h2>\n<\/div><\/div><\/div>\n\n<div class=\"container block--core-paragraph\"><div class=\"row\"><div class=\"col-12 \">\n<p>Indipendentemente dal progetto, i nostri 130 consulenti commerciali e tecnici ti aiuteranno ad ammodernare la tua area piscina e a migliorarne il comfort, per tuffi e nuotate sempre pi\u00f9 piacevoli.<\/p>\n<\/div><\/div><\/div><\/div>\n<\/div>\n<\/div><\/div><\/div>\n\n<div class=\"container block--core-columns\"><div class=\"row\"><div class=\"col-12 \">\n<div class=\"wp-block-columns is-layout-flex wp-container-core-columns-is-layout-9d6595d7 wp-block-columns-is-layout-flex\">\n<div class=\"wp-block-column is-layout-flow wp-block-column-is-layout-flow\"><div class=\"container block--core-heading\"><div class=\"row\"><div class=\"col-12 \">\n<h2 class=\"wp-block-heading\" id=\"h-ti-piacerebbe-ricevere-consulenza-in-fase-di-ristrutturazione-della-tua-piscina-waterair\">Ti piacerebbe ricevere consulenza in fase di ristrutturazione della tua piscina Waterair?<\/h2>\n<\/div><\/div><\/div>\n\n<div class=\"container block--core-paragraph\"><div class=\"row\"><div class=\"col-12 \">\n<p>Il nostro partner pi\u00f9 vicino a te ti ricontatter\u00e0 quanto prima, in funzione delle tue disponibilit\u00e0. Sapr\u00e0 fornirti tutti i consigli utili per regalare una seconda giovinezza alla tua piscina.<\/p>\n<\/div><\/div><\/div><\/div>\n\n\n\n<div class=\"wp-block-column is-layout-flow wp-block-column-is-layout-flow\"><div data-wa=\"fade-up\"  class=\"block-slider  dots-absolute content-block\">\n    \n                <div class=\"container\">\n            <div class=\"row\">\n                <div class=\"col-12\">\n                            <div\n                            class=\"js-slider\"\n                            data-infinite=\"true\"\n                            data-slides-to-show=\"1\"\n                            data-slides-to-scroll=\"1\"\n                            data-fade=\"true\"\n                            data-adaptive-height=\"true\"\n                            data-dots=\"false\"\n                            data-arrows=\"true\"\n                    >\n                                                    <div class=\"block-slider__image\">\n                                \t\t\t<img loading=\"lazy\" decoding=\"async\" width=\"1360\" height=\"765\" src=\"https:\/\/www.waterair.com\/wp-content\/uploads\/2021\/10\/renovation-piscine-1_0-1360x765.jpg\" class=\"item-slide__image item-slide\" alt=\"\" loading=\"1\" srcset=\"https:\/\/www.waterair.com\/wp-content\/uploads\/2021\/10\/renovation-piscine-1_0-1360x765.jpg 1360w, https:\/\/www.waterair.com\/wp-content\/uploads\/2021\/10\/renovation-piscine-1_0-1440x810.jpg 1440w, https:\/\/www.waterair.com\/wp-content\/uploads\/2021\/10\/renovation-piscine-1_0-768x432.jpg 768w, https:\/\/www.waterair.com\/wp-content\/uploads\/2021\/10\/renovation-piscine-1_0-1536x864.jpg 1536w, https:\/\/www.waterair.com\/wp-content\/uploads\/2021\/10\/renovation-piscine-1_0-880x495.jpg 880w, https:\/\/www.waterair.com\/wp-content\/uploads\/2021\/10\/renovation-piscine-1_0-440x248.jpg 440w, https:\/\/www.waterair.com\/wp-content\/uploads\/2021\/10\/renovation-piscine-1_0-1840x1035.jpg 1840w, https:\/\/www.waterair.com\/wp-content\/uploads\/2021\/10\/renovation-piscine-1_0-920x518.jpg 920w, https:\/\/www.waterair.com\/wp-content\/uploads\/2021\/10\/renovation-piscine-1_0.jpg 1920w\" sizes=\"auto, (max-width: 1360px) 100vw, 1360px\" \/>\t                            <\/div>\n                                                    <div class=\"block-slider__image\">\n                                \t\t\t<img loading=\"lazy\" decoding=\"async\" width=\"1360\" height=\"765\" src=\"https:\/\/www.waterair.com\/wp-content\/uploads\/2021\/10\/renovation-piscine-2-1360x765.jpg\" class=\"item-slide__image item-slide\" alt=\"\" loading=\"1\" srcset=\"https:\/\/www.waterair.com\/wp-content\/uploads\/2021\/10\/renovation-piscine-2-1360x765.jpg 1360w, https:\/\/www.waterair.com\/wp-content\/uploads\/2021\/10\/renovation-piscine-2-1440x810.jpg 1440w, https:\/\/www.waterair.com\/wp-content\/uploads\/2021\/10\/renovation-piscine-2-768x432.jpg 768w, https:\/\/www.waterair.com\/wp-content\/uploads\/2021\/10\/renovation-piscine-2-1536x864.jpg 1536w, https:\/\/www.waterair.com\/wp-content\/uploads\/2021\/10\/renovation-piscine-2-880x495.jpg 880w, https:\/\/www.waterair.com\/wp-content\/uploads\/2021\/10\/renovation-piscine-2-440x248.jpg 440w, https:\/\/www.waterair.com\/wp-content\/uploads\/2021\/10\/renovation-piscine-2-1840x1035.jpg 1840w, https:\/\/www.waterair.com\/wp-content\/uploads\/2021\/10\/renovation-piscine-2-920x518.jpg 920w, https:\/\/www.waterair.com\/wp-content\/uploads\/2021\/10\/renovation-piscine-2.jpg 1920w\" sizes=\"auto, (max-width: 1360px) 100vw, 1360px\" \/>\t                            <\/div>\n                                            <\/div>\n                            <\/div>\n                <\/div>\n            <\/div>\n        \n    <\/div>\n<\/div>\n<\/div>\n<\/div><\/div><\/div>\n\n    <div  class=\"block-button content-block mb-0 mt-2\" data-tab-section>\n        <div class=\"container\">\n            <div class=\"row\">\n                <div class=\"col-12 col-md-10 offset-md-1\">\n                    <div class=\"d-flex flex-wrap flex-column flex-md-row justify-content-center spaced-md-4 mt-6 mb-5 mb-md-0\">\n                                                        <a\tdata-wa=\"button\" data-wa-wave=\"primary\"\n\tclass=\"btn btn--primary mb-0 mb-md-5\"\n\t\t\thref=\"https:\/\/www.waterair.com\/ch-it\/ristrutturazione-di-piscina\"\n\t\ttarget=\"_blank\">\n\t\tAccedere al modulo di ristrutturazione piscina    <\/a>\n                                                                    <\/div>\n                <\/div>\n            <\/div>\n        <\/div>\n    <\/div>\n\n\n<div  class=\"block-chiffres  content-block\">\n\t\t\t<svg class=\"content-block__wave\" xmlns=\"http:\/\/www.w3.org\/2000\/svg\" preserveAspectRatio=\"none\" width=\"792\" height=\"113\" viewBox=\"0 0 792 113\">\n\t\t\t<path fill=\"#0080C8\" d=\"M431.725539,-340.566487 C409.271632,-304.562081 392.525634,-252.714767 387.640542,-179.798441 C369.042596,122.812782 497.396885,38.5205026 497.396885,452.206968 C497.55866,212.705563 497.186394,-340.754832 497.396885,-340.566487 C497.607458,-340.372208 431.896885,-340.551731 431.725539,-340.566487 Z\" transform=\"matrix(0 1 1 0 340.564 -384.897)\"\/>\n\t\t<\/svg>\n\t\t<div class=\"content-block__wrapper\">\n\t\t\t<div class=\"container\">\n\t\t\t\t<div class=\"row justify-content-center\">\n\t\t\t\t\t\t\t\t\t\t\t<div class=\"col-lg-7\">\n\t\t\t\t\t\t\t<h2 data-wa=\"fade-up\" class=\"content-block__title h1 text-inherit mb-0\">leader europeo delle piscine in kit<\/h2>\n\t\t\t\t\t\t<\/div>\n\t\t\t\t\t\t\t\t\t\t\t\t\t\t\t\t<div class=\"col-lg-11\">\n\t\t\t\t\t\t\t<p data-wa=\"fade-up\" data-wa-delay=\"100\" class=\"content-block__description text--lg mt-4 mb-0\">Siamo presenti in oltre 29 paesi in tutto il mondo e siamo famosi per la qualit\u00e0 dei nostri prodotti, l&#8217;affidabilit\u00e0 dei nostri servizi, ma anche per la nostra straordinaria competitivit\u00e0<\/p>\n\t\t\t\t\t\t<\/div>\n\t\t\t\t\t\t\t\t\t<\/div>\n\t\t\t\t\t\t\t\t\t<div data-wa=\"fade-up\" data-wa-delay=\"200\" class=\"row justify-content-center\">\n\t\t\t\t\t\t\t\t\t\t\t\t\t<div class=\"content-block__number col-md-6 col-lg-3\">\n\t\t\t\t\t\t\t\t<p class=\"content-block__number__value\"><span data-wa=\"counter\">30<\/span> anni<\/p>\n\t\t\t\t\t\t\t\t<p class=\"content-block__number__label\">di garanzia della struttura*<\/p>\n\t\t\t\t\t\t\t<\/div>\n\t\t\t\t\t\t\t\t\t\t\t\t\t<div class=\"content-block__number col-md-6 col-lg-3\">\n\t\t\t\t\t\t\t\t<p class=\"content-block__number__value\">+<span data-wa=\"counter\">50<\/span> anni<\/p>\n\t\t\t\t\t\t\t\t<p class=\"content-block__number__label\">di esperienza nella produzione<\/p>\n\t\t\t\t\t\t\t<\/div>\n\t\t\t\t\t\t\t\t\t\t\t\t\t<div class=\"content-block__number col-md-6 col-lg-3\">\n\t\t\t\t\t\t\t\t<p class=\"content-block__number__value\">+<span data-wa=\"counter\">20<\/span>%<\/p>\n\t\t\t\t\t\t\t\t<p class=\"content-block__number__label\">di valore del patrimonio<\/p>\n\t\t\t\t\t\t\t<\/div>\n\t\t\t\t\t\t\t\t\t\t\t\t\t<div class=\"content-block__number col-md-6 col-lg-3\">\n\t\t\t\t\t\t\t\t<p class=\"content-block__number__value\"><span data-wa=\"counter\">139 000<\/span><\/p>\n\t\t\t\t\t\t\t\t<p class=\"content-block__number__label\">clienti felici<\/p>\n\t\t\t\t\t\t\t<\/div>\n\t\t\t\t\t\t\t\t\t\t\t<\/div>\n\t\t\t\t\t\t\t\t\t\t\t\t\t\t\t\t\t<div class=\"row justify-content-center\">\n\t\t\t\t\t\t<div class=\"col-md-10\">\n\t\t\t\t\t\t\t<div data-wa=\"fade-up\" data-wa-delay=\"400\" class=\"content-block__legal wysiwyg mt-8\"><\/div>\n\t\t\t\t\t\t<\/div>\n\t\t\t\t\t<\/div>\n\t\t\t\t\t\t\t\t\t\t\t\t\t<img loading=\"lazy\" decoding=\"async\" src=\"https:\/\/www.waterair.com\/wp-content\/uploads\/2021\/08\/made-in-france.svg\" width=\"120\" height=\"120\" class=\"content-block__picto\" alt=\"\">\n\t\t\t\t\t\t\t<\/div>\n\t\t\t\t\t<\/div>\n\t\t<div class=\"content-block__wave-outline-1\">\n\t\t\t<svg width=\"678\" height=\"589\" viewBox=\"0 0 1000 1000\">\n\t\t\t\t<path fill=\"none\" stroke=\"#FFF\" stroke-width=\"2\" opacity=\".2\" data-blob='{\"minRadius\": \"430\",\"maxRadius\":\"490\", \"numPoints\": \"16\"}'><\/path>\n\t\t\t<\/svg>\n\t\t<\/div>\n\t\t<div class=\"content-block__wave-outline-2\">\n\t\t\t<svg width=\"678\" height=\"589\" viewBox=\"0 0 1000 1000\">\n\t\t\t\t<path fill=\"none\" stroke=\"#FFF\" stroke-width=\"2\" opacity=\".2\" data-blob='{\"minRadius\": \"430\",\"maxRadius\":\"490\", \"numPoints\": \"16\"}'><\/path>\n\t\t\t<\/svg>\n\t\t<\/div>\n\t<\/div>","protected":false},"excerpt":{"rendered":"<p>Tempo fa, ci hai dato fiducia acquistando una nostra piscina. Oggi, hai bisogno di effettuare dei lavori, qualche riparazione e noi siamo ancora una volta al tuo fianco per consigliarti al meglio. E se ne approfittassi per rendere la tua piscina pi\u00f9 confortevole, pi\u00f9 bella e pi\u00f9 adatta ai tuoi attuali bisogni? La ristrutturazione di [&hellip;]<\/p>\n","protected":false},"author":0,"featured_media":64210,"parent":0,"menu_order":0,"comment_status":"closed","ping_status":"closed","template":"","meta":{"_acf_changed":false,"om_disable_all_campaigns":false,"footnotes":""},"class_list":["post-581399","page","type-page","status-publish","has-post-thumbnail","hentry"],"acf":[],"yoast_head":"<!-- This site is optimized with the Yoast SEO Premium plugin v25.4 (Yoast SEO v27.2) - https:\/\/yoast.com\/product\/yoast-seo-premium-wordpress\/ -->\n<title>Ristrutturazione piscina - regala una seconda giovinezza alla tua piscina | Waterair Piscine<\/title>\n<meta name=\"description\" content=\"Piscines Waterair ti accompagna durante la ristrutturazione della tua piscina. Cambiamento di liner, aggiunta di una scala, modifica dei bordi vasca: il nostro team risponde alle tue esigenze.\" \/>\n<meta name=\"robots\" content=\"index, follow, max-snippet:-1, max-image-preview:large, max-video-preview:-1\" \/>\n<link rel=\"canonical\" href=\"https:\/\/www.waterair.com\/ch-it\/consigli\/ristrutturazione-piscina\" \/>\n<meta property=\"og:locale\" content=\"it_IT\" \/>\n<meta property=\"og:type\" content=\"article\" \/>\n<meta property=\"og:title\" content=\"Ristrutturazione: Piscines Waterair ti accompagna\" \/>\n<meta property=\"og:description\" content=\"Piscines Waterair ti accompagna durante la ristrutturazione della tua piscina. Cambiamento di liner, aggiunta di una scala, modifica dei bordi vasca: il nostro team risponde alle tue esigenze.\" \/>\n<meta property=\"og:url\" content=\"https:\/\/www.waterair.com\/ch-it\/consigli\/ristrutturazione-piscina\" \/>\n<meta property=\"og:site_name\" content=\"Waterair Piscine\" \/>\n<meta property=\"article:modified_time\" content=\"2025-12-16T06:14:54+00:00\" \/>\n<meta property=\"og:image\" content=\"https:\/\/www.waterair.com\/wp-content\/uploads\/2021\/11\/renovation-piscine-3.jpg\" \/>\n\t<meta property=\"og:image:width\" content=\"1920\" \/>\n\t<meta property=\"og:image:height\" content=\"1080\" \/>\n\t<meta property=\"og:image:type\" content=\"image\/jpeg\" \/>\n<meta name=\"twitter:card\" content=\"summary_large_image\" \/>\n<meta name=\"twitter:label1\" content=\"Est. reading time\" \/>\n\t<meta name=\"twitter:data1\" content=\"2 minutes\" \/>\n<script type=\"application\/ld+json\" class=\"yoast-schema-graph\">{\"@context\":\"https:\/\/schema.org\",\"@graph\":[{\"@type\":\"WebPage\",\"@id\":\"https:\/\/www.waterair.com\/ch-it\/consigli\/ristrutturazione-piscina\",\"url\":\"https:\/\/www.waterair.com\/ch-it\/consigli\/ristrutturazione-piscina\",\"name\":\"Ristrutturazione piscina - regala una seconda giovinezza alla tua piscina | Waterair Piscine\",\"isPartOf\":{\"@id\":\"https:\/\/www.waterair.com\/ch-it\/#website\"},\"primaryImageOfPage\":{\"@id\":\"https:\/\/www.waterair.com\/ch-it\/consigli\/ristrutturazione-piscina#primaryimage\"},\"image\":{\"@id\":\"https:\/\/www.waterair.com\/ch-it\/consigli\/ristrutturazione-piscina#primaryimage\"},\"thumbnailUrl\":\"https:\/\/www.waterair.com\/wp-content\/uploads\/2021\/11\/renovation-piscine-3.jpg\",\"datePublished\":\"2021-11-04T09:11:11+00:00\",\"dateModified\":\"2025-12-16T06:14:54+00:00\",\"description\":\"Piscines Waterair ti accompagna durante la ristrutturazione della tua piscina. Cambiamento di liner, aggiunta di una scala, modifica dei bordi vasca: il nostro team risponde alle tue esigenze.\",\"breadcrumb\":{\"@id\":\"https:\/\/www.waterair.com\/ch-it\/consigli\/ristrutturazione-piscina#breadcrumb\"},\"inLanguage\":\"it-CH\",\"potentialAction\":[{\"@type\":\"ReadAction\",\"target\":[\"https:\/\/www.waterair.com\/ch-it\/consigli\/ristrutturazione-piscina\"]}]},{\"@type\":\"ImageObject\",\"inLanguage\":\"it-CH\",\"@id\":\"https:\/\/www.waterair.com\/ch-it\/consigli\/ristrutturazione-piscina#primaryimage\",\"url\":\"https:\/\/www.waterair.com\/wp-content\/uploads\/2021\/11\/renovation-piscine-3.jpg\",\"contentUrl\":\"https:\/\/www.waterair.com\/wp-content\/uploads\/2021\/11\/renovation-piscine-3.jpg\",\"width\":1920,\"height\":1080,\"caption\":\"Piscine haricot avec margelles et escalier sortant\"},{\"@type\":\"BreadcrumbList\",\"@id\":\"https:\/\/www.waterair.com\/ch-it\/consigli\/ristrutturazione-piscina#breadcrumb\",\"itemListElement\":[{\"@type\":\"ListItem\",\"position\":1,\"name\":\"Home\",\"item\":\"https:\/\/www.waterair.com\/ch-it\"},{\"@type\":\"ListItem\",\"position\":2,\"name\":\"Ristrutturazione: Piscines Waterair ti accompagna\"}]},{\"@type\":\"WebSite\",\"@id\":\"https:\/\/www.waterair.com\/ch-it\/#website\",\"url\":\"https:\/\/www.waterair.com\/ch-it\/\",\"name\":\"Waterair Piscine\",\"description\":\"\",\"potentialAction\":[{\"@type\":\"SearchAction\",\"target\":{\"@type\":\"EntryPoint\",\"urlTemplate\":\"https:\/\/www.waterair.com\/ch-it\/?s={search_term_string}\"},\"query-input\":{\"@type\":\"PropertyValueSpecification\",\"valueRequired\":true,\"valueName\":\"search_term_string\"}}],\"inLanguage\":\"it-CH\"}]}<\/script>\n<!-- \/ Yoast SEO Premium plugin. -->","yoast_head_json":{"title":"Ristrutturazione piscina - regala una seconda giovinezza alla tua piscina | Waterair Piscine","description":"Piscines Waterair ti accompagna durante la ristrutturazione della tua piscina. Cambiamento di liner, aggiunta di una scala, modifica dei bordi vasca: il nostro team risponde alle tue esigenze.","robots":{"index":"index","follow":"follow","max-snippet":"max-snippet:-1","max-image-preview":"max-image-preview:large","max-video-preview":"max-video-preview:-1"},"canonical":"https:\/\/www.waterair.com\/ch-it\/consigli\/ristrutturazione-piscina","og_locale":"it_IT","og_type":"article","og_title":"Ristrutturazione: Piscines Waterair ti accompagna","og_description":"Piscines Waterair ti accompagna durante la ristrutturazione della tua piscina. Cambiamento di liner, aggiunta di una scala, modifica dei bordi vasca: il nostro team risponde alle tue esigenze.","og_url":"https:\/\/www.waterair.com\/ch-it\/consigli\/ristrutturazione-piscina","og_site_name":"Waterair Piscine","article_modified_time":"2025-12-16T06:14:54+00:00","og_image":[{"width":1920,"height":1080,"url":"https:\/\/www.waterair.com\/wp-content\/uploads\/2021\/11\/renovation-piscine-3.jpg","type":"image\/jpeg"}],"twitter_card":"summary_large_image","twitter_misc":{"Est. reading time":"2 minutes"},"schema":{"@context":"https:\/\/schema.org","@graph":[{"@type":"WebPage","@id":"https:\/\/www.waterair.com\/ch-it\/consigli\/ristrutturazione-piscina","url":"https:\/\/www.waterair.com\/ch-it\/consigli\/ristrutturazione-piscina","name":"Ristrutturazione piscina - regala una seconda giovinezza alla tua piscina | Waterair Piscine","isPartOf":{"@id":"https:\/\/www.waterair.com\/ch-it\/#website"},"primaryImageOfPage":{"@id":"https:\/\/www.waterair.com\/ch-it\/consigli\/ristrutturazione-piscina#primaryimage"},"image":{"@id":"https:\/\/www.waterair.com\/ch-it\/consigli\/ristrutturazione-piscina#primaryimage"},"thumbnailUrl":"https:\/\/www.waterair.com\/wp-content\/uploads\/2021\/11\/renovation-piscine-3.jpg","datePublished":"2021-11-04T09:11:11+00:00","dateModified":"2025-12-16T06:14:54+00:00","description":"Piscines Waterair ti accompagna durante la ristrutturazione della tua piscina. Cambiamento di liner, aggiunta di una scala, modifica dei bordi vasca: il nostro team risponde alle tue esigenze.","breadcrumb":{"@id":"https:\/\/www.waterair.com\/ch-it\/consigli\/ristrutturazione-piscina#breadcrumb"},"inLanguage":"it-CH","potentialAction":[{"@type":"ReadAction","target":["https:\/\/www.waterair.com\/ch-it\/consigli\/ristrutturazione-piscina"]}]},{"@type":"ImageObject","inLanguage":"it-CH","@id":"https:\/\/www.waterair.com\/ch-it\/consigli\/ristrutturazione-piscina#primaryimage","url":"https:\/\/www.waterair.com\/wp-content\/uploads\/2021\/11\/renovation-piscine-3.jpg","contentUrl":"https:\/\/www.waterair.com\/wp-content\/uploads\/2021\/11\/renovation-piscine-3.jpg","width":1920,"height":1080,"caption":"Piscine haricot avec margelles et escalier sortant"},{"@type":"BreadcrumbList","@id":"https:\/\/www.waterair.com\/ch-it\/consigli\/ristrutturazione-piscina#breadcrumb","itemListElement":[{"@type":"ListItem","position":1,"name":"Home","item":"https:\/\/www.waterair.com\/ch-it"},{"@type":"ListItem","position":2,"name":"Ristrutturazione: Piscines Waterair ti accompagna"}]},{"@type":"WebSite","@id":"https:\/\/www.waterair.com\/ch-it\/#website","url":"https:\/\/www.waterair.com\/ch-it\/","name":"Waterair Piscine","description":"","potentialAction":[{"@type":"SearchAction","target":{"@type":"EntryPoint","urlTemplate":"https:\/\/www.waterair.com\/ch-it\/?s={search_term_string}"},"query-input":{"@type":"PropertyValueSpecification","valueRequired":true,"valueName":"search_term_string"}}],"inLanguage":"it-CH"}]}},"_links":{"self":[{"href":"https:\/\/www.waterair.com\/ch-it\/wp-json\/wp\/v2\/pages\/581399","targetHints":{"allow":["GET"]}}],"collection":[{"href":"https:\/\/www.waterair.com\/ch-it\/wp-json\/wp\/v2\/pages"}],"about":[{"href":"https:\/\/www.waterair.com\/ch-it\/wp-json\/wp\/v2\/types\/page"}],"replies":[{"embeddable":true,"href":"https:\/\/www.waterair.com\/ch-it\/wp-json\/wp\/v2\/comments?post=581399"}],"version-history":[{"count":1,"href":"https:\/\/www.waterair.com\/ch-it\/wp-json\/wp\/v2\/pages\/581399\/revisions"}],"predecessor-version":[{"id":581400,"href":"https:\/\/www.waterair.com\/ch-it\/wp-json\/wp\/v2\/pages\/581399\/revisions\/581400"}],"wp:featuredmedia":[{"embeddable":true,"href":"https:\/\/www.waterair.com\/ch-it\/wp-json\/wp\/v2\/media\/64210"}],"wp:attachment":[{"href":"https:\/\/www.waterair.com\/ch-it\/wp-json\/wp\/v2\/media?parent=581399"}],"curies":[{"name":"wp","href":"https:\/\/api.w.org\/{rel}","templated":true}]}}