{"id":91044,"date":"2021-11-25T14:24:56","date_gmt":"2021-11-25T13:24:56","guid":{"rendered":"https:\/\/waterair-nvme.adipso.fr\/?page_id=91044"},"modified":"2026-01-27T10:19:53","modified_gmt":"2026-01-27T09:19:53","slug":"piscine-e-dotazioni","status":"publish","type":"page","link":"https:\/\/www.waterair.com\/ch-it\/piscine-e-dotazioni","title":{"rendered":"Piscine e dotazioni"},"content":{"rendered":"<div class=\"container block--core-heading\"><div class=\"row\"><div class=\"col-12 \">\n<h2 class=\"wp-block-heading\">Realizzate il sogno di una piscina tutta per voi<\/h2>\n<\/div><\/div><\/div>\n\n<div class=\"container block--core-paragraph\"><div class=\"row\"><div class=\"col-12 \">\n<p>Lasciatevi guidare dai vostri desideri e scegliete le forme e le dotazioni che pi\u00f9 si adattano alle dimensioni del vostro terreno e all\u2019uso che vorrete fare della vostra piscina. Grazie al nostro software a realt\u00e0 aumentata, potete visualizzare la vostra piscina nel vostro giardino. Per farlo, basta un semplice appuntamento! Questo studio \u00e8 personalizzato e gratuito e vi permetter\u00e0 di parlare con un nostro consulente che trasformer\u00e0 in realt\u00e0 il vostro sogno di piscina, accompagnandovi in ogni fase del progetto.<\/p>\n<\/div><\/div><\/div>","protected":false},"excerpt":{"rendered":"<p>Realizzate il sogno di una piscina tutta per voi Lasciatevi guidare dai vostri desideri e scegliete le forme e le dotazioni che pi\u00f9 si adattano alle dimensioni del vostro terreno e all\u2019uso che vorrete fare della vostra piscina. Grazie al nostro software a realt\u00e0 aumentata, potete visualizzare la vostra piscina nel vostro giardino. Per farlo, [&hellip;]<\/p>\n","protected":false},"author":11,"featured_media":0,"parent":0,"menu_order":0,"comment_status":"closed","ping_status":"closed","template":"archive-pool.php","meta":{"_acf_changed":false,"om_disable_all_campaigns":false,"footnotes":""},"class_list":["post-91044","page","type-page","status-publish","hentry"],"acf":[],"yoast_head":"<!-- This site is optimized with the Yoast SEO Premium plugin v25.4 (Yoast SEO v27.2) - https:\/\/yoast.com\/product\/yoast-seo-premium-wordpress\/ -->\n<title>Piscine e dotazioni per personalizzare il tuo progetto | Waterair Piscine<\/title>\n<meta name=\"description\" content=\"Scopri la nostra offerta di piscine e attrezzature appositamente studiate per il tuo comfort e la tua sicurezza.\" \/>\n<meta name=\"robots\" content=\"index, follow, max-snippet:-1, max-image-preview:large, max-video-preview:-1\" \/>\n<link rel=\"canonical\" href=\"https:\/\/www.waterair.com\/ch-it\/piscine-e-dotazioni\" \/>\n<meta property=\"og:locale\" content=\"it_IT\" \/>\n<meta property=\"og:type\" content=\"article\" \/>\n<meta property=\"og:title\" content=\"Piscine e dotazioni\" \/>\n<meta property=\"og:description\" content=\"Scopri la nostra offerta di piscine e attrezzature appositamente studiate per il tuo comfort e la tua sicurezza.\" \/>\n<meta property=\"og:url\" content=\"https:\/\/www.waterair.com\/ch-it\/piscine-e-dotazioni\" \/>\n<meta property=\"og:site_name\" content=\"Waterair Piscine\" \/>\n<meta property=\"article:modified_time\" content=\"2026-01-27T09:19:53+00:00\" \/>\n<meta name=\"twitter:card\" content=\"summary_large_image\" \/>\n<meta name=\"twitter:label1\" content=\"Est. reading time\" \/>\n\t<meta name=\"twitter:data1\" content=\"2 minutes\" \/>\n<script type=\"application\/ld+json\" class=\"yoast-schema-graph\">{\"@context\":\"https:\/\/schema.org\",\"@graph\":[{\"@type\":\"WebPage\",\"@id\":\"https:\/\/www.waterair.com\/ch-it\/piscine-e-dotazioni\",\"url\":\"https:\/\/www.waterair.com\/ch-it\/piscine-e-dotazioni\",\"name\":\"Piscine e dotazioni per personalizzare il tuo progetto | Waterair Piscine\",\"isPartOf\":{\"@id\":\"https:\/\/www.waterair.com\/ch-it\/#website\"},\"datePublished\":\"2021-11-25T13:24:56+00:00\",\"dateModified\":\"2026-01-27T09:19:53+00:00\",\"description\":\"Scopri la nostra offerta di piscine e attrezzature appositamente studiate per il tuo comfort e la tua sicurezza.\",\"breadcrumb\":{\"@id\":\"https:\/\/www.waterair.com\/ch-it\/piscine-e-dotazioni#breadcrumb\"},\"inLanguage\":\"it-CH\",\"potentialAction\":[{\"@type\":\"ReadAction\",\"target\":[\"https:\/\/www.waterair.com\/ch-it\/piscine-e-dotazioni\"]}]},{\"@type\":\"BreadcrumbList\",\"@id\":\"https:\/\/www.waterair.com\/ch-it\/piscine-e-dotazioni#breadcrumb\",\"itemListElement\":[{\"@type\":\"ListItem\",\"position\":1,\"name\":\"Home\",\"item\":\"https:\/\/www.waterair.com\/ch-it\"},{\"@type\":\"ListItem\",\"position\":2,\"name\":\"Piscine e dotazioni\"}]},{\"@type\":\"WebSite\",\"@id\":\"https:\/\/www.waterair.com\/ch-it\/#website\",\"url\":\"https:\/\/www.waterair.com\/ch-it\/\",\"name\":\"Waterair Piscine\",\"description\":\"\",\"potentialAction\":[{\"@type\":\"SearchAction\",\"target\":{\"@type\":\"EntryPoint\",\"urlTemplate\":\"https:\/\/www.waterair.com\/ch-it\/?s={search_term_string}\"},\"query-input\":{\"@type\":\"PropertyValueSpecification\",\"valueRequired\":true,\"valueName\":\"search_term_string\"}}],\"inLanguage\":\"it-CH\"}]}<\/script>\n<!-- \/ Yoast SEO Premium plugin. -->","yoast_head_json":{"title":"Piscine e dotazioni per personalizzare il tuo progetto | Waterair Piscine","description":"Scopri la nostra offerta di piscine e attrezzature appositamente studiate per il tuo comfort e la tua sicurezza.","robots":{"index":"index","follow":"follow","max-snippet":"max-snippet:-1","max-image-preview":"max-image-preview:large","max-video-preview":"max-video-preview:-1"},"canonical":"https:\/\/www.waterair.com\/ch-it\/piscine-e-dotazioni","og_locale":"it_IT","og_type":"article","og_title":"Piscine e dotazioni","og_description":"Scopri la nostra offerta di piscine e attrezzature appositamente studiate per il tuo comfort e la tua sicurezza.","og_url":"https:\/\/www.waterair.com\/ch-it\/piscine-e-dotazioni","og_site_name":"Waterair Piscine","article_modified_time":"2026-01-27T09:19:53+00:00","twitter_card":"summary_large_image","twitter_misc":{"Est. reading time":"2 minutes"},"schema":{"@context":"https:\/\/schema.org","@graph":[{"@type":"WebPage","@id":"https:\/\/www.waterair.com\/ch-it\/piscine-e-dotazioni","url":"https:\/\/www.waterair.com\/ch-it\/piscine-e-dotazioni","name":"Piscine e dotazioni per personalizzare il tuo progetto | Waterair Piscine","isPartOf":{"@id":"https:\/\/www.waterair.com\/ch-it\/#website"},"datePublished":"2021-11-25T13:24:56+00:00","dateModified":"2026-01-27T09:19:53+00:00","description":"Scopri la nostra offerta di piscine e attrezzature appositamente studiate per il tuo comfort e la tua sicurezza.","breadcrumb":{"@id":"https:\/\/www.waterair.com\/ch-it\/piscine-e-dotazioni#breadcrumb"},"inLanguage":"it-CH","potentialAction":[{"@type":"ReadAction","target":["https:\/\/www.waterair.com\/ch-it\/piscine-e-dotazioni"]}]},{"@type":"BreadcrumbList","@id":"https:\/\/www.waterair.com\/ch-it\/piscine-e-dotazioni#breadcrumb","itemListElement":[{"@type":"ListItem","position":1,"name":"Home","item":"https:\/\/www.waterair.com\/ch-it"},{"@type":"ListItem","position":2,"name":"Piscine e dotazioni"}]},{"@type":"WebSite","@id":"https:\/\/www.waterair.com\/ch-it\/#website","url":"https:\/\/www.waterair.com\/ch-it\/","name":"Waterair Piscine","description":"","potentialAction":[{"@type":"SearchAction","target":{"@type":"EntryPoint","urlTemplate":"https:\/\/www.waterair.com\/ch-it\/?s={search_term_string}"},"query-input":{"@type":"PropertyValueSpecification","valueRequired":true,"valueName":"search_term_string"}}],"inLanguage":"it-CH"}]}},"_links":{"self":[{"href":"https:\/\/www.waterair.com\/ch-it\/wp-json\/wp\/v2\/pages\/91044","targetHints":{"allow":["GET"]}}],"collection":[{"href":"https:\/\/www.waterair.com\/ch-it\/wp-json\/wp\/v2\/pages"}],"about":[{"href":"https:\/\/www.waterair.com\/ch-it\/wp-json\/wp\/v2\/types\/page"}],"author":[{"embeddable":true,"href":"https:\/\/www.waterair.com\/ch-it\/wp-json\/wp\/v2\/users\/11"}],"replies":[{"embeddable":true,"href":"https:\/\/www.waterair.com\/ch-it\/wp-json\/wp\/v2\/comments?post=91044"}],"version-history":[{"count":5,"href":"https:\/\/www.waterair.com\/ch-it\/wp-json\/wp\/v2\/pages\/91044\/revisions"}],"predecessor-version":[{"id":585354,"href":"https:\/\/www.waterair.com\/ch-it\/wp-json\/wp\/v2\/pages\/91044\/revisions\/585354"}],"wp:attachment":[{"href":"https:\/\/www.waterair.com\/ch-it\/wp-json\/wp\/v2\/media?parent=91044"}],"curies":[{"name":"wp","href":"https:\/\/api.w.org\/{rel}","templated":true}]}}