{"id":327614,"date":"2023-07-20T14:46:26","date_gmt":"2023-07-20T12:46:26","guid":{"rendered":"https:\/\/www.waterair.com\/?page_id=327614"},"modified":"2023-09-11T15:45:27","modified_gmt":"2023-09-11T13:45:27","slug":"so-planen-sie-ihren-pool-und-die-ausstattung","status":"publish","type":"page","link":"https:\/\/www.waterair.com\/de\/projekt-pool\/poolplanung","title":{"rendered":"So planen Sie Ihren Pool und die Ausstattung"},"content":{"rendered":"<div class=\"container block--core-paragraph\"><div class=\"row\"><div class=\"col-12 \">\n<p>Der erste Schritt zur Verwirklichung Ihres Traum-Pools besteht darin, die grundlegenden Eigenschaften auszuw\u00e4hlen, die Sie sich w\u00fcnschen. Dazu geh\u00f6ren die Gr\u00f6\u00dfe und Form Ihres Pools sowie die Farbe und Ausstattung. Bei der Auswahl sollten Sie stets die Gegebenheiten Ihres Grundst\u00fccks ber\u00fccksichtigen. Au\u00dferdem ist es ratsam, den finanziellen Rahmen festzulegen. &nbsp;<\/p>\n<\/div><\/div><\/div>\n\n<div class=\"container block--core-paragraph\"><div class=\"row\"><div class=\"col-12 \">\n<p><\/p>\n<\/div><\/div><\/div>\n\n<div  class=\"block-content-media  content-block   has-no-title\">\n            <div class=\"container\">\n            <div class=\"row\">\n                <div class=\"col\">\n                    <div class=\"row flex-column flex-md-row \">\n                        <div class=\"content-block__col col-12 d-flex flex-column align-items-md-start order-lg-2\">\n                                                                                                                                                <div data-wa=\"fade-up\" data-wa-delay=\"400\" class=\"content-block__description text--sm text-weight--300 mb-0\">\n                                    <h3>Ihr Poolbudget:<\/h3>\n<p>Bevor Sie Ihren Traumpool planen, ist es ratsam, zumindest grob festzulegen, wie viel Sie bereit und in der Lage sind, daf\u00fcr zu investieren. Um Ihnen dabei zu helfen, bieten wir Ihnen eine kleine Orientierungshilfe an.<\/p>\n                                <\/div>\n                                                                                        <div data-wa=\"fade-up\" data-wa-delay=\"500\">\n                                    <a\tdata-wa=\"button\" data-wa-wave=\"secondary\"\n\tclass=\"btn btn--secondary mt-3\"\n\t\t\thref=\"https:\/\/www.waterair.com\/de\/projekt-pool\/preis-eines-pools\"\n\t\t>\n\t\tMehr erfahren    <\/a>\n                                <\/div>\n                                                    <\/div>\n                                            <\/div>\n                <\/div>\n            <\/div>\n        <\/div>\n    <\/div>\n\n<div  class=\"block-content-media  content-block   has-no-title\">\n            <div class=\"container\">\n            <div class=\"row\">\n                <div class=\"col\">\n                    <div class=\"row flex-column flex-md-row \">\n                        <div class=\"content-block__col col-12 d-flex flex-column align-items-md-start order-lg-2\">\n                                                                                                                                                <div data-wa=\"fade-up\" data-wa-delay=\"400\" class=\"content-block__description text--sm text-weight--300 mb-0\">\n                                    <h3><strong>Auswahl des Poolstandorts<\/strong><\/h3>\n<p>Sicherheit, Bodenbeschaffenheit, Nachbarschaft, Sonneneinstrahlung: Welche Faktoren sind bei der Standortwahl f\u00fcr Ihren Pool zu beachten?<\/p>\n                                <\/div>\n                                                                                        <div data-wa=\"fade-up\" data-wa-delay=\"500\">\n                                    <a\tdata-wa=\"button\" data-wa-wave=\"secondary\"\n\tclass=\"btn btn--secondary mt-3\"\n\t\t\thref=\"https:\/\/www.waterair.com\/de\/projekt-pool\/poolstandort\"\n\t\t>\n\t\tMehr erfahren    <\/a>\n                                <\/div>\n                                                    <\/div>\n                                            <\/div>\n                <\/div>\n            <\/div>\n        <\/div>\n    <\/div>\n\n<div  class=\"block-content-media  content-block   has-no-title\">\n            <div class=\"container\">\n            <div class=\"row\">\n                <div class=\"col\">\n                    <div class=\"row flex-column flex-md-row \">\n                        <div class=\"content-block__col col-12 d-flex flex-column align-items-md-start order-lg-2\">\n                                                                                                                                                <div data-wa=\"fade-up\" data-wa-delay=\"400\" class=\"content-block__description text--sm text-weight--300 mb-0\">\n                                    <h3>Form Ihres Pools<\/h3>\n<p>Es gibt eine Vielzahl von Poolformen zur Auswahl, darunter klassische Formen wie rechteckig, oval, nierenf\u00f6rmig oder schmal. Dar\u00fcber hinaus gibt es auch Pools in Freiform oder als Schwimmkanal. Mit Waterair haben Sie die Flexibilit\u00e4t, aus einer Vielzahl von Poolformen zu w\u00e4hlen, da unser Modulsystem entwickelt wurde, um Ihren individuellen W\u00fcnschen gerecht zu werden. Entdecken Sie, welche Form am besten zu Ihnen passt.<\/p>\n                                <\/div>\n                                                                                        <div data-wa=\"fade-up\" data-wa-delay=\"500\">\n                                    <a\tdata-wa=\"button\" data-wa-wave=\"secondary\"\n\tclass=\"btn btn--secondary mt-3\"\n\t\t\thref=\"https:\/\/www.waterair.com\/de\/projekt-pool\/poolplanung\/welche-form-soll-ihr-pool-haben\"\n\t\t>\n\t\tMehr erfahren    <\/a>\n                                <\/div>\n                                                    <\/div>\n                                            <\/div>\n                <\/div>\n            <\/div>\n        <\/div>\n    <\/div>\n\n<div  class=\"block-content-media  content-block   has-no-title\">\n            <div class=\"container\">\n            <div class=\"row\">\n                <div class=\"col\">\n                    <div class=\"row flex-column flex-md-row \">\n                        <div class=\"content-block__col col-12 d-flex flex-column align-items-md-start order-lg-2\">\n                                                                                                                                                <div data-wa=\"fade-up\" data-wa-delay=\"400\" class=\"content-block__description text--sm text-weight--300 mb-0\">\n                                    <h3><strong>Gr\u00f6\u00dfe Ihres Pools<\/strong><\/h3>\n<p>Welche Gr\u00f6\u00dfe ist f\u00fcr Ihren Pool geeignet? Die richtige Gr\u00f6\u00dfe h\u00e4ngt von Ihren individuellen Vorlieben und Ihrem Budget ab. Es ist jedoch besonders wichtig, die Gegebenheiten Ihres Gartens zu ber\u00fccksichtigen. Um Ihnen bei der Auswahl zu helfen, finden Sie hier einen kurzen Leitfaden zu verschiedenen Poolgr\u00f6\u00dfen.<\/p>\n                                <\/div>\n                                                                                        <div data-wa=\"fade-up\" data-wa-delay=\"500\">\n                                    <a\tdata-wa=\"button\" data-wa-wave=\"secondary\"\n\tclass=\"btn btn--secondary mt-3\"\n\t\t\thref=\"https:\/\/www.waterair.com\/de\/pools-und-ausstattung\/pools\/pool-grossen\"\n\t\t>\n\t\tMehr erfahren    <\/a>\n                                <\/div>\n                                                    <\/div>\n                                            <\/div>\n                <\/div>\n            <\/div>\n        <\/div>\n    <\/div>\n\n<div  class=\"block-content-media  content-block   has-no-title\">\n            <div class=\"container\">\n            <div class=\"row\">\n                <div class=\"col\">\n                    <div class=\"row flex-column flex-md-row \">\n                        <div class=\"content-block__col col-12 d-flex flex-column align-items-md-start order-lg-2\">\n                                                                                                                                                <div data-wa=\"fade-up\" data-wa-delay=\"400\" class=\"content-block__description text--sm text-weight--300 mb-0\">\n                                    <h3><strong>Auswahl der Pooltreppe<\/strong><\/h3>\n<p>Eine komfortable und ergonomische Pooltreppe ist nicht nur ein einfaches Zugangsmittel, sondern bietet auch viele weitere Vorteile. Doch welche Treppe ist die richtige f\u00fcr Ihre Bed\u00fcrfnisse? Soll es eine Au\u00dfentreppe oder eine Innentreppe sein? Und m\u00f6chten Sie einen Liegebereich integrieren oder nicht? Wir helfen Ihnen bei der Entscheidung.<\/p>\n                                <\/div>\n                                                                                        <div data-wa=\"fade-up\" data-wa-delay=\"500\">\n                                    <a\tdata-wa=\"button\" data-wa-wave=\"secondary\"\n\tclass=\"btn btn--secondary mt-3\"\n\t\t\thref=\"https:\/\/www.waterair.com\/de\/tipps\/einen-swimmingpool-auswahlen\/die-treppe-auswahlen\"\n\t\t>\n\t\tMehr erfahren    <\/a>\n                                <\/div>\n                                                    <\/div>\n                                            <\/div>\n                <\/div>\n            <\/div>\n        <\/div>\n    <\/div>\n\n<div  class=\"block-content-media  content-block   has-no-title\">\n            <div class=\"container\">\n            <div class=\"row\">\n                <div class=\"col\">\n                    <div class=\"row flex-column flex-md-row \">\n                        <div class=\"content-block__col col-12 d-flex flex-column align-items-md-start order-lg-2\">\n                                                                                                                                                <div data-wa=\"fade-up\" data-wa-delay=\"400\" class=\"content-block__description text--sm text-weight--300 mb-0\">\n                                    <h3><strong>W\u00e4hlen Sie Ihre Poolfarbe<\/strong><\/h3>\n<p>Betrachten Sie Ihren Garten als Ihr pers\u00f6nliches Wohnzimmer im Freien und gestalten Sie ihn ganz nach Ihrem Geschmack. Sie haben die M\u00f6glichkeit, die Farbe Ihres Pools so zu w\u00e4hlen, dass er sich harmonisch in das Gesamtbild des Gartens einf\u00fcgt.<\/p>\n                                <\/div>\n                                                                                        <div data-wa=\"fade-up\" data-wa-delay=\"500\">\n                                    <a\tdata-wa=\"button\" data-wa-wave=\"secondary\"\n\tclass=\"btn btn--secondary mt-3\"\n\t\t\thref=\"https:\/\/www.waterair.com\/de\/tipps\/einen-swimmingpool-auswahlen\/poolfarbe\"\n\t\t>\n\t\tMehr erfahren    <\/a>\n                                <\/div>\n                                                    <\/div>\n                                            <\/div>\n                <\/div>\n            <\/div>\n        <\/div>\n    <\/div>\n\n<div  class=\"block-content-media  content-block   has-no-title\">\n            <div class=\"container\">\n            <div class=\"row\">\n                <div class=\"col\">\n                    <div class=\"row flex-column flex-md-row \">\n                        <div class=\"content-block__col col-12 d-flex flex-column align-items-md-start order-lg-2\">\n                                                                                                                                                <div data-wa=\"fade-up\" data-wa-delay=\"400\" class=\"content-block__description text--sm text-weight--300 mb-0\">\n                                    <h3><strong>Auswahl des Poolbodens und der Beckentiefe<\/strong><\/h3>\n<p>Die Bedeutung des Bodenprofils und der Beckentiefe wird in Poolprojekten oft untersch\u00e4tzt, obwohl diese beiden Faktoren einen erheblichen Einfluss auf die Nutzung, den Komfort, die Sicherheit und das Wartungsbudget Ihres Pools haben. Wir stellen Ihnen die verschiedenen Bodenprofile vor.<\/p>\n                                <\/div>\n                                                                                        <div data-wa=\"fade-up\" data-wa-delay=\"500\">\n                                    <a\tdata-wa=\"button\" data-wa-wave=\"secondary\"\n\tclass=\"btn btn--secondary mt-3\"\n\t\t\thref=\"https:\/\/www.waterair.com\/de\/tipps\/einen-swimmingpool-auswahlen\/den-schwimmbeckenboden-und-die-schwimmbeckentiefe-wahlen\"\n\t\t>\n\t\tMehr erfahren    <\/a>\n                                <\/div>\n                                                    <\/div>\n                                            <\/div>\n                <\/div>\n            <\/div>\n        <\/div>\n    <\/div>\n\n<div  class=\"block-content-media  content-block   has-no-title\">\n            <div class=\"container\">\n            <div class=\"row\">\n                <div class=\"col\">\n                    <div class=\"row flex-column flex-md-row \">\n                        <div class=\"content-block__col col-12 d-flex flex-column align-items-md-start order-lg-2\">\n                                                                                                                                                <div data-wa=\"fade-up\" data-wa-delay=\"400\" class=\"content-block__description text--sm text-weight--300 mb-0\">\n                                    <h3><strong>Auswahl der Filterung <\/strong><\/h3>\n<p>Die Filteranlage Ihres Pools ist ein wesentlicher Aspekt, und es finden sich auf dem Markt mehrere Arten. Welche Filteranlage ist f\u00fcr Ihren Pool am besten? Hier finden Sie eine kleine Hilfestellung.<\/p>\n                                <\/div>\n                                                                                        <div data-wa=\"fade-up\" data-wa-delay=\"500\">\n                                    <a\tdata-wa=\"button\" data-wa-wave=\"secondary\"\n\tclass=\"btn btn--secondary mt-3\"\n\t\t\thref=\"https:\/\/www.waterair.com\/de\/tipps\/einen-swimmingpool-auswahlen\/die-filteranlage-wahlen\"\n\t\t>\n\t\tMehr erfahren    <\/a>\n                                <\/div>\n                                                    <\/div>\n                                            <\/div>\n                <\/div>\n            <\/div>\n        <\/div>\n    <\/div>\n\n<div  class=\"block-content-media  content-block   has-no-title\">\n            <div class=\"container\">\n            <div class=\"row\">\n                <div class=\"col\">\n                    <div class=\"row flex-column flex-md-row \">\n                        <div class=\"content-block__col col-12 d-flex flex-column align-items-md-start order-lg-2\">\n                                                                                                                                                <div data-wa=\"fade-up\" data-wa-delay=\"400\" class=\"content-block__description text--sm text-weight--300 mb-0\">\n                                    <h3><strong>Zubeh\u00f6r f\u00fcr die Poolgestaltung <\/strong><\/h3>\n<p>Die sorgf\u00e4ltige Planung Ihrer Poollandschaft ist ebenfalls von gro\u00dfer Bedeutung. Durch die geschickte Auswahl von Beckenrandsteinen, Beleuchtung und Dekorationselementen k\u00f6nnen Sie eine Umgebung schaffen, die genau Ihren pers\u00f6nlichen Vorstellungen entspricht. Es stehen Ihnen zahlreiche M\u00f6glichkeiten zur Verf\u00fcgung, um Ihre individuelle Poolumgebung zu gestalten. Wir m\u00f6chten Ihnen einige Tipps geben, wie Sie aus Ihrem Pool eine wahre Wohlf\u00fchloase machen k\u00f6nnen.<\/p>\n                                <\/div>\n                                                                                        <div data-wa=\"fade-up\" data-wa-delay=\"500\">\n                                    <a\tdata-wa=\"button\" data-wa-wave=\"secondary\"\n\tclass=\"btn btn--secondary mt-3\"\n\t\t\thref=\"https:\/\/www.waterair.com\/de\/tipps\/pool-ausstattung\"\n\t\t>\n\t\tMehr erfahren    <\/a>\n                                <\/div>\n                                                    <\/div>\n                                            <\/div>\n                <\/div>\n            <\/div>\n        <\/div>\n    <\/div>","protected":false},"excerpt":{"rendered":"<p>Der erste Schritt zur Verwirklichung Ihres Traum-Pools besteht darin, die grundlegenden Eigenschaften auszuw\u00e4hlen, die Sie sich w\u00fcnschen. Dazu geh\u00f6ren die Gr\u00f6\u00dfe und Form Ihres Pools sowie die Farbe und Ausstattung. Bei der Auswahl sollten Sie stets die Gegebenheiten Ihres Grundst\u00fccks ber\u00fccksichtigen. Au\u00dferdem ist es ratsam, den finanziellen Rahmen festzulegen. &nbsp;<\/p>\n","protected":false},"author":10,"featured_media":154813,"parent":32179,"menu_order":0,"comment_status":"closed","ping_status":"closed","template":"","meta":{"_acf_changed":false,"om_disable_all_campaigns":false,"footnotes":""},"class_list":["post-327614","page","type-page","status-publish","has-post-thumbnail","hentry"],"acf":[],"yoast_head":"<!-- This site is optimized with the Yoast SEO Premium plugin v25.4 (Yoast SEO v27.2) - https:\/\/yoast.com\/product\/yoast-seo-premium-wordpress\/ -->\n<title>Die richtige Planung Ihres Traumpools | Waterair Pools<\/title>\n<meta name=\"description\" content=\"Was ist bei der Poolplanung zu beachten. Tipps zur Auswahl der richtigen Poolgr\u00f6\u00dfe und -form, zur Bestimmung des optimalen Standorts und zur Ausstattung.\" \/>\n<meta name=\"robots\" content=\"index, follow, max-snippet:-1, max-image-preview:large, max-video-preview:-1\" \/>\n<link rel=\"canonical\" href=\"https:\/\/www.waterair.com\/de\/projekt-pool\/poolplanung\" \/>\n<meta property=\"og:locale\" content=\"de_DE\" \/>\n<meta property=\"og:type\" content=\"article\" \/>\n<meta property=\"og:title\" content=\"So planen Sie Ihren Pool und die Ausstattung\" \/>\n<meta property=\"og:description\" content=\"Was ist bei der Poolplanung zu beachten. Tipps zur Auswahl der richtigen Poolgr\u00f6\u00dfe und -form, zur Bestimmung des optimalen Standorts und zur Ausstattung.\" \/>\n<meta property=\"og:url\" content=\"https:\/\/www.waterair.com\/de\/projekt-pool\/poolplanung\" \/>\n<meta property=\"og:site_name\" content=\"Waterair Pools\" \/>\n<meta property=\"article:modified_time\" content=\"2023-09-11T13:45:27+00:00\" \/>\n<meta property=\"og:image\" content=\"https:\/\/www.waterair.com\/wp-content\/uploads\/2022\/04\/clea-01.jpg\" \/>\n\t<meta property=\"og:image:width\" content=\"800\" \/>\n\t<meta property=\"og:image:height\" content=\"533\" \/>\n\t<meta property=\"og:image:type\" content=\"image\/jpeg\" \/>\n<meta name=\"twitter:card\" content=\"summary_large_image\" \/>\n<meta name=\"twitter:label1\" content=\"Gesch\u00e4tzte Lesezeit\" \/>\n\t<meta name=\"twitter:data1\" content=\"1\u00a0Minute\" \/>\n<script type=\"application\/ld+json\" class=\"yoast-schema-graph\">{\"@context\":\"https:\/\/schema.org\",\"@graph\":[{\"@type\":\"WebPage\",\"@id\":\"https:\/\/www.waterair.com\/de\/projekt-pool\/poolplanung\",\"url\":\"https:\/\/www.waterair.com\/de\/projekt-pool\/poolplanung\",\"name\":\"Die richtige Planung Ihres Traumpools | Waterair Pools\",\"isPartOf\":{\"@id\":\"https:\/\/www.waterair.com\/de\/#website\"},\"primaryImageOfPage\":{\"@id\":\"https:\/\/www.waterair.com\/de\/projekt-pool\/poolplanung#primaryimage\"},\"image\":{\"@id\":\"https:\/\/www.waterair.com\/de\/projekt-pool\/poolplanung#primaryimage\"},\"thumbnailUrl\":\"https:\/\/www.waterair.com\/wp-content\/uploads\/2022\/04\/clea-01.jpg\",\"datePublished\":\"2023-07-20T12:46:26+00:00\",\"dateModified\":\"2023-09-11T13:45:27+00:00\",\"description\":\"Was ist bei der Poolplanung zu beachten. Tipps zur Auswahl der richtigen Poolgr\u00f6\u00dfe und -form, zur Bestimmung des optimalen Standorts und zur Ausstattung.\",\"breadcrumb\":{\"@id\":\"https:\/\/www.waterair.com\/de\/projekt-pool\/poolplanung#breadcrumb\"},\"inLanguage\":\"de\",\"potentialAction\":[{\"@type\":\"ReadAction\",\"target\":[\"https:\/\/www.waterair.com\/de\/projekt-pool\/poolplanung\"]}]},{\"@type\":\"ImageObject\",\"inLanguage\":\"de\",\"@id\":\"https:\/\/www.waterair.com\/de\/projekt-pool\/poolplanung#primaryimage\",\"url\":\"https:\/\/www.waterair.com\/wp-content\/uploads\/2022\/04\/clea-01.jpg\",\"contentUrl\":\"https:\/\/www.waterair.com\/wp-content\/uploads\/2022\/04\/clea-01.jpg\",\"width\":800,\"height\":533},{\"@type\":\"BreadcrumbList\",\"@id\":\"https:\/\/www.waterair.com\/de\/projekt-pool\/poolplanung#breadcrumb\",\"itemListElement\":[{\"@type\":\"ListItem\",\"position\":1,\"name\":\"Startseite\",\"item\":\"https:\/\/www.waterair.com\/de\"},{\"@type\":\"ListItem\",\"position\":2,\"name\":\"Ihr Poolprojekt\",\"item\":\"https:\/\/www.waterair.com\/de\/projekt-pool\"},{\"@type\":\"ListItem\",\"position\":3,\"name\":\"So planen Sie Ihren Pool und die Ausstattung\"}]},{\"@type\":\"WebSite\",\"@id\":\"https:\/\/www.waterair.com\/de\/#website\",\"url\":\"https:\/\/www.waterair.com\/de\/\",\"name\":\"Waterair Pools\",\"description\":\"\",\"potentialAction\":[{\"@type\":\"SearchAction\",\"target\":{\"@type\":\"EntryPoint\",\"urlTemplate\":\"https:\/\/www.waterair.com\/de\/?s={search_term_string}\"},\"query-input\":{\"@type\":\"PropertyValueSpecification\",\"valueRequired\":true,\"valueName\":\"search_term_string\"}}],\"inLanguage\":\"de\"}]}<\/script>\n<!-- \/ Yoast SEO Premium plugin. -->","yoast_head_json":{"title":"Die richtige Planung Ihres Traumpools | Waterair Pools","description":"Was ist bei der Poolplanung zu beachten. Tipps zur Auswahl der richtigen Poolgr\u00f6\u00dfe und -form, zur Bestimmung des optimalen Standorts und zur Ausstattung.","robots":{"index":"index","follow":"follow","max-snippet":"max-snippet:-1","max-image-preview":"max-image-preview:large","max-video-preview":"max-video-preview:-1"},"canonical":"https:\/\/www.waterair.com\/de\/projekt-pool\/poolplanung","og_locale":"de_DE","og_type":"article","og_title":"So planen Sie Ihren Pool und die Ausstattung","og_description":"Was ist bei der Poolplanung zu beachten. Tipps zur Auswahl der richtigen Poolgr\u00f6\u00dfe und -form, zur Bestimmung des optimalen Standorts und zur Ausstattung.","og_url":"https:\/\/www.waterair.com\/de\/projekt-pool\/poolplanung","og_site_name":"Waterair Pools","article_modified_time":"2023-09-11T13:45:27+00:00","og_image":[{"width":800,"height":533,"url":"https:\/\/www.waterair.com\/wp-content\/uploads\/2022\/04\/clea-01.jpg","type":"image\/jpeg"}],"twitter_card":"summary_large_image","twitter_misc":{"Gesch\u00e4tzte Lesezeit":"1\u00a0Minute"},"schema":{"@context":"https:\/\/schema.org","@graph":[{"@type":"WebPage","@id":"https:\/\/www.waterair.com\/de\/projekt-pool\/poolplanung","url":"https:\/\/www.waterair.com\/de\/projekt-pool\/poolplanung","name":"Die richtige Planung Ihres Traumpools | Waterair Pools","isPartOf":{"@id":"https:\/\/www.waterair.com\/de\/#website"},"primaryImageOfPage":{"@id":"https:\/\/www.waterair.com\/de\/projekt-pool\/poolplanung#primaryimage"},"image":{"@id":"https:\/\/www.waterair.com\/de\/projekt-pool\/poolplanung#primaryimage"},"thumbnailUrl":"https:\/\/www.waterair.com\/wp-content\/uploads\/2022\/04\/clea-01.jpg","datePublished":"2023-07-20T12:46:26+00:00","dateModified":"2023-09-11T13:45:27+00:00","description":"Was ist bei der Poolplanung zu beachten. Tipps zur Auswahl der richtigen Poolgr\u00f6\u00dfe und -form, zur Bestimmung des optimalen Standorts und zur Ausstattung.","breadcrumb":{"@id":"https:\/\/www.waterair.com\/de\/projekt-pool\/poolplanung#breadcrumb"},"inLanguage":"de","potentialAction":[{"@type":"ReadAction","target":["https:\/\/www.waterair.com\/de\/projekt-pool\/poolplanung"]}]},{"@type":"ImageObject","inLanguage":"de","@id":"https:\/\/www.waterair.com\/de\/projekt-pool\/poolplanung#primaryimage","url":"https:\/\/www.waterair.com\/wp-content\/uploads\/2022\/04\/clea-01.jpg","contentUrl":"https:\/\/www.waterair.com\/wp-content\/uploads\/2022\/04\/clea-01.jpg","width":800,"height":533},{"@type":"BreadcrumbList","@id":"https:\/\/www.waterair.com\/de\/projekt-pool\/poolplanung#breadcrumb","itemListElement":[{"@type":"ListItem","position":1,"name":"Startseite","item":"https:\/\/www.waterair.com\/de"},{"@type":"ListItem","position":2,"name":"Ihr Poolprojekt","item":"https:\/\/www.waterair.com\/de\/projekt-pool"},{"@type":"ListItem","position":3,"name":"So planen Sie Ihren Pool und die Ausstattung"}]},{"@type":"WebSite","@id":"https:\/\/www.waterair.com\/de\/#website","url":"https:\/\/www.waterair.com\/de\/","name":"Waterair Pools","description":"","potentialAction":[{"@type":"SearchAction","target":{"@type":"EntryPoint","urlTemplate":"https:\/\/www.waterair.com\/de\/?s={search_term_string}"},"query-input":{"@type":"PropertyValueSpecification","valueRequired":true,"valueName":"search_term_string"}}],"inLanguage":"de"}]}},"_links":{"self":[{"href":"https:\/\/www.waterair.com\/de\/wp-json\/wp\/v2\/pages\/327614","targetHints":{"allow":["GET"]}}],"collection":[{"href":"https:\/\/www.waterair.com\/de\/wp-json\/wp\/v2\/pages"}],"about":[{"href":"https:\/\/www.waterair.com\/de\/wp-json\/wp\/v2\/types\/page"}],"author":[{"embeddable":true,"href":"https:\/\/www.waterair.com\/de\/wp-json\/wp\/v2\/users\/10"}],"replies":[{"embeddable":true,"href":"https:\/\/www.waterair.com\/de\/wp-json\/wp\/v2\/comments?post=327614"}],"version-history":[{"count":4,"href":"https:\/\/www.waterair.com\/de\/wp-json\/wp\/v2\/pages\/327614\/revisions"}],"predecessor-version":[{"id":353442,"href":"https:\/\/www.waterair.com\/de\/wp-json\/wp\/v2\/pages\/327614\/revisions\/353442"}],"up":[{"embeddable":true,"href":"https:\/\/www.waterair.com\/de\/wp-json\/wp\/v2\/pages\/32179"}],"wp:featuredmedia":[{"embeddable":true,"href":"https:\/\/www.waterair.com\/de\/wp-json\/wp\/v2\/media\/154813"}],"wp:attachment":[{"href":"https:\/\/www.waterair.com\/de\/wp-json\/wp\/v2\/media?parent=327614"}],"curies":[{"name":"wp","href":"https:\/\/api.w.org\/{rel}","templated":true}]}}