{"id":327916,"date":"2023-07-21T14:45:44","date_gmt":"2023-07-21T12:45:44","guid":{"rendered":"https:\/\/www.waterair.com\/?page_id=327916"},"modified":"2023-07-21T14:46:22","modified_gmt":"2023-07-21T12:46:22","slug":"der-oekofilter-der-sich-selbst-bezahlt-filwat-compact-system-eco%c2%b7r","status":"publish","type":"page","link":"https:\/\/www.waterair.com\/de\/pools-und-ausstattung\/ausstattung\/filtration\/oko-filtration","title":{"rendered":"Der \u00d6kofilter, der sich selbst bezahlt: Filwat Compact System\u00ae Eco\u00b7R"},"content":{"rendered":"<div class=\"container block--core-paragraph\"><div class=\"row\"><div class=\"col-12 \">\n<p><\/p>\n<\/div><\/div><\/div>\n\n<div  class=\"block-content-media  content-block   has-no-title\">\n            <div class=\"container\">\n            <div class=\"row\">\n                <div class=\"col\">\n                    <div class=\"row flex-column flex-md-row \">\n                        <div class=\"content-block__col col-12 d-flex flex-column align-items-md-start order-lg-2\">\n                                                                                                                                                <div data-wa=\"fade-up\" data-wa-delay=\"400\" class=\"content-block__description text--sm text-weight--300 mb-0\">\n                                    <h3><!-- wp:paragraph --><\/h3>\n<p>Das Filwat Compact System Eco\u00b7R ist eine innovative Filteranlage, bestehend aus einer integrierten Filtereinheit, die mit einer energiesparenden Pumpe ausgestattet ist. Diese patentierte Innovation senkt den Energieverbrauch im Vergleich zur konventionellen Filtration erheblich.<\/p>\n<h3><!-- \/wp:paragraph --> <!-- wp:paragraph --><\/h3>\n<p>Dank seiner ausgezeichneten Filterleistung sorgt das System f\u00fcr eine stets einwandfreie Wasserqualit\u00e4t. Die \u00d6ko-Filteranlage kann mit zwei verschiedenen Filtermedien betrieben werden: entweder mit einem Sandfilter oder einem Kartuschenfilter. Im Durchschnitt verbraucht Filwat Eco\u00b7R lediglich 375 kWh\/Jahr und ist damit <strong>f\u00fcnfmal energieeffizienter als herk\u00f6mmliche Filteranlagen<\/strong>. Die dadurch erzielten Einsparungen amortisieren den Kaufpreis bereits in weniger als drei Jahren.<\/p>\n<h3><!-- \/wp:paragraph --><\/h3>\n<h3><strong>So leise wie in einer Bibliothek!<\/strong><\/h3>\n<p>F\u00fcr Ihren Komfort und den Ihrer Nachbarn ist die Pumpe zudem \u00e4u\u00dferst leise. Ihre Lautst\u00e4rke von 39 dB entspricht der einer Bibliothek. Zum Vergleich: Die Lautst\u00e4rke des klassischen Filwat Compact Systems betr\u00e4gt 47 dB.<\/p>\n<p>Ihre Waterair Filwat Eco\u00b7R Pumpe hat 6 Jahre Garantie. Die Installation wird durch die Integration der Filtration in der Poolstruktur vereinfacht. Um eine optimale Effizienz zu erzielen, ist der Filterblock mit allen Pools bis zu 46 m<sup>3<\/sup> kompatibel.<\/p>\n                                <\/div>\n                                                                                        <div data-wa=\"fade-up\" data-wa-delay=\"500\">\n                                    <a\tdata-wa=\"button\" data-wa-wave=\"secondary\"\n\tclass=\"btn btn--secondary mt-3\"\n\t\t\thref=\"https:\/\/www.waterair.com\/de\/pools-und-ausstattung\/ausstattung\/filtration\/filteranlage-filwat-compact-system-eco-r\"\n\t\t>\n\t\tMehr erfahren     <\/a>\n                                <\/div>\n                                                    <\/div>\n                                            <\/div>\n                <\/div>\n            <\/div>\n        <\/div>\n    <\/div>","protected":false},"excerpt":{"rendered":"","protected":false},"author":10,"featured_media":0,"parent":52172,"menu_order":0,"comment_status":"closed","ping_status":"closed","template":"","meta":{"_acf_changed":false,"om_disable_all_campaigns":false,"footnotes":""},"class_list":["post-327916","page","type-page","status-publish","hentry"],"acf":[],"yoast_head":"<!-- This site is optimized with the Yoast SEO Premium plugin v25.4 (Yoast SEO v27.2) - https:\/\/yoast.com\/product\/yoast-seo-premium-wordpress\/ -->\n<title>\u00d6ko Pool-Filtration | Waterair Pools<\/title>\n<meta name=\"description\" content=\"Die Pool-Filteranlage Filwat Compact System Eco\u00b7R ist 5-mal energieeffizienter als eine klassische Filtration. Das senkt den Energieverbrauch erheblich.\" \/>\n<meta name=\"robots\" content=\"index, follow, max-snippet:-1, max-image-preview:large, max-video-preview:-1\" \/>\n<link rel=\"canonical\" href=\"https:\/\/www.waterair.com\/de\/pools-und-ausstattung\/ausstattung\/filtration\/oko-filtration\" \/>\n<meta property=\"og:locale\" content=\"de_DE\" \/>\n<meta property=\"og:type\" content=\"article\" \/>\n<meta property=\"og:title\" content=\"Der \u00d6kofilter, der sich selbst bezahlt: Filwat Compact System\u00ae Eco\u00b7R\" \/>\n<meta property=\"og:description\" content=\"Die Pool-Filteranlage Filwat Compact System Eco\u00b7R ist 5-mal energieeffizienter als eine klassische Filtration. Das senkt den Energieverbrauch erheblich.\" \/>\n<meta property=\"og:url\" content=\"https:\/\/www.waterair.com\/de\/pools-und-ausstattung\/ausstattung\/filtration\/oko-filtration\" \/>\n<meta property=\"og:site_name\" content=\"Waterair Pools\" \/>\n<meta property=\"article:modified_time\" content=\"2023-07-21T12:46:22+00:00\" \/>\n<meta name=\"twitter:card\" content=\"summary_large_image\" \/>\n<script type=\"application\/ld+json\" class=\"yoast-schema-graph\">{\"@context\":\"https:\/\/schema.org\",\"@graph\":[{\"@type\":\"WebPage\",\"@id\":\"https:\/\/www.waterair.com\/de\/pools-und-ausstattung\/ausstattung\/filtration\/oko-filtration\",\"url\":\"https:\/\/www.waterair.com\/de\/pools-und-ausstattung\/ausstattung\/filtration\/oko-filtration\",\"name\":\"\u00d6ko Pool-Filtration | Waterair Pools\",\"isPartOf\":{\"@id\":\"https:\/\/www.waterair.com\/de\/#website\"},\"datePublished\":\"2023-07-21T12:45:44+00:00\",\"dateModified\":\"2023-07-21T12:46:22+00:00\",\"description\":\"Die Pool-Filteranlage Filwat Compact System Eco\u00b7R ist 5-mal energieeffizienter als eine klassische Filtration. Das senkt den Energieverbrauch erheblich.\",\"breadcrumb\":{\"@id\":\"https:\/\/www.waterair.com\/de\/pools-und-ausstattung\/ausstattung\/filtration\/oko-filtration#breadcrumb\"},\"inLanguage\":\"de\",\"potentialAction\":[{\"@type\":\"ReadAction\",\"target\":[\"https:\/\/www.waterair.com\/de\/pools-und-ausstattung\/ausstattung\/filtration\/oko-filtration\"]}]},{\"@type\":\"BreadcrumbList\",\"@id\":\"https:\/\/www.waterair.com\/de\/pools-und-ausstattung\/ausstattung\/filtration\/oko-filtration#breadcrumb\",\"itemListElement\":[{\"@type\":\"ListItem\",\"position\":1,\"name\":\"Startseite\",\"item\":\"https:\/\/www.waterair.com\/de\"},{\"@type\":\"ListItem\",\"position\":2,\"name\":\"F\u00fcr jeden Geschmack der richtige Pool\",\"item\":\"https:\/\/www.waterair.com\/de\/pools-und-ausstattung\"},{\"@type\":\"ListItem\",\"position\":3,\"name\":\"Poolausstattung\",\"item\":\"https:\/\/www.waterair.com\/de\/pools-und-ausstattung\/ausstattung\"},{\"@type\":\"ListItem\",\"position\":4,\"name\":\"Poolfiltration\",\"item\":\"https:\/\/www.waterair.com\/de\/pools-und-ausstattung\/ausstattung\/filtration\"},{\"@type\":\"ListItem\",\"position\":5,\"name\":\"Der \u00d6kofilter, der sich selbst bezahlt: Filwat Compact System\u00ae Eco\u00b7R\"}]},{\"@type\":\"WebSite\",\"@id\":\"https:\/\/www.waterair.com\/de\/#website\",\"url\":\"https:\/\/www.waterair.com\/de\/\",\"name\":\"Waterair Pools\",\"description\":\"\",\"potentialAction\":[{\"@type\":\"SearchAction\",\"target\":{\"@type\":\"EntryPoint\",\"urlTemplate\":\"https:\/\/www.waterair.com\/de\/?s={search_term_string}\"},\"query-input\":{\"@type\":\"PropertyValueSpecification\",\"valueRequired\":true,\"valueName\":\"search_term_string\"}}],\"inLanguage\":\"de\"}]}<\/script>\n<!-- \/ Yoast SEO Premium plugin. -->","yoast_head_json":{"title":"\u00d6ko Pool-Filtration | Waterair Pools","description":"Die Pool-Filteranlage Filwat Compact System Eco\u00b7R ist 5-mal energieeffizienter als eine klassische Filtration. Das senkt den Energieverbrauch erheblich.","robots":{"index":"index","follow":"follow","max-snippet":"max-snippet:-1","max-image-preview":"max-image-preview:large","max-video-preview":"max-video-preview:-1"},"canonical":"https:\/\/www.waterair.com\/de\/pools-und-ausstattung\/ausstattung\/filtration\/oko-filtration","og_locale":"de_DE","og_type":"article","og_title":"Der \u00d6kofilter, der sich selbst bezahlt: Filwat Compact System\u00ae Eco\u00b7R","og_description":"Die Pool-Filteranlage Filwat Compact System Eco\u00b7R ist 5-mal energieeffizienter als eine klassische Filtration. Das senkt den Energieverbrauch erheblich.","og_url":"https:\/\/www.waterair.com\/de\/pools-und-ausstattung\/ausstattung\/filtration\/oko-filtration","og_site_name":"Waterair Pools","article_modified_time":"2023-07-21T12:46:22+00:00","twitter_card":"summary_large_image","schema":{"@context":"https:\/\/schema.org","@graph":[{"@type":"WebPage","@id":"https:\/\/www.waterair.com\/de\/pools-und-ausstattung\/ausstattung\/filtration\/oko-filtration","url":"https:\/\/www.waterair.com\/de\/pools-und-ausstattung\/ausstattung\/filtration\/oko-filtration","name":"\u00d6ko Pool-Filtration | Waterair Pools","isPartOf":{"@id":"https:\/\/www.waterair.com\/de\/#website"},"datePublished":"2023-07-21T12:45:44+00:00","dateModified":"2023-07-21T12:46:22+00:00","description":"Die Pool-Filteranlage Filwat Compact System Eco\u00b7R ist 5-mal energieeffizienter als eine klassische Filtration. Das senkt den Energieverbrauch erheblich.","breadcrumb":{"@id":"https:\/\/www.waterair.com\/de\/pools-und-ausstattung\/ausstattung\/filtration\/oko-filtration#breadcrumb"},"inLanguage":"de","potentialAction":[{"@type":"ReadAction","target":["https:\/\/www.waterair.com\/de\/pools-und-ausstattung\/ausstattung\/filtration\/oko-filtration"]}]},{"@type":"BreadcrumbList","@id":"https:\/\/www.waterair.com\/de\/pools-und-ausstattung\/ausstattung\/filtration\/oko-filtration#breadcrumb","itemListElement":[{"@type":"ListItem","position":1,"name":"Startseite","item":"https:\/\/www.waterair.com\/de"},{"@type":"ListItem","position":2,"name":"F\u00fcr jeden Geschmack der richtige Pool","item":"https:\/\/www.waterair.com\/de\/pools-und-ausstattung"},{"@type":"ListItem","position":3,"name":"Poolausstattung","item":"https:\/\/www.waterair.com\/de\/pools-und-ausstattung\/ausstattung"},{"@type":"ListItem","position":4,"name":"Poolfiltration","item":"https:\/\/www.waterair.com\/de\/pools-und-ausstattung\/ausstattung\/filtration"},{"@type":"ListItem","position":5,"name":"Der \u00d6kofilter, der sich selbst bezahlt: Filwat Compact System\u00ae Eco\u00b7R"}]},{"@type":"WebSite","@id":"https:\/\/www.waterair.com\/de\/#website","url":"https:\/\/www.waterair.com\/de\/","name":"Waterair Pools","description":"","potentialAction":[{"@type":"SearchAction","target":{"@type":"EntryPoint","urlTemplate":"https:\/\/www.waterair.com\/de\/?s={search_term_string}"},"query-input":{"@type":"PropertyValueSpecification","valueRequired":true,"valueName":"search_term_string"}}],"inLanguage":"de"}]}},"_links":{"self":[{"href":"https:\/\/www.waterair.com\/de\/wp-json\/wp\/v2\/pages\/327916","targetHints":{"allow":["GET"]}}],"collection":[{"href":"https:\/\/www.waterair.com\/de\/wp-json\/wp\/v2\/pages"}],"about":[{"href":"https:\/\/www.waterair.com\/de\/wp-json\/wp\/v2\/types\/page"}],"author":[{"embeddable":true,"href":"https:\/\/www.waterair.com\/de\/wp-json\/wp\/v2\/users\/10"}],"replies":[{"embeddable":true,"href":"https:\/\/www.waterair.com\/de\/wp-json\/wp\/v2\/comments?post=327916"}],"version-history":[{"count":5,"href":"https:\/\/www.waterair.com\/de\/wp-json\/wp\/v2\/pages\/327916\/revisions"}],"predecessor-version":[{"id":328018,"href":"https:\/\/www.waterair.com\/de\/wp-json\/wp\/v2\/pages\/327916\/revisions\/328018"}],"up":[{"embeddable":true,"href":"https:\/\/www.waterair.com\/de\/wp-json\/wp\/v2\/pages\/52172"}],"wp:attachment":[{"href":"https:\/\/www.waterair.com\/de\/wp-json\/wp\/v2\/media?parent=327916"}],"curies":[{"name":"wp","href":"https:\/\/api.w.org\/{rel}","templated":true}]}}