{"id":335616,"date":"2023-08-09T09:39:43","date_gmt":"2023-08-09T07:39:43","guid":{"rendered":"https:\/\/www.waterair.com\/?page_id=335616"},"modified":"2023-09-11T16:01:21","modified_gmt":"2023-09-11T14:01:21","slug":"manual","status":"publish","type":"page","link":"https:\/\/www.waterair.com\/de\/projekt-pool\/manual","title":{"rendered":"Individuelle Montageanleitung"},"content":{"rendered":"<div class=\"container block--core-paragraph\"><div class=\"row\"><div class=\"col-12 \">\n<p>Sobald Sie Ihren Traumpool ausgew\u00e4hlt haben, steht die Bauphase kurz bevor. Um sicherzustellen, dass bei der Installation Ihres Pools alles reibungslos verl\u00e4uft, erhalten Sie von Waterair eine detaillierte Bauanleitung, die speziell auf Ihren Pool und Ihre individuelle Situation zugeschnitten ist.<\/p>\n<\/div><\/div><\/div>\n\n<div class=\"container block--core-paragraph\"><div class=\"row\"><div class=\"col-12 \">\n<p>Bei uns gibt es keine standardisierten Bauanleitungen! Da Sie Ihren Pool nach Ihren pers\u00f6nlichen W\u00fcnschen zusammengestellt haben, ist auch die Montageanleitung, die Sie von uns erhalten, einzigartig. Jeder Schritt wird ausf\u00fchrlich und pr\u00e4zise beschrieben, speziell angepasst an die Komponenten Ihres Pools. Dadurch sind Fehler w\u00e4hrend der Montage nahezu ausgeschlossen. Sollten dennoch Fragen oder Unklarheiten auftreten, steht Ihnen Ihr Waterair Partner gerne zur Verf\u00fcgung, um Ihnen weiterzuhelfen.<\/p>\n<\/div><\/div><\/div>\n\n<div class=\"container block--core-paragraph\"><div class=\"row\"><div class=\"col-12 \">\n<p>Zus\u00e4tzlich bieten wir Ihnen eine Vielzahl von Videos an, die die einzelnen Montageschritte visuell erkl\u00e4ren. Dadurch erhalten Sie eine anschauliche Unterst\u00fctzung bei der Umsetzung.<\/p>\n<\/div><\/div><\/div>","protected":false},"excerpt":{"rendered":"<p>Sobald Sie Ihren Traumpool ausgew\u00e4hlt haben, steht die Bauphase kurz bevor. Um sicherzustellen, dass bei der Installation Ihres Pools alles reibungslos verl\u00e4uft, erhalten Sie von Waterair eine detaillierte Bauanleitung, die speziell auf Ihren Pool und Ihre individuelle Situation zugeschnitten ist. Bei uns gibt es keine standardisierten Bauanleitungen! Da Sie Ihren Pool nach Ihren pers\u00f6nlichen W\u00fcnschen [&hellip;]<\/p>\n","protected":false},"author":10,"featured_media":164068,"parent":32179,"menu_order":0,"comment_status":"closed","ping_status":"closed","template":"","meta":{"_acf_changed":false,"om_disable_all_campaigns":false,"footnotes":""},"class_list":["post-335616","page","type-page","status-publish","has-post-thumbnail","hentry"],"acf":[],"yoast_head":"<!-- This site is optimized with the Yoast SEO Premium plugin v25.4 (Yoast SEO v27.2) - https:\/\/yoast.com\/product\/yoast-seo-premium-wordpress\/ -->\n<title>Ihre individuelle Montageanleitung | Waterair Pools<\/title>\n<meta name=\"description\" content=\"Von uns erhalten Sie eine ausf\u00fchrliche und ma\u00dfgeschneiderte Bauanleitung f\u00fcr Ihren Pool. Schritt f\u00fcr Schritt zum Traumpool. Mehr erfahren.\" \/>\n<meta name=\"robots\" content=\"index, follow, max-snippet:-1, max-image-preview:large, max-video-preview:-1\" \/>\n<link rel=\"canonical\" href=\"https:\/\/www.waterair.com\/de\/projekt-pool\/manual\" \/>\n<meta property=\"og:locale\" content=\"de_DE\" \/>\n<meta property=\"og:type\" content=\"article\" \/>\n<meta property=\"og:title\" content=\"Individuelle Montageanleitung\" \/>\n<meta property=\"og:description\" content=\"Von uns erhalten Sie eine ausf\u00fchrliche und ma\u00dfgeschneiderte Bauanleitung f\u00fcr Ihren Pool. Schritt f\u00fcr Schritt zum Traumpool. Mehr erfahren.\" \/>\n<meta property=\"og:url\" content=\"https:\/\/www.waterair.com\/de\/projekt-pool\/manual\" \/>\n<meta property=\"og:site_name\" content=\"Waterair Pools\" \/>\n<meta property=\"article:modified_time\" content=\"2023-09-11T14:01:21+00:00\" \/>\n<meta property=\"og:image\" content=\"https:\/\/www.waterair.com\/wp-content\/uploads\/2022\/05\/20160921-4591-ret-2158x1440.jpg\" \/>\n\t<meta property=\"og:image:width\" content=\"2158\" \/>\n\t<meta property=\"og:image:height\" content=\"1440\" \/>\n\t<meta property=\"og:image:type\" content=\"image\/jpeg\" \/>\n<meta name=\"twitter:card\" content=\"summary_large_image\" \/>\n<meta name=\"twitter:label1\" content=\"Gesch\u00e4tzte Lesezeit\" \/>\n\t<meta name=\"twitter:data1\" content=\"1\u00a0Minute\" \/>\n<script type=\"application\/ld+json\" class=\"yoast-schema-graph\">{\"@context\":\"https:\/\/schema.org\",\"@graph\":[{\"@type\":\"WebPage\",\"@id\":\"https:\/\/www.waterair.com\/de\/projekt-pool\/manual\",\"url\":\"https:\/\/www.waterair.com\/de\/projekt-pool\/manual\",\"name\":\"Ihre individuelle Montageanleitung | Waterair Pools\",\"isPartOf\":{\"@id\":\"https:\/\/www.waterair.com\/de\/#website\"},\"primaryImageOfPage\":{\"@id\":\"https:\/\/www.waterair.com\/de\/projekt-pool\/manual#primaryimage\"},\"image\":{\"@id\":\"https:\/\/www.waterair.com\/de\/projekt-pool\/manual#primaryimage\"},\"thumbnailUrl\":\"https:\/\/www.waterair.com\/wp-content\/uploads\/2022\/05\/20160921-4591-ret.jpg\",\"datePublished\":\"2023-08-09T07:39:43+00:00\",\"dateModified\":\"2023-09-11T14:01:21+00:00\",\"description\":\"Von uns erhalten Sie eine ausf\u00fchrliche und ma\u00dfgeschneiderte Bauanleitung f\u00fcr Ihren Pool. Schritt f\u00fcr Schritt zum Traumpool. Mehr erfahren.\",\"breadcrumb\":{\"@id\":\"https:\/\/www.waterair.com\/de\/projekt-pool\/manual#breadcrumb\"},\"inLanguage\":\"de\",\"potentialAction\":[{\"@type\":\"ReadAction\",\"target\":[\"https:\/\/www.waterair.com\/de\/projekt-pool\/manual\"]}]},{\"@type\":\"ImageObject\",\"inLanguage\":\"de\",\"@id\":\"https:\/\/www.waterair.com\/de\/projekt-pool\/manual#primaryimage\",\"url\":\"https:\/\/www.waterair.com\/wp-content\/uploads\/2022\/05\/20160921-4591-ret.jpg\",\"contentUrl\":\"https:\/\/www.waterair.com\/wp-content\/uploads\/2022\/05\/20160921-4591-ret.jpg\",\"width\":5000,\"height\":3337,\"caption\":\"Servicio de instalaci\u00f3n de piscinas en Mallorca\"},{\"@type\":\"BreadcrumbList\",\"@id\":\"https:\/\/www.waterair.com\/de\/projekt-pool\/manual#breadcrumb\",\"itemListElement\":[{\"@type\":\"ListItem\",\"position\":1,\"name\":\"Startseite\",\"item\":\"https:\/\/www.waterair.com\/de\"},{\"@type\":\"ListItem\",\"position\":2,\"name\":\"Ihr Poolprojekt\",\"item\":\"https:\/\/www.waterair.com\/de\/projekt-pool\"},{\"@type\":\"ListItem\",\"position\":3,\"name\":\"Individuelle Montageanleitung\"}]},{\"@type\":\"WebSite\",\"@id\":\"https:\/\/www.waterair.com\/de\/#website\",\"url\":\"https:\/\/www.waterair.com\/de\/\",\"name\":\"Waterair Pools\",\"description\":\"\",\"potentialAction\":[{\"@type\":\"SearchAction\",\"target\":{\"@type\":\"EntryPoint\",\"urlTemplate\":\"https:\/\/www.waterair.com\/de\/?s={search_term_string}\"},\"query-input\":{\"@type\":\"PropertyValueSpecification\",\"valueRequired\":true,\"valueName\":\"search_term_string\"}}],\"inLanguage\":\"de\"}]}<\/script>\n<!-- \/ Yoast SEO Premium plugin. -->","yoast_head_json":{"title":"Ihre individuelle Montageanleitung | Waterair Pools","description":"Von uns erhalten Sie eine ausf\u00fchrliche und ma\u00dfgeschneiderte Bauanleitung f\u00fcr Ihren Pool. Schritt f\u00fcr Schritt zum Traumpool. Mehr erfahren.","robots":{"index":"index","follow":"follow","max-snippet":"max-snippet:-1","max-image-preview":"max-image-preview:large","max-video-preview":"max-video-preview:-1"},"canonical":"https:\/\/www.waterair.com\/de\/projekt-pool\/manual","og_locale":"de_DE","og_type":"article","og_title":"Individuelle Montageanleitung","og_description":"Von uns erhalten Sie eine ausf\u00fchrliche und ma\u00dfgeschneiderte Bauanleitung f\u00fcr Ihren Pool. Schritt f\u00fcr Schritt zum Traumpool. Mehr erfahren.","og_url":"https:\/\/www.waterair.com\/de\/projekt-pool\/manual","og_site_name":"Waterair Pools","article_modified_time":"2023-09-11T14:01:21+00:00","og_image":[{"width":2158,"height":1440,"url":"https:\/\/www.waterair.com\/wp-content\/uploads\/2022\/05\/20160921-4591-ret-2158x1440.jpg","type":"image\/jpeg"}],"twitter_card":"summary_large_image","twitter_misc":{"Gesch\u00e4tzte Lesezeit":"1\u00a0Minute"},"schema":{"@context":"https:\/\/schema.org","@graph":[{"@type":"WebPage","@id":"https:\/\/www.waterair.com\/de\/projekt-pool\/manual","url":"https:\/\/www.waterair.com\/de\/projekt-pool\/manual","name":"Ihre individuelle Montageanleitung | Waterair Pools","isPartOf":{"@id":"https:\/\/www.waterair.com\/de\/#website"},"primaryImageOfPage":{"@id":"https:\/\/www.waterair.com\/de\/projekt-pool\/manual#primaryimage"},"image":{"@id":"https:\/\/www.waterair.com\/de\/projekt-pool\/manual#primaryimage"},"thumbnailUrl":"https:\/\/www.waterair.com\/wp-content\/uploads\/2022\/05\/20160921-4591-ret.jpg","datePublished":"2023-08-09T07:39:43+00:00","dateModified":"2023-09-11T14:01:21+00:00","description":"Von uns erhalten Sie eine ausf\u00fchrliche und ma\u00dfgeschneiderte Bauanleitung f\u00fcr Ihren Pool. Schritt f\u00fcr Schritt zum Traumpool. Mehr erfahren.","breadcrumb":{"@id":"https:\/\/www.waterair.com\/de\/projekt-pool\/manual#breadcrumb"},"inLanguage":"de","potentialAction":[{"@type":"ReadAction","target":["https:\/\/www.waterair.com\/de\/projekt-pool\/manual"]}]},{"@type":"ImageObject","inLanguage":"de","@id":"https:\/\/www.waterair.com\/de\/projekt-pool\/manual#primaryimage","url":"https:\/\/www.waterair.com\/wp-content\/uploads\/2022\/05\/20160921-4591-ret.jpg","contentUrl":"https:\/\/www.waterair.com\/wp-content\/uploads\/2022\/05\/20160921-4591-ret.jpg","width":5000,"height":3337,"caption":"Servicio de instalaci\u00f3n de piscinas en Mallorca"},{"@type":"BreadcrumbList","@id":"https:\/\/www.waterair.com\/de\/projekt-pool\/manual#breadcrumb","itemListElement":[{"@type":"ListItem","position":1,"name":"Startseite","item":"https:\/\/www.waterair.com\/de"},{"@type":"ListItem","position":2,"name":"Ihr Poolprojekt","item":"https:\/\/www.waterair.com\/de\/projekt-pool"},{"@type":"ListItem","position":3,"name":"Individuelle Montageanleitung"}]},{"@type":"WebSite","@id":"https:\/\/www.waterair.com\/de\/#website","url":"https:\/\/www.waterair.com\/de\/","name":"Waterair Pools","description":"","potentialAction":[{"@type":"SearchAction","target":{"@type":"EntryPoint","urlTemplate":"https:\/\/www.waterair.com\/de\/?s={search_term_string}"},"query-input":{"@type":"PropertyValueSpecification","valueRequired":true,"valueName":"search_term_string"}}],"inLanguage":"de"}]}},"_links":{"self":[{"href":"https:\/\/www.waterair.com\/de\/wp-json\/wp\/v2\/pages\/335616","targetHints":{"allow":["GET"]}}],"collection":[{"href":"https:\/\/www.waterair.com\/de\/wp-json\/wp\/v2\/pages"}],"about":[{"href":"https:\/\/www.waterair.com\/de\/wp-json\/wp\/v2\/types\/page"}],"author":[{"embeddable":true,"href":"https:\/\/www.waterair.com\/de\/wp-json\/wp\/v2\/users\/10"}],"replies":[{"embeddable":true,"href":"https:\/\/www.waterair.com\/de\/wp-json\/wp\/v2\/comments?post=335616"}],"version-history":[{"count":3,"href":"https:\/\/www.waterair.com\/de\/wp-json\/wp\/v2\/pages\/335616\/revisions"}],"predecessor-version":[{"id":353458,"href":"https:\/\/www.waterair.com\/de\/wp-json\/wp\/v2\/pages\/335616\/revisions\/353458"}],"up":[{"embeddable":true,"href":"https:\/\/www.waterair.com\/de\/wp-json\/wp\/v2\/pages\/32179"}],"wp:featuredmedia":[{"embeddable":true,"href":"https:\/\/www.waterair.com\/de\/wp-json\/wp\/v2\/media\/164068"}],"wp:attachment":[{"href":"https:\/\/www.waterair.com\/de\/wp-json\/wp\/v2\/media?parent=335616"}],"curies":[{"name":"wp","href":"https:\/\/api.w.org\/{rel}","templated":true}]}}