{"id":353386,"date":"2023-09-11T14:56:28","date_gmt":"2023-09-11T12:56:28","guid":{"rendered":"https:\/\/www.waterair.com\/?page_id=353386"},"modified":"2023-09-11T15:03:10","modified_gmt":"2023-09-11T13:03:10","slug":"alles-was-sie-ueber-swimmingpools-wissen-moechten","status":"publish","type":"page","link":"https:\/\/www.waterair.com\/de\/alles-was-sie-ueber-swimmingpools-wissen-moechten","title":{"rendered":"Alles, was Sie \u00fcber Swimmingpools wissen m\u00f6chten"},"content":{"rendered":"<div class=\"container block--core-paragraph\"><div class=\"row\"><div class=\"col-12 \">\n<p><\/p>\n<\/div><\/div><\/div>\n\n<div class=\"container block--core-paragraph\"><div class=\"row\"><div class=\"col-12 \">\n<p>Wenn Sie sich erstmalig mit dem Gedanken an einen eigenen Swimmingpool besch\u00e4ftigen, kann die Vielzahl an Aspekten, die zu ber\u00fccksichtigen sind, verwirrend sein. Falls Sie sich in dieser Situation befinden, sind Sie nicht alleine. Unser Ziel ist es, Ihnen auf diesen Seiten eine Orientierungshilfe zu bieten, damit Sie die bestinformierte Entscheidung f\u00fcr Ihren Traumpool treffen k\u00f6nnen.<\/p>\n<\/div><\/div><\/div>\n\n<div class=\"container block--core-paragraph\"><div class=\"row\"><div class=\"col-12 \">\n<p>Im Verlauf werden wir eine Vielzahl an Themen rund um private Swimmingpools behandeln. Wir werden grundlegende Fragen beantworten, wie zum Beispiel die Auswahl des idealen Pooltyps, Poolform oder Materialien sowie wie praktische Fragen und Tipps zur Pflege und Reinigung Ihres Pools.<\/p>\n<\/div><\/div><\/div>\n\n<div class=\"container block--core-paragraph\"><div class=\"row\"><div class=\"col-12 \">\n<p>Mit den jahrzehntelangen Erfahrungen, die wir bei Waterair gesammelt haben, sowie dem wertvollen Feedback von \u00fcber 125.000 zufriedenen Kunden, verf\u00fcgen wir \u00fcber eines der umfangreichsten Pool-Know-hows auf dem Markt. Und dieses Wissen m\u00f6chten wir gerne mit Ihnen teilen.<\/p>\n<\/div><\/div><\/div>\n\n<div class=\"container block--core-paragraph\"><div class=\"row\"><div class=\"col-12 \">\n<p>Falls Sie Fragen haben, z\u00f6gern Sie bitte nicht, sich an uns zu wenden. M\u00f6glicherweise finden Sie jedoch bereits auf den folgenden Seiten die Antworten, die Sie suchen.<\/p>\n<\/div><\/div><\/div>\n\n<div  class=\"block-links  content-block\">\n\t\t\t\t\t\t\t\t<div data-wa=\"fade-up\" data-wa-delay=\"300\" class=\"content-block__slider splide\" data-splide>\n\t\t\t\t<div class=\"splide__track\">\n\t\t\t\t\t<div class=\"splide__list\">\n\t\t\t\t\t\t\t\t\t\t\t\t\t\t\t\t\t\t\t\t\t<a data-wa=\"fade-up\" href=\"https:\/\/www.waterair.com\/de\/pools-und-ausstattung\/pools\/art-des-pools\" class=\"item-card is-size-card splide__slide \">\n\t<div class=\"item-card__infos item-card__infos--simple\">\n\t\t<h3 class=\"item-card__title mb-0 c-white\">Pooltypen<\/h3>\n\t\t\t<\/div>\n\t\t<img loading=\"lazy\" decoding=\"async\" width=\"540\" height=\"540\" src=\"https:\/\/www.waterair.com\/wp-content\/uploads\/2021\/10\/type-piscines-540x540.jpg\" class=\"attachment-card size-card\" alt=\"Groupe d&#039;enfants qui sautent dans une piscine Waterair\" srcset=\"https:\/\/www.waterair.com\/wp-content\/uploads\/2021\/10\/type-piscines-540x540.jpg 540w, https:\/\/www.waterair.com\/wp-content\/uploads\/2021\/10\/type-piscines-1080x1080.jpg 1080w, https:\/\/www.waterair.com\/wp-content\/uploads\/2021\/10\/type-piscines-480x480.jpg 480w, https:\/\/www.waterair.com\/wp-content\/uploads\/2021\/10\/type-piscines-240x240.jpg 240w, https:\/\/www.waterair.com\/wp-content\/uploads\/2021\/10\/type-piscines-150x150.jpg 150w, https:\/\/www.waterair.com\/wp-content\/uploads\/2021\/10\/type-piscines-75x75.jpg 75w, https:\/\/www.waterair.com\/wp-content\/uploads\/2021\/10\/type-piscines-780x780.jpg 780w, https:\/\/www.waterair.com\/wp-content\/uploads\/2021\/10\/type-piscines-390x390.jpg 390w, https:\/\/www.waterair.com\/wp-content\/uploads\/2021\/10\/type-piscines-320x320.jpg 320w, https:\/\/www.waterair.com\/wp-content\/uploads\/2021\/10\/type-piscines-160x160.jpg 160w\" sizes=\"auto, (max-width: 540px) 100vw, 540px\" \/><\/a>\t\t\t\t\t\t\t\t\t\t\t\t\t\t\t\t\t\t\t\t\t\t\t\t\t\t\t\t<a data-wa=\"fade-up\" href=\"https:\/\/www.waterair.com\/de\/pools-und-ausstattung\/pools\/pool-grossen\" class=\"item-card is-size-card splide__slide has-description\">\n\t<div class=\"item-card__infos item-card__infos--simple\">\n\t\t<h3 class=\"item-card__title mb-0 c-white\">Welches ist die richtige Gr\u00f6\u00dfe ist f\u00fcr Ihren Gartenpool?<\/h3>\n\t\t\t\t\t\t\t\t\t<div class=\"item-card__description mb-0\">Entdecken Sie alle Poolgr\u00f6\u00dfen, die wir anbieten: Sie reichen von 3,30 m bis 22,76 m L\u00e4nge. W\u00e4hlen Sie den personalisierten Pool, der Ihren W\u00fcnschen entspricht.<\/div>\n\t\t\t\t\t\t<\/div>\n\t\t<img loading=\"lazy\" decoding=\"async\" width=\"540\" height=\"540\" src=\"https:\/\/www.waterair.com\/wp-content\/uploads\/2023\/06\/header-lp-basse-conso-offerte-540x540.webp\" class=\"attachment-card size-card\" alt=\"piscine rectangle enterr\u00e9e\" srcset=\"https:\/\/www.waterair.com\/wp-content\/uploads\/2023\/06\/header-lp-basse-conso-offerte-540x540.webp 540w, https:\/\/www.waterair.com\/wp-content\/uploads\/2023\/06\/header-lp-basse-conso-offerte-1080x1080.webp 1080w, https:\/\/www.waterair.com\/wp-content\/uploads\/2023\/06\/header-lp-basse-conso-offerte-480x480.webp 480w, https:\/\/www.waterair.com\/wp-content\/uploads\/2023\/06\/header-lp-basse-conso-offerte-240x240.webp 240w, https:\/\/www.waterair.com\/wp-content\/uploads\/2023\/06\/header-lp-basse-conso-offerte-150x150.webp 150w, https:\/\/www.waterair.com\/wp-content\/uploads\/2023\/06\/header-lp-basse-conso-offerte-75x75.webp 75w, https:\/\/www.waterair.com\/wp-content\/uploads\/2023\/06\/header-lp-basse-conso-offerte-780x780.webp 780w, https:\/\/www.waterair.com\/wp-content\/uploads\/2023\/06\/header-lp-basse-conso-offerte-390x390.webp 390w, https:\/\/www.waterair.com\/wp-content\/uploads\/2023\/06\/header-lp-basse-conso-offerte-320x320.webp 320w, https:\/\/www.waterair.com\/wp-content\/uploads\/2023\/06\/header-lp-basse-conso-offerte-160x160.webp 160w\" sizes=\"auto, (max-width: 540px) 100vw, 540px\" \/><\/a>\t\t\t\t\t\t\t\t\t\t\t\t\t\t\t\t\t\t<\/div>\n\t\t\t\t<\/div>\n\t\t\t<\/div>\n\t\t\t\t\t<\/div>","protected":false},"excerpt":{"rendered":"<p>Wenn Sie sich erstmalig mit dem Gedanken an einen eigenen Swimmingpool besch\u00e4ftigen, kann die Vielzahl an Aspekten, die zu ber\u00fccksichtigen sind, verwirrend sein. Falls Sie sich in dieser Situation befinden, sind Sie nicht alleine. Unser Ziel ist es, Ihnen auf diesen Seiten eine Orientierungshilfe zu bieten, damit Sie die bestinformierte Entscheidung f\u00fcr Ihren Traumpool treffen [&hellip;]<\/p>\n","protected":false},"author":10,"featured_media":0,"parent":0,"menu_order":0,"comment_status":"closed","ping_status":"closed","template":"","meta":{"_acf_changed":false,"om_disable_all_campaigns":false,"footnotes":""},"class_list":["post-353386","page","type-page","status-publish","hentry"],"acf":[],"yoast_head":"<!-- This site is optimized with the Yoast SEO Premium plugin v25.4 (Yoast SEO v27.2) - https:\/\/yoast.com\/product\/yoast-seo-premium-wordpress\/ -->\n<title>Pool Know-how: Das sollten Sie wissen | Waterair Pools<\/title>\n<meta name=\"description\" content=\"Erfahren Sie alles rund um das Thema Swimmingpool \u2013 von Pooltypen, Gr\u00f6\u00dfe von Pools, Pflege und Wartung. Hier finden Sie wertvolle Tipps und hilfreiche Empfehlungen.\" \/>\n<meta name=\"robots\" content=\"index, follow, max-snippet:-1, max-image-preview:large, max-video-preview:-1\" \/>\n<link rel=\"canonical\" href=\"https:\/\/www.waterair.com\/de\/alles-was-sie-ueber-swimmingpools-wissen-moechten\" \/>\n<meta property=\"og:locale\" content=\"de_DE\" \/>\n<meta property=\"og:type\" content=\"article\" \/>\n<meta property=\"og:title\" content=\"Alles, was Sie \u00fcber Swimmingpools wissen m\u00f6chten\" \/>\n<meta property=\"og:description\" content=\"Erfahren Sie alles rund um das Thema Swimmingpool \u2013 von Pooltypen, Gr\u00f6\u00dfe von Pools, Pflege und Wartung. Hier finden Sie wertvolle Tipps und hilfreiche Empfehlungen.\" \/>\n<meta property=\"og:url\" content=\"https:\/\/www.waterair.com\/de\/alles-was-sie-ueber-swimmingpools-wissen-moechten\" \/>\n<meta property=\"og:site_name\" content=\"Waterair Pools\" \/>\n<meta property=\"article:modified_time\" content=\"2023-09-11T13:03:10+00:00\" \/>\n<meta name=\"twitter:card\" content=\"summary_large_image\" \/>\n<meta name=\"twitter:label1\" content=\"Gesch\u00e4tzte Lesezeit\" \/>\n\t<meta name=\"twitter:data1\" content=\"1\u00a0Minute\" \/>\n<script type=\"application\/ld+json\" class=\"yoast-schema-graph\">{\"@context\":\"https:\/\/schema.org\",\"@graph\":[{\"@type\":\"WebPage\",\"@id\":\"https:\/\/www.waterair.com\/de\/alles-was-sie-ueber-swimmingpools-wissen-moechten\",\"url\":\"https:\/\/www.waterair.com\/de\/alles-was-sie-ueber-swimmingpools-wissen-moechten\",\"name\":\"Pool Know-how: Das sollten Sie wissen | Waterair Pools\",\"isPartOf\":{\"@id\":\"https:\/\/www.waterair.com\/de\/#website\"},\"datePublished\":\"2023-09-11T12:56:28+00:00\",\"dateModified\":\"2023-09-11T13:03:10+00:00\",\"description\":\"Erfahren Sie alles rund um das Thema Swimmingpool \u2013 von Pooltypen, Gr\u00f6\u00dfe von Pools, Pflege und Wartung. Hier finden Sie wertvolle Tipps und hilfreiche Empfehlungen.\",\"breadcrumb\":{\"@id\":\"https:\/\/www.waterair.com\/de\/alles-was-sie-ueber-swimmingpools-wissen-moechten#breadcrumb\"},\"inLanguage\":\"de\",\"potentialAction\":[{\"@type\":\"ReadAction\",\"target\":[\"https:\/\/www.waterair.com\/de\/alles-was-sie-ueber-swimmingpools-wissen-moechten\"]}]},{\"@type\":\"BreadcrumbList\",\"@id\":\"https:\/\/www.waterair.com\/de\/alles-was-sie-ueber-swimmingpools-wissen-moechten#breadcrumb\",\"itemListElement\":[{\"@type\":\"ListItem\",\"position\":1,\"name\":\"Startseite\",\"item\":\"https:\/\/www.waterair.com\/de\"},{\"@type\":\"ListItem\",\"position\":2,\"name\":\"Alles, was Sie \u00fcber Swimmingpools wissen m\u00f6chten\"}]},{\"@type\":\"WebSite\",\"@id\":\"https:\/\/www.waterair.com\/de\/#website\",\"url\":\"https:\/\/www.waterair.com\/de\/\",\"name\":\"Waterair Pools\",\"description\":\"\",\"potentialAction\":[{\"@type\":\"SearchAction\",\"target\":{\"@type\":\"EntryPoint\",\"urlTemplate\":\"https:\/\/www.waterair.com\/de\/?s={search_term_string}\"},\"query-input\":{\"@type\":\"PropertyValueSpecification\",\"valueRequired\":true,\"valueName\":\"search_term_string\"}}],\"inLanguage\":\"de\"}]}<\/script>\n<!-- \/ Yoast SEO Premium plugin. -->","yoast_head_json":{"title":"Pool Know-how: Das sollten Sie wissen | Waterair Pools","description":"Erfahren Sie alles rund um das Thema Swimmingpool \u2013 von Pooltypen, Gr\u00f6\u00dfe von Pools, Pflege und Wartung. Hier finden Sie wertvolle Tipps und hilfreiche Empfehlungen.","robots":{"index":"index","follow":"follow","max-snippet":"max-snippet:-1","max-image-preview":"max-image-preview:large","max-video-preview":"max-video-preview:-1"},"canonical":"https:\/\/www.waterair.com\/de\/alles-was-sie-ueber-swimmingpools-wissen-moechten","og_locale":"de_DE","og_type":"article","og_title":"Alles, was Sie \u00fcber Swimmingpools wissen m\u00f6chten","og_description":"Erfahren Sie alles rund um das Thema Swimmingpool \u2013 von Pooltypen, Gr\u00f6\u00dfe von Pools, Pflege und Wartung. Hier finden Sie wertvolle Tipps und hilfreiche Empfehlungen.","og_url":"https:\/\/www.waterair.com\/de\/alles-was-sie-ueber-swimmingpools-wissen-moechten","og_site_name":"Waterair Pools","article_modified_time":"2023-09-11T13:03:10+00:00","twitter_card":"summary_large_image","twitter_misc":{"Gesch\u00e4tzte Lesezeit":"1\u00a0Minute"},"schema":{"@context":"https:\/\/schema.org","@graph":[{"@type":"WebPage","@id":"https:\/\/www.waterair.com\/de\/alles-was-sie-ueber-swimmingpools-wissen-moechten","url":"https:\/\/www.waterair.com\/de\/alles-was-sie-ueber-swimmingpools-wissen-moechten","name":"Pool Know-how: Das sollten Sie wissen | Waterair Pools","isPartOf":{"@id":"https:\/\/www.waterair.com\/de\/#website"},"datePublished":"2023-09-11T12:56:28+00:00","dateModified":"2023-09-11T13:03:10+00:00","description":"Erfahren Sie alles rund um das Thema Swimmingpool \u2013 von Pooltypen, Gr\u00f6\u00dfe von Pools, Pflege und Wartung. Hier finden Sie wertvolle Tipps und hilfreiche Empfehlungen.","breadcrumb":{"@id":"https:\/\/www.waterair.com\/de\/alles-was-sie-ueber-swimmingpools-wissen-moechten#breadcrumb"},"inLanguage":"de","potentialAction":[{"@type":"ReadAction","target":["https:\/\/www.waterair.com\/de\/alles-was-sie-ueber-swimmingpools-wissen-moechten"]}]},{"@type":"BreadcrumbList","@id":"https:\/\/www.waterair.com\/de\/alles-was-sie-ueber-swimmingpools-wissen-moechten#breadcrumb","itemListElement":[{"@type":"ListItem","position":1,"name":"Startseite","item":"https:\/\/www.waterair.com\/de"},{"@type":"ListItem","position":2,"name":"Alles, was Sie \u00fcber Swimmingpools wissen m\u00f6chten"}]},{"@type":"WebSite","@id":"https:\/\/www.waterair.com\/de\/#website","url":"https:\/\/www.waterair.com\/de\/","name":"Waterair Pools","description":"","potentialAction":[{"@type":"SearchAction","target":{"@type":"EntryPoint","urlTemplate":"https:\/\/www.waterair.com\/de\/?s={search_term_string}"},"query-input":{"@type":"PropertyValueSpecification","valueRequired":true,"valueName":"search_term_string"}}],"inLanguage":"de"}]}},"_links":{"self":[{"href":"https:\/\/www.waterair.com\/de\/wp-json\/wp\/v2\/pages\/353386","targetHints":{"allow":["GET"]}}],"collection":[{"href":"https:\/\/www.waterair.com\/de\/wp-json\/wp\/v2\/pages"}],"about":[{"href":"https:\/\/www.waterair.com\/de\/wp-json\/wp\/v2\/types\/page"}],"author":[{"embeddable":true,"href":"https:\/\/www.waterair.com\/de\/wp-json\/wp\/v2\/users\/10"}],"replies":[{"embeddable":true,"href":"https:\/\/www.waterair.com\/de\/wp-json\/wp\/v2\/comments?post=353386"}],"version-history":[{"count":3,"href":"https:\/\/www.waterair.com\/de\/wp-json\/wp\/v2\/pages\/353386\/revisions"}],"predecessor-version":[{"id":353405,"href":"https:\/\/www.waterair.com\/de\/wp-json\/wp\/v2\/pages\/353386\/revisions\/353405"}],"wp:attachment":[{"href":"https:\/\/www.waterair.com\/de\/wp-json\/wp\/v2\/media?parent=353386"}],"curies":[{"name":"wp","href":"https:\/\/api.w.org\/{rel}","templated":true}]}}