{"id":370357,"date":"2023-12-01T15:05:23","date_gmt":"2023-12-01T14:05:23","guid":{"rendered":"https:\/\/www.waterair.com\/?page_id=370357"},"modified":"2024-03-19T14:42:39","modified_gmt":"2024-03-19T13:42:39","slug":"selfmadepool","status":"publish","type":"page","link":"https:\/\/www.waterair.com\/de\/das-unternehmen\/partner-naehe\/selfmadepool","title":{"rendered":"SELFMADEPOOL"},"content":{"rendered":"<div class=\"container block--core-heading\"><div class=\"row\"><div class=\"col-12 \">\n<h4 class=\"wp-block-heading has-text-align-center\">Partner in Deutschland<\/h4>\n<\/div><\/div><\/div>\n\n<div class=\"container block--core-paragraph\"><div class=\"row\"><div class=\"col-12 \">\n<p><\/p>\n<\/div><\/div><\/div>\n\n\n<div style=\"display:flex;justify-content:center;\">\n<img decoding=\"async\" style=\"width:400px;height:auto;\" src=\"https:\/\/www.waterair.com\/wp-content\/uploads\/2024\/01\/jamie-street-unkbcmujliw-unsplash-v6-copie.webp\" alt=\"\">\n<\/div>\n\n\n<div  class=\"block-plus content-block\">\n\t\t\t<div class=\"container\">\n\t\t\t<div data-wa=\"fade-up\" class=\"content-block__holder\">\n\t\t\t\t\t\t\t\t\t<div class=\"row justify-content-center\">\n\t\t\t\t\t\t<div class=\"col-10 col-lg-11\">\n\t\t\t\t\t\t\t<h2 class=\"h3 content-block__title text-inherit z-above mb-0\">Kontakt<\/h2>\n\t\t\t\t\t\t<\/div>\n\t\t\t\t\t<\/div>\n\t\t\t\t\t\t\t\t\t\t\t\t\t<div class=\"row justify-content-center\">\n\t\t\t\t\t\t<div class=\"col-10 col-lg-11\">\n\t\t\t\t\t\t\t<div class=\"content-block__description wysiwyg z-above mt-2 mb-0\"><div class=\"qqvbed-p83tee\">\n<p>Patrick GOTTWALD<\/p>\n<p class=\"qqvbed-p83tee-V1ur5d\"><strong>Telefonnummer: <\/strong>+49 151 10 56 15 46<\/p>\n<p><strong>Email: <\/strong><span style=\"color: #ffffff;\"><a style=\"color: #ffffff;\" href=\"mailto:Patrick@selfmadepool.de\">Patrick@selfmadepool.de<\/a><\/span><\/p>\n<\/div>\n<div class=\"qqvbed-p83tee\">\n<p class=\"qqvbed-p83tee-V1ur5d\"><strong>Postanschrift: <\/strong>Bl\u00fctenstra\u00dfe 11, D-90522 OBERASBACH<\/p>\n<\/div>\n<\/div>\n\t\t\t\t\t\t<\/div>\n\t\t\t\t\t<\/div>\n\t\t\t\t\t\t\t\t<div class=\"row justify-content-end d-none d-lg-flex\">\n                    <div class=\"col-2 col-lg-3\">\n                        <div class=\"content-block__wave-outline\">\n                            <svg width=\"678\" height=\"589\" viewBox=\"0 0 1000 1000\">\n                                <path fill=\"none\" stroke=\"#FFF\" stroke-width=\"2\" opacity=\".2\" data-blob='{\"minRadius\": \"430\",\"maxRadius\":\"490\", \"numPoints\": \"16\"}'><\/path>\n                            <\/svg>\n                        <\/div>\n                    <\/div>\n                <\/div>\n\t\t\t<\/div>\n\t\t<\/div>\n\t<\/div>\n\n\n\n<div style=\"display:flex;justify-content:center;\">\n<img decoding=\"async\" style=\"width:300px;height:auto;\" src=\"https:\/\/www.waterair.com\/wp-content\/uploads\/2023\/12\/patrick.webp\" alt=\"\">\n<\/div>\n","protected":false},"excerpt":{"rendered":"<p>Partner in Deutschland<\/p>\n","protected":false},"author":29,"featured_media":0,"parent":60863,"menu_order":0,"comment_status":"closed","ping_status":"closed","template":"","meta":{"_acf_changed":false,"om_disable_all_campaigns":false,"footnotes":""},"class_list":["post-370357","page","type-page","status-publish","hentry"],"acf":[],"yoast_head":"<!-- This site is optimized with the Yoast SEO Premium plugin v25.4 (Yoast SEO v27.2) - https:\/\/yoast.com\/product\/yoast-seo-premium-wordpress\/ -->\n<title>SELFMADEPOOL | Waterair Pools<\/title>\n<meta name=\"robots\" content=\"index, follow, max-snippet:-1, max-image-preview:large, max-video-preview:-1\" \/>\n<link rel=\"canonical\" href=\"https:\/\/www.waterair.com\/de\/das-unternehmen\/partner-naehe\/selfmadepool\" \/>\n<meta property=\"og:locale\" content=\"de_DE\" \/>\n<meta property=\"og:type\" content=\"article\" \/>\n<meta property=\"og:title\" content=\"SELFMADEPOOL\" \/>\n<meta property=\"og:description\" content=\"Partner in Deutschland\" \/>\n<meta property=\"og:url\" content=\"https:\/\/www.waterair.com\/de\/das-unternehmen\/partner-naehe\/selfmadepool\" \/>\n<meta property=\"og:site_name\" content=\"Waterair Pools\" \/>\n<meta property=\"article:modified_time\" content=\"2024-03-19T13:42:39+00:00\" \/>\n<meta property=\"og:image\" content=\"https:\/\/www.waterair.com\/wp-content\/uploads\/2024\/01\/jamie-street-unkbcmujliw-unsplash-v6-copie.webp\" \/>\n<meta name=\"twitter:card\" content=\"summary_large_image\" \/>\n<meta name=\"twitter:label1\" content=\"Gesch\u00e4tzte Lesezeit\" \/>\n\t<meta name=\"twitter:data1\" content=\"1\u00a0Minute\" \/>\n<script type=\"application\/ld+json\" class=\"yoast-schema-graph\">{\"@context\":\"https:\/\/schema.org\",\"@graph\":[{\"@type\":\"WebPage\",\"@id\":\"https:\/\/www.waterair.com\/de\/das-unternehmen\/partner-naehe\/selfmadepool\",\"url\":\"https:\/\/www.waterair.com\/de\/das-unternehmen\/partner-naehe\/selfmadepool\",\"name\":\"SELFMADEPOOL | Waterair Pools\",\"isPartOf\":{\"@id\":\"https:\/\/www.waterair.com\/de\/#website\"},\"primaryImageOfPage\":{\"@id\":\"https:\/\/www.waterair.com\/de\/das-unternehmen\/partner-naehe\/selfmadepool#primaryimage\"},\"image\":{\"@id\":\"https:\/\/www.waterair.com\/de\/das-unternehmen\/partner-naehe\/selfmadepool#primaryimage\"},\"thumbnailUrl\":\"https:\/\/www.waterair.com\/wp-content\/uploads\/2024\/01\/jamie-street-unkbcmujliw-unsplash-v6-copie.webp\",\"datePublished\":\"2023-12-01T14:05:23+00:00\",\"dateModified\":\"2024-03-19T13:42:39+00:00\",\"breadcrumb\":{\"@id\":\"https:\/\/www.waterair.com\/de\/das-unternehmen\/partner-naehe\/selfmadepool#breadcrumb\"},\"inLanguage\":\"de\",\"potentialAction\":[{\"@type\":\"ReadAction\",\"target\":[\"https:\/\/www.waterair.com\/de\/das-unternehmen\/partner-naehe\/selfmadepool\"]}]},{\"@type\":\"ImageObject\",\"inLanguage\":\"de\",\"@id\":\"https:\/\/www.waterair.com\/de\/das-unternehmen\/partner-naehe\/selfmadepool#primaryimage\",\"url\":\"https:\/\/www.waterair.com\/wp-content\/uploads\/2024\/01\/jamie-street-unkbcmujliw-unsplash-v6-copie.webp\",\"contentUrl\":\"https:\/\/www.waterair.com\/wp-content\/uploads\/2024\/01\/jamie-street-unkbcmujliw-unsplash-v6-copie.webp\"},{\"@type\":\"BreadcrumbList\",\"@id\":\"https:\/\/www.waterair.com\/de\/das-unternehmen\/partner-naehe\/selfmadepool#breadcrumb\",\"itemListElement\":[{\"@type\":\"ListItem\",\"position\":1,\"name\":\"Startseite\",\"item\":\"https:\/\/www.waterair.com\/de\"},{\"@type\":\"ListItem\",\"position\":2,\"name\":\"Waterair, europ\u00e4ischer Marktf\u00fchrer f\u00fcr Bausatz-Pools seit 1972\",\"item\":\"https:\/\/www.waterair.com\/de\/das-unternehmen\"},{\"@type\":\"ListItem\",\"position\":3,\"name\":\"Ein Partner in Ihrer N\u00e4he\",\"item\":\"https:\/\/www.waterair.com\/de\/das-unternehmen\/partner-naehe\"},{\"@type\":\"ListItem\",\"position\":4,\"name\":\"SELFMADEPOOL\"}]},{\"@type\":\"WebSite\",\"@id\":\"https:\/\/www.waterair.com\/de\/#website\",\"url\":\"https:\/\/www.waterair.com\/de\/\",\"name\":\"Waterair Pools\",\"description\":\"\",\"potentialAction\":[{\"@type\":\"SearchAction\",\"target\":{\"@type\":\"EntryPoint\",\"urlTemplate\":\"https:\/\/www.waterair.com\/de\/?s={search_term_string}\"},\"query-input\":{\"@type\":\"PropertyValueSpecification\",\"valueRequired\":true,\"valueName\":\"search_term_string\"}}],\"inLanguage\":\"de\"}]}<\/script>\n<!-- \/ Yoast SEO Premium plugin. -->","yoast_head_json":{"title":"SELFMADEPOOL | Waterair Pools","robots":{"index":"index","follow":"follow","max-snippet":"max-snippet:-1","max-image-preview":"max-image-preview:large","max-video-preview":"max-video-preview:-1"},"canonical":"https:\/\/www.waterair.com\/de\/das-unternehmen\/partner-naehe\/selfmadepool","og_locale":"de_DE","og_type":"article","og_title":"SELFMADEPOOL","og_description":"Partner in Deutschland","og_url":"https:\/\/www.waterair.com\/de\/das-unternehmen\/partner-naehe\/selfmadepool","og_site_name":"Waterair Pools","article_modified_time":"2024-03-19T13:42:39+00:00","og_image":[{"url":"https:\/\/www.waterair.com\/wp-content\/uploads\/2024\/01\/jamie-street-unkbcmujliw-unsplash-v6-copie.webp","type":"","width":"","height":""}],"twitter_card":"summary_large_image","twitter_misc":{"Gesch\u00e4tzte Lesezeit":"1\u00a0Minute"},"schema":{"@context":"https:\/\/schema.org","@graph":[{"@type":"WebPage","@id":"https:\/\/www.waterair.com\/de\/das-unternehmen\/partner-naehe\/selfmadepool","url":"https:\/\/www.waterair.com\/de\/das-unternehmen\/partner-naehe\/selfmadepool","name":"SELFMADEPOOL | Waterair Pools","isPartOf":{"@id":"https:\/\/www.waterair.com\/de\/#website"},"primaryImageOfPage":{"@id":"https:\/\/www.waterair.com\/de\/das-unternehmen\/partner-naehe\/selfmadepool#primaryimage"},"image":{"@id":"https:\/\/www.waterair.com\/de\/das-unternehmen\/partner-naehe\/selfmadepool#primaryimage"},"thumbnailUrl":"https:\/\/www.waterair.com\/wp-content\/uploads\/2024\/01\/jamie-street-unkbcmujliw-unsplash-v6-copie.webp","datePublished":"2023-12-01T14:05:23+00:00","dateModified":"2024-03-19T13:42:39+00:00","breadcrumb":{"@id":"https:\/\/www.waterair.com\/de\/das-unternehmen\/partner-naehe\/selfmadepool#breadcrumb"},"inLanguage":"de","potentialAction":[{"@type":"ReadAction","target":["https:\/\/www.waterair.com\/de\/das-unternehmen\/partner-naehe\/selfmadepool"]}]},{"@type":"ImageObject","inLanguage":"de","@id":"https:\/\/www.waterair.com\/de\/das-unternehmen\/partner-naehe\/selfmadepool#primaryimage","url":"https:\/\/www.waterair.com\/wp-content\/uploads\/2024\/01\/jamie-street-unkbcmujliw-unsplash-v6-copie.webp","contentUrl":"https:\/\/www.waterair.com\/wp-content\/uploads\/2024\/01\/jamie-street-unkbcmujliw-unsplash-v6-copie.webp"},{"@type":"BreadcrumbList","@id":"https:\/\/www.waterair.com\/de\/das-unternehmen\/partner-naehe\/selfmadepool#breadcrumb","itemListElement":[{"@type":"ListItem","position":1,"name":"Startseite","item":"https:\/\/www.waterair.com\/de"},{"@type":"ListItem","position":2,"name":"Waterair, europ\u00e4ischer Marktf\u00fchrer f\u00fcr Bausatz-Pools seit 1972","item":"https:\/\/www.waterair.com\/de\/das-unternehmen"},{"@type":"ListItem","position":3,"name":"Ein Partner in Ihrer N\u00e4he","item":"https:\/\/www.waterair.com\/de\/das-unternehmen\/partner-naehe"},{"@type":"ListItem","position":4,"name":"SELFMADEPOOL"}]},{"@type":"WebSite","@id":"https:\/\/www.waterair.com\/de\/#website","url":"https:\/\/www.waterair.com\/de\/","name":"Waterair Pools","description":"","potentialAction":[{"@type":"SearchAction","target":{"@type":"EntryPoint","urlTemplate":"https:\/\/www.waterair.com\/de\/?s={search_term_string}"},"query-input":{"@type":"PropertyValueSpecification","valueRequired":true,"valueName":"search_term_string"}}],"inLanguage":"de"}]}},"_links":{"self":[{"href":"https:\/\/www.waterair.com\/de\/wp-json\/wp\/v2\/pages\/370357","targetHints":{"allow":["GET"]}}],"collection":[{"href":"https:\/\/www.waterair.com\/de\/wp-json\/wp\/v2\/pages"}],"about":[{"href":"https:\/\/www.waterair.com\/de\/wp-json\/wp\/v2\/types\/page"}],"author":[{"embeddable":true,"href":"https:\/\/www.waterair.com\/de\/wp-json\/wp\/v2\/users\/29"}],"replies":[{"embeddable":true,"href":"https:\/\/www.waterair.com\/de\/wp-json\/wp\/v2\/comments?post=370357"}],"version-history":[{"count":5,"href":"https:\/\/www.waterair.com\/de\/wp-json\/wp\/v2\/pages\/370357\/revisions"}],"predecessor-version":[{"id":393888,"href":"https:\/\/www.waterair.com\/de\/wp-json\/wp\/v2\/pages\/370357\/revisions\/393888"}],"up":[{"embeddable":true,"href":"https:\/\/www.waterair.com\/de\/wp-json\/wp\/v2\/pages\/60863"}],"wp:attachment":[{"href":"https:\/\/www.waterair.com\/de\/wp-json\/wp\/v2\/media?parent=370357"}],"curies":[{"name":"wp","href":"https:\/\/api.w.org\/{rel}","templated":true}]}}