{"id":612526,"date":"2026-04-10T14:45:29","date_gmt":"2026-04-10T12:45:29","guid":{"rendered":"https:\/\/www.waterair.com\/?page_id=612526"},"modified":"2026-04-10T14:59:54","modified_gmt":"2026-04-10T12:59:54","slug":"sylla-dienstleistungen-gmbh","status":"publish","type":"page","link":"https:\/\/www.waterair.com\/de\/das-unternehmen\/partner-naehe\/sylla-dienstleistungen-gmbh","title":{"rendered":"Sylla Dienstleistungen GmbH"},"content":{"rendered":"<div class=\"container block--core-heading\"><div class=\"row\"><div class=\"col-12 \">\n<h4 class=\"wp-block-heading has-text-align-center\" id=\"h-partner-in-deutschland\">Partner in Deutschland<\/h4>\n<\/div><\/div><\/div>\n\n<div class=\"container block--core-paragraph\"><div class=\"row\"><div class=\"col-12 \">\n<p class=\"has-text-align-center\"><\/p>\n<\/div><\/div><\/div>\n\n<div  class=\"block-plus content-block\">\n\t\t\t<div class=\"container\">\n\t\t\t<div data-wa=\"fade-up\" class=\"content-block__holder\">\n\t\t\t\t\t\t\t\t\t<div class=\"row justify-content-center\">\n\t\t\t\t\t\t<div class=\"col-10 col-lg-11\">\n\t\t\t\t\t\t\t<h2 class=\"h3 content-block__title text-inherit z-above mb-0\">Kontakt<\/h2>\n\t\t\t\t\t\t<\/div>\n\t\t\t\t\t<\/div>\n\t\t\t\t\t\t\t\t\t\t\t\t\t<div class=\"row justify-content-center\">\n\t\t\t\t\t\t<div class=\"col-10 col-lg-11\">\n\t\t\t\t\t\t\t<div class=\"content-block__description wysiwyg z-above mt-2 mb-0\"><div class=\"qqvbed-p83tee\">\n<p>Sven Sylla<\/p>\n<p class=\"qqvbed-p83tee-V1ur5d\"><strong>Telefonnummer: +0049 5137 819780<\/strong><\/p>\n<p class=\"qqvbed-p83tee-lTBxed\"><strong>Email:<span style=\"color: #ffffff;\"> <a style=\"color: #ffffff;\" href=\"mailto:s.sylla@sylla-dienstleistungen.de\">s.sylla@sylla-dienstleistungen.de<\/a><\/span><\/strong><\/p>\n<\/div>\n<div class=\"qqvbed-p83tee\">\n<p class=\"qqvbed-p83tee-V1ur5d\"><strong>Postanschrift: Max-Planck-Strasse 3<span class=\"s_DEF728FF\">\u00a0<\/span>31515<span class=\"s_DEF728FF\">\u00a0<\/span>Wunstorf<\/strong><\/p>\n<\/div>\n<\/div>\n\t\t\t\t\t\t<\/div>\n\t\t\t\t\t<\/div>\n\t\t\t\t\t\t\t\t<div class=\"row justify-content-end d-none d-lg-flex\">\n                    <div class=\"col-2 col-lg-3\">\n                        <div class=\"content-block__wave-outline\">\n                            <svg width=\"678\" height=\"589\" viewBox=\"0 0 1000 1000\">\n                                <path fill=\"none\" stroke=\"#FFF\" stroke-width=\"2\" opacity=\".2\" data-blob='{\"minRadius\": \"430\",\"maxRadius\":\"490\", \"numPoints\": \"16\"}'><\/path>\n                            <\/svg>\n                        <\/div>\n                    <\/div>\n                <\/div>\n\t\t\t<\/div>\n\t\t<\/div>\n\t<\/div>\n\n\n<div class=\"container block--core-paragraph\"><div class=\"row\"><div class=\"col-12 \">\n<p><\/p>\n<\/div><\/div><\/div>","protected":false},"excerpt":{"rendered":"<p>Partner in Deutschland<\/p>\n","protected":false},"author":10,"featured_media":0,"parent":60863,"menu_order":0,"comment_status":"closed","ping_status":"closed","template":"","meta":{"_acf_changed":false,"om_disable_all_campaigns":false,"footnotes":""},"class_list":["post-612526","page","type-page","status-publish","hentry"],"acf":[],"yoast_head":"<!-- This site is optimized with the Yoast SEO Premium plugin v25.4 (Yoast SEO v27.2) - https:\/\/yoast.com\/product\/yoast-seo-premium-wordpress\/ -->\n<title>Sylla Dienstleistungen GmbH | Waterair Pools<\/title>\n<meta name=\"robots\" content=\"index, follow, max-snippet:-1, max-image-preview:large, max-video-preview:-1\" \/>\n<link rel=\"canonical\" href=\"https:\/\/www.waterair.com\/de\/das-unternehmen\/partner-naehe\/sylla-dienstleistungen-gmbh\" \/>\n<meta property=\"og:locale\" content=\"de_DE\" \/>\n<meta property=\"og:type\" content=\"article\" \/>\n<meta property=\"og:title\" content=\"Sylla Dienstleistungen GmbH\" \/>\n<meta property=\"og:description\" content=\"Partner in Deutschland\" \/>\n<meta property=\"og:url\" content=\"https:\/\/www.waterair.com\/de\/das-unternehmen\/partner-naehe\/sylla-dienstleistungen-gmbh\" \/>\n<meta property=\"og:site_name\" content=\"Waterair Pools\" \/>\n<meta property=\"article:modified_time\" content=\"2026-04-10T12:59:54+00:00\" \/>\n<meta name=\"twitter:card\" content=\"summary_large_image\" \/>\n<meta name=\"twitter:label1\" content=\"Gesch\u00e4tzte Lesezeit\" \/>\n\t<meta name=\"twitter:data1\" content=\"1\u00a0Minute\" \/>\n<script type=\"application\/ld+json\" class=\"yoast-schema-graph\">{\"@context\":\"https:\/\/schema.org\",\"@graph\":[{\"@type\":\"WebPage\",\"@id\":\"https:\/\/www.waterair.com\/de\/das-unternehmen\/partner-naehe\/sylla-dienstleistungen-gmbh\",\"url\":\"https:\/\/www.waterair.com\/de\/das-unternehmen\/partner-naehe\/sylla-dienstleistungen-gmbh\",\"name\":\"Sylla Dienstleistungen GmbH | Waterair Pools\",\"isPartOf\":{\"@id\":\"https:\/\/www.waterair.com\/de\/#website\"},\"datePublished\":\"2026-04-10T12:45:29+00:00\",\"dateModified\":\"2026-04-10T12:59:54+00:00\",\"breadcrumb\":{\"@id\":\"https:\/\/www.waterair.com\/de\/das-unternehmen\/partner-naehe\/sylla-dienstleistungen-gmbh#breadcrumb\"},\"inLanguage\":\"de\",\"potentialAction\":[{\"@type\":\"ReadAction\",\"target\":[\"https:\/\/www.waterair.com\/de\/das-unternehmen\/partner-naehe\/sylla-dienstleistungen-gmbh\"]}]},{\"@type\":\"BreadcrumbList\",\"@id\":\"https:\/\/www.waterair.com\/de\/das-unternehmen\/partner-naehe\/sylla-dienstleistungen-gmbh#breadcrumb\",\"itemListElement\":[{\"@type\":\"ListItem\",\"position\":1,\"name\":\"Startseite\",\"item\":\"https:\/\/www.waterair.com\/de\"},{\"@type\":\"ListItem\",\"position\":2,\"name\":\"Waterair, europ\u00e4ischer Marktf\u00fchrer f\u00fcr Bausatz-Pools seit 1972\",\"item\":\"https:\/\/www.waterair.com\/de\/das-unternehmen\"},{\"@type\":\"ListItem\",\"position\":3,\"name\":\"Ein Partner in Ihrer N\u00e4he\",\"item\":\"https:\/\/www.waterair.com\/de\/das-unternehmen\/partner-naehe\"},{\"@type\":\"ListItem\",\"position\":4,\"name\":\"Sylla Dienstleistungen GmbH\"}]},{\"@type\":\"WebSite\",\"@id\":\"https:\/\/www.waterair.com\/de\/#website\",\"url\":\"https:\/\/www.waterair.com\/de\/\",\"name\":\"Waterair Pools\",\"description\":\"\",\"potentialAction\":[{\"@type\":\"SearchAction\",\"target\":{\"@type\":\"EntryPoint\",\"urlTemplate\":\"https:\/\/www.waterair.com\/de\/?s={search_term_string}\"},\"query-input\":{\"@type\":\"PropertyValueSpecification\",\"valueRequired\":true,\"valueName\":\"search_term_string\"}}],\"inLanguage\":\"de\"}]}<\/script>\n<!-- \/ Yoast SEO Premium plugin. -->","yoast_head_json":{"title":"Sylla Dienstleistungen GmbH | Waterair Pools","robots":{"index":"index","follow":"follow","max-snippet":"max-snippet:-1","max-image-preview":"max-image-preview:large","max-video-preview":"max-video-preview:-1"},"canonical":"https:\/\/www.waterair.com\/de\/das-unternehmen\/partner-naehe\/sylla-dienstleistungen-gmbh","og_locale":"de_DE","og_type":"article","og_title":"Sylla Dienstleistungen GmbH","og_description":"Partner in Deutschland","og_url":"https:\/\/www.waterair.com\/de\/das-unternehmen\/partner-naehe\/sylla-dienstleistungen-gmbh","og_site_name":"Waterair Pools","article_modified_time":"2026-04-10T12:59:54+00:00","twitter_card":"summary_large_image","twitter_misc":{"Gesch\u00e4tzte Lesezeit":"1\u00a0Minute"},"schema":{"@context":"https:\/\/schema.org","@graph":[{"@type":"WebPage","@id":"https:\/\/www.waterair.com\/de\/das-unternehmen\/partner-naehe\/sylla-dienstleistungen-gmbh","url":"https:\/\/www.waterair.com\/de\/das-unternehmen\/partner-naehe\/sylla-dienstleistungen-gmbh","name":"Sylla Dienstleistungen GmbH | Waterair Pools","isPartOf":{"@id":"https:\/\/www.waterair.com\/de\/#website"},"datePublished":"2026-04-10T12:45:29+00:00","dateModified":"2026-04-10T12:59:54+00:00","breadcrumb":{"@id":"https:\/\/www.waterair.com\/de\/das-unternehmen\/partner-naehe\/sylla-dienstleistungen-gmbh#breadcrumb"},"inLanguage":"de","potentialAction":[{"@type":"ReadAction","target":["https:\/\/www.waterair.com\/de\/das-unternehmen\/partner-naehe\/sylla-dienstleistungen-gmbh"]}]},{"@type":"BreadcrumbList","@id":"https:\/\/www.waterair.com\/de\/das-unternehmen\/partner-naehe\/sylla-dienstleistungen-gmbh#breadcrumb","itemListElement":[{"@type":"ListItem","position":1,"name":"Startseite","item":"https:\/\/www.waterair.com\/de"},{"@type":"ListItem","position":2,"name":"Waterair, europ\u00e4ischer Marktf\u00fchrer f\u00fcr Bausatz-Pools seit 1972","item":"https:\/\/www.waterair.com\/de\/das-unternehmen"},{"@type":"ListItem","position":3,"name":"Ein Partner in Ihrer N\u00e4he","item":"https:\/\/www.waterair.com\/de\/das-unternehmen\/partner-naehe"},{"@type":"ListItem","position":4,"name":"Sylla Dienstleistungen GmbH"}]},{"@type":"WebSite","@id":"https:\/\/www.waterair.com\/de\/#website","url":"https:\/\/www.waterair.com\/de\/","name":"Waterair Pools","description":"","potentialAction":[{"@type":"SearchAction","target":{"@type":"EntryPoint","urlTemplate":"https:\/\/www.waterair.com\/de\/?s={search_term_string}"},"query-input":{"@type":"PropertyValueSpecification","valueRequired":true,"valueName":"search_term_string"}}],"inLanguage":"de"}]}},"_links":{"self":[{"href":"https:\/\/www.waterair.com\/de\/wp-json\/wp\/v2\/pages\/612526","targetHints":{"allow":["GET"]}}],"collection":[{"href":"https:\/\/www.waterair.com\/de\/wp-json\/wp\/v2\/pages"}],"about":[{"href":"https:\/\/www.waterair.com\/de\/wp-json\/wp\/v2\/types\/page"}],"author":[{"embeddable":true,"href":"https:\/\/www.waterair.com\/de\/wp-json\/wp\/v2\/users\/10"}],"replies":[{"embeddable":true,"href":"https:\/\/www.waterair.com\/de\/wp-json\/wp\/v2\/comments?post=612526"}],"version-history":[{"count":2,"href":"https:\/\/www.waterair.com\/de\/wp-json\/wp\/v2\/pages\/612526\/revisions"}],"predecessor-version":[{"id":612535,"href":"https:\/\/www.waterair.com\/de\/wp-json\/wp\/v2\/pages\/612526\/revisions\/612535"}],"up":[{"embeddable":true,"href":"https:\/\/www.waterair.com\/de\/wp-json\/wp\/v2\/pages\/60863"}],"wp:attachment":[{"href":"https:\/\/www.waterair.com\/de\/wp-json\/wp\/v2\/media?parent=612526"}],"curies":[{"name":"wp","href":"https:\/\/api.w.org\/{rel}","templated":true}]}}