{"id":612527,"date":"2026-04-10T14:53:30","date_gmt":"2026-04-10T12:53:30","guid":{"rendered":"https:\/\/www.waterair.com\/?page_id=612527"},"modified":"2026-04-10T15:18:17","modified_gmt":"2026-04-10T13:18:17","slug":"molendini-invest-beteiligungs-gmbh","status":"publish","type":"page","link":"https:\/\/www.waterair.com\/de\/das-unternehmen\/partner-naehe\/molendini-invest-beteiligungs-gmbh","title":{"rendered":"Molendini Invest &amp; Beteiligungs GmbH"},"content":{"rendered":"<div class=\"container block--core-heading\"><div class=\"row\"><div class=\"col-12 \">\n<h4 class=\"wp-block-heading has-text-align-center\" id=\"h-partner-in-deutschland\">Partner in Deutschland<\/h4>\n<\/div><\/div><\/div>\n\n<div class=\"container block--core-paragraph\"><div class=\"row\"><div class=\"col-12 \">\n<p class=\"has-text-align-center\"><\/p>\n<\/div><\/div><\/div>\n\n<div class=\"wp-block-image\">\n<figure class=\"aligncenter size-full is-resized\"><img loading=\"lazy\" decoding=\"async\" width=\"1582\" height=\"567\" src=\"https:\/\/www.waterair.com\/wp-content\/uploads\/2026\/04\/molendini.webp\" alt=\"\" class=\"wp-image-612548\" style=\"width:452px;height:auto\" srcset=\"https:\/\/www.waterair.com\/wp-content\/uploads\/2026\/04\/molendini.webp 1582w, https:\/\/www.waterair.com\/wp-content\/uploads\/2026\/04\/molendini-1440x516.webp 1440w, https:\/\/www.waterair.com\/wp-content\/uploads\/2026\/04\/molendini-768x275.webp 768w, https:\/\/www.waterair.com\/wp-content\/uploads\/2026\/04\/molendini-1536x551.webp 1536w, https:\/\/www.waterair.com\/wp-content\/uploads\/2026\/04\/molendini-880x315.webp 880w, https:\/\/www.waterair.com\/wp-content\/uploads\/2026\/04\/molendini-440x158.webp 440w, https:\/\/www.waterair.com\/wp-content\/uploads\/2026\/04\/molendini-920x330.webp 920w\" sizes=\"auto, (max-width: 1582px) 100vw, 1582px\" \/><\/figure><\/div>\n\n<div  class=\"block-plus content-block\">\n\t\t\t<div class=\"container\">\n\t\t\t<div data-wa=\"fade-up\" class=\"content-block__holder\">\n\t\t\t\t\t\t\t\t\t<div class=\"row justify-content-center\">\n\t\t\t\t\t\t<div class=\"col-10 col-lg-11\">\n\t\t\t\t\t\t\t<h2 class=\"h3 content-block__title text-inherit z-above mb-0\">Kontakt<\/h2>\n\t\t\t\t\t\t<\/div>\n\t\t\t\t\t<\/div>\n\t\t\t\t\t\t\t\t\t\t\t\t\t<div class=\"row justify-content-center\">\n\t\t\t\t\t\t<div class=\"col-10 col-lg-11\">\n\t\t\t\t\t\t\t<div class=\"content-block__description wysiwyg z-above mt-2 mb-0\"><div class=\"qqvbed-p83tee\">\n<p>J\u00f6rg THOKE<\/p>\n<p class=\"qqvbed-p83tee-V1ur5d\"><strong>Telefonnummer: +004915170552613<\/strong><\/p>\n<p class=\"qqvbed-p83tee-lTBxed\"><strong>Email:<span style=\"color: #ffffff;\"> <a style=\"color: #ffffff;\" href=\"mailto:info@mein-traumpool.de\">info@mein-traumpool.de<\/a><\/span><\/strong><\/p>\n<\/div>\n<div class=\"qqvbed-p83tee\">\n<p class=\"qqvbed-p83tee-V1ur5d\"><strong>Postanschrift: Hauptstra\u00dfe 39<span class=\"s_DEF728FF\">\u00a0<\/span>04828<span class=\"s_DEF728FF\">\u00a0<\/span>Machern OT P\u00fcchau<\/strong><\/p>\n<\/div>\n<\/div>\n\t\t\t\t\t\t<\/div>\n\t\t\t\t\t<\/div>\n\t\t\t\t\t\t\t\t<div class=\"row justify-content-end d-none d-lg-flex\">\n                    <div class=\"col-2 col-lg-3\">\n                        <div class=\"content-block__wave-outline\">\n                            <svg width=\"678\" height=\"589\" viewBox=\"0 0 1000 1000\">\n                                <path fill=\"none\" stroke=\"#FFF\" stroke-width=\"2\" opacity=\".2\" data-blob='{\"minRadius\": \"430\",\"maxRadius\":\"490\", \"numPoints\": \"16\"}'><\/path>\n                            <\/svg>\n                        <\/div>\n                    <\/div>\n                <\/div>\n\t\t\t<\/div>\n\t\t<\/div>\n\t<\/div>\n\n\n<div class=\"container block--core-paragraph\"><div class=\"row\"><div class=\"col-12 \">\n<p><\/p>\n<\/div><\/div><\/div>","protected":false},"excerpt":{"rendered":"<p>Partner in Deutschland<\/p>\n","protected":false},"author":10,"featured_media":0,"parent":60863,"menu_order":0,"comment_status":"closed","ping_status":"closed","template":"","meta":{"_acf_changed":false,"om_disable_all_campaigns":false,"footnotes":""},"class_list":["post-612527","page","type-page","status-publish","hentry"],"acf":[],"yoast_head":"<!-- This site is optimized with the Yoast SEO Premium plugin v25.4 (Yoast SEO v27.2) - https:\/\/yoast.com\/product\/yoast-seo-premium-wordpress\/ -->\n<title>Molendini Invest &amp; Beteiligungs GmbH | Waterair Pools<\/title>\n<meta name=\"robots\" content=\"index, follow, max-snippet:-1, max-image-preview:large, max-video-preview:-1\" \/>\n<link rel=\"canonical\" href=\"https:\/\/www.waterair.com\/de\/das-unternehmen\/partner-naehe\/molendini-invest-beteiligungs-gmbh\" \/>\n<meta property=\"og:locale\" content=\"de_DE\" \/>\n<meta property=\"og:type\" content=\"article\" \/>\n<meta property=\"og:title\" content=\"Molendini Invest &amp; Beteiligungs GmbH\" \/>\n<meta property=\"og:description\" content=\"Partner in Deutschland\" \/>\n<meta property=\"og:url\" content=\"https:\/\/www.waterair.com\/de\/das-unternehmen\/partner-naehe\/molendini-invest-beteiligungs-gmbh\" \/>\n<meta property=\"og:site_name\" content=\"Waterair Pools\" \/>\n<meta property=\"article:modified_time\" content=\"2026-04-10T13:18:17+00:00\" \/>\n<meta property=\"og:image\" content=\"https:\/\/www.waterair.com\/wp-content\/uploads\/2026\/04\/molendini.webp\" \/>\n\t<meta property=\"og:image:width\" content=\"1582\" \/>\n\t<meta property=\"og:image:height\" content=\"567\" \/>\n\t<meta property=\"og:image:type\" content=\"image\/webp\" \/>\n<meta name=\"twitter:card\" content=\"summary_large_image\" \/>\n<meta name=\"twitter:label1\" content=\"Gesch\u00e4tzte Lesezeit\" \/>\n\t<meta name=\"twitter:data1\" content=\"1\u00a0Minute\" \/>\n<script type=\"application\/ld+json\" class=\"yoast-schema-graph\">{\"@context\":\"https:\/\/schema.org\",\"@graph\":[{\"@type\":\"WebPage\",\"@id\":\"https:\/\/www.waterair.com\/de\/das-unternehmen\/partner-naehe\/molendini-invest-beteiligungs-gmbh\",\"url\":\"https:\/\/www.waterair.com\/de\/das-unternehmen\/partner-naehe\/molendini-invest-beteiligungs-gmbh\",\"name\":\"Molendini Invest &amp; Beteiligungs GmbH | Waterair Pools\",\"isPartOf\":{\"@id\":\"https:\/\/www.waterair.com\/de\/#website\"},\"primaryImageOfPage\":{\"@id\":\"https:\/\/www.waterair.com\/de\/das-unternehmen\/partner-naehe\/molendini-invest-beteiligungs-gmbh#primaryimage\"},\"image\":{\"@id\":\"https:\/\/www.waterair.com\/de\/das-unternehmen\/partner-naehe\/molendini-invest-beteiligungs-gmbh#primaryimage\"},\"thumbnailUrl\":\"https:\/\/www.waterair.com\/wp-content\/uploads\/2026\/04\/molendini.webp\",\"datePublished\":\"2026-04-10T12:53:30+00:00\",\"dateModified\":\"2026-04-10T13:18:17+00:00\",\"breadcrumb\":{\"@id\":\"https:\/\/www.waterair.com\/de\/das-unternehmen\/partner-naehe\/molendini-invest-beteiligungs-gmbh#breadcrumb\"},\"inLanguage\":\"de\",\"potentialAction\":[{\"@type\":\"ReadAction\",\"target\":[\"https:\/\/www.waterair.com\/de\/das-unternehmen\/partner-naehe\/molendini-invest-beteiligungs-gmbh\"]}]},{\"@type\":\"ImageObject\",\"inLanguage\":\"de\",\"@id\":\"https:\/\/www.waterair.com\/de\/das-unternehmen\/partner-naehe\/molendini-invest-beteiligungs-gmbh#primaryimage\",\"url\":\"https:\/\/www.waterair.com\/wp-content\/uploads\/2026\/04\/molendini.webp\",\"contentUrl\":\"https:\/\/www.waterair.com\/wp-content\/uploads\/2026\/04\/molendini.webp\"},{\"@type\":\"BreadcrumbList\",\"@id\":\"https:\/\/www.waterair.com\/de\/das-unternehmen\/partner-naehe\/molendini-invest-beteiligungs-gmbh#breadcrumb\",\"itemListElement\":[{\"@type\":\"ListItem\",\"position\":1,\"name\":\"Startseite\",\"item\":\"https:\/\/www.waterair.com\/de\"},{\"@type\":\"ListItem\",\"position\":2,\"name\":\"Waterair, europ\u00e4ischer Marktf\u00fchrer f\u00fcr Bausatz-Pools seit 1972\",\"item\":\"https:\/\/www.waterair.com\/de\/das-unternehmen\"},{\"@type\":\"ListItem\",\"position\":3,\"name\":\"Ein Partner in Ihrer N\u00e4he\",\"item\":\"https:\/\/www.waterair.com\/de\/das-unternehmen\/partner-naehe\"},{\"@type\":\"ListItem\",\"position\":4,\"name\":\"Molendini Invest &amp; Beteiligungs GmbH\"}]},{\"@type\":\"WebSite\",\"@id\":\"https:\/\/www.waterair.com\/de\/#website\",\"url\":\"https:\/\/www.waterair.com\/de\/\",\"name\":\"Waterair Pools\",\"description\":\"\",\"potentialAction\":[{\"@type\":\"SearchAction\",\"target\":{\"@type\":\"EntryPoint\",\"urlTemplate\":\"https:\/\/www.waterair.com\/de\/?s={search_term_string}\"},\"query-input\":{\"@type\":\"PropertyValueSpecification\",\"valueRequired\":true,\"valueName\":\"search_term_string\"}}],\"inLanguage\":\"de\"}]}<\/script>\n<!-- \/ Yoast SEO Premium plugin. -->","yoast_head_json":{"title":"Molendini Invest &amp; Beteiligungs GmbH | Waterair Pools","robots":{"index":"index","follow":"follow","max-snippet":"max-snippet:-1","max-image-preview":"max-image-preview:large","max-video-preview":"max-video-preview:-1"},"canonical":"https:\/\/www.waterair.com\/de\/das-unternehmen\/partner-naehe\/molendini-invest-beteiligungs-gmbh","og_locale":"de_DE","og_type":"article","og_title":"Molendini Invest &amp; Beteiligungs GmbH","og_description":"Partner in Deutschland","og_url":"https:\/\/www.waterair.com\/de\/das-unternehmen\/partner-naehe\/molendini-invest-beteiligungs-gmbh","og_site_name":"Waterair Pools","article_modified_time":"2026-04-10T13:18:17+00:00","og_image":[{"width":1582,"height":567,"url":"https:\/\/www.waterair.com\/wp-content\/uploads\/2026\/04\/molendini.webp","type":"image\/webp"}],"twitter_card":"summary_large_image","twitter_misc":{"Gesch\u00e4tzte Lesezeit":"1\u00a0Minute"},"schema":{"@context":"https:\/\/schema.org","@graph":[{"@type":"WebPage","@id":"https:\/\/www.waterair.com\/de\/das-unternehmen\/partner-naehe\/molendini-invest-beteiligungs-gmbh","url":"https:\/\/www.waterair.com\/de\/das-unternehmen\/partner-naehe\/molendini-invest-beteiligungs-gmbh","name":"Molendini Invest &amp; Beteiligungs GmbH | Waterair Pools","isPartOf":{"@id":"https:\/\/www.waterair.com\/de\/#website"},"primaryImageOfPage":{"@id":"https:\/\/www.waterair.com\/de\/das-unternehmen\/partner-naehe\/molendini-invest-beteiligungs-gmbh#primaryimage"},"image":{"@id":"https:\/\/www.waterair.com\/de\/das-unternehmen\/partner-naehe\/molendini-invest-beteiligungs-gmbh#primaryimage"},"thumbnailUrl":"https:\/\/www.waterair.com\/wp-content\/uploads\/2026\/04\/molendini.webp","datePublished":"2026-04-10T12:53:30+00:00","dateModified":"2026-04-10T13:18:17+00:00","breadcrumb":{"@id":"https:\/\/www.waterair.com\/de\/das-unternehmen\/partner-naehe\/molendini-invest-beteiligungs-gmbh#breadcrumb"},"inLanguage":"de","potentialAction":[{"@type":"ReadAction","target":["https:\/\/www.waterair.com\/de\/das-unternehmen\/partner-naehe\/molendini-invest-beteiligungs-gmbh"]}]},{"@type":"ImageObject","inLanguage":"de","@id":"https:\/\/www.waterair.com\/de\/das-unternehmen\/partner-naehe\/molendini-invest-beteiligungs-gmbh#primaryimage","url":"https:\/\/www.waterair.com\/wp-content\/uploads\/2026\/04\/molendini.webp","contentUrl":"https:\/\/www.waterair.com\/wp-content\/uploads\/2026\/04\/molendini.webp"},{"@type":"BreadcrumbList","@id":"https:\/\/www.waterair.com\/de\/das-unternehmen\/partner-naehe\/molendini-invest-beteiligungs-gmbh#breadcrumb","itemListElement":[{"@type":"ListItem","position":1,"name":"Startseite","item":"https:\/\/www.waterair.com\/de"},{"@type":"ListItem","position":2,"name":"Waterair, europ\u00e4ischer Marktf\u00fchrer f\u00fcr Bausatz-Pools seit 1972","item":"https:\/\/www.waterair.com\/de\/das-unternehmen"},{"@type":"ListItem","position":3,"name":"Ein Partner in Ihrer N\u00e4he","item":"https:\/\/www.waterair.com\/de\/das-unternehmen\/partner-naehe"},{"@type":"ListItem","position":4,"name":"Molendini Invest &amp; Beteiligungs GmbH"}]},{"@type":"WebSite","@id":"https:\/\/www.waterair.com\/de\/#website","url":"https:\/\/www.waterair.com\/de\/","name":"Waterair Pools","description":"","potentialAction":[{"@type":"SearchAction","target":{"@type":"EntryPoint","urlTemplate":"https:\/\/www.waterair.com\/de\/?s={search_term_string}"},"query-input":{"@type":"PropertyValueSpecification","valueRequired":true,"valueName":"search_term_string"}}],"inLanguage":"de"}]}},"_links":{"self":[{"href":"https:\/\/www.waterair.com\/de\/wp-json\/wp\/v2\/pages\/612527","targetHints":{"allow":["GET"]}}],"collection":[{"href":"https:\/\/www.waterair.com\/de\/wp-json\/wp\/v2\/pages"}],"about":[{"href":"https:\/\/www.waterair.com\/de\/wp-json\/wp\/v2\/types\/page"}],"author":[{"embeddable":true,"href":"https:\/\/www.waterair.com\/de\/wp-json\/wp\/v2\/users\/10"}],"replies":[{"embeddable":true,"href":"https:\/\/www.waterair.com\/de\/wp-json\/wp\/v2\/comments?post=612527"}],"version-history":[{"count":4,"href":"https:\/\/www.waterair.com\/de\/wp-json\/wp\/v2\/pages\/612527\/revisions"}],"predecessor-version":[{"id":612579,"href":"https:\/\/www.waterair.com\/de\/wp-json\/wp\/v2\/pages\/612527\/revisions\/612579"}],"up":[{"embeddable":true,"href":"https:\/\/www.waterair.com\/de\/wp-json\/wp\/v2\/pages\/60863"}],"wp:attachment":[{"href":"https:\/\/www.waterair.com\/de\/wp-json\/wp\/v2\/media?parent=612527"}],"curies":[{"name":"wp","href":"https:\/\/api.w.org\/{rel}","templated":true}]}}