{"id":96704,"date":"2021-11-29T13:17:42","date_gmt":"2021-11-29T12:17:42","guid":{"rendered":"https:\/\/waterair-nvme.adipso.fr\/?page_id=96704"},"modified":"2021-11-30T09:29:24","modified_gmt":"2021-11-30T08:29:24","slug":"danke","status":"publish","type":"page","link":"https:\/\/www.waterair.com\/de\/danke","title":{"rendered":"Danke,"},"content":{"rendered":"<div class=\"container block--core-paragraph\"><div class=\"row\"><div class=\"col-12 \">\n<p>Danke.<\/p>\n<\/div><\/div><\/div>\n\n<div class=\"container block--core-paragraph\"><div class=\"row\"><div class=\"col-12 \">\n<p>Wir haben Ihre Nachricht zur Kenntnis genommen und setzen uns so schnell wie m\u00f6glich mit Ihnen in Verbindung.<br>Unseren Partner in der N\u00e4he in Ihrem Land&nbsp;<a href=\"https:\/\/www.waterair.com\/de\/das-unternehmen\/partner-naehe\">finden Sie hier<\/a>.<br>Falls Sie Partner von Piscines Waterair werden m\u00f6chten und unsere Schwimmb\u00e4der in Ihrem Land anbieten m\u00f6chten,&nbsp;<a href=\"https:\/\/waterair.pro\/en\/\">k\u00f6nnen wir uns hier<\/a>&nbsp;(auf Englisch) kennenlernen.<\/p>\n<\/div><\/div><\/div>\n\n<div class=\"container block--core-paragraph\"><div class=\"row\"><div class=\"col-12 \">\n<p>Bis sehr bald,<\/p>\n<\/div><\/div><\/div>\n\n<div class=\"container block--core-paragraph\"><div class=\"row\"><div class=\"col-12 \">\n<p>Schwimmbader Waterair<\/p>\n<\/div><\/div><\/div>","protected":false},"excerpt":{"rendered":"<p>Danke. Wir haben Ihre Nachricht zur Kenntnis genommen und setzen uns so schnell wie m\u00f6glich mit Ihnen in Verbindung.Unseren Partner in der N\u00e4he in Ihrem Land&nbsp;finden Sie hier.Falls Sie Partner von Piscines Waterair werden m\u00f6chten und unsere Schwimmb\u00e4der in Ihrem Land anbieten m\u00f6chten,&nbsp;k\u00f6nnen wir uns hier&nbsp;(auf Englisch) kennenlernen. Bis sehr bald, Schwimmbader Waterair<\/p>\n","protected":false},"author":8,"featured_media":92485,"parent":0,"menu_order":0,"comment_status":"closed","ping_status":"closed","template":"merci.php","meta":{"_acf_changed":false,"om_disable_all_campaigns":false,"footnotes":""},"class_list":["post-96704","page","type-page","status-publish","has-post-thumbnail","hentry"],"acf":[],"yoast_head":"<!-- This site is optimized with the Yoast SEO Premium plugin v25.4 (Yoast SEO v27.2) - https:\/\/yoast.com\/product\/yoast-seo-premium-wordpress\/ -->\n<title>Danke, | Waterair Pools<\/title>\n<meta name=\"robots\" content=\"noindex, nofollow\" \/>\n<meta property=\"og:locale\" content=\"de_DE\" \/>\n<meta property=\"og:type\" content=\"article\" \/>\n<meta property=\"og:title\" content=\"Danke,\" \/>\n<meta property=\"og:description\" content=\"Danke. Wir haben Ihre Nachricht zur Kenntnis genommen und setzen uns so schnell wie m\u00f6glich mit Ihnen in Verbindung.Unseren Partner in der N\u00e4he in Ihrem Land&nbsp;finden Sie hier.Falls Sie Partner von Piscines Waterair werden m\u00f6chten und unsere Schwimmb\u00e4der in Ihrem Land anbieten m\u00f6chten,&nbsp;k\u00f6nnen wir uns hier&nbsp;(auf Englisch) kennenlernen. Bis sehr bald, Schwimmbader Waterair\" \/>\n<meta property=\"og:url\" content=\"https:\/\/www.waterair.com\/de\/danke\" \/>\n<meta property=\"og:site_name\" content=\"Waterair Pools\" \/>\n<meta property=\"article:modified_time\" content=\"2021-11-30T08:29:24+00:00\" \/>\n<meta property=\"og:image\" content=\"https:\/\/www.waterair.com\/wp-content\/uploads\/2021\/11\/ei-1.jpg\" \/>\n\t<meta property=\"og:image:width\" content=\"1920\" \/>\n\t<meta property=\"og:image:height\" content=\"400\" \/>\n\t<meta property=\"og:image:type\" content=\"image\/jpeg\" \/>\n<meta name=\"twitter:card\" content=\"summary_large_image\" \/>\n<meta name=\"twitter:label1\" content=\"Gesch\u00e4tzte Lesezeit\" \/>\n\t<meta name=\"twitter:data1\" content=\"1\u00a0Minute\" \/>\n<script type=\"application\/ld+json\" class=\"yoast-schema-graph\">{\"@context\":\"https:\/\/schema.org\",\"@graph\":[{\"@type\":\"WebPage\",\"@id\":\"https:\/\/www.waterair.com\/de\/danke\",\"url\":\"https:\/\/www.waterair.com\/de\/danke\",\"name\":\"Danke, | Waterair Pools\",\"isPartOf\":{\"@id\":\"https:\/\/www.waterair.com\/de\/#website\"},\"primaryImageOfPage\":{\"@id\":\"https:\/\/www.waterair.com\/de\/danke#primaryimage\"},\"image\":{\"@id\":\"https:\/\/www.waterair.com\/de\/danke#primaryimage\"},\"thumbnailUrl\":\"https:\/\/www.waterair.com\/wp-content\/uploads\/2021\/11\/ei-1.jpg\",\"datePublished\":\"2021-11-29T12:17:42+00:00\",\"dateModified\":\"2021-11-30T08:29:24+00:00\",\"breadcrumb\":{\"@id\":\"https:\/\/www.waterair.com\/de\/danke#breadcrumb\"},\"inLanguage\":\"de\",\"potentialAction\":[{\"@type\":\"ReadAction\",\"target\":[\"https:\/\/www.waterair.com\/de\/danke\"]}]},{\"@type\":\"ImageObject\",\"inLanguage\":\"de\",\"@id\":\"https:\/\/www.waterair.com\/de\/danke#primaryimage\",\"url\":\"https:\/\/www.waterair.com\/wp-content\/uploads\/2021\/11\/ei-1.jpg\",\"contentUrl\":\"https:\/\/www.waterair.com\/wp-content\/uploads\/2021\/11\/ei-1.jpg\",\"width\":1920,\"height\":400},{\"@type\":\"BreadcrumbList\",\"@id\":\"https:\/\/www.waterair.com\/de\/danke#breadcrumb\",\"itemListElement\":[{\"@type\":\"ListItem\",\"position\":1,\"name\":\"Startseite\",\"item\":\"https:\/\/www.waterair.com\/de\"},{\"@type\":\"ListItem\",\"position\":2,\"name\":\"Danke,\"}]},{\"@type\":\"WebSite\",\"@id\":\"https:\/\/www.waterair.com\/de\/#website\",\"url\":\"https:\/\/www.waterair.com\/de\/\",\"name\":\"Waterair Pools\",\"description\":\"\",\"potentialAction\":[{\"@type\":\"SearchAction\",\"target\":{\"@type\":\"EntryPoint\",\"urlTemplate\":\"https:\/\/www.waterair.com\/de\/?s={search_term_string}\"},\"query-input\":{\"@type\":\"PropertyValueSpecification\",\"valueRequired\":true,\"valueName\":\"search_term_string\"}}],\"inLanguage\":\"de\"}]}<\/script>\n<!-- \/ Yoast SEO Premium plugin. -->","yoast_head_json":{"title":"Danke, | Waterair Pools","robots":{"index":"noindex","follow":"nofollow"},"og_locale":"de_DE","og_type":"article","og_title":"Danke,","og_description":"Danke. Wir haben Ihre Nachricht zur Kenntnis genommen und setzen uns so schnell wie m\u00f6glich mit Ihnen in Verbindung.Unseren Partner in der N\u00e4he in Ihrem Land&nbsp;finden Sie hier.Falls Sie Partner von Piscines Waterair werden m\u00f6chten und unsere Schwimmb\u00e4der in Ihrem Land anbieten m\u00f6chten,&nbsp;k\u00f6nnen wir uns hier&nbsp;(auf Englisch) kennenlernen. Bis sehr bald, Schwimmbader Waterair","og_url":"https:\/\/www.waterair.com\/de\/danke","og_site_name":"Waterair Pools","article_modified_time":"2021-11-30T08:29:24+00:00","og_image":[{"width":1920,"height":400,"url":"https:\/\/www.waterair.com\/wp-content\/uploads\/2021\/11\/ei-1.jpg","type":"image\/jpeg"}],"twitter_card":"summary_large_image","twitter_misc":{"Gesch\u00e4tzte Lesezeit":"1\u00a0Minute"},"schema":{"@context":"https:\/\/schema.org","@graph":[{"@type":"WebPage","@id":"https:\/\/www.waterair.com\/de\/danke","url":"https:\/\/www.waterair.com\/de\/danke","name":"Danke, | Waterair Pools","isPartOf":{"@id":"https:\/\/www.waterair.com\/de\/#website"},"primaryImageOfPage":{"@id":"https:\/\/www.waterair.com\/de\/danke#primaryimage"},"image":{"@id":"https:\/\/www.waterair.com\/de\/danke#primaryimage"},"thumbnailUrl":"https:\/\/www.waterair.com\/wp-content\/uploads\/2021\/11\/ei-1.jpg","datePublished":"2021-11-29T12:17:42+00:00","dateModified":"2021-11-30T08:29:24+00:00","breadcrumb":{"@id":"https:\/\/www.waterair.com\/de\/danke#breadcrumb"},"inLanguage":"de","potentialAction":[{"@type":"ReadAction","target":["https:\/\/www.waterair.com\/de\/danke"]}]},{"@type":"ImageObject","inLanguage":"de","@id":"https:\/\/www.waterair.com\/de\/danke#primaryimage","url":"https:\/\/www.waterair.com\/wp-content\/uploads\/2021\/11\/ei-1.jpg","contentUrl":"https:\/\/www.waterair.com\/wp-content\/uploads\/2021\/11\/ei-1.jpg","width":1920,"height":400},{"@type":"BreadcrumbList","@id":"https:\/\/www.waterair.com\/de\/danke#breadcrumb","itemListElement":[{"@type":"ListItem","position":1,"name":"Startseite","item":"https:\/\/www.waterair.com\/de"},{"@type":"ListItem","position":2,"name":"Danke,"}]},{"@type":"WebSite","@id":"https:\/\/www.waterair.com\/de\/#website","url":"https:\/\/www.waterair.com\/de\/","name":"Waterair Pools","description":"","potentialAction":[{"@type":"SearchAction","target":{"@type":"EntryPoint","urlTemplate":"https:\/\/www.waterair.com\/de\/?s={search_term_string}"},"query-input":{"@type":"PropertyValueSpecification","valueRequired":true,"valueName":"search_term_string"}}],"inLanguage":"de"}]}},"_links":{"self":[{"href":"https:\/\/www.waterair.com\/de\/wp-json\/wp\/v2\/pages\/96704","targetHints":{"allow":["GET"]}}],"collection":[{"href":"https:\/\/www.waterair.com\/de\/wp-json\/wp\/v2\/pages"}],"about":[{"href":"https:\/\/www.waterair.com\/de\/wp-json\/wp\/v2\/types\/page"}],"author":[{"embeddable":true,"href":"https:\/\/www.waterair.com\/de\/wp-json\/wp\/v2\/users\/8"}],"replies":[{"embeddable":true,"href":"https:\/\/www.waterair.com\/de\/wp-json\/wp\/v2\/comments?post=96704"}],"version-history":[{"count":2,"href":"https:\/\/www.waterair.com\/de\/wp-json\/wp\/v2\/pages\/96704\/revisions"}],"predecessor-version":[{"id":97094,"href":"https:\/\/www.waterair.com\/de\/wp-json\/wp\/v2\/pages\/96704\/revisions\/97094"}],"wp:featuredmedia":[{"embeddable":true,"href":"https:\/\/www.waterair.com\/de\/wp-json\/wp\/v2\/media\/92485"}],"wp:attachment":[{"href":"https:\/\/www.waterair.com\/de\/wp-json\/wp\/v2\/media?parent=96704"}],"curies":[{"name":"wp","href":"https:\/\/api.w.org\/{rel}","templated":true}]}}