{"id":33022,"date":"2021-10-29T20:10:12","date_gmt":"2021-10-29T18:10:12","guid":{"rendered":"https:\/\/waterair-preprod2.adipso.fr\/elegir-un-fabricante-de-piscinas"},"modified":"2026-01-09T14:50:53","modified_gmt":"2026-01-09T13:50:53","slug":"elegir-un-fabricante-de-piscinas","status":"publish","type":"page","link":"https:\/\/www.waterair.com\/es\/proyecto-piscina\/elegir-un-fabricante-de-piscinas","title":{"rendered":"\u00bfQu\u00e9 piscinista elegir?"},"content":{"rendered":"<div  class=\"block-content-media  content-block   has-no-title\">\n            <div class=\"container\">\n            <div class=\"row\">\n                <div class=\"col\">\n                    <div class=\"row flex-column flex-md-row \">\n                        <div class=\"content-block__col col-12 d-flex flex-column align-items-md-start order-lg-2\">\n                                                                                                                                                <div data-wa=\"fade-up\" data-wa-delay=\"400\" class=\"content-block__description text--sm text-weight--300 mb-0\">\n                                    <p>La compra de una piscina es un proceso serio que solo se hace una vez en la vida. Por tanto, es esencial elegir a un profesional competente, serio y riguroso..<\/p>\n<p><strong>Competente<\/strong> &#8211; Debe poder aportarle todos los consejos necesarios respecto a su proyecto de piscina, desde los m\u00e1s est\u00e9ticos a los m\u00e1s t\u00e9cnicos: tama\u00f1o, forma, sistema de filtraci\u00f3n, etc. sin olvidar la seguridad. Sus consejos deber\u00e1n responder al uso futuro de su piscina, su terreno y su presupuesto.<\/p>\n<p><strong>Serio<\/strong> &#8211; \u00a1Cuidado con el vendedor al que solo le interesa la compra! Las promesas se deben cumplir, y la asistencia no se debe limitar al momento de la compra, sino que deber\u00e1 ser permanente.<\/p>\n<p><strong>Riguroso<\/strong> &#8211; Es importante la presencia de un Servicio posventa y poder contar con buenas garant\u00edas, como m\u00ednimo de diez a\u00f1os.<\/p>\n<p><strong>Sello ProPiscines\u00ae<\/strong> &#8211; Elija una empresa con el sello ProPiscines\u00ae, una etiqueta concedida por la Federeci\u00f3n de los Profesionales de las Piscinas (FPP) que garantiza tanto desde el punto de vista moral como profesional, el suministro de prestaciones de calidad a la altura de la normas y reglamentaci\u00f3n en vigor.<\/p>\n<p>A este respecto, existen 3 niveles de certificaci\u00f3n:<\/p>\n<ul>\n<li><strong>ProPiscines\u00ae comprometido\u00a0<\/strong>: carta la empresa firma una de compromisos en 5 puntos<\/li>\n<li><strong>ProPiscines\u00ae cualificado<\/strong> : el fabricante de piscinas cuenta con la cualificaci\u00f3n de Certificacion Socotec<\/li>\n<li><strong>Propiscines\u00ae certificado<\/strong> (el m\u00e1s fiable) : la seriedad de la empresa es evaluada por una auditor\u00eda de la Certificaci\u00f3n Socotec<\/li>\n<\/ul>\n<p><strong>Solo hay 11 fabricantes de piscinas \u00abProPiscines\u00ae certificados\u00bb entre los que se encuentra Piscinas Waterair.<\/strong><\/p>\n<h2>\u00bfPor qu\u00e9 Piscinas Waterair?<\/h2>\n<p>Piscinas Waterair es una <a href=\"https:\/\/www.waterair.com\/es\/el-grupo\">empresa familiar basada en Alsacia<\/a> <strong> desde hace m\u00e1s de +50 a\u00f1os e implantada en 29 pa\u00edses<\/strong>. Con sus <strong>certificaciones ProPiscines\u00ae, ISO 9001<\/strong> y sus <strong>garant\u00edas<\/strong>, son m\u00e1s de <strong>139 000\u00a0familias<\/strong> las que han confiado a la empresa sus proyectos de piscinas.<\/p>\n<p>Las piscinas Waterair son:<\/p>\n<ul>\n<li><strong><a href=\"https:\/\/www.waterair.com\/es\/piscinas-y-equipos\/piscinas\/tipo-de-piscine\/piscinas-a-medida\">piscinas a medida<\/a><\/strong> : 57 modelos, miles de combinaciones posibles de tama\u00f1o, forma, color, profundidad, etc., para que tenga la piscina con la que siempre ha so\u00f1ado.<\/li>\n<li>Piscinas resistentes para todo tipo de terrenos: el armaz\u00f3n est\u00e1 compuesto por paneles de acero estructurado de gran espesor, una tecnolog\u00eda exclusiva y patentada que garantiza la <a href=\"https:\/\/www.waterair.com\/es\/el-grupo\/el-panel-waterair\">solidez de la piscina a lo largo del tiempo<\/a>. Seg\u00fan un informe de la consultora V\u00e9ritas, nuestros paneles tienen una estabilidad que puede igualar a la de un muro de hormig\u00f3n de 49 cm de ancho.<\/li>\n<li><strong>piscinas f\u00e1ciles de instalar<\/strong> ;<\/li>\n<li><strong>piscinas econ\u00f3micas<\/strong> : nuestros clientes, al montar las piscinas ellos mismos, ahorran entre un <strong>30 y un 50 % en la mano de obra, pero no en la calidad<\/strong> ;<\/li>\n<li><strong>piscinas garantizadas: 30 a\u00f1os para la estructura y 12 a\u00f1os para el liner.<\/strong><\/li>\n<\/ul>\n<p>Piscinas Waterair asesora a sus clientes en la elecci\u00f3n de su piscina y a lo largo de su vida \u00fatil.<\/p>\n<h2>\u00bfPor qu\u00e9 elegir un fabricante de piscinas con la certificaci\u00f3n ProPiscines\u00ae?<\/h2>\n<p>Elegir a un profesional ProPiscines\u00ae significa contar con lo mejor del mercado de la piscina. Concedida por la FPP, esta certificaci\u00f3n es al mismo tiempo una garant\u00eda de reconocimiento para los profesionales y una <strong>garant\u00eda de confianza para los compradores de la piscina.<\/strong>.<\/p>\n<p>La carta ProPiscines\u00ae impone un cierto n\u00famero de criterios para los profesionales que la firman que se comprometen a respectar los elementos siguientes:<\/p>\n<ul>\n<li><strong>Seguros<\/strong>\u00a0La empresa se compromete a contar con el seguro de <strong>responsabilidad civil profesional y una garant\u00eda como m\u00ednimo decenal<\/strong> que cubra sus actividades. Junto con el presupuesto, se entregar\u00e1 al cliente un certificado (como muy tarde, a la firma de la orden de compra).<\/li>\n<li><strong>Seguridad<\/strong>\u00a0La empresa est <strong>comprometida con la seguridad<\/strong>, ya sea en el lugar de construcci\u00f3n o durante la utilizaci\u00f3n de la piscina (consejos sobre los dispositivos de seguridad que aplicar y entrega de una nota t\u00e9cnica sobre la seguridad).<\/li>\n<li><strong>Preservaci\u00f3n del entorno y del agua<\/strong>\u00a0El fabricante de piscinas es responsable, e informa a su cliente sobre el uso de los productos de tratamiento y las acciones a realizar para un uso eficiente de su piscina (concretamente, ahorro de energ\u00eda y de agua).<\/li>\n<li><strong>Precedencia<\/strong>\u00a0La estructura tiene al menos 3 a\u00f1os de antig\u00fcedad en el mercado.<\/li>\n<li><strong>Informaci\u00f3n y Servicio al Cliente<\/strong> :\u00a0La empresa aconseja al cliente a lo largo de todo el proyecto. Le entrega su carta de compromisos y respeta el proceso de venta. Cuando el cliente recibe la construcci\u00f3n, se realizar\u00e1 y se explicar\u00e1 la puesta en servicio con ayuda de la gu\u00eda de utilizaci\u00f3n de la piscina junto con los manuales necesarios. Se establecer\u00e1 un acta de recepci\u00f3n. La empresa asegura igualmente un Servicio posventa.<\/li>\n<li><strong>Formaci\u00f3n<\/strong> :\u00a0<strong>El personal es formado e informado con frecuencia <\/strong> tanto sobre la conducta profesional que debe mantener como sobre las normas de los productos.<\/li>\n<\/ul>\n<p><strong>Ser ProPiscines\u00ae certificado, significa adem\u00e1s:<\/strong><\/p>\n<ul>\n<li>Estar <strong>disponible 5 d\u00edas de la semana como m\u00ednimo <\/strong> y accesible con un contestador en las horas de cierre ;<\/li>\n<li><strong>Disponer de una certificaci\u00f3n de servicios entregada por un organismo tercero y acreditado<\/strong> siendoauditado por la Certificaci\u00f3n Socotec ;<\/li>\n<li><strong>Establecer un informe t\u00e9cnico para cada obra <\/strong> y realizar un <strong>seguimiento regular de la obra hasta su recepci\u00f3n<\/strong> en los plazos convenidos (salvo imprevistos) ;<\/li>\n<\/ul>\n<p>Ya lo habr\u00e1 comprendido: elegir un fabricante de piscinas no es tarea f\u00e1cil. T\u00f3mese el tiempo para informarse.<\/p>\n                                <\/div>\n                                                                                        <div data-wa=\"fade-up\" data-wa-delay=\"500\">\n                                                                    <\/div>\n                                                    <\/div>\n                                            <\/div>\n                <\/div>\n            <\/div>\n        <\/div>\n    <\/div>","protected":false},"excerpt":{"rendered":"","protected":false},"author":1,"featured_media":0,"parent":32165,"menu_order":0,"comment_status":"closed","ping_status":"closed","template":"","meta":{"_acf_changed":false,"om_disable_all_campaigns":false,"footnotes":""},"class_list":["post-33022","page","type-page","status-publish","hentry"],"acf":[],"yoast_head":"<!-- This site is optimized with the Yoast SEO Premium plugin v25.4 (Yoast SEO v27.2) - https:\/\/yoast.com\/product\/yoast-seo-premium-wordpress\/ -->\n<title>Elegir un piscinista - consejos, precios, garant\u00eda, FPP &amp; ProPiscines\u00ae\u2026<\/title>\n<meta name=\"description\" content=\"Descubra los criterios que debe tener en cuenta para elegir su piscina y las ventajas de las Piscinas Waterair.\" \/>\n<meta name=\"robots\" content=\"index, follow, max-snippet:-1, max-image-preview:large, max-video-preview:-1\" \/>\n<link rel=\"canonical\" href=\"https:\/\/www.waterair.com\/es\/proyecto-piscina\/elegir-un-fabricante-de-piscinas\" \/>\n<meta property=\"og:locale\" content=\"es_ES\" \/>\n<meta property=\"og:type\" content=\"article\" \/>\n<meta property=\"og:title\" content=\"\u00bfQu\u00e9 piscinista elegir?\" \/>\n<meta property=\"og:description\" content=\"Descubra los criterios que debe tener en cuenta para elegir su piscina y las ventajas de las Piscinas Waterair.\" \/>\n<meta property=\"og:url\" content=\"https:\/\/www.waterair.com\/es\/proyecto-piscina\/elegir-un-fabricante-de-piscinas\" \/>\n<meta property=\"og:site_name\" content=\"Piscinas Waterair\" \/>\n<meta property=\"article:modified_time\" content=\"2026-01-09T13:50:53+00:00\" \/>\n<meta name=\"twitter:card\" content=\"summary_large_image\" \/>\n<meta name=\"twitter:label1\" content=\"Tiempo de lectura\" \/>\n\t<meta name=\"twitter:data1\" content=\"5 minutos\" \/>\n<script type=\"application\/ld+json\" class=\"yoast-schema-graph\">{\"@context\":\"https:\/\/schema.org\",\"@graph\":[{\"@type\":\"WebPage\",\"@id\":\"https:\/\/www.waterair.com\/es\/proyecto-piscina\/elegir-un-fabricante-de-piscinas\",\"url\":\"https:\/\/www.waterair.com\/es\/proyecto-piscina\/elegir-un-fabricante-de-piscinas\",\"name\":\"Elegir un piscinista - consejos, precios, garant\u00eda, FPP & ProPiscines\u00ae\u2026\",\"isPartOf\":{\"@id\":\"https:\/\/www.waterair.com\/es\/#website\"},\"datePublished\":\"2021-10-29T18:10:12+00:00\",\"dateModified\":\"2026-01-09T13:50:53+00:00\",\"description\":\"Descubra los criterios que debe tener en cuenta para elegir su piscina y las ventajas de las Piscinas Waterair.\",\"breadcrumb\":{\"@id\":\"https:\/\/www.waterair.com\/es\/proyecto-piscina\/elegir-un-fabricante-de-piscinas#breadcrumb\"},\"inLanguage\":\"es\",\"potentialAction\":[{\"@type\":\"ReadAction\",\"target\":[\"https:\/\/www.waterair.com\/es\/proyecto-piscina\/elegir-un-fabricante-de-piscinas\"]}]},{\"@type\":\"BreadcrumbList\",\"@id\":\"https:\/\/www.waterair.com\/es\/proyecto-piscina\/elegir-un-fabricante-de-piscinas#breadcrumb\",\"itemListElement\":[{\"@type\":\"ListItem\",\"position\":1,\"name\":\"Inicio\",\"item\":\"https:\/\/www.waterair.com\/es\"},{\"@type\":\"ListItem\",\"position\":2,\"name\":\"Proyecto de piscina: toda la informaci\u00f3n\",\"item\":\"https:\/\/www.waterair.com\/es\/proyecto-piscina\"},{\"@type\":\"ListItem\",\"position\":3,\"name\":\"\u00bfQu\u00e9 piscinista elegir?\"}]},{\"@type\":\"WebSite\",\"@id\":\"https:\/\/www.waterair.com\/es\/#website\",\"url\":\"https:\/\/www.waterair.com\/es\/\",\"name\":\"Piscinas Waterair\",\"description\":\"\",\"potentialAction\":[{\"@type\":\"SearchAction\",\"target\":{\"@type\":\"EntryPoint\",\"urlTemplate\":\"https:\/\/www.waterair.com\/es\/?s={search_term_string}\"},\"query-input\":{\"@type\":\"PropertyValueSpecification\",\"valueRequired\":true,\"valueName\":\"search_term_string\"}}],\"inLanguage\":\"es\"}]}<\/script>\n<!-- \/ Yoast SEO Premium plugin. -->","yoast_head_json":{"title":"Elegir un piscinista - consejos, precios, garant\u00eda, FPP & ProPiscines\u00ae\u2026","description":"Descubra los criterios que debe tener en cuenta para elegir su piscina y las ventajas de las Piscinas Waterair.","robots":{"index":"index","follow":"follow","max-snippet":"max-snippet:-1","max-image-preview":"max-image-preview:large","max-video-preview":"max-video-preview:-1"},"canonical":"https:\/\/www.waterair.com\/es\/proyecto-piscina\/elegir-un-fabricante-de-piscinas","og_locale":"es_ES","og_type":"article","og_title":"\u00bfQu\u00e9 piscinista elegir?","og_description":"Descubra los criterios que debe tener en cuenta para elegir su piscina y las ventajas de las Piscinas Waterair.","og_url":"https:\/\/www.waterair.com\/es\/proyecto-piscina\/elegir-un-fabricante-de-piscinas","og_site_name":"Piscinas Waterair","article_modified_time":"2026-01-09T13:50:53+00:00","twitter_card":"summary_large_image","twitter_misc":{"Tiempo de lectura":"5 minutos"},"schema":{"@context":"https:\/\/schema.org","@graph":[{"@type":"WebPage","@id":"https:\/\/www.waterair.com\/es\/proyecto-piscina\/elegir-un-fabricante-de-piscinas","url":"https:\/\/www.waterair.com\/es\/proyecto-piscina\/elegir-un-fabricante-de-piscinas","name":"Elegir un piscinista - consejos, precios, garant\u00eda, FPP & ProPiscines\u00ae\u2026","isPartOf":{"@id":"https:\/\/www.waterair.com\/es\/#website"},"datePublished":"2021-10-29T18:10:12+00:00","dateModified":"2026-01-09T13:50:53+00:00","description":"Descubra los criterios que debe tener en cuenta para elegir su piscina y las ventajas de las Piscinas Waterair.","breadcrumb":{"@id":"https:\/\/www.waterair.com\/es\/proyecto-piscina\/elegir-un-fabricante-de-piscinas#breadcrumb"},"inLanguage":"es","potentialAction":[{"@type":"ReadAction","target":["https:\/\/www.waterair.com\/es\/proyecto-piscina\/elegir-un-fabricante-de-piscinas"]}]},{"@type":"BreadcrumbList","@id":"https:\/\/www.waterair.com\/es\/proyecto-piscina\/elegir-un-fabricante-de-piscinas#breadcrumb","itemListElement":[{"@type":"ListItem","position":1,"name":"Inicio","item":"https:\/\/www.waterair.com\/es"},{"@type":"ListItem","position":2,"name":"Proyecto de piscina: toda la informaci\u00f3n","item":"https:\/\/www.waterair.com\/es\/proyecto-piscina"},{"@type":"ListItem","position":3,"name":"\u00bfQu\u00e9 piscinista elegir?"}]},{"@type":"WebSite","@id":"https:\/\/www.waterair.com\/es\/#website","url":"https:\/\/www.waterair.com\/es\/","name":"Piscinas Waterair","description":"","potentialAction":[{"@type":"SearchAction","target":{"@type":"EntryPoint","urlTemplate":"https:\/\/www.waterair.com\/es\/?s={search_term_string}"},"query-input":{"@type":"PropertyValueSpecification","valueRequired":true,"valueName":"search_term_string"}}],"inLanguage":"es"}]}},"_links":{"self":[{"href":"https:\/\/www.waterair.com\/es\/wp-json\/wp\/v2\/pages\/33022","targetHints":{"allow":["GET"]}}],"collection":[{"href":"https:\/\/www.waterair.com\/es\/wp-json\/wp\/v2\/pages"}],"about":[{"href":"https:\/\/www.waterair.com\/es\/wp-json\/wp\/v2\/types\/page"}],"author":[{"embeddable":true,"href":"https:\/\/www.waterair.com\/es\/wp-json\/wp\/v2\/users\/1"}],"replies":[{"embeddable":true,"href":"https:\/\/www.waterair.com\/es\/wp-json\/wp\/v2\/comments?post=33022"}],"version-history":[{"count":5,"href":"https:\/\/www.waterair.com\/es\/wp-json\/wp\/v2\/pages\/33022\/revisions"}],"predecessor-version":[{"id":575511,"href":"https:\/\/www.waterair.com\/es\/wp-json\/wp\/v2\/pages\/33022\/revisions\/575511"}],"up":[{"embeddable":true,"href":"https:\/\/www.waterair.com\/es\/wp-json\/wp\/v2\/pages\/32165"}],"wp:attachment":[{"href":"https:\/\/www.waterair.com\/es\/wp-json\/wp\/v2\/media?parent=33022"}],"curies":[{"name":"wp","href":"https:\/\/api.w.org\/{rel}","templated":true}]}}