{"id":35759,"date":"2021-10-29T20:50:03","date_gmt":"2021-10-29T18:50:03","guid":{"rendered":"https:\/\/waterair-preprod2.adipso.fr\/terreno"},"modified":"2022-01-11T14:04:50","modified_gmt":"2022-01-11T13:04:50","slug":"terreno","status":"publish","type":"page","link":"https:\/\/www.waterair.com\/es\/consejos\/terreno","title":{"rendered":"Terreno para Piscina: para cada jard\u00edn, hay una p\u00ecscina Waterair"},"content":{"rendered":"<div class=\"container block--core-paragraph\"><div class=\"row\"><div class=\"col-12 \">\n<p>Gracias a su tecnolog\u00eda patentada de <a href=\"\/es\/el-grupo\/el-panel-waterair\">paneles de acero ondulado<\/a>, las piscinas Waterair se adaptan a todo tipo de terrenos. Ya sea rectil\u00edneo o escarpado, plano, desnivelado o muy inclinado, encontrar\u00e1 en nuestros modelos la piscina que se adapte a las formas de su jard\u00edn. La piscina a medida se personaliza a su gusto. Puede elegirlo todo: la forma, el fondo, la escalera y los equipamientos. \u00a1Sea como sea su jard\u00edn, nuestras piscinas son todoterreno!<\/p>\n<\/div><\/div><\/div>\n\n<div  class=\"block-links  content-block\">\n\t\t\t\t\t\t\t\t<div data-wa=\"fade-up\" data-wa-delay=\"300\" class=\"content-block__slider splide\" data-splide>\n\t\t\t\t<div class=\"splide__track\">\n\t\t\t\t\t<div class=\"splide__list\">\n\t\t\t\t\t\t\t\t\t\t\t\t\t\t\t\t\t\t\t\t\t<a data-wa=\"fade-up\" href=\"https:\/\/www.waterair.com\/es\/piscinas-y-equipos\/piscinas\/tamanos-de-piscina\/piscina-jardin-pequeno\" class=\"item-card is-size-card splide__slide \">\n\t<div class=\"item-card__infos item-card__infos--simple\">\n\t\t<h3 class=\"item-card__title mb-0 c-white\">Piscina jard\u00edn peque\u00f1o<\/h3>\n\t\t\t<\/div>\n\t\t<img loading=\"lazy\" decoding=\"async\" width=\"540\" height=\"540\" src=\"https:\/\/www.waterair.com\/wp-content\/uploads\/2021\/10\/piscine-mini-sara-5-1-540x540.jpg\" class=\"attachment-card size-card\" alt=\"C\u00f3mo construir una piscina en un jard\u00edn peque\u00f1o?\" srcset=\"https:\/\/www.waterair.com\/wp-content\/uploads\/2021\/10\/piscine-mini-sara-5-1-540x540.jpg 540w, https:\/\/www.waterair.com\/wp-content\/uploads\/2021\/10\/piscine-mini-sara-5-1-1080x1080.jpg 1080w, https:\/\/www.waterair.com\/wp-content\/uploads\/2021\/10\/piscine-mini-sara-5-1-480x480.jpg 480w, https:\/\/www.waterair.com\/wp-content\/uploads\/2021\/10\/piscine-mini-sara-5-1-240x240.jpg 240w, https:\/\/www.waterair.com\/wp-content\/uploads\/2021\/10\/piscine-mini-sara-5-1-150x150.jpg 150w, https:\/\/www.waterair.com\/wp-content\/uploads\/2021\/10\/piscine-mini-sara-5-1-75x75.jpg 75w, https:\/\/www.waterair.com\/wp-content\/uploads\/2021\/10\/piscine-mini-sara-5-1-780x780.jpg 780w, https:\/\/www.waterair.com\/wp-content\/uploads\/2021\/10\/piscine-mini-sara-5-1-390x390.jpg 390w, https:\/\/www.waterair.com\/wp-content\/uploads\/2021\/10\/piscine-mini-sara-5-1-320x320.jpg 320w, https:\/\/www.waterair.com\/wp-content\/uploads\/2021\/10\/piscine-mini-sara-5-1-160x160.jpg 160w\" sizes=\"auto, (max-width: 540px) 100vw, 540px\" \/><\/a>\t\t\t\t\t\t\t\t\t\t\t\t\t\t\t\t\t\t\t\t\t\t\t\t\t\t\t\t<a data-wa=\"fade-up\" href=\"https:\/\/www.waterair.com\/es\/consejos\/terreno\/construir-una-piscina-en-un-terreno-en-pendiente\" class=\"item-card is-size-card splide__slide has-description\">\n\t<div class=\"item-card__infos item-card__infos--simple\">\n\t\t<h3 class=\"item-card__title mb-0 c-white\">Piscina en terreno en inclinado<\/h3>\n\t\t\t\t\t\t\t\t\t<div class=\"item-card__description mb-0\">El 80% del mantenimiento del agua se realiza mediante filtraci\u00f3n (tratamiento f\u00edsico) y el 20% mediante productos de mantenimiento (tratamiento mec\u00e1nico o qu\u00edmico). La elecci\u00f3n del sistema de filtraci\u00f3n es, por tanto, un elemento clave de su piscina que determina su facilidad de mantenimiento y su presupuesto. Por ello, Piscinas Waterair ha desarrollado soluciones especialmente econ\u00f3micas y eficaces.<\/div>\n\t\t\t\t\t\t<\/div>\n\t\t<img loading=\"lazy\" decoding=\"async\" width=\"540\" height=\"540\" src=\"https:\/\/www.waterair.com\/wp-content\/uploads\/2025\/12\/rectangle-pente-plage-bois-540x540.webp\" class=\"attachment-card size-card\" alt=\"piscine rectangle pente plage bois\" srcset=\"https:\/\/www.waterair.com\/wp-content\/uploads\/2025\/12\/rectangle-pente-plage-bois-540x540.webp 540w, https:\/\/www.waterair.com\/wp-content\/uploads\/2025\/12\/rectangle-pente-plage-bois-1080x1080.webp 1080w, https:\/\/www.waterair.com\/wp-content\/uploads\/2025\/12\/rectangle-pente-plage-bois-480x480.webp 480w, https:\/\/www.waterair.com\/wp-content\/uploads\/2025\/12\/rectangle-pente-plage-bois-240x240.webp 240w, https:\/\/www.waterair.com\/wp-content\/uploads\/2025\/12\/rectangle-pente-plage-bois-150x150.webp 150w, https:\/\/www.waterair.com\/wp-content\/uploads\/2025\/12\/rectangle-pente-plage-bois-75x75.webp 75w, https:\/\/www.waterair.com\/wp-content\/uploads\/2025\/12\/rectangle-pente-plage-bois-780x780.webp 780w, https:\/\/www.waterair.com\/wp-content\/uploads\/2025\/12\/rectangle-pente-plage-bois-390x390.webp 390w, https:\/\/www.waterair.com\/wp-content\/uploads\/2025\/12\/rectangle-pente-plage-bois-320x320.webp 320w, https:\/\/www.waterair.com\/wp-content\/uploads\/2025\/12\/rectangle-pente-plage-bois-160x160.webp 160w\" sizes=\"auto, (max-width: 540px) 100vw, 540px\" \/><\/a>\t\t\t\t\t\t\t\t\t\t\t\t\t\t\t\t\t\t<\/div>\n\t\t\t\t<\/div>\n\t\t\t<\/div>\n\t\t\t\t\t<\/div>\n\n<div  class=\"block-links  content-block\">\n\t\t\t\t\t\t\t\t<div data-wa=\"fade-up\" data-wa-delay=\"300\" class=\"content-block__slider splide\" data-splide>\n\t\t\t\t<div class=\"splide__track\">\n\t\t\t\t\t<div class=\"splide__list\">\n\t\t\t\t\t\t\t\t\t\t\t\t\t\t\t\t\t\t\t\t\t<a data-wa=\"fade-up\" href=\"https:\/\/www.waterair.com\/es\/consejos\/diseno-de-piscina\" class=\"item-card is-size-card splide__slide has-description\">\n\t<div class=\"item-card__infos item-card__infos--simple\">\n\t\t<h3 class=\"item-card__title mb-0 c-white\">Dise\u00f1o de piscina<\/h3>\n\t\t\t\t\t\t\t\t\t<div class=\"item-card__description mb-0\">La forma y el tama\u00f1o de su piscina se adapta a sus limitaciones, en funci\u00f3n de la configuraci\u00f3n de su casa, el espacio disponible y la vegetaci\u00f3n ya existente. \u00a1Sigan nuestros consejos de instalaci\u00f3n y decoraci\u00f3n de piscina! <\/div>\n\t\t\t\t\t\t<\/div>\n\t\t<img loading=\"lazy\" decoding=\"async\" width=\"540\" height=\"540\" src=\"https:\/\/www.waterair.com\/wp-content\/uploads\/2021\/11\/deco-piscine-540x540.jpg\" class=\"attachment-card size-card\" alt=\"Qu\u00e9 dise\u00f1o para mi piscina\" srcset=\"https:\/\/www.waterair.com\/wp-content\/uploads\/2021\/11\/deco-piscine-540x540.jpg 540w, https:\/\/www.waterair.com\/wp-content\/uploads\/2021\/11\/deco-piscine-1080x1080.jpg 1080w, https:\/\/www.waterair.com\/wp-content\/uploads\/2021\/11\/deco-piscine-480x480.jpg 480w, https:\/\/www.waterair.com\/wp-content\/uploads\/2021\/11\/deco-piscine-240x240.jpg 240w, https:\/\/www.waterair.com\/wp-content\/uploads\/2021\/11\/deco-piscine-150x150.jpg 150w, https:\/\/www.waterair.com\/wp-content\/uploads\/2021\/11\/deco-piscine-75x75.jpg 75w, https:\/\/www.waterair.com\/wp-content\/uploads\/2021\/11\/deco-piscine-780x780.jpg 780w, https:\/\/www.waterair.com\/wp-content\/uploads\/2021\/11\/deco-piscine-390x390.jpg 390w, https:\/\/www.waterair.com\/wp-content\/uploads\/2021\/11\/deco-piscine-320x320.jpg 320w, https:\/\/www.waterair.com\/wp-content\/uploads\/2021\/11\/deco-piscine-160x160.jpg 160w\" sizes=\"auto, (max-width: 540px) 100vw, 540px\" \/><\/a>\t\t\t\t\t\t\t\t\t\t\t\t\t\t\t\t\t\t<\/div>\n\t\t\t\t<\/div>\n\t\t\t<\/div>\n\t\t\t\t\t<\/div>","protected":false},"excerpt":{"rendered":"<p>Gracias a su tecnolog\u00eda patentada de paneles de acero ondulado, las piscinas Waterair se adaptan a todo tipo de terrenos. Ya sea rectil\u00edneo o escarpado, plano, desnivelado o muy inclinado, encontrar\u00e1 en nuestros modelos la piscina que se adapte a las formas de su jard\u00edn. La piscina a medida se personaliza a su gusto. Puede [&hellip;]<\/p>\n","protected":false},"author":1,"featured_media":54809,"parent":33288,"menu_order":0,"comment_status":"closed","ping_status":"closed","template":"","meta":{"_acf_changed":false,"om_disable_all_campaigns":false,"footnotes":""},"class_list":["post-35759","page","type-page","status-publish","has-post-thumbnail","hentry"],"acf":[],"yoast_head":"<!-- This site is optimized with the Yoast SEO Premium plugin v25.4 (Yoast SEO v27.2) - https:\/\/yoast.com\/product\/yoast-seo-premium-wordpress\/ -->\n<title>Terreno de la piscina: construir una piscina seg\u00fan las restricciones del terreno | Piscinas Waterair<\/title>\n<meta name=\"description\" content=\"\u00bfUn terreno inclinado, muy inclinado o desnivelado? \u00a1No renuncie al proyecto de su piscina! Descubra la soluci\u00f3n de las piscinas Waterair, que se adapta a todo tipo de terrenos.\" \/>\n<meta name=\"robots\" content=\"index, follow, max-snippet:-1, max-image-preview:large, max-video-preview:-1\" \/>\n<link rel=\"canonical\" href=\"https:\/\/www.waterair.com\/es\/consejos\/terreno\" \/>\n<meta property=\"og:locale\" content=\"es_ES\" \/>\n<meta property=\"og:type\" content=\"article\" \/>\n<meta property=\"og:title\" content=\"Terreno para Piscina: para cada jard\u00edn, hay una p\u00ecscina Waterair\" \/>\n<meta property=\"og:description\" content=\"\u00bfUn terreno inclinado, muy inclinado o desnivelado? \u00a1No renuncie al proyecto de su piscina! Descubra la soluci\u00f3n de las piscinas Waterair, que se adapta a todo tipo de terrenos.\" \/>\n<meta property=\"og:url\" content=\"https:\/\/www.waterair.com\/es\/consejos\/terreno\" \/>\n<meta property=\"og:site_name\" content=\"Piscinas Waterair\" \/>\n<meta property=\"article:modified_time\" content=\"2022-01-11T13:04:50+00:00\" \/>\n<meta property=\"og:image\" content=\"https:\/\/www.waterair.com\/wp-content\/uploads\/2021\/11\/terrain.jpg\" \/>\n\t<meta property=\"og:image:width\" content=\"1920\" \/>\n\t<meta property=\"og:image:height\" content=\"1440\" \/>\n\t<meta property=\"og:image:type\" content=\"image\/jpeg\" \/>\n<meta name=\"twitter:card\" content=\"summary_large_image\" \/>\n<meta name=\"twitter:label1\" content=\"Tiempo de lectura\" \/>\n\t<meta name=\"twitter:data1\" content=\"1 minuto\" \/>\n<script type=\"application\/ld+json\" class=\"yoast-schema-graph\">{\"@context\":\"https:\/\/schema.org\",\"@graph\":[{\"@type\":\"WebPage\",\"@id\":\"https:\/\/www.waterair.com\/es\/consejos\/terreno\",\"url\":\"https:\/\/www.waterair.com\/es\/consejos\/terreno\",\"name\":\"Terreno de la piscina: construir una piscina seg\u00fan las restricciones del terreno | Piscinas Waterair\",\"isPartOf\":{\"@id\":\"https:\/\/www.waterair.com\/es\/#website\"},\"primaryImageOfPage\":{\"@id\":\"https:\/\/www.waterair.com\/es\/consejos\/terreno#primaryimage\"},\"image\":{\"@id\":\"https:\/\/www.waterair.com\/es\/consejos\/terreno#primaryimage\"},\"thumbnailUrl\":\"https:\/\/www.waterair.com\/wp-content\/uploads\/2021\/11\/terrain.jpg\",\"datePublished\":\"2021-10-29T18:50:03+00:00\",\"dateModified\":\"2022-01-11T13:04:50+00:00\",\"description\":\"\u00bfUn terreno inclinado, muy inclinado o desnivelado? \u00a1No renuncie al proyecto de su piscina! Descubra la soluci\u00f3n de las piscinas Waterair, que se adapta a todo tipo de terrenos.\",\"breadcrumb\":{\"@id\":\"https:\/\/www.waterair.com\/es\/consejos\/terreno#breadcrumb\"},\"inLanguage\":\"es\",\"potentialAction\":[{\"@type\":\"ReadAction\",\"target\":[\"https:\/\/www.waterair.com\/es\/consejos\/terreno\"]}]},{\"@type\":\"ImageObject\",\"inLanguage\":\"es\",\"@id\":\"https:\/\/www.waterair.com\/es\/consejos\/terreno#primaryimage\",\"url\":\"https:\/\/www.waterair.com\/wp-content\/uploads\/2021\/11\/terrain.jpg\",\"contentUrl\":\"https:\/\/www.waterair.com\/wp-content\/uploads\/2021\/11\/terrain.jpg\",\"width\":1920,\"height\":1440},{\"@type\":\"BreadcrumbList\",\"@id\":\"https:\/\/www.waterair.com\/es\/consejos\/terreno#breadcrumb\",\"itemListElement\":[{\"@type\":\"ListItem\",\"position\":1,\"name\":\"Inicio\",\"item\":\"https:\/\/www.waterair.com\/es\"},{\"@type\":\"ListItem\",\"position\":2,\"name\":\"Consejos, asistencia y opiniones sobre la piscina Waterair\",\"item\":\"https:\/\/www.waterair.com\/es\/consejos\"},{\"@type\":\"ListItem\",\"position\":3,\"name\":\"Terreno para Piscina: para cada jard\u00edn, hay una p\u00ecscina Waterair\"}]},{\"@type\":\"WebSite\",\"@id\":\"https:\/\/www.waterair.com\/es\/#website\",\"url\":\"https:\/\/www.waterair.com\/es\/\",\"name\":\"Piscinas Waterair\",\"description\":\"\",\"potentialAction\":[{\"@type\":\"SearchAction\",\"target\":{\"@type\":\"EntryPoint\",\"urlTemplate\":\"https:\/\/www.waterair.com\/es\/?s={search_term_string}\"},\"query-input\":{\"@type\":\"PropertyValueSpecification\",\"valueRequired\":true,\"valueName\":\"search_term_string\"}}],\"inLanguage\":\"es\"}]}<\/script>\n<!-- \/ Yoast SEO Premium plugin. -->","yoast_head_json":{"title":"Terreno de la piscina: construir una piscina seg\u00fan las restricciones del terreno | Piscinas Waterair","description":"\u00bfUn terreno inclinado, muy inclinado o desnivelado? \u00a1No renuncie al proyecto de su piscina! Descubra la soluci\u00f3n de las piscinas Waterair, que se adapta a todo tipo de terrenos.","robots":{"index":"index","follow":"follow","max-snippet":"max-snippet:-1","max-image-preview":"max-image-preview:large","max-video-preview":"max-video-preview:-1"},"canonical":"https:\/\/www.waterair.com\/es\/consejos\/terreno","og_locale":"es_ES","og_type":"article","og_title":"Terreno para Piscina: para cada jard\u00edn, hay una p\u00ecscina Waterair","og_description":"\u00bfUn terreno inclinado, muy inclinado o desnivelado? \u00a1No renuncie al proyecto de su piscina! Descubra la soluci\u00f3n de las piscinas Waterair, que se adapta a todo tipo de terrenos.","og_url":"https:\/\/www.waterair.com\/es\/consejos\/terreno","og_site_name":"Piscinas Waterair","article_modified_time":"2022-01-11T13:04:50+00:00","og_image":[{"width":1920,"height":1440,"url":"https:\/\/www.waterair.com\/wp-content\/uploads\/2021\/11\/terrain.jpg","type":"image\/jpeg"}],"twitter_card":"summary_large_image","twitter_misc":{"Tiempo de lectura":"1 minuto"},"schema":{"@context":"https:\/\/schema.org","@graph":[{"@type":"WebPage","@id":"https:\/\/www.waterair.com\/es\/consejos\/terreno","url":"https:\/\/www.waterair.com\/es\/consejos\/terreno","name":"Terreno de la piscina: construir una piscina seg\u00fan las restricciones del terreno | Piscinas Waterair","isPartOf":{"@id":"https:\/\/www.waterair.com\/es\/#website"},"primaryImageOfPage":{"@id":"https:\/\/www.waterair.com\/es\/consejos\/terreno#primaryimage"},"image":{"@id":"https:\/\/www.waterair.com\/es\/consejos\/terreno#primaryimage"},"thumbnailUrl":"https:\/\/www.waterair.com\/wp-content\/uploads\/2021\/11\/terrain.jpg","datePublished":"2021-10-29T18:50:03+00:00","dateModified":"2022-01-11T13:04:50+00:00","description":"\u00bfUn terreno inclinado, muy inclinado o desnivelado? \u00a1No renuncie al proyecto de su piscina! Descubra la soluci\u00f3n de las piscinas Waterair, que se adapta a todo tipo de terrenos.","breadcrumb":{"@id":"https:\/\/www.waterair.com\/es\/consejos\/terreno#breadcrumb"},"inLanguage":"es","potentialAction":[{"@type":"ReadAction","target":["https:\/\/www.waterair.com\/es\/consejos\/terreno"]}]},{"@type":"ImageObject","inLanguage":"es","@id":"https:\/\/www.waterair.com\/es\/consejos\/terreno#primaryimage","url":"https:\/\/www.waterair.com\/wp-content\/uploads\/2021\/11\/terrain.jpg","contentUrl":"https:\/\/www.waterair.com\/wp-content\/uploads\/2021\/11\/terrain.jpg","width":1920,"height":1440},{"@type":"BreadcrumbList","@id":"https:\/\/www.waterair.com\/es\/consejos\/terreno#breadcrumb","itemListElement":[{"@type":"ListItem","position":1,"name":"Inicio","item":"https:\/\/www.waterair.com\/es"},{"@type":"ListItem","position":2,"name":"Consejos, asistencia y opiniones sobre la piscina Waterair","item":"https:\/\/www.waterair.com\/es\/consejos"},{"@type":"ListItem","position":3,"name":"Terreno para Piscina: para cada jard\u00edn, hay una p\u00ecscina Waterair"}]},{"@type":"WebSite","@id":"https:\/\/www.waterair.com\/es\/#website","url":"https:\/\/www.waterair.com\/es\/","name":"Piscinas Waterair","description":"","potentialAction":[{"@type":"SearchAction","target":{"@type":"EntryPoint","urlTemplate":"https:\/\/www.waterair.com\/es\/?s={search_term_string}"},"query-input":{"@type":"PropertyValueSpecification","valueRequired":true,"valueName":"search_term_string"}}],"inLanguage":"es"}]}},"_links":{"self":[{"href":"https:\/\/www.waterair.com\/es\/wp-json\/wp\/v2\/pages\/35759","targetHints":{"allow":["GET"]}}],"collection":[{"href":"https:\/\/www.waterair.com\/es\/wp-json\/wp\/v2\/pages"}],"about":[{"href":"https:\/\/www.waterair.com\/es\/wp-json\/wp\/v2\/types\/page"}],"author":[{"embeddable":true,"href":"https:\/\/www.waterair.com\/es\/wp-json\/wp\/v2\/users\/1"}],"replies":[{"embeddable":true,"href":"https:\/\/www.waterair.com\/es\/wp-json\/wp\/v2\/comments?post=35759"}],"version-history":[{"count":5,"href":"https:\/\/www.waterair.com\/es\/wp-json\/wp\/v2\/pages\/35759\/revisions"}],"predecessor-version":[{"id":109963,"href":"https:\/\/www.waterair.com\/es\/wp-json\/wp\/v2\/pages\/35759\/revisions\/109963"}],"up":[{"embeddable":true,"href":"https:\/\/www.waterair.com\/es\/wp-json\/wp\/v2\/pages\/33288"}],"wp:featuredmedia":[{"embeddable":true,"href":"https:\/\/www.waterair.com\/es\/wp-json\/wp\/v2\/media\/54809"}],"wp:attachment":[{"href":"https:\/\/www.waterair.com\/es\/wp-json\/wp\/v2\/media?parent=35759"}],"curies":[{"name":"wp","href":"https:\/\/api.w.org\/{rel}","templated":true}]}}