{"id":37782,"date":"2021-10-29T21:22:32","date_gmt":"2021-10-29T19:22:32","guid":{"rendered":"https:\/\/waterair-preprod2.adipso.fr\/informacion-legal"},"modified":"2025-07-09T14:49:03","modified_gmt":"2025-07-09T12:49:03","slug":"informacion-legal","status":"publish","type":"page","link":"https:\/\/www.waterair.com\/es\/informacion-legal","title":{"rendered":"Informaci\u00f3n legal"},"content":{"rendered":"<div  class=\"block-content-media  content-block   has-no-title\">\n            <div class=\"container\">\n            <div class=\"row\">\n                <div class=\"col\">\n                    <div class=\"row flex-column flex-md-row \">\n                        <div class=\"content-block__col col-12 d-flex flex-column align-items-md-start order-lg-2\">\n                                                                                                                                                <div data-wa=\"fade-up\" data-wa-delay=\"400\" class=\"content-block__description text--sm text-weight--300 mb-0\">\n                                    <p><strong>Identificaci\u00f3n del administrador de la web<\/strong><\/p>\n<p>Waterair.com\/es es una web editada por el Groupo WATERAIR<br \/>\nS.A.S. con un capital de 10.000.000 Euros.<br \/>\nIVA Intracomunitario: FR 71 440 123 487<br \/>\nRCS Mulhouse B 440 123 487 cuya sede social se sit\u00faa en:<br \/>\nZone Artisanale<br \/>\n6 Rue de la Largue<br \/>\n68580 Seppois le Bas<br \/>\nCorreo electr\u00f3nico: info@waterair.com<br \/>\nRecomendaciones y estudios de implantaci\u00f3n: 0 800 50 70 40<br \/>\nCentralita administrativa: +33 3 89 07 45 45<br \/>\nAtenci\u00f3n al cliente: +33 3 89 07 45 55 (servicio gratuito, tarifa de una llamada)<br \/>\nResponsable de la publicaci\u00f3n: Jacques Braun.<\/p>\n<p><strong>Acceso a la web<\/strong><\/p>\n<p>El acceso a la web Waterair.com\/es es gratuito. Los gastos de acceso y uso de la red de telecomunicaciones corren a cargo del internauta. Estos dependen de las modalidades fijadas por su proveedor de acceso y su operador de telecomunicaciones. El usuario de esta web reconoce disponer de la capacidad y de los medios necesarios para acceder y utilizar esta web.<br \/>\nDatos t\u00e9cnicos<br \/>\nTe recordamos que la privacidad de la correspondencia en Internet no est\u00e1 garantizada. Informamos al internauta de que durante su acceso a la web pueden utilizarse \u00abcookies\u00bb para poder identificarlo y para conservar los datos recogidos durante su conexi\u00f3n.<br \/>\nLa web Waterair.com\/es utiliza Google Analytics, un servicio de an\u00e1lisis web proporcionado por Google Inc. (\u00abGoogle\u00bb). Google Analytics utiliza cookies (ficheros de texto almacenados en tu dispositivo) para ayudar a Waterair.com\/es a analizar el uso que hacen los usuarios de su sitio web. Los datos generados por las cookies relativos a tu uso de la web (incluida tu direcci\u00f3n IP) ser\u00e1n transmitidos y almacenados por Google. Google utilizar\u00e1 esta informaci\u00f3n para evaluar tu uso de la web, compilar informes sobre la actividad de la web destinados al editor de la misma y proveer de otros servicios relativos a la actividad de la web y al uso de Internet. Google es susceptible de comunicar estos datos a terceros en caso de obligaci\u00f3n legal o cuando estos terceros realicen un tratamiento de los datos en nombre de Google. Google no armonizar\u00e1 tu direcci\u00f3n IP con ning\u00fan otro dato en posesi\u00f3n de Google. Puedes desactivar el uso de cookies seleccionando las opciones correspondientes en tu navegador.<\/p>\n<p>Al utilizar este sitio web consientes de forma expresa el tratamiento de tus datos nominativos por parte de Google en las condiciones y para las finalidades indicadas previamente.<\/p>\n<p><strong>Hiperenlaces<\/strong><\/p>\n<p>La creaci\u00f3n de hiperenlaces hacia la web Waterair.com\/es requiere de un acuerdo previo con el Director de la Publicaci\u00f3n. Los hiperenlaces establecidos desde Waterair.com\/es hacia otras webs no suponen en ning\u00fan caso responsabilidad por parte de Piscines WATERAIR.<\/p>\n<p><strong>Derechos de autor<\/strong><\/p>\n<p>La reproducci\u00f3n o representaci\u00f3n, completa o parcial, de las p\u00e1ginas, datos o de cualquier otro elemento constituyente de la web, sea cual sea el proceso o soporte utilizado, est\u00e1 prohibida y constituye, si no se ha obtenido la autorizaci\u00f3n del editor, una falsificaci\u00f3n.<\/p>\n<p><strong>Identificaci\u00f3n del alojamiento de la web<\/strong><\/p>\n<p>Waterair.com\/es est\u00e1 alojado en Ikoula. Cuya sede social se encuentra en el 2 Cit\u00e9 Paradis, 75010 Paris, Francia.<\/p>\n<p>\u00a9 Cr\u00e9ditos de las fotos<br \/>\nEstelle Hoffert<\/p>\n                                <\/div>\n                                                                                        <div data-wa=\"fade-up\" data-wa-delay=\"500\">\n                                                                    <\/div>\n                                                    <\/div>\n                                            <\/div>\n                <\/div>\n            <\/div>\n        <\/div>\n    <\/div>","protected":false},"excerpt":{"rendered":"","protected":false},"author":1,"featured_media":0,"parent":0,"menu_order":0,"comment_status":"closed","ping_status":"closed","template":"","meta":{"_acf_changed":false,"om_disable_all_campaigns":false,"footnotes":""},"class_list":["post-37782","page","type-page","status-publish","hentry"],"acf":[],"yoast_head":"<!-- This site is optimized with the Yoast SEO Premium plugin v25.4 (Yoast SEO v27.2) - https:\/\/yoast.com\/product\/yoast-seo-premium-wordpress\/ -->\n<title>Informaci\u00f3n legal | Piscinas Waterair<\/title>\n<meta name=\"robots\" content=\"index, follow, max-snippet:-1, max-image-preview:large, max-video-preview:-1\" \/>\n<link rel=\"canonical\" href=\"https:\/\/www.waterair.com\/es\/informacion-legal\" \/>\n<meta property=\"og:locale\" content=\"es_ES\" \/>\n<meta property=\"og:type\" content=\"article\" \/>\n<meta property=\"og:title\" content=\"Informaci\u00f3n legal\" \/>\n<meta property=\"og:url\" content=\"https:\/\/www.waterair.com\/es\/informacion-legal\" \/>\n<meta property=\"og:site_name\" content=\"Piscinas Waterair\" \/>\n<meta property=\"article:modified_time\" content=\"2025-07-09T12:49:03+00:00\" \/>\n<meta name=\"twitter:card\" content=\"summary_large_image\" \/>\n<meta name=\"twitter:label1\" content=\"Tiempo de lectura\" \/>\n\t<meta name=\"twitter:data1\" content=\"3 minutos\" \/>\n<script type=\"application\/ld+json\" class=\"yoast-schema-graph\">{\"@context\":\"https:\/\/schema.org\",\"@graph\":[{\"@type\":\"WebPage\",\"@id\":\"https:\/\/www.waterair.com\/es\/informacion-legal\",\"url\":\"https:\/\/www.waterair.com\/es\/informacion-legal\",\"name\":\"Informaci\u00f3n legal | Piscinas Waterair\",\"isPartOf\":{\"@id\":\"https:\/\/www.waterair.com\/es\/#website\"},\"datePublished\":\"2021-10-29T19:22:32+00:00\",\"dateModified\":\"2025-07-09T12:49:03+00:00\",\"breadcrumb\":{\"@id\":\"https:\/\/www.waterair.com\/es\/informacion-legal#breadcrumb\"},\"inLanguage\":\"es\",\"potentialAction\":[{\"@type\":\"ReadAction\",\"target\":[\"https:\/\/www.waterair.com\/es\/informacion-legal\"]}]},{\"@type\":\"BreadcrumbList\",\"@id\":\"https:\/\/www.waterair.com\/es\/informacion-legal#breadcrumb\",\"itemListElement\":[{\"@type\":\"ListItem\",\"position\":1,\"name\":\"Inicio\",\"item\":\"https:\/\/www.waterair.com\/es\"},{\"@type\":\"ListItem\",\"position\":2,\"name\":\"Informaci\u00f3n legal\"}]},{\"@type\":\"WebSite\",\"@id\":\"https:\/\/www.waterair.com\/es\/#website\",\"url\":\"https:\/\/www.waterair.com\/es\/\",\"name\":\"Piscinas Waterair\",\"description\":\"\",\"potentialAction\":[{\"@type\":\"SearchAction\",\"target\":{\"@type\":\"EntryPoint\",\"urlTemplate\":\"https:\/\/www.waterair.com\/es\/?s={search_term_string}\"},\"query-input\":{\"@type\":\"PropertyValueSpecification\",\"valueRequired\":true,\"valueName\":\"search_term_string\"}}],\"inLanguage\":\"es\"}]}<\/script>\n<!-- \/ Yoast SEO Premium plugin. -->","yoast_head_json":{"title":"Informaci\u00f3n legal | Piscinas Waterair","robots":{"index":"index","follow":"follow","max-snippet":"max-snippet:-1","max-image-preview":"max-image-preview:large","max-video-preview":"max-video-preview:-1"},"canonical":"https:\/\/www.waterair.com\/es\/informacion-legal","og_locale":"es_ES","og_type":"article","og_title":"Informaci\u00f3n legal","og_url":"https:\/\/www.waterair.com\/es\/informacion-legal","og_site_name":"Piscinas Waterair","article_modified_time":"2025-07-09T12:49:03+00:00","twitter_card":"summary_large_image","twitter_misc":{"Tiempo de lectura":"3 minutos"},"schema":{"@context":"https:\/\/schema.org","@graph":[{"@type":"WebPage","@id":"https:\/\/www.waterair.com\/es\/informacion-legal","url":"https:\/\/www.waterair.com\/es\/informacion-legal","name":"Informaci\u00f3n legal | Piscinas Waterair","isPartOf":{"@id":"https:\/\/www.waterair.com\/es\/#website"},"datePublished":"2021-10-29T19:22:32+00:00","dateModified":"2025-07-09T12:49:03+00:00","breadcrumb":{"@id":"https:\/\/www.waterair.com\/es\/informacion-legal#breadcrumb"},"inLanguage":"es","potentialAction":[{"@type":"ReadAction","target":["https:\/\/www.waterair.com\/es\/informacion-legal"]}]},{"@type":"BreadcrumbList","@id":"https:\/\/www.waterair.com\/es\/informacion-legal#breadcrumb","itemListElement":[{"@type":"ListItem","position":1,"name":"Inicio","item":"https:\/\/www.waterair.com\/es"},{"@type":"ListItem","position":2,"name":"Informaci\u00f3n legal"}]},{"@type":"WebSite","@id":"https:\/\/www.waterair.com\/es\/#website","url":"https:\/\/www.waterair.com\/es\/","name":"Piscinas Waterair","description":"","potentialAction":[{"@type":"SearchAction","target":{"@type":"EntryPoint","urlTemplate":"https:\/\/www.waterair.com\/es\/?s={search_term_string}"},"query-input":{"@type":"PropertyValueSpecification","valueRequired":true,"valueName":"search_term_string"}}],"inLanguage":"es"}]}},"_links":{"self":[{"href":"https:\/\/www.waterair.com\/es\/wp-json\/wp\/v2\/pages\/37782","targetHints":{"allow":["GET"]}}],"collection":[{"href":"https:\/\/www.waterair.com\/es\/wp-json\/wp\/v2\/pages"}],"about":[{"href":"https:\/\/www.waterair.com\/es\/wp-json\/wp\/v2\/types\/page"}],"author":[{"embeddable":true,"href":"https:\/\/www.waterair.com\/es\/wp-json\/wp\/v2\/users\/1"}],"replies":[{"embeddable":true,"href":"https:\/\/www.waterair.com\/es\/wp-json\/wp\/v2\/comments?post=37782"}],"version-history":[{"count":5,"href":"https:\/\/www.waterair.com\/es\/wp-json\/wp\/v2\/pages\/37782\/revisions"}],"predecessor-version":[{"id":523709,"href":"https:\/\/www.waterair.com\/es\/wp-json\/wp\/v2\/pages\/37782\/revisions\/523709"}],"wp:attachment":[{"href":"https:\/\/www.waterair.com\/es\/wp-json\/wp\/v2\/media?parent=37782"}],"curies":[{"name":"wp","href":"https:\/\/api.w.org\/{rel}","templated":true}]}}