{"id":37906,"date":"2021-10-29T21:23:47","date_gmt":"2021-10-29T19:23:47","guid":{"rendered":"https:\/\/waterair-preprod2.adipso.fr\/politica-de-privacidad"},"modified":"2024-12-02T15:12:57","modified_gmt":"2024-12-02T14:12:57","slug":"politica-de-privacidad","status":"publish","type":"page","link":"https:\/\/www.waterair.com\/es\/politica-de-privacidad","title":{"rendered":"Pol\u00edtica de privacidad"},"content":{"rendered":"<div  class=\"block-content-media  content-block   has-no-title\">\n            <div class=\"container\">\n            <div class=\"row\">\n                <div class=\"col\">\n                    <div class=\"row flex-column flex-md-row \">\n                        <div class=\"content-block__col col-12 d-flex flex-column align-items-md-start order-lg-2\">\n                                                                                                                                                <div data-wa=\"fade-up\" data-wa-delay=\"400\" class=\"content-block__description text--sm text-weight--300 mb-0\">\n                                    <p>Le informamos de que WATERAIR, sociedad por acciones simplificada (soci\u00e9t\u00e9 par actions simplifi\u00e9e), \u00a0con sede en Zone artisanale &#8211; 6 Rue de la Largue, 68580, SEPPOIS-LE-BAS, inscrita en el Registro Mercantil de Mulhouse con el n\u00famero 440 123 487 (a continuaci\u00f3n, \u00abnosotros\u00bb), desea proceder a recoger sus datos personales (a continuaci\u00f3n, los \u00abDatos\u00bb).<\/p>\n<p>Recogemos sus datos con los fines siguientes:<\/p>\n<ul>\n<li>Prospecci\u00f3n comercial;<\/li>\n<li>Gesti\u00f3n de los newsletters;<\/li>\n<li>Gesti\u00f3n de las ofertas promocionales personalizadas;<\/li>\n<li>Medici\u00f3n de audicencia y estad\u00edsticas;<\/li>\n<li>Geolocalizaci\u00f3n para ofrecerle su pa\u00eds en la lista desplegable;<\/li>\n<li>Retargeting \/ Remarketing;<\/li>\n<li>Ejecuci\u00f3n del contrato;<\/li>\n<li>Encuestas de satisfacci\u00f3n;<\/li>\n<li>Transferencia a subcontratistas en los \u00e1mbitos de actividad siguientes: inform\u00e1tica, comercio, finanzas, marketing, comunicaci\u00f3n, log\u00edstica e industria para la correcta ejecuci\u00f3n del contrato y el seguimiento de la relaci\u00f3n con el cliente.<\/li>\n<\/ul>\n<p>Sus Datos se conservan por un periodo estrictamente necesario para el ejercicio de estas finalidades y est\u00e1n destinados a ser consultados por nuestros servicios internos y por nuestros proveedores.<\/p>\n<p>Considerando el estado de los conocimientos, de los costes de implantaci\u00f3n y de la naturaleza, el alcance, el contexto y los riesgos para sus derechos y libertades, nos comprometemos a aplicar medidas t\u00e9cnicas y organizativas adecuadas con el fin de garantizar la protecci\u00f3n de sus Datos.<\/p>\n<p>De conformidad con el Reglamento Europeo n\u00b0 2016\/679 del 27 de abril de 2016 as\u00ed como con la Ley n\u00b078-17 del 6 de enero de 1978 modificada, le informamos de que dispone del derecho de:<\/p>\n<ul>\n<li>Acceso y rectificaci\u00f3n de sus Datos;<\/li>\n<li>Oposici\u00f3n al tratamiento de sus Datos por motivos leg\u00edtimos;<\/li>\n<li>En los l\u00edmites previstos por los textos, de solicitud de limitaci\u00f3n del tratamiento de datos o de eliminaci\u00f3n de Datos;<\/li>\n<li>Retirada de su consentimiento en todo momento;<\/li>\n<li>Recepci\u00f3n de sus Datos en un formato estructurado, de uso frecuente, y legible, con el fin de transmitirlos a otro responsable de tratamiento (derecho a portabilidad);<\/li>\n<li>Definici\u00f3n de directivas relativas a la conservaci\u00f3n, la eliminaci\u00f3n y la comunicaci\u00f3n de sus Datos tras su defunci\u00f3n.<\/li>\n<\/ul>\n<p>Adem\u00e1s, le informamos de que dispone de un derecho de oposici\u00f3n en el marco del perfilado que realizamos anualmente con el fin de proponerle ofertas personalizadas.<\/p>\n<p>Para ejercer sus derechos, le rogamos que env\u00ede su solicitud acompa\u00f1ada de un documento de identidad por correo electr\u00f3nico a la direcci\u00f3n siguiente: rgpd@waterair.com.<\/p>\n<p>Le informamos asimismo de que dispone del derecho de presentar una reclamaci\u00f3n ante una autoridad de control.<\/p>\n<p>Al aceptar la informaci\u00f3n del banner cookie a pie de p\u00e1gina, acepta comunicar sus Datos a la sociedad WATERAIR en el marco de las finalidades descritas previamente.<\/p>\n                                <\/div>\n                                                                                        <div data-wa=\"fade-up\" data-wa-delay=\"500\">\n                                                                    <\/div>\n                                                    <\/div>\n                                            <\/div>\n                <\/div>\n            <\/div>\n        <\/div>\n    <\/div>","protected":false},"excerpt":{"rendered":"","protected":false},"author":1,"featured_media":0,"parent":0,"menu_order":0,"comment_status":"closed","ping_status":"closed","template":"","meta":{"_acf_changed":false,"om_disable_all_campaigns":false,"footnotes":""},"class_list":["post-37906","page","type-page","status-publish","hentry"],"acf":[],"yoast_head":"<!-- This site is optimized with the Yoast SEO Premium plugin v25.4 (Yoast SEO v27.2) - https:\/\/yoast.com\/product\/yoast-seo-premium-wordpress\/ -->\n<title>Pol\u00edtica de privacidad | Piscinas Waterair<\/title>\n<meta name=\"robots\" content=\"index, follow, max-snippet:-1, max-image-preview:large, max-video-preview:-1\" \/>\n<link rel=\"canonical\" href=\"https:\/\/www.waterair.com\/es\/politica-de-privacidad\" \/>\n<meta property=\"og:locale\" content=\"es_ES\" \/>\n<meta property=\"og:type\" content=\"article\" \/>\n<meta property=\"og:title\" content=\"Pol\u00edtica de privacidad\" \/>\n<meta property=\"og:url\" content=\"https:\/\/www.waterair.com\/es\/politica-de-privacidad\" \/>\n<meta property=\"og:site_name\" content=\"Piscinas Waterair\" \/>\n<meta property=\"article:modified_time\" content=\"2024-12-02T14:12:57+00:00\" \/>\n<meta name=\"twitter:card\" content=\"summary_large_image\" \/>\n<meta name=\"twitter:label1\" content=\"Tiempo de lectura\" \/>\n\t<meta name=\"twitter:data1\" content=\"3 minutos\" \/>\n<script type=\"application\/ld+json\" class=\"yoast-schema-graph\">{\"@context\":\"https:\/\/schema.org\",\"@graph\":[{\"@type\":\"WebPage\",\"@id\":\"https:\/\/www.waterair.com\/es\/politica-de-privacidad\",\"url\":\"https:\/\/www.waterair.com\/es\/politica-de-privacidad\",\"name\":\"Pol\u00edtica de privacidad | Piscinas Waterair\",\"isPartOf\":{\"@id\":\"https:\/\/www.waterair.com\/es\/#website\"},\"datePublished\":\"2021-10-29T19:23:47+00:00\",\"dateModified\":\"2024-12-02T14:12:57+00:00\",\"breadcrumb\":{\"@id\":\"https:\/\/www.waterair.com\/es\/politica-de-privacidad#breadcrumb\"},\"inLanguage\":\"es\",\"potentialAction\":[{\"@type\":\"ReadAction\",\"target\":[\"https:\/\/www.waterair.com\/es\/politica-de-privacidad\"]}]},{\"@type\":\"BreadcrumbList\",\"@id\":\"https:\/\/www.waterair.com\/es\/politica-de-privacidad#breadcrumb\",\"itemListElement\":[{\"@type\":\"ListItem\",\"position\":1,\"name\":\"Inicio\",\"item\":\"https:\/\/www.waterair.com\/es\"},{\"@type\":\"ListItem\",\"position\":2,\"name\":\"Pol\u00edtica de privacidad\"}]},{\"@type\":\"WebSite\",\"@id\":\"https:\/\/www.waterair.com\/es\/#website\",\"url\":\"https:\/\/www.waterair.com\/es\/\",\"name\":\"Piscinas Waterair\",\"description\":\"\",\"potentialAction\":[{\"@type\":\"SearchAction\",\"target\":{\"@type\":\"EntryPoint\",\"urlTemplate\":\"https:\/\/www.waterair.com\/es\/?s={search_term_string}\"},\"query-input\":{\"@type\":\"PropertyValueSpecification\",\"valueRequired\":true,\"valueName\":\"search_term_string\"}}],\"inLanguage\":\"es\"}]}<\/script>\n<!-- \/ Yoast SEO Premium plugin. -->","yoast_head_json":{"title":"Pol\u00edtica de privacidad | Piscinas Waterair","robots":{"index":"index","follow":"follow","max-snippet":"max-snippet:-1","max-image-preview":"max-image-preview:large","max-video-preview":"max-video-preview:-1"},"canonical":"https:\/\/www.waterair.com\/es\/politica-de-privacidad","og_locale":"es_ES","og_type":"article","og_title":"Pol\u00edtica de privacidad","og_url":"https:\/\/www.waterair.com\/es\/politica-de-privacidad","og_site_name":"Piscinas Waterair","article_modified_time":"2024-12-02T14:12:57+00:00","twitter_card":"summary_large_image","twitter_misc":{"Tiempo de lectura":"3 minutos"},"schema":{"@context":"https:\/\/schema.org","@graph":[{"@type":"WebPage","@id":"https:\/\/www.waterair.com\/es\/politica-de-privacidad","url":"https:\/\/www.waterair.com\/es\/politica-de-privacidad","name":"Pol\u00edtica de privacidad | Piscinas Waterair","isPartOf":{"@id":"https:\/\/www.waterair.com\/es\/#website"},"datePublished":"2021-10-29T19:23:47+00:00","dateModified":"2024-12-02T14:12:57+00:00","breadcrumb":{"@id":"https:\/\/www.waterair.com\/es\/politica-de-privacidad#breadcrumb"},"inLanguage":"es","potentialAction":[{"@type":"ReadAction","target":["https:\/\/www.waterair.com\/es\/politica-de-privacidad"]}]},{"@type":"BreadcrumbList","@id":"https:\/\/www.waterair.com\/es\/politica-de-privacidad#breadcrumb","itemListElement":[{"@type":"ListItem","position":1,"name":"Inicio","item":"https:\/\/www.waterair.com\/es"},{"@type":"ListItem","position":2,"name":"Pol\u00edtica de privacidad"}]},{"@type":"WebSite","@id":"https:\/\/www.waterair.com\/es\/#website","url":"https:\/\/www.waterair.com\/es\/","name":"Piscinas Waterair","description":"","potentialAction":[{"@type":"SearchAction","target":{"@type":"EntryPoint","urlTemplate":"https:\/\/www.waterair.com\/es\/?s={search_term_string}"},"query-input":{"@type":"PropertyValueSpecification","valueRequired":true,"valueName":"search_term_string"}}],"inLanguage":"es"}]}},"_links":{"self":[{"href":"https:\/\/www.waterair.com\/es\/wp-json\/wp\/v2\/pages\/37906","targetHints":{"allow":["GET"]}}],"collection":[{"href":"https:\/\/www.waterair.com\/es\/wp-json\/wp\/v2\/pages"}],"about":[{"href":"https:\/\/www.waterair.com\/es\/wp-json\/wp\/v2\/types\/page"}],"author":[{"embeddable":true,"href":"https:\/\/www.waterair.com\/es\/wp-json\/wp\/v2\/users\/1"}],"replies":[{"embeddable":true,"href":"https:\/\/www.waterair.com\/es\/wp-json\/wp\/v2\/comments?post=37906"}],"version-history":[{"count":5,"href":"https:\/\/www.waterair.com\/es\/wp-json\/wp\/v2\/pages\/37906\/revisions"}],"predecessor-version":[{"id":477275,"href":"https:\/\/www.waterair.com\/es\/wp-json\/wp\/v2\/pages\/37906\/revisions\/477275"}],"wp:attachment":[{"href":"https:\/\/www.waterair.com\/es\/wp-json\/wp\/v2\/media?parent=37906"}],"curies":[{"name":"wp","href":"https:\/\/api.w.org\/{rel}","templated":true}]}}