{"id":63527,"date":"2021-11-04T10:07:16","date_gmt":"2021-11-04T09:07:16","guid":{"rendered":"https:\/\/waterair-preprod2.adipso.fr\/entornos-de-piscina"},"modified":"2021-11-11T15:06:12","modified_gmt":"2021-11-11T14:06:12","slug":"entornos-de-piscina","status":"publish","type":"page","link":"https:\/\/www.waterair.com\/es\/consejos\/entornos-de-piscina","title":{"rendered":"Entornos de piscina"},"content":{"rendered":"    <div  class=\"block-hub content-block mt-4 mt-sm-2\" data-tab-section>\n        <div class=\"container\">\n            <div class=\"row\">\n                <div class=\"col-12 col-lg-10 offset-lg-1\">\n                                                                                                    <\/div>\n            <\/div>\n            <div data-wa=\"fade-up\" class=\"block-hub__pages\">\n                            <\/div>\n            <div data-wa=\"fade-up\" class=\"row\">\n                <div class=\"col-12 col-lg-10 offset-lg-1\">\n                                    <\/div>\n            <\/div>\n        <\/div>\n    <\/div>\n<div  class=\"block-links  content-block\">\n\t\t\t\t\t\t\t\t<div data-wa=\"fade-up\" data-wa-delay=\"300\" class=\"content-block__slider splide\" data-splide>\n\t\t\t\t<div class=\"splide__track\">\n\t\t\t\t\t<div class=\"splide__list\">\n\t\t\t\t\t\t\t\t\t\t\t\t\t\t\t\t\t\t\t\t\t<a data-wa=\"fade-up\" href=\"https:\/\/www.waterair.com\/es\/consejos\/entornos-de-piscina\/desafia-el-color-para-la-decoracion-del-borde-de-tu\" class=\"item-card is-size-card splide__slide \">\n\t<div class=\"item-card__infos item-card__infos--simple\">\n\t\t<h3 class=\"item-card__title mb-0 c-white\">\u00a1Desaf\u00eda el color para la decoraci\u00f3n del borde de tu piscina!<\/h3>\n\t\t\t<\/div>\n\t\t<img loading=\"lazy\" decoding=\"async\" width=\"540\" height=\"540\" src=\"https:\/\/www.waterair.com\/wp-content\/uploads\/2021\/11\/piscine-rectangle-sara-7-540x540.jpg\" class=\"attachment-card size-card\" alt=\"Technologie de piscine en kit Waterair\" srcset=\"https:\/\/www.waterair.com\/wp-content\/uploads\/2021\/11\/piscine-rectangle-sara-7-540x540.jpg 540w, https:\/\/www.waterair.com\/wp-content\/uploads\/2021\/11\/piscine-rectangle-sara-7-1080x1080.jpg 1080w, https:\/\/www.waterair.com\/wp-content\/uploads\/2021\/11\/piscine-rectangle-sara-7-480x480.jpg 480w, https:\/\/www.waterair.com\/wp-content\/uploads\/2021\/11\/piscine-rectangle-sara-7-240x240.jpg 240w, https:\/\/www.waterair.com\/wp-content\/uploads\/2021\/11\/piscine-rectangle-sara-7-150x150.jpg 150w, https:\/\/www.waterair.com\/wp-content\/uploads\/2021\/11\/piscine-rectangle-sara-7-75x75.jpg 75w, https:\/\/www.waterair.com\/wp-content\/uploads\/2021\/11\/piscine-rectangle-sara-7-780x780.jpg 780w, https:\/\/www.waterair.com\/wp-content\/uploads\/2021\/11\/piscine-rectangle-sara-7-390x390.jpg 390w, https:\/\/www.waterair.com\/wp-content\/uploads\/2021\/11\/piscine-rectangle-sara-7-320x320.jpg 320w, https:\/\/www.waterair.com\/wp-content\/uploads\/2021\/11\/piscine-rectangle-sara-7-160x160.jpg 160w\" sizes=\"auto, (max-width: 540px) 100vw, 540px\" \/><\/a>\t\t\t\t\t\t\t\t\t\t\t\t\t\t\t\t\t\t\t\t\t\t\t\t\t\t\t\t<a data-wa=\"fade-up\" href=\"https:\/\/www.waterair.com\/es\/consejos\/entornos-de-piscina\/cuanto-mas-cuidado-el-entorno-mas-hermosa-mi-piscina\" class=\"item-card is-size-card splide__slide \">\n\t<div class=\"item-card__infos item-card__infos--simple\">\n\t\t<h3 class=\"item-card__title mb-0 c-white\">\u00a1Cuanto m\u00e1s cuidado el entorno, m\u00e1s hermosa mi piscina!<\/h3>\n\t\t\t<\/div>\n\t\t<img loading=\"lazy\" decoding=\"async\" width=\"540\" height=\"540\" src=\"https:\/\/www.waterair.com\/wp-content\/uploads\/2021\/11\/piscine-rectangle-emilie-1-540x540.jpg\" class=\"attachment-card size-card\" alt=\"Piscine rectangulaire avec plage grise\" srcset=\"https:\/\/www.waterair.com\/wp-content\/uploads\/2021\/11\/piscine-rectangle-emilie-1-540x540.jpg 540w, https:\/\/www.waterair.com\/wp-content\/uploads\/2021\/11\/piscine-rectangle-emilie-1-1080x1080.jpg 1080w, https:\/\/www.waterair.com\/wp-content\/uploads\/2021\/11\/piscine-rectangle-emilie-1-480x480.jpg 480w, https:\/\/www.waterair.com\/wp-content\/uploads\/2021\/11\/piscine-rectangle-emilie-1-240x240.jpg 240w, https:\/\/www.waterair.com\/wp-content\/uploads\/2021\/11\/piscine-rectangle-emilie-1-150x150.jpg 150w, https:\/\/www.waterair.com\/wp-content\/uploads\/2021\/11\/piscine-rectangle-emilie-1-75x75.jpg 75w, https:\/\/www.waterair.com\/wp-content\/uploads\/2021\/11\/piscine-rectangle-emilie-1-780x780.jpg 780w, https:\/\/www.waterair.com\/wp-content\/uploads\/2021\/11\/piscine-rectangle-emilie-1-390x390.jpg 390w, https:\/\/www.waterair.com\/wp-content\/uploads\/2021\/11\/piscine-rectangle-emilie-1-320x320.jpg 320w, https:\/\/www.waterair.com\/wp-content\/uploads\/2021\/11\/piscine-rectangle-emilie-1-160x160.jpg 160w\" sizes=\"auto, (max-width: 540px) 100vw, 540px\" \/><\/a>\t\t\t\t\t\t\t\t\t\t\t\t\t\t\t\t\t\t\t\t\t\t\t\t\t\t\t\t<a data-wa=\"fade-up\" href=\"https:\/\/www.waterair.com\/es\/consejos\/entornos-de-piscina\/seleccione-la-playa-de-su-piscina\" class=\"item-card is-size-card splide__slide \">\n\t<div class=\"item-card__infos item-card__infos--simple\">\n\t\t<h3 class=\"item-card__title mb-0 c-white\">Seleccione la playa de su piscina<\/h3>\n\t\t\t<\/div>\n\t\t<img loading=\"lazy\" decoding=\"async\" width=\"540\" height=\"540\" src=\"https:\/\/www.waterair.com\/wp-content\/uploads\/2021\/11\/elsa-540x540.jpg\" class=\"attachment-card size-card\" alt=\"Piscine ovale Elsa dans un jardin avec terrasse en dalles de b\u00e9ton\" srcset=\"https:\/\/www.waterair.com\/wp-content\/uploads\/2021\/11\/elsa-540x540.jpg 540w, https:\/\/www.waterair.com\/wp-content\/uploads\/2021\/11\/elsa-1080x1080.jpg 1080w, https:\/\/www.waterair.com\/wp-content\/uploads\/2021\/11\/elsa-480x480.jpg 480w, https:\/\/www.waterair.com\/wp-content\/uploads\/2021\/11\/elsa-240x240.jpg 240w, https:\/\/www.waterair.com\/wp-content\/uploads\/2021\/11\/elsa-150x150.jpg 150w, https:\/\/www.waterair.com\/wp-content\/uploads\/2021\/11\/elsa-75x75.jpg 75w, https:\/\/www.waterair.com\/wp-content\/uploads\/2021\/11\/elsa-780x780.jpg 780w, https:\/\/www.waterair.com\/wp-content\/uploads\/2021\/11\/elsa-390x390.jpg 390w, https:\/\/www.waterair.com\/wp-content\/uploads\/2021\/11\/elsa-320x320.jpg 320w, https:\/\/www.waterair.com\/wp-content\/uploads\/2021\/11\/elsa-160x160.jpg 160w\" sizes=\"auto, (max-width: 540px) 100vw, 540px\" \/><\/a>\t\t\t\t\t\t\t\t\t\t\t\t\t\t\t\t\t\t\t\t\t\t\t\t\t\t\t\t<a data-wa=\"fade-up\" href=\"https:\/\/www.waterair.com\/es\/consejos\/entornos-de-piscina\/renovacion-de-piscina-un-fabricante-comprometido\" class=\"item-card is-size-card splide__slide \">\n\t<div class=\"item-card__infos item-card__infos--simple\">\n\t\t<h3 class=\"item-card__title mb-0 c-white\">Renovaci\u00f3n de piscina\u00a0: un fabricante comprometido<\/h3>\n\t\t\t<\/div>\n\t\t<img loading=\"lazy\" decoding=\"async\" width=\"540\" height=\"540\" src=\"https:\/\/www.waterair.com\/wp-content\/uploads\/2021\/11\/piscine-madeleine-forme-libre-540x540.jpg\" class=\"attachment-card size-card\" alt=\"piscine forme libre enterr\u00e9e\" srcset=\"https:\/\/www.waterair.com\/wp-content\/uploads\/2021\/11\/piscine-madeleine-forme-libre-540x540.jpg 540w, https:\/\/www.waterair.com\/wp-content\/uploads\/2021\/11\/piscine-madeleine-forme-libre-1080x1080.jpg 1080w, https:\/\/www.waterair.com\/wp-content\/uploads\/2021\/11\/piscine-madeleine-forme-libre-480x480.jpg 480w, https:\/\/www.waterair.com\/wp-content\/uploads\/2021\/11\/piscine-madeleine-forme-libre-240x240.jpg 240w, https:\/\/www.waterair.com\/wp-content\/uploads\/2021\/11\/piscine-madeleine-forme-libre-150x150.jpg 150w, https:\/\/www.waterair.com\/wp-content\/uploads\/2021\/11\/piscine-madeleine-forme-libre-75x75.jpg 75w, https:\/\/www.waterair.com\/wp-content\/uploads\/2021\/11\/piscine-madeleine-forme-libre-780x780.jpg 780w, https:\/\/www.waterair.com\/wp-content\/uploads\/2021\/11\/piscine-madeleine-forme-libre-390x390.jpg 390w, https:\/\/www.waterair.com\/wp-content\/uploads\/2021\/11\/piscine-madeleine-forme-libre-320x320.jpg 320w, https:\/\/www.waterair.com\/wp-content\/uploads\/2021\/11\/piscine-madeleine-forme-libre-160x160.jpg 160w\" sizes=\"auto, (max-width: 540px) 100vw, 540px\" \/><\/a>\t\t\t\t\t\t\t\t\t\t\t\t\t\t\t\t\t\t\t\t\t\t\t\t\t\t\t\t<a data-wa=\"fade-up\" href=\"https:\/\/www.waterair.com\/es\/consejos\/entornos-de-piscina\/mi-piscina-un-fantastico-lugar-de-vida\" class=\"item-card is-size-card splide__slide \">\n\t<div class=\"item-card__infos item-card__infos--simple\">\n\t\t<h3 class=\"item-card__title mb-0 c-white\">Mi piscina: \u00a1un fant\u00e1stico lugar de vida!<\/h3>\n\t\t\t<\/div>\n\t\t<img loading=\"lazy\" decoding=\"async\" width=\"540\" height=\"540\" src=\"https:\/\/www.waterair.com\/wp-content\/uploads\/2021\/11\/escalier-piscine-roman-3-540x540.jpg\" class=\"attachment-card size-card\" alt=\"\" srcset=\"https:\/\/www.waterair.com\/wp-content\/uploads\/2021\/11\/escalier-piscine-roman-3-540x540.jpg 540w, https:\/\/www.waterair.com\/wp-content\/uploads\/2021\/11\/escalier-piscine-roman-3-1080x1080.jpg 1080w, https:\/\/www.waterair.com\/wp-content\/uploads\/2021\/11\/escalier-piscine-roman-3-480x480.jpg 480w, https:\/\/www.waterair.com\/wp-content\/uploads\/2021\/11\/escalier-piscine-roman-3-240x240.jpg 240w, https:\/\/www.waterair.com\/wp-content\/uploads\/2021\/11\/escalier-piscine-roman-3-150x150.jpg 150w, https:\/\/www.waterair.com\/wp-content\/uploads\/2021\/11\/escalier-piscine-roman-3-75x75.jpg 75w, https:\/\/www.waterair.com\/wp-content\/uploads\/2021\/11\/escalier-piscine-roman-3-780x780.jpg 780w, https:\/\/www.waterair.com\/wp-content\/uploads\/2021\/11\/escalier-piscine-roman-3-390x390.jpg 390w, https:\/\/www.waterair.com\/wp-content\/uploads\/2021\/11\/escalier-piscine-roman-3-320x320.jpg 320w, https:\/\/www.waterair.com\/wp-content\/uploads\/2021\/11\/escalier-piscine-roman-3-160x160.jpg 160w\" sizes=\"auto, (max-width: 540px) 100vw, 540px\" \/><\/a>\t\t\t\t\t\t\t\t\t\t\t\t\t\t\t\t\t\t\t\t\t\t\t\t\t\t\t\t<a data-wa=\"fade-up\" href=\"https:\/\/www.waterair.com\/es\/consejos\/entornos-de-piscina\/iluminaciones-de-piscina-plena-luz\" class=\"item-card is-size-card splide__slide \">\n\t<div class=\"item-card__infos item-card__infos--simple\">\n\t\t<h3 class=\"item-card__title mb-0 c-white\">Iluminaciones de piscina a plena luz<\/h3>\n\t\t\t<\/div>\n\t\t<img loading=\"lazy\" decoding=\"async\" width=\"540\" height=\"540\" src=\"https:\/\/www.waterair.com\/wp-content\/uploads\/2021\/11\/eclairage-piscine_0-540x540.jpg\" class=\"attachment-card size-card\" alt=\"eclairage\" srcset=\"https:\/\/www.waterair.com\/wp-content\/uploads\/2021\/11\/eclairage-piscine_0-540x540.jpg 540w, https:\/\/www.waterair.com\/wp-content\/uploads\/2021\/11\/eclairage-piscine_0-1080x1080.jpg 1080w, https:\/\/www.waterair.com\/wp-content\/uploads\/2021\/11\/eclairage-piscine_0-480x480.jpg 480w, https:\/\/www.waterair.com\/wp-content\/uploads\/2021\/11\/eclairage-piscine_0-240x240.jpg 240w, https:\/\/www.waterair.com\/wp-content\/uploads\/2021\/11\/eclairage-piscine_0-150x150.jpg 150w, https:\/\/www.waterair.com\/wp-content\/uploads\/2021\/11\/eclairage-piscine_0-75x75.jpg 75w, https:\/\/www.waterair.com\/wp-content\/uploads\/2021\/11\/eclairage-piscine_0-780x780.jpg 780w, https:\/\/www.waterair.com\/wp-content\/uploads\/2021\/11\/eclairage-piscine_0-390x390.jpg 390w, https:\/\/www.waterair.com\/wp-content\/uploads\/2021\/11\/eclairage-piscine_0-320x320.jpg 320w, https:\/\/www.waterair.com\/wp-content\/uploads\/2021\/11\/eclairage-piscine_0-160x160.jpg 160w\" sizes=\"auto, (max-width: 540px) 100vw, 540px\" \/><\/a>\t\t\t\t\t\t\t\t\t\t\t\t\t\t\t\t\t\t\t\t\t\t\t\t\t\t\t\t<a data-wa=\"fade-up\" href=\"https:\/\/www.waterair.com\/es\/consejos\/entornos-de-piscina\/23-anos-despues-una-nueva-piscina\" class=\"item-card is-size-card splide__slide \">\n\t<div class=\"item-card__infos item-card__infos--simple\">\n\t\t<h3 class=\"item-card__title mb-0 c-white\">23 a\u00f1os despu\u00e9s, una nueva piscina<\/h3>\n\t\t\t<\/div>\n\t\t<img loading=\"lazy\" decoding=\"async\" width=\"540\" height=\"540\" src=\"https:\/\/www.waterair.com\/wp-content\/uploads\/2021\/11\/escalier-piscine-welcome-4_1-540x540.jpg\" class=\"attachment-card size-card\" alt=\"Piscine Madeleine - escalier Welcome\" srcset=\"https:\/\/www.waterair.com\/wp-content\/uploads\/2021\/11\/escalier-piscine-welcome-4_1-540x540.jpg 540w, https:\/\/www.waterair.com\/wp-content\/uploads\/2021\/11\/escalier-piscine-welcome-4_1-1080x1080.jpg 1080w, https:\/\/www.waterair.com\/wp-content\/uploads\/2021\/11\/escalier-piscine-welcome-4_1-480x480.jpg 480w, https:\/\/www.waterair.com\/wp-content\/uploads\/2021\/11\/escalier-piscine-welcome-4_1-240x240.jpg 240w, https:\/\/www.waterair.com\/wp-content\/uploads\/2021\/11\/escalier-piscine-welcome-4_1-150x150.jpg 150w, https:\/\/www.waterair.com\/wp-content\/uploads\/2021\/11\/escalier-piscine-welcome-4_1-75x75.jpg 75w, https:\/\/www.waterair.com\/wp-content\/uploads\/2021\/11\/escalier-piscine-welcome-4_1-780x780.jpg 780w, https:\/\/www.waterair.com\/wp-content\/uploads\/2021\/11\/escalier-piscine-welcome-4_1-390x390.jpg 390w, https:\/\/www.waterair.com\/wp-content\/uploads\/2021\/11\/escalier-piscine-welcome-4_1-320x320.jpg 320w, https:\/\/www.waterair.com\/wp-content\/uploads\/2021\/11\/escalier-piscine-welcome-4_1-160x160.jpg 160w\" sizes=\"auto, (max-width: 540px) 100vw, 540px\" \/><\/a>\t\t\t\t\t\t\t\t\t\t\t\t\t\t\t\t\t\t<\/div>\n\t\t\t\t<\/div>\n\t\t\t<\/div>\n\t\t\t\t\t<\/div>","protected":false},"excerpt":{"rendered":"","protected":false},"author":1,"featured_media":33585,"parent":0,"menu_order":0,"comment_status":"closed","ping_status":"closed","template":"","meta":{"_acf_changed":false,"om_disable_all_campaigns":false,"footnotes":""},"class_list":["post-63527","page","type-page","status-publish","has-post-thumbnail","hentry"],"acf":[],"yoast_head":"<!-- This site is optimized with the Yoast SEO Premium plugin v25.4 (Yoast SEO v27.2) - https:\/\/yoast.com\/product\/yoast-seo-premium-wordpress\/ -->\n<title>Decoraci\u00f3n, iluminaci\u00f3n, renovaci\u00f3n y entornos de piscina | Piscinas Waterair<\/title>\n<meta name=\"description\" content=\"Decorar su piscina Waterair, cuidar su entorno, elegir una playa, pensar en las iluminaciones o renovar su piscina\u2026 \u00a1Todos nuestros consejos de bien vivir!\" \/>\n<meta name=\"robots\" content=\"index, follow, max-snippet:-1, max-image-preview:large, max-video-preview:-1\" \/>\n<link rel=\"canonical\" href=\"https:\/\/www.waterair.com\/es\/consejos\/entornos-de-piscina\" \/>\n<meta property=\"og:locale\" content=\"es_ES\" \/>\n<meta property=\"og:type\" content=\"article\" \/>\n<meta property=\"og:title\" content=\"Entornos de piscina\" \/>\n<meta property=\"og:description\" content=\"Decorar su piscina Waterair, cuidar su entorno, elegir una playa, pensar en las iluminaciones o renovar su piscina\u2026 \u00a1Todos nuestros consejos de bien vivir!\" \/>\n<meta property=\"og:url\" content=\"https:\/\/www.waterair.com\/es\/consejos\/entornos-de-piscina\" \/>\n<meta property=\"og:site_name\" content=\"Piscinas Waterair\" \/>\n<meta property=\"article:modified_time\" content=\"2021-11-11T14:06:12+00:00\" \/>\n<meta property=\"og:image\" content=\"https:\/\/www.waterair.com\/wp-content\/uploads\/2021\/10\/pourquoi-une-piscine-1.jpg\" \/>\n\t<meta property=\"og:image:width\" content=\"768\" \/>\n\t<meta property=\"og:image:height\" content=\"432\" \/>\n\t<meta property=\"og:image:type\" content=\"image\/jpeg\" \/>\n<meta name=\"twitter:card\" content=\"summary_large_image\" \/>\n<script type=\"application\/ld+json\" class=\"yoast-schema-graph\">{\"@context\":\"https:\/\/schema.org\",\"@graph\":[{\"@type\":\"WebPage\",\"@id\":\"https:\/\/www.waterair.com\/es\/consejos\/entornos-de-piscina\",\"url\":\"https:\/\/www.waterair.com\/es\/consejos\/entornos-de-piscina\",\"name\":\"Decoraci\u00f3n, iluminaci\u00f3n, renovaci\u00f3n y entornos de piscina | Piscinas Waterair\",\"isPartOf\":{\"@id\":\"https:\/\/www.waterair.com\/es\/#website\"},\"primaryImageOfPage\":{\"@id\":\"https:\/\/www.waterair.com\/es\/consejos\/entornos-de-piscina#primaryimage\"},\"image\":{\"@id\":\"https:\/\/www.waterair.com\/es\/consejos\/entornos-de-piscina#primaryimage\"},\"thumbnailUrl\":\"https:\/\/www.waterair.com\/wp-content\/uploads\/2021\/10\/pourquoi-une-piscine-1.jpg\",\"datePublished\":\"2021-11-04T09:07:16+00:00\",\"dateModified\":\"2021-11-11T14:06:12+00:00\",\"description\":\"Decorar su piscina Waterair, cuidar su entorno, elegir una playa, pensar en las iluminaciones o renovar su piscina\u2026 \u00a1Todos nuestros consejos de bien vivir!\",\"breadcrumb\":{\"@id\":\"https:\/\/www.waterair.com\/es\/consejos\/entornos-de-piscina#breadcrumb\"},\"inLanguage\":\"es\",\"potentialAction\":[{\"@type\":\"ReadAction\",\"target\":[\"https:\/\/www.waterair.com\/es\/consejos\/entornos-de-piscina\"]}]},{\"@type\":\"ImageObject\",\"inLanguage\":\"es\",\"@id\":\"https:\/\/www.waterair.com\/es\/consejos\/entornos-de-piscina#primaryimage\",\"url\":\"https:\/\/www.waterair.com\/wp-content\/uploads\/2021\/10\/pourquoi-une-piscine-1.jpg\",\"contentUrl\":\"https:\/\/www.waterair.com\/wp-content\/uploads\/2021\/10\/pourquoi-une-piscine-1.jpg\",\"width\":768,\"height\":432},{\"@type\":\"BreadcrumbList\",\"@id\":\"https:\/\/www.waterair.com\/es\/consejos\/entornos-de-piscina#breadcrumb\",\"itemListElement\":[{\"@type\":\"ListItem\",\"position\":1,\"name\":\"Inicio\",\"item\":\"https:\/\/www.waterair.com\/es\"},{\"@type\":\"ListItem\",\"position\":2,\"name\":\"Entornos de piscina\"}]},{\"@type\":\"WebSite\",\"@id\":\"https:\/\/www.waterair.com\/es\/#website\",\"url\":\"https:\/\/www.waterair.com\/es\/\",\"name\":\"Piscinas Waterair\",\"description\":\"\",\"potentialAction\":[{\"@type\":\"SearchAction\",\"target\":{\"@type\":\"EntryPoint\",\"urlTemplate\":\"https:\/\/www.waterair.com\/es\/?s={search_term_string}\"},\"query-input\":{\"@type\":\"PropertyValueSpecification\",\"valueRequired\":true,\"valueName\":\"search_term_string\"}}],\"inLanguage\":\"es\"}]}<\/script>\n<!-- \/ Yoast SEO Premium plugin. -->","yoast_head_json":{"title":"Decoraci\u00f3n, iluminaci\u00f3n, renovaci\u00f3n y entornos de piscina | Piscinas Waterair","description":"Decorar su piscina Waterair, cuidar su entorno, elegir una playa, pensar en las iluminaciones o renovar su piscina\u2026 \u00a1Todos nuestros consejos de bien vivir!","robots":{"index":"index","follow":"follow","max-snippet":"max-snippet:-1","max-image-preview":"max-image-preview:large","max-video-preview":"max-video-preview:-1"},"canonical":"https:\/\/www.waterair.com\/es\/consejos\/entornos-de-piscina","og_locale":"es_ES","og_type":"article","og_title":"Entornos de piscina","og_description":"Decorar su piscina Waterair, cuidar su entorno, elegir una playa, pensar en las iluminaciones o renovar su piscina\u2026 \u00a1Todos nuestros consejos de bien vivir!","og_url":"https:\/\/www.waterair.com\/es\/consejos\/entornos-de-piscina","og_site_name":"Piscinas Waterair","article_modified_time":"2021-11-11T14:06:12+00:00","og_image":[{"width":768,"height":432,"url":"https:\/\/www.waterair.com\/wp-content\/uploads\/2021\/10\/pourquoi-une-piscine-1.jpg","type":"image\/jpeg"}],"twitter_card":"summary_large_image","schema":{"@context":"https:\/\/schema.org","@graph":[{"@type":"WebPage","@id":"https:\/\/www.waterair.com\/es\/consejos\/entornos-de-piscina","url":"https:\/\/www.waterair.com\/es\/consejos\/entornos-de-piscina","name":"Decoraci\u00f3n, iluminaci\u00f3n, renovaci\u00f3n y entornos de piscina | Piscinas Waterair","isPartOf":{"@id":"https:\/\/www.waterair.com\/es\/#website"},"primaryImageOfPage":{"@id":"https:\/\/www.waterair.com\/es\/consejos\/entornos-de-piscina#primaryimage"},"image":{"@id":"https:\/\/www.waterair.com\/es\/consejos\/entornos-de-piscina#primaryimage"},"thumbnailUrl":"https:\/\/www.waterair.com\/wp-content\/uploads\/2021\/10\/pourquoi-une-piscine-1.jpg","datePublished":"2021-11-04T09:07:16+00:00","dateModified":"2021-11-11T14:06:12+00:00","description":"Decorar su piscina Waterair, cuidar su entorno, elegir una playa, pensar en las iluminaciones o renovar su piscina\u2026 \u00a1Todos nuestros consejos de bien vivir!","breadcrumb":{"@id":"https:\/\/www.waterair.com\/es\/consejos\/entornos-de-piscina#breadcrumb"},"inLanguage":"es","potentialAction":[{"@type":"ReadAction","target":["https:\/\/www.waterair.com\/es\/consejos\/entornos-de-piscina"]}]},{"@type":"ImageObject","inLanguage":"es","@id":"https:\/\/www.waterair.com\/es\/consejos\/entornos-de-piscina#primaryimage","url":"https:\/\/www.waterair.com\/wp-content\/uploads\/2021\/10\/pourquoi-une-piscine-1.jpg","contentUrl":"https:\/\/www.waterair.com\/wp-content\/uploads\/2021\/10\/pourquoi-une-piscine-1.jpg","width":768,"height":432},{"@type":"BreadcrumbList","@id":"https:\/\/www.waterair.com\/es\/consejos\/entornos-de-piscina#breadcrumb","itemListElement":[{"@type":"ListItem","position":1,"name":"Inicio","item":"https:\/\/www.waterair.com\/es"},{"@type":"ListItem","position":2,"name":"Entornos de piscina"}]},{"@type":"WebSite","@id":"https:\/\/www.waterair.com\/es\/#website","url":"https:\/\/www.waterair.com\/es\/","name":"Piscinas Waterair","description":"","potentialAction":[{"@type":"SearchAction","target":{"@type":"EntryPoint","urlTemplate":"https:\/\/www.waterair.com\/es\/?s={search_term_string}"},"query-input":{"@type":"PropertyValueSpecification","valueRequired":true,"valueName":"search_term_string"}}],"inLanguage":"es"}]}},"_links":{"self":[{"href":"https:\/\/www.waterair.com\/es\/wp-json\/wp\/v2\/pages\/63527","targetHints":{"allow":["GET"]}}],"collection":[{"href":"https:\/\/www.waterair.com\/es\/wp-json\/wp\/v2\/pages"}],"about":[{"href":"https:\/\/www.waterair.com\/es\/wp-json\/wp\/v2\/types\/page"}],"author":[{"embeddable":true,"href":"https:\/\/www.waterair.com\/es\/wp-json\/wp\/v2\/users\/1"}],"replies":[{"embeddable":true,"href":"https:\/\/www.waterair.com\/es\/wp-json\/wp\/v2\/comments?post=63527"}],"version-history":[{"count":4,"href":"https:\/\/www.waterair.com\/es\/wp-json\/wp\/v2\/pages\/63527\/revisions"}],"predecessor-version":[{"id":79671,"href":"https:\/\/www.waterair.com\/es\/wp-json\/wp\/v2\/pages\/63527\/revisions\/79671"}],"wp:featuredmedia":[{"embeddable":true,"href":"https:\/\/www.waterair.com\/es\/wp-json\/wp\/v2\/media\/33585"}],"wp:attachment":[{"href":"https:\/\/www.waterair.com\/es\/wp-json\/wp\/v2\/media?parent=63527"}],"curies":[{"name":"wp","href":"https:\/\/api.w.org\/{rel}","templated":true}]}}