{"id":63531,"date":"2021-11-04T10:07:21","date_gmt":"2021-11-04T09:07:21","guid":{"rendered":"https:\/\/waterair-preprod2.adipso.fr\/testimonios"},"modified":"2021-11-11T15:06:15","modified_gmt":"2021-11-11T14:06:15","slug":"testimonios","status":"publish","type":"page","link":"https:\/\/www.waterair.com\/es\/consejos\/testimonios","title":{"rendered":"Construir su piscina: \u00a1lo han hecho!"},"content":{"rendered":"    <div  class=\"block-hub content-block mt-4 mt-sm-2\" data-tab-section>\n        <div class=\"container\">\n            <div class=\"row\">\n                <div class=\"col-12 col-lg-10 offset-lg-1\">\n                                                                                                    <\/div>\n            <\/div>\n            <div data-wa=\"fade-up\" class=\"block-hub__pages\">\n                            <\/div>\n            <div data-wa=\"fade-up\" class=\"row\">\n                <div class=\"col-12 col-lg-10 offset-lg-1\">\n                                    <\/div>\n            <\/div>\n        <\/div>\n    <\/div>\n<div  class=\"block-links  content-block\">\n\t\t\t\t\t\t\t\t<div data-wa=\"fade-up\" data-wa-delay=\"300\" class=\"content-block__slider splide\" data-splide>\n\t\t\t\t<div class=\"splide__track\">\n\t\t\t\t\t<div class=\"splide__list\">\n\t\t\t\t\t\t\t\t\t\t\t\t\t\t\t\t\t\t\t\t\t<a data-wa=\"fade-up\" href=\"https:\/\/www.waterair.com\/es\/consejos\/testimonios\/como-instalar-una-piscina-semienterrada-rinon-en-kit\" class=\"item-card is-size-card splide__slide \">\n\t<div class=\"item-card__infos item-card__infos--simple\">\n\t\t<h3 class=\"item-card__title mb-0 c-white\">\u00bfC\u00f3mo instalar una piscina semienterrada ri\u00f1\u00f3n en kit?<\/h3>\n\t\t\t<\/div>\n\t\t<img loading=\"lazy\" decoding=\"async\" width=\"540\" height=\"540\" src=\"https:\/\/www.waterair.com\/wp-content\/uploads\/2021\/11\/piscine-haricot-celine-3-540x540.jpg\" class=\"attachment-card size-card\" alt=\"piscine familiale\" srcset=\"https:\/\/www.waterair.com\/wp-content\/uploads\/2021\/11\/piscine-haricot-celine-3-540x540.jpg 540w, https:\/\/www.waterair.com\/wp-content\/uploads\/2021\/11\/piscine-haricot-celine-3-1080x1080.jpg 1080w, https:\/\/www.waterair.com\/wp-content\/uploads\/2021\/11\/piscine-haricot-celine-3-480x480.jpg 480w, https:\/\/www.waterair.com\/wp-content\/uploads\/2021\/11\/piscine-haricot-celine-3-240x240.jpg 240w, https:\/\/www.waterair.com\/wp-content\/uploads\/2021\/11\/piscine-haricot-celine-3-150x150.jpg 150w, https:\/\/www.waterair.com\/wp-content\/uploads\/2021\/11\/piscine-haricot-celine-3-75x75.jpg 75w, https:\/\/www.waterair.com\/wp-content\/uploads\/2021\/11\/piscine-haricot-celine-3-780x780.jpg 780w, https:\/\/www.waterair.com\/wp-content\/uploads\/2021\/11\/piscine-haricot-celine-3-390x390.jpg 390w, https:\/\/www.waterair.com\/wp-content\/uploads\/2021\/11\/piscine-haricot-celine-3-320x320.jpg 320w, https:\/\/www.waterair.com\/wp-content\/uploads\/2021\/11\/piscine-haricot-celine-3-160x160.jpg 160w\" sizes=\"auto, (max-width: 540px) 100vw, 540px\" \/><\/a>\t\t\t\t\t\t\t\t\t\t\t\t\t\t\t\t\t\t\t\t\t\t\t\t\t\t\t\t<a data-wa=\"fade-up\" href=\"https:\/\/www.waterair.com\/es\/consejos\/testimonios\/y-el-sueno-de-piscina-se-hace-realidad\" class=\"item-card is-size-card splide__slide \">\n\t<div class=\"item-card__infos item-card__infos--simple\">\n\t\t<h3 class=\"item-card__title mb-0 c-white\">\u00a1Y el sue\u00f1o de piscina se hace realidad!<\/h3>\n\t\t\t<\/div>\n\t\t<img loading=\"lazy\" decoding=\"async\" width=\"540\" height=\"540\" src=\"https:\/\/www.waterair.com\/wp-content\/uploads\/2021\/11\/piscine-ovale-olivia-1-540x540.jpg\" class=\"attachment-card size-card\" alt=\"Piscine Olivia ovale avec filtration int\u00e9gr\u00e9e et escalier sortant\" srcset=\"https:\/\/www.waterair.com\/wp-content\/uploads\/2021\/11\/piscine-ovale-olivia-1-540x540.jpg 540w, https:\/\/www.waterair.com\/wp-content\/uploads\/2021\/11\/piscine-ovale-olivia-1-1080x1080.jpg 1080w, https:\/\/www.waterair.com\/wp-content\/uploads\/2021\/11\/piscine-ovale-olivia-1-480x480.jpg 480w, https:\/\/www.waterair.com\/wp-content\/uploads\/2021\/11\/piscine-ovale-olivia-1-240x240.jpg 240w, https:\/\/www.waterair.com\/wp-content\/uploads\/2021\/11\/piscine-ovale-olivia-1-150x150.jpg 150w, https:\/\/www.waterair.com\/wp-content\/uploads\/2021\/11\/piscine-ovale-olivia-1-75x75.jpg 75w, https:\/\/www.waterair.com\/wp-content\/uploads\/2021\/11\/piscine-ovale-olivia-1-780x780.jpg 780w, https:\/\/www.waterair.com\/wp-content\/uploads\/2021\/11\/piscine-ovale-olivia-1-390x390.jpg 390w, https:\/\/www.waterair.com\/wp-content\/uploads\/2021\/11\/piscine-ovale-olivia-1-320x320.jpg 320w, https:\/\/www.waterair.com\/wp-content\/uploads\/2021\/11\/piscine-ovale-olivia-1-160x160.jpg 160w\" sizes=\"auto, (max-width: 540px) 100vw, 540px\" \/><\/a>\t\t\t\t\t\t\t\t\t\t\t\t\t\t\t\t\t\t\t\t\t\t\t\t\t\t\t\t<a data-wa=\"fade-up\" href=\"https:\/\/www.waterair.com\/es\/consejos\/testimonios\/instalar-una-piscina-por-ti-mismo-con-gusto-y-bajo\" class=\"item-card is-size-card splide__slide \">\n\t<div class=\"item-card__infos item-card__infos--simple\">\n\t\t<h3 class=\"item-card__title mb-0 c-white\">Instalar una piscina por ti mismo, con gusto y a bajo presupuesto: \u00a1es posible!<\/h3>\n\t\t\t<\/div>\n\t\t<img loading=\"lazy\" decoding=\"async\" width=\"540\" height=\"540\" src=\"https:\/\/www.waterair.com\/wp-content\/uploads\/2021\/11\/piscine-forme-libre-clea-2-540x540.jpg\" class=\"attachment-card size-card\" alt=\"Piscine de forme libre cl\u00e9a\" srcset=\"https:\/\/www.waterair.com\/wp-content\/uploads\/2021\/11\/piscine-forme-libre-clea-2-540x540.jpg 540w, https:\/\/www.waterair.com\/wp-content\/uploads\/2021\/11\/piscine-forme-libre-clea-2-1080x1080.jpg 1080w, https:\/\/www.waterair.com\/wp-content\/uploads\/2021\/11\/piscine-forme-libre-clea-2-480x480.jpg 480w, https:\/\/www.waterair.com\/wp-content\/uploads\/2021\/11\/piscine-forme-libre-clea-2-240x240.jpg 240w, https:\/\/www.waterair.com\/wp-content\/uploads\/2021\/11\/piscine-forme-libre-clea-2-150x150.jpg 150w, https:\/\/www.waterair.com\/wp-content\/uploads\/2021\/11\/piscine-forme-libre-clea-2-75x75.jpg 75w, https:\/\/www.waterair.com\/wp-content\/uploads\/2021\/11\/piscine-forme-libre-clea-2-780x780.jpg 780w, https:\/\/www.waterair.com\/wp-content\/uploads\/2021\/11\/piscine-forme-libre-clea-2-390x390.jpg 390w, https:\/\/www.waterair.com\/wp-content\/uploads\/2021\/11\/piscine-forme-libre-clea-2-320x320.jpg 320w, https:\/\/www.waterair.com\/wp-content\/uploads\/2021\/11\/piscine-forme-libre-clea-2-160x160.jpg 160w\" sizes=\"auto, (max-width: 540px) 100vw, 540px\" \/><\/a>\t\t\t\t\t\t\t\t\t\t\t\t\t\t\t\t\t\t\t\t\t\t\t\t\t\t\t\t<a data-wa=\"fade-up\" href=\"https:\/\/www.waterair.com\/es\/consejos\/testimonios\/instalar-una-piscina-por-si-mismo-es-posible-consejos-de\" class=\"item-card is-size-card splide__slide \">\n\t<div class=\"item-card__infos item-card__infos--simple\">\n\t\t<h3 class=\"item-card__title mb-0 c-white\">Instalar una piscina por s\u00ed mismo, \u00a1es posible! Consejos de Brigitte<\/h3>\n\t\t\t<\/div>\n\t\t<img loading=\"lazy\" decoding=\"async\" width=\"540\" height=\"540\" src=\"https:\/\/www.waterair.com\/wp-content\/uploads\/2021\/11\/1-celine-gissey-web-540x540.jpg\" class=\"attachment-card size-card\" alt=\"piscine install\u00e9e par un particulier\" srcset=\"https:\/\/www.waterair.com\/wp-content\/uploads\/2021\/11\/1-celine-gissey-web-540x540.jpg 540w, https:\/\/www.waterair.com\/wp-content\/uploads\/2021\/11\/1-celine-gissey-web-1080x1080.jpg 1080w, https:\/\/www.waterair.com\/wp-content\/uploads\/2021\/11\/1-celine-gissey-web-480x480.jpg 480w, https:\/\/www.waterair.com\/wp-content\/uploads\/2021\/11\/1-celine-gissey-web-240x240.jpg 240w, https:\/\/www.waterair.com\/wp-content\/uploads\/2021\/11\/1-celine-gissey-web-150x150.jpg 150w, https:\/\/www.waterair.com\/wp-content\/uploads\/2021\/11\/1-celine-gissey-web-75x75.jpg 75w, https:\/\/www.waterair.com\/wp-content\/uploads\/2021\/11\/1-celine-gissey-web-780x780.jpg 780w, https:\/\/www.waterair.com\/wp-content\/uploads\/2021\/11\/1-celine-gissey-web-390x390.jpg 390w, https:\/\/www.waterair.com\/wp-content\/uploads\/2021\/11\/1-celine-gissey-web-320x320.jpg 320w, https:\/\/www.waterair.com\/wp-content\/uploads\/2021\/11\/1-celine-gissey-web-160x160.jpg 160w\" sizes=\"auto, (max-width: 540px) 100vw, 540px\" \/><\/a>\t\t\t\t\t\t\t\t\t\t\t\t\t\t\t\t\t\t\t\t\t\t\t\t\t\t\t\t<a data-wa=\"fade-up\" href=\"https:\/\/www.waterair.com\/es\/consejos\/testimonios\/instalar-una-piscina-para-su-fiesta-de-cumpleanos\" class=\"item-card is-size-card splide__slide \">\n\t<div class=\"item-card__infos item-card__infos--simple\">\n\t\t<h3 class=\"item-card__title mb-0 c-white\">Instalar una piscina para su fiesta de cumplea\u00f1os<\/h3>\n\t\t\t<\/div>\n\t\t<img loading=\"lazy\" decoding=\"async\" width=\"540\" height=\"540\" src=\"https:\/\/www.waterair.com\/wp-content\/uploads\/2021\/11\/piscine-mini-lola-2-540x540.jpg\" class=\"attachment-card size-card\" alt=\"mini piscine Lola sur une terrasse sur\u00e9lev\u00e9e\" srcset=\"https:\/\/www.waterair.com\/wp-content\/uploads\/2021\/11\/piscine-mini-lola-2-540x540.jpg 540w, https:\/\/www.waterair.com\/wp-content\/uploads\/2021\/11\/piscine-mini-lola-2-1080x1080.jpg 1080w, https:\/\/www.waterair.com\/wp-content\/uploads\/2021\/11\/piscine-mini-lola-2-480x480.jpg 480w, https:\/\/www.waterair.com\/wp-content\/uploads\/2021\/11\/piscine-mini-lola-2-240x240.jpg 240w, https:\/\/www.waterair.com\/wp-content\/uploads\/2021\/11\/piscine-mini-lola-2-150x150.jpg 150w, https:\/\/www.waterair.com\/wp-content\/uploads\/2021\/11\/piscine-mini-lola-2-75x75.jpg 75w, https:\/\/www.waterair.com\/wp-content\/uploads\/2021\/11\/piscine-mini-lola-2-780x780.jpg 780w, https:\/\/www.waterair.com\/wp-content\/uploads\/2021\/11\/piscine-mini-lola-2-390x390.jpg 390w, https:\/\/www.waterair.com\/wp-content\/uploads\/2021\/11\/piscine-mini-lola-2-320x320.jpg 320w, https:\/\/www.waterair.com\/wp-content\/uploads\/2021\/11\/piscine-mini-lola-2-160x160.jpg 160w\" sizes=\"auto, (max-width: 540px) 100vw, 540px\" \/><\/a>\t\t\t\t\t\t\t\t\t\t\t\t\t\t\t\t\t\t\t\t\t\t\t\t\t\t\t\t<a data-wa=\"fade-up\" href=\"https:\/\/www.waterair.com\/es\/consejos\/testimonios\/instalar-una-piscina-ovalada-en-un-terreno-inaccesible\" class=\"item-card is-size-card splide__slide \">\n\t<div class=\"item-card__infos item-card__infos--simple\">\n\t\t<h3 class=\"item-card__title mb-0 c-white\">Instalar una piscina ovalada en un terreno inaccesible<\/h3>\n\t\t\t<\/div>\n\t\t<img loading=\"lazy\" decoding=\"async\" width=\"540\" height=\"540\" src=\"https:\/\/www.waterair.com\/wp-content\/uploads\/2021\/11\/2_938x626_elsa-540x540.jpg\" class=\"attachment-card size-card\" alt=\"piscine elsa\" srcset=\"https:\/\/www.waterair.com\/wp-content\/uploads\/2021\/11\/2_938x626_elsa-540x540.jpg 540w, https:\/\/www.waterair.com\/wp-content\/uploads\/2021\/11\/2_938x626_elsa-1080x1080.jpg 1080w, https:\/\/www.waterair.com\/wp-content\/uploads\/2021\/11\/2_938x626_elsa-480x480.jpg 480w, https:\/\/www.waterair.com\/wp-content\/uploads\/2021\/11\/2_938x626_elsa-240x240.jpg 240w, https:\/\/www.waterair.com\/wp-content\/uploads\/2021\/11\/2_938x626_elsa-150x150.jpg 150w, https:\/\/www.waterair.com\/wp-content\/uploads\/2021\/11\/2_938x626_elsa-75x75.jpg 75w, https:\/\/www.waterair.com\/wp-content\/uploads\/2021\/11\/2_938x626_elsa-780x780.jpg 780w, https:\/\/www.waterair.com\/wp-content\/uploads\/2021\/11\/2_938x626_elsa-390x390.jpg 390w, https:\/\/www.waterair.com\/wp-content\/uploads\/2021\/11\/2_938x626_elsa-320x320.jpg 320w, https:\/\/www.waterair.com\/wp-content\/uploads\/2021\/11\/2_938x626_elsa-160x160.jpg 160w\" sizes=\"auto, (max-width: 540px) 100vw, 540px\" \/><\/a>\t\t\t\t\t\t\t\t\t\t\t\t\t\t\t\t\t\t\t\t\t\t\t\t\t\t\t\t<a data-wa=\"fade-up\" href=\"https:\/\/www.waterair.com\/es\/consejos\/testimonios\/consejos-de-instalacion-de-una-piscina-rinon\" class=\"item-card is-size-card splide__slide \">\n\t<div class=\"item-card__infos item-card__infos--simple\">\n\t\t<h3 class=\"item-card__title mb-0 c-white\">Consejos de instalaci\u00f3n de una piscina ri\u00f1\u00f3n<\/h3>\n\t\t\t<\/div>\n\t\t<img loading=\"lazy\" decoding=\"async\" width=\"540\" height=\"540\" src=\"https:\/\/www.waterair.com\/wp-content\/uploads\/2021\/11\/piscine-haricot-celine-3-1-540x540.jpg\" class=\"attachment-card size-card\" alt=\"piscine haricot\" srcset=\"https:\/\/www.waterair.com\/wp-content\/uploads\/2021\/11\/piscine-haricot-celine-3-1-540x540.jpg 540w, https:\/\/www.waterair.com\/wp-content\/uploads\/2021\/11\/piscine-haricot-celine-3-1-1080x1080.jpg 1080w, https:\/\/www.waterair.com\/wp-content\/uploads\/2021\/11\/piscine-haricot-celine-3-1-480x480.jpg 480w, https:\/\/www.waterair.com\/wp-content\/uploads\/2021\/11\/piscine-haricot-celine-3-1-240x240.jpg 240w, https:\/\/www.waterair.com\/wp-content\/uploads\/2021\/11\/piscine-haricot-celine-3-1-150x150.jpg 150w, https:\/\/www.waterair.com\/wp-content\/uploads\/2021\/11\/piscine-haricot-celine-3-1-75x75.jpg 75w, https:\/\/www.waterair.com\/wp-content\/uploads\/2021\/11\/piscine-haricot-celine-3-1-780x780.jpg 780w, https:\/\/www.waterair.com\/wp-content\/uploads\/2021\/11\/piscine-haricot-celine-3-1-390x390.jpg 390w, https:\/\/www.waterair.com\/wp-content\/uploads\/2021\/11\/piscine-haricot-celine-3-1-320x320.jpg 320w, https:\/\/www.waterair.com\/wp-content\/uploads\/2021\/11\/piscine-haricot-celine-3-1-160x160.jpg 160w\" sizes=\"auto, (max-width: 540px) 100vw, 540px\" \/><\/a>\t\t\t\t\t\t\t\t\t\t\t\t\t\t\t\t\t\t<\/div>\n\t\t\t\t<\/div>\n\t\t\t<\/div>\n\t\t\t\t\t<\/div>","protected":false},"excerpt":{"rendered":"","protected":false},"author":1,"featured_media":63532,"parent":0,"menu_order":0,"comment_status":"closed","ping_status":"closed","template":"","meta":{"_acf_changed":false,"om_disable_all_campaigns":false,"footnotes":""},"class_list":["post-63531","page","type-page","status-publish","has-post-thumbnail","hentry"],"acf":[],"yoast_head":"<!-- This site is optimized with the Yoast SEO Premium plugin v25.4 (Yoast SEO v27.2) - https:\/\/yoast.com\/product\/yoast-seo-premium-wordpress\/ -->\n<title>Testimonios clientes sobre la construcci\u00f3n de piscinas Waterair | Piscinas Waterair<\/title>\n<meta name=\"description\" content=\"\u00bfC\u00f3mo instalar una piscina semienterrada ri\u00f1\u00f3n en kit? \u00bfC\u00f3mo construir una piscina semienterrada ri\u00f1\u00f3n en kit? Descubran nuestros testimonios de clientes sobre la construcci\u00f3n de piscinas Waterair.\" \/>\n<meta name=\"robots\" content=\"index, follow, max-snippet:-1, max-image-preview:large, max-video-preview:-1\" \/>\n<link rel=\"canonical\" href=\"https:\/\/www.waterair.com\/es\/consejos\/testimonios\" \/>\n<meta property=\"og:locale\" content=\"es_ES\" \/>\n<meta property=\"og:type\" content=\"article\" \/>\n<meta property=\"og:title\" content=\"Construir su piscina: \u00a1lo han hecho!\" \/>\n<meta property=\"og:description\" content=\"\u00bfC\u00f3mo instalar una piscina semienterrada ri\u00f1\u00f3n en kit? \u00bfC\u00f3mo construir una piscina semienterrada ri\u00f1\u00f3n en kit? Descubran nuestros testimonios de clientes sobre la construcci\u00f3n de piscinas Waterair.\" \/>\n<meta property=\"og:url\" content=\"https:\/\/www.waterair.com\/es\/consejos\/testimonios\" \/>\n<meta property=\"og:site_name\" content=\"Piscinas Waterair\" \/>\n<meta property=\"article:modified_time\" content=\"2021-11-11T14:06:15+00:00\" \/>\n<meta property=\"og:image\" content=\"https:\/\/www.waterair.com\/wp-content\/uploads\/2021\/11\/piscine-delais-courts.jpg\" \/>\n\t<meta property=\"og:image:width\" content=\"934\" \/>\n\t<meta property=\"og:image:height\" content=\"700\" \/>\n\t<meta property=\"og:image:type\" content=\"image\/jpeg\" \/>\n<meta name=\"twitter:card\" content=\"summary_large_image\" \/>\n<script type=\"application\/ld+json\" class=\"yoast-schema-graph\">{\"@context\":\"https:\/\/schema.org\",\"@graph\":[{\"@type\":\"WebPage\",\"@id\":\"https:\/\/www.waterair.com\/es\/consejos\/testimonios\",\"url\":\"https:\/\/www.waterair.com\/es\/consejos\/testimonios\",\"name\":\"Testimonios clientes sobre la construcci\u00f3n de piscinas Waterair | Piscinas Waterair\",\"isPartOf\":{\"@id\":\"https:\/\/www.waterair.com\/es\/#website\"},\"primaryImageOfPage\":{\"@id\":\"https:\/\/www.waterair.com\/es\/consejos\/testimonios#primaryimage\"},\"image\":{\"@id\":\"https:\/\/www.waterair.com\/es\/consejos\/testimonios#primaryimage\"},\"thumbnailUrl\":\"https:\/\/www.waterair.com\/wp-content\/uploads\/2021\/11\/piscine-delais-courts.jpg\",\"datePublished\":\"2021-11-04T09:07:21+00:00\",\"dateModified\":\"2021-11-11T14:06:15+00:00\",\"description\":\"\u00bfC\u00f3mo instalar una piscina semienterrada ri\u00f1\u00f3n en kit? \u00bfC\u00f3mo construir una piscina semienterrada ri\u00f1\u00f3n en kit? Descubran nuestros testimonios de clientes sobre la construcci\u00f3n de piscinas Waterair.\",\"breadcrumb\":{\"@id\":\"https:\/\/www.waterair.com\/es\/consejos\/testimonios#breadcrumb\"},\"inLanguage\":\"es\",\"potentialAction\":[{\"@type\":\"ReadAction\",\"target\":[\"https:\/\/www.waterair.com\/es\/consejos\/testimonios\"]}]},{\"@type\":\"ImageObject\",\"inLanguage\":\"es\",\"@id\":\"https:\/\/www.waterair.com\/es\/consejos\/testimonios#primaryimage\",\"url\":\"https:\/\/www.waterair.com\/wp-content\/uploads\/2021\/11\/piscine-delais-courts.jpg\",\"contentUrl\":\"https:\/\/www.waterair.com\/wp-content\/uploads\/2021\/11\/piscine-delais-courts.jpg\",\"width\":934,\"height\":700,\"caption\":\"Photo d'une petite piscine Waterair\"},{\"@type\":\"BreadcrumbList\",\"@id\":\"https:\/\/www.waterair.com\/es\/consejos\/testimonios#breadcrumb\",\"itemListElement\":[{\"@type\":\"ListItem\",\"position\":1,\"name\":\"Inicio\",\"item\":\"https:\/\/www.waterair.com\/es\"},{\"@type\":\"ListItem\",\"position\":2,\"name\":\"Construir su piscina: \u00a1lo han hecho!\"}]},{\"@type\":\"WebSite\",\"@id\":\"https:\/\/www.waterair.com\/es\/#website\",\"url\":\"https:\/\/www.waterair.com\/es\/\",\"name\":\"Piscinas Waterair\",\"description\":\"\",\"potentialAction\":[{\"@type\":\"SearchAction\",\"target\":{\"@type\":\"EntryPoint\",\"urlTemplate\":\"https:\/\/www.waterair.com\/es\/?s={search_term_string}\"},\"query-input\":{\"@type\":\"PropertyValueSpecification\",\"valueRequired\":true,\"valueName\":\"search_term_string\"}}],\"inLanguage\":\"es\"}]}<\/script>\n<!-- \/ Yoast SEO Premium plugin. -->","yoast_head_json":{"title":"Testimonios clientes sobre la construcci\u00f3n de piscinas Waterair | Piscinas Waterair","description":"\u00bfC\u00f3mo instalar una piscina semienterrada ri\u00f1\u00f3n en kit? \u00bfC\u00f3mo construir una piscina semienterrada ri\u00f1\u00f3n en kit? Descubran nuestros testimonios de clientes sobre la construcci\u00f3n de piscinas Waterair.","robots":{"index":"index","follow":"follow","max-snippet":"max-snippet:-1","max-image-preview":"max-image-preview:large","max-video-preview":"max-video-preview:-1"},"canonical":"https:\/\/www.waterair.com\/es\/consejos\/testimonios","og_locale":"es_ES","og_type":"article","og_title":"Construir su piscina: \u00a1lo han hecho!","og_description":"\u00bfC\u00f3mo instalar una piscina semienterrada ri\u00f1\u00f3n en kit? \u00bfC\u00f3mo construir una piscina semienterrada ri\u00f1\u00f3n en kit? Descubran nuestros testimonios de clientes sobre la construcci\u00f3n de piscinas Waterair.","og_url":"https:\/\/www.waterair.com\/es\/consejos\/testimonios","og_site_name":"Piscinas Waterair","article_modified_time":"2021-11-11T14:06:15+00:00","og_image":[{"width":934,"height":700,"url":"https:\/\/www.waterair.com\/wp-content\/uploads\/2021\/11\/piscine-delais-courts.jpg","type":"image\/jpeg"}],"twitter_card":"summary_large_image","schema":{"@context":"https:\/\/schema.org","@graph":[{"@type":"WebPage","@id":"https:\/\/www.waterair.com\/es\/consejos\/testimonios","url":"https:\/\/www.waterair.com\/es\/consejos\/testimonios","name":"Testimonios clientes sobre la construcci\u00f3n de piscinas Waterair | Piscinas Waterair","isPartOf":{"@id":"https:\/\/www.waterair.com\/es\/#website"},"primaryImageOfPage":{"@id":"https:\/\/www.waterair.com\/es\/consejos\/testimonios#primaryimage"},"image":{"@id":"https:\/\/www.waterair.com\/es\/consejos\/testimonios#primaryimage"},"thumbnailUrl":"https:\/\/www.waterair.com\/wp-content\/uploads\/2021\/11\/piscine-delais-courts.jpg","datePublished":"2021-11-04T09:07:21+00:00","dateModified":"2021-11-11T14:06:15+00:00","description":"\u00bfC\u00f3mo instalar una piscina semienterrada ri\u00f1\u00f3n en kit? \u00bfC\u00f3mo construir una piscina semienterrada ri\u00f1\u00f3n en kit? Descubran nuestros testimonios de clientes sobre la construcci\u00f3n de piscinas Waterair.","breadcrumb":{"@id":"https:\/\/www.waterair.com\/es\/consejos\/testimonios#breadcrumb"},"inLanguage":"es","potentialAction":[{"@type":"ReadAction","target":["https:\/\/www.waterair.com\/es\/consejos\/testimonios"]}]},{"@type":"ImageObject","inLanguage":"es","@id":"https:\/\/www.waterair.com\/es\/consejos\/testimonios#primaryimage","url":"https:\/\/www.waterair.com\/wp-content\/uploads\/2021\/11\/piscine-delais-courts.jpg","contentUrl":"https:\/\/www.waterair.com\/wp-content\/uploads\/2021\/11\/piscine-delais-courts.jpg","width":934,"height":700,"caption":"Photo d'une petite piscine Waterair"},{"@type":"BreadcrumbList","@id":"https:\/\/www.waterair.com\/es\/consejos\/testimonios#breadcrumb","itemListElement":[{"@type":"ListItem","position":1,"name":"Inicio","item":"https:\/\/www.waterair.com\/es"},{"@type":"ListItem","position":2,"name":"Construir su piscina: \u00a1lo han hecho!"}]},{"@type":"WebSite","@id":"https:\/\/www.waterair.com\/es\/#website","url":"https:\/\/www.waterair.com\/es\/","name":"Piscinas Waterair","description":"","potentialAction":[{"@type":"SearchAction","target":{"@type":"EntryPoint","urlTemplate":"https:\/\/www.waterair.com\/es\/?s={search_term_string}"},"query-input":{"@type":"PropertyValueSpecification","valueRequired":true,"valueName":"search_term_string"}}],"inLanguage":"es"}]}},"_links":{"self":[{"href":"https:\/\/www.waterair.com\/es\/wp-json\/wp\/v2\/pages\/63531","targetHints":{"allow":["GET"]}}],"collection":[{"href":"https:\/\/www.waterair.com\/es\/wp-json\/wp\/v2\/pages"}],"about":[{"href":"https:\/\/www.waterair.com\/es\/wp-json\/wp\/v2\/types\/page"}],"author":[{"embeddable":true,"href":"https:\/\/www.waterair.com\/es\/wp-json\/wp\/v2\/users\/1"}],"replies":[{"embeddable":true,"href":"https:\/\/www.waterair.com\/es\/wp-json\/wp\/v2\/comments?post=63531"}],"version-history":[{"count":4,"href":"https:\/\/www.waterair.com\/es\/wp-json\/wp\/v2\/pages\/63531\/revisions"}],"predecessor-version":[{"id":79673,"href":"https:\/\/www.waterair.com\/es\/wp-json\/wp\/v2\/pages\/63531\/revisions\/79673"}],"wp:featuredmedia":[{"embeddable":true,"href":"https:\/\/www.waterair.com\/es\/wp-json\/wp\/v2\/media\/63532"}],"wp:attachment":[{"href":"https:\/\/www.waterair.com\/es\/wp-json\/wp\/v2\/media?parent=63531"}],"curies":[{"name":"wp","href":"https:\/\/api.w.org\/{rel}","templated":true}]}}