{"id":96761,"date":"2021-11-29T13:44:04","date_gmt":"2021-11-29T12:44:04","guid":{"rendered":"https:\/\/waterair-nvme.adipso.fr\/?page_id=96761"},"modified":"2021-11-30T09:30:03","modified_gmt":"2021-11-30T08:30:03","slug":"gracias","status":"publish","type":"page","link":"https:\/\/www.waterair.com\/es\/gracias","title":{"rendered":"Gracias,"},"content":{"rendered":"<div class=\"container block--core-paragraph\"><div class=\"row\"><div class=\"col-12 \">\n<p>Gracias.<\/p>\n<\/div><\/div><\/div>\n\n<div class=\"container block--core-paragraph\"><div class=\"row\"><div class=\"col-12 \">\n<p>Hemos tomado nota de tu mensaje. Contactaremos contigo lo antes posible.<br>Para conocer al distribuidor m\u00e1s pr\u00f3ximo dentro de tu pa\u00eds&nbsp;<a href=\"https:\/\/www.waterair.com\/es\/el-grupo\/socio-local\">entra aqu\u00ed<\/a>.<br>Si deseas colaborar con Piscines Waterair y vender nuestras piscinas en tu pa\u00eds h\u00e1znoslo&nbsp;<a href=\"https:\/\/waterair.pro\/en\/\">saber aqu\u00ed<\/a>&nbsp;(en ingl\u00e9s).<\/p>\n<\/div><\/div><\/div>\n\n<div class=\"container block--core-paragraph\"><div class=\"row\"><div class=\"col-12 \">\n<p>Hasta muy pronto,<\/p>\n<\/div><\/div><\/div>\n\n<div class=\"container block--core-paragraph\"><div class=\"row\"><div class=\"col-12 \">\n<p>Piscinas&nbsp;Waterair<\/p>\n<\/div><\/div><\/div>","protected":false},"excerpt":{"rendered":"<p>Gracias. Hemos tomado nota de tu mensaje. Contactaremos contigo lo antes posible.Para conocer al distribuidor m\u00e1s pr\u00f3ximo dentro de tu pa\u00eds&nbsp;entra aqu\u00ed.Si deseas colaborar con Piscines Waterair y vender nuestras piscinas en tu pa\u00eds h\u00e1znoslo&nbsp;saber aqu\u00ed&nbsp;(en ingl\u00e9s). Hasta muy pronto, Piscinas&nbsp;Waterair<\/p>\n","protected":false},"author":8,"featured_media":92500,"parent":0,"menu_order":0,"comment_status":"closed","ping_status":"closed","template":"merci.php","meta":{"_acf_changed":false,"om_disable_all_campaigns":false,"footnotes":""},"class_list":["post-96761","page","type-page","status-publish","has-post-thumbnail","hentry"],"acf":[],"yoast_head":"<!-- This site is optimized with the Yoast SEO Premium plugin v25.4 (Yoast SEO v27.2) - https:\/\/yoast.com\/product\/yoast-seo-premium-wordpress\/ -->\n<title>Gracias, | Piscinas Waterair<\/title>\n<meta name=\"robots\" content=\"noindex, nofollow\" \/>\n<meta property=\"og:locale\" content=\"es_ES\" \/>\n<meta property=\"og:type\" content=\"article\" \/>\n<meta property=\"og:title\" content=\"Gracias,\" \/>\n<meta property=\"og:description\" content=\"Gracias. Hemos tomado nota de tu mensaje. Contactaremos contigo lo antes posible.Para conocer al distribuidor m\u00e1s pr\u00f3ximo dentro de tu pa\u00eds&nbsp;entra aqu\u00ed.Si deseas colaborar con Piscines Waterair y vender nuestras piscinas en tu pa\u00eds h\u00e1znoslo&nbsp;saber aqu\u00ed&nbsp;(en ingl\u00e9s). Hasta muy pronto, Piscinas&nbsp;Waterair\" \/>\n<meta property=\"og:url\" content=\"https:\/\/www.waterair.com\/es\/gracias\" \/>\n<meta property=\"og:site_name\" content=\"Piscinas Waterair\" \/>\n<meta property=\"article:modified_time\" content=\"2021-11-30T08:30:03+00:00\" \/>\n<meta property=\"og:image\" content=\"https:\/\/www.waterair.com\/wp-content\/uploads\/2021\/11\/ei-1.jpg\" \/>\n\t<meta property=\"og:image:width\" content=\"1920\" \/>\n\t<meta property=\"og:image:height\" content=\"400\" \/>\n\t<meta property=\"og:image:type\" content=\"image\/jpeg\" \/>\n<meta name=\"twitter:card\" content=\"summary_large_image\" \/>\n<meta name=\"twitter:label1\" content=\"Tiempo de lectura\" \/>\n\t<meta name=\"twitter:data1\" content=\"1 minuto\" \/>\n<script type=\"application\/ld+json\" class=\"yoast-schema-graph\">{\"@context\":\"https:\/\/schema.org\",\"@graph\":[{\"@type\":\"WebPage\",\"@id\":\"https:\/\/www.waterair.com\/es\/gracias\",\"url\":\"https:\/\/www.waterair.com\/es\/gracias\",\"name\":\"Gracias, | Piscinas Waterair\",\"isPartOf\":{\"@id\":\"https:\/\/www.waterair.com\/es\/#website\"},\"primaryImageOfPage\":{\"@id\":\"https:\/\/www.waterair.com\/es\/gracias#primaryimage\"},\"image\":{\"@id\":\"https:\/\/www.waterair.com\/es\/gracias#primaryimage\"},\"thumbnailUrl\":\"https:\/\/www.waterair.com\/wp-content\/uploads\/2021\/11\/ei-1.jpg\",\"datePublished\":\"2021-11-29T12:44:04+00:00\",\"dateModified\":\"2021-11-30T08:30:03+00:00\",\"breadcrumb\":{\"@id\":\"https:\/\/www.waterair.com\/es\/gracias#breadcrumb\"},\"inLanguage\":\"es\",\"potentialAction\":[{\"@type\":\"ReadAction\",\"target\":[\"https:\/\/www.waterair.com\/es\/gracias\"]}]},{\"@type\":\"ImageObject\",\"inLanguage\":\"es\",\"@id\":\"https:\/\/www.waterair.com\/es\/gracias#primaryimage\",\"url\":\"https:\/\/www.waterair.com\/wp-content\/uploads\/2021\/11\/ei-1.jpg\",\"contentUrl\":\"https:\/\/www.waterair.com\/wp-content\/uploads\/2021\/11\/ei-1.jpg\",\"width\":1920,\"height\":400},{\"@type\":\"BreadcrumbList\",\"@id\":\"https:\/\/www.waterair.com\/es\/gracias#breadcrumb\",\"itemListElement\":[{\"@type\":\"ListItem\",\"position\":1,\"name\":\"Inicio\",\"item\":\"https:\/\/www.waterair.com\/es\"},{\"@type\":\"ListItem\",\"position\":2,\"name\":\"Gracias,\"}]},{\"@type\":\"WebSite\",\"@id\":\"https:\/\/www.waterair.com\/es\/#website\",\"url\":\"https:\/\/www.waterair.com\/es\/\",\"name\":\"Piscinas Waterair\",\"description\":\"\",\"potentialAction\":[{\"@type\":\"SearchAction\",\"target\":{\"@type\":\"EntryPoint\",\"urlTemplate\":\"https:\/\/www.waterair.com\/es\/?s={search_term_string}\"},\"query-input\":{\"@type\":\"PropertyValueSpecification\",\"valueRequired\":true,\"valueName\":\"search_term_string\"}}],\"inLanguage\":\"es\"}]}<\/script>\n<!-- \/ Yoast SEO Premium plugin. -->","yoast_head_json":{"title":"Gracias, | Piscinas Waterair","robots":{"index":"noindex","follow":"nofollow"},"og_locale":"es_ES","og_type":"article","og_title":"Gracias,","og_description":"Gracias. Hemos tomado nota de tu mensaje. Contactaremos contigo lo antes posible.Para conocer al distribuidor m\u00e1s pr\u00f3ximo dentro de tu pa\u00eds&nbsp;entra aqu\u00ed.Si deseas colaborar con Piscines Waterair y vender nuestras piscinas en tu pa\u00eds h\u00e1znoslo&nbsp;saber aqu\u00ed&nbsp;(en ingl\u00e9s). Hasta muy pronto, Piscinas&nbsp;Waterair","og_url":"https:\/\/www.waterair.com\/es\/gracias","og_site_name":"Piscinas Waterair","article_modified_time":"2021-11-30T08:30:03+00:00","og_image":[{"width":1920,"height":400,"url":"https:\/\/www.waterair.com\/wp-content\/uploads\/2021\/11\/ei-1.jpg","type":"image\/jpeg"}],"twitter_card":"summary_large_image","twitter_misc":{"Tiempo de lectura":"1 minuto"},"schema":{"@context":"https:\/\/schema.org","@graph":[{"@type":"WebPage","@id":"https:\/\/www.waterair.com\/es\/gracias","url":"https:\/\/www.waterair.com\/es\/gracias","name":"Gracias, | Piscinas Waterair","isPartOf":{"@id":"https:\/\/www.waterair.com\/es\/#website"},"primaryImageOfPage":{"@id":"https:\/\/www.waterair.com\/es\/gracias#primaryimage"},"image":{"@id":"https:\/\/www.waterair.com\/es\/gracias#primaryimage"},"thumbnailUrl":"https:\/\/www.waterair.com\/wp-content\/uploads\/2021\/11\/ei-1.jpg","datePublished":"2021-11-29T12:44:04+00:00","dateModified":"2021-11-30T08:30:03+00:00","breadcrumb":{"@id":"https:\/\/www.waterair.com\/es\/gracias#breadcrumb"},"inLanguage":"es","potentialAction":[{"@type":"ReadAction","target":["https:\/\/www.waterair.com\/es\/gracias"]}]},{"@type":"ImageObject","inLanguage":"es","@id":"https:\/\/www.waterair.com\/es\/gracias#primaryimage","url":"https:\/\/www.waterair.com\/wp-content\/uploads\/2021\/11\/ei-1.jpg","contentUrl":"https:\/\/www.waterair.com\/wp-content\/uploads\/2021\/11\/ei-1.jpg","width":1920,"height":400},{"@type":"BreadcrumbList","@id":"https:\/\/www.waterair.com\/es\/gracias#breadcrumb","itemListElement":[{"@type":"ListItem","position":1,"name":"Inicio","item":"https:\/\/www.waterair.com\/es"},{"@type":"ListItem","position":2,"name":"Gracias,"}]},{"@type":"WebSite","@id":"https:\/\/www.waterair.com\/es\/#website","url":"https:\/\/www.waterair.com\/es\/","name":"Piscinas Waterair","description":"","potentialAction":[{"@type":"SearchAction","target":{"@type":"EntryPoint","urlTemplate":"https:\/\/www.waterair.com\/es\/?s={search_term_string}"},"query-input":{"@type":"PropertyValueSpecification","valueRequired":true,"valueName":"search_term_string"}}],"inLanguage":"es"}]}},"_links":{"self":[{"href":"https:\/\/www.waterair.com\/es\/wp-json\/wp\/v2\/pages\/96761","targetHints":{"allow":["GET"]}}],"collection":[{"href":"https:\/\/www.waterair.com\/es\/wp-json\/wp\/v2\/pages"}],"about":[{"href":"https:\/\/www.waterair.com\/es\/wp-json\/wp\/v2\/types\/page"}],"author":[{"embeddable":true,"href":"https:\/\/www.waterair.com\/es\/wp-json\/wp\/v2\/users\/8"}],"replies":[{"embeddable":true,"href":"https:\/\/www.waterair.com\/es\/wp-json\/wp\/v2\/comments?post=96761"}],"version-history":[{"count":2,"href":"https:\/\/www.waterair.com\/es\/wp-json\/wp\/v2\/pages\/96761\/revisions"}],"predecessor-version":[{"id":97109,"href":"https:\/\/www.waterair.com\/es\/wp-json\/wp\/v2\/pages\/96761\/revisions\/97109"}],"wp:featuredmedia":[{"embeddable":true,"href":"https:\/\/www.waterair.com\/es\/wp-json\/wp\/v2\/media\/92500"}],"wp:attachment":[{"href":"https:\/\/www.waterair.com\/es\/wp-json\/wp\/v2\/media?parent=96761"}],"curies":[{"name":"wp","href":"https:\/\/api.w.org\/{rel}","templated":true}]}}