{"id":37760,"date":"2021-10-29T21:22:18","date_gmt":"2021-10-29T19:22:18","guid":{"rendered":"https:\/\/waterair-preprod2.adipso.fr\/viralliset-huomautukset"},"modified":"2025-07-09T14:47:23","modified_gmt":"2025-07-09T12:47:23","slug":"viralliset-huomautukset","status":"publish","type":"page","link":"https:\/\/www.waterair.com\/fi\/viralliset-huomautukset","title":{"rendered":"Viralliset huomautukset"},"content":{"rendered":"<div  class=\"block-content-media  content-block   has-no-title\">\n            <div class=\"container\">\n            <div class=\"row\">\n                <div class=\"col\">\n                    <div class=\"row flex-column flex-md-row \">\n                        <div class=\"content-block__col col-12 d-flex flex-column align-items-md-start order-lg-2\">\n                                                                                                                                                <div data-wa=\"fade-up\" data-wa-delay=\"400\" class=\"content-block__description text--sm text-weight--300 mb-0\">\n                                    <p><strong>Sivuston hoitajan tunnistus<\/strong><\/p>\n<p>Waterair.com\/fi on WATERAIR-konsernin hoitama sivusto<br \/>\nOsakeyhti\u00f6, osakep\u00e4\u00e4oma 10 000,000 euroa.<br \/>\nEU-ALV-koodi: FR 71 440 123 487<br \/>\nRCS Mulhouse B 440 123 487, yhti\u00f6n p\u00e4\u00e4toimipaikan osoite on:<br \/>\nZone Artisanale<br \/>\n6 Rue de la Largue<br \/>\n68580 Seppois le Bas<br \/>\nS\u00e4hk\u00f6posti: info@waterair.com<br \/>\nNeuvonta ja asennustutkimus: 0 800 50 70 40<br \/>\nHallinnon puhelinkeskus: +33 3 89 07 45 45<br \/>\nAsiakaspalvelu : +33 3 89 07 45 55 (ilmainen palvelu, puhelumaksu)<br \/>\nJulkaisun vastuuhenkil\u00f6: Jacques Braun<\/p>\n<p><strong>P\u00e4\u00e4sy sivustoille<\/strong><\/p>\n<p>P\u00e4\u00e4sy Waterair.com\/fi -sivustolle on maksutonta. Internetin k\u00e4ytt\u00e4j\u00e4 vastaa televiestint\u00e4verkkoon p\u00e4\u00e4syst\u00e4 ja sen k\u00e4yt\u00f6st\u00e4 aiheutuvista kuluista p\u00e4\u00e4syn tarjojan ja televiestint\u00e4operaattorin kanssa sovittujen ehtojen mukaisesti. T\u00e4m\u00e4n sivuston k\u00e4ytt\u00e4j\u00e4 vakuuttaa omaavansa t\u00e4m\u00e4n sivuston vaatimat taidot.<br \/>\nTeknisi\u00e4 tietoja<br \/>\nOn syyt\u00e4 muistuttaa, ett\u00e4 viestien vaihdon luottamuksellisuutta ei voi taata Internetiss\u00e4. \u00a0Internetin k\u00e4yt\u00e4j\u00e4lle ilmoitetaan, ett\u00e4 heti h\u00e4nen tullessaan sivustolle me voimme k\u00e4ytt\u00e4\u00e4 ev\u00e4steit\u00e4 tunnistaaksemme k\u00e4ytt\u00e4j\u00e4n ja s\u00e4ilytt\u00e4\u00e4ksemme sy\u00f6tettyj\u00e4 tietoja koko k\u00e4ytt\u00f6session ajan.<br \/>\nWaterair.com\/fi -sivusto k\u00e4ytt\u00e4\u00e4 sivuston Google Analytics -analyysipalvelua, jonka Google Inc tarjoaa. (&#8220;Google&#8221;). Google Analytics k\u00e4ytt\u00e4\u00e4 ev\u00e4steit\u00e4, jotka ovat tietokoneelle tallennettuja tekstitiedostoja, joiden avulla Waterair.com\/fi voi analysoida k\u00e4ytt\u00e4jien sivuston k\u00e4ytt\u00f6tapaa. Ev\u00e4steiden avulla saadut sivuston k\u00e4ytt\u00f6tiedot (mukaan lukien IP-osoite) l\u00e4hetet\u00e4\u00e4n Googlelle, joka s\u00e4ilytt\u00e4\u00e4 niit\u00e4. Google k\u00e4ytt\u00e4\u00e4 n\u00e4it\u00e4 tietoja arvioidakseen sivuston k\u00e4ytt\u00f6\u00e4, laatiakseen raportteja \u00a0sivuston tapahtumista sivuston luojien k\u00e4ytt\u00f6\u00f6n ja tarjotakseen muita palveluita, jotka liittyv\u00e4t sivuston toimintaan ja Internetin k\u00e4ytt\u00f6\u00f6n. Google voi v\u00e4litt\u00e4\u00e4 n\u00e4it\u00e4 tietoja kolmansille osapuolille, jos laki vaatii sit\u00e4 tai jokin kolmas osapuoli k\u00e4sittelee n\u00e4it\u00e4 tietoja Googlen puolesta. Google ei liit\u00e4 k\u00e4ytt\u00e4j\u00e4n IP-osoitetta Googlen hallussa oleviin tietoihin. Voit est\u00e4\u00e4 ev\u00e4steiden k\u00e4yt\u00f6n valitsemalla sopivat parametrit selaimessasi.<\/p>\n<p>Kun k\u00e4yt\u00e4t n\u00e4it\u00e4 Internet-sivuja, hyv\u00e4ksyt sen, ett\u00e4 Google k\u00e4sittelee omia tunnistettavia tietojasi yll\u00e4 kuvatuilla ehdoilla ja tarkoituksella.<\/p>\n<p><strong>Hypertekstilinkit<\/strong><\/p>\n<p>Hypertekstilinkit Waterair.com\/fi -sivustolle on hyv\u00e4ksytett\u00e4v\u00e4 julkaisup\u00e4\u00e4llik\u00f6ll\u00e4. Hypertekstilinkit muille sivuille Waterair.com\/fi-sivustolta eiv\u00e4t saata \u00a0Piscines WATERAIR -yhti\u00f6t\u00e4 mihink\u00e4\u00e4n vastuuseen.<\/p>\n<p><strong>Tekij\u00e4noikeudet<\/strong><\/p>\n<p>N\u00e4iden sivujen, tietojen ja kaikkien sen sis\u00e4lt\u00e4mien elementtien kopioiminen tai esitt\u00e4minen kokonaan tai osittain mill\u00e4 tahansa alustalla on kielletty\u00e4 ilman sivujen laatijan lupaa ja vastaa v\u00e4\u00e4rent\u00e4mist\u00e4.<\/p>\n<p><strong>Sivuston hosting-palvelun tarjoajan tunnistus<\/strong><\/p>\n<p>Waterair.com\/fi -sivuston hosting-palvelun tarjoaa Ikoula. Yhti\u00f6n p\u00e4\u00e4toimipaikka on 2 Cit\u00e9 Paradis, 75010 Paris, Ranska.<\/p>\n<p>\u00a9 Valokuvat<br \/>\nEstelle Hoffert<\/p>\n                                <\/div>\n                                                                                        <div data-wa=\"fade-up\" data-wa-delay=\"500\">\n                                                                    <\/div>\n                                                    <\/div>\n                                            <\/div>\n                <\/div>\n            <\/div>\n        <\/div>\n    <\/div>","protected":false},"excerpt":{"rendered":"","protected":false},"author":1,"featured_media":0,"parent":0,"menu_order":0,"comment_status":"closed","ping_status":"closed","template":"","meta":{"_acf_changed":false,"om_disable_all_campaigns":false,"footnotes":""},"class_list":["post-37760","page","type-page","status-publish","hentry"],"acf":[],"yoast_head":"<!-- This site is optimized with the Yoast SEO Premium plugin v25.4 (Yoast SEO v27.2) - https:\/\/yoast.com\/product\/yoast-seo-premium-wordpress\/ -->\n<title>Viralliset huomautukset | Piscines Waterair-sivuilla<\/title>\n<meta name=\"robots\" content=\"index, follow, max-snippet:-1, max-image-preview:large, max-video-preview:-1\" \/>\n<link rel=\"canonical\" href=\"https:\/\/www.waterair.com\/fi\/viralliset-huomautukset\" \/>\n<meta property=\"og:locale\" content=\"fi_FI\" \/>\n<meta property=\"og:type\" content=\"article\" \/>\n<meta property=\"og:title\" content=\"Viralliset huomautukset\" \/>\n<meta property=\"og:url\" content=\"https:\/\/www.waterair.com\/fi\/viralliset-huomautukset\" \/>\n<meta property=\"og:site_name\" content=\"Piscines Waterair-sivuilla\" \/>\n<meta property=\"article:modified_time\" content=\"2025-07-09T12:47:23+00:00\" \/>\n<meta name=\"twitter:card\" content=\"summary_large_image\" \/>\n<meta name=\"twitter:label1\" content=\"Est. reading time\" \/>\n\t<meta name=\"twitter:data1\" content=\"2 minutes\" \/>\n<script type=\"application\/ld+json\" class=\"yoast-schema-graph\">{\"@context\":\"https:\/\/schema.org\",\"@graph\":[{\"@type\":\"WebPage\",\"@id\":\"https:\/\/www.waterair.com\/fi\/viralliset-huomautukset\",\"url\":\"https:\/\/www.waterair.com\/fi\/viralliset-huomautukset\",\"name\":\"Viralliset huomautukset | Piscines Waterair-sivuilla\",\"isPartOf\":{\"@id\":\"https:\/\/www.waterair.com\/fi\/#website\"},\"datePublished\":\"2021-10-29T19:22:18+00:00\",\"dateModified\":\"2025-07-09T12:47:23+00:00\",\"breadcrumb\":{\"@id\":\"https:\/\/www.waterair.com\/fi\/viralliset-huomautukset#breadcrumb\"},\"inLanguage\":\"fi-FI\",\"potentialAction\":[{\"@type\":\"ReadAction\",\"target\":[\"https:\/\/www.waterair.com\/fi\/viralliset-huomautukset\"]}]},{\"@type\":\"BreadcrumbList\",\"@id\":\"https:\/\/www.waterair.com\/fi\/viralliset-huomautukset#breadcrumb\",\"itemListElement\":[{\"@type\":\"ListItem\",\"position\":1,\"name\":\"Etusivu\",\"item\":\"https:\/\/www.waterair.com\/fi\"},{\"@type\":\"ListItem\",\"position\":2,\"name\":\"Viralliset huomautukset\"}]},{\"@type\":\"WebSite\",\"@id\":\"https:\/\/www.waterair.com\/fi\/#website\",\"url\":\"https:\/\/www.waterair.com\/fi\/\",\"name\":\"Piscines Waterair-sivuilla\",\"description\":\"\",\"potentialAction\":[{\"@type\":\"SearchAction\",\"target\":{\"@type\":\"EntryPoint\",\"urlTemplate\":\"https:\/\/www.waterair.com\/fi\/?s={search_term_string}\"},\"query-input\":{\"@type\":\"PropertyValueSpecification\",\"valueRequired\":true,\"valueName\":\"search_term_string\"}}],\"inLanguage\":\"fi-FI\"}]}<\/script>\n<!-- \/ Yoast SEO Premium plugin. -->","yoast_head_json":{"title":"Viralliset huomautukset | Piscines Waterair-sivuilla","robots":{"index":"index","follow":"follow","max-snippet":"max-snippet:-1","max-image-preview":"max-image-preview:large","max-video-preview":"max-video-preview:-1"},"canonical":"https:\/\/www.waterair.com\/fi\/viralliset-huomautukset","og_locale":"fi_FI","og_type":"article","og_title":"Viralliset huomautukset","og_url":"https:\/\/www.waterair.com\/fi\/viralliset-huomautukset","og_site_name":"Piscines Waterair-sivuilla","article_modified_time":"2025-07-09T12:47:23+00:00","twitter_card":"summary_large_image","twitter_misc":{"Est. reading time":"2 minutes"},"schema":{"@context":"https:\/\/schema.org","@graph":[{"@type":"WebPage","@id":"https:\/\/www.waterair.com\/fi\/viralliset-huomautukset","url":"https:\/\/www.waterair.com\/fi\/viralliset-huomautukset","name":"Viralliset huomautukset | Piscines Waterair-sivuilla","isPartOf":{"@id":"https:\/\/www.waterair.com\/fi\/#website"},"datePublished":"2021-10-29T19:22:18+00:00","dateModified":"2025-07-09T12:47:23+00:00","breadcrumb":{"@id":"https:\/\/www.waterair.com\/fi\/viralliset-huomautukset#breadcrumb"},"inLanguage":"fi-FI","potentialAction":[{"@type":"ReadAction","target":["https:\/\/www.waterair.com\/fi\/viralliset-huomautukset"]}]},{"@type":"BreadcrumbList","@id":"https:\/\/www.waterair.com\/fi\/viralliset-huomautukset#breadcrumb","itemListElement":[{"@type":"ListItem","position":1,"name":"Etusivu","item":"https:\/\/www.waterair.com\/fi"},{"@type":"ListItem","position":2,"name":"Viralliset huomautukset"}]},{"@type":"WebSite","@id":"https:\/\/www.waterair.com\/fi\/#website","url":"https:\/\/www.waterair.com\/fi\/","name":"Piscines Waterair-sivuilla","description":"","potentialAction":[{"@type":"SearchAction","target":{"@type":"EntryPoint","urlTemplate":"https:\/\/www.waterair.com\/fi\/?s={search_term_string}"},"query-input":{"@type":"PropertyValueSpecification","valueRequired":true,"valueName":"search_term_string"}}],"inLanguage":"fi-FI"}]}},"_links":{"self":[{"href":"https:\/\/www.waterair.com\/fi\/wp-json\/wp\/v2\/pages\/37760","targetHints":{"allow":["GET"]}}],"collection":[{"href":"https:\/\/www.waterair.com\/fi\/wp-json\/wp\/v2\/pages"}],"about":[{"href":"https:\/\/www.waterair.com\/fi\/wp-json\/wp\/v2\/types\/page"}],"author":[{"embeddable":true,"href":"https:\/\/www.waterair.com\/fi\/wp-json\/wp\/v2\/users\/1"}],"replies":[{"embeddable":true,"href":"https:\/\/www.waterair.com\/fi\/wp-json\/wp\/v2\/comments?post=37760"}],"version-history":[{"count":5,"href":"https:\/\/www.waterair.com\/fi\/wp-json\/wp\/v2\/pages\/37760\/revisions"}],"predecessor-version":[{"id":523705,"href":"https:\/\/www.waterair.com\/fi\/wp-json\/wp\/v2\/pages\/37760\/revisions\/523705"}],"wp:attachment":[{"href":"https:\/\/www.waterair.com\/fi\/wp-json\/wp\/v2\/media?parent=37760"}],"curies":[{"name":"wp","href":"https:\/\/api.w.org\/{rel}","templated":true}]}}