{"id":37884,"date":"2021-10-29T21:23:34","date_gmt":"2021-10-29T19:23:34","guid":{"rendered":"https:\/\/waterair-preprod2.adipso.fr\/tietosuojamenettely"},"modified":"2024-12-02T15:12:12","modified_gmt":"2024-12-02T14:12:12","slug":"tietosuojamenettely","status":"publish","type":"page","link":"https:\/\/www.waterair.com\/fi\/tietosuojamenettely","title":{"rendered":"Tietosuojamenettely"},"content":{"rendered":"<div  class=\"block-content-media  content-block   has-no-title\">\n            <div class=\"container\">\n            <div class=\"row\">\n                <div class=\"col\">\n                    <div class=\"row flex-column flex-md-row \">\n                        <div class=\"content-block__col col-12 d-flex flex-column align-items-md-start order-lg-2\">\n                                                                                                                                                <div data-wa=\"fade-up\" data-wa-delay=\"400\" class=\"content-block__description text--sm text-weight--300 mb-0\">\n                                    <p>Haluamme ilmoittaa k\u00e4ytt\u00e4jille, ett\u00e4 WATERAIR, joka on yksinkertaistettu osakeyhti\u00f6, jonka p\u00e4\u00e4toimipaikan osoite on\u00a0 \u00a0 Zone artisanale &#8211; 6 Rue de la Largue, 68580, SEPPOIS-LE-BAS, rekiter\u00f6ity Mulhousen yhti\u00f6rekisteriin numerolla 440 123 487 (jatkossa &#8220;me&#8221;) haluaa ker\u00e4t\u00e4 k\u00e4ytt\u00e4ji\u00e4 koskevia henkil\u00f6tietoja (jatkossa &#8220;tiedot&#8221;).<\/p>\n<p>Ker\u00e4\u00e4mme tietoja seuraviin tarkoituksiin:<\/p>\n<ul>\n<li>Asiakkaiden hakuun<\/li>\n<li>Uutiskirjeiden hallintaan<\/li>\n<li>Yksil\u00f6llisten tarjousten hallintaan<\/li>\n<li>K\u00e4vij\u00e4mittausten ja tilastojen tekoon<\/li>\n<li>Geolokalisaatioon, jotta voimme tarjota oikean maan riippuvalikosta.<\/li>\n<li>Uudelleen kohdistamiseen\/markkinointiin.<\/li>\n<li>Sopimuksen tekoon<\/li>\n<li>Tyytyv\u00e4isyystutkimuksiin<\/li>\n<li>Siirto alihankkijoillemme seuraavilla alueilla: IT, kauppa, rahoitus, markkinointi, viestint\u00e4, logistiikka ja teollisuus, jotta sopimuksen laatiminen ja asiakassuhteen seuranta sujuisi kunnolla.<\/li>\n<\/ul>\n<p>Tietojasi s\u00e4ilytet\u00e4\u00e4n vain niin pitk\u00e4\u00e4n, kuin se on ehdottomasti v\u00e4ltt\u00e4m\u00e4t\u00f6nt\u00e4 n\u00e4iden tarkoitusten kannalta, tiedot on tarkoitettu yhti\u00f6n sis\u00e4iseen k\u00e4ytt\u00f6\u00f6n ja liikekumppaneittemme k\u00e4ytt\u00f6\u00f6n.<\/p>\n<p>Ottaen huomioon tietojen nykytason, toteutuksen kustannukset ja luonteen, teht\u00e4v\u00e4n k\u00e4sittelyn alueen, kontekstin ja tavoitteet, sek\u00e4 oikeuksillesi aiheutuvat vaarat, sitoudumme soveltamaan teknisi\u00e4 ja organisatorisia toimia taataksemme tietojesi suojauksen.<\/p>\n<p>EU-asetuksen nro 2016\/679 &#8211; \u00a0s\u00e4\u00e4detty 27, huhtikuuta 2016 &#8211; sek\u00e4 lain nro 78-17 -s\u00e4\u00e4detty 6. tammikuuta 1978 muutoksineen &#8211; mukaan, ilmoitamme, ett\u00e4 sinulla on seuraava oikeudet:<\/p>\n<ul>\n<li>P\u00e4\u00e4set katsomaan tietoja ja voit korjata niit\u00e4.<\/li>\n<li>Voit kielt\u00e4\u00e4 tietojesi k\u00e4sittelyn p\u00e4tev\u00e4st\u00e4 syyst\u00e4.<\/li>\n<li>Lakitekstien puitteissa voit pyyt\u00e4\u00e4 tietojesi \u00a0k\u00e4sittelyn rajoittamista tai niiden poistamista.<\/li>\n<li>Voit perua suostumuksesi koska tahansa.<\/li>\n<li>Voit pyyt\u00e4\u00e4 saada tietosi rakenteistussa, \u00a0yleisesti k\u00e4ytetyss\u00e4 ja luettavassa muodossa, jotta ne voi siirt\u00e4\u00e4 jollekin toiselle k\u00e4sittelij\u00e4lle (siirto-oikeus).<\/li>\n<li>Voit m\u00e4\u00e4ritt\u00e4\u00e4, miten tietojasi s\u00e4ilytet\u00e4\u00e4n, poistetaan \u00a0ja esitet\u00e4\u00e4nkuolemasi j\u00e4lkeen.<\/li>\n<\/ul>\n<p>Ilmoitamme my\u00f6s, ett\u00e4 sinulla oikeus kielt\u00e4\u00e4 profilointi, jota k\u00e4yt\u00e4mme vuosittain tehd\u00e4ksemme yksil\u00f6llistettyj\u00e4 tarjouksia.<\/p>\n<p>Voidaksesi k\u00e4ytt\u00e4\u00e4 oikeuksiasi sinun on toimitettava pyynt\u00f6si yhdess\u00e4 henkil\u00f6llisyytesi vahvistuksen kanssa seuraavaan s\u00e4hk\u00f6postiosoitteeseen: rgpd@waterair.com.<\/p>\n<p>Ilmoitamme my\u00f6s, ett\u00e4 sinulla on oikeus esitt\u00e4\u00e4 valitus asiaa valvoville viranomaisille.<\/p>\n<p>Kun hyv\u00e4ksyt sivun alaidassa olevan ev\u00e4stepalkin tiedot, annat luvan l\u00e4hett\u00e4\u00e4 tietosi WATERAIR-yhti\u00f6lle alla kuvatussa tarkoiktuksessa.<\/p>\n                                <\/div>\n                                                                                        <div data-wa=\"fade-up\" data-wa-delay=\"500\">\n                                                                    <\/div>\n                                                    <\/div>\n                                            <\/div>\n                <\/div>\n            <\/div>\n        <\/div>\n    <\/div>","protected":false},"excerpt":{"rendered":"","protected":false},"author":1,"featured_media":0,"parent":0,"menu_order":0,"comment_status":"closed","ping_status":"closed","template":"","meta":{"_acf_changed":false,"om_disable_all_campaigns":false,"footnotes":""},"class_list":["post-37884","page","type-page","status-publish","hentry"],"acf":[],"yoast_head":"<!-- This site is optimized with the Yoast SEO Premium plugin v25.4 (Yoast SEO v27.2) - https:\/\/yoast.com\/product\/yoast-seo-premium-wordpress\/ -->\n<title>Tietosuojamenettely | Piscines Waterair-sivuilla<\/title>\n<meta name=\"robots\" content=\"index, follow, max-snippet:-1, max-image-preview:large, max-video-preview:-1\" \/>\n<link rel=\"canonical\" href=\"https:\/\/www.waterair.com\/fi\/tietosuojamenettely\" \/>\n<meta property=\"og:locale\" content=\"fi_FI\" \/>\n<meta property=\"og:type\" content=\"article\" \/>\n<meta property=\"og:title\" content=\"Tietosuojamenettely\" \/>\n<meta property=\"og:url\" content=\"https:\/\/www.waterair.com\/fi\/tietosuojamenettely\" \/>\n<meta property=\"og:site_name\" content=\"Piscines Waterair-sivuilla\" \/>\n<meta property=\"article:modified_time\" content=\"2024-12-02T14:12:12+00:00\" \/>\n<meta name=\"twitter:card\" content=\"summary_large_image\" \/>\n<meta name=\"twitter:label1\" content=\"Est. reading time\" \/>\n\t<meta name=\"twitter:data1\" content=\"2 minutes\" \/>\n<script type=\"application\/ld+json\" class=\"yoast-schema-graph\">{\"@context\":\"https:\/\/schema.org\",\"@graph\":[{\"@type\":\"WebPage\",\"@id\":\"https:\/\/www.waterair.com\/fi\/tietosuojamenettely\",\"url\":\"https:\/\/www.waterair.com\/fi\/tietosuojamenettely\",\"name\":\"Tietosuojamenettely | Piscines Waterair-sivuilla\",\"isPartOf\":{\"@id\":\"https:\/\/www.waterair.com\/fi\/#website\"},\"datePublished\":\"2021-10-29T19:23:34+00:00\",\"dateModified\":\"2024-12-02T14:12:12+00:00\",\"breadcrumb\":{\"@id\":\"https:\/\/www.waterair.com\/fi\/tietosuojamenettely#breadcrumb\"},\"inLanguage\":\"fi-FI\",\"potentialAction\":[{\"@type\":\"ReadAction\",\"target\":[\"https:\/\/www.waterair.com\/fi\/tietosuojamenettely\"]}]},{\"@type\":\"BreadcrumbList\",\"@id\":\"https:\/\/www.waterair.com\/fi\/tietosuojamenettely#breadcrumb\",\"itemListElement\":[{\"@type\":\"ListItem\",\"position\":1,\"name\":\"Etusivu\",\"item\":\"https:\/\/www.waterair.com\/fi\"},{\"@type\":\"ListItem\",\"position\":2,\"name\":\"Tietosuojamenettely\"}]},{\"@type\":\"WebSite\",\"@id\":\"https:\/\/www.waterair.com\/fi\/#website\",\"url\":\"https:\/\/www.waterair.com\/fi\/\",\"name\":\"Piscines Waterair-sivuilla\",\"description\":\"\",\"potentialAction\":[{\"@type\":\"SearchAction\",\"target\":{\"@type\":\"EntryPoint\",\"urlTemplate\":\"https:\/\/www.waterair.com\/fi\/?s={search_term_string}\"},\"query-input\":{\"@type\":\"PropertyValueSpecification\",\"valueRequired\":true,\"valueName\":\"search_term_string\"}}],\"inLanguage\":\"fi-FI\"}]}<\/script>\n<!-- \/ Yoast SEO Premium plugin. -->","yoast_head_json":{"title":"Tietosuojamenettely | Piscines Waterair-sivuilla","robots":{"index":"index","follow":"follow","max-snippet":"max-snippet:-1","max-image-preview":"max-image-preview:large","max-video-preview":"max-video-preview:-1"},"canonical":"https:\/\/www.waterair.com\/fi\/tietosuojamenettely","og_locale":"fi_FI","og_type":"article","og_title":"Tietosuojamenettely","og_url":"https:\/\/www.waterair.com\/fi\/tietosuojamenettely","og_site_name":"Piscines Waterair-sivuilla","article_modified_time":"2024-12-02T14:12:12+00:00","twitter_card":"summary_large_image","twitter_misc":{"Est. reading time":"2 minutes"},"schema":{"@context":"https:\/\/schema.org","@graph":[{"@type":"WebPage","@id":"https:\/\/www.waterair.com\/fi\/tietosuojamenettely","url":"https:\/\/www.waterair.com\/fi\/tietosuojamenettely","name":"Tietosuojamenettely | Piscines Waterair-sivuilla","isPartOf":{"@id":"https:\/\/www.waterair.com\/fi\/#website"},"datePublished":"2021-10-29T19:23:34+00:00","dateModified":"2024-12-02T14:12:12+00:00","breadcrumb":{"@id":"https:\/\/www.waterair.com\/fi\/tietosuojamenettely#breadcrumb"},"inLanguage":"fi-FI","potentialAction":[{"@type":"ReadAction","target":["https:\/\/www.waterair.com\/fi\/tietosuojamenettely"]}]},{"@type":"BreadcrumbList","@id":"https:\/\/www.waterair.com\/fi\/tietosuojamenettely#breadcrumb","itemListElement":[{"@type":"ListItem","position":1,"name":"Etusivu","item":"https:\/\/www.waterair.com\/fi"},{"@type":"ListItem","position":2,"name":"Tietosuojamenettely"}]},{"@type":"WebSite","@id":"https:\/\/www.waterair.com\/fi\/#website","url":"https:\/\/www.waterair.com\/fi\/","name":"Piscines Waterair-sivuilla","description":"","potentialAction":[{"@type":"SearchAction","target":{"@type":"EntryPoint","urlTemplate":"https:\/\/www.waterair.com\/fi\/?s={search_term_string}"},"query-input":{"@type":"PropertyValueSpecification","valueRequired":true,"valueName":"search_term_string"}}],"inLanguage":"fi-FI"}]}},"_links":{"self":[{"href":"https:\/\/www.waterair.com\/fi\/wp-json\/wp\/v2\/pages\/37884","targetHints":{"allow":["GET"]}}],"collection":[{"href":"https:\/\/www.waterair.com\/fi\/wp-json\/wp\/v2\/pages"}],"about":[{"href":"https:\/\/www.waterair.com\/fi\/wp-json\/wp\/v2\/types\/page"}],"author":[{"embeddable":true,"href":"https:\/\/www.waterair.com\/fi\/wp-json\/wp\/v2\/users\/1"}],"replies":[{"embeddable":true,"href":"https:\/\/www.waterair.com\/fi\/wp-json\/wp\/v2\/comments?post=37884"}],"version-history":[{"count":5,"href":"https:\/\/www.waterair.com\/fi\/wp-json\/wp\/v2\/pages\/37884\/revisions"}],"predecessor-version":[{"id":477274,"href":"https:\/\/www.waterair.com\/fi\/wp-json\/wp\/v2\/pages\/37884\/revisions\/477274"}],"wp:attachment":[{"href":"https:\/\/www.waterair.com\/fi\/wp-json\/wp\/v2\/media?parent=37884"}],"curies":[{"name":"wp","href":"https:\/\/api.w.org\/{rel}","templated":true}]}}