{"id":91112,"date":"2021-11-25T14:48:47","date_gmt":"2021-11-25T13:48:47","guid":{"rendered":"https:\/\/waterair-nvme.adipso.fr\/?page_id=91112"},"modified":"2026-01-27T10:15:27","modified_gmt":"2026-01-27T09:15:27","slug":"altaat-ja-varusteet","status":"publish","type":"page","link":"https:\/\/www.waterair.com\/fi\/altaat-ja-varusteet","title":{"rendered":"Uima-altaat ja varusteet"},"content":{"rendered":"<div class=\"container block--core-heading\"><div class=\"row\"><div class=\"col-12 \">\n<h2 class=\"wp-block-heading\">Toteuta unelmiesi uima-allas!<\/h2>\n<\/div><\/div><\/div>\n\n<div class=\"container block--core-paragraph\"><div class=\"row\"><div class=\"col-12 \">\n<p>Valitse toiveittesi mukaan uima-altaan k\u00e4ytt\u00f6\u00e4 vastaava ja maapohjan kokoon sopiva&nbsp;<a href=\"https:\/\/www.waterair.com\/fi\/altaat-ja-varusteet\/altaat\">muotoilu<\/a>&nbsp;ja&nbsp;<a href=\"https:\/\/www.waterair.com\/fi\/altaat-ja-varusteet\/varusteet\">varusteet<\/a>. Lis\u00e4tyn todellisuuden sovelluksemme ansiosta uima-allas voidaan n\u00e4hd\u00e4 puutarhassanne. Siihen riitt\u00e4\u00e4 edelt\u00e4 sovittu tapaaminen! T\u00e4m\u00e4n ilmaisen r\u00e4\u00e4t\u00e4l\u00f6idyn tutkimuksen kautta kohtaat unelmiesi uima-altaan toteuttavan ja koko projekti a seuraavan neuvonantajan.<\/p>\n<\/div><\/div><\/div>","protected":false},"excerpt":{"rendered":"<p>Toteuta unelmiesi uima-allas! Valitse toiveittesi mukaan uima-altaan k\u00e4ytt\u00f6\u00e4 vastaava ja maapohjan kokoon sopiva&nbsp;muotoilu&nbsp;ja&nbsp;varusteet. Lis\u00e4tyn todellisuuden sovelluksemme ansiosta uima-allas voidaan n\u00e4hd\u00e4 puutarhassanne. Siihen riitt\u00e4\u00e4 edelt\u00e4 sovittu tapaaminen! T\u00e4m\u00e4n ilmaisen r\u00e4\u00e4t\u00e4l\u00f6idyn tutkimuksen kautta kohtaat unelmiesi uima-altaan toteuttavan ja koko projekti a seuraavan neuvonantajan.<\/p>\n","protected":false},"author":11,"featured_media":0,"parent":0,"menu_order":0,"comment_status":"closed","ping_status":"closed","template":"archive-pool.php","meta":{"_acf_changed":false,"om_disable_all_campaigns":false,"footnotes":""},"class_list":["post-91112","page","type-page","status-publish","hentry"],"acf":[],"yoast_head":"<!-- This site is optimized with the Yoast SEO Premium plugin v25.4 (Yoast SEO v27.2) - https:\/\/yoast.com\/product\/yoast-seo-premium-wordpress\/ -->\n<title>Uima-altaat ja varusteet projektisi personoimiseen | Piscines Waterair-sivuilla<\/title>\n<meta name=\"description\" content=\"Tutustu uima-allas- ja varustetarjouksiimme, jotka on suunniteltu sinun mukavuuttasi ja turvallisuuttasi ajatellen.\" \/>\n<meta name=\"robots\" content=\"index, follow, max-snippet:-1, max-image-preview:large, max-video-preview:-1\" \/>\n<link rel=\"canonical\" href=\"https:\/\/www.waterair.com\/fi\/altaat-ja-varusteet\" \/>\n<meta property=\"og:locale\" content=\"fi_FI\" \/>\n<meta property=\"og:type\" content=\"article\" \/>\n<meta property=\"og:title\" content=\"Uima-altaat ja varusteet\" \/>\n<meta property=\"og:description\" content=\"Tutustu uima-allas- ja varustetarjouksiimme, jotka on suunniteltu sinun mukavuuttasi ja turvallisuuttasi ajatellen.\" \/>\n<meta property=\"og:url\" content=\"https:\/\/www.waterair.com\/fi\/altaat-ja-varusteet\" \/>\n<meta property=\"og:site_name\" content=\"Piscines Waterair-sivuilla\" \/>\n<meta property=\"article:modified_time\" content=\"2026-01-27T09:15:27+00:00\" \/>\n<meta name=\"twitter:card\" content=\"summary_large_image\" \/>\n<meta name=\"twitter:label1\" content=\"Est. reading time\" \/>\n\t<meta name=\"twitter:data1\" content=\"1 minute\" \/>\n<script type=\"application\/ld+json\" class=\"yoast-schema-graph\">{\"@context\":\"https:\/\/schema.org\",\"@graph\":[{\"@type\":\"WebPage\",\"@id\":\"https:\/\/www.waterair.com\/fi\/altaat-ja-varusteet\",\"url\":\"https:\/\/www.waterair.com\/fi\/altaat-ja-varusteet\",\"name\":\"Uima-altaat ja varusteet projektisi personoimiseen | Piscines Waterair-sivuilla\",\"isPartOf\":{\"@id\":\"https:\/\/www.waterair.com\/fi\/#website\"},\"datePublished\":\"2021-11-25T13:48:47+00:00\",\"dateModified\":\"2026-01-27T09:15:27+00:00\",\"description\":\"Tutustu uima-allas- ja varustetarjouksiimme, jotka on suunniteltu sinun mukavuuttasi ja turvallisuuttasi ajatellen.\",\"breadcrumb\":{\"@id\":\"https:\/\/www.waterair.com\/fi\/altaat-ja-varusteet#breadcrumb\"},\"inLanguage\":\"fi-FI\",\"potentialAction\":[{\"@type\":\"ReadAction\",\"target\":[\"https:\/\/www.waterair.com\/fi\/altaat-ja-varusteet\"]}]},{\"@type\":\"BreadcrumbList\",\"@id\":\"https:\/\/www.waterair.com\/fi\/altaat-ja-varusteet#breadcrumb\",\"itemListElement\":[{\"@type\":\"ListItem\",\"position\":1,\"name\":\"Etusivu\",\"item\":\"https:\/\/www.waterair.com\/fi\"},{\"@type\":\"ListItem\",\"position\":2,\"name\":\"Uima-altaat ja varusteet\"}]},{\"@type\":\"WebSite\",\"@id\":\"https:\/\/www.waterair.com\/fi\/#website\",\"url\":\"https:\/\/www.waterair.com\/fi\/\",\"name\":\"Piscines Waterair-sivuilla\",\"description\":\"\",\"potentialAction\":[{\"@type\":\"SearchAction\",\"target\":{\"@type\":\"EntryPoint\",\"urlTemplate\":\"https:\/\/www.waterair.com\/fi\/?s={search_term_string}\"},\"query-input\":{\"@type\":\"PropertyValueSpecification\",\"valueRequired\":true,\"valueName\":\"search_term_string\"}}],\"inLanguage\":\"fi-FI\"}]}<\/script>\n<!-- \/ Yoast SEO Premium plugin. -->","yoast_head_json":{"title":"Uima-altaat ja varusteet projektisi personoimiseen | Piscines Waterair-sivuilla","description":"Tutustu uima-allas- ja varustetarjouksiimme, jotka on suunniteltu sinun mukavuuttasi ja turvallisuuttasi ajatellen.","robots":{"index":"index","follow":"follow","max-snippet":"max-snippet:-1","max-image-preview":"max-image-preview:large","max-video-preview":"max-video-preview:-1"},"canonical":"https:\/\/www.waterair.com\/fi\/altaat-ja-varusteet","og_locale":"fi_FI","og_type":"article","og_title":"Uima-altaat ja varusteet","og_description":"Tutustu uima-allas- ja varustetarjouksiimme, jotka on suunniteltu sinun mukavuuttasi ja turvallisuuttasi ajatellen.","og_url":"https:\/\/www.waterair.com\/fi\/altaat-ja-varusteet","og_site_name":"Piscines Waterair-sivuilla","article_modified_time":"2026-01-27T09:15:27+00:00","twitter_card":"summary_large_image","twitter_misc":{"Est. reading time":"1 minute"},"schema":{"@context":"https:\/\/schema.org","@graph":[{"@type":"WebPage","@id":"https:\/\/www.waterair.com\/fi\/altaat-ja-varusteet","url":"https:\/\/www.waterair.com\/fi\/altaat-ja-varusteet","name":"Uima-altaat ja varusteet projektisi personoimiseen | Piscines Waterair-sivuilla","isPartOf":{"@id":"https:\/\/www.waterair.com\/fi\/#website"},"datePublished":"2021-11-25T13:48:47+00:00","dateModified":"2026-01-27T09:15:27+00:00","description":"Tutustu uima-allas- ja varustetarjouksiimme, jotka on suunniteltu sinun mukavuuttasi ja turvallisuuttasi ajatellen.","breadcrumb":{"@id":"https:\/\/www.waterair.com\/fi\/altaat-ja-varusteet#breadcrumb"},"inLanguage":"fi-FI","potentialAction":[{"@type":"ReadAction","target":["https:\/\/www.waterair.com\/fi\/altaat-ja-varusteet"]}]},{"@type":"BreadcrumbList","@id":"https:\/\/www.waterair.com\/fi\/altaat-ja-varusteet#breadcrumb","itemListElement":[{"@type":"ListItem","position":1,"name":"Etusivu","item":"https:\/\/www.waterair.com\/fi"},{"@type":"ListItem","position":2,"name":"Uima-altaat ja varusteet"}]},{"@type":"WebSite","@id":"https:\/\/www.waterair.com\/fi\/#website","url":"https:\/\/www.waterair.com\/fi\/","name":"Piscines Waterair-sivuilla","description":"","potentialAction":[{"@type":"SearchAction","target":{"@type":"EntryPoint","urlTemplate":"https:\/\/www.waterair.com\/fi\/?s={search_term_string}"},"query-input":{"@type":"PropertyValueSpecification","valueRequired":true,"valueName":"search_term_string"}}],"inLanguage":"fi-FI"}]}},"_links":{"self":[{"href":"https:\/\/www.waterair.com\/fi\/wp-json\/wp\/v2\/pages\/91112","targetHints":{"allow":["GET"]}}],"collection":[{"href":"https:\/\/www.waterair.com\/fi\/wp-json\/wp\/v2\/pages"}],"about":[{"href":"https:\/\/www.waterair.com\/fi\/wp-json\/wp\/v2\/types\/page"}],"author":[{"embeddable":true,"href":"https:\/\/www.waterair.com\/fi\/wp-json\/wp\/v2\/users\/11"}],"replies":[{"embeddable":true,"href":"https:\/\/www.waterair.com\/fi\/wp-json\/wp\/v2\/comments?post=91112"}],"version-history":[{"count":5,"href":"https:\/\/www.waterair.com\/fi\/wp-json\/wp\/v2\/pages\/91112\/revisions"}],"predecessor-version":[{"id":585347,"href":"https:\/\/www.waterair.com\/fi\/wp-json\/wp\/v2\/pages\/91112\/revisions\/585347"}],"wp:attachment":[{"href":"https:\/\/www.waterair.com\/fi\/wp-json\/wp\/v2\/media?parent=91112"}],"curies":[{"name":"wp","href":"https:\/\/api.w.org\/{rel}","templated":true}]}}