{"id":96700,"date":"2021-11-29T13:14:16","date_gmt":"2021-11-29T12:14:16","guid":{"rendered":"https:\/\/waterair-nvme.adipso.fr\/?page_id=96700"},"modified":"2021-11-30T09:29:18","modified_gmt":"2021-11-30T08:29:18","slug":"kiitos","status":"publish","type":"page","link":"https:\/\/www.waterair.com\/fi\/kiitos","title":{"rendered":"Kiitos,"},"content":{"rendered":"<div class=\"container block--core-paragraph\"><div class=\"row\"><div class=\"col-12 \">\n<p>Kiitos.<\/p>\n<\/div><\/div><\/div>\n\n<div class=\"container block--core-paragraph\"><div class=\"row\"><div class=\"col-12 \">\n<p>Olemme ottaneet viestisi huomioon ja palaamme asiaasi mahdollisimman pian.&nbsp;<br>Jos haluat tiet\u00e4\u00e4, ketk\u00e4 ovat l\u00e4hell\u00e4si omassa maassasi toimivia kumppaneitamme,&nbsp;<a href=\"https:\/\/www.waterair.com\/fi\/yritys\/lahikumppanit\">katso t\u00e4\u00e4lt\u00e4<\/a>.<br>Jos haluat ryhty\u00e4 Piscines Waterair -yhti\u00f6n kumppaniksi ja markkinoida altaitamme omassa maassasi,&nbsp;<a href=\"https:\/\/waterair.pro\/en\/\">esitt\u00e4ydy t\u00e4ss\u00e4<\/a>&nbsp;(englanniksi).<\/p>\n<\/div><\/div><\/div>\n\n<div class=\"container block--core-paragraph\"><div class=\"row\"><div class=\"col-12 \">\n<p>Pikaisiin kuulumisiin,<\/p>\n<\/div><\/div><\/div>\n\n<div class=\"container block--core-paragraph\"><div class=\"row\"><div class=\"col-12 \">\n<p>Uima-altaat Waterair<\/p>\n<\/div><\/div><\/div>","protected":false},"excerpt":{"rendered":"<p>Kiitos. Olemme ottaneet viestisi huomioon ja palaamme asiaasi mahdollisimman pian.&nbsp;Jos haluat tiet\u00e4\u00e4, ketk\u00e4 ovat l\u00e4hell\u00e4si omassa maassasi toimivia kumppaneitamme,&nbsp;katso t\u00e4\u00e4lt\u00e4.Jos haluat ryhty\u00e4 Piscines Waterair -yhti\u00f6n kumppaniksi ja markkinoida altaitamme omassa maassasi,&nbsp;esitt\u00e4ydy t\u00e4ss\u00e4&nbsp;(englanniksi). Pikaisiin kuulumisiin, Uima-altaat Waterair<\/p>\n","protected":false},"author":8,"featured_media":92483,"parent":0,"menu_order":0,"comment_status":"closed","ping_status":"closed","template":"merci.php","meta":{"_acf_changed":false,"om_disable_all_campaigns":false,"footnotes":""},"class_list":["post-96700","page","type-page","status-publish","has-post-thumbnail","hentry"],"acf":[],"yoast_head":"<!-- This site is optimized with the Yoast SEO Premium plugin v25.4 (Yoast SEO v27.2) - https:\/\/yoast.com\/product\/yoast-seo-premium-wordpress\/ -->\n<title>Kiitos, | Piscines Waterair-sivuilla<\/title>\n<meta name=\"robots\" content=\"noindex, nofollow\" \/>\n<meta property=\"og:locale\" content=\"fi_FI\" \/>\n<meta property=\"og:type\" content=\"article\" \/>\n<meta property=\"og:title\" content=\"Kiitos,\" \/>\n<meta property=\"og:description\" content=\"Kiitos. Olemme ottaneet viestisi huomioon ja palaamme asiaasi mahdollisimman pian.&nbsp;Jos haluat tiet\u00e4\u00e4, ketk\u00e4 ovat l\u00e4hell\u00e4si omassa maassasi toimivia kumppaneitamme,&nbsp;katso t\u00e4\u00e4lt\u00e4.Jos haluat ryhty\u00e4 Piscines Waterair -yhti\u00f6n kumppaniksi ja markkinoida altaitamme omassa maassasi,&nbsp;esitt\u00e4ydy t\u00e4ss\u00e4&nbsp;(englanniksi). Pikaisiin kuulumisiin, Uima-altaat Waterair\" \/>\n<meta property=\"og:url\" content=\"https:\/\/www.waterair.com\/fi\/kiitos\" \/>\n<meta property=\"og:site_name\" content=\"Piscines Waterair-sivuilla\" \/>\n<meta property=\"article:modified_time\" content=\"2021-11-30T08:29:18+00:00\" \/>\n<meta property=\"og:image\" content=\"https:\/\/www.waterair.com\/wp-content\/uploads\/2021\/11\/ei-1.jpg\" \/>\n\t<meta property=\"og:image:width\" content=\"1920\" \/>\n\t<meta property=\"og:image:height\" content=\"400\" \/>\n\t<meta property=\"og:image:type\" content=\"image\/jpeg\" \/>\n<meta name=\"twitter:card\" content=\"summary_large_image\" \/>\n<meta name=\"twitter:label1\" content=\"Est. reading time\" \/>\n\t<meta name=\"twitter:data1\" content=\"1 minute\" \/>\n<script type=\"application\/ld+json\" class=\"yoast-schema-graph\">{\"@context\":\"https:\/\/schema.org\",\"@graph\":[{\"@type\":\"WebPage\",\"@id\":\"https:\/\/www.waterair.com\/fi\/kiitos\",\"url\":\"https:\/\/www.waterair.com\/fi\/kiitos\",\"name\":\"Kiitos, | Piscines Waterair-sivuilla\",\"isPartOf\":{\"@id\":\"https:\/\/www.waterair.com\/fi\/#website\"},\"primaryImageOfPage\":{\"@id\":\"https:\/\/www.waterair.com\/fi\/kiitos#primaryimage\"},\"image\":{\"@id\":\"https:\/\/www.waterair.com\/fi\/kiitos#primaryimage\"},\"thumbnailUrl\":\"https:\/\/www.waterair.com\/wp-content\/uploads\/2021\/11\/ei-1.jpg\",\"datePublished\":\"2021-11-29T12:14:16+00:00\",\"dateModified\":\"2021-11-30T08:29:18+00:00\",\"breadcrumb\":{\"@id\":\"https:\/\/www.waterair.com\/fi\/kiitos#breadcrumb\"},\"inLanguage\":\"fi-FI\",\"potentialAction\":[{\"@type\":\"ReadAction\",\"target\":[\"https:\/\/www.waterair.com\/fi\/kiitos\"]}]},{\"@type\":\"ImageObject\",\"inLanguage\":\"fi-FI\",\"@id\":\"https:\/\/www.waterair.com\/fi\/kiitos#primaryimage\",\"url\":\"https:\/\/www.waterair.com\/wp-content\/uploads\/2021\/11\/ei-1.jpg\",\"contentUrl\":\"https:\/\/www.waterair.com\/wp-content\/uploads\/2021\/11\/ei-1.jpg\",\"width\":1920,\"height\":400},{\"@type\":\"BreadcrumbList\",\"@id\":\"https:\/\/www.waterair.com\/fi\/kiitos#breadcrumb\",\"itemListElement\":[{\"@type\":\"ListItem\",\"position\":1,\"name\":\"Etusivu\",\"item\":\"https:\/\/www.waterair.com\/fi\"},{\"@type\":\"ListItem\",\"position\":2,\"name\":\"Kiitos,\"}]},{\"@type\":\"WebSite\",\"@id\":\"https:\/\/www.waterair.com\/fi\/#website\",\"url\":\"https:\/\/www.waterair.com\/fi\/\",\"name\":\"Piscines Waterair-sivuilla\",\"description\":\"\",\"potentialAction\":[{\"@type\":\"SearchAction\",\"target\":{\"@type\":\"EntryPoint\",\"urlTemplate\":\"https:\/\/www.waterair.com\/fi\/?s={search_term_string}\"},\"query-input\":{\"@type\":\"PropertyValueSpecification\",\"valueRequired\":true,\"valueName\":\"search_term_string\"}}],\"inLanguage\":\"fi-FI\"}]}<\/script>\n<!-- \/ Yoast SEO Premium plugin. -->","yoast_head_json":{"title":"Kiitos, | Piscines Waterair-sivuilla","robots":{"index":"noindex","follow":"nofollow"},"og_locale":"fi_FI","og_type":"article","og_title":"Kiitos,","og_description":"Kiitos. Olemme ottaneet viestisi huomioon ja palaamme asiaasi mahdollisimman pian.&nbsp;Jos haluat tiet\u00e4\u00e4, ketk\u00e4 ovat l\u00e4hell\u00e4si omassa maassasi toimivia kumppaneitamme,&nbsp;katso t\u00e4\u00e4lt\u00e4.Jos haluat ryhty\u00e4 Piscines Waterair -yhti\u00f6n kumppaniksi ja markkinoida altaitamme omassa maassasi,&nbsp;esitt\u00e4ydy t\u00e4ss\u00e4&nbsp;(englanniksi). Pikaisiin kuulumisiin, Uima-altaat Waterair","og_url":"https:\/\/www.waterair.com\/fi\/kiitos","og_site_name":"Piscines Waterair-sivuilla","article_modified_time":"2021-11-30T08:29:18+00:00","og_image":[{"width":1920,"height":400,"url":"https:\/\/www.waterair.com\/wp-content\/uploads\/2021\/11\/ei-1.jpg","type":"image\/jpeg"}],"twitter_card":"summary_large_image","twitter_misc":{"Est. reading time":"1 minute"},"schema":{"@context":"https:\/\/schema.org","@graph":[{"@type":"WebPage","@id":"https:\/\/www.waterair.com\/fi\/kiitos","url":"https:\/\/www.waterair.com\/fi\/kiitos","name":"Kiitos, | Piscines Waterair-sivuilla","isPartOf":{"@id":"https:\/\/www.waterair.com\/fi\/#website"},"primaryImageOfPage":{"@id":"https:\/\/www.waterair.com\/fi\/kiitos#primaryimage"},"image":{"@id":"https:\/\/www.waterair.com\/fi\/kiitos#primaryimage"},"thumbnailUrl":"https:\/\/www.waterair.com\/wp-content\/uploads\/2021\/11\/ei-1.jpg","datePublished":"2021-11-29T12:14:16+00:00","dateModified":"2021-11-30T08:29:18+00:00","breadcrumb":{"@id":"https:\/\/www.waterair.com\/fi\/kiitos#breadcrumb"},"inLanguage":"fi-FI","potentialAction":[{"@type":"ReadAction","target":["https:\/\/www.waterair.com\/fi\/kiitos"]}]},{"@type":"ImageObject","inLanguage":"fi-FI","@id":"https:\/\/www.waterair.com\/fi\/kiitos#primaryimage","url":"https:\/\/www.waterair.com\/wp-content\/uploads\/2021\/11\/ei-1.jpg","contentUrl":"https:\/\/www.waterair.com\/wp-content\/uploads\/2021\/11\/ei-1.jpg","width":1920,"height":400},{"@type":"BreadcrumbList","@id":"https:\/\/www.waterair.com\/fi\/kiitos#breadcrumb","itemListElement":[{"@type":"ListItem","position":1,"name":"Etusivu","item":"https:\/\/www.waterair.com\/fi"},{"@type":"ListItem","position":2,"name":"Kiitos,"}]},{"@type":"WebSite","@id":"https:\/\/www.waterair.com\/fi\/#website","url":"https:\/\/www.waterair.com\/fi\/","name":"Piscines Waterair-sivuilla","description":"","potentialAction":[{"@type":"SearchAction","target":{"@type":"EntryPoint","urlTemplate":"https:\/\/www.waterair.com\/fi\/?s={search_term_string}"},"query-input":{"@type":"PropertyValueSpecification","valueRequired":true,"valueName":"search_term_string"}}],"inLanguage":"fi-FI"}]}},"_links":{"self":[{"href":"https:\/\/www.waterair.com\/fi\/wp-json\/wp\/v2\/pages\/96700","targetHints":{"allow":["GET"]}}],"collection":[{"href":"https:\/\/www.waterair.com\/fi\/wp-json\/wp\/v2\/pages"}],"about":[{"href":"https:\/\/www.waterair.com\/fi\/wp-json\/wp\/v2\/types\/page"}],"author":[{"embeddable":true,"href":"https:\/\/www.waterair.com\/fi\/wp-json\/wp\/v2\/users\/8"}],"replies":[{"embeddable":true,"href":"https:\/\/www.waterair.com\/fi\/wp-json\/wp\/v2\/comments?post=96700"}],"version-history":[{"count":2,"href":"https:\/\/www.waterair.com\/fi\/wp-json\/wp\/v2\/pages\/96700\/revisions"}],"predecessor-version":[{"id":97092,"href":"https:\/\/www.waterair.com\/fi\/wp-json\/wp\/v2\/pages\/96700\/revisions\/97092"}],"wp:featuredmedia":[{"embeddable":true,"href":"https:\/\/www.waterair.com\/fi\/wp-json\/wp\/v2\/media\/92483"}],"wp:attachment":[{"href":"https:\/\/www.waterair.com\/fi\/wp-json\/wp\/v2\/media?parent=96700"}],"curies":[{"name":"wp","href":"https:\/\/api.w.org\/{rel}","templated":true}]}}