{"id":1573,"date":"2014-01-24T09:23:34","date_gmt":"2014-01-24T08:23:34","guid":{"rendered":"https:\/\/www.waterair2026.com\/fr\/espace-client\/comment-verifier-la-qualite-de-leau-de-votre-reseau\/"},"modified":"2026-04-21T10:09:59","modified_gmt":"2026-04-21T08:09:59","slug":"comment-verifier-la-qualite-de-leau-de-votre-reseau","status":"publish","type":"page","link":"https:\/\/www.waterair.com\/fr\/espace-client\/comment-verifier-la-qualite-de-leau-de-votre-reseau\/","title":{"rendered":"Comment v\u00e9rifier la qualit\u00e9 de l&rsquo;eau de votre r\u00e9seau ?"},"content":{"rendered":"","protected":false},"excerpt":{"rendered":"","protected":false},"author":33,"featured_media":0,"parent":0,"menu_order":0,"comment_status":"closed","ping_status":"closed","template":"src\/controllers\/models\/flex.php","meta":{"_acf_changed":false,"_relevanssi_hide_post":"","_relevanssi_hide_content":"","_relevanssi_pin_for_all":"","_relevanssi_pin_keywords":"","_relevanssi_unpin_keywords":"","_relevanssi_related_keywords":"","_relevanssi_related_include_ids":"","_relevanssi_related_exclude_ids":"","_relevanssi_related_no_append":"","_relevanssi_related_not_related":"","_relevanssi_related_posts":"","_relevanssi_noindex_reason":"","footnotes":""},"class_list":["post-1573","page","type-page","status-publish","hentry"],"acf":[],"yoast_head":"<!-- This site is optimized with the Yoast SEO plugin v27.3 - https:\/\/yoast.com\/product\/yoast-seo-wordpress\/ -->\n<title>Comment v\u00e9rifier la qualit\u00e9 de l&#039;eau de votre r\u00e9seau ?<\/title>\n<meta name=\"description\" content=\"Mon eau est-elle potable ? Ma machine \u00e0 laver risque t&#039;elle de s&#039;entartrer rapidement ? Si vous vous \u00eates d\u00e9j\u00e0 pos\u00e9 ce type de question, cet article est fait pour vous !\" \/>\n<meta name=\"robots\" content=\"index, follow, max-snippet:-1, max-image-preview:large, max-video-preview:-1\" \/>\n<link rel=\"canonical\" href=\"https:\/\/www.waterair.com\/fr\/espace-client\/comment-verifier-la-qualite-de-leau-de-votre-reseau\/\" \/>\n<meta property=\"og:locale\" content=\"fr_FR\" \/>\n<meta property=\"og:type\" content=\"article\" \/>\n<meta property=\"og:title\" content=\"Comment v\u00e9rifier la qualit\u00e9 de l&#039;eau de votre r\u00e9seau ?\" \/>\n<meta property=\"og:description\" content=\"Mon eau est-elle potable ? Ma machine \u00e0 laver risque t&#039;elle de s&#039;entartrer rapidement ? Si vous vous \u00eates d\u00e9j\u00e0 pos\u00e9 ce type de question, cet article est fait pour vous !\" \/>\n<meta property=\"og:url\" content=\"https:\/\/www.waterair.com\/fr\/espace-client\/comment-verifier-la-qualite-de-leau-de-votre-reseau\/\" \/>\n<meta property=\"og:site_name\" content=\"Waterair Espace client\" \/>\n<meta property=\"article:modified_time\" content=\"2026-04-21T08:09:59+00:00\" \/>\n<meta name=\"twitter:card\" content=\"summary_large_image\" \/>\n<meta name=\"twitter:label1\" content=\"Dur\u00e9e de lecture estim\u00e9e\" \/>\n\t<meta name=\"twitter:data1\" content=\"3 minutes\" \/>\n<script type=\"application\/ld+json\" class=\"yoast-schema-graph\">{\"@context\":\"https:\\\/\\\/schema.org\",\"@graph\":[{\"@type\":\"WebPage\",\"@id\":\"https:\\\/\\\/www.waterair.com\\\/fr\\\/espace-client\\\/comment-verifier-la-qualite-de-leau-de-votre-reseau\\\/\",\"url\":\"https:\\\/\\\/www.waterair.com\\\/fr\\\/espace-client\\\/comment-verifier-la-qualite-de-leau-de-votre-reseau\\\/\",\"name\":\"Comment v\u00e9rifier la qualit\u00e9 de l'eau de votre r\u00e9seau ?\",\"isPartOf\":{\"@id\":\"https:\\\/\\\/www.waterair.com\\\/fr\\\/espace-client\\\/#website\"},\"datePublished\":\"2014-01-24T08:23:34+00:00\",\"dateModified\":\"2026-04-21T08:09:59+00:00\",\"description\":\"Mon eau est-elle potable ? Ma machine \u00e0 laver risque t'elle de s'entartrer rapidement ? Si vous vous \u00eates d\u00e9j\u00e0 pos\u00e9 ce type de question, cet article est fait pour vous !\",\"breadcrumb\":{\"@id\":\"https:\\\/\\\/www.waterair.com\\\/fr\\\/espace-client\\\/comment-verifier-la-qualite-de-leau-de-votre-reseau\\\/#breadcrumb\"},\"inLanguage\":\"fr-FR\",\"potentialAction\":[{\"@type\":\"ReadAction\",\"target\":[\"https:\\\/\\\/www.waterair.com\\\/fr\\\/espace-client\\\/comment-verifier-la-qualite-de-leau-de-votre-reseau\\\/\"]}]},{\"@type\":\"BreadcrumbList\",\"@id\":\"https:\\\/\\\/www.waterair.com\\\/fr\\\/espace-client\\\/comment-verifier-la-qualite-de-leau-de-votre-reseau\\\/#breadcrumb\",\"itemListElement\":[{\"@type\":\"ListItem\",\"position\":1,\"name\":\"Accueil\",\"item\":\"https:\\\/\\\/www.waterair.com\\\/fr\\\/espace-client\\\/\"},{\"@type\":\"ListItem\",\"position\":2,\"name\":\"Comment v\u00e9rifier la qualit\u00e9 de l&rsquo;eau de votre r\u00e9seau ?\"}]},{\"@type\":\"WebSite\",\"@id\":\"https:\\\/\\\/www.waterair.com\\\/fr\\\/espace-client\\\/#website\",\"url\":\"https:\\\/\\\/www.waterair.com\\\/fr\\\/espace-client\\\/\",\"name\":\"Waterair Espace client\",\"description\":\"\",\"potentialAction\":[{\"@type\":\"SearchAction\",\"target\":{\"@type\":\"EntryPoint\",\"urlTemplate\":\"https:\\\/\\\/www.waterair.com\\\/fr\\\/espace-client\\\/?s={search_term_string}\"},\"query-input\":{\"@type\":\"PropertyValueSpecification\",\"valueRequired\":true,\"valueName\":\"search_term_string\"}}],\"inLanguage\":\"fr-FR\"}]}<\/script>\n<!-- \/ Yoast SEO plugin. -->","yoast_head_json":{"title":"Comment v\u00e9rifier la qualit\u00e9 de l'eau de votre r\u00e9seau ?","description":"Mon eau est-elle potable ? Ma machine \u00e0 laver risque t'elle de s'entartrer rapidement ? Si vous vous \u00eates d\u00e9j\u00e0 pos\u00e9 ce type de question, cet article est fait pour vous !","robots":{"index":"index","follow":"follow","max-snippet":"max-snippet:-1","max-image-preview":"max-image-preview:large","max-video-preview":"max-video-preview:-1"},"canonical":"https:\/\/www.waterair.com\/fr\/espace-client\/comment-verifier-la-qualite-de-leau-de-votre-reseau\/","og_locale":"fr_FR","og_type":"article","og_title":"Comment v\u00e9rifier la qualit\u00e9 de l'eau de votre r\u00e9seau ?","og_description":"Mon eau est-elle potable ? Ma machine \u00e0 laver risque t'elle de s'entartrer rapidement ? Si vous vous \u00eates d\u00e9j\u00e0 pos\u00e9 ce type de question, cet article est fait pour vous !","og_url":"https:\/\/www.waterair.com\/fr\/espace-client\/comment-verifier-la-qualite-de-leau-de-votre-reseau\/","og_site_name":"Waterair Espace client","article_modified_time":"2026-04-21T08:09:59+00:00","twitter_card":"summary_large_image","twitter_misc":{"Dur\u00e9e de lecture estim\u00e9e":"3 minutes"},"schema":{"@context":"https:\/\/schema.org","@graph":[{"@type":"WebPage","@id":"https:\/\/www.waterair.com\/fr\/espace-client\/comment-verifier-la-qualite-de-leau-de-votre-reseau\/","url":"https:\/\/www.waterair.com\/fr\/espace-client\/comment-verifier-la-qualite-de-leau-de-votre-reseau\/","name":"Comment v\u00e9rifier la qualit\u00e9 de l'eau de votre r\u00e9seau ?","isPartOf":{"@id":"https:\/\/www.waterair.com\/fr\/espace-client\/#website"},"datePublished":"2014-01-24T08:23:34+00:00","dateModified":"2026-04-21T08:09:59+00:00","description":"Mon eau est-elle potable ? Ma machine \u00e0 laver risque t'elle de s'entartrer rapidement ? Si vous vous \u00eates d\u00e9j\u00e0 pos\u00e9 ce type de question, cet article est fait pour vous !","breadcrumb":{"@id":"https:\/\/www.waterair.com\/fr\/espace-client\/comment-verifier-la-qualite-de-leau-de-votre-reseau\/#breadcrumb"},"inLanguage":"fr-FR","potentialAction":[{"@type":"ReadAction","target":["https:\/\/www.waterair.com\/fr\/espace-client\/comment-verifier-la-qualite-de-leau-de-votre-reseau\/"]}]},{"@type":"BreadcrumbList","@id":"https:\/\/www.waterair.com\/fr\/espace-client\/comment-verifier-la-qualite-de-leau-de-votre-reseau\/#breadcrumb","itemListElement":[{"@type":"ListItem","position":1,"name":"Accueil","item":"https:\/\/www.waterair.com\/fr\/espace-client\/"},{"@type":"ListItem","position":2,"name":"Comment v\u00e9rifier la qualit\u00e9 de l&rsquo;eau de votre r\u00e9seau ?"}]},{"@type":"WebSite","@id":"https:\/\/www.waterair.com\/fr\/espace-client\/#website","url":"https:\/\/www.waterair.com\/fr\/espace-client\/","name":"Waterair Espace client","description":"","potentialAction":[{"@type":"SearchAction","target":{"@type":"EntryPoint","urlTemplate":"https:\/\/www.waterair.com\/fr\/espace-client\/?s={search_term_string}"},"query-input":{"@type":"PropertyValueSpecification","valueRequired":true,"valueName":"search_term_string"}}],"inLanguage":"fr-FR"}]}},"_links":{"self":[{"href":"https:\/\/www.waterair.com\/fr\/espace-client\/wp-json\/wp\/v2\/pages\/1573","targetHints":{"allow":["GET"]}}],"collection":[{"href":"https:\/\/www.waterair.com\/fr\/espace-client\/wp-json\/wp\/v2\/pages"}],"about":[{"href":"https:\/\/www.waterair.com\/fr\/espace-client\/wp-json\/wp\/v2\/types\/page"}],"author":[{"embeddable":true,"href":"https:\/\/www.waterair.com\/fr\/espace-client\/wp-json\/wp\/v2\/users\/33"}],"replies":[{"embeddable":true,"href":"https:\/\/www.waterair.com\/fr\/espace-client\/wp-json\/wp\/v2\/comments?post=1573"}],"version-history":[{"count":2,"href":"https:\/\/www.waterair.com\/fr\/espace-client\/wp-json\/wp\/v2\/pages\/1573\/revisions"}],"predecessor-version":[{"id":2053,"href":"https:\/\/www.waterair.com\/fr\/espace-client\/wp-json\/wp\/v2\/pages\/1573\/revisions\/2053"}],"wp:attachment":[{"href":"https:\/\/www.waterair.com\/fr\/espace-client\/wp-json\/wp\/v2\/media?parent=1573"}],"curies":[{"name":"wp","href":"https:\/\/api.w.org\/{rel}","templated":true}]}}