{"id":26,"date":"2025-11-28T16:47:30","date_gmt":"2025-11-28T15:47:30","guid":{"rendered":"http:\/\/waterair-espace-client.docker.localhost\/accueil\/"},"modified":"2026-04-10T09:40:00","modified_gmt":"2026-04-10T07:40:00","slug":"accueil","status":"publish","type":"page","link":"https:\/\/www.waterair.com\/fr\/espace-client\/","title":{"rendered":"Accueil"},"content":{"rendered":"","protected":false},"excerpt":{"rendered":"","protected":false},"author":1,"featured_media":0,"parent":0,"menu_order":0,"comment_status":"closed","ping_status":"closed","template":"","meta":{"_acf_changed":false,"_relevanssi_hide_post":"","_relevanssi_hide_content":"","_relevanssi_pin_for_all":"","_relevanssi_pin_keywords":"","_relevanssi_unpin_keywords":"","_relevanssi_related_keywords":"","_relevanssi_related_include_ids":"","_relevanssi_related_exclude_ids":"","_relevanssi_related_no_append":"","_relevanssi_related_not_related":"","_relevanssi_related_posts":"","_relevanssi_noindex_reason":"","footnotes":""},"class_list":["post-26","page","type-page","status-publish","hentry"],"acf":[],"yoast_head":"<!-- This site is optimized with the Yoast SEO plugin v27.3 - https:\/\/yoast.com\/product\/yoast-seo-wordpress\/ -->\n<title>Espace Client Waterair<\/title>\n<meta name=\"description\" content=\"Acc\u00e9dez \u00e0 vos informations piscine personnalis\u00e9e, consultez vos documents, trouvez les r\u00e9ponses \u00e0 vos questions et profitez de conseils pratiques au quotidien.\" \/>\n<meta name=\"robots\" content=\"index, follow, max-snippet:-1, max-image-preview:large, max-video-preview:-1\" \/>\n<link rel=\"canonical\" href=\"https:\/\/www.waterair.com\/fr\/espace-client\/\" \/>\n<meta property=\"og:locale\" content=\"fr_FR\" \/>\n<meta property=\"og:type\" content=\"article\" \/>\n<meta property=\"og:title\" content=\"Espace Client Waterair\" \/>\n<meta property=\"og:description\" content=\"Acc\u00e9dez \u00e0 vos informations piscine personnalis\u00e9e, consultez vos documents, trouvez les r\u00e9ponses \u00e0 vos questions et profitez de conseils pratiques au quotidien.\" \/>\n<meta property=\"og:url\" content=\"https:\/\/www.waterair.com\/fr\/espace-client\/\" \/>\n<meta property=\"og:site_name\" content=\"Waterair Espace client\" \/>\n<meta property=\"article:modified_time\" content=\"2026-04-10T07:40:00+00:00\" \/>\n<meta name=\"twitter:card\" content=\"summary_large_image\" \/>\n<meta name=\"twitter:label1\" content=\"Dur\u00e9e de lecture estim\u00e9e\" \/>\n\t<meta name=\"twitter:data1\" content=\"4 minutes\" \/>\n<script type=\"application\/ld+json\" class=\"yoast-schema-graph\">{\"@context\":\"https:\\\/\\\/schema.org\",\"@graph\":[{\"@type\":\"WebPage\",\"@id\":\"https:\\\/\\\/www.waterair.com\\\/fr\\\/espace-client\\\/\",\"url\":\"https:\\\/\\\/www.waterair.com\\\/fr\\\/espace-client\\\/\",\"name\":\"Espace Client Waterair\",\"isPartOf\":{\"@id\":\"https:\\\/\\\/www.waterair.com\\\/fr\\\/espace-client\\\/#website\"},\"datePublished\":\"2025-11-28T15:47:30+00:00\",\"dateModified\":\"2026-04-10T07:40:00+00:00\",\"description\":\"Acc\u00e9dez \u00e0 vos informations piscine personnalis\u00e9e, consultez vos documents, trouvez les r\u00e9ponses \u00e0 vos questions et profitez de conseils pratiques au quotidien.\",\"breadcrumb\":{\"@id\":\"https:\\\/\\\/www.waterair.com\\\/fr\\\/espace-client\\\/#breadcrumb\"},\"inLanguage\":\"fr-FR\",\"potentialAction\":[{\"@type\":\"ReadAction\",\"target\":[\"https:\\\/\\\/www.waterair.com\\\/fr\\\/espace-client\\\/\"]}]},{\"@type\":\"BreadcrumbList\",\"@id\":\"https:\\\/\\\/www.waterair.com\\\/fr\\\/espace-client\\\/#breadcrumb\",\"itemListElement\":[{\"@type\":\"ListItem\",\"position\":1,\"name\":\"Accueil\",\"item\":\"https:\\\/\\\/www.waterair.com\\\/fr\\\/espace-client\\\/\"},{\"@type\":\"ListItem\",\"position\":2,\"name\":\"Accueil\"}]},{\"@type\":\"WebSite\",\"@id\":\"https:\\\/\\\/www.waterair.com\\\/fr\\\/espace-client\\\/#website\",\"url\":\"https:\\\/\\\/www.waterair.com\\\/fr\\\/espace-client\\\/\",\"name\":\"Waterair Espace client\",\"description\":\"\",\"potentialAction\":[{\"@type\":\"SearchAction\",\"target\":{\"@type\":\"EntryPoint\",\"urlTemplate\":\"https:\\\/\\\/www.waterair.com\\\/fr\\\/espace-client\\\/?s={search_term_string}\"},\"query-input\":{\"@type\":\"PropertyValueSpecification\",\"valueRequired\":true,\"valueName\":\"search_term_string\"}}],\"inLanguage\":\"fr-FR\"}]}<\/script>\n<!-- \/ Yoast SEO plugin. -->","yoast_head_json":{"title":"Espace Client Waterair","description":"Acc\u00e9dez \u00e0 vos informations piscine personnalis\u00e9e, consultez vos documents, trouvez les r\u00e9ponses \u00e0 vos questions et profitez de conseils pratiques au quotidien.","robots":{"index":"index","follow":"follow","max-snippet":"max-snippet:-1","max-image-preview":"max-image-preview:large","max-video-preview":"max-video-preview:-1"},"canonical":"https:\/\/www.waterair.com\/fr\/espace-client\/","og_locale":"fr_FR","og_type":"article","og_title":"Espace Client Waterair","og_description":"Acc\u00e9dez \u00e0 vos informations piscine personnalis\u00e9e, consultez vos documents, trouvez les r\u00e9ponses \u00e0 vos questions et profitez de conseils pratiques au quotidien.","og_url":"https:\/\/www.waterair.com\/fr\/espace-client\/","og_site_name":"Waterair Espace client","article_modified_time":"2026-04-10T07:40:00+00:00","twitter_card":"summary_large_image","twitter_misc":{"Dur\u00e9e de lecture estim\u00e9e":"4 minutes"},"schema":{"@context":"https:\/\/schema.org","@graph":[{"@type":"WebPage","@id":"https:\/\/www.waterair.com\/fr\/espace-client\/","url":"https:\/\/www.waterair.com\/fr\/espace-client\/","name":"Espace Client Waterair","isPartOf":{"@id":"https:\/\/www.waterair.com\/fr\/espace-client\/#website"},"datePublished":"2025-11-28T15:47:30+00:00","dateModified":"2026-04-10T07:40:00+00:00","description":"Acc\u00e9dez \u00e0 vos informations piscine personnalis\u00e9e, consultez vos documents, trouvez les r\u00e9ponses \u00e0 vos questions et profitez de conseils pratiques au quotidien.","breadcrumb":{"@id":"https:\/\/www.waterair.com\/fr\/espace-client\/#breadcrumb"},"inLanguage":"fr-FR","potentialAction":[{"@type":"ReadAction","target":["https:\/\/www.waterair.com\/fr\/espace-client\/"]}]},{"@type":"BreadcrumbList","@id":"https:\/\/www.waterair.com\/fr\/espace-client\/#breadcrumb","itemListElement":[{"@type":"ListItem","position":1,"name":"Accueil","item":"https:\/\/www.waterair.com\/fr\/espace-client\/"},{"@type":"ListItem","position":2,"name":"Accueil"}]},{"@type":"WebSite","@id":"https:\/\/www.waterair.com\/fr\/espace-client\/#website","url":"https:\/\/www.waterair.com\/fr\/espace-client\/","name":"Waterair Espace client","description":"","potentialAction":[{"@type":"SearchAction","target":{"@type":"EntryPoint","urlTemplate":"https:\/\/www.waterair.com\/fr\/espace-client\/?s={search_term_string}"},"query-input":{"@type":"PropertyValueSpecification","valueRequired":true,"valueName":"search_term_string"}}],"inLanguage":"fr-FR"}]}},"_links":{"self":[{"href":"https:\/\/www.waterair.com\/fr\/espace-client\/wp-json\/wp\/v2\/pages\/26","targetHints":{"allow":["GET"]}}],"collection":[{"href":"https:\/\/www.waterair.com\/fr\/espace-client\/wp-json\/wp\/v2\/pages"}],"about":[{"href":"https:\/\/www.waterair.com\/fr\/espace-client\/wp-json\/wp\/v2\/types\/page"}],"author":[{"embeddable":true,"href":"https:\/\/www.waterair.com\/fr\/espace-client\/wp-json\/wp\/v2\/users\/1"}],"replies":[{"embeddable":true,"href":"https:\/\/www.waterair.com\/fr\/espace-client\/wp-json\/wp\/v2\/comments?post=26"}],"version-history":[{"count":5,"href":"https:\/\/www.waterair.com\/fr\/espace-client\/wp-json\/wp\/v2\/pages\/26\/revisions"}],"predecessor-version":[{"id":1941,"href":"https:\/\/www.waterair.com\/fr\/espace-client\/wp-json\/wp\/v2\/pages\/26\/revisions\/1941"}],"wp:attachment":[{"href":"https:\/\/www.waterair.com\/fr\/espace-client\/wp-json\/wp\/v2\/media?parent=26"}],"curies":[{"name":"wp","href":"https:\/\/api.w.org\/{rel}","templated":true}]}}