{"id":24717,"date":"2021-10-25T00:28:48","date_gmt":"2021-10-24T22:28:48","guid":{"rendered":"https:\/\/waterair-preprod2.adipso.fr\/piscine-olivia-parc-seppois"},"modified":"2024-10-30T15:42:05","modified_gmt":"2024-10-30T14:42:05","slug":"piscine-olivia-parc-seppois","status":"publish","type":"page","link":"https:\/\/www.waterair.com\/fr\/lp\/piscine-olivia-parc-seppois","title":{"rendered":"Piscine Olivia &#8211; parc Seppois"},"content":{"rendered":"<div class=\"container block--core-heading\"><div class=\"row\"><div class=\"col-12 \">\n<h1 class=\"wp-block-heading has-text-align-center\">D\u00e9couvrez la piscine Olivia<\/h1>\n<\/div><\/div><\/div>\n\n<div data-wa=\"fade-up\"  class=\"block-slider  dots-absolute content-block\">\n    \n                            <div\n                            class=\"js-slider\"\n                            data-infinite=\"true\"\n                            data-slides-to-show=\"1\"\n                            data-slides-to-scroll=\"1\"\n                            data-fade=\"true\"\n                            data-adaptive-height=\"true\"\n                            data-dots=\"false\"\n                            data-arrows=\"true\"\n                    >\n                                                    <div class=\"block-slider__image\">\n                                \t\t\t<img loading=\"lazy\" decoding=\"async\" width=\"1360\" height=\"765\" src=\"https:\/\/www.waterair.com\/wp-content\/uploads\/2021\/11\/1-piscine-ovale-olivia-echelle-limeray-2-1360x765.jpg\" class=\"item-slide__image item-slide\" alt=\"piscine ovale Olivia\" loading=\"1\" srcset=\"\" sizes=\"auto, \" \/>\t                            <\/div>\n                                                    <div class=\"block-slider__image\">\n                                \t\t\t<img loading=\"lazy\" decoding=\"async\" width=\"1360\" height=\"765\" src=\"https:\/\/www.waterair.com\/wp-content\/uploads\/2021\/11\/piscine-mini-olivia-1-1360x765.jpg\" class=\"item-slide__image item-slide\" alt=\"Petite piscine Olivia mini avec terrasse bois\" loading=\"1\" srcset=\"\" sizes=\"auto, \" \/>\t                            <\/div>\n                                                    <div class=\"block-slider__image\">\n                                \t\t\t<img loading=\"lazy\" decoding=\"async\" width=\"1360\" height=\"765\" src=\"https:\/\/www.waterair.com\/wp-content\/uploads\/2021\/09\/couloir-de-nage-ovale-olivia-1360x765.jpg\" class=\"item-slide__image item-slide\" alt=\"piscine en kit couloir de nage ovale\" loading=\"1\" srcset=\"\" sizes=\"auto, \" \/>\t                            <\/div>\n                                            <\/div>\n        \n    <\/div>\n\n\n<div  class=\"block-content-media  content-block   has-no-title\">\n            <div class=\"container\">\n            <div class=\"row\">\n                <div class=\"col\">\n                    <div class=\"row flex-column flex-md-row align-items-center\">\n                        <div class=\"content-block__col col-lg-6 col-xl-7 d-flex flex-column align-items-md-start order-lg-2\">\n                                                                                                                                                <div data-wa=\"fade-up\" data-wa-delay=\"400\" class=\"content-block__description text--sm text-weight--300 mb-0\">\n                                    <h3>Descriptif du mod\u00e8le pr\u00e9sent\u00e9 :&nbsp;<\/h3>\n<ul>\n<li>Mod\u00e8le : Olivia 2 357<\/li>\n<li>Dimensions : 7,30 x 3,57 m<\/li>\n<li>Escalier : Welcome gris granit\u00e9<\/li>\n<li>Liner : Gris argent<\/li>\n<li>Fond : Fond plat 1,20 m<\/li>\n<li>Filtration : Locaroc 2<\/li>\n<\/ul>\n                                <\/div>\n                                                                                        <div data-wa=\"fade-up\" data-wa-delay=\"500\">\n                                    <a\tdata-wa=\"button\" data-wa-wave=\"primary\"\n\tclass=\"btn btn--primary mt-3\"\n\t\t\thref=\"https:\/\/www.waterair.com\/fr\/piscines-et-equipements\/piscines\/ovales\/olivia\"\n\t\ttarget=\"_blank\">\n\t\tEn savoir plus sur le mod\u00e8le Olivia    <\/a>\n                                <\/div>\n                                                    <\/div>\n                                                                                <div class=\"content-block__col content-block__col--media col-lg-6 col-xl-5 order-lg-3  \">\n                                <div class=\"content-block__media   is-not-absolute\">\n                                    \n                                                                            <span data-wa=\"image\">\n                                                                                            <img loading=\"lazy\" decoding=\"async\" width=\"880\" height=\"550\" src=\"https:\/\/www.waterair.com\/wp-content\/uploads\/2021\/11\/olivia-ovale-880x550.jpg\" class=\"attachment-content_media_2x size-content_media_2x\" alt=\"\" srcset=\"https:\/\/www.waterair.com\/wp-content\/uploads\/2021\/11\/olivia-ovale-880x550.jpg 880w, https:\/\/www.waterair.com\/wp-content\/uploads\/2021\/11\/olivia-ovale-1440x900.jpg 1440w, https:\/\/www.waterair.com\/wp-content\/uploads\/2021\/11\/olivia-ovale-768x480.jpg 768w, https:\/\/www.waterair.com\/wp-content\/uploads\/2021\/11\/olivia-ovale-1536x960.jpg 1536w, https:\/\/www.waterair.com\/wp-content\/uploads\/2021\/11\/olivia-ovale-440x275.jpg 440w, https:\/\/www.waterair.com\/wp-content\/uploads\/2021\/11\/olivia-ovale-1840x1150.jpg 1840w, https:\/\/www.waterair.com\/wp-content\/uploads\/2021\/11\/olivia-ovale-920x575.jpg 920w, https:\/\/www.waterair.com\/wp-content\/uploads\/2021\/11\/olivia-ovale.jpg 1920w\" sizes=\"auto, (max-width: 880px) 100vw, 880px\" \/>                                                                                    <\/span>\n                                                                        \n                                <\/div>\n                            <\/div>\n                                            <\/div>\n                <\/div>\n            <\/div>\n        <\/div>\n    <\/div>\n\n<div  class=\"block-content-media  content-block   has-no-title\">\n            <div class=\"container\">\n            <div class=\"row\">\n                <div class=\"col\">\n                    <div class=\"row flex-column flex-md-row align-items-center\">\n                        <div class=\"content-block__col col-lg-6 col-xl-7 d-flex flex-column align-items-md-start order-lg-2\">\n                                                                                                                                                <div data-wa=\"fade-up\" data-wa-delay=\"400\" class=\"content-block__description text--sm text-weight--300 mb-0\">\n                                    <h3><span style=\"color:#f1c40f;\">Zoom sur l&rsquo;escalier Welcome<\/span><\/h3>\n<p>D\u00e9couvrez notre escalier Welcome, \u00e0 la fois classique et moderne. Cet escalier ext\u00e9rieur, \u00e9l\u00e9gant et spacieux, saura apporter tout le confort et l\u2019esth\u00e9tisme \u00e0 votre piscine. Il est possible de le placer \u00e0 de multiples endroits pour qu\u2019il s\u2019adapte au mieux \u00e0 votre terrain et \u00e0 vos envies.<\/p>\n                                <\/div>\n                                                                                        <div data-wa=\"fade-up\" data-wa-delay=\"500\">\n                                                                    <\/div>\n                                                    <\/div>\n                                                                                <div class=\"content-block__col content-block__col--media col-lg-6 col-xl-5 order-lg-1  \">\n                                <div class=\"content-block__media is-left  is-not-absolute\">\n                                    \n                                                                            <span data-wa=\"image\">\n                                                                                            <img loading=\"lazy\" decoding=\"async\" width=\"880\" height=\"495\" src=\"https:\/\/www.waterair.com\/wp-content\/uploads\/2021\/10\/escalier-piscine-welcome-2-880x495.jpg\" class=\"attachment-content_media_2x size-content_media_2x\" alt=\"Escalier de piscine Welcome\" srcset=\"https:\/\/www.waterair.com\/wp-content\/uploads\/2021\/10\/escalier-piscine-welcome-2-880x495.jpg 880w, https:\/\/www.waterair.com\/wp-content\/uploads\/2021\/10\/escalier-piscine-welcome-2-1440x810.jpg 1440w, https:\/\/www.waterair.com\/wp-content\/uploads\/2021\/10\/escalier-piscine-welcome-2-768x432.jpg 768w, https:\/\/www.waterair.com\/wp-content\/uploads\/2021\/10\/escalier-piscine-welcome-2-1536x864.jpg 1536w, https:\/\/www.waterair.com\/wp-content\/uploads\/2021\/10\/escalier-piscine-welcome-2-1360x765.jpg 1360w, https:\/\/www.waterair.com\/wp-content\/uploads\/2021\/10\/escalier-piscine-welcome-2-440x248.jpg 440w, https:\/\/www.waterair.com\/wp-content\/uploads\/2021\/10\/escalier-piscine-welcome-2-1840x1035.jpg 1840w, https:\/\/www.waterair.com\/wp-content\/uploads\/2021\/10\/escalier-piscine-welcome-2-920x518.jpg 920w, https:\/\/www.waterair.com\/wp-content\/uploads\/2021\/10\/escalier-piscine-welcome-2.jpg 1920w\" sizes=\"auto, (max-width: 880px) 100vw, 880px\" \/>                                                                                    <\/span>\n                                                                        \n                                <\/div>\n                            <\/div>\n                                            <\/div>\n                <\/div>\n            <\/div>\n        <\/div>\n    <\/div>","protected":false},"excerpt":{"rendered":"<p>D\u00e9couvrez la piscine Olivia<\/p>\n","protected":false},"author":1,"featured_media":0,"parent":0,"menu_order":0,"comment_status":"closed","ping_status":"closed","template":"models\/landing.php","meta":{"_acf_changed":false,"om_disable_all_campaigns":false,"footnotes":""},"class_list":["post-24717","page","type-page","status-publish","hentry"],"acf":[],"yoast_head":"<!-- This site is optimized with the Yoast SEO Premium plugin v25.4 (Yoast SEO v27.2) - https:\/\/yoast.com\/product\/yoast-seo-premium-wordpress\/ -->\n<title>Piscine Olivia - parc Seppois | Piscines Waterair<\/title>\n<meta name=\"robots\" content=\"noindex, nofollow\" \/>\n<meta property=\"og:locale\" content=\"fr_FR\" \/>\n<meta property=\"og:type\" content=\"article\" \/>\n<meta property=\"og:title\" content=\"Piscine Olivia - parc Seppois\" \/>\n<meta property=\"og:description\" content=\"D\u00e9couvrez la piscine Olivia\" \/>\n<meta property=\"og:url\" content=\"https:\/\/www.waterair.com\/fr\/lp\/piscine-olivia-parc-seppois\" \/>\n<meta property=\"og:site_name\" content=\"Piscines Waterair\" \/>\n<meta property=\"article:modified_time\" content=\"2024-10-30T14:42:05+00:00\" \/>\n<meta name=\"twitter:card\" content=\"summary_large_image\" \/>\n<meta name=\"twitter:label1\" content=\"Dur\u00e9e de lecture estim\u00e9e\" \/>\n\t<meta name=\"twitter:data1\" content=\"2 minutes\" \/>\n<script type=\"application\/ld+json\" class=\"yoast-schema-graph\">{\"@context\":\"https:\/\/schema.org\",\"@graph\":[{\"@type\":\"WebPage\",\"@id\":\"https:\/\/www.waterair.com\/fr\/lp\/piscine-olivia-parc-seppois\",\"url\":\"https:\/\/www.waterair.com\/fr\/lp\/piscine-olivia-parc-seppois\",\"name\":\"Piscine Olivia - parc Seppois | Piscines Waterair\",\"isPartOf\":{\"@id\":\"https:\/\/www.waterair.com\/fr\/#website\"},\"datePublished\":\"2021-10-24T22:28:48+00:00\",\"dateModified\":\"2024-10-30T14:42:05+00:00\",\"breadcrumb\":{\"@id\":\"https:\/\/www.waterair.com\/fr\/lp\/piscine-olivia-parc-seppois#breadcrumb\"},\"inLanguage\":\"fr-FR\",\"potentialAction\":[{\"@type\":\"ReadAction\",\"target\":[\"https:\/\/www.waterair.com\/fr\/lp\/piscine-olivia-parc-seppois\"]}]},{\"@type\":\"BreadcrumbList\",\"@id\":\"https:\/\/www.waterair.com\/fr\/lp\/piscine-olivia-parc-seppois#breadcrumb\",\"itemListElement\":[{\"@type\":\"ListItem\",\"position\":1,\"name\":\"Accueil\",\"item\":\"https:\/\/www.waterair.com\/fr\"},{\"@type\":\"ListItem\",\"position\":2,\"name\":\"Piscine Olivia &#8211; parc Seppois\"}]},{\"@type\":\"WebSite\",\"@id\":\"https:\/\/www.waterair.com\/fr\/#website\",\"url\":\"https:\/\/www.waterair.com\/fr\/\",\"name\":\"Piscines Waterair\",\"description\":\"\",\"potentialAction\":[{\"@type\":\"SearchAction\",\"target\":{\"@type\":\"EntryPoint\",\"urlTemplate\":\"https:\/\/www.waterair.com\/fr\/?s={search_term_string}\"},\"query-input\":{\"@type\":\"PropertyValueSpecification\",\"valueRequired\":true,\"valueName\":\"search_term_string\"}}],\"inLanguage\":\"fr-FR\"}]}<\/script>\n<!-- \/ Yoast SEO Premium plugin. -->","yoast_head_json":{"title":"Piscine Olivia - parc Seppois | Piscines Waterair","robots":{"index":"noindex","follow":"nofollow"},"og_locale":"fr_FR","og_type":"article","og_title":"Piscine Olivia - parc Seppois","og_description":"D\u00e9couvrez la piscine Olivia","og_url":"https:\/\/www.waterair.com\/fr\/lp\/piscine-olivia-parc-seppois","og_site_name":"Piscines Waterair","article_modified_time":"2024-10-30T14:42:05+00:00","twitter_card":"summary_large_image","twitter_misc":{"Dur\u00e9e de lecture estim\u00e9e":"2 minutes"},"schema":{"@context":"https:\/\/schema.org","@graph":[{"@type":"WebPage","@id":"https:\/\/www.waterair.com\/fr\/lp\/piscine-olivia-parc-seppois","url":"https:\/\/www.waterair.com\/fr\/lp\/piscine-olivia-parc-seppois","name":"Piscine Olivia - parc Seppois | Piscines Waterair","isPartOf":{"@id":"https:\/\/www.waterair.com\/fr\/#website"},"datePublished":"2021-10-24T22:28:48+00:00","dateModified":"2024-10-30T14:42:05+00:00","breadcrumb":{"@id":"https:\/\/www.waterair.com\/fr\/lp\/piscine-olivia-parc-seppois#breadcrumb"},"inLanguage":"fr-FR","potentialAction":[{"@type":"ReadAction","target":["https:\/\/www.waterair.com\/fr\/lp\/piscine-olivia-parc-seppois"]}]},{"@type":"BreadcrumbList","@id":"https:\/\/www.waterair.com\/fr\/lp\/piscine-olivia-parc-seppois#breadcrumb","itemListElement":[{"@type":"ListItem","position":1,"name":"Accueil","item":"https:\/\/www.waterair.com\/fr"},{"@type":"ListItem","position":2,"name":"Piscine Olivia &#8211; parc Seppois"}]},{"@type":"WebSite","@id":"https:\/\/www.waterair.com\/fr\/#website","url":"https:\/\/www.waterair.com\/fr\/","name":"Piscines Waterair","description":"","potentialAction":[{"@type":"SearchAction","target":{"@type":"EntryPoint","urlTemplate":"https:\/\/www.waterair.com\/fr\/?s={search_term_string}"},"query-input":{"@type":"PropertyValueSpecification","valueRequired":true,"valueName":"search_term_string"}}],"inLanguage":"fr-FR"}]}},"_links":{"self":[{"href":"https:\/\/www.waterair.com\/fr\/wp-json\/wp\/v2\/pages\/24717","targetHints":{"allow":["GET"]}}],"collection":[{"href":"https:\/\/www.waterair.com\/fr\/wp-json\/wp\/v2\/pages"}],"about":[{"href":"https:\/\/www.waterair.com\/fr\/wp-json\/wp\/v2\/types\/page"}],"author":[{"embeddable":true,"href":"https:\/\/www.waterair.com\/fr\/wp-json\/wp\/v2\/users\/1"}],"replies":[{"embeddable":true,"href":"https:\/\/www.waterair.com\/fr\/wp-json\/wp\/v2\/comments?post=24717"}],"version-history":[{"count":4,"href":"https:\/\/www.waterair.com\/fr\/wp-json\/wp\/v2\/pages\/24717\/revisions"}],"predecessor-version":[{"id":407681,"href":"https:\/\/www.waterair.com\/fr\/wp-json\/wp\/v2\/pages\/24717\/revisions\/407681"}],"wp:attachment":[{"href":"https:\/\/www.waterair.com\/fr\/wp-json\/wp\/v2\/media?parent=24717"}],"curies":[{"name":"wp","href":"https:\/\/api.w.org\/{rel}","templated":true}]}}