{"id":24727,"date":"2021-10-25T00:28:54","date_gmt":"2021-10-24T22:28:54","guid":{"rendered":"https:\/\/waterair-preprod2.adipso.fr\/piscine-lola-parc-seppois"},"modified":"2024-10-30T15:46:11","modified_gmt":"2024-10-30T14:46:11","slug":"piscine-lola-parc-seppois","status":"publish","type":"page","link":"https:\/\/www.waterair.com\/fr\/lp\/piscine-lola-parc-seppois","title":{"rendered":"Piscine Lola &#8211; parc Seppois"},"content":{"rendered":"<div class=\"container block--core-heading\"><div class=\"row\"><div class=\"col-12 \">\n<h1 class=\"wp-block-heading has-text-align-center\">D\u00e9couvrez la piscine Lola<\/h1>\n<\/div><\/div><\/div>\n\n<div data-wa=\"fade-up\"  class=\"block-slider  dots-absolute content-block\">\n    \n                            <div\n                            class=\"js-slider\"\n                            data-infinite=\"true\"\n                            data-slides-to-show=\"1\"\n                            data-slides-to-scroll=\"1\"\n                            data-fade=\"true\"\n                            data-adaptive-height=\"true\"\n                            data-dots=\"false\"\n                            data-arrows=\"true\"\n                    >\n                                                    <div class=\"block-slider__image\">\n                                \t\t\t<img loading=\"lazy\" decoding=\"async\" width=\"1360\" height=\"765\" src=\"https:\/\/www.waterair.com\/wp-content\/uploads\/2021\/10\/piscine-mini-lola-4-1360x765.jpg\" class=\"item-slide__image item-slide\" alt=\"mini piscine terrasse bois\" loading=\"1\" srcset=\"https:\/\/www.waterair.com\/wp-content\/uploads\/2021\/10\/piscine-mini-lola-4-1360x765.jpg 1360w, https:\/\/www.waterair.com\/wp-content\/uploads\/2021\/10\/piscine-mini-lola-4-1440x810.jpg 1440w, https:\/\/www.waterair.com\/wp-content\/uploads\/2021\/10\/piscine-mini-lola-4-768x432.jpg 768w, https:\/\/www.waterair.com\/wp-content\/uploads\/2021\/10\/piscine-mini-lola-4-1536x864.jpg 1536w, https:\/\/www.waterair.com\/wp-content\/uploads\/2021\/10\/piscine-mini-lola-4-880x495.jpg 880w, https:\/\/www.waterair.com\/wp-content\/uploads\/2021\/10\/piscine-mini-lola-4-440x248.jpg 440w, https:\/\/www.waterair.com\/wp-content\/uploads\/2021\/10\/piscine-mini-lola-4-1840x1035.jpg 1840w, https:\/\/www.waterair.com\/wp-content\/uploads\/2021\/10\/piscine-mini-lola-4-920x518.jpg 920w, https:\/\/www.waterair.com\/wp-content\/uploads\/2021\/10\/piscine-mini-lola-4.jpg 1920w\" sizes=\"auto, (max-width: 1360px) 100vw, 1360px\" \/>\t                            <\/div>\n                                                    <div class=\"block-slider__image\">\n                                \t\t\t<img loading=\"lazy\" decoding=\"async\" width=\"1360\" height=\"765\" src=\"https:\/\/www.waterair.com\/wp-content\/uploads\/2021\/11\/mini-piscine-lola-1360x765.jpg\" class=\"item-slide__image item-slide\" alt=\"mini piscine confort\" loading=\"1\" srcset=\"\" sizes=\"auto, \" \/>\t                            <\/div>\n                                                    <div class=\"block-slider__image\">\n                                \t\t\t<img loading=\"lazy\" decoding=\"async\" width=\"1360\" height=\"765\" src=\"https:\/\/www.waterair.com\/wp-content\/uploads\/2021\/10\/escalier-piscine-integre-pacio-1360x765.jpg\" class=\"item-slide__image item-slide\" alt=\"Escalier pour piscine\" loading=\"1\" srcset=\"https:\/\/www.waterair.com\/wp-content\/uploads\/2021\/10\/escalier-piscine-integre-pacio-1360x765.jpg 1360w, https:\/\/www.waterair.com\/wp-content\/uploads\/2021\/10\/escalier-piscine-integre-pacio-1440x810.jpg 1440w, https:\/\/www.waterair.com\/wp-content\/uploads\/2021\/10\/escalier-piscine-integre-pacio-768x432.jpg 768w, https:\/\/www.waterair.com\/wp-content\/uploads\/2021\/10\/escalier-piscine-integre-pacio-1536x864.jpg 1536w, https:\/\/www.waterair.com\/wp-content\/uploads\/2021\/10\/escalier-piscine-integre-pacio-880x495.jpg 880w, https:\/\/www.waterair.com\/wp-content\/uploads\/2021\/10\/escalier-piscine-integre-pacio-440x248.jpg 440w, https:\/\/www.waterair.com\/wp-content\/uploads\/2021\/10\/escalier-piscine-integre-pacio-1840x1035.jpg 1840w, https:\/\/www.waterair.com\/wp-content\/uploads\/2021\/10\/escalier-piscine-integre-pacio-920x518.jpg 920w, https:\/\/www.waterair.com\/wp-content\/uploads\/2021\/10\/escalier-piscine-integre-pacio.jpg 1920w\" sizes=\"auto, (max-width: 1360px) 100vw, 1360px\" \/>\t                            <\/div>\n                                            <\/div>\n        \n    <\/div>\n\n\n<div  class=\"block-content-media  content-block   has-no-title\">\n            <div class=\"container\">\n            <div class=\"row\">\n                <div class=\"col\">\n                    <div class=\"row flex-column flex-md-row align-items-center\">\n                        <div class=\"content-block__col col-lg-6 col-xl-7 d-flex flex-column align-items-md-start order-lg-2\">\n                                                                                                                                                <div data-wa=\"fade-up\" data-wa-delay=\"400\" class=\"content-block__description text--sm text-weight--300 mb-0\">\n                                    <h3>Descriptif du mod\u00e8le pr\u00e9sent\u00e9 :&nbsp;<\/h3>\n<ul>\n<li>Mod\u00e8le : Lola<\/li>\n<li>Dimensions : 3,75 x 2,96 m<\/li>\n<li>Escalier : Pacio gris granit\u00e9<\/li>\n<li>Liner : Gris<\/li>\n<li>Fond : Fond plat 1,20 m<\/li>\n<li>Couverture : Solae Waterair et son enrouleur-d\u00e9rouleur<\/li>\n<\/ul>\n                                <\/div>\n                                                                                        <div data-wa=\"fade-up\" data-wa-delay=\"500\">\n                                    <a\tdata-wa=\"button\" data-wa-wave=\"primary\"\n\tclass=\"btn btn--primary mt-3\"\n\t\t\thref=\"https:\/\/www.waterair.com\/fr\/piscines-et-equipements\/piscines\/minis\/lola-mini\"\n\t\ttarget=\"_blank\">\n\t\tEn savoir plus sur le mod\u00e8le Lola    <\/a>\n                                <\/div>\n                                                    <\/div>\n                                                                                <div class=\"content-block__col content-block__col--media col-lg-6 col-xl-5 order-lg-3  \">\n                                <div class=\"content-block__media   is-not-absolute\">\n                                    \n                                                                            <span data-wa=\"image\">\n                                                                                            <img loading=\"lazy\" decoding=\"async\" width=\"880\" height=\"937\" src=\"https:\/\/www.waterair.com\/wp-content\/uploads\/2024\/04\/dji-20230713150740-0354-d-880x937.webp\" class=\"attachment-content_media_2x size-content_media_2x\" alt=\"\" srcset=\"https:\/\/www.waterair.com\/wp-content\/uploads\/2024\/04\/dji-20230713150740-0354-d-880x937.webp 880w, https:\/\/www.waterair.com\/wp-content\/uploads\/2024\/04\/dji-20230713150740-0354-d-1353x1440.webp 1353w, https:\/\/www.waterair.com\/wp-content\/uploads\/2024\/04\/dji-20230713150740-0354-d-768x818.webp 768w, https:\/\/www.waterair.com\/wp-content\/uploads\/2024\/04\/dji-20230713150740-0354-d-1443x1536.webp 1443w, https:\/\/www.waterair.com\/wp-content\/uploads\/2024\/04\/dji-20230713150740-0354-d-1924x2048.webp 1924w, https:\/\/www.waterair.com\/wp-content\/uploads\/2024\/04\/dji-20230713150740-0354-d-440x468.webp 440w, https:\/\/www.waterair.com\/wp-content\/uploads\/2024\/04\/dji-20230713150740-0354-d-1840x1959.webp 1840w, https:\/\/www.waterair.com\/wp-content\/uploads\/2024\/04\/dji-20230713150740-0354-d-920x979.webp 920w, https:\/\/www.waterair.com\/wp-content\/uploads\/2024\/04\/dji-20230713150740-0354-d.webp 2016w\" sizes=\"auto, (max-width: 880px) 100vw, 880px\" \/>                                                                                    <\/span>\n                                                                        \n                                <\/div>\n                            <\/div>\n                                            <\/div>\n                <\/div>\n            <\/div>\n        <\/div>\n    <\/div>\n\n<div  class=\"block-content-media  content-block   has-no-title\">\n            <div class=\"container\">\n            <div class=\"row\">\n                <div class=\"col\">\n                    <div class=\"row flex-column flex-md-row align-items-center\">\n                        <div class=\"content-block__col col-lg-6 col-xl-7 d-flex flex-column align-items-md-start order-lg-2\">\n                                                                                                                                                <div data-wa=\"fade-up\" data-wa-delay=\"400\" class=\"content-block__description text--sm text-weight--300 mb-0\">\n                                    <h3><span style=\"color: #f1c40f;\">Zoom sur\u00a0Solae Waterair<sup>\u00ae<\/sup><\/span><\/h3>\n<p>La couverture solaire multiusage Solae Waterair<sup>\u00ae<\/sup>\u00a0est une innovation exclusive et brevet\u00e9e<\/p>\n<p>Cette nouvelle g\u00e9n\u00e9ration de couvertures de piscine cumule de nombreuses fonctions :<\/p>\n<ul>\n<li><strong>Le chauffage de votre piscine<\/strong> avec un gain jusqu\u2019\u00e0 9\u00b0C* gr\u00e2ce \u00e0 l\u2019\u00e9nergie solaire par effet de serre<\/li>\n<li><strong>La s\u00e9curit\u00e9<\/strong>, en \u00e9tant conforme \u00e0 la norme NF P90-308<\/li>\n<li><strong>La simplicit\u00e9<\/strong>\u00a0: facile \u00e0 enrouler gr\u00e2ce \u00e0 son enrouleur \u00e9lectrique fourni<\/li>\n<li><strong>L&rsquo;entretien facile<\/strong>\u00a0: elle prot\u00e8ge la piscine des impuret\u00e9s ext\u00e9rieures<\/li>\n<li><strong>L&rsquo;hivernage<\/strong>\u00a0: ses modules opaques \u00e9vitent la photosynth\u00e8se en hiver pour une remise en service facilit\u00e9e<\/li>\n<\/ul>\n                                <\/div>\n                                                                                        <div data-wa=\"fade-up\" data-wa-delay=\"500\">\n                                                                    <\/div>\n                                                    <\/div>\n                                                                                <div class=\"content-block__col content-block__col--media col-lg-6 col-xl-5 order-lg-1  \">\n                                <div class=\"content-block__media is-left  is-not-absolute\">\n                                    \n                                                                            <span data-wa=\"image\">\n                                                                                            <img loading=\"lazy\" decoding=\"async\" width=\"880\" height=\"550\" src=\"https:\/\/www.waterair.com\/wp-content\/uploads\/2021\/11\/piscine_eco-responsable-solae-880x550.jpg\" class=\"attachment-content_media_2x size-content_media_2x\" alt=\"\" srcset=\"https:\/\/www.waterair.com\/wp-content\/uploads\/2021\/11\/piscine_eco-responsable-solae-880x550.jpg 880w, https:\/\/www.waterair.com\/wp-content\/uploads\/2021\/11\/piscine_eco-responsable-solae-1440x900.jpg 1440w, https:\/\/www.waterair.com\/wp-content\/uploads\/2021\/11\/piscine_eco-responsable-solae-768x480.jpg 768w, https:\/\/www.waterair.com\/wp-content\/uploads\/2021\/11\/piscine_eco-responsable-solae-1536x960.jpg 1536w, https:\/\/www.waterair.com\/wp-content\/uploads\/2021\/11\/piscine_eco-responsable-solae-440x275.jpg 440w, https:\/\/www.waterair.com\/wp-content\/uploads\/2021\/11\/piscine_eco-responsable-solae-1840x1150.jpg 1840w, https:\/\/www.waterair.com\/wp-content\/uploads\/2021\/11\/piscine_eco-responsable-solae-920x575.jpg 920w, https:\/\/www.waterair.com\/wp-content\/uploads\/2021\/11\/piscine_eco-responsable-solae.jpg 1920w\" sizes=\"auto, (max-width: 880px) 100vw, 880px\" \/>                                                                                    <\/span>\n                                                                        \n                                <\/div>\n                            <\/div>\n                                            <\/div>\n                <\/div>\n            <\/div>\n        <\/div>\n    <\/div>","protected":false},"excerpt":{"rendered":"<p>D\u00e9couvrez la piscine Lola<\/p>\n","protected":false},"author":1,"featured_media":0,"parent":0,"menu_order":0,"comment_status":"closed","ping_status":"closed","template":"models\/landing.php","meta":{"_acf_changed":false,"om_disable_all_campaigns":false,"footnotes":""},"class_list":["post-24727","page","type-page","status-publish","hentry"],"acf":[],"yoast_head":"<!-- This site is optimized with the Yoast SEO Premium plugin v25.4 (Yoast SEO v27.2) - https:\/\/yoast.com\/product\/yoast-seo-premium-wordpress\/ -->\n<title>Piscine Lola - parc Seppois | Piscines Waterair<\/title>\n<meta name=\"robots\" content=\"noindex, nofollow\" \/>\n<meta property=\"og:locale\" content=\"fr_FR\" \/>\n<meta property=\"og:type\" content=\"article\" \/>\n<meta property=\"og:title\" content=\"Piscine Lola - parc Seppois\" \/>\n<meta property=\"og:description\" content=\"D\u00e9couvrez la piscine Lola\" \/>\n<meta property=\"og:url\" content=\"https:\/\/www.waterair.com\/fr\/lp\/piscine-lola-parc-seppois\" \/>\n<meta property=\"og:site_name\" content=\"Piscines Waterair\" \/>\n<meta property=\"article:modified_time\" content=\"2024-10-30T14:46:11+00:00\" \/>\n<meta name=\"twitter:card\" content=\"summary_large_image\" \/>\n<meta name=\"twitter:label1\" content=\"Dur\u00e9e de lecture estim\u00e9e\" \/>\n\t<meta name=\"twitter:data1\" content=\"2 minutes\" \/>\n<script type=\"application\/ld+json\" class=\"yoast-schema-graph\">{\"@context\":\"https:\/\/schema.org\",\"@graph\":[{\"@type\":\"WebPage\",\"@id\":\"https:\/\/www.waterair.com\/fr\/lp\/piscine-lola-parc-seppois\",\"url\":\"https:\/\/www.waterair.com\/fr\/lp\/piscine-lola-parc-seppois\",\"name\":\"Piscine Lola - parc Seppois | Piscines Waterair\",\"isPartOf\":{\"@id\":\"https:\/\/www.waterair.com\/fr\/#website\"},\"datePublished\":\"2021-10-24T22:28:54+00:00\",\"dateModified\":\"2024-10-30T14:46:11+00:00\",\"breadcrumb\":{\"@id\":\"https:\/\/www.waterair.com\/fr\/lp\/piscine-lola-parc-seppois#breadcrumb\"},\"inLanguage\":\"fr-FR\",\"potentialAction\":[{\"@type\":\"ReadAction\",\"target\":[\"https:\/\/www.waterair.com\/fr\/lp\/piscine-lola-parc-seppois\"]}]},{\"@type\":\"BreadcrumbList\",\"@id\":\"https:\/\/www.waterair.com\/fr\/lp\/piscine-lola-parc-seppois#breadcrumb\",\"itemListElement\":[{\"@type\":\"ListItem\",\"position\":1,\"name\":\"Accueil\",\"item\":\"https:\/\/www.waterair.com\/fr\"},{\"@type\":\"ListItem\",\"position\":2,\"name\":\"Piscine Lola &#8211; parc Seppois\"}]},{\"@type\":\"WebSite\",\"@id\":\"https:\/\/www.waterair.com\/fr\/#website\",\"url\":\"https:\/\/www.waterair.com\/fr\/\",\"name\":\"Piscines Waterair\",\"description\":\"\",\"potentialAction\":[{\"@type\":\"SearchAction\",\"target\":{\"@type\":\"EntryPoint\",\"urlTemplate\":\"https:\/\/www.waterair.com\/fr\/?s={search_term_string}\"},\"query-input\":{\"@type\":\"PropertyValueSpecification\",\"valueRequired\":true,\"valueName\":\"search_term_string\"}}],\"inLanguage\":\"fr-FR\"}]}<\/script>\n<!-- \/ Yoast SEO Premium plugin. -->","yoast_head_json":{"title":"Piscine Lola - parc Seppois | Piscines Waterair","robots":{"index":"noindex","follow":"nofollow"},"og_locale":"fr_FR","og_type":"article","og_title":"Piscine Lola - parc Seppois","og_description":"D\u00e9couvrez la piscine Lola","og_url":"https:\/\/www.waterair.com\/fr\/lp\/piscine-lola-parc-seppois","og_site_name":"Piscines Waterair","article_modified_time":"2024-10-30T14:46:11+00:00","twitter_card":"summary_large_image","twitter_misc":{"Dur\u00e9e de lecture estim\u00e9e":"2 minutes"},"schema":{"@context":"https:\/\/schema.org","@graph":[{"@type":"WebPage","@id":"https:\/\/www.waterair.com\/fr\/lp\/piscine-lola-parc-seppois","url":"https:\/\/www.waterair.com\/fr\/lp\/piscine-lola-parc-seppois","name":"Piscine Lola - parc Seppois | Piscines Waterair","isPartOf":{"@id":"https:\/\/www.waterair.com\/fr\/#website"},"datePublished":"2021-10-24T22:28:54+00:00","dateModified":"2024-10-30T14:46:11+00:00","breadcrumb":{"@id":"https:\/\/www.waterair.com\/fr\/lp\/piscine-lola-parc-seppois#breadcrumb"},"inLanguage":"fr-FR","potentialAction":[{"@type":"ReadAction","target":["https:\/\/www.waterair.com\/fr\/lp\/piscine-lola-parc-seppois"]}]},{"@type":"BreadcrumbList","@id":"https:\/\/www.waterair.com\/fr\/lp\/piscine-lola-parc-seppois#breadcrumb","itemListElement":[{"@type":"ListItem","position":1,"name":"Accueil","item":"https:\/\/www.waterair.com\/fr"},{"@type":"ListItem","position":2,"name":"Piscine Lola &#8211; parc Seppois"}]},{"@type":"WebSite","@id":"https:\/\/www.waterair.com\/fr\/#website","url":"https:\/\/www.waterair.com\/fr\/","name":"Piscines Waterair","description":"","potentialAction":[{"@type":"SearchAction","target":{"@type":"EntryPoint","urlTemplate":"https:\/\/www.waterair.com\/fr\/?s={search_term_string}"},"query-input":{"@type":"PropertyValueSpecification","valueRequired":true,"valueName":"search_term_string"}}],"inLanguage":"fr-FR"}]}},"_links":{"self":[{"href":"https:\/\/www.waterair.com\/fr\/wp-json\/wp\/v2\/pages\/24727","targetHints":{"allow":["GET"]}}],"collection":[{"href":"https:\/\/www.waterair.com\/fr\/wp-json\/wp\/v2\/pages"}],"about":[{"href":"https:\/\/www.waterair.com\/fr\/wp-json\/wp\/v2\/types\/page"}],"author":[{"embeddable":true,"href":"https:\/\/www.waterair.com\/fr\/wp-json\/wp\/v2\/users\/1"}],"replies":[{"embeddable":true,"href":"https:\/\/www.waterair.com\/fr\/wp-json\/wp\/v2\/comments?post=24727"}],"version-history":[{"count":5,"href":"https:\/\/www.waterair.com\/fr\/wp-json\/wp\/v2\/pages\/24727\/revisions"}],"predecessor-version":[{"id":407789,"href":"https:\/\/www.waterair.com\/fr\/wp-json\/wp\/v2\/pages\/24727\/revisions\/407789"}],"wp:attachment":[{"href":"https:\/\/www.waterair.com\/fr\/wp-json\/wp\/v2\/media?parent=24727"}],"curies":[{"name":"wp","href":"https:\/\/api.w.org\/{rel}","templated":true}]}}