{"id":2488,"date":"2021-09-15T10:04:57","date_gmt":"2021-09-15T08:04:57","guid":{"rendered":"https:\/\/waterair-preprod2.adipso.fr\/?page_id=2488"},"modified":"2025-03-10T09:29:18","modified_gmt":"2025-03-10T08:29:18","slug":"nous-contacter","status":"publish","type":"page","link":"https:\/\/www.waterair.com\/fr\/contact","title":{"rendered":"Contact"},"content":{"rendered":"    <div  class=\"block-contact content-block mt-2\" data-tab-section>\n        <div class=\"container\">\n                            <div class=\"row\">\n                    <div data-wa=\"fade-up\" class=\"block-contact__intro text-center h6 col-12 col-md-10 offset-md-1\">\n                        <p>Pr\u00e9cisez votre demande afin d\u2019aiguiller au mieux le traitement de celle-ci. S\u00e9lectionnez ci-dessous l\u2019onglet correspondant \u00e0 votre requ\u00eate et laissez-vous guider !<\/p>\n                    <\/div>\n                <\/div>\n                                        <div data-wa=\"fade-up\" data-wa-delay=\"100\" class=\"tabs js-tabs pt-3\">\n                                            <div class=\"tabs__list js-tabs-list\">\n                                                            <button class=\"tabs__tab js-tabs-toggle ml-2 mr-2 is-active\">\n                                    Demande d\u2019information                                <\/button>\n                                                            <button class=\"tabs__tab js-tabs-toggle ml-2 mr-2 \">\n                                    Demande technique                                <\/button>\n                                                            <button class=\"tabs__tab js-tabs-toggle ml-2 mr-2 \">\n                                    Demande de devis                                <\/button>\n                                                            <button class=\"tabs__tab js-tabs-toggle ml-2 mr-2 \">\n                                    Changement de propri\u00e9taire                                <\/button>\n                                                    <\/div>\n                        <div class=\"tabs__list-select js-tabs-select-list\">\n                            <div class=\"tabs__list-select__selected\">\n                                Demande d\u2019information                            <\/div>\n                            <div class=\"tabs__list-select__tabs\">\n                                                                    <div class=\"tabs__list-select__tab js-tabs-toggle\">Demande d\u2019information<\/div>\n                                                                    <div class=\"tabs__list-select__tab js-tabs-toggle\">Demande technique<\/div>\n                                                                    <div class=\"tabs__list-select__tab js-tabs-toggle\">Demande de devis<\/div>\n                                                                    <div class=\"tabs__list-select__tab js-tabs-toggle\">Changement de propri\u00e9taire<\/div>\n                                                            <\/div>\n                        <\/div>\n                                        <div class=\"tabs__blocks js-tabs-blocs\">\n                                                    <div class=\"tabs__block js-tabs-bloc pb-8\" style=\"display:block\">\n                                <div data-wa=\"fade-up\" class=\"image-text-link pt-9\">\n            <div class=\"container\">\n            <div class=\"row flex-column flex-md-row justify-content-center align-items-center\">\n                <div class=\"image-text-link__col col-lg-6 col-xs-5 offset-lg-0 offset-xl-0\">\n                    <div class=\"image-text-link__media c-tertiary-light\">\n                        <svg class=\"content-block__svg\" viewBox=\"0 0 1000 1000\">\n                            <path class=\"content-block__blob\" fill=\"currentColor\" opacity=\".2\" data-blob='{\"minRadius\": \"400\"}'><\/path>\n                            <image\n                                    x=\"0\"\n                                    y=\"0\"\n                                    width=\"100%\"\n                                    height=\"100%\"\n                                    xlink:href=\"https:\/\/www.waterair.com\/wp-content\/uploads\/2023\/03\/q-v4-waterair-dji-0006-1340x1260.jpg\"\n                                    clip-path=\"url(#content-block__mask-2014)\"\n                            \/>\n                            <clipPath id=\"content-block__mask-2014\" class=\"content-block__mask\">\n                                <path class=\"content-block__blob\" data-blob='{\"minRadius\": \"400\",\"maxRadius\": \"420\"}'><\/path>\n                            <\/clipPath>\n                        <\/svg>\n                    <\/div>\n                <\/div>\n                <div class=\"image-text-link__col col-md-6 col-lg-6 d-flex flex-column align-items-md-start order-2\">\n                    <div class=\"row\">\n                        <div class=\"col-10\">\n                                                            <h2 class=\"image-text-link__title h5 mb-0\"><p>Vous \u00eates client et vous souhaitez nous contacter ?<\/p>\n<\/h2>\n                                                                                        <div class=\"image-text-link__description\">\n                                    <p>Nous sommes \u00e0 votre \u00e9coute, laissez-nous votre message en pr\u00e9cisant au mieux votre demande.<\/p>\n                                <\/div>\n                                                    <\/div>\n                    <\/div>\n                    <div class=\"row\">\n                        <div class=\"col-12\">\n                        <a\tdata-wa=\"button\" data-wa-wave=\"secondary\"\n\tclass=\"btn btn--secondary mt-3\"\n\t\t\thref=\"https:\/\/contact.waterair.com\/fr\"\n\t\t>\n\t\tFormulaire de contact    <\/a>\n                        <\/div>\n                    <\/div>\n                <\/div>\n            <\/div>\n        <\/div>\n    <\/div>\n                            <\/div>\n                                                    <div class=\"tabs__block js-tabs-bloc pb-8\" style=\"display:none\">\n                                <div data-wa=\"fade-up\" class=\"image-text-link pt-9\">\n            <div class=\"container\">\n            <div class=\"row flex-column flex-md-row justify-content-center align-items-center\">\n                <div class=\"image-text-link__col col-lg-6 col-xs-5 offset-lg-0 offset-xl-0\">\n                    <div class=\"image-text-link__media c-tertiary-light\">\n                        <svg class=\"content-block__svg\" viewBox=\"0 0 1000 1000\">\n                            <path class=\"content-block__blob\" fill=\"currentColor\" opacity=\".2\" data-blob='{\"minRadius\": \"400\"}'><\/path>\n                            <image\n                                    x=\"0\"\n                                    y=\"0\"\n                                    width=\"100%\"\n                                    height=\"100%\"\n                                    xlink:href=\"https:\/\/www.waterair.com\/wp-content\/uploads\/2021\/10\/escalier-piscine-enjoy-1340x1260.jpg\"\n                                    clip-path=\"url(#content-block__mask-5216)\"\n                            \/>\n                            <clipPath id=\"content-block__mask-5216\" class=\"content-block__mask\">\n                                <path class=\"content-block__blob\" data-blob='{\"minRadius\": \"400\",\"maxRadius\": \"420\"}'><\/path>\n                            <\/clipPath>\n                        <\/svg>\n                    <\/div>\n                <\/div>\n                <div class=\"image-text-link__col col-md-6 col-lg-6 d-flex flex-column align-items-md-start order-2\">\n                    <div class=\"row\">\n                        <div class=\"col-10\">\n                                                            <h2 class=\"image-text-link__title h5 mb-0\"><p>L&rsquo;Espace Client Waterair vous permet de trouver l&rsquo;ensemble des r\u00e9ponses \u00e0 vos questions en quelques clics.<\/p>\n<\/h2>\n                                                                                        <div class=\"image-text-link__description\">\n                                    <p>Vous pouvez d\u00e9tailler plus pr\u00e9cis\u00e9ment votre demande en nous contactant directement via le formulaire pr\u00e9sent sur notre espace client.<\/p>\n                                <\/div>\n                                                    <\/div>\n                    <\/div>\n                    <div class=\"row\">\n                        <div class=\"col-12\">\n                        <a\tdata-wa=\"button\" data-wa-wave=\"secondary\"\n\tclass=\"btn btn--secondary mt-3\"\n\t\t\thref=\"https:\/\/www.waterair.com\/fr\/espace-client\/\"\n\t\t>\n\t\tSe rendre sur votre espace client Waterair    <\/a>\n                        <\/div>\n                    <\/div>\n                <\/div>\n            <\/div>\n        <\/div>\n    <\/div>\n                            <\/div>\n                                                    <div class=\"tabs__block js-tabs-bloc pb-8\" style=\"display:none\">\n                                <div class=\"title-links pt-10 mt-6\">\n            <div class=\"container\">\n            <div class=\"row flex-column flex-md-row\">\n                <div class=\"image-text-link__col col-12 d-flex flex-column align-items-center text-center\">\n                                            <h2 class=\"image-text-link__title h5 mb-0\"><p>Pr\u00e9cisez votre choix en<br \/>\ns\u00e9lectionnant l\u2019onglet souhait\u00e9<\/p>\n<\/h2>\n                                    <\/div>\n                <div class=\"d-flex w-100 flex-sm-row flex-column justify-content-center align-items-center text-center\">\n                                                                        <div class=\"pl-2 pr-2 mt-3\">\n                                <a\tdata-wa=\"button\" data-wa-wave=\"outline\"\n\tclass=\"btn btn--primary btn--outline \"\n\t\t\thref=\"https:\/\/www.waterair.com\/fr\/devis-piscine\"\n\t\t>\n\t\tDevis piscine    <\/a>\n                            <\/div>\n                                                    <div class=\"pl-2 pr-2 mt-3\">\n                                <a\tdata-wa=\"button\" data-wa-wave=\"outline\"\n\tclass=\"btn btn--primary btn--outline \"\n\t\t\thref=\"https:\/\/www.waterair.com\/fr\/conseils-assistance-temoignages\/assistance\/renovation-piscine\"\n\t\t>\n\t\tDemande r\u00e9novation    <\/a>\n                            <\/div>\n                                                    <div class=\"pl-2 pr-2 mt-3\">\n                                <a\tdata-wa=\"button\" data-wa-wave=\"outline\"\n\tclass=\"btn btn--primary btn--outline \"\n\t\t\thref=\"https:\/\/www.waterair.com\/fr\/boutique\/devis\"\n\t\t>\n\t\tDevis accessoire    <\/a>\n                            <\/div>\n                                                            <\/div>\n            <\/div>\n        <\/div>\n    <\/div>\n                            <\/div>\n                                                    <div class=\"tabs__block js-tabs-bloc pb-8\" style=\"display:none\">\n                                <div data-wa=\"fade-up\" class=\"image-text-link pt-9\">\n            <div class=\"container\">\n            <div class=\"row flex-column flex-md-row justify-content-center align-items-center\">\n                <div class=\"image-text-link__col col-lg-6 col-xs-5 offset-lg-0 offset-xl-0\">\n                    <div class=\"image-text-link__media c-tertiary-light\">\n                        <svg class=\"content-block__svg\" viewBox=\"0 0 1000 1000\">\n                            <path class=\"content-block__blob\" fill=\"currentColor\" opacity=\".2\" data-blob='{\"minRadius\": \"400\"}'><\/path>\n                            <image\n                                    x=\"0\"\n                                    y=\"0\"\n                                    width=\"100%\"\n                                    height=\"100%\"\n                                    xlink:href=\"https:\/\/www.waterair.com\/wp-content\/uploads\/2021\/09\/piscine-forme-libre-clea-6-1340x1260.jpg\"\n                                    clip-path=\"url(#content-block__mask-9077)\"\n                            \/>\n                            <clipPath id=\"content-block__mask-9077\" class=\"content-block__mask\">\n                                <path class=\"content-block__blob\" data-blob='{\"minRadius\": \"400\",\"maxRadius\": \"420\"}'><\/path>\n                            <\/clipPath>\n                        <\/svg>\n                    <\/div>\n                <\/div>\n                <div class=\"image-text-link__col col-md-6 col-lg-6 d-flex flex-column align-items-md-start order-2\">\n                    <div class=\"row\">\n                        <div class=\"col-10\">\n                                                            <h2 class=\"image-text-link__title h5 mb-0\"><p>Nouvel arrivant ou sur le d\u00e9part, fa\u00eetes les d\u00e9marches n\u00e9cessaires pour assurer la continuit\u00e9 du suivi de votre piscine Waterair.<\/p>\n<\/h2>\n                                                                                        <div class=\"image-text-link__description\">\n                                    <p>Nous vous accompagnons \u00e0 chaque nouvelle \u00e9tape de votre vie afin d\u2019aborder en toute s\u00e9r\u00e9nit\u00e9 et simplicit\u00e9 l\u2019entretien de votre piscine<\/p>\n                                <\/div>\n                                                    <\/div>\n                    <\/div>\n                    <div class=\"row\">\n                        <div class=\"col-12\">\n                        <a\tdata-wa=\"button\" data-wa-wave=\"secondary\"\n\tclass=\"btn btn--secondary mt-3\"\n\t\t\thref=\"https:\/\/www.waterair.com\/fr\/espace-client\/changement-de-proprietaire-de-piscine-waterair\"\n\t\t>\n\t\tAcc\u00e9dez au formulaire de changement de propri\u00e9taire    <\/a>\n                        <\/div>\n                    <\/div>\n                <\/div>\n            <\/div>\n        <\/div>\n    <\/div>\n                            <\/div>\n                                            <\/div>\n                <\/div>\n                    <\/div>\n    <\/div>\n\n\n    <div data-wa=\"fade-up\">\n        <script type=\"application\/ld+json\">\r\n{\r\n  \"@context\": \"https:\/\/schema.org\",\r\n  \"@type\": \"LocalBusiness\",\r\n  \"name\": \"Waterair\",\r\n  \"address\": {\r\n    \"@type\": \"PostalAddress\",\r\n    \"addressLocality\": \"Seppois-le-Bas\",\r\n    \"postalCode\": \"68580\",\r\n    \"streetAddress\": \"ZA\",\r\n    \"addressCountry\": \"FR\",\r\n    \"telephone\": \"0389074560\"\r\n  },\r\n  \"openingHoursSpecification\": [\r\n    {\r\n      \"@type\": \"OpeningHoursSpecification\",\r\n      \"dayOfWeek\": [\r\n        \"Monday\",\r\n        \"Tuesday\",\r\n        \"Wednesday\",\r\n        \"Thursday\",\r\n        \"Friday\"\r\n      ],\r\n      \"opens\": \"09:00\",\r\n      \"closes\": \"12:00\"\r\n    },\r\n    {\r\n      \"@type\": \"OpeningHoursSpecification\",\r\n      \"dayOfWeek\": [\r\n        \"Monday\",\r\n        \"Tuesday\",\r\n        \"Wednesday\",\r\n        \"Thursday\",\r\n        \"Friday\"\r\n      ],\r\n      \"opens\": \"14:00\",\r\n      \"closes\": \"17:00\"\r\n    },\r\n    {\r\n      \"@type\": \"OpeningHoursSpecification\",\r\n      \"dayOfWeek\": \"Saturday\",\r\n      \"opens\": \"09:00\",\r\n      \"closes\": \"12:00\"\r\n    }\r\n  ]\r\n}\r\n<\/script>    <\/div>\n","protected":false},"excerpt":{"rendered":"","protected":false},"author":1,"featured_media":0,"parent":0,"menu_order":0,"comment_status":"closed","ping_status":"closed","template":"","meta":{"_acf_changed":false,"om_disable_all_campaigns":false,"footnotes":""},"class_list":["post-2488","page","type-page","status-publish","hentry"],"acf":[],"yoast_head":"<!-- This site is optimized with the Yoast SEO Premium plugin v25.4 (Yoast SEO v27.2) - https:\/\/yoast.com\/product\/yoast-seo-premium-wordpress\/ -->\n<title>Contact | Piscines Waterair<\/title>\n<meta name=\"robots\" content=\"index, follow, max-snippet:-1, max-image-preview:large, max-video-preview:-1\" \/>\n<link rel=\"canonical\" href=\"https:\/\/www.waterair.com\/fr\/contact\" \/>\n<meta property=\"og:locale\" content=\"fr_FR\" \/>\n<meta property=\"og:type\" content=\"article\" \/>\n<meta property=\"og:title\" content=\"Contact\" \/>\n<meta property=\"og:url\" content=\"https:\/\/www.waterair.com\/fr\/contact\" \/>\n<meta property=\"og:site_name\" content=\"Piscines Waterair\" \/>\n<meta property=\"article:modified_time\" content=\"2025-03-10T08:29:18+00:00\" \/>\n<meta name=\"twitter:card\" content=\"summary_large_image\" \/>\n<meta name=\"twitter:label1\" content=\"Dur\u00e9e de lecture estim\u00e9e\" \/>\n\t<meta name=\"twitter:data1\" content=\"2 minutes\" \/>\n<script type=\"application\/ld+json\" class=\"yoast-schema-graph\">{\"@context\":\"https:\/\/schema.org\",\"@graph\":[{\"@type\":\"WebPage\",\"@id\":\"https:\/\/www.waterair.com\/fr\/contact\",\"url\":\"https:\/\/www.waterair.com\/fr\/contact\",\"name\":\"Contact | Piscines Waterair\",\"isPartOf\":{\"@id\":\"https:\/\/www.waterair.com\/fr\/#website\"},\"datePublished\":\"2021-09-15T08:04:57+00:00\",\"dateModified\":\"2025-03-10T08:29:18+00:00\",\"breadcrumb\":{\"@id\":\"https:\/\/www.waterair.com\/fr\/contact#breadcrumb\"},\"inLanguage\":\"fr-FR\",\"potentialAction\":[{\"@type\":\"ReadAction\",\"target\":[\"https:\/\/www.waterair.com\/fr\/contact\"]}]},{\"@type\":\"BreadcrumbList\",\"@id\":\"https:\/\/www.waterair.com\/fr\/contact#breadcrumb\",\"itemListElement\":[{\"@type\":\"ListItem\",\"position\":1,\"name\":\"Accueil\",\"item\":\"https:\/\/www.waterair.com\/fr\"},{\"@type\":\"ListItem\",\"position\":2,\"name\":\"Contact\"}]},{\"@type\":\"WebSite\",\"@id\":\"https:\/\/www.waterair.com\/fr\/#website\",\"url\":\"https:\/\/www.waterair.com\/fr\/\",\"name\":\"Piscines Waterair\",\"description\":\"\",\"potentialAction\":[{\"@type\":\"SearchAction\",\"target\":{\"@type\":\"EntryPoint\",\"urlTemplate\":\"https:\/\/www.waterair.com\/fr\/?s={search_term_string}\"},\"query-input\":{\"@type\":\"PropertyValueSpecification\",\"valueRequired\":true,\"valueName\":\"search_term_string\"}}],\"inLanguage\":\"fr-FR\"}]}<\/script>\n<!-- \/ Yoast SEO Premium plugin. -->","yoast_head_json":{"title":"Contact | Piscines Waterair","robots":{"index":"index","follow":"follow","max-snippet":"max-snippet:-1","max-image-preview":"max-image-preview:large","max-video-preview":"max-video-preview:-1"},"canonical":"https:\/\/www.waterair.com\/fr\/contact","og_locale":"fr_FR","og_type":"article","og_title":"Contact","og_url":"https:\/\/www.waterair.com\/fr\/contact","og_site_name":"Piscines Waterair","article_modified_time":"2025-03-10T08:29:18+00:00","twitter_card":"summary_large_image","twitter_misc":{"Dur\u00e9e de lecture estim\u00e9e":"2 minutes"},"schema":{"@context":"https:\/\/schema.org","@graph":[{"@type":"WebPage","@id":"https:\/\/www.waterair.com\/fr\/contact","url":"https:\/\/www.waterair.com\/fr\/contact","name":"Contact | Piscines Waterair","isPartOf":{"@id":"https:\/\/www.waterair.com\/fr\/#website"},"datePublished":"2021-09-15T08:04:57+00:00","dateModified":"2025-03-10T08:29:18+00:00","breadcrumb":{"@id":"https:\/\/www.waterair.com\/fr\/contact#breadcrumb"},"inLanguage":"fr-FR","potentialAction":[{"@type":"ReadAction","target":["https:\/\/www.waterair.com\/fr\/contact"]}]},{"@type":"BreadcrumbList","@id":"https:\/\/www.waterair.com\/fr\/contact#breadcrumb","itemListElement":[{"@type":"ListItem","position":1,"name":"Accueil","item":"https:\/\/www.waterair.com\/fr"},{"@type":"ListItem","position":2,"name":"Contact"}]},{"@type":"WebSite","@id":"https:\/\/www.waterair.com\/fr\/#website","url":"https:\/\/www.waterair.com\/fr\/","name":"Piscines Waterair","description":"","potentialAction":[{"@type":"SearchAction","target":{"@type":"EntryPoint","urlTemplate":"https:\/\/www.waterair.com\/fr\/?s={search_term_string}"},"query-input":{"@type":"PropertyValueSpecification","valueRequired":true,"valueName":"search_term_string"}}],"inLanguage":"fr-FR"}]}},"_links":{"self":[{"href":"https:\/\/www.waterair.com\/fr\/wp-json\/wp\/v2\/pages\/2488","targetHints":{"allow":["GET"]}}],"collection":[{"href":"https:\/\/www.waterair.com\/fr\/wp-json\/wp\/v2\/pages"}],"about":[{"href":"https:\/\/www.waterair.com\/fr\/wp-json\/wp\/v2\/types\/page"}],"author":[{"embeddable":true,"href":"https:\/\/www.waterair.com\/fr\/wp-json\/wp\/v2\/users\/1"}],"replies":[{"embeddable":true,"href":"https:\/\/www.waterair.com\/fr\/wp-json\/wp\/v2\/comments?post=2488"}],"version-history":[{"count":5,"href":"https:\/\/www.waterair.com\/fr\/wp-json\/wp\/v2\/pages\/2488\/revisions"}],"predecessor-version":[{"id":491576,"href":"https:\/\/www.waterair.com\/fr\/wp-json\/wp\/v2\/pages\/2488\/revisions\/491576"}],"wp:attachment":[{"href":"https:\/\/www.waterair.com\/fr\/wp-json\/wp\/v2\/media?parent=2488"}],"curies":[{"name":"wp","href":"https:\/\/api.w.org\/{rel}","templated":true}]}}