{"id":361625,"date":"2023-10-04T09:07:49","date_gmt":"2023-10-04T07:07:49","guid":{"rendered":"https:\/\/www.waterair.com\/?page_id=361625"},"modified":"2025-11-26T16:41:17","modified_gmt":"2025-11-26T15:41:17","slug":"temoignage-damandine","status":"publish","type":"page","link":"https:\/\/www.waterair.com\/fr\/temoignages\/temoignage-amandine","title":{"rendered":"T\u00e9moignage d&rsquo;Amandine"},"content":{"rendered":"<div class=\"container block--core-paragraph\"><div class=\"row\"><div class=\"col-12 \">\n<p><\/p>\n<\/div><\/div><\/div>\n\n<div class=\"container block--core-paragraph\"><div class=\"row\"><div class=\"col-12 \">\n<p>Avis client, t\u00e9moignage : retrouvez aujourd&rsquo;hui en vid\u00e9o le t\u00e9moignage d&rsquo; Amandine (38). <\/p>\n<\/div><\/div><\/div>\n\n<div class=\"container block--core-paragraph\"><div class=\"row\"><div class=\"col-12 \">\n<p>Amandine souhaitait une piscine capable de s\u2019int\u00e9grer au d\u00e9cor qu\u2019ils avaient imagin\u00e9 lors de la r\u00e9novation de leur jardin. Pour une implantation naturelle ils ont choisi le <strong>mod\u00e8le Eva 7 <\/strong>dont la <strong>forme et la taille correspondaient parfaitement \u00e0 leurs attentes !<\/strong><\/p>\n<\/div><\/div><\/div>\n\n<div data-wa=\"fade-up\"  class=\"block-media  content-block\">\n\t\t\t<div class=\"container\">\n\t\t\t<div class=\"row\">\n\t\t\t\t<div class=\"col-12 col-md-10 offset-md-1\">\n                                            <div class=\"content-block__media\">\n                                                                                                <button\n                                            class=\"content-block__button\"\n                                            data-video='{\"provider\": \"youtube\", \"id\": \"pDTka87SI3Q\", \"poster\": \"https:\/\/www.waterair.com\/wp-content\/uploads\/2023\/10\/temoignage-amandine-1340x1260.png\"}'\n                                    >\n                                        Voir la vid\u00e9o                                        <i class=\"app-icon app-icon-play-fill app-icon--sm\"><\/i>\n                                    <\/button>\n                                \n                                <img decoding=\"async\"\n                                        src=\"https:\/\/www.waterair.com\/wp-content\/uploads\/2023\/10\/temoignage-amandine-920x432.png\"\n                                        srcset=\"https:\/\/www.waterair.com\/wp-content\/uploads\/2023\/10\/temoignage-amandine-1840x864.png 2x\"\n                                        alt=\"\"\n                                >\n                                                    <\/div>\n                                    <\/div>\n\t\t\t<\/div>\n\t\t<\/div>\n                    <script type=\"application\/ld+json\">\n    {\n        \"@context\": \"http:\/\/schema.org\",\n        \"@type\": \"WebPage\",\n        \"video\":\n        {\n            \"@type\": \"VideoObject\",\n            \"name\": \"Nos clients t\u00e9moignent ... \u00e9pisode 13\",\n            \"description\": \"Nos clients t\u00e9moignent ... \u00e9pisode 13\",\n            \"thumbnailUrl\": \"https:\/\/i.ytimg.com\/vi\/pDTka87SI3Q\/hqdefault.jpg\",\n            \"uploadDate\": \"2026-05-11\",\n                        \"contentUrl\": \"https:\/\/www.youtube.com\/embed\/pDTka87SI3Q\"\n        }\n    }\n<\/script>\n        \t<\/div>\n","protected":false},"excerpt":{"rendered":"<p>Avis client, t\u00e9moignage : retrouvez aujourd&rsquo;hui en vid\u00e9o le t\u00e9moignage d&rsquo; Amandine (38). Amandine souhaitait une piscine capable de s\u2019int\u00e9grer au d\u00e9cor qu\u2019ils avaient imagin\u00e9 lors de la r\u00e9novation de leur jardin. Pour une implantation naturelle ils ont choisi le mod\u00e8le Eva 7 dont la forme et la taille correspondaient parfaitement \u00e0 leurs attentes !<\/p>\n","protected":false},"author":10,"featured_media":361633,"parent":33213,"menu_order":0,"comment_status":"closed","ping_status":"closed","template":"","meta":{"_acf_changed":false,"om_disable_all_campaigns":false,"footnotes":""},"class_list":["post-361625","page","type-page","status-publish","has-post-thumbnail","hentry"],"acf":[],"yoast_head":"<!-- This site is optimized with the Yoast SEO Premium plugin v25.4 (Yoast SEO v27.2) - https:\/\/yoast.com\/product\/yoast-seo-premium-wordpress\/ -->\n<title>T\u00e9moignage d&#039;Amandine | Piscines Waterair<\/title>\n<meta name=\"robots\" content=\"index, follow, max-snippet:-1, max-image-preview:large, max-video-preview:-1\" \/>\n<link rel=\"canonical\" href=\"https:\/\/www.waterair.com\/fr\/temoignages\/temoignage-amandine\" \/>\n<meta property=\"og:locale\" content=\"fr_FR\" \/>\n<meta property=\"og:type\" content=\"article\" \/>\n<meta property=\"og:title\" content=\"T\u00e9moignage d&#039;Amandine\" \/>\n<meta property=\"og:description\" content=\"Avis client, t\u00e9moignage : retrouvez aujourd&rsquo;hui en vid\u00e9o le t\u00e9moignage d&rsquo; Amandine (38). Amandine souhaitait une piscine capable de s\u2019int\u00e9grer au d\u00e9cor qu\u2019ils avaient imagin\u00e9 lors de la r\u00e9novation de leur jardin. Pour une implantation naturelle ils ont choisi le mod\u00e8le Eva 7 dont la forme et la taille correspondaient parfaitement \u00e0 leurs attentes !\" \/>\n<meta property=\"og:url\" content=\"https:\/\/www.waterair.com\/fr\/temoignages\/temoignage-amandine\" \/>\n<meta property=\"og:site_name\" content=\"Piscines Waterair\" \/>\n<meta property=\"article:modified_time\" content=\"2025-11-26T15:41:17+00:00\" \/>\n<meta property=\"og:image\" content=\"https:\/\/www.waterair.com\/wp-content\/uploads\/2023\/10\/temoignage-amandine.png\" \/>\n\t<meta property=\"og:image:width\" content=\"640\" \/>\n\t<meta property=\"og:image:height\" content=\"301\" \/>\n\t<meta property=\"og:image:type\" content=\"image\/png\" \/>\n<meta name=\"twitter:card\" content=\"summary_large_image\" \/>\n<meta name=\"twitter:label1\" content=\"Dur\u00e9e de lecture estim\u00e9e\" \/>\n\t<meta name=\"twitter:data1\" content=\"1 minute\" \/>\n<script type=\"application\/ld+json\" class=\"yoast-schema-graph\">{\"@context\":\"https:\/\/schema.org\",\"@graph\":[{\"@type\":\"WebPage\",\"@id\":\"https:\/\/www.waterair.com\/fr\/temoignages\/temoignage-amandine\",\"url\":\"https:\/\/www.waterair.com\/fr\/temoignages\/temoignage-amandine\",\"name\":\"T\u00e9moignage d'Amandine | Piscines Waterair\",\"isPartOf\":{\"@id\":\"https:\/\/www.waterair.com\/fr\/#website\"},\"primaryImageOfPage\":{\"@id\":\"https:\/\/www.waterair.com\/fr\/temoignages\/temoignage-amandine#primaryimage\"},\"image\":{\"@id\":\"https:\/\/www.waterair.com\/fr\/temoignages\/temoignage-amandine#primaryimage\"},\"thumbnailUrl\":\"https:\/\/www.waterair.com\/wp-content\/uploads\/2023\/10\/temoignage-amandine.png\",\"datePublished\":\"2023-10-04T07:07:49+00:00\",\"dateModified\":\"2025-11-26T15:41:17+00:00\",\"breadcrumb\":{\"@id\":\"https:\/\/www.waterair.com\/fr\/temoignages\/temoignage-amandine#breadcrumb\"},\"inLanguage\":\"fr-FR\",\"potentialAction\":[{\"@type\":\"ReadAction\",\"target\":[\"https:\/\/www.waterair.com\/fr\/temoignages\/temoignage-amandine\"]}]},{\"@type\":\"ImageObject\",\"inLanguage\":\"fr-FR\",\"@id\":\"https:\/\/www.waterair.com\/fr\/temoignages\/temoignage-amandine#primaryimage\",\"url\":\"https:\/\/www.waterair.com\/wp-content\/uploads\/2023\/10\/temoignage-amandine.png\",\"contentUrl\":\"https:\/\/www.waterair.com\/wp-content\/uploads\/2023\/10\/temoignage-amandine.png\",\"width\":1905,\"height\":895},{\"@type\":\"BreadcrumbList\",\"@id\":\"https:\/\/www.waterair.com\/fr\/temoignages\/temoignage-amandine#breadcrumb\",\"itemListElement\":[{\"@type\":\"ListItem\",\"position\":1,\"name\":\"Accueil\",\"item\":\"https:\/\/www.waterair.com\/fr\"},{\"@type\":\"ListItem\",\"position\":2,\"name\":\"Construction de piscine : nos clients t\u00e9moignent\",\"item\":\"https:\/\/www.waterair.com\/fr\/temoignages\"},{\"@type\":\"ListItem\",\"position\":3,\"name\":\"T\u00e9moignage d&rsquo;Amandine\"}]},{\"@type\":\"WebSite\",\"@id\":\"https:\/\/www.waterair.com\/fr\/#website\",\"url\":\"https:\/\/www.waterair.com\/fr\/\",\"name\":\"Piscines Waterair\",\"description\":\"\",\"potentialAction\":[{\"@type\":\"SearchAction\",\"target\":{\"@type\":\"EntryPoint\",\"urlTemplate\":\"https:\/\/www.waterair.com\/fr\/?s={search_term_string}\"},\"query-input\":{\"@type\":\"PropertyValueSpecification\",\"valueRequired\":true,\"valueName\":\"search_term_string\"}}],\"inLanguage\":\"fr-FR\"}]}<\/script>\n<!-- \/ Yoast SEO Premium plugin. -->","yoast_head_json":{"title":"T\u00e9moignage d'Amandine | Piscines Waterair","robots":{"index":"index","follow":"follow","max-snippet":"max-snippet:-1","max-image-preview":"max-image-preview:large","max-video-preview":"max-video-preview:-1"},"canonical":"https:\/\/www.waterair.com\/fr\/temoignages\/temoignage-amandine","og_locale":"fr_FR","og_type":"article","og_title":"T\u00e9moignage d'Amandine","og_description":"Avis client, t\u00e9moignage : retrouvez aujourd&rsquo;hui en vid\u00e9o le t\u00e9moignage d&rsquo; Amandine (38). Amandine souhaitait une piscine capable de s\u2019int\u00e9grer au d\u00e9cor qu\u2019ils avaient imagin\u00e9 lors de la r\u00e9novation de leur jardin. Pour une implantation naturelle ils ont choisi le mod\u00e8le Eva 7 dont la forme et la taille correspondaient parfaitement \u00e0 leurs attentes !","og_url":"https:\/\/www.waterair.com\/fr\/temoignages\/temoignage-amandine","og_site_name":"Piscines Waterair","article_modified_time":"2025-11-26T15:41:17+00:00","og_image":[{"url":"https:\/\/www.waterair.com\/wp-content\/uploads\/2023\/10\/temoignage-amandine.png","width":640,"height":301,"type":"image\/png"}],"twitter_card":"summary_large_image","twitter_misc":{"Dur\u00e9e de lecture estim\u00e9e":"1 minute"},"schema":{"@context":"https:\/\/schema.org","@graph":[{"@type":"WebPage","@id":"https:\/\/www.waterair.com\/fr\/temoignages\/temoignage-amandine","url":"https:\/\/www.waterair.com\/fr\/temoignages\/temoignage-amandine","name":"T\u00e9moignage d'Amandine | Piscines Waterair","isPartOf":{"@id":"https:\/\/www.waterair.com\/fr\/#website"},"primaryImageOfPage":{"@id":"https:\/\/www.waterair.com\/fr\/temoignages\/temoignage-amandine#primaryimage"},"image":{"@id":"https:\/\/www.waterair.com\/fr\/temoignages\/temoignage-amandine#primaryimage"},"thumbnailUrl":"https:\/\/www.waterair.com\/wp-content\/uploads\/2023\/10\/temoignage-amandine.png","datePublished":"2023-10-04T07:07:49+00:00","dateModified":"2025-11-26T15:41:17+00:00","breadcrumb":{"@id":"https:\/\/www.waterair.com\/fr\/temoignages\/temoignage-amandine#breadcrumb"},"inLanguage":"fr-FR","potentialAction":[{"@type":"ReadAction","target":["https:\/\/www.waterair.com\/fr\/temoignages\/temoignage-amandine"]}]},{"@type":"ImageObject","inLanguage":"fr-FR","@id":"https:\/\/www.waterair.com\/fr\/temoignages\/temoignage-amandine#primaryimage","url":"https:\/\/www.waterair.com\/wp-content\/uploads\/2023\/10\/temoignage-amandine.png","contentUrl":"https:\/\/www.waterair.com\/wp-content\/uploads\/2023\/10\/temoignage-amandine.png","width":1905,"height":895},{"@type":"BreadcrumbList","@id":"https:\/\/www.waterair.com\/fr\/temoignages\/temoignage-amandine#breadcrumb","itemListElement":[{"@type":"ListItem","position":1,"name":"Accueil","item":"https:\/\/www.waterair.com\/fr"},{"@type":"ListItem","position":2,"name":"Construction de piscine : nos clients t\u00e9moignent","item":"https:\/\/www.waterair.com\/fr\/temoignages"},{"@type":"ListItem","position":3,"name":"T\u00e9moignage d&rsquo;Amandine"}]},{"@type":"WebSite","@id":"https:\/\/www.waterair.com\/fr\/#website","url":"https:\/\/www.waterair.com\/fr\/","name":"Piscines Waterair","description":"","potentialAction":[{"@type":"SearchAction","target":{"@type":"EntryPoint","urlTemplate":"https:\/\/www.waterair.com\/fr\/?s={search_term_string}"},"query-input":{"@type":"PropertyValueSpecification","valueRequired":true,"valueName":"search_term_string"}}],"inLanguage":"fr-FR"}]}},"_links":{"self":[{"href":"https:\/\/www.waterair.com\/fr\/wp-json\/wp\/v2\/pages\/361625","targetHints":{"allow":["GET"]}}],"collection":[{"href":"https:\/\/www.waterair.com\/fr\/wp-json\/wp\/v2\/pages"}],"about":[{"href":"https:\/\/www.waterair.com\/fr\/wp-json\/wp\/v2\/types\/page"}],"author":[{"embeddable":true,"href":"https:\/\/www.waterair.com\/fr\/wp-json\/wp\/v2\/users\/10"}],"replies":[{"embeddable":true,"href":"https:\/\/www.waterair.com\/fr\/wp-json\/wp\/v2\/comments?post=361625"}],"version-history":[{"count":4,"href":"https:\/\/www.waterair.com\/fr\/wp-json\/wp\/v2\/pages\/361625\/revisions"}],"predecessor-version":[{"id":549347,"href":"https:\/\/www.waterair.com\/fr\/wp-json\/wp\/v2\/pages\/361625\/revisions\/549347"}],"up":[{"embeddable":true,"href":"https:\/\/www.waterair.com\/fr\/wp-json\/wp\/v2\/pages\/33213"}],"wp:featuredmedia":[{"embeddable":true,"href":"https:\/\/www.waterair.com\/fr\/wp-json\/wp\/v2\/media\/361633"}],"wp:attachment":[{"href":"https:\/\/www.waterair.com\/fr\/wp-json\/wp\/v2\/media?parent=361625"}],"curies":[{"name":"wp","href":"https:\/\/api.w.org\/{rel}","templated":true}]}}