{"id":372318,"date":"2023-12-19T11:23:06","date_gmt":"2023-12-19T10:23:06","guid":{"rendered":"https:\/\/www.waterair.com\/?page_id=372318"},"modified":"2026-02-02T14:44:33","modified_gmt":"2026-02-02T13:44:33","slug":"premier-traitement-piscine","status":"publish","type":"page","link":"https:\/\/www.waterair.com\/fr\/conseils\/entretien-traitement-eau\/premier-traitement-piscine","title":{"rendered":"Comment traiter une piscine pour la premi\u00e8re fois\u202f ?"},"content":{"rendered":"<div class=\"container block--core-paragraph\"><div class=\"row\"><div class=\"col-12 \">\n<p><\/p>\n<\/div><\/div><\/div>\n\n<div class=\"container block--core-paragraph\"><div class=\"row\"><div class=\"col-12 \">\n<p><em>\u00c0 la mise en eau de votre piscine, vous devez r\u00e9aliser une s\u00e9rie d\u2019\u00e9tapes qui garantissent une eau claire et saine. Remplissage, filtration, purification\u202f: suivez nos conseils pour ex\u00e9cuter ce processus sereinement et en profiter toute la saison.&nbsp;<\/em>&nbsp;<\/p>\n<\/div><\/div><\/div>\n\n<div  class=\"block-content-media  content-block   has-no-title\">\n            <div class=\"container\">\n            <div class=\"row\">\n                <div class=\"col\">\n                    <div class=\"row flex-column flex-md-row \">\n                        <div class=\"content-block__col col-12 d-flex flex-column align-items-md-start order-lg-2\">\n                                                                                                                                                <div data-wa=\"fade-up\" data-wa-delay=\"400\" class=\"content-block__description text--sm text-weight--300 mb-0\">\n                                    <h2>1. Mettre l\u2019eau au bon niveau<\/h2>\n<p>D\u00e8s le liner pos\u00e9, vous allez remplir votre piscine. Cette \u00e9tape permet non seulement de plaquer d\u00e9finitivement le rev\u00eatement, mais elle constitue \u00e9galement la premi\u00e8re phase de mise en route de votre piscine. Pour cela, rien de plus simple, il suffit de connecter un tuyau de jardinage suffisamment long \u00e0 un robinet d\u2019eau. <strong>Remplissez ensuite le bassin jusqu\u2019\u00e0 ce que la ligne d\u2019eau atteigne la moiti\u00e9 du skimmer.<\/strong><\/p>\n<p>Pour que la filtration fonctionne de mani\u00e8re optimale, le niveau d\u2019eau ne doit pas \u00eatre trop bas, sous peine d\u2019assister \u00e0 un d\u00e9samor\u00e7age de la pompe. \u00c0 l\u2019inverse, un niveau trop haut emp\u00eache une aspiration correcte des impuret\u00e9s par le skimmer.<\/p>\n<h2>2. Mettre le coffret \u00e9lectrique sous tension et d\u00e9marrer la filtration<\/h2>\n<p>Th\u00e9oriquement, \u00e0 cette \u00e9tape de la proc\u00e9dure, l\u2019alimentation \u00e9lectrique du syst\u00e8me de filtration doit \u00eatre coup\u00e9e. Mettez le dispositif sous tension et votre installation de <a href=\"https:\/\/www.waterair.com\/fr\/piscines-et-equipements\/equipements\/filtration-de-piscine\">filtration de piscine<\/a> en route. Si cette derni\u00e8re se trouve au-dessus du niveau d\u2019eau du bassin, vous devrez remplir le pr\u00e9filtre de la pompe d\u2019eau.<\/p>\n<p><strong>Fermez la vanne des skimmers, ouvrez celle de la bonde de fond et du refoulement et mettez la vanne\u202f6 voies sur \u00ab\u202ffiltration\u202f\u00bb.<\/strong> Au d\u00e9but, la pompe aspire de l\u2019air, mais vous devriez rapidement voir l\u2019eau arriver. Apr\u00e8s cette \u00e9tape, ouvrez la vanne des skimmers pour que le syst\u00e8me finisse de s\u2019amorcer. Contr\u00f4lez que le processus se d\u00e9roule normalement en surveillant la pression du manom\u00e8tre.<\/p>\n<h2>3. Effectuer un traitement choc obligatoire<\/h2>\n<p>Une fois la mise en route correctement effectu\u00e9e, il faut traiter l\u2019eau. Cette proc\u00e9dure est <strong>obligatoire pour ne pas voir le bassin se troubler au bout de quelques jours seulement<\/strong>. Pour cela, vous nous conseillons d\u2019opter pour un produit pr\u00e9dos\u00e9 qui vous permet d\u2019utiliser la juste quantit\u00e9.<\/p>\n<p><a href=\"https:\/\/www.waterair.com\/fr\/boutique\/entretien\/produits-de-traitement\/easy-clear-c.html\">\u200bEasy Clear C<\/a> contient 65\u202f% de chlore minimum et est propos\u00e9 en sachet de 300\u202fgrammes. 1 sachet permet de traiter 20\u202fm3 d\u2019eau. Si la temp\u00e9rature est sup\u00e9rieure \u00e0 20\u202f\u00b0C, r\u00e9pandez les granul\u00e9s directement sur la surface de la piscine. Sinon, dissolvez les granul\u00e9s dans de l\u2019eau ti\u00e8de (dans un arrosoir par exemple). Pr\u00e9voyez 100\u202fg pour 10\u202fL d\u2019eau. Remuez pour faire fondre les granul\u00e9s, tout en vous prot\u00e9geant des projections. D\u00e9versez cette solution dans la piscine. Puis, laissez la filtration tourner et patientez 24\u202fh avant la suite des op\u00e9rations.<\/p>\n<h2>4. D\u00e9sinfecter l\u2019eau\u202f: une \u00e9tape indispensable<\/h2>\n<p>Une fois l\u2019eau d\u00e9barrass\u00e9e des impuret\u00e9s gr\u00e2ce au traitement de d\u00e9marrage, <strong>il convient d\u2019assurer un entretien r\u00e9gulier<\/strong>. Celui-ci conserve les propri\u00e9t\u00e9s cristallines de l\u2019eau et vous offre une baignade dans un environnement propre au quotidien.<\/p>\n<p><a href=\"https:\/\/www.waterair.com\/fr\/boutique\/entretien\/produits-de-traitement\/traitement-easy-pool-2.html\">\u200b\u200bEasy Pool\u202f2<\/a> est une formule exclusive d\u00e9velopp\u00e9e pour pr\u00e9server les \u00e9quipements et le liner. Simple d\u2019utilisation, ce produit vous offre <strong>un traitement efficace et longue dur\u00e9e<\/strong>. Il suffit de d\u00e9poser un sachet dans le panier du skimmer et de verser 1\/8 du bidon devant les buses de refoulement. Si le volume de votre piscine est sup\u00e9rieur \u00e0 20\u202fm3, placez deux sachets et versez 1\/4 du bidon. Votre bassin est alors prot\u00e9g\u00e9 pour deux semaines.<\/p>\n<h2>5. Contr\u00f4ler et r\u00e9guler le pH<\/h2>\n<p>Pour garantir l\u2019efficacit\u00e9 des traitements et le confort de votre baignade, vous devez \u00e9galement v\u00e9rifier le pH de l\u2019eau. Id\u00e9alement, pour \u00e9viter une irritation des yeux et une bonne d\u00e9sinfection, <strong>celui-ci doit \u00eatre compris entre 7 et 7,4. <\/strong><\/p>\n<p>Si le pH est trop \u00e9lev\u00e9, utilisez le correcteur <a href=\"https:\/\/www.waterair.com\/fr\/boutique\/entretien\/regulation-du-ph\/regulation-ph-easy-minus.html\">\u200b\u200bEasy Minus<\/a>. S\u2019il est trop faible, ajustez-le avec <a href=\"https:\/\/www.waterair.com\/fr\/boutique\/entretien\/regulation-du-ph\/regulation-ph-easy-plus.html\">\u200bEasy Plus<\/a>. Nager, plonger, jouer dans l\u2019eau entra\u00eene une r\u00e9action chimique qui fait naturellement augmenter le pH. Vous devez donc r\u00e9guli\u00e8rement le v\u00e9rifier et le corriger, si n\u00e9cessaire.<\/p>\n<h2>6. Ajouter du sel et mettre en route l\u2019\u00e9lectrolyseur (uniquement pour les piscines au sel)<\/h2>\n<p>Vous poss\u00e9dez une piscine au sel\u202f? \u200bUn mois apr\u00e8s le traitement Easy Pool\u202f2, placez la quantit\u00e9 de sel ad\u00e9quate dans votre piscine. Pour cela, <strong>comptez 5\u202fkg de sel par m3 d\u2019eau<\/strong>. Une fois le sel dissous, vous pouvez mettre en route <a href=\"https:\/\/www.waterair.com\/fr\/piscines-et-equipements\/les-lignes-d-equipements-des-piscines-waterair\/waterair-ecowat-ligne-dequipements-pour-piscine\">votre \u200b\u200b\u00e9lectrolyseur.<\/a><\/p>\n                                <\/div>\n                                                                                        <div data-wa=\"fade-up\" data-wa-delay=\"500\">\n                                                                    <\/div>\n                                                    <\/div>\n                                            <\/div>\n                <\/div>\n            <\/div>\n        <\/div>\n    <\/div>\n\n<div  class=\"block-links  content-block\">\n\t\t\t\t\t\t<div class=\"container mb-md-8 mb-4\">\n\t\t\t\t<div class=\"row align-items-end\">\n\t\t\t\t\t<div class=\"col-12\">\n\t\t\t\t\t\t\t\t\t\t\t\t\t<h2 data-wa=\"fade-up\" class=\"content-block__title mb-0\">Pour aller plus loin<\/h2>\n\t\t\t\t\t\t\t\t\t\t\t\t\t\t\t\t\t<\/div>\n\t\t\t\t\t\t\t\t\t<\/div>\n\t\t\t<\/div>\n\t\t\t\t\t\t\t<div data-wa=\"fade-up\" data-wa-delay=\"300\" class=\"content-block__slider splide\" data-splide>\n\t\t\t\t<div class=\"splide__track\">\n\t\t\t\t\t<div class=\"splide__list\">\n\t\t\t\t\t\t\t\t\t\t\t\t\t\t\t\t\t\t\t\t\t<a data-wa=\"fade-up\" href=\"https:\/\/www.waterair.com\/fr\/conseils\/entretien-traitement-eau\/doser-chlore-piscine\" class=\"item-card is-size-card splide__slide \">\n\t<div class=\"item-card__infos item-card__infos--simple\">\n\t\t<h3 class=\"item-card__title mb-0 c-white\">Comment doser le taux de chlore de sa piscine ?<\/h3>\n\t\t\t<\/div>\n\t\t<img loading=\"lazy\" decoding=\"async\" width=\"540\" height=\"540\" src=\"https:\/\/www.waterair.com\/wp-content\/uploads\/2025\/11\/mini-piscine-rectangle-escalier-terrasse-beton-gris-540x540.webp\" class=\"attachment-card size-card\" alt=\"mini piscine rectangle escalier terrasse b\u00e9ton gris\" srcset=\"https:\/\/www.waterair.com\/wp-content\/uploads\/2025\/11\/mini-piscine-rectangle-escalier-terrasse-beton-gris-540x540.webp 540w, https:\/\/www.waterair.com\/wp-content\/uploads\/2025\/11\/mini-piscine-rectangle-escalier-terrasse-beton-gris-1080x1080.webp 1080w, https:\/\/www.waterair.com\/wp-content\/uploads\/2025\/11\/mini-piscine-rectangle-escalier-terrasse-beton-gris-480x480.webp 480w, https:\/\/www.waterair.com\/wp-content\/uploads\/2025\/11\/mini-piscine-rectangle-escalier-terrasse-beton-gris-240x240.webp 240w, https:\/\/www.waterair.com\/wp-content\/uploads\/2025\/11\/mini-piscine-rectangle-escalier-terrasse-beton-gris-150x150.webp 150w, https:\/\/www.waterair.com\/wp-content\/uploads\/2025\/11\/mini-piscine-rectangle-escalier-terrasse-beton-gris-75x75.webp 75w, https:\/\/www.waterair.com\/wp-content\/uploads\/2025\/11\/mini-piscine-rectangle-escalier-terrasse-beton-gris-780x780.webp 780w, https:\/\/www.waterair.com\/wp-content\/uploads\/2025\/11\/mini-piscine-rectangle-escalier-terrasse-beton-gris-390x390.webp 390w, https:\/\/www.waterair.com\/wp-content\/uploads\/2025\/11\/mini-piscine-rectangle-escalier-terrasse-beton-gris-320x320.webp 320w, https:\/\/www.waterair.com\/wp-content\/uploads\/2025\/11\/mini-piscine-rectangle-escalier-terrasse-beton-gris-160x160.webp 160w\" sizes=\"auto, (max-width: 540px) 100vw, 540px\" \/><\/a>\t\t\t\t\t\t\t\t\t\t\t\t\t\t\t\t\t\t\t\t\t\t\t\t\t\t\t\t\t\t\t\t\t\t\t\t\t\t\t\t\t<a data-wa=\"fade-up\" href=\"https:\/\/www.waterair.com\/fr\/conseils\/chauffage-et-filtration\/duree-filtration\" class=\"item-card is-size-card splide__slide \">\n\t<div class=\"item-card__infos item-card__infos--simple\">\n\t\t<h3 class=\"item-card__title mb-0 c-white\">Quelle dur\u00e9e de filtration pour sa piscine ?<\/h3>\n\t\t\t<\/div>\n\t\t<img loading=\"lazy\" decoding=\"async\" width=\"540\" height=\"540\" src=\"https:\/\/www.waterair.com\/wp-content\/uploads\/2021\/11\/default-waterair-540x540.png\" class=\"attachment-card size-card\" alt=\"\" srcset=\"https:\/\/www.waterair.com\/wp-content\/uploads\/2021\/11\/default-waterair-540x540.png 540w, https:\/\/www.waterair.com\/wp-content\/uploads\/2021\/11\/default-waterair-1080x1080.png 1080w, https:\/\/www.waterair.com\/wp-content\/uploads\/2021\/11\/default-waterair-480x480.png 480w, https:\/\/www.waterair.com\/wp-content\/uploads\/2021\/11\/default-waterair-240x240.png 240w, https:\/\/www.waterair.com\/wp-content\/uploads\/2021\/11\/default-waterair-150x150.png 150w, https:\/\/www.waterair.com\/wp-content\/uploads\/2021\/11\/default-waterair-75x75.png 75w, https:\/\/www.waterair.com\/wp-content\/uploads\/2021\/11\/default-waterair-780x780.png 780w, https:\/\/www.waterair.com\/wp-content\/uploads\/2021\/11\/default-waterair-390x390.png 390w, https:\/\/www.waterair.com\/wp-content\/uploads\/2021\/11\/default-waterair-320x320.png 320w, https:\/\/www.waterair.com\/wp-content\/uploads\/2021\/11\/default-waterair-160x160.png 160w\" sizes=\"auto, (max-width: 540px) 100vw, 540px\" \/><\/a>\t\t\t\t\t\t\t\t\t\t\t\t\t\t\t\t\t\t<\/div>\n\t\t\t\t<\/div>\n\t\t\t<\/div>\n\t\t\t\t\t<\/div>","protected":false},"excerpt":{"rendered":"<p>\u00c0 la mise en eau de votre piscine, vous devez r\u00e9aliser une s\u00e9rie d\u2019\u00e9tapes qui garantissent une eau claire et saine. Remplissage, filtration, purification\u202f: suivez nos conseils pour ex\u00e9cuter ce processus sereinement et en profiter toute la saison.&nbsp;&nbsp;<\/p>\n","protected":false},"author":10,"featured_media":548448,"parent":377837,"menu_order":0,"comment_status":"closed","ping_status":"closed","template":"","meta":{"_acf_changed":false,"om_disable_all_campaigns":false,"footnotes":""},"class_list":["post-372318","page","type-page","status-publish","has-post-thumbnail","hentry"],"acf":[],"yoast_head":"<!-- This site is optimized with the Yoast SEO Premium plugin v25.4 (Yoast SEO v27.2) - https:\/\/yoast.com\/product\/yoast-seo-premium-wordpress\/ -->\n<title>Traiter sa piscine pour la premi\u00e8re fois en 6 \u00e9tapes | Piscines Waterair<\/title>\n<meta name=\"description\" content=\"Avec nos conseils, d\u00e9couvrez comment r\u00e9aliser la mise en eau de votre piscine \u00e9tape par \u00e9tape. Profitez ensuite des joies de la baignade tout l\u2019\u00e9t\u00e9.\" \/>\n<meta name=\"robots\" content=\"index, follow, max-snippet:-1, max-image-preview:large, max-video-preview:-1\" \/>\n<link rel=\"canonical\" href=\"https:\/\/www.waterair.com\/fr\/conseils\/entretien-traitement-eau\/premier-traitement-piscine\" \/>\n<meta property=\"og:locale\" content=\"fr_FR\" \/>\n<meta property=\"og:type\" content=\"article\" \/>\n<meta property=\"og:title\" content=\"Comment traiter une piscine pour la premi\u00e8re fois\u202f ?\" \/>\n<meta property=\"og:description\" content=\"Avec nos conseils, d\u00e9couvrez comment r\u00e9aliser la mise en eau de votre piscine \u00e9tape par \u00e9tape. Profitez ensuite des joies de la baignade tout l\u2019\u00e9t\u00e9.\" \/>\n<meta property=\"og:url\" content=\"https:\/\/www.waterair.com\/fr\/conseils\/entretien-traitement-eau\/premier-traitement-piscine\" \/>\n<meta property=\"og:site_name\" content=\"Piscines Waterair\" \/>\n<meta property=\"article:modified_time\" content=\"2026-02-02T13:44:33+00:00\" \/>\n<meta property=\"og:image\" content=\"https:\/\/www.waterair.com\/wp-content\/uploads\/2025\/11\/grande-piscine-haricot-plage-bois.webp\" \/>\n\t<meta property=\"og:image:width\" content=\"2720\" \/>\n\t<meta property=\"og:image:height\" content=\"640\" \/>\n\t<meta property=\"og:image:type\" content=\"image\/webp\" \/>\n<meta name=\"twitter:card\" content=\"summary_large_image\" \/>\n<meta name=\"twitter:label1\" content=\"Dur\u00e9e de lecture estim\u00e9e\" \/>\n\t<meta name=\"twitter:data1\" content=\"4 minutes\" \/>\n<script type=\"application\/ld+json\" class=\"yoast-schema-graph\">{\"@context\":\"https:\/\/schema.org\",\"@graph\":[{\"@type\":\"WebPage\",\"@id\":\"https:\/\/www.waterair.com\/fr\/conseils\/entretien-traitement-eau\/premier-traitement-piscine\",\"url\":\"https:\/\/www.waterair.com\/fr\/conseils\/entretien-traitement-eau\/premier-traitement-piscine\",\"name\":\"Traiter sa piscine pour la premi\u00e8re fois en 6 \u00e9tapes | Piscines Waterair\",\"isPartOf\":{\"@id\":\"https:\/\/www.waterair.com\/fr\/#website\"},\"primaryImageOfPage\":{\"@id\":\"https:\/\/www.waterair.com\/fr\/conseils\/entretien-traitement-eau\/premier-traitement-piscine#primaryimage\"},\"image\":{\"@id\":\"https:\/\/www.waterair.com\/fr\/conseils\/entretien-traitement-eau\/premier-traitement-piscine#primaryimage\"},\"thumbnailUrl\":\"https:\/\/www.waterair.com\/wp-content\/uploads\/2025\/11\/grande-piscine-haricot-plage-bois.webp\",\"datePublished\":\"2023-12-19T10:23:06+00:00\",\"dateModified\":\"2026-02-02T13:44:33+00:00\",\"description\":\"Avec nos conseils, d\u00e9couvrez comment r\u00e9aliser la mise en eau de votre piscine \u00e9tape par \u00e9tape. Profitez ensuite des joies de la baignade tout l\u2019\u00e9t\u00e9.\",\"breadcrumb\":{\"@id\":\"https:\/\/www.waterair.com\/fr\/conseils\/entretien-traitement-eau\/premier-traitement-piscine#breadcrumb\"},\"inLanguage\":\"fr-FR\",\"potentialAction\":[{\"@type\":\"ReadAction\",\"target\":[\"https:\/\/www.waterair.com\/fr\/conseils\/entretien-traitement-eau\/premier-traitement-piscine\"]}]},{\"@type\":\"ImageObject\",\"inLanguage\":\"fr-FR\",\"@id\":\"https:\/\/www.waterair.com\/fr\/conseils\/entretien-traitement-eau\/premier-traitement-piscine#primaryimage\",\"url\":\"https:\/\/www.waterair.com\/wp-content\/uploads\/2025\/11\/grande-piscine-haricot-plage-bois.webp\",\"contentUrl\":\"https:\/\/www.waterair.com\/wp-content\/uploads\/2025\/11\/grande-piscine-haricot-plage-bois.webp\",\"width\":2720,\"height\":640,\"caption\":\"grande piscine haricot plage bois\"},{\"@type\":\"BreadcrumbList\",\"@id\":\"https:\/\/www.waterair.com\/fr\/conseils\/entretien-traitement-eau\/premier-traitement-piscine#breadcrumb\",\"itemListElement\":[{\"@type\":\"ListItem\",\"position\":1,\"name\":\"Accueil\",\"item\":\"https:\/\/www.waterair.com\/fr\"},{\"@type\":\"ListItem\",\"position\":2,\"name\":\"Conseils piscine Waterair\",\"item\":\"https:\/\/www.waterair.com\/fr\/conseils\"},{\"@type\":\"ListItem\",\"position\":3,\"name\":\"Entretien et traitement de l&rsquo;eau\",\"item\":\"https:\/\/www.waterair.com\/fr\/conseils\/entretien-traitement-eau\"},{\"@type\":\"ListItem\",\"position\":4,\"name\":\"Comment traiter une piscine pour la premi\u00e8re fois\u202f ?\"}]},{\"@type\":\"WebSite\",\"@id\":\"https:\/\/www.waterair.com\/fr\/#website\",\"url\":\"https:\/\/www.waterair.com\/fr\/\",\"name\":\"Piscines Waterair\",\"description\":\"\",\"potentialAction\":[{\"@type\":\"SearchAction\",\"target\":{\"@type\":\"EntryPoint\",\"urlTemplate\":\"https:\/\/www.waterair.com\/fr\/?s={search_term_string}\"},\"query-input\":{\"@type\":\"PropertyValueSpecification\",\"valueRequired\":true,\"valueName\":\"search_term_string\"}}],\"inLanguage\":\"fr-FR\"}]}<\/script>\n<!-- \/ Yoast SEO Premium plugin. -->","yoast_head_json":{"title":"Traiter sa piscine pour la premi\u00e8re fois en 6 \u00e9tapes | Piscines Waterair","description":"Avec nos conseils, d\u00e9couvrez comment r\u00e9aliser la mise en eau de votre piscine \u00e9tape par \u00e9tape. Profitez ensuite des joies de la baignade tout l\u2019\u00e9t\u00e9.","robots":{"index":"index","follow":"follow","max-snippet":"max-snippet:-1","max-image-preview":"max-image-preview:large","max-video-preview":"max-video-preview:-1"},"canonical":"https:\/\/www.waterair.com\/fr\/conseils\/entretien-traitement-eau\/premier-traitement-piscine","og_locale":"fr_FR","og_type":"article","og_title":"Comment traiter une piscine pour la premi\u00e8re fois\u202f ?","og_description":"Avec nos conseils, d\u00e9couvrez comment r\u00e9aliser la mise en eau de votre piscine \u00e9tape par \u00e9tape. Profitez ensuite des joies de la baignade tout l\u2019\u00e9t\u00e9.","og_url":"https:\/\/www.waterair.com\/fr\/conseils\/entretien-traitement-eau\/premier-traitement-piscine","og_site_name":"Piscines Waterair","article_modified_time":"2026-02-02T13:44:33+00:00","og_image":[{"width":2720,"height":640,"url":"https:\/\/www.waterair.com\/wp-content\/uploads\/2025\/11\/grande-piscine-haricot-plage-bois.webp","type":"image\/webp"}],"twitter_card":"summary_large_image","twitter_misc":{"Dur\u00e9e de lecture estim\u00e9e":"4 minutes"},"schema":{"@context":"https:\/\/schema.org","@graph":[{"@type":"WebPage","@id":"https:\/\/www.waterair.com\/fr\/conseils\/entretien-traitement-eau\/premier-traitement-piscine","url":"https:\/\/www.waterair.com\/fr\/conseils\/entretien-traitement-eau\/premier-traitement-piscine","name":"Traiter sa piscine pour la premi\u00e8re fois en 6 \u00e9tapes | Piscines Waterair","isPartOf":{"@id":"https:\/\/www.waterair.com\/fr\/#website"},"primaryImageOfPage":{"@id":"https:\/\/www.waterair.com\/fr\/conseils\/entretien-traitement-eau\/premier-traitement-piscine#primaryimage"},"image":{"@id":"https:\/\/www.waterair.com\/fr\/conseils\/entretien-traitement-eau\/premier-traitement-piscine#primaryimage"},"thumbnailUrl":"https:\/\/www.waterair.com\/wp-content\/uploads\/2025\/11\/grande-piscine-haricot-plage-bois.webp","datePublished":"2023-12-19T10:23:06+00:00","dateModified":"2026-02-02T13:44:33+00:00","description":"Avec nos conseils, d\u00e9couvrez comment r\u00e9aliser la mise en eau de votre piscine \u00e9tape par \u00e9tape. Profitez ensuite des joies de la baignade tout l\u2019\u00e9t\u00e9.","breadcrumb":{"@id":"https:\/\/www.waterair.com\/fr\/conseils\/entretien-traitement-eau\/premier-traitement-piscine#breadcrumb"},"inLanguage":"fr-FR","potentialAction":[{"@type":"ReadAction","target":["https:\/\/www.waterair.com\/fr\/conseils\/entretien-traitement-eau\/premier-traitement-piscine"]}]},{"@type":"ImageObject","inLanguage":"fr-FR","@id":"https:\/\/www.waterair.com\/fr\/conseils\/entretien-traitement-eau\/premier-traitement-piscine#primaryimage","url":"https:\/\/www.waterair.com\/wp-content\/uploads\/2025\/11\/grande-piscine-haricot-plage-bois.webp","contentUrl":"https:\/\/www.waterair.com\/wp-content\/uploads\/2025\/11\/grande-piscine-haricot-plage-bois.webp","width":2720,"height":640,"caption":"grande piscine haricot plage bois"},{"@type":"BreadcrumbList","@id":"https:\/\/www.waterair.com\/fr\/conseils\/entretien-traitement-eau\/premier-traitement-piscine#breadcrumb","itemListElement":[{"@type":"ListItem","position":1,"name":"Accueil","item":"https:\/\/www.waterair.com\/fr"},{"@type":"ListItem","position":2,"name":"Conseils piscine Waterair","item":"https:\/\/www.waterair.com\/fr\/conseils"},{"@type":"ListItem","position":3,"name":"Entretien et traitement de l&rsquo;eau","item":"https:\/\/www.waterair.com\/fr\/conseils\/entretien-traitement-eau"},{"@type":"ListItem","position":4,"name":"Comment traiter une piscine pour la premi\u00e8re fois\u202f ?"}]},{"@type":"WebSite","@id":"https:\/\/www.waterair.com\/fr\/#website","url":"https:\/\/www.waterair.com\/fr\/","name":"Piscines Waterair","description":"","potentialAction":[{"@type":"SearchAction","target":{"@type":"EntryPoint","urlTemplate":"https:\/\/www.waterair.com\/fr\/?s={search_term_string}"},"query-input":{"@type":"PropertyValueSpecification","valueRequired":true,"valueName":"search_term_string"}}],"inLanguage":"fr-FR"}]}},"_links":{"self":[{"href":"https:\/\/www.waterair.com\/fr\/wp-json\/wp\/v2\/pages\/372318","targetHints":{"allow":["GET"]}}],"collection":[{"href":"https:\/\/www.waterair.com\/fr\/wp-json\/wp\/v2\/pages"}],"about":[{"href":"https:\/\/www.waterair.com\/fr\/wp-json\/wp\/v2\/types\/page"}],"author":[{"embeddable":true,"href":"https:\/\/www.waterair.com\/fr\/wp-json\/wp\/v2\/users\/10"}],"replies":[{"embeddable":true,"href":"https:\/\/www.waterair.com\/fr\/wp-json\/wp\/v2\/comments?post=372318"}],"version-history":[{"count":4,"href":"https:\/\/www.waterair.com\/fr\/wp-json\/wp\/v2\/pages\/372318\/revisions"}],"predecessor-version":[{"id":598203,"href":"https:\/\/www.waterair.com\/fr\/wp-json\/wp\/v2\/pages\/372318\/revisions\/598203"}],"up":[{"embeddable":true,"href":"https:\/\/www.waterair.com\/fr\/wp-json\/wp\/v2\/pages\/377837"}],"wp:featuredmedia":[{"embeddable":true,"href":"https:\/\/www.waterair.com\/fr\/wp-json\/wp\/v2\/media\/548448"}],"wp:attachment":[{"href":"https:\/\/www.waterair.com\/fr\/wp-json\/wp\/v2\/media?parent=372318"}],"curies":[{"name":"wp","href":"https:\/\/api.w.org\/{rel}","templated":true}]}}