{"id":408053,"date":"2024-04-25T14:56:43","date_gmt":"2024-04-25T12:56:43","guid":{"rendered":"https:\/\/www.waterair.com\/?page_id=408053"},"modified":"2025-11-26T17:08:42","modified_gmt":"2025-11-26T16:08:42","slug":"temoignage-de-mathieu","status":"publish","type":"page","link":"https:\/\/www.waterair.com\/fr\/avis-clients-2\/temoignage-de-mathieu","title":{"rendered":"T\u00e9moignage de Mathieu"},"content":{"rendered":"<div class=\"container block--core-paragraph\"><div class=\"row\"><div class=\"col-12 \">\n<p>Avis client, t\u00e9moignage : retrouvez aujourd&rsquo;hui en vid\u00e9o le t\u00e9moignage de Mathieu, au bord de sa piscine Waterair. <\/p>\n<\/div><\/div><\/div>\n\n<div class=\"container block--core-paragraph\"><div class=\"row\"><div class=\"col-12 \">\n<p>Il a opt\u00e9 pour la couverture Solae Waterair\u00ae, install\u00e9e sur sa piscine mod\u00e8le Cl\u00e9a. Il en est ravi et est serein depuis sa mise en place. Avec cette couverture, il r\u00e9cup\u00e8re des degr\u00e9s gr\u00e2ce au rayonnement du soleil, se facilite l&rsquo;entretien et l&rsquo;hivernage de sa piscine, s\u00e9curise le bassin. Il profite \u00e9galement de l\u2019esth\u00e9tique de sa piscine en \u00e9t\u00e9, mais aussi en hiver avec des panneaux opaques qui se confondent avec la plage. Il d\u00e9couvre facilement sa piscine gr\u00e2ce \u00e0 l\u2019Enrouleur D\u00e9rouleur qui enroule la couverture Solae Waterair\u00ae en moins de 3 minutes.<\/p>\n<\/div><\/div><\/div>\n\n<div data-wa=\"fade-up\"  class=\"block-media  content-block\">\n\t\t\t<div class=\"container\">\n\t\t\t<div class=\"row\">\n\t\t\t\t<div class=\"col-12 col-md-10 offset-md-1\">\n                                            <div class=\"content-block__media\">\n                                                                                                <button\n                                            class=\"content-block__button\"\n                                            data-video='{\"provider\": \"youtube\", \"id\": \"zvsnGvHrCKw\", \"poster\": \"https:\/\/www.waterair.com\/wp-content\/uploads\/2024\/04\/mathieu-1340x1260.png\"}'\n                                    >\n                                        Voir la vid\u00e9o                                        <i class=\"app-icon app-icon-play-fill app-icon--sm\"><\/i>\n                                    <\/button>\n                                \n                                <img decoding=\"async\"\n                                        src=\"https:\/\/www.waterair.com\/wp-content\/uploads\/2024\/04\/mathieu-920x560.png\"\n                                        srcset=\"https:\/\/www.waterair.com\/wp-content\/uploads\/2024\/04\/mathieu.png 2x\"\n                                        alt=\"\"\n                                >\n                                                    <\/div>\n                                    <\/div>\n\t\t\t<\/div>\n\t\t<\/div>\n                    <script type=\"application\/ld+json\">\n    {\n        \"@context\": \"http:\/\/schema.org\",\n        \"@type\": \"WebPage\",\n        \"video\":\n        {\n            \"@type\": \"VideoObject\",\n            \"name\": \"Nos clients t\u00e9moignent ... \u00e9pisode 3\",\n            \"description\": \"Nos clients t\u00e9moignent ... \u00e9pisode 3\",\n            \"thumbnailUrl\": \"https:\/\/i.ytimg.com\/vi\/zvsnGvHrCKw\/hqdefault.jpg\",\n            \"uploadDate\": \"2026-05-01\",\n                        \"contentUrl\": \"https:\/\/www.youtube.com\/embed\/zvsnGvHrCKw\"\n        }\n    }\n<\/script>\n        \t<\/div>\n","protected":false},"excerpt":{"rendered":"<p>Avis client, t\u00e9moignage : retrouvez aujourd&rsquo;hui en vid\u00e9o le t\u00e9moignage de Mathieu, au bord de sa piscine Waterair. Il a opt\u00e9 pour la couverture Solae Waterair\u00ae, install\u00e9e sur sa piscine mod\u00e8le Cl\u00e9a. Il en est ravi et est serein depuis sa mise en place. Avec cette couverture, il r\u00e9cup\u00e8re des degr\u00e9s gr\u00e2ce au rayonnement du [&hellip;]<\/p>\n","protected":false},"author":31,"featured_media":408054,"parent":33213,"menu_order":0,"comment_status":"closed","ping_status":"closed","template":"","meta":{"_acf_changed":false,"om_disable_all_campaigns":false,"footnotes":""},"class_list":["post-408053","page","type-page","status-publish","has-post-thumbnail","hentry"],"acf":[],"yoast_head":"<!-- This site is optimized with the Yoast SEO Premium plugin v25.4 (Yoast SEO v27.2) - https:\/\/yoast.com\/product\/yoast-seo-premium-wordpress\/ -->\n<title>T\u00e9moignage de Mathieu | Piscines Waterair<\/title>\n<meta name=\"robots\" content=\"index, follow, max-snippet:-1, max-image-preview:large, max-video-preview:-1\" \/>\n<link rel=\"canonical\" href=\"https:\/\/www.waterair.com\/fr\/avis-clients-2\/temoignage-de-mathieu\" \/>\n<meta property=\"og:locale\" content=\"fr_FR\" \/>\n<meta property=\"og:type\" content=\"article\" \/>\n<meta property=\"og:title\" content=\"T\u00e9moignage de Mathieu\" \/>\n<meta property=\"og:description\" content=\"Avis client, t\u00e9moignage : retrouvez aujourd&rsquo;hui en vid\u00e9o le t\u00e9moignage de Mathieu, au bord de sa piscine Waterair. Il a opt\u00e9 pour la couverture Solae Waterair\u00ae, install\u00e9e sur sa piscine mod\u00e8le Cl\u00e9a. Il en est ravi et est serein depuis sa mise en place. Avec cette couverture, il r\u00e9cup\u00e8re des degr\u00e9s gr\u00e2ce au rayonnement du [&hellip;]\" \/>\n<meta property=\"og:url\" content=\"https:\/\/www.waterair.com\/fr\/avis-clients-2\/temoignage-de-mathieu\" \/>\n<meta property=\"og:site_name\" content=\"Piscines Waterair\" \/>\n<meta property=\"article:modified_time\" content=\"2025-11-26T16:08:42+00:00\" \/>\n<meta property=\"og:image\" content=\"https:\/\/www.waterair.com\/wp-content\/uploads\/2024\/04\/mathieu.png\" \/>\n\t<meta property=\"og:image:width\" content=\"1509\" \/>\n\t<meta property=\"og:image:height\" content=\"918\" \/>\n\t<meta property=\"og:image:type\" content=\"image\/png\" \/>\n<meta name=\"twitter:card\" content=\"summary_large_image\" \/>\n<meta name=\"twitter:label1\" content=\"Dur\u00e9e de lecture estim\u00e9e\" \/>\n\t<meta name=\"twitter:data1\" content=\"2 minutes\" \/>\n<script type=\"application\/ld+json\" class=\"yoast-schema-graph\">{\"@context\":\"https:\/\/schema.org\",\"@graph\":[{\"@type\":\"WebPage\",\"@id\":\"https:\/\/www.waterair.com\/fr\/avis-clients-2\/temoignage-de-mathieu\",\"url\":\"https:\/\/www.waterair.com\/fr\/avis-clients-2\/temoignage-de-mathieu\",\"name\":\"T\u00e9moignage de Mathieu | Piscines Waterair\",\"isPartOf\":{\"@id\":\"https:\/\/www.waterair.com\/fr\/#website\"},\"primaryImageOfPage\":{\"@id\":\"https:\/\/www.waterair.com\/fr\/avis-clients-2\/temoignage-de-mathieu#primaryimage\"},\"image\":{\"@id\":\"https:\/\/www.waterair.com\/fr\/avis-clients-2\/temoignage-de-mathieu#primaryimage\"},\"thumbnailUrl\":\"https:\/\/www.waterair.com\/wp-content\/uploads\/2024\/04\/mathieu.png\",\"datePublished\":\"2024-04-25T12:56:43+00:00\",\"dateModified\":\"2025-11-26T16:08:42+00:00\",\"breadcrumb\":{\"@id\":\"https:\/\/www.waterair.com\/fr\/avis-clients-2\/temoignage-de-mathieu#breadcrumb\"},\"inLanguage\":\"fr-FR\",\"potentialAction\":[{\"@type\":\"ReadAction\",\"target\":[\"https:\/\/www.waterair.com\/fr\/avis-clients-2\/temoignage-de-mathieu\"]}]},{\"@type\":\"ImageObject\",\"inLanguage\":\"fr-FR\",\"@id\":\"https:\/\/www.waterair.com\/fr\/avis-clients-2\/temoignage-de-mathieu#primaryimage\",\"url\":\"https:\/\/www.waterair.com\/wp-content\/uploads\/2024\/04\/mathieu.png\",\"contentUrl\":\"https:\/\/www.waterair.com\/wp-content\/uploads\/2024\/04\/mathieu.png\",\"width\":1509,\"height\":918},{\"@type\":\"BreadcrumbList\",\"@id\":\"https:\/\/www.waterair.com\/fr\/avis-clients-2\/temoignage-de-mathieu#breadcrumb\",\"itemListElement\":[{\"@type\":\"ListItem\",\"position\":1,\"name\":\"Accueil\",\"item\":\"https:\/\/www.waterair.com\/fr\"},{\"@type\":\"ListItem\",\"position\":2,\"name\":\"Construction de piscine : nos clients t\u00e9moignent\",\"item\":\"https:\/\/www.waterair.com\/fr\/temoignages\"},{\"@type\":\"ListItem\",\"position\":3,\"name\":\"T\u00e9moignage de Mathieu\"}]},{\"@type\":\"WebSite\",\"@id\":\"https:\/\/www.waterair.com\/fr\/#website\",\"url\":\"https:\/\/www.waterair.com\/fr\/\",\"name\":\"Piscines Waterair\",\"description\":\"\",\"potentialAction\":[{\"@type\":\"SearchAction\",\"target\":{\"@type\":\"EntryPoint\",\"urlTemplate\":\"https:\/\/www.waterair.com\/fr\/?s={search_term_string}\"},\"query-input\":{\"@type\":\"PropertyValueSpecification\",\"valueRequired\":true,\"valueName\":\"search_term_string\"}}],\"inLanguage\":\"fr-FR\"}]}<\/script>\n<!-- \/ Yoast SEO Premium plugin. -->","yoast_head_json":{"title":"T\u00e9moignage de Mathieu | Piscines Waterair","robots":{"index":"index","follow":"follow","max-snippet":"max-snippet:-1","max-image-preview":"max-image-preview:large","max-video-preview":"max-video-preview:-1"},"canonical":"https:\/\/www.waterair.com\/fr\/avis-clients-2\/temoignage-de-mathieu","og_locale":"fr_FR","og_type":"article","og_title":"T\u00e9moignage de Mathieu","og_description":"Avis client, t\u00e9moignage : retrouvez aujourd&rsquo;hui en vid\u00e9o le t\u00e9moignage de Mathieu, au bord de sa piscine Waterair. Il a opt\u00e9 pour la couverture Solae Waterair\u00ae, install\u00e9e sur sa piscine mod\u00e8le Cl\u00e9a. Il en est ravi et est serein depuis sa mise en place. Avec cette couverture, il r\u00e9cup\u00e8re des degr\u00e9s gr\u00e2ce au rayonnement du [&hellip;]","og_url":"https:\/\/www.waterair.com\/fr\/avis-clients-2\/temoignage-de-mathieu","og_site_name":"Piscines Waterair","article_modified_time":"2025-11-26T16:08:42+00:00","og_image":[{"width":1509,"height":918,"url":"https:\/\/www.waterair.com\/wp-content\/uploads\/2024\/04\/mathieu.png","type":"image\/png"}],"twitter_card":"summary_large_image","twitter_misc":{"Dur\u00e9e de lecture estim\u00e9e":"2 minutes"},"schema":{"@context":"https:\/\/schema.org","@graph":[{"@type":"WebPage","@id":"https:\/\/www.waterair.com\/fr\/avis-clients-2\/temoignage-de-mathieu","url":"https:\/\/www.waterair.com\/fr\/avis-clients-2\/temoignage-de-mathieu","name":"T\u00e9moignage de Mathieu | Piscines Waterair","isPartOf":{"@id":"https:\/\/www.waterair.com\/fr\/#website"},"primaryImageOfPage":{"@id":"https:\/\/www.waterair.com\/fr\/avis-clients-2\/temoignage-de-mathieu#primaryimage"},"image":{"@id":"https:\/\/www.waterair.com\/fr\/avis-clients-2\/temoignage-de-mathieu#primaryimage"},"thumbnailUrl":"https:\/\/www.waterair.com\/wp-content\/uploads\/2024\/04\/mathieu.png","datePublished":"2024-04-25T12:56:43+00:00","dateModified":"2025-11-26T16:08:42+00:00","breadcrumb":{"@id":"https:\/\/www.waterair.com\/fr\/avis-clients-2\/temoignage-de-mathieu#breadcrumb"},"inLanguage":"fr-FR","potentialAction":[{"@type":"ReadAction","target":["https:\/\/www.waterair.com\/fr\/avis-clients-2\/temoignage-de-mathieu"]}]},{"@type":"ImageObject","inLanguage":"fr-FR","@id":"https:\/\/www.waterair.com\/fr\/avis-clients-2\/temoignage-de-mathieu#primaryimage","url":"https:\/\/www.waterair.com\/wp-content\/uploads\/2024\/04\/mathieu.png","contentUrl":"https:\/\/www.waterair.com\/wp-content\/uploads\/2024\/04\/mathieu.png","width":1509,"height":918},{"@type":"BreadcrumbList","@id":"https:\/\/www.waterair.com\/fr\/avis-clients-2\/temoignage-de-mathieu#breadcrumb","itemListElement":[{"@type":"ListItem","position":1,"name":"Accueil","item":"https:\/\/www.waterair.com\/fr"},{"@type":"ListItem","position":2,"name":"Construction de piscine : nos clients t\u00e9moignent","item":"https:\/\/www.waterair.com\/fr\/temoignages"},{"@type":"ListItem","position":3,"name":"T\u00e9moignage de Mathieu"}]},{"@type":"WebSite","@id":"https:\/\/www.waterair.com\/fr\/#website","url":"https:\/\/www.waterair.com\/fr\/","name":"Piscines Waterair","description":"","potentialAction":[{"@type":"SearchAction","target":{"@type":"EntryPoint","urlTemplate":"https:\/\/www.waterair.com\/fr\/?s={search_term_string}"},"query-input":{"@type":"PropertyValueSpecification","valueRequired":true,"valueName":"search_term_string"}}],"inLanguage":"fr-FR"}]}},"_links":{"self":[{"href":"https:\/\/www.waterair.com\/fr\/wp-json\/wp\/v2\/pages\/408053","targetHints":{"allow":["GET"]}}],"collection":[{"href":"https:\/\/www.waterair.com\/fr\/wp-json\/wp\/v2\/pages"}],"about":[{"href":"https:\/\/www.waterair.com\/fr\/wp-json\/wp\/v2\/types\/page"}],"author":[{"embeddable":true,"href":"https:\/\/www.waterair.com\/fr\/wp-json\/wp\/v2\/users\/31"}],"replies":[{"embeddable":true,"href":"https:\/\/www.waterair.com\/fr\/wp-json\/wp\/v2\/comments?post=408053"}],"version-history":[{"count":3,"href":"https:\/\/www.waterair.com\/fr\/wp-json\/wp\/v2\/pages\/408053\/revisions"}],"predecessor-version":[{"id":549533,"href":"https:\/\/www.waterair.com\/fr\/wp-json\/wp\/v2\/pages\/408053\/revisions\/549533"}],"up":[{"embeddable":true,"href":"https:\/\/www.waterair.com\/fr\/wp-json\/wp\/v2\/pages\/33213"}],"wp:featuredmedia":[{"embeddable":true,"href":"https:\/\/www.waterair.com\/fr\/wp-json\/wp\/v2\/media\/408054"}],"wp:attachment":[{"href":"https:\/\/www.waterair.com\/fr\/wp-json\/wp\/v2\/media?parent=408053"}],"curies":[{"name":"wp","href":"https:\/\/api.w.org\/{rel}","templated":true}]}}