{"id":408325,"date":"2024-04-25T16:45:05","date_gmt":"2024-04-25T14:45:05","guid":{"rendered":"https:\/\/www.waterair.com\/?page_id=408325"},"modified":"2025-11-26T16:59:44","modified_gmt":"2025-11-26T15:59:44","slug":"temoignage-de-cyril","status":"publish","type":"page","link":"https:\/\/www.waterair.com\/fr\/avis-clients-2\/temoignage-de-cyril","title":{"rendered":"T\u00e9moignage de Cyril"},"content":{"rendered":"<div class=\"container block--core-paragraph\"><div class=\"row\"><div class=\"col-12 \">\n<p>Avis client, t\u00e9moignage : retrouvez aujourd&rsquo;hui en vid\u00e9o le t\u00e9moignage de Cyril <\/p>\n<\/div><\/div><\/div>\n\n<div class=\"container block--core-paragraph\"><div class=\"row\"><div class=\"col-12 \">\n<p>Cyril a opt\u00e9 pour l\u2019assistant personnalis\u00e9 easy\u00b7care, gr\u00e2ce \u00e0 lui l\u2019entretien de sa piscine se fait (presque) tout seul !<\/p>\n<\/div><\/div><\/div>\n\n<div data-wa=\"fade-up\"  class=\"block-media  content-block\">\n\t\t\t<div class=\"container\">\n\t\t\t<div class=\"row\">\n\t\t\t\t<div class=\"col-12 col-md-10 offset-md-1\">\n                                            <div class=\"content-block__media\">\n                                                                                                <button\n                                            class=\"content-block__button\"\n                                            data-video='{\"provider\": \"youtube\", \"id\": \"maaDlqRButY\", \"poster\": \"https:\/\/www.waterair.com\/wp-content\/uploads\/2024\/04\/cyril-1340x1260.png\"}'\n                                    >\n                                        Voir la vid\u00e9o                                        <i class=\"app-icon app-icon-play-fill app-icon--sm\"><\/i>\n                                    <\/button>\n                                \n                                <img decoding=\"async\"\n                                        src=\"https:\/\/www.waterair.com\/wp-content\/uploads\/2024\/04\/cyril-920x555.png\"\n                                        srcset=\"https:\/\/www.waterair.com\/wp-content\/uploads\/2024\/04\/cyril.png 2x\"\n                                        alt=\"\"\n                                >\n                                                    <\/div>\n                                    <\/div>\n\t\t\t<\/div>\n\t\t<\/div>\n                    <script type=\"application\/ld+json\">\n    {\n        \"@context\": \"http:\/\/schema.org\",\n        \"@type\": \"WebPage\",\n        \"video\":\n        {\n            \"@type\": \"VideoObject\",\n            \"name\": \"Nos clients t\u00e9moignent ... \u00e9pisode 11\",\n            \"description\": \"Nos clients t\u00e9moignent ... \u00e9pisode 11\",\n            \"thumbnailUrl\": \"https:\/\/i.ytimg.com\/vi\/maaDlqRButY\/hqdefault.jpg\",\n            \"uploadDate\": \"2026-05-07\",\n                        \"contentUrl\": \"https:\/\/www.youtube.com\/embed\/maaDlqRButY\"\n        }\n    }\n<\/script>\n        \t<\/div>\n","protected":false},"excerpt":{"rendered":"<p>Avis client, t\u00e9moignage : retrouvez aujourd&rsquo;hui en vid\u00e9o le t\u00e9moignage de Cyril Cyril a opt\u00e9 pour l\u2019assistant personnalis\u00e9 easy\u00b7care, gr\u00e2ce \u00e0 lui l\u2019entretien de sa piscine se fait (presque) tout seul !<\/p>\n","protected":false},"author":31,"featured_media":408327,"parent":33213,"menu_order":0,"comment_status":"closed","ping_status":"closed","template":"","meta":{"_acf_changed":false,"om_disable_all_campaigns":false,"footnotes":""},"class_list":["post-408325","page","type-page","status-publish","has-post-thumbnail","hentry"],"acf":[],"yoast_head":"<!-- This site is optimized with the Yoast SEO Premium plugin v25.4 (Yoast SEO v27.2) - https:\/\/yoast.com\/product\/yoast-seo-premium-wordpress\/ -->\n<title>T\u00e9moignage de Cyril | Piscines Waterair<\/title>\n<meta name=\"robots\" content=\"index, follow, max-snippet:-1, max-image-preview:large, max-video-preview:-1\" \/>\n<link rel=\"canonical\" href=\"https:\/\/www.waterair.com\/fr\/avis-clients-2\/temoignage-de-cyril\" \/>\n<meta property=\"og:locale\" content=\"fr_FR\" \/>\n<meta property=\"og:type\" content=\"article\" \/>\n<meta property=\"og:title\" content=\"T\u00e9moignage de Cyril\" \/>\n<meta property=\"og:description\" content=\"Avis client, t\u00e9moignage : retrouvez aujourd&rsquo;hui en vid\u00e9o le t\u00e9moignage de Cyril Cyril a opt\u00e9 pour l\u2019assistant personnalis\u00e9 easy\u00b7care, gr\u00e2ce \u00e0 lui l\u2019entretien de sa piscine se fait (presque) tout seul !\" \/>\n<meta property=\"og:url\" content=\"https:\/\/www.waterair.com\/fr\/avis-clients-2\/temoignage-de-cyril\" \/>\n<meta property=\"og:site_name\" content=\"Piscines Waterair\" \/>\n<meta property=\"article:modified_time\" content=\"2025-11-26T15:59:44+00:00\" \/>\n<meta property=\"og:image\" content=\"https:\/\/www.waterair.com\/wp-content\/uploads\/2024\/04\/cyril.png\" \/>\n\t<meta property=\"og:image:width\" content=\"1498\" \/>\n\t<meta property=\"og:image:height\" content=\"904\" \/>\n\t<meta property=\"og:image:type\" content=\"image\/png\" \/>\n<meta name=\"twitter:card\" content=\"summary_large_image\" \/>\n<meta name=\"twitter:label1\" content=\"Dur\u00e9e de lecture estim\u00e9e\" \/>\n\t<meta name=\"twitter:data1\" content=\"1 minute\" \/>\n<script type=\"application\/ld+json\" class=\"yoast-schema-graph\">{\"@context\":\"https:\/\/schema.org\",\"@graph\":[{\"@type\":\"WebPage\",\"@id\":\"https:\/\/www.waterair.com\/fr\/avis-clients-2\/temoignage-de-cyril\",\"url\":\"https:\/\/www.waterair.com\/fr\/avis-clients-2\/temoignage-de-cyril\",\"name\":\"T\u00e9moignage de Cyril | Piscines Waterair\",\"isPartOf\":{\"@id\":\"https:\/\/www.waterair.com\/fr\/#website\"},\"primaryImageOfPage\":{\"@id\":\"https:\/\/www.waterair.com\/fr\/avis-clients-2\/temoignage-de-cyril#primaryimage\"},\"image\":{\"@id\":\"https:\/\/www.waterair.com\/fr\/avis-clients-2\/temoignage-de-cyril#primaryimage\"},\"thumbnailUrl\":\"https:\/\/www.waterair.com\/wp-content\/uploads\/2024\/04\/cyril.png\",\"datePublished\":\"2024-04-25T14:45:05+00:00\",\"dateModified\":\"2025-11-26T15:59:44+00:00\",\"breadcrumb\":{\"@id\":\"https:\/\/www.waterair.com\/fr\/avis-clients-2\/temoignage-de-cyril#breadcrumb\"},\"inLanguage\":\"fr-FR\",\"potentialAction\":[{\"@type\":\"ReadAction\",\"target\":[\"https:\/\/www.waterair.com\/fr\/avis-clients-2\/temoignage-de-cyril\"]}]},{\"@type\":\"ImageObject\",\"inLanguage\":\"fr-FR\",\"@id\":\"https:\/\/www.waterair.com\/fr\/avis-clients-2\/temoignage-de-cyril#primaryimage\",\"url\":\"https:\/\/www.waterair.com\/wp-content\/uploads\/2024\/04\/cyril.png\",\"contentUrl\":\"https:\/\/www.waterair.com\/wp-content\/uploads\/2024\/04\/cyril.png\",\"width\":1498,\"height\":904},{\"@type\":\"BreadcrumbList\",\"@id\":\"https:\/\/www.waterair.com\/fr\/avis-clients-2\/temoignage-de-cyril#breadcrumb\",\"itemListElement\":[{\"@type\":\"ListItem\",\"position\":1,\"name\":\"Accueil\",\"item\":\"https:\/\/www.waterair.com\/fr\"},{\"@type\":\"ListItem\",\"position\":2,\"name\":\"Construction de piscine : nos clients t\u00e9moignent\",\"item\":\"https:\/\/www.waterair.com\/fr\/temoignages\"},{\"@type\":\"ListItem\",\"position\":3,\"name\":\"T\u00e9moignage de Cyril\"}]},{\"@type\":\"WebSite\",\"@id\":\"https:\/\/www.waterair.com\/fr\/#website\",\"url\":\"https:\/\/www.waterair.com\/fr\/\",\"name\":\"Piscines Waterair\",\"description\":\"\",\"potentialAction\":[{\"@type\":\"SearchAction\",\"target\":{\"@type\":\"EntryPoint\",\"urlTemplate\":\"https:\/\/www.waterair.com\/fr\/?s={search_term_string}\"},\"query-input\":{\"@type\":\"PropertyValueSpecification\",\"valueRequired\":true,\"valueName\":\"search_term_string\"}}],\"inLanguage\":\"fr-FR\"}]}<\/script>\n<!-- \/ Yoast SEO Premium plugin. -->","yoast_head_json":{"title":"T\u00e9moignage de Cyril | Piscines Waterair","robots":{"index":"index","follow":"follow","max-snippet":"max-snippet:-1","max-image-preview":"max-image-preview:large","max-video-preview":"max-video-preview:-1"},"canonical":"https:\/\/www.waterair.com\/fr\/avis-clients-2\/temoignage-de-cyril","og_locale":"fr_FR","og_type":"article","og_title":"T\u00e9moignage de Cyril","og_description":"Avis client, t\u00e9moignage : retrouvez aujourd&rsquo;hui en vid\u00e9o le t\u00e9moignage de Cyril Cyril a opt\u00e9 pour l\u2019assistant personnalis\u00e9 easy\u00b7care, gr\u00e2ce \u00e0 lui l\u2019entretien de sa piscine se fait (presque) tout seul !","og_url":"https:\/\/www.waterair.com\/fr\/avis-clients-2\/temoignage-de-cyril","og_site_name":"Piscines Waterair","article_modified_time":"2025-11-26T15:59:44+00:00","og_image":[{"width":1498,"height":904,"url":"https:\/\/www.waterair.com\/wp-content\/uploads\/2024\/04\/cyril.png","type":"image\/png"}],"twitter_card":"summary_large_image","twitter_misc":{"Dur\u00e9e de lecture estim\u00e9e":"1 minute"},"schema":{"@context":"https:\/\/schema.org","@graph":[{"@type":"WebPage","@id":"https:\/\/www.waterair.com\/fr\/avis-clients-2\/temoignage-de-cyril","url":"https:\/\/www.waterair.com\/fr\/avis-clients-2\/temoignage-de-cyril","name":"T\u00e9moignage de Cyril | Piscines Waterair","isPartOf":{"@id":"https:\/\/www.waterair.com\/fr\/#website"},"primaryImageOfPage":{"@id":"https:\/\/www.waterair.com\/fr\/avis-clients-2\/temoignage-de-cyril#primaryimage"},"image":{"@id":"https:\/\/www.waterair.com\/fr\/avis-clients-2\/temoignage-de-cyril#primaryimage"},"thumbnailUrl":"https:\/\/www.waterair.com\/wp-content\/uploads\/2024\/04\/cyril.png","datePublished":"2024-04-25T14:45:05+00:00","dateModified":"2025-11-26T15:59:44+00:00","breadcrumb":{"@id":"https:\/\/www.waterair.com\/fr\/avis-clients-2\/temoignage-de-cyril#breadcrumb"},"inLanguage":"fr-FR","potentialAction":[{"@type":"ReadAction","target":["https:\/\/www.waterair.com\/fr\/avis-clients-2\/temoignage-de-cyril"]}]},{"@type":"ImageObject","inLanguage":"fr-FR","@id":"https:\/\/www.waterair.com\/fr\/avis-clients-2\/temoignage-de-cyril#primaryimage","url":"https:\/\/www.waterair.com\/wp-content\/uploads\/2024\/04\/cyril.png","contentUrl":"https:\/\/www.waterair.com\/wp-content\/uploads\/2024\/04\/cyril.png","width":1498,"height":904},{"@type":"BreadcrumbList","@id":"https:\/\/www.waterair.com\/fr\/avis-clients-2\/temoignage-de-cyril#breadcrumb","itemListElement":[{"@type":"ListItem","position":1,"name":"Accueil","item":"https:\/\/www.waterair.com\/fr"},{"@type":"ListItem","position":2,"name":"Construction de piscine : nos clients t\u00e9moignent","item":"https:\/\/www.waterair.com\/fr\/temoignages"},{"@type":"ListItem","position":3,"name":"T\u00e9moignage de Cyril"}]},{"@type":"WebSite","@id":"https:\/\/www.waterair.com\/fr\/#website","url":"https:\/\/www.waterair.com\/fr\/","name":"Piscines Waterair","description":"","potentialAction":[{"@type":"SearchAction","target":{"@type":"EntryPoint","urlTemplate":"https:\/\/www.waterair.com\/fr\/?s={search_term_string}"},"query-input":{"@type":"PropertyValueSpecification","valueRequired":true,"valueName":"search_term_string"}}],"inLanguage":"fr-FR"}]}},"_links":{"self":[{"href":"https:\/\/www.waterair.com\/fr\/wp-json\/wp\/v2\/pages\/408325","targetHints":{"allow":["GET"]}}],"collection":[{"href":"https:\/\/www.waterair.com\/fr\/wp-json\/wp\/v2\/pages"}],"about":[{"href":"https:\/\/www.waterair.com\/fr\/wp-json\/wp\/v2\/types\/page"}],"author":[{"embeddable":true,"href":"https:\/\/www.waterair.com\/fr\/wp-json\/wp\/v2\/users\/31"}],"replies":[{"embeddable":true,"href":"https:\/\/www.waterair.com\/fr\/wp-json\/wp\/v2\/comments?post=408325"}],"version-history":[{"count":3,"href":"https:\/\/www.waterair.com\/fr\/wp-json\/wp\/v2\/pages\/408325\/revisions"}],"predecessor-version":[{"id":549429,"href":"https:\/\/www.waterair.com\/fr\/wp-json\/wp\/v2\/pages\/408325\/revisions\/549429"}],"up":[{"embeddable":true,"href":"https:\/\/www.waterair.com\/fr\/wp-json\/wp\/v2\/pages\/33213"}],"wp:featuredmedia":[{"embeddable":true,"href":"https:\/\/www.waterair.com\/fr\/wp-json\/wp\/v2\/media\/408327"}],"wp:attachment":[{"href":"https:\/\/www.waterair.com\/fr\/wp-json\/wp\/v2\/media?parent=408325"}],"curies":[{"name":"wp","href":"https:\/\/api.w.org\/{rel}","templated":true}]}}