{"id":430353,"date":"2024-06-28T15:50:22","date_gmt":"2024-06-28T13:50:22","guid":{"rendered":"https:\/\/www.waterair.com\/?page_id=430353"},"modified":"2025-11-26T17:10:33","modified_gmt":"2025-11-26T16:10:33","slug":"temoignage-de-matthieu","status":"publish","type":"page","link":"https:\/\/www.waterair.com\/fr\/temoignage-de-matthieu","title":{"rendered":"T\u00e9moignage de Matthieu"},"content":{"rendered":"<div class=\"container block--core-paragraph\"><div class=\"row\"><div class=\"col-12 \">\n<p>Avis client, t\u00e9moignage : retrouvez aujourd&rsquo;hui en vid\u00e9o le t\u00e9moignage de Matthieu, au bord de sa piscine Waterair Olivia, forme ovale.<\/p>\n<\/div><\/div><\/div>\n\n<div class=\"container block--core-paragraph\"><div class=\"row\"><div class=\"col-12 \">\n<p>Plongez dans son univers o\u00f9 il \u00e9voque le choix d&rsquo;une piscine en kit pour r\u00e9aliser eux-m\u00eames leur projet, ainsi que l&rsquo;esth\u00e9tique audacieuse d&rsquo;une piscine arrondie dans un jardin au design cubique.<\/p>\n<\/div><\/div><\/div>\n\n<div class=\"container block--core-paragraph\"><div class=\"row\"><div class=\"col-12 \">\n<p id=\"temoignage\"><\/p>\n<\/div><\/div><\/div>\n\n<div data-wa=\"fade-up\"  class=\"block-media  content-block\">\n\t\t\t<div class=\"container\">\n\t\t\t<div class=\"row\">\n\t\t\t\t<div class=\"col-12 col-md-10 offset-md-1\">\n                                            <div class=\"content-block__media\">\n                                                                                                <button\n                                            class=\"content-block__button\"\n                                            data-video='{\"provider\": \"youtube\", \"id\": \"Rgj1U7gGhMA\", \"poster\": \"https:\/\/www.waterair.com\/wp-content\/uploads\/2024\/06\/capture-decran-2024-06-28-154113-1340x1260.png\"}'\n                                    >\n                                        Voir la vid\u00e9o                                        <i class=\"app-icon app-icon-play-fill app-icon--sm\"><\/i>\n                                    <\/button>\n                                \n                                <img decoding=\"async\"\n                                        src=\"https:\/\/www.waterair.com\/wp-content\/uploads\/2024\/06\/capture-decran-2024-06-28-154113-920x554.png\"\n                                        srcset=\"https:\/\/www.waterair.com\/wp-content\/uploads\/2024\/06\/capture-decran-2024-06-28-154113.png 2x\"\n                                        alt=\"\"\n                                >\n                                                    <\/div>\n                                    <\/div>\n\t\t\t<\/div>\n\t\t<\/div>\n                    <script type=\"application\/ld+json\">\n    {\n        \"@context\": \"http:\/\/schema.org\",\n        \"@type\": \"WebPage\",\n        \"video\":\n        {\n            \"@type\": \"VideoObject\",\n            \"name\": \"Nos clients t\u00e9moignent ... \u00e9pisode 14\",\n            \"description\": \"Nos clients t\u00e9moignent ... \u00e9pisode 14\",\n            \"thumbnailUrl\": \"https:\/\/i.ytimg.com\/vi\/Rgj1U7gGhMA\/hqdefault.jpg\",\n            \"uploadDate\": \"2026-05-11\",\n                        \"contentUrl\": \"https:\/\/www.youtube.com\/embed\/Rgj1U7gGhMA\"\n        }\n    }\n<\/script>\n        \t<\/div>\n","protected":false},"excerpt":{"rendered":"<p>Avis client, t\u00e9moignage : retrouvez aujourd&rsquo;hui en vid\u00e9o le t\u00e9moignage de Matthieu, au bord de sa piscine Waterair Olivia, forme ovale. Plongez dans son univers o\u00f9 il \u00e9voque le choix d&rsquo;une piscine en kit pour r\u00e9aliser eux-m\u00eames leur projet, ainsi que l&rsquo;esth\u00e9tique audacieuse d&rsquo;une piscine arrondie dans un jardin au design cubique.<\/p>\n","protected":false},"author":31,"featured_media":430356,"parent":0,"menu_order":0,"comment_status":"closed","ping_status":"closed","template":"","meta":{"_acf_changed":false,"om_disable_all_campaigns":false,"footnotes":""},"class_list":["post-430353","page","type-page","status-publish","has-post-thumbnail","hentry"],"acf":[],"yoast_head":"<!-- This site is optimized with the Yoast SEO Premium plugin v25.4 (Yoast SEO v27.2) - https:\/\/yoast.com\/product\/yoast-seo-premium-wordpress\/ -->\n<title>T\u00e9moignage de Matthieu | Piscines Waterair<\/title>\n<meta name=\"robots\" content=\"index, follow, max-snippet:-1, max-image-preview:large, max-video-preview:-1\" \/>\n<link rel=\"canonical\" href=\"https:\/\/www.waterair.com\/fr\/temoignage-de-matthieu\" \/>\n<meta property=\"og:locale\" content=\"fr_FR\" \/>\n<meta property=\"og:type\" content=\"article\" \/>\n<meta property=\"og:title\" content=\"T\u00e9moignage de Matthieu\" \/>\n<meta property=\"og:description\" content=\"Avis client, t\u00e9moignage : retrouvez aujourd&rsquo;hui en vid\u00e9o le t\u00e9moignage de Matthieu, au bord de sa piscine Waterair Olivia, forme ovale. Plongez dans son univers o\u00f9 il \u00e9voque le choix d&rsquo;une piscine en kit pour r\u00e9aliser eux-m\u00eames leur projet, ainsi que l&rsquo;esth\u00e9tique audacieuse d&rsquo;une piscine arrondie dans un jardin au design cubique.\" \/>\n<meta property=\"og:url\" content=\"https:\/\/www.waterair.com\/fr\/temoignage-de-matthieu\" \/>\n<meta property=\"og:site_name\" content=\"Piscines Waterair\" \/>\n<meta property=\"article:modified_time\" content=\"2025-11-26T16:10:33+00:00\" \/>\n<meta property=\"og:image\" content=\"https:\/\/www.waterair.com\/wp-content\/uploads\/2024\/06\/capture-decran-2024-06-28-154113.png\" \/>\n\t<meta property=\"og:image:width\" content=\"1004\" \/>\n\t<meta property=\"og:image:height\" content=\"605\" \/>\n\t<meta property=\"og:image:type\" content=\"image\/png\" \/>\n<meta name=\"twitter:card\" content=\"summary_large_image\" \/>\n<meta name=\"twitter:label1\" content=\"Dur\u00e9e de lecture estim\u00e9e\" \/>\n\t<meta name=\"twitter:data1\" content=\"1 minute\" \/>\n<script type=\"application\/ld+json\" class=\"yoast-schema-graph\">{\"@context\":\"https:\/\/schema.org\",\"@graph\":[{\"@type\":\"WebPage\",\"@id\":\"https:\/\/www.waterair.com\/fr\/temoignage-de-matthieu\",\"url\":\"https:\/\/www.waterair.com\/fr\/temoignage-de-matthieu\",\"name\":\"T\u00e9moignage de Matthieu | Piscines Waterair\",\"isPartOf\":{\"@id\":\"https:\/\/www.waterair.com\/fr\/#website\"},\"primaryImageOfPage\":{\"@id\":\"https:\/\/www.waterair.com\/fr\/temoignage-de-matthieu#primaryimage\"},\"image\":{\"@id\":\"https:\/\/www.waterair.com\/fr\/temoignage-de-matthieu#primaryimage\"},\"thumbnailUrl\":\"https:\/\/www.waterair.com\/wp-content\/uploads\/2024\/06\/capture-decran-2024-06-28-154113.png\",\"datePublished\":\"2024-06-28T13:50:22+00:00\",\"dateModified\":\"2025-11-26T16:10:33+00:00\",\"breadcrumb\":{\"@id\":\"https:\/\/www.waterair.com\/fr\/temoignage-de-matthieu#breadcrumb\"},\"inLanguage\":\"fr-FR\",\"potentialAction\":[{\"@type\":\"ReadAction\",\"target\":[\"https:\/\/www.waterair.com\/fr\/temoignage-de-matthieu\"]}]},{\"@type\":\"ImageObject\",\"inLanguage\":\"fr-FR\",\"@id\":\"https:\/\/www.waterair.com\/fr\/temoignage-de-matthieu#primaryimage\",\"url\":\"https:\/\/www.waterair.com\/wp-content\/uploads\/2024\/06\/capture-decran-2024-06-28-154113.png\",\"contentUrl\":\"https:\/\/www.waterair.com\/wp-content\/uploads\/2024\/06\/capture-decran-2024-06-28-154113.png\",\"width\":1004,\"height\":605},{\"@type\":\"BreadcrumbList\",\"@id\":\"https:\/\/www.waterair.com\/fr\/temoignage-de-matthieu#breadcrumb\",\"itemListElement\":[{\"@type\":\"ListItem\",\"position\":1,\"name\":\"Accueil\",\"item\":\"https:\/\/www.waterair.com\/fr\"},{\"@type\":\"ListItem\",\"position\":2,\"name\":\"T\u00e9moignage de Matthieu\"}]},{\"@type\":\"WebSite\",\"@id\":\"https:\/\/www.waterair.com\/fr\/#website\",\"url\":\"https:\/\/www.waterair.com\/fr\/\",\"name\":\"Piscines Waterair\",\"description\":\"\",\"potentialAction\":[{\"@type\":\"SearchAction\",\"target\":{\"@type\":\"EntryPoint\",\"urlTemplate\":\"https:\/\/www.waterair.com\/fr\/?s={search_term_string}\"},\"query-input\":{\"@type\":\"PropertyValueSpecification\",\"valueRequired\":true,\"valueName\":\"search_term_string\"}}],\"inLanguage\":\"fr-FR\"}]}<\/script>\n<!-- \/ Yoast SEO Premium plugin. -->","yoast_head_json":{"title":"T\u00e9moignage de Matthieu | Piscines Waterair","robots":{"index":"index","follow":"follow","max-snippet":"max-snippet:-1","max-image-preview":"max-image-preview:large","max-video-preview":"max-video-preview:-1"},"canonical":"https:\/\/www.waterair.com\/fr\/temoignage-de-matthieu","og_locale":"fr_FR","og_type":"article","og_title":"T\u00e9moignage de Matthieu","og_description":"Avis client, t\u00e9moignage : retrouvez aujourd&rsquo;hui en vid\u00e9o le t\u00e9moignage de Matthieu, au bord de sa piscine Waterair Olivia, forme ovale. Plongez dans son univers o\u00f9 il \u00e9voque le choix d&rsquo;une piscine en kit pour r\u00e9aliser eux-m\u00eames leur projet, ainsi que l&rsquo;esth\u00e9tique audacieuse d&rsquo;une piscine arrondie dans un jardin au design cubique.","og_url":"https:\/\/www.waterair.com\/fr\/temoignage-de-matthieu","og_site_name":"Piscines Waterair","article_modified_time":"2025-11-26T16:10:33+00:00","og_image":[{"width":1004,"height":605,"url":"https:\/\/www.waterair.com\/wp-content\/uploads\/2024\/06\/capture-decran-2024-06-28-154113.png","type":"image\/png"}],"twitter_card":"summary_large_image","twitter_misc":{"Dur\u00e9e de lecture estim\u00e9e":"1 minute"},"schema":{"@context":"https:\/\/schema.org","@graph":[{"@type":"WebPage","@id":"https:\/\/www.waterair.com\/fr\/temoignage-de-matthieu","url":"https:\/\/www.waterair.com\/fr\/temoignage-de-matthieu","name":"T\u00e9moignage de Matthieu | Piscines Waterair","isPartOf":{"@id":"https:\/\/www.waterair.com\/fr\/#website"},"primaryImageOfPage":{"@id":"https:\/\/www.waterair.com\/fr\/temoignage-de-matthieu#primaryimage"},"image":{"@id":"https:\/\/www.waterair.com\/fr\/temoignage-de-matthieu#primaryimage"},"thumbnailUrl":"https:\/\/www.waterair.com\/wp-content\/uploads\/2024\/06\/capture-decran-2024-06-28-154113.png","datePublished":"2024-06-28T13:50:22+00:00","dateModified":"2025-11-26T16:10:33+00:00","breadcrumb":{"@id":"https:\/\/www.waterair.com\/fr\/temoignage-de-matthieu#breadcrumb"},"inLanguage":"fr-FR","potentialAction":[{"@type":"ReadAction","target":["https:\/\/www.waterair.com\/fr\/temoignage-de-matthieu"]}]},{"@type":"ImageObject","inLanguage":"fr-FR","@id":"https:\/\/www.waterair.com\/fr\/temoignage-de-matthieu#primaryimage","url":"https:\/\/www.waterair.com\/wp-content\/uploads\/2024\/06\/capture-decran-2024-06-28-154113.png","contentUrl":"https:\/\/www.waterair.com\/wp-content\/uploads\/2024\/06\/capture-decran-2024-06-28-154113.png","width":1004,"height":605},{"@type":"BreadcrumbList","@id":"https:\/\/www.waterair.com\/fr\/temoignage-de-matthieu#breadcrumb","itemListElement":[{"@type":"ListItem","position":1,"name":"Accueil","item":"https:\/\/www.waterair.com\/fr"},{"@type":"ListItem","position":2,"name":"T\u00e9moignage de Matthieu"}]},{"@type":"WebSite","@id":"https:\/\/www.waterair.com\/fr\/#website","url":"https:\/\/www.waterair.com\/fr\/","name":"Piscines Waterair","description":"","potentialAction":[{"@type":"SearchAction","target":{"@type":"EntryPoint","urlTemplate":"https:\/\/www.waterair.com\/fr\/?s={search_term_string}"},"query-input":{"@type":"PropertyValueSpecification","valueRequired":true,"valueName":"search_term_string"}}],"inLanguage":"fr-FR"}]}},"_links":{"self":[{"href":"https:\/\/www.waterair.com\/fr\/wp-json\/wp\/v2\/pages\/430353","targetHints":{"allow":["GET"]}}],"collection":[{"href":"https:\/\/www.waterair.com\/fr\/wp-json\/wp\/v2\/pages"}],"about":[{"href":"https:\/\/www.waterair.com\/fr\/wp-json\/wp\/v2\/types\/page"}],"author":[{"embeddable":true,"href":"https:\/\/www.waterair.com\/fr\/wp-json\/wp\/v2\/users\/31"}],"replies":[{"embeddable":true,"href":"https:\/\/www.waterair.com\/fr\/wp-json\/wp\/v2\/comments?post=430353"}],"version-history":[{"count":3,"href":"https:\/\/www.waterair.com\/fr\/wp-json\/wp\/v2\/pages\/430353\/revisions"}],"predecessor-version":[{"id":549536,"href":"https:\/\/www.waterair.com\/fr\/wp-json\/wp\/v2\/pages\/430353\/revisions\/549536"}],"wp:featuredmedia":[{"embeddable":true,"href":"https:\/\/www.waterair.com\/fr\/wp-json\/wp\/v2\/media\/430356"}],"wp:attachment":[{"href":"https:\/\/www.waterair.com\/fr\/wp-json\/wp\/v2\/media?parent=430353"}],"curies":[{"name":"wp","href":"https:\/\/api.w.org\/{rel}","templated":true}]}}