{"id":45662,"date":"2021-11-02T03:49:10","date_gmt":"2021-11-02T02:49:10","guid":{"rendered":"https:\/\/waterair-preprod2.adipso.fr\/grand-est\/haut-rhin"},"modified":"2024-10-21T15:03:07","modified_gmt":"2024-10-21T13:03:07","slug":"haut-rhin","status":"publish","type":"page","link":"https:\/\/www.waterair.com\/fr\/etude-implantation\/grand-est\/haut-rhin","title":{"rendered":"Haut-Rhin"},"content":{"rendered":"<div class=\"container block--core-paragraph\"><div class=\"row\"><div class=\"col-12 \">\n<p>Une piscine dans votre jardin vous fait r\u00eaver et vous vivez dans le Haut-Rhin (Grand Est) ?<br>Prenez rdv avec l\u2019un de nos conseillers situ\u00e9 dans votre r\u00e9gion, c\u2019est gratuit et sans engagement. Vous pouvez \u00e9galement venir nous voir directement dans notre centre d\u2019exposition situ\u00e9 \u00e0 <a href=\"https:\/\/www.waterair.com\/fr\/le-groupe\/centres-exposition\/seppois-le-bas\">Seppois-Le-Bas (68)<\/a> o\u00f9 nos piscines sont fabriqu\u00e9es. <br>Notre volont\u00e9 : r\u00e9pondre \u00e0 l\u2019ensemble de vos interrogations et vous aider \u00e0 faire le bon choix. <br>Cet \u00e9change est primordial pour vous apporter des conseils personnalis\u00e9s en fonction de votre terrain, de vos envies et du budget que vous souhaitez consacrer. <a href=\"https:\/\/www.waterair.com\/fr\/etude-implantation\">Etude d\u2019implantation<\/a>, <a href=\"https:\/\/www.waterair.com\/fr\/devis-piscine\">devis <\/a>et m\u00eame projection en 3D de votre future piscine dans votre jardin, profitez-en, c\u2019est gratuit. <\/p>\n<\/div><\/div><\/div>\n\n    <div  class=\"block-button content-block mb-0 mt-2\" data-tab-section>\n        <div class=\"container\">\n            <div class=\"row\">\n                <div class=\"col-12 col-md-10 offset-md-1\">\n                    <div class=\"d-flex flex-wrap flex-column flex-md-row justify-content-center spaced-md-4 mt-6 mb-5 mb-md-0\">\n                                                        <a\tdata-wa=\"button\" data-wa-wave=\"secondary\"\n\tclass=\"btn btn--secondary mb-0 mb-md-5\"\n\t\t\thref=\"#catalogue-mini-form\"\n\t\t>\n\t\tDemander un catalogue    <\/a>\n                                                                    <\/div>\n                <\/div>\n            <\/div>\n        <\/div>\n    <\/div>\n","protected":false},"excerpt":{"rendered":"<p>Une piscine dans votre jardin vous fait r\u00eaver et vous vivez dans le Haut-Rhin (Grand Est) ?Prenez rdv avec l\u2019un de nos conseillers situ\u00e9 dans votre r\u00e9gion, c\u2019est gratuit et sans engagement. Vous pouvez \u00e9galement venir nous voir directement dans notre centre d\u2019exposition situ\u00e9 \u00e0 Seppois-Le-Bas (68) o\u00f9 nos piscines sont fabriqu\u00e9es. Notre volont\u00e9 : [&hellip;]<\/p>\n","protected":false},"author":1,"featured_media":0,"parent":45570,"menu_order":0,"comment_status":"closed","ping_status":"closed","template":"models\/implantation.php","meta":{"_acf_changed":false,"om_disable_all_campaigns":false,"footnotes":""},"class_list":["post-45662","page","type-page","status-publish","hentry"],"acf":[],"yoast_head":"<!-- This site is optimized with the Yoast SEO Premium plugin v25.4 (Yoast SEO v27.2) - https:\/\/yoast.com\/product\/yoast-seo-premium-wordpress\/ -->\n<title>Pisciniste Haut-Rhin - fa\u00eetes-vous accompagner : Piscines Waterair<\/title>\n<meta name=\"description\" content=\"Une piscine dans votre jardin vous fait r\u00eaver, vous vivez dans le Haut-Rhin (Grand Est) et vous voulez interroger un constructeur de piscine pour obtenir de bons conseils ? Dans ce cas pr\u00e9voir une \u00e9tude d\u2019implantation de votre future piscine avec Piscines Waterair directement sur votre terrain est une tr\u00e8s bonne fa\u00e7on d\u2019en d\u00e9couvrir plus. L\u2019int\u00e9r\u00eat pour vous sera de pouvoir poser vos questions \u00e0 un expert qui saura vous orienter sur le choix d\u2019une piscine, sa position, sa forme, sa grandeur et bien s\u00fbr les \u00e9quipements qui l\u2019accompagnent !\" \/>\n<meta name=\"robots\" content=\"index, follow, max-snippet:-1, max-image-preview:large, max-video-preview:-1\" \/>\n<link rel=\"canonical\" href=\"https:\/\/www.waterair.com\/fr\/etude-implantation\/grand-est\/haut-rhin\" \/>\n<meta property=\"og:locale\" content=\"fr_FR\" \/>\n<meta property=\"og:type\" content=\"article\" \/>\n<meta property=\"og:title\" content=\"Haut-Rhin\" \/>\n<meta property=\"og:description\" content=\"Une piscine dans votre jardin vous fait r\u00eaver, vous vivez dans le Haut-Rhin (Grand Est) et vous voulez interroger un constructeur de piscine pour obtenir de bons conseils ? Dans ce cas pr\u00e9voir une \u00e9tude d\u2019implantation de votre future piscine avec Piscines Waterair directement sur votre terrain est une tr\u00e8s bonne fa\u00e7on d\u2019en d\u00e9couvrir plus. L\u2019int\u00e9r\u00eat pour vous sera de pouvoir poser vos questions \u00e0 un expert qui saura vous orienter sur le choix d\u2019une piscine, sa position, sa forme, sa grandeur et bien s\u00fbr les \u00e9quipements qui l\u2019accompagnent !\" \/>\n<meta property=\"og:url\" content=\"https:\/\/www.waterair.com\/fr\/etude-implantation\/grand-est\/haut-rhin\" \/>\n<meta property=\"og:site_name\" content=\"Piscines Waterair\" \/>\n<meta property=\"article:modified_time\" content=\"2024-10-21T13:03:07+00:00\" \/>\n<meta name=\"twitter:card\" content=\"summary_large_image\" \/>\n<meta name=\"twitter:label1\" content=\"Dur\u00e9e de lecture estim\u00e9e\" \/>\n\t<meta name=\"twitter:data1\" content=\"1 minute\" \/>\n<script type=\"application\/ld+json\" class=\"yoast-schema-graph\">{\"@context\":\"https:\/\/schema.org\",\"@graph\":[{\"@type\":\"WebPage\",\"@id\":\"https:\/\/www.waterair.com\/fr\/etude-implantation\/grand-est\/haut-rhin\",\"url\":\"https:\/\/www.waterair.com\/fr\/etude-implantation\/grand-est\/haut-rhin\",\"name\":\"Pisciniste Haut-Rhin - fa\u00eetes-vous accompagner : Piscines Waterair\",\"isPartOf\":{\"@id\":\"https:\/\/www.waterair.com\/fr\/#website\"},\"datePublished\":\"2021-11-02T02:49:10+00:00\",\"dateModified\":\"2024-10-21T13:03:07+00:00\",\"description\":\"Une piscine dans votre jardin vous fait r\u00eaver, vous vivez dans le Haut-Rhin (Grand Est) et vous voulez interroger un constructeur de piscine pour obtenir de bons conseils ? Dans ce cas pr\u00e9voir une \u00e9tude d\u2019implantation de votre future piscine avec Piscines Waterair directement sur votre terrain est une tr\u00e8s bonne fa\u00e7on d\u2019en d\u00e9couvrir plus. L\u2019int\u00e9r\u00eat pour vous sera de pouvoir poser vos questions \u00e0 un expert qui saura vous orienter sur le choix d\u2019une piscine, sa position, sa forme, sa grandeur et bien s\u00fbr les \u00e9quipements qui l\u2019accompagnent !\",\"breadcrumb\":{\"@id\":\"https:\/\/www.waterair.com\/fr\/etude-implantation\/grand-est\/haut-rhin#breadcrumb\"},\"inLanguage\":\"fr-FR\",\"potentialAction\":[{\"@type\":\"ReadAction\",\"target\":[\"https:\/\/www.waterair.com\/fr\/etude-implantation\/grand-est\/haut-rhin\"]}]},{\"@type\":\"BreadcrumbList\",\"@id\":\"https:\/\/www.waterair.com\/fr\/etude-implantation\/grand-est\/haut-rhin#breadcrumb\",\"itemListElement\":[{\"@type\":\"ListItem\",\"position\":1,\"name\":\"Accueil\",\"item\":\"https:\/\/www.waterair.com\/fr\"},{\"@type\":\"ListItem\",\"position\":2,\"name\":\"Etude d&rsquo;implantation piscine\",\"item\":\"https:\/\/www.waterair.com\/fr\/etude-implantation\"},{\"@type\":\"ListItem\",\"position\":3,\"name\":\"Grand Est\",\"item\":\"https:\/\/www.waterair.com\/fr\/etude-implantation\/grand-est\"},{\"@type\":\"ListItem\",\"position\":4,\"name\":\"Haut-Rhin\"}]},{\"@type\":\"WebSite\",\"@id\":\"https:\/\/www.waterair.com\/fr\/#website\",\"url\":\"https:\/\/www.waterair.com\/fr\/\",\"name\":\"Piscines Waterair\",\"description\":\"\",\"potentialAction\":[{\"@type\":\"SearchAction\",\"target\":{\"@type\":\"EntryPoint\",\"urlTemplate\":\"https:\/\/www.waterair.com\/fr\/?s={search_term_string}\"},\"query-input\":{\"@type\":\"PropertyValueSpecification\",\"valueRequired\":true,\"valueName\":\"search_term_string\"}}],\"inLanguage\":\"fr-FR\"}]}<\/script>\n<!-- \/ Yoast SEO Premium plugin. -->","yoast_head_json":{"title":"Pisciniste Haut-Rhin - fa\u00eetes-vous accompagner : Piscines Waterair","description":"Une piscine dans votre jardin vous fait r\u00eaver, vous vivez dans le Haut-Rhin (Grand Est) et vous voulez interroger un constructeur de piscine pour obtenir de bons conseils ? Dans ce cas pr\u00e9voir une \u00e9tude d\u2019implantation de votre future piscine avec Piscines Waterair directement sur votre terrain est une tr\u00e8s bonne fa\u00e7on d\u2019en d\u00e9couvrir plus. L\u2019int\u00e9r\u00eat pour vous sera de pouvoir poser vos questions \u00e0 un expert qui saura vous orienter sur le choix d\u2019une piscine, sa position, sa forme, sa grandeur et bien s\u00fbr les \u00e9quipements qui l\u2019accompagnent !","robots":{"index":"index","follow":"follow","max-snippet":"max-snippet:-1","max-image-preview":"max-image-preview:large","max-video-preview":"max-video-preview:-1"},"canonical":"https:\/\/www.waterair.com\/fr\/etude-implantation\/grand-est\/haut-rhin","og_locale":"fr_FR","og_type":"article","og_title":"Haut-Rhin","og_description":"Une piscine dans votre jardin vous fait r\u00eaver, vous vivez dans le Haut-Rhin (Grand Est) et vous voulez interroger un constructeur de piscine pour obtenir de bons conseils ? Dans ce cas pr\u00e9voir une \u00e9tude d\u2019implantation de votre future piscine avec Piscines Waterair directement sur votre terrain est une tr\u00e8s bonne fa\u00e7on d\u2019en d\u00e9couvrir plus. L\u2019int\u00e9r\u00eat pour vous sera de pouvoir poser vos questions \u00e0 un expert qui saura vous orienter sur le choix d\u2019une piscine, sa position, sa forme, sa grandeur et bien s\u00fbr les \u00e9quipements qui l\u2019accompagnent !","og_url":"https:\/\/www.waterair.com\/fr\/etude-implantation\/grand-est\/haut-rhin","og_site_name":"Piscines Waterair","article_modified_time":"2024-10-21T13:03:07+00:00","twitter_card":"summary_large_image","twitter_misc":{"Dur\u00e9e de lecture estim\u00e9e":"1 minute"},"schema":{"@context":"https:\/\/schema.org","@graph":[{"@type":"WebPage","@id":"https:\/\/www.waterair.com\/fr\/etude-implantation\/grand-est\/haut-rhin","url":"https:\/\/www.waterair.com\/fr\/etude-implantation\/grand-est\/haut-rhin","name":"Pisciniste Haut-Rhin - fa\u00eetes-vous accompagner : Piscines Waterair","isPartOf":{"@id":"https:\/\/www.waterair.com\/fr\/#website"},"datePublished":"2021-11-02T02:49:10+00:00","dateModified":"2024-10-21T13:03:07+00:00","description":"Une piscine dans votre jardin vous fait r\u00eaver, vous vivez dans le Haut-Rhin (Grand Est) et vous voulez interroger un constructeur de piscine pour obtenir de bons conseils ? Dans ce cas pr\u00e9voir une \u00e9tude d\u2019implantation de votre future piscine avec Piscines Waterair directement sur votre terrain est une tr\u00e8s bonne fa\u00e7on d\u2019en d\u00e9couvrir plus. L\u2019int\u00e9r\u00eat pour vous sera de pouvoir poser vos questions \u00e0 un expert qui saura vous orienter sur le choix d\u2019une piscine, sa position, sa forme, sa grandeur et bien s\u00fbr les \u00e9quipements qui l\u2019accompagnent !","breadcrumb":{"@id":"https:\/\/www.waterair.com\/fr\/etude-implantation\/grand-est\/haut-rhin#breadcrumb"},"inLanguage":"fr-FR","potentialAction":[{"@type":"ReadAction","target":["https:\/\/www.waterair.com\/fr\/etude-implantation\/grand-est\/haut-rhin"]}]},{"@type":"BreadcrumbList","@id":"https:\/\/www.waterair.com\/fr\/etude-implantation\/grand-est\/haut-rhin#breadcrumb","itemListElement":[{"@type":"ListItem","position":1,"name":"Accueil","item":"https:\/\/www.waterair.com\/fr"},{"@type":"ListItem","position":2,"name":"Etude d&rsquo;implantation piscine","item":"https:\/\/www.waterair.com\/fr\/etude-implantation"},{"@type":"ListItem","position":3,"name":"Grand Est","item":"https:\/\/www.waterair.com\/fr\/etude-implantation\/grand-est"},{"@type":"ListItem","position":4,"name":"Haut-Rhin"}]},{"@type":"WebSite","@id":"https:\/\/www.waterair.com\/fr\/#website","url":"https:\/\/www.waterair.com\/fr\/","name":"Piscines Waterair","description":"","potentialAction":[{"@type":"SearchAction","target":{"@type":"EntryPoint","urlTemplate":"https:\/\/www.waterair.com\/fr\/?s={search_term_string}"},"query-input":{"@type":"PropertyValueSpecification","valueRequired":true,"valueName":"search_term_string"}}],"inLanguage":"fr-FR"}]}},"_links":{"self":[{"href":"https:\/\/www.waterair.com\/fr\/wp-json\/wp\/v2\/pages\/45662","targetHints":{"allow":["GET"]}}],"collection":[{"href":"https:\/\/www.waterair.com\/fr\/wp-json\/wp\/v2\/pages"}],"about":[{"href":"https:\/\/www.waterair.com\/fr\/wp-json\/wp\/v2\/types\/page"}],"author":[{"embeddable":true,"href":"https:\/\/www.waterair.com\/fr\/wp-json\/wp\/v2\/users\/1"}],"replies":[{"embeddable":true,"href":"https:\/\/www.waterair.com\/fr\/wp-json\/wp\/v2\/comments?post=45662"}],"version-history":[{"count":5,"href":"https:\/\/www.waterair.com\/fr\/wp-json\/wp\/v2\/pages\/45662\/revisions"}],"predecessor-version":[{"id":472743,"href":"https:\/\/www.waterair.com\/fr\/wp-json\/wp\/v2\/pages\/45662\/revisions\/472743"}],"up":[{"embeddable":true,"href":"https:\/\/www.waterair.com\/fr\/wp-json\/wp\/v2\/pages\/45570"}],"wp:attachment":[{"href":"https:\/\/www.waterair.com\/fr\/wp-json\/wp\/v2\/media?parent=45662"}],"curies":[{"name":"wp","href":"https:\/\/api.w.org\/{rel}","templated":true}]}}