{"id":46238,"date":"2021-11-02T03:55:49","date_gmt":"2021-11-02T02:55:49","guid":{"rendered":"https:\/\/waterair-preprod2.adipso.fr\/normandie\/calvados\/vire"},"modified":"2021-11-28T13:26:47","modified_gmt":"2021-11-28T12:26:47","slug":"vire","status":"publish","type":"page","link":"https:\/\/www.waterair.com\/fr\/etude-implantation\/normandie\/calvados\/vire","title":{"rendered":"Vire"},"content":{"rendered":"<div class=\"container block--core-paragraph\"><div class=\"row\"><div class=\"col-12 \"><p>Personnalisables et robustes, les Piscines Waterair s\u2019installent rapidement sur tous les terrains naturels. Depuis 1972, c\u2019est plus de 139 000 familles qui ont choisi Waterair pour concr\u00e9tiser leur r\u00eave de piscine.<\/p><\/div><\/div><\/div><div class=\"container block--core-paragraph\"><div class=\"row\"><div class=\"col-12 \"><p>Faire votre piscine dans le secteur de Vire (Calvados, Normandie) fait partie de vos projets pour les jours \u00e0 venir et vous \u00eates en attente de conseils ? Dans cette situation, nous vous conseillons de prendre un rendez-vous avec l\u2019un de nos conseillers Piscines Waterair \u00e0 votre domicile pour effectuer une \u00e9tude d&rsquo;implantation. Se faire conseiller est donc tr\u00e8s simple car il suffit d\u2019exprimer vos besoins pour avoir des renseignements clairs et pr\u00e9cis sur les opportunit\u00e9s qui vont de pair avec votre jardin mais aussi et surtout, vos attentes et envies.<\/p><\/div><\/div><\/div>    <div  class=\"block-button content-block mb-0 mt-2\" data-tab-section>\n        <div class=\"container\">\n            <div class=\"row\">\n                <div class=\"col-12 col-md-10 offset-md-1\">\n                    <div class=\"d-flex flex-wrap flex-column flex-md-row justify-content-center spaced-md-4 mt-6 mb-5 mb-md-0\">\n                                                        <a\tdata-wa=\"button\" data-wa-wave=\"secondary\"\n\tclass=\"btn btn--secondary mb-0 mb-md-5\"\n\t\t\thref=\"#catalogue-mini-form\"\n\t\t>\n\t\tDemander un catalogue    <\/a>\n                                                                    <\/div>\n                <\/div>\n            <\/div>\n        <\/div>\n    <\/div>\n","protected":false},"excerpt":{"rendered":"<p>Personnalisables et robustes, les Piscines Waterair s\u2019installent rapidement sur tous les terrains naturels. Depuis 1972, c\u2019est plus de familles qui ont choisi Waterair pour concr\u00e9tiser leur r\u00eave de piscine. Faire votre piscine dans le secteur de Vire (Calvados, Normandie) fait partie de vos projets pour les jours \u00e0 venir et vous \u00eates en attente de [&hellip;]<\/p>\n","protected":false},"author":1,"featured_media":0,"parent":45694,"menu_order":0,"comment_status":"closed","ping_status":"closed","template":"models\/implantation.php","meta":{"_acf_changed":false,"om_disable_all_campaigns":false,"footnotes":""},"class_list":["post-46238","page","type-page","status-publish","hentry"],"acf":[],"yoast_head":"<!-- This site is optimized with the Yoast SEO Premium plugin v25.4 (Yoast SEO v27.2) - https:\/\/yoast.com\/product\/yoast-seo-premium-wordpress\/ -->\n<title>Pisciniste Vire (Calvados) - \u00eatre accompagn\u00e9 : Piscines Waterair<\/title>\n<meta name=\"description\" content=\"Faire votre piscine dans le secteur de Vire (Calvados, Normandie) fait partie de vos projets pour les jours \u00e0 venir et vous \u00eates en attente de conseils ? Dans cette situation, nous vous conseillons de prendre un rendez-vous avec l\u2019un de nos conseillers Piscines Waterair \u00e0 votre domicile pour effectuer une \u00e9tude d&#039;implantation. Se faire conseiller est donc tr\u00e8s simple car il suffit d\u2019exprimer vos besoins pour avoir des renseignements clairs et pr\u00e9cis sur les opportunit\u00e9s qui vont de pair avec votre jardin mais aussi et surtout, vos attentes et envies.\" \/>\n<meta name=\"robots\" content=\"index, follow, max-snippet:-1, max-image-preview:large, max-video-preview:-1\" \/>\n<link rel=\"canonical\" href=\"https:\/\/www.waterair.com\/fr\/etude-implantation\/normandie\/calvados\/vire\" \/>\n<meta property=\"og:locale\" content=\"fr_FR\" \/>\n<meta property=\"og:type\" content=\"article\" \/>\n<meta property=\"og:title\" content=\"Vire\" \/>\n<meta property=\"og:description\" content=\"Faire votre piscine dans le secteur de Vire (Calvados, Normandie) fait partie de vos projets pour les jours \u00e0 venir et vous \u00eates en attente de conseils ? Dans cette situation, nous vous conseillons de prendre un rendez-vous avec l\u2019un de nos conseillers Piscines Waterair \u00e0 votre domicile pour effectuer une \u00e9tude d&#039;implantation. Se faire conseiller est donc tr\u00e8s simple car il suffit d\u2019exprimer vos besoins pour avoir des renseignements clairs et pr\u00e9cis sur les opportunit\u00e9s qui vont de pair avec votre jardin mais aussi et surtout, vos attentes et envies.\" \/>\n<meta property=\"og:url\" content=\"https:\/\/www.waterair.com\/fr\/etude-implantation\/normandie\/calvados\/vire\" \/>\n<meta property=\"og:site_name\" content=\"Piscines Waterair\" \/>\n<meta property=\"article:modified_time\" content=\"2021-11-28T12:26:47+00:00\" \/>\n<meta name=\"twitter:card\" content=\"summary_large_image\" \/>\n<meta name=\"twitter:label1\" content=\"Dur\u00e9e de lecture estim\u00e9e\" \/>\n\t<meta name=\"twitter:data1\" content=\"1 minute\" \/>\n<script type=\"application\/ld+json\" class=\"yoast-schema-graph\">{\"@context\":\"https:\/\/schema.org\",\"@graph\":[{\"@type\":\"WebPage\",\"@id\":\"https:\/\/www.waterair.com\/fr\/etude-implantation\/normandie\/calvados\/vire\",\"url\":\"https:\/\/www.waterair.com\/fr\/etude-implantation\/normandie\/calvados\/vire\",\"name\":\"Pisciniste Vire (Calvados) - \u00eatre accompagn\u00e9 : Piscines Waterair\",\"isPartOf\":{\"@id\":\"https:\/\/www.waterair.com\/fr\/#website\"},\"datePublished\":\"2021-11-02T02:55:49+00:00\",\"dateModified\":\"2021-11-28T12:26:47+00:00\",\"description\":\"Faire votre piscine dans le secteur de Vire (Calvados, Normandie) fait partie de vos projets pour les jours \u00e0 venir et vous \u00eates en attente de conseils ? Dans cette situation, nous vous conseillons de prendre un rendez-vous avec l\u2019un de nos conseillers Piscines Waterair \u00e0 votre domicile pour effectuer une \u00e9tude d'implantation. Se faire conseiller est donc tr\u00e8s simple car il suffit d\u2019exprimer vos besoins pour avoir des renseignements clairs et pr\u00e9cis sur les opportunit\u00e9s qui vont de pair avec votre jardin mais aussi et surtout, vos attentes et envies.\",\"breadcrumb\":{\"@id\":\"https:\/\/www.waterair.com\/fr\/etude-implantation\/normandie\/calvados\/vire#breadcrumb\"},\"inLanguage\":\"fr-FR\",\"potentialAction\":[{\"@type\":\"ReadAction\",\"target\":[\"https:\/\/www.waterair.com\/fr\/etude-implantation\/normandie\/calvados\/vire\"]}]},{\"@type\":\"BreadcrumbList\",\"@id\":\"https:\/\/www.waterair.com\/fr\/etude-implantation\/normandie\/calvados\/vire#breadcrumb\",\"itemListElement\":[{\"@type\":\"ListItem\",\"position\":1,\"name\":\"Accueil\",\"item\":\"https:\/\/www.waterair.com\/fr\"},{\"@type\":\"ListItem\",\"position\":2,\"name\":\"Etude d&rsquo;implantation piscine\",\"item\":\"https:\/\/www.waterair.com\/fr\/etude-implantation\"},{\"@type\":\"ListItem\",\"position\":3,\"name\":\"Normandie\",\"item\":\"https:\/\/www.waterair.com\/fr\/etude-implantation\/normandie\"},{\"@type\":\"ListItem\",\"position\":4,\"name\":\"Calvados\",\"item\":\"https:\/\/www.waterair.com\/fr\/etude-implantation\/normandie\/calvados\"},{\"@type\":\"ListItem\",\"position\":5,\"name\":\"Vire\"}]},{\"@type\":\"WebSite\",\"@id\":\"https:\/\/www.waterair.com\/fr\/#website\",\"url\":\"https:\/\/www.waterair.com\/fr\/\",\"name\":\"Piscines Waterair\",\"description\":\"\",\"potentialAction\":[{\"@type\":\"SearchAction\",\"target\":{\"@type\":\"EntryPoint\",\"urlTemplate\":\"https:\/\/www.waterair.com\/fr\/?s={search_term_string}\"},\"query-input\":{\"@type\":\"PropertyValueSpecification\",\"valueRequired\":true,\"valueName\":\"search_term_string\"}}],\"inLanguage\":\"fr-FR\"}]}<\/script>\n<!-- \/ Yoast SEO Premium plugin. -->","yoast_head_json":{"title":"Pisciniste Vire (Calvados) - \u00eatre accompagn\u00e9 : Piscines Waterair","description":"Faire votre piscine dans le secteur de Vire (Calvados, Normandie) fait partie de vos projets pour les jours \u00e0 venir et vous \u00eates en attente de conseils ? Dans cette situation, nous vous conseillons de prendre un rendez-vous avec l\u2019un de nos conseillers Piscines Waterair \u00e0 votre domicile pour effectuer une \u00e9tude d'implantation. Se faire conseiller est donc tr\u00e8s simple car il suffit d\u2019exprimer vos besoins pour avoir des renseignements clairs et pr\u00e9cis sur les opportunit\u00e9s qui vont de pair avec votre jardin mais aussi et surtout, vos attentes et envies.","robots":{"index":"index","follow":"follow","max-snippet":"max-snippet:-1","max-image-preview":"max-image-preview:large","max-video-preview":"max-video-preview:-1"},"canonical":"https:\/\/www.waterair.com\/fr\/etude-implantation\/normandie\/calvados\/vire","og_locale":"fr_FR","og_type":"article","og_title":"Vire","og_description":"Faire votre piscine dans le secteur de Vire (Calvados, Normandie) fait partie de vos projets pour les jours \u00e0 venir et vous \u00eates en attente de conseils ? Dans cette situation, nous vous conseillons de prendre un rendez-vous avec l\u2019un de nos conseillers Piscines Waterair \u00e0 votre domicile pour effectuer une \u00e9tude d'implantation. Se faire conseiller est donc tr\u00e8s simple car il suffit d\u2019exprimer vos besoins pour avoir des renseignements clairs et pr\u00e9cis sur les opportunit\u00e9s qui vont de pair avec votre jardin mais aussi et surtout, vos attentes et envies.","og_url":"https:\/\/www.waterair.com\/fr\/etude-implantation\/normandie\/calvados\/vire","og_site_name":"Piscines Waterair","article_modified_time":"2021-11-28T12:26:47+00:00","twitter_card":"summary_large_image","twitter_misc":{"Dur\u00e9e de lecture estim\u00e9e":"1 minute"},"schema":{"@context":"https:\/\/schema.org","@graph":[{"@type":"WebPage","@id":"https:\/\/www.waterair.com\/fr\/etude-implantation\/normandie\/calvados\/vire","url":"https:\/\/www.waterair.com\/fr\/etude-implantation\/normandie\/calvados\/vire","name":"Pisciniste Vire (Calvados) - \u00eatre accompagn\u00e9 : Piscines Waterair","isPartOf":{"@id":"https:\/\/www.waterair.com\/fr\/#website"},"datePublished":"2021-11-02T02:55:49+00:00","dateModified":"2021-11-28T12:26:47+00:00","description":"Faire votre piscine dans le secteur de Vire (Calvados, Normandie) fait partie de vos projets pour les jours \u00e0 venir et vous \u00eates en attente de conseils ? Dans cette situation, nous vous conseillons de prendre un rendez-vous avec l\u2019un de nos conseillers Piscines Waterair \u00e0 votre domicile pour effectuer une \u00e9tude d'implantation. Se faire conseiller est donc tr\u00e8s simple car il suffit d\u2019exprimer vos besoins pour avoir des renseignements clairs et pr\u00e9cis sur les opportunit\u00e9s qui vont de pair avec votre jardin mais aussi et surtout, vos attentes et envies.","breadcrumb":{"@id":"https:\/\/www.waterair.com\/fr\/etude-implantation\/normandie\/calvados\/vire#breadcrumb"},"inLanguage":"fr-FR","potentialAction":[{"@type":"ReadAction","target":["https:\/\/www.waterair.com\/fr\/etude-implantation\/normandie\/calvados\/vire"]}]},{"@type":"BreadcrumbList","@id":"https:\/\/www.waterair.com\/fr\/etude-implantation\/normandie\/calvados\/vire#breadcrumb","itemListElement":[{"@type":"ListItem","position":1,"name":"Accueil","item":"https:\/\/www.waterair.com\/fr"},{"@type":"ListItem","position":2,"name":"Etude d&rsquo;implantation piscine","item":"https:\/\/www.waterair.com\/fr\/etude-implantation"},{"@type":"ListItem","position":3,"name":"Normandie","item":"https:\/\/www.waterair.com\/fr\/etude-implantation\/normandie"},{"@type":"ListItem","position":4,"name":"Calvados","item":"https:\/\/www.waterair.com\/fr\/etude-implantation\/normandie\/calvados"},{"@type":"ListItem","position":5,"name":"Vire"}]},{"@type":"WebSite","@id":"https:\/\/www.waterair.com\/fr\/#website","url":"https:\/\/www.waterair.com\/fr\/","name":"Piscines Waterair","description":"","potentialAction":[{"@type":"SearchAction","target":{"@type":"EntryPoint","urlTemplate":"https:\/\/www.waterair.com\/fr\/?s={search_term_string}"},"query-input":{"@type":"PropertyValueSpecification","valueRequired":true,"valueName":"search_term_string"}}],"inLanguage":"fr-FR"}]}},"_links":{"self":[{"href":"https:\/\/www.waterair.com\/fr\/wp-json\/wp\/v2\/pages\/46238","targetHints":{"allow":["GET"]}}],"collection":[{"href":"https:\/\/www.waterair.com\/fr\/wp-json\/wp\/v2\/pages"}],"about":[{"href":"https:\/\/www.waterair.com\/fr\/wp-json\/wp\/v2\/types\/page"}],"author":[{"embeddable":true,"href":"https:\/\/www.waterair.com\/fr\/wp-json\/wp\/v2\/users\/1"}],"replies":[{"embeddable":true,"href":"https:\/\/www.waterair.com\/fr\/wp-json\/wp\/v2\/comments?post=46238"}],"version-history":[{"count":3,"href":"https:\/\/www.waterair.com\/fr\/wp-json\/wp\/v2\/pages\/46238\/revisions"}],"predecessor-version":[{"id":93125,"href":"https:\/\/www.waterair.com\/fr\/wp-json\/wp\/v2\/pages\/46238\/revisions\/93125"}],"up":[{"embeddable":true,"href":"https:\/\/www.waterair.com\/fr\/wp-json\/wp\/v2\/pages\/45694"}],"wp:attachment":[{"href":"https:\/\/www.waterair.com\/fr\/wp-json\/wp\/v2\/media?parent=46238"}],"curies":[{"name":"wp","href":"https:\/\/api.w.org\/{rel}","templated":true}]}}