{"id":46684,"date":"2021-11-02T04:01:28","date_gmt":"2021-11-02T03:01:28","guid":{"rendered":"https:\/\/waterair-preprod2.adipso.fr\/occitanie\/haute-garonne\/carbonne"},"modified":"2021-11-28T13:31:26","modified_gmt":"2021-11-28T12:31:26","slug":"carbonne","status":"publish","type":"page","link":"https:\/\/www.waterair.com\/fr\/etude-implantation\/occitanie\/haute-garonne\/carbonne","title":{"rendered":"Carbonne"},"content":{"rendered":"<div class=\"container block--core-paragraph\"><div class=\"row\"><div class=\"col-12 \"><p>Personnalisables et robustes, les Piscines Waterair s\u2019installent rapidement sur tous les terrains naturels. Depuis 1972, c\u2019est plus de 139 000 familles qui ont choisi Waterair pour concr\u00e9tiser leur r\u00eave de piscine.<\/p><\/div><\/div><\/div><div class=\"container block--core-paragraph\"><div class=\"row\"><div class=\"col-12 \"><p>L\u2019id\u00e9e de montage de votre piscine dans les environs de Carbonne (Haute-Garonne, Occitanie) vous fait envie et vous recherchez un professionnel pour vous sugg\u00e9rer des id\u00e9es ? Dans ces conditions, nous vous sugg\u00e9rons de planifier un rendez-vous avec l\u2019un de nos conseillers Piscines Waterair \u00e0 votre domicile de fa\u00e7on \u00e0 faire une \u00e9tude d&rsquo;implantation. Se faire conseiller devient alors un jeu d\u2019enfant car il suffit d\u2019exprimer vos besoins pour avoir des renseignements clairs et pr\u00e9cis sur les possibilit\u00e9s offertes par votre jardin mais aussi et surtout, vos besoins et envies.<\/p><\/div><\/div><\/div>    <div  class=\"block-button content-block mb-0 mt-2\" data-tab-section>\n        <div class=\"container\">\n            <div class=\"row\">\n                <div class=\"col-12 col-md-10 offset-md-1\">\n                    <div class=\"d-flex flex-wrap flex-column flex-md-row justify-content-center spaced-md-4 mt-6 mb-5 mb-md-0\">\n                                                        <a\tdata-wa=\"button\" data-wa-wave=\"secondary\"\n\tclass=\"btn btn--secondary mb-0 mb-md-5\"\n\t\t\thref=\"#catalogue-mini-form\"\n\t\t>\n\t\tDemander un catalogue    <\/a>\n                                                                    <\/div>\n                <\/div>\n            <\/div>\n        <\/div>\n    <\/div>\n","protected":false},"excerpt":{"rendered":"<p>Personnalisables et robustes, les Piscines Waterair s\u2019installent rapidement sur tous les terrains naturels. Depuis 1972, c\u2019est plus de familles qui ont choisi Waterair pour concr\u00e9tiser leur r\u00eave de piscine. L\u2019id\u00e9e de montage de votre piscine dans les environs de Carbonne (Haute-Garonne, Occitanie) vous fait envie et vous recherchez un professionnel pour vous sugg\u00e9rer des id\u00e9es [&hellip;]<\/p>\n","protected":false},"author":1,"featured_media":0,"parent":45750,"menu_order":0,"comment_status":"closed","ping_status":"closed","template":"models\/implantation.php","meta":{"_acf_changed":false,"om_disable_all_campaigns":false,"footnotes":""},"class_list":["post-46684","page","type-page","status-publish","hentry"],"acf":[],"yoast_head":"<!-- This site is optimized with the Yoast SEO Premium plugin v25.4 (Yoast SEO v27.2) - https:\/\/yoast.com\/product\/yoast-seo-premium-wordpress\/ -->\n<title>Pisciniste Carbonne (Haute-Garonne) - \u00eatre accompagn\u00e9 : Piscines Waterair<\/title>\n<meta name=\"description\" content=\"L\u2019id\u00e9e de montage de votre piscine dans les environs de Carbonne (Haute-Garonne, Occitanie) vous fait envie et vous recherchez un professionnel pour vous sugg\u00e9rer des id\u00e9es ? Dans ces conditions, nous vous sugg\u00e9rons de planifier un rendez-vous avec l\u2019un de nos conseillers Piscines Waterair \u00e0 votre domicile de fa\u00e7on \u00e0 faire une \u00e9tude d&#039;implantation. Se faire conseiller devient alors un jeu d\u2019enfant car il suffit d\u2019exprimer vos besoins pour avoir des renseignements clairs et pr\u00e9cis sur les possibilit\u00e9s offertes par votre jardin mais aussi et surtout, vos besoins et envies.\" \/>\n<meta name=\"robots\" content=\"index, follow, max-snippet:-1, max-image-preview:large, max-video-preview:-1\" \/>\n<link rel=\"canonical\" href=\"https:\/\/www.waterair.com\/fr\/etude-implantation\/occitanie\/haute-garonne\/carbonne\" \/>\n<meta property=\"og:locale\" content=\"fr_FR\" \/>\n<meta property=\"og:type\" content=\"article\" \/>\n<meta property=\"og:title\" content=\"Carbonne\" \/>\n<meta property=\"og:description\" content=\"L\u2019id\u00e9e de montage de votre piscine dans les environs de Carbonne (Haute-Garonne, Occitanie) vous fait envie et vous recherchez un professionnel pour vous sugg\u00e9rer des id\u00e9es ? Dans ces conditions, nous vous sugg\u00e9rons de planifier un rendez-vous avec l\u2019un de nos conseillers Piscines Waterair \u00e0 votre domicile de fa\u00e7on \u00e0 faire une \u00e9tude d&#039;implantation. Se faire conseiller devient alors un jeu d\u2019enfant car il suffit d\u2019exprimer vos besoins pour avoir des renseignements clairs et pr\u00e9cis sur les possibilit\u00e9s offertes par votre jardin mais aussi et surtout, vos besoins et envies.\" \/>\n<meta property=\"og:url\" content=\"https:\/\/www.waterair.com\/fr\/etude-implantation\/occitanie\/haute-garonne\/carbonne\" \/>\n<meta property=\"og:site_name\" content=\"Piscines Waterair\" \/>\n<meta property=\"article:modified_time\" content=\"2021-11-28T12:31:26+00:00\" \/>\n<meta name=\"twitter:card\" content=\"summary_large_image\" \/>\n<meta name=\"twitter:label1\" content=\"Dur\u00e9e de lecture estim\u00e9e\" \/>\n\t<meta name=\"twitter:data1\" content=\"1 minute\" \/>\n<script type=\"application\/ld+json\" class=\"yoast-schema-graph\">{\"@context\":\"https:\/\/schema.org\",\"@graph\":[{\"@type\":\"WebPage\",\"@id\":\"https:\/\/www.waterair.com\/fr\/etude-implantation\/occitanie\/haute-garonne\/carbonne\",\"url\":\"https:\/\/www.waterair.com\/fr\/etude-implantation\/occitanie\/haute-garonne\/carbonne\",\"name\":\"Pisciniste Carbonne (Haute-Garonne) - \u00eatre accompagn\u00e9 : Piscines Waterair\",\"isPartOf\":{\"@id\":\"https:\/\/www.waterair.com\/fr\/#website\"},\"datePublished\":\"2021-11-02T03:01:28+00:00\",\"dateModified\":\"2021-11-28T12:31:26+00:00\",\"description\":\"L\u2019id\u00e9e de montage de votre piscine dans les environs de Carbonne (Haute-Garonne, Occitanie) vous fait envie et vous recherchez un professionnel pour vous sugg\u00e9rer des id\u00e9es ? Dans ces conditions, nous vous sugg\u00e9rons de planifier un rendez-vous avec l\u2019un de nos conseillers Piscines Waterair \u00e0 votre domicile de fa\u00e7on \u00e0 faire une \u00e9tude d'implantation. Se faire conseiller devient alors un jeu d\u2019enfant car il suffit d\u2019exprimer vos besoins pour avoir des renseignements clairs et pr\u00e9cis sur les possibilit\u00e9s offertes par votre jardin mais aussi et surtout, vos besoins et envies.\",\"breadcrumb\":{\"@id\":\"https:\/\/www.waterair.com\/fr\/etude-implantation\/occitanie\/haute-garonne\/carbonne#breadcrumb\"},\"inLanguage\":\"fr-FR\",\"potentialAction\":[{\"@type\":\"ReadAction\",\"target\":[\"https:\/\/www.waterair.com\/fr\/etude-implantation\/occitanie\/haute-garonne\/carbonne\"]}]},{\"@type\":\"BreadcrumbList\",\"@id\":\"https:\/\/www.waterair.com\/fr\/etude-implantation\/occitanie\/haute-garonne\/carbonne#breadcrumb\",\"itemListElement\":[{\"@type\":\"ListItem\",\"position\":1,\"name\":\"Accueil\",\"item\":\"https:\/\/www.waterair.com\/fr\"},{\"@type\":\"ListItem\",\"position\":2,\"name\":\"Etude d&rsquo;implantation piscine\",\"item\":\"https:\/\/www.waterair.com\/fr\/etude-implantation\"},{\"@type\":\"ListItem\",\"position\":3,\"name\":\"Occitanie\",\"item\":\"https:\/\/www.waterair.com\/fr\/etude-implantation\/occitanie\"},{\"@type\":\"ListItem\",\"position\":4,\"name\":\"Haute-Garonne\",\"item\":\"https:\/\/www.waterair.com\/fr\/etude-implantation\/occitanie\/haute-garonne\"},{\"@type\":\"ListItem\",\"position\":5,\"name\":\"Carbonne\"}]},{\"@type\":\"WebSite\",\"@id\":\"https:\/\/www.waterair.com\/fr\/#website\",\"url\":\"https:\/\/www.waterair.com\/fr\/\",\"name\":\"Piscines Waterair\",\"description\":\"\",\"potentialAction\":[{\"@type\":\"SearchAction\",\"target\":{\"@type\":\"EntryPoint\",\"urlTemplate\":\"https:\/\/www.waterair.com\/fr\/?s={search_term_string}\"},\"query-input\":{\"@type\":\"PropertyValueSpecification\",\"valueRequired\":true,\"valueName\":\"search_term_string\"}}],\"inLanguage\":\"fr-FR\"}]}<\/script>\n<!-- \/ Yoast SEO Premium plugin. -->","yoast_head_json":{"title":"Pisciniste Carbonne (Haute-Garonne) - \u00eatre accompagn\u00e9 : Piscines Waterair","description":"L\u2019id\u00e9e de montage de votre piscine dans les environs de Carbonne (Haute-Garonne, Occitanie) vous fait envie et vous recherchez un professionnel pour vous sugg\u00e9rer des id\u00e9es ? Dans ces conditions, nous vous sugg\u00e9rons de planifier un rendez-vous avec l\u2019un de nos conseillers Piscines Waterair \u00e0 votre domicile de fa\u00e7on \u00e0 faire une \u00e9tude d'implantation. Se faire conseiller devient alors un jeu d\u2019enfant car il suffit d\u2019exprimer vos besoins pour avoir des renseignements clairs et pr\u00e9cis sur les possibilit\u00e9s offertes par votre jardin mais aussi et surtout, vos besoins et envies.","robots":{"index":"index","follow":"follow","max-snippet":"max-snippet:-1","max-image-preview":"max-image-preview:large","max-video-preview":"max-video-preview:-1"},"canonical":"https:\/\/www.waterair.com\/fr\/etude-implantation\/occitanie\/haute-garonne\/carbonne","og_locale":"fr_FR","og_type":"article","og_title":"Carbonne","og_description":"L\u2019id\u00e9e de montage de votre piscine dans les environs de Carbonne (Haute-Garonne, Occitanie) vous fait envie et vous recherchez un professionnel pour vous sugg\u00e9rer des id\u00e9es ? Dans ces conditions, nous vous sugg\u00e9rons de planifier un rendez-vous avec l\u2019un de nos conseillers Piscines Waterair \u00e0 votre domicile de fa\u00e7on \u00e0 faire une \u00e9tude d'implantation. Se faire conseiller devient alors un jeu d\u2019enfant car il suffit d\u2019exprimer vos besoins pour avoir des renseignements clairs et pr\u00e9cis sur les possibilit\u00e9s offertes par votre jardin mais aussi et surtout, vos besoins et envies.","og_url":"https:\/\/www.waterair.com\/fr\/etude-implantation\/occitanie\/haute-garonne\/carbonne","og_site_name":"Piscines Waterair","article_modified_time":"2021-11-28T12:31:26+00:00","twitter_card":"summary_large_image","twitter_misc":{"Dur\u00e9e de lecture estim\u00e9e":"1 minute"},"schema":{"@context":"https:\/\/schema.org","@graph":[{"@type":"WebPage","@id":"https:\/\/www.waterair.com\/fr\/etude-implantation\/occitanie\/haute-garonne\/carbonne","url":"https:\/\/www.waterair.com\/fr\/etude-implantation\/occitanie\/haute-garonne\/carbonne","name":"Pisciniste Carbonne (Haute-Garonne) - \u00eatre accompagn\u00e9 : Piscines Waterair","isPartOf":{"@id":"https:\/\/www.waterair.com\/fr\/#website"},"datePublished":"2021-11-02T03:01:28+00:00","dateModified":"2021-11-28T12:31:26+00:00","description":"L\u2019id\u00e9e de montage de votre piscine dans les environs de Carbonne (Haute-Garonne, Occitanie) vous fait envie et vous recherchez un professionnel pour vous sugg\u00e9rer des id\u00e9es ? Dans ces conditions, nous vous sugg\u00e9rons de planifier un rendez-vous avec l\u2019un de nos conseillers Piscines Waterair \u00e0 votre domicile de fa\u00e7on \u00e0 faire une \u00e9tude d'implantation. Se faire conseiller devient alors un jeu d\u2019enfant car il suffit d\u2019exprimer vos besoins pour avoir des renseignements clairs et pr\u00e9cis sur les possibilit\u00e9s offertes par votre jardin mais aussi et surtout, vos besoins et envies.","breadcrumb":{"@id":"https:\/\/www.waterair.com\/fr\/etude-implantation\/occitanie\/haute-garonne\/carbonne#breadcrumb"},"inLanguage":"fr-FR","potentialAction":[{"@type":"ReadAction","target":["https:\/\/www.waterair.com\/fr\/etude-implantation\/occitanie\/haute-garonne\/carbonne"]}]},{"@type":"BreadcrumbList","@id":"https:\/\/www.waterair.com\/fr\/etude-implantation\/occitanie\/haute-garonne\/carbonne#breadcrumb","itemListElement":[{"@type":"ListItem","position":1,"name":"Accueil","item":"https:\/\/www.waterair.com\/fr"},{"@type":"ListItem","position":2,"name":"Etude d&rsquo;implantation piscine","item":"https:\/\/www.waterair.com\/fr\/etude-implantation"},{"@type":"ListItem","position":3,"name":"Occitanie","item":"https:\/\/www.waterair.com\/fr\/etude-implantation\/occitanie"},{"@type":"ListItem","position":4,"name":"Haute-Garonne","item":"https:\/\/www.waterair.com\/fr\/etude-implantation\/occitanie\/haute-garonne"},{"@type":"ListItem","position":5,"name":"Carbonne"}]},{"@type":"WebSite","@id":"https:\/\/www.waterair.com\/fr\/#website","url":"https:\/\/www.waterair.com\/fr\/","name":"Piscines Waterair","description":"","potentialAction":[{"@type":"SearchAction","target":{"@type":"EntryPoint","urlTemplate":"https:\/\/www.waterair.com\/fr\/?s={search_term_string}"},"query-input":{"@type":"PropertyValueSpecification","valueRequired":true,"valueName":"search_term_string"}}],"inLanguage":"fr-FR"}]}},"_links":{"self":[{"href":"https:\/\/www.waterair.com\/fr\/wp-json\/wp\/v2\/pages\/46684","targetHints":{"allow":["GET"]}}],"collection":[{"href":"https:\/\/www.waterair.com\/fr\/wp-json\/wp\/v2\/pages"}],"about":[{"href":"https:\/\/www.waterair.com\/fr\/wp-json\/wp\/v2\/types\/page"}],"author":[{"embeddable":true,"href":"https:\/\/www.waterair.com\/fr\/wp-json\/wp\/v2\/users\/1"}],"replies":[{"embeddable":true,"href":"https:\/\/www.waterair.com\/fr\/wp-json\/wp\/v2\/comments?post=46684"}],"version-history":[{"count":3,"href":"https:\/\/www.waterair.com\/fr\/wp-json\/wp\/v2\/pages\/46684\/revisions"}],"predecessor-version":[{"id":93348,"href":"https:\/\/www.waterair.com\/fr\/wp-json\/wp\/v2\/pages\/46684\/revisions\/93348"}],"up":[{"embeddable":true,"href":"https:\/\/www.waterair.com\/fr\/wp-json\/wp\/v2\/pages\/45750"}],"wp:attachment":[{"href":"https:\/\/www.waterair.com\/fr\/wp-json\/wp\/v2\/media?parent=46684"}],"curies":[{"name":"wp","href":"https:\/\/api.w.org\/{rel}","templated":true}]}}