{"id":46702,"date":"2021-11-02T04:01:40","date_gmt":"2021-11-02T03:01:40","guid":{"rendered":"https:\/\/waterair-preprod2.adipso.fr\/occitanie\/haute-garonne\/toulouse"},"modified":"2026-03-30T08:31:42","modified_gmt":"2026-03-30T06:31:42","slug":"toulouse","status":"publish","type":"page","link":"https:\/\/www.waterair.com\/fr\/etude-implantation\/occitanie\/haute-garonne\/toulouse","title":{"rendered":"Toulouse : Waterair, votre expert piscine"},"content":{"rendered":"<div class=\"container block--core-paragraph\"><div class=\"row\"><div class=\"col-12 \">\n<p><strong>Transformez votre jardin toulousain en v\u00e9ritable oasis de d\u00e9tente ! D\u00e9couvrez les piscines sur mesure Waterair, con\u00e7ues pour s&rsquo;adapter parfaitement \u00e0 vos envies.<\/strong><\/p>\n<\/div><\/div><\/div>\n\n    <div  class=\"block-button content-block mb-0 mt-2\" data-tab-section>\n        <div class=\"container\">\n            <div class=\"row\">\n                <div class=\"col-12 col-md-10 offset-md-1\">\n                    <div class=\"d-flex flex-wrap flex-column flex-md-row justify-content-center spaced-md-4 mt-6 mb-5 mb-md-0\">\n                                                        <a\tdata-wa=\"button\" data-wa-wave=\"secondary\"\n\tclass=\"btn btn--secondary mb-0 mb-md-5\"\n\t\t\thref=\"https:\/\/rdv.waterair.com\/\"\n\t\t>\n\t\tObtenir un rendez-vous    <\/a>\n                                                                    <\/div>\n                <\/div>\n            <\/div>\n        <\/div>\n    <\/div>\n\n\n    <div  class=\"block-content content-block \">\n        <div class=\"container\">\n            <div class=\"row\">\n                <div class=\"col-12 \">\n                    <div data-wa=\"fade-up\" class=\"block-content__content\">\n                        <h2>Waterair : l&rsquo;expertise au service de votre projet piscine \u00e0 Toulouse<\/h2>\n<p><strong>Depuis plus de 50 ans, Waterair r\u00e9volutionne l&rsquo;univers des bassins<\/strong> avec ses <a href=\"https:\/\/www.waterair.com\/fr\/piscines-et-equipements\/piscines\/types-de-piscine\/piscine-en-kit\">piscines en kit<\/a>\u00a0personnalisables, adapt\u00e9es \u00e0 vos besoins et \u00e0 votre terrain toulousain. Nous vous proposons des solutions sur mesure : forme rectangulaire, mini-piscine, bassin en forme libre&#8230; <strong>Cr\u00e9ez la piscine qui vous ressemble !<\/strong> Gr\u00e2ce \u00e0 notre technologie brevet\u00e9e et notre approche accessible, <strong>r\u00e9alisez le projet de vos r\u00eaves.<\/strong> Design, robustesse et personnalisation : votre piscine Waterair s&rsquo;int\u00e8gre harmonieusement dans votre jardin \u00e0 Toulouse.<\/p>\n                    <\/div>\n                <\/div>\n            <\/div>\n        <\/div>\n    <\/div>\n\n\n<div  class=\"block-content-media  content-block   has-no-title\">\n            <div class=\"container\">\n            <div class=\"row\">\n                <div class=\"col\">\n                    <div class=\"row flex-column flex-md-row align-items-center\">\n                        <div class=\"content-block__col col-lg-6 col-xl-7 d-flex flex-column align-items-md-start order-lg-2\">\n                                                                                                                                                <div data-wa=\"fade-up\" data-wa-delay=\"400\" class=\"content-block__description text--sm text-weight--300 mb-0\">\n                                    <h2>D\u00e9couvrez notre centre d&rsquo;exposition \u00e0 Lespinasse<\/h2>\n<p><strong>Besoin de visualiser votre projet ?<\/strong> Direction Lespinasse, \u00e0 quelques kilom\u00e8tres de Toulouse. Notre centre d&rsquo;exposition pr\u00e9sente 8 mod\u00e8les de piscines install\u00e9es dans un cadre paysager soign\u00e9. <strong>Comparez, \u00e9valuez, choisissez<\/strong> : cette visite vous aide \u00e0 vous projeter dans votre futur bassin.<\/p>\n                                <\/div>\n                                                                                        <div data-wa=\"fade-up\" data-wa-delay=\"500\">\n                                    <a\tdata-wa=\"button\" data-wa-wave=\"secondary\"\n\tclass=\"btn btn--secondary mt-3\"\n\t\t\thref=\"https:\/\/www.waterair.com\/fr\/le-groupe\/centres-exposition\/lespinasse\"\n\t\t>\n\t\tD\u00e9couvrir notre centre d&rsquo;exposition    <\/a>\n                                <\/div>\n                                                    <\/div>\n                                                                                <div class=\"content-block__col content-block__col--media col-lg-6 col-xl-5 order-lg-3  \">\n                                <div class=\"content-block__media   is-not-absolute\">\n                                    \n                                                                            <span data-wa=\"image\">\n                                                                                            <img loading=\"lazy\" decoding=\"async\" width=\"880\" height=\"494\" src=\"https:\/\/www.waterair.com\/wp-content\/uploads\/2021\/11\/cm-piscines_waterair-2019_09-lespinasse-5-opt-880x494.png\" class=\"attachment-content_media_2x size-content_media_2x\" alt=\"\" srcset=\"https:\/\/www.waterair.com\/wp-content\/uploads\/2021\/11\/cm-piscines_waterair-2019_09-lespinasse-5-opt-880x494.png 880w, https:\/\/www.waterair.com\/wp-content\/uploads\/2021\/11\/cm-piscines_waterair-2019_09-lespinasse-5-opt-768x432.png 768w, https:\/\/www.waterair.com\/wp-content\/uploads\/2021\/11\/cm-piscines_waterair-2019_09-lespinasse-5-opt-1360x765.png 1360w, https:\/\/www.waterair.com\/wp-content\/uploads\/2021\/11\/cm-piscines_waterair-2019_09-lespinasse-5-opt-440x247.png 440w, https:\/\/www.waterair.com\/wp-content\/uploads\/2021\/11\/cm-piscines_waterair-2019_09-lespinasse-5-opt-920x517.png 920w, https:\/\/www.waterair.com\/wp-content\/uploads\/2021\/11\/cm-piscines_waterair-2019_09-lespinasse-5-opt.png 1180w\" sizes=\"auto, (max-width: 880px) 100vw, 880px\" \/>                                                                                    <\/span>\n                                                                        \n                                <\/div>\n                            <\/div>\n                                            <\/div>\n                <\/div>\n            <\/div>\n        <\/div>\n    <\/div>\n\n<div  class=\"block-content-media  content-block   has-no-title\">\n            <div class=\"container\">\n            <div class=\"row\">\n                <div class=\"col\">\n                    <div class=\"row flex-column flex-md-row align-items-center\">\n                        <div class=\"content-block__col col-lg-6 col-xl-7 d-flex flex-column align-items-md-start order-lg-2\">\n                                                                                                                                                <div data-wa=\"fade-up\" data-wa-delay=\"400\" class=\"content-block__description text--sm text-weight--300 mb-0\">\n                                    <h2>Une technologie innovante pour les terrains toulousains<\/h2>\n<p><strong>Pourquoi nos piscines r\u00e9sistent-elles si bien au climat du Sud-Ouest ?<\/strong><\/p>\n<p>Waterair a con\u00e7u et perfectionn\u00e9 <a href=\"https:\/\/www.waterair.com\/fr\/le-groupe\/le-panneau-waterair\"><strong>une structure en acier brevet\u00e9e<\/strong><\/a>, adapt\u00e9e aux sp\u00e9cificit\u00e9s des terrains toulousains et garantissant \u00e0 votre piscine une r\u00e9sistance et une long\u00e9vit\u00e9 remarquables.<\/p>\n<p><strong>Les avantages de nos panneaux en acier :<\/strong><\/p>\n<ul>\n<li><strong>R\u00e9sistance extr\u00eame<\/strong> : structure brevet\u00e9e qui r\u00e9siste 4 fois la pression maximale exerc\u00e9e sur l&rsquo;ensemble du bassin ;<\/li>\n<li><strong>Polyvalence d&rsquo;installation<\/strong> : enterr\u00e9e, semi-enterr\u00e9e ou hors-sol selon vos pr\u00e9f\u00e9rences ;<\/li>\n<li><strong>Adaptation parfaite<\/strong> aux sp\u00e9cificit\u00e9s des terrains toulousains (mouvements de sol, conditions climatiques) ;<\/li>\n<li><strong>Facilit\u00e9 de montage<\/strong> : assemblage rapide gr\u00e2ce \u00e0 nos panneaux modulaires ;<\/li>\n<li><strong>Durabilit\u00e9 environnementale<\/strong> : certification classe A ;<\/li>\n<li><strong>Garantie 30 ans<\/strong> : un investissement s\u00fbr et durable.<\/li>\n<\/ul>\n                                <\/div>\n                                                                                        <div data-wa=\"fade-up\" data-wa-delay=\"500\">\n                                                                    <\/div>\n                                                    <\/div>\n                                                                                <div class=\"content-block__col content-block__col--media col-lg-6 col-xl-5 order-lg-1  \">\n                                <div class=\"content-block__media is-left  is-not-absolute\">\n                                    \n                                                                            <span data-wa=\"image\">\n                                                                                            <img loading=\"lazy\" decoding=\"async\" width=\"880\" height=\"660\" src=\"https:\/\/www.waterair.com\/wp-content\/uploads\/2025\/06\/dji-20240724135838-0123-d-copie-880x660.webp\" class=\"attachment-content_media_2x size-content_media_2x\" alt=\"\" srcset=\"https:\/\/www.waterair.com\/wp-content\/uploads\/2025\/06\/dji-20240724135838-0123-d-copie-880x660.webp 880w, https:\/\/www.waterair.com\/wp-content\/uploads\/2025\/06\/dji-20240724135838-0123-d-copie-1440x1080.webp 1440w, https:\/\/www.waterair.com\/wp-content\/uploads\/2025\/06\/dji-20240724135838-0123-d-copie-768x576.webp 768w, https:\/\/www.waterair.com\/wp-content\/uploads\/2025\/06\/dji-20240724135838-0123-d-copie-1920x1440.webp 1920w, https:\/\/www.waterair.com\/wp-content\/uploads\/2025\/06\/dji-20240724135838-0123-d-copie-1536x1152.webp 1536w, https:\/\/www.waterair.com\/wp-content\/uploads\/2025\/06\/dji-20240724135838-0123-d-copie-2048x1536.webp 2048w, https:\/\/www.waterair.com\/wp-content\/uploads\/2025\/06\/dji-20240724135838-0123-d-copie-440x330.webp 440w, https:\/\/www.waterair.com\/wp-content\/uploads\/2025\/06\/dji-20240724135838-0123-d-copie-1840x1380.webp 1840w, https:\/\/www.waterair.com\/wp-content\/uploads\/2025\/06\/dji-20240724135838-0123-d-copie-920x690.webp 920w\" sizes=\"auto, (max-width: 880px) 100vw, 880px\" \/>                                                                                    <\/span>\n                                                                        \n                                <\/div>\n                            <\/div>\n                                            <\/div>\n                <\/div>\n            <\/div>\n        <\/div>\n    <\/div>\n\n<div  class=\"block-content-media  content-block   has-no-title\">\n            <div class=\"container\">\n            <div class=\"row\">\n                <div class=\"col\">\n                    <div class=\"row flex-column flex-md-row align-items-center\">\n                        <div class=\"content-block__col col-lg-6 col-xl-7 d-flex flex-column align-items-md-start order-lg-2\">\n                                                                                                                                                <div data-wa=\"fade-up\" data-wa-delay=\"400\" class=\"content-block__description text--sm text-weight--300 mb-0\">\n                                    <h2>Un accompagnement d&rsquo;expert pour votre projet piscine<\/h2>\n<p><strong>B\u00e9n\u00e9ficiez d&rsquo;un accompagnement personnalis\u00e9<\/strong> pour concr\u00e9tiser votre r\u00eave ! Nos conseillers Waterair vous proposent une <strong>\u00e9tude gratuite et sans engagement<\/strong> \u00e0 votre domicile.<\/p>\n<p><strong>D\u00e9couvrez comment nos experts vous accompagnent :<\/strong><\/p>\n<ul>\n<li><strong>Diagnostic terrain offert<\/strong> : \u00e9tude minutieuse de votre espace ext\u00e9rieur, de ses sp\u00e9cificit\u00e9s et contraintes ;<\/li>\n<li><strong>Conception 3D personnalis\u00e9e<\/strong> : rendu de votre future piscine dans votre cadre de vie ;<\/li>\n<li><strong>Expertise technique<\/strong> : choix optimal des \u00e9quipements, d\u00e9finition des dimensions parfaites ;<\/li>\n<li><strong>Assistance administrative compl\u00e8te<\/strong> : conseils sur la r\u00e9glementation locale et les formalit\u00e9s de d\u00e9claration pr\u00e9alable ;<\/li>\n<li><strong>Accompagnement financier<\/strong> : \u00e9tude personnalis\u00e9e des solutions de financement les mieux adapt\u00e9es.<\/li>\n<\/ul>\n                                <\/div>\n                                                                                        <div data-wa=\"fade-up\" data-wa-delay=\"500\">\n                                                                    <\/div>\n                                                    <\/div>\n                                                                                <div class=\"content-block__col content-block__col--media col-lg-6 col-xl-5 order-lg-3  \">\n                                <div class=\"content-block__media   is-not-absolute\">\n                                    \n                                                                            <span data-wa=\"image\">\n                                                                                            <img loading=\"lazy\" decoding=\"async\" width=\"880\" height=\"587\" src=\"https:\/\/www.waterair.com\/wp-content\/uploads\/2025\/03\/20210921-0971-880x587.webp\" class=\"attachment-content_media_2x size-content_media_2x\" alt=\"\" srcset=\"https:\/\/www.waterair.com\/wp-content\/uploads\/2025\/03\/20210921-0971-880x587.webp 880w, https:\/\/www.waterair.com\/wp-content\/uploads\/2025\/03\/20210921-0971-1440x961.webp 1440w, https:\/\/www.waterair.com\/wp-content\/uploads\/2025\/03\/20210921-0971-768x513.webp 768w, https:\/\/www.waterair.com\/wp-content\/uploads\/2025\/03\/20210921-0971-1536x1025.webp 1536w, https:\/\/www.waterair.com\/wp-content\/uploads\/2025\/03\/20210921-0971-2048x1367.webp 2048w, https:\/\/www.waterair.com\/wp-content\/uploads\/2025\/03\/20210921-0971-440x294.webp 440w, https:\/\/www.waterair.com\/wp-content\/uploads\/2025\/03\/20210921-0971-1840x1228.webp 1840w, https:\/\/www.waterair.com\/wp-content\/uploads\/2025\/03\/20210921-0971-920x614.webp 920w\" sizes=\"auto, (max-width: 880px) 100vw, 880px\" \/>                                                                                    <\/span>\n                                                                        \n                                <\/div>\n                            <\/div>\n                                            <\/div>\n                <\/div>\n            <\/div>\n        <\/div>\n    <\/div>\n\n<div class=\"container block--core-paragraph\"><div class=\"row\"><div class=\"col-12 \">\n<p><strong>De la conception \u00e0 la mise en eau, nous restons \u00e0 vos c\u00f4t\u00e9s !<\/strong> N&rsquo;h\u00e9sitez pas \u00e9galement \u00e0 vous rendre dans notre <a href=\"https:\/\/www.waterair.com\/fr\/le-groupe\/centres-exposition\/lespinasse\"><strong>centre d&rsquo;exposition de Lespinasse<\/strong><\/a>&nbsp;pour \u00e9changer directement avec nos conseillers et d\u00e9couvrir toute notre gamme. <strong>Prenez <a href=\"https:\/\/rdv.waterair.com\/\">rendez-vous<\/a>&nbsp;d\u00e8s maintenant avec nos experts pour concr\u00e9tiser votre projet piscine !<\/strong><\/p>\n<\/div><\/div><\/div>","protected":false},"excerpt":{"rendered":"<p>Transformez votre jardin toulousain en v\u00e9ritable oasis de d\u00e9tente ! D\u00e9couvrez les piscines sur mesure Waterair, con\u00e7ues pour s&rsquo;adapter parfaitement \u00e0 vos envies. De la conception \u00e0 la mise en eau, nous restons \u00e0 vos c\u00f4t\u00e9s ! N&rsquo;h\u00e9sitez pas \u00e9galement \u00e0 vous rendre dans notre centre d&rsquo;exposition de Lespinasse&nbsp;pour \u00e9changer directement avec nos conseillers et [&hellip;]<\/p>\n","protected":false},"author":1,"featured_media":44888,"parent":45750,"menu_order":0,"comment_status":"closed","ping_status":"closed","template":"models\/implantation.php","meta":{"_acf_changed":false,"om_disable_all_campaigns":false,"footnotes":""},"class_list":["post-46702","page","type-page","status-publish","has-post-thumbnail","hentry"],"acf":[],"yoast_head":"<!-- This site is optimized with the Yoast SEO Premium plugin v25.4 (Yoast SEO v27.2) - https:\/\/yoast.com\/product\/yoast-seo-premium-wordpress\/ -->\n<title>Pisciniste Toulouse - Waterair, votre expert en Occitanie | Piscines Waterair<\/title>\n<meta name=\"description\" content=\"Piscines sur mesure \u00e0 Toulouse : technologie brevet\u00e9e, panneaux ultra-r\u00e9sistants et accompagnement expert. Transformez votre jardin toulousain !\" \/>\n<meta name=\"robots\" content=\"index, follow, max-snippet:-1, max-image-preview:large, max-video-preview:-1\" \/>\n<link rel=\"canonical\" href=\"https:\/\/www.waterair.com\/fr\/etude-implantation\/occitanie\/haute-garonne\/toulouse\" \/>\n<meta property=\"og:locale\" content=\"fr_FR\" \/>\n<meta property=\"og:type\" content=\"article\" \/>\n<meta property=\"og:title\" content=\"Toulouse : Waterair, votre expert piscine\" \/>\n<meta property=\"og:description\" content=\"Piscines sur mesure \u00e0 Toulouse : technologie brevet\u00e9e, panneaux ultra-r\u00e9sistants et accompagnement expert. Transformez votre jardin toulousain !\" \/>\n<meta property=\"og:url\" content=\"https:\/\/www.waterair.com\/fr\/etude-implantation\/occitanie\/haute-garonne\/toulouse\" \/>\n<meta property=\"og:site_name\" content=\"Piscines Waterair\" \/>\n<meta property=\"article:modified_time\" content=\"2026-03-30T06:31:42+00:00\" \/>\n<meta property=\"og:image\" content=\"https:\/\/www.waterair.com\/wp-content\/uploads\/2021\/11\/lespinasse.jpg\" \/>\n\t<meta property=\"og:image:width\" content=\"1920\" \/>\n\t<meta property=\"og:image:height\" content=\"1080\" \/>\n\t<meta property=\"og:image:type\" content=\"image\/jpeg\" \/>\n<meta name=\"twitter:card\" content=\"summary_large_image\" \/>\n<meta name=\"twitter:label1\" content=\"Dur\u00e9e de lecture estim\u00e9e\" \/>\n\t<meta name=\"twitter:data1\" content=\"3 minutes\" \/>\n<script type=\"application\/ld+json\" class=\"yoast-schema-graph\">{\"@context\":\"https:\/\/schema.org\",\"@graph\":[{\"@type\":\"WebPage\",\"@id\":\"https:\/\/www.waterair.com\/fr\/etude-implantation\/occitanie\/haute-garonne\/toulouse\",\"url\":\"https:\/\/www.waterair.com\/fr\/etude-implantation\/occitanie\/haute-garonne\/toulouse\",\"name\":\"Pisciniste Toulouse - Waterair, votre expert en Occitanie | Piscines Waterair\",\"isPartOf\":{\"@id\":\"https:\/\/www.waterair.com\/fr\/#website\"},\"primaryImageOfPage\":{\"@id\":\"https:\/\/www.waterair.com\/fr\/etude-implantation\/occitanie\/haute-garonne\/toulouse#primaryimage\"},\"image\":{\"@id\":\"https:\/\/www.waterair.com\/fr\/etude-implantation\/occitanie\/haute-garonne\/toulouse#primaryimage\"},\"thumbnailUrl\":\"https:\/\/www.waterair.com\/wp-content\/uploads\/2021\/11\/lespinasse.jpg\",\"datePublished\":\"2021-11-02T03:01:40+00:00\",\"dateModified\":\"2026-03-30T06:31:42+00:00\",\"description\":\"Piscines sur mesure \u00e0 Toulouse : technologie brevet\u00e9e, panneaux ultra-r\u00e9sistants et accompagnement expert. Transformez votre jardin toulousain !\",\"breadcrumb\":{\"@id\":\"https:\/\/www.waterair.com\/fr\/etude-implantation\/occitanie\/haute-garonne\/toulouse#breadcrumb\"},\"inLanguage\":\"fr-FR\",\"potentialAction\":[{\"@type\":\"ReadAction\",\"target\":[\"https:\/\/www.waterair.com\/fr\/etude-implantation\/occitanie\/haute-garonne\/toulouse\"]}]},{\"@type\":\"ImageObject\",\"inLanguage\":\"fr-FR\",\"@id\":\"https:\/\/www.waterair.com\/fr\/etude-implantation\/occitanie\/haute-garonne\/toulouse#primaryimage\",\"url\":\"https:\/\/www.waterair.com\/wp-content\/uploads\/2021\/11\/lespinasse.jpg\",\"contentUrl\":\"https:\/\/www.waterair.com\/wp-content\/uploads\/2021\/11\/lespinasse.jpg\",\"width\":1920,\"height\":1080},{\"@type\":\"BreadcrumbList\",\"@id\":\"https:\/\/www.waterair.com\/fr\/etude-implantation\/occitanie\/haute-garonne\/toulouse#breadcrumb\",\"itemListElement\":[{\"@type\":\"ListItem\",\"position\":1,\"name\":\"Accueil\",\"item\":\"https:\/\/www.waterair.com\/fr\"},{\"@type\":\"ListItem\",\"position\":2,\"name\":\"Etude d&rsquo;implantation piscine\",\"item\":\"https:\/\/www.waterair.com\/fr\/etude-implantation\"},{\"@type\":\"ListItem\",\"position\":3,\"name\":\"Occitanie\",\"item\":\"https:\/\/www.waterair.com\/fr\/etude-implantation\/occitanie\"},{\"@type\":\"ListItem\",\"position\":4,\"name\":\"Haute-Garonne\",\"item\":\"https:\/\/www.waterair.com\/fr\/etude-implantation\/occitanie\/haute-garonne\"},{\"@type\":\"ListItem\",\"position\":5,\"name\":\"Toulouse : Waterair, votre expert piscine\"}]},{\"@type\":\"WebSite\",\"@id\":\"https:\/\/www.waterair.com\/fr\/#website\",\"url\":\"https:\/\/www.waterair.com\/fr\/\",\"name\":\"Piscines Waterair\",\"description\":\"\",\"potentialAction\":[{\"@type\":\"SearchAction\",\"target\":{\"@type\":\"EntryPoint\",\"urlTemplate\":\"https:\/\/www.waterair.com\/fr\/?s={search_term_string}\"},\"query-input\":{\"@type\":\"PropertyValueSpecification\",\"valueRequired\":true,\"valueName\":\"search_term_string\"}}],\"inLanguage\":\"fr-FR\"}]}<\/script>\n<!-- \/ Yoast SEO Premium plugin. -->","yoast_head_json":{"title":"Pisciniste Toulouse - Waterair, votre expert en Occitanie | Piscines Waterair","description":"Piscines sur mesure \u00e0 Toulouse : technologie brevet\u00e9e, panneaux ultra-r\u00e9sistants et accompagnement expert. Transformez votre jardin toulousain !","robots":{"index":"index","follow":"follow","max-snippet":"max-snippet:-1","max-image-preview":"max-image-preview:large","max-video-preview":"max-video-preview:-1"},"canonical":"https:\/\/www.waterair.com\/fr\/etude-implantation\/occitanie\/haute-garonne\/toulouse","og_locale":"fr_FR","og_type":"article","og_title":"Toulouse : Waterair, votre expert piscine","og_description":"Piscines sur mesure \u00e0 Toulouse : technologie brevet\u00e9e, panneaux ultra-r\u00e9sistants et accompagnement expert. Transformez votre jardin toulousain !","og_url":"https:\/\/www.waterair.com\/fr\/etude-implantation\/occitanie\/haute-garonne\/toulouse","og_site_name":"Piscines Waterair","article_modified_time":"2026-03-30T06:31:42+00:00","og_image":[{"width":1920,"height":1080,"url":"https:\/\/www.waterair.com\/wp-content\/uploads\/2021\/11\/lespinasse.jpg","type":"image\/jpeg"}],"twitter_card":"summary_large_image","twitter_misc":{"Dur\u00e9e de lecture estim\u00e9e":"3 minutes"},"schema":{"@context":"https:\/\/schema.org","@graph":[{"@type":"WebPage","@id":"https:\/\/www.waterair.com\/fr\/etude-implantation\/occitanie\/haute-garonne\/toulouse","url":"https:\/\/www.waterair.com\/fr\/etude-implantation\/occitanie\/haute-garonne\/toulouse","name":"Pisciniste Toulouse - Waterair, votre expert en Occitanie | Piscines Waterair","isPartOf":{"@id":"https:\/\/www.waterair.com\/fr\/#website"},"primaryImageOfPage":{"@id":"https:\/\/www.waterair.com\/fr\/etude-implantation\/occitanie\/haute-garonne\/toulouse#primaryimage"},"image":{"@id":"https:\/\/www.waterair.com\/fr\/etude-implantation\/occitanie\/haute-garonne\/toulouse#primaryimage"},"thumbnailUrl":"https:\/\/www.waterair.com\/wp-content\/uploads\/2021\/11\/lespinasse.jpg","datePublished":"2021-11-02T03:01:40+00:00","dateModified":"2026-03-30T06:31:42+00:00","description":"Piscines sur mesure \u00e0 Toulouse : technologie brevet\u00e9e, panneaux ultra-r\u00e9sistants et accompagnement expert. Transformez votre jardin toulousain !","breadcrumb":{"@id":"https:\/\/www.waterair.com\/fr\/etude-implantation\/occitanie\/haute-garonne\/toulouse#breadcrumb"},"inLanguage":"fr-FR","potentialAction":[{"@type":"ReadAction","target":["https:\/\/www.waterair.com\/fr\/etude-implantation\/occitanie\/haute-garonne\/toulouse"]}]},{"@type":"ImageObject","inLanguage":"fr-FR","@id":"https:\/\/www.waterair.com\/fr\/etude-implantation\/occitanie\/haute-garonne\/toulouse#primaryimage","url":"https:\/\/www.waterair.com\/wp-content\/uploads\/2021\/11\/lespinasse.jpg","contentUrl":"https:\/\/www.waterair.com\/wp-content\/uploads\/2021\/11\/lespinasse.jpg","width":1920,"height":1080},{"@type":"BreadcrumbList","@id":"https:\/\/www.waterair.com\/fr\/etude-implantation\/occitanie\/haute-garonne\/toulouse#breadcrumb","itemListElement":[{"@type":"ListItem","position":1,"name":"Accueil","item":"https:\/\/www.waterair.com\/fr"},{"@type":"ListItem","position":2,"name":"Etude d&rsquo;implantation piscine","item":"https:\/\/www.waterair.com\/fr\/etude-implantation"},{"@type":"ListItem","position":3,"name":"Occitanie","item":"https:\/\/www.waterair.com\/fr\/etude-implantation\/occitanie"},{"@type":"ListItem","position":4,"name":"Haute-Garonne","item":"https:\/\/www.waterair.com\/fr\/etude-implantation\/occitanie\/haute-garonne"},{"@type":"ListItem","position":5,"name":"Toulouse : Waterair, votre expert piscine"}]},{"@type":"WebSite","@id":"https:\/\/www.waterair.com\/fr\/#website","url":"https:\/\/www.waterair.com\/fr\/","name":"Piscines Waterair","description":"","potentialAction":[{"@type":"SearchAction","target":{"@type":"EntryPoint","urlTemplate":"https:\/\/www.waterair.com\/fr\/?s={search_term_string}"},"query-input":{"@type":"PropertyValueSpecification","valueRequired":true,"valueName":"search_term_string"}}],"inLanguage":"fr-FR"}]}},"_links":{"self":[{"href":"https:\/\/www.waterair.com\/fr\/wp-json\/wp\/v2\/pages\/46702","targetHints":{"allow":["GET"]}}],"collection":[{"href":"https:\/\/www.waterair.com\/fr\/wp-json\/wp\/v2\/pages"}],"about":[{"href":"https:\/\/www.waterair.com\/fr\/wp-json\/wp\/v2\/types\/page"}],"author":[{"embeddable":true,"href":"https:\/\/www.waterair.com\/fr\/wp-json\/wp\/v2\/users\/1"}],"replies":[{"embeddable":true,"href":"https:\/\/www.waterair.com\/fr\/wp-json\/wp\/v2\/comments?post=46702"}],"version-history":[{"count":5,"href":"https:\/\/www.waterair.com\/fr\/wp-json\/wp\/v2\/pages\/46702\/revisions"}],"predecessor-version":[{"id":610390,"href":"https:\/\/www.waterair.com\/fr\/wp-json\/wp\/v2\/pages\/46702\/revisions\/610390"}],"up":[{"embeddable":true,"href":"https:\/\/www.waterair.com\/fr\/wp-json\/wp\/v2\/pages\/45750"}],"wp:featuredmedia":[{"embeddable":true,"href":"https:\/\/www.waterair.com\/fr\/wp-json\/wp\/v2\/media\/44888"}],"wp:attachment":[{"href":"https:\/\/www.waterair.com\/fr\/wp-json\/wp\/v2\/media?parent=46702"}],"curies":[{"name":"wp","href":"https:\/\/api.w.org\/{rel}","templated":true}]}}